{"id":3914,"date":"2022-07-15T07:48:59","date_gmt":"2022-07-15T06:48:59","guid":{"rendered":"https:\/\/laisladetabarca.com\/cookiepolicy\/"},"modified":"2025-08-09T15:13:28","modified_gmt":"2025-08-09T15:13:28","slug":"cookiepolicy","status":"publish","type":"page","link":"https:\/\/laisladetabarca.com\/sv\/cookiepolicy\/","title":{"rendered":"Cookiepolicy"},"content":{"rendered":"\n<p>P\u00e5 webbplatsen <a href=\"https:\/\/laisladetabarca.com\/sv\/\">laisladetabarca.com<\/a> anv\u00e4nder vi cookies f\u00f6r att underl\u00e4tta bes\u00f6karnas relation till v\u00e5rt inneh\u00e5ll och f\u00f6r att kunna sammanst\u00e4lla statistik om de bes\u00f6kare vi f\u00e5r.<br\/>I enlighet med direktiv 2009\/136\/EG, som inf\u00f6rlivats i v\u00e5r lagstiftning genom artikel 22.2 i lagen om informationssamh\u00e4llets tj\u00e4nster, och i enlighet med riktlinjerna fr\u00e5n den spanska dataskyddsmyndigheten, informerar vi dig h\u00e4rmed i detalj om hur v\u00e5r webbplats anv\u00e4nds.<br\/>Cookies \u00e4r sm\u00e5 filer som sparas i webbl\u00e4saren som anv\u00e4nds av varje bes\u00f6kare p\u00e5 v\u00e5r webbplats s\u00e5 att servern kan komma ih\u00e5g anv\u00e4ndarens bes\u00f6k n\u00e4r denne \u00e5terv\u00e4nder till v\u00e5rt inneh\u00e5ll. Denna information avsl\u00f6jar inte din identitet eller n\u00e5gra personuppgifter och ger inte tillg\u00e5ng till inneh\u00e5llet som lagras p\u00e5 din dator, men den g\u00f6r det m\u00f6jligt f\u00f6r v\u00e5rt system att identifiera dig som en viss anv\u00e4ndare som redan har bes\u00f6kt webbplatsen tidigare, visat vissa sidor etc. Dessutom g\u00f6r den det m\u00f6jligt att spara dina personliga preferenser och teknisk information, till exempel dina bes\u00f6k eller specifika sidor som du bes\u00f6ker. <br\/>Syftet med cookies \u00e4r att ge anv\u00e4ndaren snabbare tillg\u00e5ng till de valda tj\u00e4nsterna.<br\/>Om du inte vill att cookies ska sparas i din webbl\u00e4sare eller f\u00f6redrar att f\u00e5 information varje g\u00e5ng en cookie beg\u00e4r att installeras, kan du st\u00e4lla in dina webbl\u00e4sarinst\u00e4llningar s\u00e5 att det sker p\u00e5 det s\u00e4ttet. De flesta webbl\u00e4sare till\u00e5ter hantering av cookies p\u00e5 tre olika s\u00e4tt: <\/p>\n\n<ul class=\"wp-block-list\"><li>Cookies avvisas alltid.<\/li><li>Webbl\u00e4saren fr\u00e5gar om anv\u00e4ndaren vill installera varje cookie.<\/li><li>Cookies accepteras alltid.<\/li><\/ul>\n\n<p>Din webbl\u00e4sare kan ocks\u00e5 ha en funktion som l\u00e5ter dig v\u00e4lja vilka cookies som ska installeras p\u00e5 din dator. Anv\u00e4ndaren kan vanligtvis v\u00e4lja n\u00e5got av f\u00f6ljande alternativ: <\/p>\n\n<ul class=\"wp-block-list\"><li>avvisa cookies fr\u00e5n vissa dom\u00e4ner;<\/li><li>avvisa cookies fr\u00e5n tredje part;<\/li><li>acceptera cookies som icke-best\u00e4ndiga (de raderas n\u00e4r webbl\u00e4saren st\u00e4ngs);<\/li><li>till\u00e5ta servern att skapa cookies f\u00f6r en annan dom\u00e4n.<\/li><\/ul>\n\n<p><strong>Du kan till\u00e5ta, se, blockera eller radera cookies som \u00e4r installerade p\u00e5 din dator genom att \u00e4ndra inst\u00e4llningarna i webbl\u00e4saren som \u00e4r installerad p\u00e5 din dator.<\/strong><br\/>Du hittar information om hur du konfigurerar de vanligaste webbl\u00e4sarna p\u00e5 f\u00f6ljande platser:<\/p>\n\n<ul class=\"wp-block-list\"><li><strong>Internet Explorer<\/strong>: Verktyg -&gt; Internetalternativ -&gt; Sekretess -&gt; Inst\u00e4llningar. F\u00f6r mer information, se <a href=\"http:\/\/windows.microsoft.com\/es-ES\/windows\/support\" rel=\"nofollow noopener\" target=\"_blank\">Microsofts support<\/a> eller webbl\u00e4sarens hj\u00e4lp. <\/li><li><strong>Firefox<\/strong>: Verktyg -&gt; Alternativ -&gt; Sekretess -&gt; Historik -&gt; Anpassade inst\u00e4llningar. F\u00f6r mer information, se <a href=\"http:\/\/support.mozilla.org\/es\/home\" rel=\"nofollow noopener\" target=\"_blank\">Mozillas support<\/a> eller webbl\u00e4sarens hj\u00e4lp. <\/li><li><strong>Chrome<\/strong>: Configuraci\u00f3n -&gt; Mostrar opciones avanzadas -&gt; Privacidad -&gt; Configuraci\u00f3n de contenido. Para m\u00e1s informaci\u00f3n, puede consultar el <a href=\"http:\/\/support.google.com\/chrome\/?hl=es\" rel=\"nofollow noopener\" target=\"_blank\">soporte de Google<\/a> o la Ayuda del navegador. <\/li><li><strong>Safari<\/strong>: Inst\u00e4llningar -&gt; S\u00e4kerhet. F\u00f6r mer information, se <a href=\"http:\/\/www.apple.com\/es\/support\/safari\/\" rel=\"nofollow noopener\" target=\"_blank\">Apples support<\/a> eller webbl\u00e4sarens hj\u00e4lp. <\/li><\/ul>\n\n<p>N\u00e4r det g\u00e4ller tredjepartscookies, det vill s\u00e4ga cookies som inte kommer fr\u00e5n v\u00e5r webbplats, kan vi inte ansvara f\u00f6r inneh\u00e5llet och riktigheten i de sekretesspolicyer som de omfattar, varf\u00f6r den information vi tillhandah\u00e5ller alltid h\u00e4nvisar till k\u00e4llan.<br\/>Nedan informerar vi dig i detalj om de cookies som kan installeras fr\u00e5n v\u00e5r webbplats. Beroende p\u00e5 din surfning kan alla eller endast vissa av dem installeras. <\/p>\n\n<p>Cookie:<strong> __utma<\/strong><br\/><strong>Beskrivning: <\/strong>Identifiering av unika bes\u00f6kare: Anv\u00e4nds f\u00f6r att registrera unika bes\u00f6kare f\u00f6r statistiska och analytiska \u00e4ndam\u00e5l.<br\/><strong>Varaktighet: <\/strong>2 \u00e5r<br\/><strong>K\u00e4lla: <\/strong>Google (Analytics)<\/p>\n\n<p>Cookie: <strong>__utmb<\/strong><br\/>Beskrivning: Anv\u00e4nds f\u00f6r att fastst\u00e4lla nya sessioner eller bes\u00f6k.<br\/>Varaktighet: 30 minuter.<br\/>K\u00e4lla: Google (Analytics)<\/p>\n\n<p>Cookie: <strong>__utmc<\/strong><br\/><strong>Beskrivning:<\/strong> Anv\u00e4nds inte i ga.js. Konfigureras f\u00f6r att interagera med urchin.js. Tidigare fungerade denna cookie tillsammans med cookien __utmb f\u00f6r att avg\u00f6ra om anv\u00e4ndaren var i en ny session eller ett nytt bes\u00f6k.  <br\/><strong>Varaktighet:<\/strong> Anv\u00e4nds f\u00f6r att begr\u00e4nsa andelen f\u00f6rfr\u00e5gningar.<br\/><strong>K\u00e4lla: <\/strong>Google (Analytics)<\/p>\n\n<p>Cookie: <strong>__utmt<\/strong><br\/><strong>Beskrivning: <\/strong>Anv\u00e4nds f\u00f6r att begr\u00e4nsa andelen f\u00f6rfr\u00e5gningar.<br\/><strong>Varaktighet: <\/strong>10 minuter<br\/><strong>K\u00e4lla: <\/strong>Google (Analytics)<\/p>\n\n<p>Cookie: <strong>__utmv<\/strong><br\/><strong>Beskrivning: <\/strong>Registrering av trafikk\u00e4llor och navigering: Anv\u00e4nds f\u00f6r att registrera hur du kom till v\u00e5r webbplats (via en Google-s\u00f6kning, en annons etc.) och vilka v\u00e4gar du f\u00f6ljer n\u00e4r du navigerar p\u00e5 v\u00e5r webbplats. Vi anv\u00e4nder denna information f\u00f6r att f\u00f6rb\u00e4ttra anv\u00e4ndarupplevelsen i framtida uppdateringar. <br\/><strong>Varaktighet: <\/strong>6 m\u00e5nader<br\/><strong>K\u00e4lla: <\/strong>Google (Analytics)<\/p>\n\n<p>Cookie: <strong>__ga<\/strong><br\/><strong>Beskrivning: <\/strong>Anv\u00e4nds f\u00f6r att skilja mellan anv\u00e4ndare.<br\/><strong>Varaktighet: <\/strong>2 \u00e5r<br\/><strong>K\u00e4lla: <\/strong>Google (Analytics)<\/p>\n\n<p>Cookie: <strong>__gat<\/strong><br\/><strong>Beskrivning: <\/strong>Anv\u00e4nds f\u00f6r att begr\u00e4nsa andelen f\u00f6rfr\u00e5gningar.<br\/><strong>Varaktighet: <\/strong>10 minuter<br\/><strong>K\u00e4lla: <\/strong>Google (Analytics)<\/p>\n\n<p>Cookie: <strong>__gid<\/strong><br\/><strong>Beskrivning: <\/strong>Anv\u00e4nds f\u00f6r att skilja mellan anv\u00e4ndare.<br\/><strong>Varaktighet: <\/strong>1 dag<br\/><strong>K\u00e4lla: <\/strong>Google (Analytics)<\/p>\n\n<p>Cookie: <strong>_fbp<\/strong><br\/><strong>Beskrivning: <\/strong>Anv\u00e4nds f\u00f6r att skilja mellan anv\u00e4ndare.<br\/><strong>Varaktighet: <\/strong>3 m\u00e5nader.<br\/><strong>K\u00e4lla: <\/strong>Facebook.<\/p>\n\n<p>Cookie: <strong>moove_gdpr_popup<\/strong><br\/><strong>Beskrivning: <\/strong>Bes\u00f6karens registreringssession: Anv\u00e4nds f\u00f6r att registrera din session och dina val avseende cookiepolicy och komma ih\u00e5g dem vid framtida bes\u00f6k.<br\/><strong>Varaktighet: <\/strong>1 \u00e5r<br\/><strong>K\u00e4lla:<\/strong> laisladetabarca.com<\/p>\n\n<p>Denna cookiepolicy kan \u00e4ndras beroende p\u00e5 lagstiftningskrav, regleringskrav eller i syfte att anpassa policyn till de instruktioner som utf\u00e4rdats av den spanska dataskyddsmyndigheten. Anv\u00e4ndarna uppmanas d\u00e4rf\u00f6r att bes\u00f6ka den regelbundet.<br\/>N\u00e4r betydande \u00e4ndringar g\u00f6rs i denna cookiepolicy kommer anv\u00e4ndarna att informeras om detta via webbplatsen eller via e-post till registrerade anv\u00e4ndare.<\/p>\n","protected":false},"excerpt":{"rendered":"<p>P\u00e5 webbplatsen laisladetabarca.com anv\u00e4nder vi cookies f\u00f6r att underl\u00e4tta bes\u00f6karnas relation till v\u00e5rt inneh\u00e5ll och f\u00f6r att kunna sammanst\u00e4lla statistik om de bes\u00f6kare vi f\u00e5r.I enlighet med direktiv 2009\/136\/EG, som inf\u00f6rlivats i v\u00e5r lagstiftning genom artikel 22.2 i lagen om informationssamh\u00e4llets tj\u00e4nster, och i enlighet med riktlinjerna fr\u00e5n den spanska dataskyddsmyndigheten, informerar vi dig h\u00e4rmed&hellip;<\/p>\n","protected":false},"author":1,"featured_media":0,"parent":0,"menu_order":0,"comment_status":"closed","ping_status":"closed","template":"","meta":{"_joinchat":[],"footnotes":""},"class_list":["post-3914","page","type-page","status-publish","hentry","description-off"],"_links":{"self":[{"href":"https:\/\/laisladetabarca.com\/sv\/wp-json\/wp\/v2\/pages\/3914","targetHints":{"allow":["GET"]}}],"collection":[{"href":"https:\/\/laisladetabarca.com\/sv\/wp-json\/wp\/v2\/pages"}],"about":[{"href":"https:\/\/laisladetabarca.com\/sv\/wp-json\/wp\/v2\/types\/page"}],"author":[{"embeddable":true,"href":"https:\/\/laisladetabarca.com\/sv\/wp-json\/wp\/v2\/users\/1"}],"replies":[{"embeddable":true,"href":"https:\/\/laisladetabarca.com\/sv\/wp-json\/wp\/v2\/comments?post=3914"}],"version-history":[{"count":0,"href":"https:\/\/laisladetabarca.com\/sv\/wp-json\/wp\/v2\/pages\/3914\/revisions"}],"wp:attachment":[{"href":"https:\/\/laisladetabarca.com\/sv\/wp-json\/wp\/v2\/media?parent=3914"}],"curies":[{"name":"wp","href":"https:\/\/api.w.org\/{rel}","templated":true}]}}