{"id":3877,"date":"2022-07-15T07:45:53","date_gmt":"2022-07-15T06:45:53","guid":{"rendered":"https:\/\/laisladetabarca.com\/rattsligt-meddelande\/"},"modified":"2025-08-03T17:33:14","modified_gmt":"2025-08-03T17:33:14","slug":"rattsligt-meddelande","status":"publish","type":"page","link":"https:\/\/laisladetabarca.com\/sv\/rattsligt-meddelande\/","title":{"rendered":"R\u00e4ttsligt meddelande"},"content":{"rendered":"\n<p>I enlighet med artikel 10 i lag 34\/2002 av den 11 juli om informationssamh\u00e4llets tj\u00e4nster och elektronisk handel (LSSICE) anges f\u00f6retagets identifierande uppgifter nedan.<\/p>\n\n<div id=\"ez-toc-container\" class=\"ez-toc-v2_0_80 counter-hierarchy ez-toc-counter ez-toc-grey ez-toc-container-direction\">\n<div class=\"ez-toc-title-container\">\n<p class=\"ez-toc-title\" style=\"cursor:inherit\">Table of Contents<\/p>\n<span class=\"ez-toc-title-toggle\"><a href=\"#\" class=\"ez-toc-pull-right ez-toc-btn ez-toc-btn-xs ez-toc-btn-default ez-toc-toggle\" aria-label=\"Toggle Table of Content\"><span class=\"ez-toc-js-icon-con\"><span class=\"\"><span class=\"eztoc-hide\" style=\"display:none;\">Toggle<\/span><span class=\"ez-toc-icon-toggle-span\"><svg style=\"fill: #999;color:#999\" xmlns=\"http:\/\/www.w3.org\/2000\/svg\" class=\"list-377408\" width=\"20px\" height=\"20px\" viewBox=\"0 0 24 24\" fill=\"none\"><path d=\"M6 6H4v2h2V6zm14 0H8v2h12V6zM4 11h2v2H4v-2zm16 0H8v2h12v-2zM4 16h2v2H4v-2zm16 0H8v2h12v-2z\" fill=\"currentColor\"><\/path><\/svg><svg style=\"fill: #999;color:#999\" class=\"arrow-unsorted-368013\" xmlns=\"http:\/\/www.w3.org\/2000\/svg\" width=\"10px\" height=\"10px\" viewBox=\"0 0 24 24\" version=\"1.2\" baseProfile=\"tiny\"><path d=\"M18.2 9.3l-6.2-6.3-6.2 6.3c-.2.2-.3.4-.3.7s.1.5.3.7c.2.2.4.3.7.3h11c.3 0 .5-.1.7-.3.2-.2.3-.5.3-.7s-.1-.5-.3-.7zM5.8 14.7l6.2 6.3 6.2-6.3c.2-.2.3-.5.3-.7s-.1-.5-.3-.7c-.2-.2-.4-.3-.7-.3h-11c-.3 0-.5.1-.7.3-.2.2-.3.5-.3.7s.1.5.3.7z\"\/><\/svg><\/span><\/span><\/span><\/a><\/span><\/div>\n<nav><ul class='ez-toc-list ez-toc-list-level-1 ' ><li class='ez-toc-page-1 ez-toc-heading-level-5'><a class=\"ez-toc-link ez-toc-heading-1\" href=\"https:\/\/laisladetabarca.com\/sv\/rattsligt-meddelande\/#1_IDENTIFIERINGSUPPGIFTER\" >1. IDENTIFIERINGSUPPGIFTER<\/a><\/li><li class='ez-toc-page-1 ez-toc-heading-level-5'><a class=\"ez-toc-link ez-toc-heading-2\" href=\"https:\/\/laisladetabarca.com\/sv\/rattsligt-meddelande\/#2_ANVANDARE\" >2. ANV\u00c4NDARE<\/a><\/li><li class='ez-toc-page-1 ez-toc-heading-level-5'><a class=\"ez-toc-link ez-toc-heading-3\" href=\"https:\/\/laisladetabarca.com\/sv\/rattsligt-meddelande\/#3_ANVANDNING_AV_PORTALEN\" >3. ANV\u00c4NDNING AV PORTALEN<\/a><\/li><li class='ez-toc-page-1 ez-toc-heading-level-5'><a class=\"ez-toc-link ez-toc-heading-4\" href=\"https:\/\/laisladetabarca.com\/sv\/rattsligt-meddelande\/#4_DATASKYDD\" >4. DATASKYDD<\/a><\/li><li class='ez-toc-page-1 ez-toc-heading-level-5'><a class=\"ez-toc-link ez-toc-heading-5\" href=\"https:\/\/laisladetabarca.com\/sv\/rattsligt-meddelande\/#5_IMMATERIELLA_OCH_INDUSTRIELLA_RATTIGHETER\" >5. IMMATERIELLA OCH INDUSTRIELLA R\u00c4TTIGHETER<\/a><\/li><li class='ez-toc-page-1 ez-toc-heading-level-5'><a class=\"ez-toc-link ez-toc-heading-6\" href=\"https:\/\/laisladetabarca.com\/sv\/rattsligt-meddelande\/#6_FRISKRIVNING_FRAN_GARANTIER_OCH_ANSVAR\" >6. FRISKRIVNING FR\u00c5N GARANTIER OCH ANSVAR<\/a><\/li><li class='ez-toc-page-1 ez-toc-heading-level-5'><a class=\"ez-toc-link ez-toc-heading-7\" href=\"https:\/\/laisladetabarca.com\/sv\/rattsligt-meddelande\/#7_ANDRINGAR\" >7. \u00c4NDRINGAR<\/a><\/li><li class='ez-toc-page-1 ez-toc-heading-level-5'><a class=\"ez-toc-link ez-toc-heading-8\" href=\"https:\/\/laisladetabarca.com\/sv\/rattsligt-meddelande\/#8_LANKAR\" >8. L\u00c4NKAR<\/a><\/li><li class='ez-toc-page-1 ez-toc-heading-level-5'><a class=\"ez-toc-link ez-toc-heading-9\" href=\"https:\/\/laisladetabarca.com\/sv\/rattsligt-meddelande\/#9_RATT_TILL_UTESTAND\" >9. R\u00c4TT TILL UTEST\u00c5ND<\/a><\/li><li class='ez-toc-page-1 ez-toc-heading-level-5'><a class=\"ez-toc-link ez-toc-heading-10\" href=\"https:\/\/laisladetabarca.com\/sv\/rattsligt-meddelande\/#10_ALLMANT\" >10. ALLM\u00c4NT<\/a><\/li><li class='ez-toc-page-1 ez-toc-heading-level-5'><a class=\"ez-toc-link ez-toc-heading-11\" href=\"https:\/\/laisladetabarca.com\/sv\/rattsligt-meddelande\/#11_ANDRING_AV_DESSA_VILLKOR_OCH_VARAKTIGHET\" >11. \u00c4NDRING AV DESSA VILLKOR OCH VARAKTIGHET<\/a><\/li><li class='ez-toc-page-1 ez-toc-heading-level-5'><a class=\"ez-toc-link ez-toc-heading-12\" href=\"https:\/\/laisladetabarca.com\/sv\/rattsligt-meddelande\/#12_TILLAMPLIG_LAGSTILLAGGNING_OCH_JURISDIKTION\" >12. TILL\u00c4MPLIG LAGSTILL\u00c4GGNING OCH JURISDIKTION<\/a><\/li><\/ul><\/nav><\/div>\n<h5 class=\"wp-block-heading\"><span class=\"ez-toc-section\" id=\"1_IDENTIFIERINGSUPPGIFTER\"><\/span>1. IDENTIFIERINGSUPPGIFTER<span class=\"ez-toc-section-end\"><\/span><\/h5>\n\n<p>I enlighet med informationsskyldigheten i artikel 10 i lag 34\/2002 av den 11 juli om informationssamh\u00e4llets tj\u00e4nster och elektronisk handel, rapporteras det att denna webbplats, laisladetabarca.com, \u00e4gs av Marketing e innovaci\u00f3n online, CC, S.L. (nedan kallad La Isa de Tabarcas webbplats) med <strong>CIF\/NIF<\/strong>: B42624429 och med <strong>registrerat kontor<\/strong> p\u00e5 Avenida de l&#8217;Alc\u00fadia, 33, 03720 Benissa, Alicante.<\/p>\n\n<p>Kontakt-e-postadress: <a href=\"mailto:info@laisladetabarca.com\">info@laisladetabarca.com<\/a><\/p>\n\n<h5 class=\"wp-block-heading\"><span class=\"ez-toc-section\" id=\"2_ANVANDARE\"><\/span>2. ANV\u00c4NDARE<span class=\"ez-toc-section-end\"><\/span><\/h5>\n\n<p>\u00c5tkomst till och\/eller anv\u00e4ndning av denna webbplats, webbplatsen La Isa de Tabarca, skaparen av denna webbplats, ger dig status som ANV\u00c4NDARE, som vid n\u00e4mnda \u00e5tkomst och\/eller anv\u00e4ndning accepterar de allm\u00e4nna anv\u00e4ndarvillkoren som anges h\u00e4ri. Dessa villkor ska g\u00e4lla oavsett eventuella obligatoriska allm\u00e4nna avtalsvillkor. <\/p>\n\n<h5 class=\"wp-block-heading\"><span class=\"ez-toc-section\" id=\"3_ANVANDNING_AV_PORTALEN\"><\/span>3. ANV\u00c4NDNING AV PORTALEN<span class=\"ez-toc-section-end\"><\/span><\/h5>\n\n<p>Webbplatsen La Isa de Tabarca ger tillg\u00e5ng till ett brett utbud av information, tj\u00e4nster, program eller data (nedan kallat &#8221;inneh\u00e5llet&#8221;) p\u00e5 internet som tillh\u00f6r webbplatsen La Isa de Tabarca, webbplatsens skapare eller dess licensgivare, och som ANV\u00c4NDAREN kan ha tillg\u00e5ng till. ANV\u00c4NDAREN tar ansvar f\u00f6r anv\u00e4ndningen av portalen. Detta ansvar omfattar all registrering som kr\u00e4vs f\u00f6r att f\u00e5 tillg\u00e5ng till vissa tj\u00e4nster eller inneh\u00e5ll.<br\/>Vid s\u00e5dan registrering ansvarar ANV\u00c4NDAREN f\u00f6r att tillhandah\u00e5lla sanningsenlig och laglig information. Till f\u00f6ljd av denna registrering kan ANV\u00c4NDAREN f\u00e5 ett l\u00f6senord som de ansvarar f\u00f6r, och de \u00e5tar sig att anv\u00e4nda det noggrant och konfidentiellt. ANV\u00c4NDAREN \u00e5tar sig att p\u00e5 l\u00e4mpligt s\u00e4tt anv\u00e4nda inneh\u00e5llet och tj\u00e4nsterna (s\u00e5som chatttj\u00e4nster, diskussionsforum eller nyhetsgrupper) som webbplatsen La Isa de Tabarca erbjuder via sin portal och, som exempel men inte begr\u00e4nsat till, att inte anv\u00e4nda dem f\u00f6r att (i) delta i olagliga aktiviteter eller aktiviteter som strider mot god tro och allm\u00e4n ordning; (ii) sprida inneh\u00e5ll eller propaganda av rasistisk, fr\u00e4mlingsfientlig, pornografisk-olaglig natur, till st\u00f6d f\u00f6r terrorism eller i strid med m\u00e4nskliga r\u00e4ttigheter; (iii) orsaka skada p\u00e5 de fysiska och logiska systemen p\u00e5 La Isa de Tabarca-webbplatsen, dess leverant\u00f6rer eller tredje part, introducera eller sprida datavirus eller andra fysiska eller logiska system som sannolikt orsakar ovann\u00e4mnda skada; (iv) f\u00f6rs\u00f6ka f\u00e5 \u00e5tkomst till och, i f\u00f6rekommande fall, anv\u00e4nda andra anv\u00e4ndares e-postkonton och modifiera eller manipulera deras meddelanden. La Isa de Tabarca-webbplatsen f\u00f6rbeh\u00e5ller sig r\u00e4tten att ta bort kommentarer och bidrag som kr\u00e4nker respekten f\u00f6r m\u00e4nsklig v\u00e4rdighet, som \u00e4r diskriminerande, fr\u00e4mlingsfientliga, rasistiska, pornografiska, som hotar ungdom eller barndom, allm\u00e4n ordning eller s\u00e4kerhet eller som enligt dess uppfattning inte \u00e4r l\u00e4mpliga f\u00f6r publicering. La Isa de Tabarca-webbplatsen ansvarar under inga omst\u00e4ndigheter f\u00f6r de \u00e5sikter som uttrycks av anv\u00e4ndare via forum, chattar eller andra verktyg f\u00f6r deltagande.          <\/p>\n\n<h5 class=\"wp-block-heading\"><span class=\"ez-toc-section\" id=\"4_DATASKYDD\"><\/span>4. DATASKYDD<span class=\"ez-toc-section-end\"><\/span><\/h5>\n\n<p>Webbplatsen La Isa de Tabarca f\u00f6ljer riktlinjerna i den organiska lagen 15\/1999 av den 13 december om skydd av personuppgifter, kungligt dekret 1720\/2007 av den 21 december, som godk\u00e4nner f\u00f6rordningarna som genomf\u00f6r den organiska lagen och andra g\u00e4llande f\u00f6rordningar, och s\u00e4kerst\u00e4ller korrekt anv\u00e4ndning och behandling av anv\u00e4ndarens personuppgifter. I detta syfte kommer anv\u00e4ndaren, tillsammans med varje formul\u00e4r f\u00f6r insamling av personuppgifter, i de tj\u00e4nster som anv\u00e4ndaren kan beg\u00e4ra fr\u00e5n webbplatsen La Isa de Tabarca, att informeras om f\u00f6rekomsten och godk\u00e4nnandet av de specifika villkoren f\u00f6r behandling av deras uppgifter i varje enskilt fall, informeras om ansvaret f\u00f6r den skapade filen, den ansvariga personens adress, m\u00f6jligheten att ut\u00f6va sina r\u00e4ttigheter till \u00e5tkomst, r\u00e4ttelse, avbokning eller inv\u00e4ndning, syftet med behandlingen och \u00f6verf\u00f6ring av uppgifter till tredje part, i f\u00f6rekommande fall. Likas\u00e5 informerar webbplatsen La Isa de Tabarca dig om att den f\u00f6ljer lag 34\/2002 av den 11 juli om informationssamh\u00e4llets tj\u00e4nster och elektronisk handel, och kommer att be om ditt samtycke till att behandla din e-postadress f\u00f6r kommersiella \u00e4ndam\u00e5l n\u00e4r som helst.  <\/p>\n\n<h5 class=\"wp-block-heading\"><span class=\"ez-toc-section\" id=\"5_IMMATERIELLA_OCH_INDUSTRIELLA_RATTIGHETER\"><\/span>5. IMMATERIELLA OCH INDUSTRIELLA R\u00c4TTIGHETER<span class=\"ez-toc-section-end\"><\/span><\/h5>\n\n<p>Webbplatsen La Isa de Tabarca, antingen sj\u00e4lv eller som innehavare av r\u00e4tten, \u00e4ger alla immateriella och industriella r\u00e4ttigheter till sin webbplats, s\u00e5v\u00e4l som de element som finns d\u00e4ri (inklusive, men inte begr\u00e4nsat till, bilder, ljud, video, programvara eller text; varum\u00e4rken eller logotyper, f\u00e4rgkombinationer, struktur och design, val av material som anv\u00e4nds, datorprogram som \u00e4r n\u00f6dv\u00e4ndiga f\u00f6r dess drift, \u00e5tkomst och anv\u00e4ndning, etc.), som \u00e4gs av La Isa de Tabarca-webbplatsen eller dess licensgivare. Alla r\u00e4ttigheter f\u00f6rbeh\u00e5llna. I enlighet med best\u00e4mmelserna i artiklarna 8 och 32.1, andra stycket, i immaterialr\u00e4ttslagen \u00e4r reproduktion, distribution och offentlig kommunikation, inklusive metoden f\u00f6r tillg\u00e4ngligg\u00f6rande, av hela eller delar av inneh\u00e5llet p\u00e5 denna webbplats, f\u00f6r kommersiella \u00e4ndam\u00e5l, p\u00e5 vilket medium som helst och med alla tekniska medel, utan tillst\u00e5nd fr\u00e5n La Isa de Tabarca-webbplatsen, uttryckligen f\u00f6rbjuden. ANV\u00c4NDAREN samtycker till att respektera de immateriella och industriella r\u00e4ttigheter som innehas av La Isa de Tabarca-webbplatsen. Anv\u00e4ndare f\u00e5r se portalens element och \u00e4ven skriva ut, kopiera och lagra dem p\u00e5 sin dators h\u00e5rddisk eller n\u00e5got annat fysiskt medium, f\u00f6rutsatt att detta enbart och uteslutande \u00e4r f\u00f6r personligt och privat bruk. Anv\u00e4ndare m\u00e5ste avst\u00e5 fr\u00e5n att radera, \u00e4ndra, kringg\u00e5 eller manipulera skyddsanordningar eller s\u00e4kerhetssystem som \u00e4r installerade p\u00e5 La Isa de Tabarca-webbplatsens sidor.     <\/p>\n\n<h5 class=\"wp-block-heading\"><span class=\"ez-toc-section\" id=\"6_FRISKRIVNING_FRAN_GARANTIER_OCH_ANSVAR\"><\/span>6. FRISKRIVNING FR\u00c5N GARANTIER OCH ANSVAR<span class=\"ez-toc-section-end\"><\/span><\/h5>\n\n<p>Webbplatsen La Isa de Tabarca ansvarar inte under n\u00e5gra omst\u00e4ndigheter f\u00f6r n\u00e5gra skador av n\u00e5got slag som kan orsakas av, men inte begr\u00e4nsas till, fel eller utel\u00e4mnanden i inneh\u00e5llet, bristande tillg\u00e4nglighet till portalen eller \u00f6verf\u00f6ring av virus eller skadliga program i inneh\u00e5llet, trots att alla n\u00f6dv\u00e4ndiga tekniska \u00e5tg\u00e4rder har vidtagits f\u00f6r att f\u00f6rhindra s\u00e5dan skada. <\/p>\n\n<h5 class=\"wp-block-heading\"><span class=\"ez-toc-section\" id=\"7_ANDRINGAR\"><\/span>7. \u00c4NDRINGAR<span class=\"ez-toc-section-end\"><\/span><\/h5>\n\n<p>Webbplatsen La Isa de Tabarca f\u00f6rbeh\u00e5ller sig r\u00e4tten att g\u00f6ra \u00e4ndringar som den anser l\u00e4mpliga p\u00e5 sin portal utan f\u00f6reg\u00e5ende meddelande. Den kan komma att \u00e4ndra, ta bort eller l\u00e4gga till inneh\u00e5ll och tj\u00e4nster som tillhandah\u00e5lls via webbplatsen, samt hur de presenteras eller placeras p\u00e5 webbplatsen.<\/p>\n\n<h5 class=\"wp-block-heading\"><span class=\"ez-toc-section\" id=\"8_LANKAR\"><\/span>8. L\u00c4NKAR<span class=\"ez-toc-section-end\"><\/span><\/h5>\n\n<p>Om dom\u00e4nnamnet inneh\u00e5ller l\u00e4nkar eller hyperl\u00e4nkar till andra webbplatser kommer webbplatsen La Isa de Tabarca inte att ut\u00f6va n\u00e5gon kontroll \u00f6ver dessa webbplatser och inneh\u00e5ll. Webbplatsen La Isa de Tabarca tar under inga omst\u00e4ndigheter n\u00e5got ansvar f\u00f6r inneh\u00e5llet i n\u00e5gon l\u00e4nk som tillh\u00f6r en tredje parts webbplats, och garanterar inte heller den tekniska tillg\u00e4ngligheten, kvaliteten, tillf\u00f6rlitligheten, noggrannheten, fullst\u00e4ndigheten, sanningsenligheten, giltigheten eller konstitutionaliteten hos n\u00e5got material eller information som finns i n\u00e5gon av dessa hyperl\u00e4nkar eller andra webbplatser. Inkluderingen av dessa externa l\u00e4nkar inneb\u00e4r inte heller n\u00e5gon form av associering, sammanslagning eller deltagande med de anslutna enheterna.  <\/p>\n\n<h5 class=\"wp-block-heading\"><span class=\"ez-toc-section\" id=\"9_RATT_TILL_UTESTAND\"><\/span>9. R\u00c4TT TILL UTEST\u00c5ND<span class=\"ez-toc-section-end\"><\/span><\/h5>\n\n<p>Webbplatsen La Isa de Tabarca f\u00f6rbeh\u00e5ller sig r\u00e4tten att neka eller \u00e5terkalla \u00e5tkomst till portalen och\/eller de tj\u00e4nster som erbjuds utan f\u00f6reg\u00e5ende meddelande, p\u00e5 egen beg\u00e4ran eller beg\u00e4ran av tredje part, till de anv\u00e4ndare som inte f\u00f6ljer dessa allm\u00e4nna anv\u00e4ndarvillkor.<\/p>\n\n<h5 class=\"wp-block-heading\"><span class=\"ez-toc-section\" id=\"10_ALLMANT\"><\/span>10. ALLM\u00c4NT<span class=\"ez-toc-section-end\"><\/span><\/h5>\n\n<p>Webbplatsen La Isa de Tabarca kommer att vidta alla brott mot dessa villkor, s\u00e5v\u00e4l som missbruk av dess portal, genom att vidta alla civilr\u00e4ttsliga och straffr\u00e4ttsliga \u00e5tg\u00e4rder som kan tillg\u00e5s enligt lag.<\/p>\n\n<h5 class=\"wp-block-heading\"><span class=\"ez-toc-section\" id=\"11_ANDRING_AV_DESSA_VILLKOR_OCH_VARAKTIGHET\"><\/span>11. \u00c4NDRING AV DESSA VILLKOR OCH VARAKTIGHET<span class=\"ez-toc-section-end\"><\/span><\/h5>\n\n<p>Webbplatsen La Isa de Tabarca kan n\u00e4r som helst \u00e4ndra villkoren som anges h\u00e4r, och s\u00e5dana \u00e4ndringar ska vederb\u00f6rligen publiceras som de visas h\u00e4r. Giltigheten av dessa villkor ska bero p\u00e5 deras exponering och ska f\u00f6rbli i kraft tills de \u00e4ndras av andra vederb\u00f6rligen publicerade villkor. <\/p>\n\n<h5 class=\"wp-block-heading\"><span class=\"ez-toc-section\" id=\"12_TILLAMPLIG_LAGSTILLAGGNING_OCH_JURISDIKTION\"><\/span>12. TILL\u00c4MPLIG LAGSTILL\u00c4GGNING OCH JURISDIKTION<span class=\"ez-toc-section-end\"><\/span><\/h5>\n\n<p>F\u00f6rh\u00e5llandet mellan webbplatsen La Isa de Tabarca och ANV\u00c4NDAREN ska regleras av g\u00e4llande spansk lagstiftning, och eventuella tvister ska h\u00e4nskjutas till domstolarna i Valencia stad.<\/p>\n","protected":false},"excerpt":{"rendered":"<p>I enlighet med artikel 10 i lag 34\/2002 av den 11 juli om informationssamh\u00e4llets tj\u00e4nster och elektronisk handel (LSSICE) anges f\u00f6retagets identifierande uppgifter nedan. 1. IDENTIFIERINGSUPPGIFTER I enlighet med informationsskyldigheten i artikel 10 i lag 34\/2002 av den 11 juli om informationssamh\u00e4llets tj\u00e4nster och elektronisk handel, rapporteras det att denna webbplats, laisladetabarca.com, \u00e4gs av Marketing&hellip;<\/p>\n","protected":false},"author":1,"featured_media":0,"parent":0,"menu_order":0,"comment_status":"closed","ping_status":"closed","template":"","meta":{"_joinchat":[],"footnotes":""},"class_list":["post-3877","page","type-page","status-publish","hentry","description-off"],"_links":{"self":[{"href":"https:\/\/laisladetabarca.com\/sv\/wp-json\/wp\/v2\/pages\/3877","targetHints":{"allow":["GET"]}}],"collection":[{"href":"https:\/\/laisladetabarca.com\/sv\/wp-json\/wp\/v2\/pages"}],"about":[{"href":"https:\/\/laisladetabarca.com\/sv\/wp-json\/wp\/v2\/types\/page"}],"author":[{"embeddable":true,"href":"https:\/\/laisladetabarca.com\/sv\/wp-json\/wp\/v2\/users\/1"}],"replies":[{"embeddable":true,"href":"https:\/\/laisladetabarca.com\/sv\/wp-json\/wp\/v2\/comments?post=3877"}],"version-history":[{"count":0,"href":"https:\/\/laisladetabarca.com\/sv\/wp-json\/wp\/v2\/pages\/3877\/revisions"}],"wp:attachment":[{"href":"https:\/\/laisladetabarca.com\/sv\/wp-json\/wp\/v2\/media?parent=3877"}],"curies":[{"name":"wp","href":"https:\/\/api.w.org\/{rel}","templated":true}]}}