{"id":3680,"date":"2023-10-20T10:29:47","date_gmt":"2023-10-20T09:29:47","guid":{"rendered":"https:\/\/laisladetabarca.com\/tabarca-pa-1-dag\/"},"modified":"2025-11-17T22:09:31","modified_gmt":"2025-11-17T22:09:31","slug":"tabarca-pa-1-dag","status":"publish","type":"page","link":"https:\/\/laisladetabarca.com\/sv\/tabarca-pa-1-dag\/","title":{"rendered":"Tabarca p\u00e5 1 dag"},"content":{"rendered":"<div class=\"wpb-content-wrapper\"><p>[vc_row][vc_column]<div id=\"ultimate-heading-818569f3c62d7efb4\" class=\"uvc-heading ult-adjust-bottom-margin ultimate-heading-818569f3c62d7efb4 uvc-2298 \" data-hspacer=\"no_spacer\"  data-halign=\"left\" style=\"text-align:left\"><div class=\"uvc-heading-spacer no_spacer\" style=\"top\"><\/div><div class=\"uvc-sub-heading ult-responsive\"  data-ultimate-target='.uvc-heading.ultimate-heading-818569f3c62d7efb4 .uvc-sub-heading '  data-responsive-json-new='{\"font-size\":\"\",\"line-height\":\"\"}'  style=\"font-weight:normal;\"><\/p>\n<p style=\"text-align: justify;\">Har du n\u00e5gonsin dr\u00f6mt om att utforska en \u00f6 som varit en fristad f\u00f6r pirater, ett hem f\u00f6r utlandsboende och ett f\u00e4ngelse under spanska inb\u00f6rdeskriget? Tabarca \u00e4r den destinationen! Bel\u00e4gen utanf\u00f6r den levantinska kusten lovar denna \u00f6 inte bara en rik historia utan ocks\u00e5 en o\u00f6vertr\u00e4ffad naturupplevelse. I den h\u00e4r artikeln guidar jag dig genom ett endags\u00e4ventyr i Tabarca, s\u00e5 att du f\u00e5r ut det mesta av din tid i detta paradis.   <\/p>\n<p><\/div><\/div>[vc_empty_space height=&#8221;35px&#8221;][\/vc_column][\/vc_row][vc_row][vc_column]<div id=\"ultimate-heading-619969f3c62d7f033\" class=\"uvc-heading ult-adjust-bottom-margin ultimate-heading-619969f3c62d7f033 uvc-5439 \" data-hspacer=\"no_spacer\"  data-halign=\"left\" style=\"text-align:left\"><div class=\"uvc-heading-spacer no_spacer\" style=\"top\"><\/div><div class=\"uvc-main-heading ult-responsive\"  data-ultimate-target='.uvc-heading.ultimate-heading-619969f3c62d7f033 h2'  data-responsive-json-new='{\"font-size\":\"\",\"line-height\":\"\"}' ><div id=\"ez-toc-container\" class=\"ez-toc-v2_0_80 counter-hierarchy ez-toc-counter ez-toc-grey ez-toc-container-direction\">\n<div class=\"ez-toc-title-container\">\n<p class=\"ez-toc-title\" style=\"cursor:inherit\">Table of Contents<\/p>\n<span class=\"ez-toc-title-toggle\"><a href=\"#\" class=\"ez-toc-pull-right ez-toc-btn ez-toc-btn-xs ez-toc-btn-default ez-toc-toggle\" aria-label=\"Toggle Table of Content\"><span class=\"ez-toc-js-icon-con\"><span class=\"\"><span class=\"eztoc-hide\" style=\"display:none;\">Toggle<\/span><span class=\"ez-toc-icon-toggle-span\"><svg style=\"fill: #999;color:#999\" xmlns=\"http:\/\/www.w3.org\/2000\/svg\" class=\"list-377408\" width=\"20px\" height=\"20px\" viewBox=\"0 0 24 24\" fill=\"none\"><path d=\"M6 6H4v2h2V6zm14 0H8v2h12V6zM4 11h2v2H4v-2zm16 0H8v2h12v-2zM4 16h2v2H4v-2zm16 0H8v2h12v-2z\" fill=\"currentColor\"><\/path><\/svg><svg style=\"fill: #999;color:#999\" class=\"arrow-unsorted-368013\" xmlns=\"http:\/\/www.w3.org\/2000\/svg\" width=\"10px\" height=\"10px\" viewBox=\"0 0 24 24\" version=\"1.2\" baseProfile=\"tiny\"><path d=\"M18.2 9.3l-6.2-6.3-6.2 6.3c-.2.2-.3.4-.3.7s.1.5.3.7c.2.2.4.3.7.3h11c.3 0 .5-.1.7-.3.2-.2.3-.5.3-.7s-.1-.5-.3-.7zM5.8 14.7l6.2 6.3 6.2-6.3c.2-.2.3-.5.3-.7s-.1-.5-.3-.7c-.2-.2-.4-.3-.7-.3h-11c-.3 0-.5.1-.7.3-.2.2-.3.5-.3.7s.1.5.3.7z\"\/><\/svg><\/span><\/span><\/span><\/a><\/span><\/div>\n<nav><ul class='ez-toc-list ez-toc-list-level-1 ' ><li class='ez-toc-page-1 ez-toc-heading-level-2'><a class=\"ez-toc-link ez-toc-heading-1\" href=\"https:\/\/laisladetabarca.com\/sv\/tabarca-pa-1-dag\/#Hur_man_tar_sig_till_Tabarca\" >Hur man tar sig till Tabarca<\/a><\/li><li class='ez-toc-page-1 ez-toc-heading-level-2'><a class=\"ez-toc-link ez-toc-heading-2\" href=\"https:\/\/laisladetabarca.com\/sv\/tabarca-pa-1-dag\/#En_titt_pa_Tabarcas_historia\" >En titt p\u00e5 Tabarcas historia<\/a><ul class='ez-toc-list-level-3' ><li class='ez-toc-heading-level-3'><a class=\"ez-toc-link ez-toc-heading-3\" href=\"https:\/\/laisladetabarca.com\/sv\/tabarca-pa-1-dag\/#Marinreservat_och_naturparadis\" >Marinreservat och naturparadis<\/a><\/li><\/ul><\/li><li class='ez-toc-page-1 ez-toc-heading-level-2'><a class=\"ez-toc-link ez-toc-heading-4\" href=\"https:\/\/laisladetabarca.com\/sv\/tabarca-pa-1-dag\/#Aktiviteter_i_Tabarca\" >Aktiviteter i Tabarca:<\/a><ul class='ez-toc-list-level-3' ><li class='ez-toc-heading-level-3'><a class=\"ez-toc-link ez-toc-heading-5\" href=\"https:\/\/laisladetabarca.com\/sv\/tabarca-pa-1-dag\/#Avkoppling_pa_stranden\" >Avkoppling p\u00e5 stranden<\/a><\/li><li class='ez-toc-page-1 ez-toc-heading-level-3'><a class=\"ez-toc-link ez-toc-heading-6\" href=\"https:\/\/laisladetabarca.com\/sv\/tabarca-pa-1-dag\/#Utforska_historiskt_arv\" >Utforska historiskt arv<\/a><\/li><li class='ez-toc-page-1 ez-toc-heading-level-3'><a class=\"ez-toc-link ez-toc-heading-7\" href=\"https:\/\/laisladetabarca.com\/sv\/tabarca-pa-1-dag\/#Snorkling_och_dykning\" >Snorkling och dykning<\/a><\/li><\/ul><\/li><li class='ez-toc-page-1 ez-toc-heading-level-2'><a class=\"ez-toc-link ez-toc-heading-8\" href=\"https:\/\/laisladetabarca.com\/sv\/tabarca-pa-1-dag\/#Tabarcas_gastronomi\" >Tabarcas gastronomi<\/a><\/li><\/ul><\/nav><\/div>\n<h2 style=\"font-weight:normal;\"><span class=\"ez-toc-section\" id=\"Hur_man_tar_sig_till_Tabarca\"><\/span>Hur man tar sig till Tabarca<span class=\"ez-toc-section-end\"><\/span><\/h2><\/div><div class=\"uvc-sub-heading ult-responsive\"  data-ultimate-target='.uvc-heading.ultimate-heading-619969f3c62d7f033 .uvc-sub-heading '  data-responsive-json-new='{\"font-size\":\"\",\"line-height\":\"\"}'  style=\"font-weight:normal;\"><\/p>\n<p style=\"text-align: justify;\">F\u00f6r att ta dig till Tabarca kan du ta en av de ber\u00f6mda tabarkerna eller en <a href=\"https:\/\/laisladetabarca.com\/sv\/hur-man-tar-sig-till-tabarca-fran\/ak-till-tabarca-fran-alicante\/\">taxib\u00e5t fr\u00e5n Alicante<\/a>, Santa Pola eller Benidorm. Resan fr\u00e5n Alicante tar ungef\u00e4r en timme och kostar runt tjugo euro tur och retur. Upplevelsen av att segla i Medelhavet \u00e4r i sig en trevlig f\u00f6rhandstitt p\u00e5 vad Tabarca har att erbjuda.  <\/p>\n<p><\/div><\/div>[vc_empty_space][vc_video link=&#8221;https:\/\/www.youtube.com\/watch?v=GefYnigwZSA&#8221;]<div id=\"ultimate-heading-47869f3c62d7f0d3\" class=\"uvc-heading ult-adjust-bottom-margin ultimate-heading-47869f3c62d7f0d3 uvc-5037 \" data-hspacer=\"no_spacer\"  data-halign=\"left\" style=\"text-align:left\"><div class=\"uvc-heading-spacer no_spacer\" style=\"top\"><\/div><div class=\"uvc-main-heading ult-responsive\"  data-ultimate-target='.uvc-heading.ultimate-heading-47869f3c62d7f0d3 h2'  data-responsive-json-new='{\"font-size\":\"\",\"line-height\":\"\"}' ><h2 style=\"font-weight:normal;\"><span class=\"ez-toc-section\" id=\"En_titt_pa_Tabarcas_historia\"><\/span>En titt p\u00e5 Tabarcas historia <span class=\"ez-toc-section-end\"><\/span><\/h2><\/div><div class=\"uvc-sub-heading ult-responsive\"  data-ultimate-target='.uvc-heading.ultimate-heading-47869f3c62d7f0d3 .uvc-sub-heading '  data-responsive-json-new='{\"font-size\":\"\",\"line-height\":\"\"}'  style=\"font-weight:normal;\"><\/p>\n<p style=\"text-align: justify;\">Tabarca har en fascinerande historia. Den koloniserades av kung Karl III p\u00e5 1700-talet, som r\u00e4ddade genuesiska fiskarfamiljer och bosatte dem i det som d\u00e5 kallades Nya Tabarca. Idag \u00e4r \u00f6n ett livfullt bevis p\u00e5 sitt f\u00f6rflutna, med f\u00e4rre \u00e4n 60 permanenta inv\u00e5nare.  <\/p>\n<p><\/div><\/div>[vc_empty_space height=&#8221;35px&#8221;]<div id=\"ultimate-heading-267669f3c62d7f143\" class=\"uvc-heading ult-adjust-bottom-margin ultimate-heading-267669f3c62d7f143 uvc-2395 \" data-hspacer=\"no_spacer\"  data-halign=\"left\" style=\"text-align:left\"><div class=\"uvc-heading-spacer no_spacer\" style=\"top\"><\/div><div class=\"uvc-main-heading ult-responsive\"  data-ultimate-target='.uvc-heading.ultimate-heading-267669f3c62d7f143 h3'  data-responsive-json-new='{\"font-size\":\"\",\"line-height\":\"\"}' ><h3 style=\"font-weight:normal;\"><span class=\"ez-toc-section\" id=\"Marinreservat_och_naturparadis\"><\/span>Marinreservat och naturparadis<span class=\"ez-toc-section-end\"><\/span><\/h3><\/div><div class=\"uvc-sub-heading ult-responsive\"  data-ultimate-target='.uvc-heading.ultimate-heading-267669f3c62d7f143 .uvc-sub-heading '  data-responsive-json-new='{\"font-size\":\"\",\"line-height\":\"\"}'  style=\"font-weight:normal;\"><\/p>\n<p style=\"text-align: justify;\">Tabarca var det f\u00f6rsta marina reservatet som uts\u00e5gs i Spanien, k\u00e4nt f\u00f6r sitt klara vatten och rika marina biologiska m\u00e5ngfald. Det \u00e4r en idealisk plats f\u00f6r natur\u00e4lskare och entusiaster av undervattensfotografering. <\/p>\n<p>\u00d6n \u00e4r ocks\u00e5 ett s\u00e4rskilt skyddat omr\u00e5de f\u00f6r f\u00e5glar, utsett av Europeiska unionen. H\u00e4r kan du observera och lyssna p\u00e5 sj\u00f6f\u00e5glar i deras naturliga livsmilj\u00f6, en sann fr\u00f6jd f\u00f6r f\u00e5gelsk\u00e5dare.<\/div><\/div>[vc_single_image image=&#8221;322&#8243; img_size=&#8221;full&#8221; alignment=&#8221;center&#8221;][\/vc_column][\/vc_row][vc_row][vc_column][vc_empty_space height=&#8221;50px&#8221;]<div id=\"ultimate-heading-808469f3c62d7f1b1\" class=\"uvc-heading ult-adjust-bottom-margin ultimate-heading-808469f3c62d7f1b1 uvc-3548 \" data-hspacer=\"no_spacer\"  data-halign=\"left\" style=\"text-align:left\"><div class=\"uvc-heading-spacer no_spacer\" style=\"top\"><\/div><div class=\"uvc-main-heading ult-responsive\"  data-ultimate-target='.uvc-heading.ultimate-heading-808469f3c62d7f1b1 h2'  data-responsive-json-new='{\"font-size\":\"\",\"line-height\":\"\"}' ><h2 style=\"font-weight:normal;\"><span class=\"ez-toc-section\" id=\"Aktiviteter_i_Tabarca\"><\/span>Aktiviteter i Tabarca:<span class=\"ez-toc-section-end\"><\/span><\/h2><\/div><div class=\"uvc-sub-heading ult-responsive\"  data-ultimate-target='.uvc-heading.ultimate-heading-808469f3c62d7f1b1 .uvc-sub-heading '  data-responsive-json-new='{\"font-size\":\"\",\"line-height\":\"\"}'  style=\"font-weight:normal;\"><\/p>\n<h3 style=\"text-align: justify;\"><span class=\"ez-toc-section\" id=\"Avkoppling_pa_stranden\"><\/span><em>Avkoppling p\u00e5 stranden<\/em><span class=\"ez-toc-section-end\"><\/span><\/h3>\n<p>Om du letar efter en plats att koppla av p\u00e5 \u00e4r Tabarcas str\u00e4nder perfekta. Du kan sola p\u00e5 huvudstranden eller utforska de lugna vikarna som omger \u00f6n. <\/p>\n<p>&nbsp;<\/p>\n<h3><span class=\"ez-toc-section\" id=\"Utforska_historiskt_arv\"><\/span><em>Utforska historiskt arv <\/em><span class=\"ez-toc-section-end\"><\/span><\/h3>\n<p>Missa inte chansen att promenera genom staden och beundra murarna och de historiska byggnaderna. Tabarca f\u00f6rklarades som en historisk-konstn\u00e4rlig plats 1964, och varje h\u00f6rn av \u00f6n ber\u00e4ttar en historia. <\/p>\n<p>&nbsp;<\/p>\n<h3><span class=\"ez-toc-section\" id=\"Snorkling_och_dykning\"><\/span><em>Snorkling och dykning <\/em><span class=\"ez-toc-section-end\"><\/span><\/h3>\n<p>F\u00f6r \u00e4ventyrare \u00e4r <a href=\"https:\/\/laisladetabarca.com\/sv\/aktiviteter-pa-tabarcaon\/snorkling\/\">snorkling<\/a> och <a href=\"https:\/\/laisladetabarca.com\/sv\/aktiviteter-pa-tabarcaon\/buceo\/\">dykning<\/a> ett m\u00e5ste i Tabarca. De b\u00e4sta omr\u00e5dena inkluderar den norra muren, Cala del Franc\u00e9s och Llop Mari-grottan.<\/div><\/div>[vc_empty_space height=&#8221;50px&#8221;]<div id=\"ultimate-heading-738269f3c62d7f216\" class=\"uvc-heading ult-adjust-bottom-margin ultimate-heading-738269f3c62d7f216 uvc-1267 \" data-hspacer=\"no_spacer\"  data-halign=\"left\" style=\"text-align:left\"><div class=\"uvc-heading-spacer no_spacer\" style=\"top\"><\/div><div class=\"uvc-main-heading ult-responsive\"  data-ultimate-target='.uvc-heading.ultimate-heading-738269f3c62d7f216 h2'  data-responsive-json-new='{\"font-size\":\"\",\"line-height\":\"\"}' ><h2 style=\"font-weight:normal;\"><span class=\"ez-toc-section\" id=\"Tabarcas_gastronomi\"><\/span>Tabarcas gastronomi <span class=\"ez-toc-section-end\"><\/span><\/h2><\/div><div class=\"uvc-sub-heading ult-responsive\"  data-ultimate-target='.uvc-heading.ultimate-heading-738269f3c62d7f216 .uvc-sub-heading '  data-responsive-json-new='{\"font-size\":\"\",\"line-height\":\"\"}'  style=\"font-weight:normal;\">Du kan inte l\u00e4mna Tabarca utan att prova den ber\u00f6mda Tabarca caldero, en traditionell r\u00e4tt som fiskare brukade tillaga ombord p\u00e5 sina b\u00e5tar. Och till dessert kan du njuta av en uts\u00f6kt Xixona nougatglass.<\/div><\/div>[vc_empty_space height=&#8221;30px&#8221;][vc_column_text]Tabarca \u00e4r en destination som kombinerar historia, natur och gastronomi. Oavsett om du letar efter avkoppling, \u00e4ventyr eller en kulturell resa har Tabarca allt. Kom bara ih\u00e5g att kontrollera b\u00e5ttiderna f\u00f6r att undvika att bli strandsatt i detta vackra paradis. Utforska Tabarca under en dag och ta med dig minnen hem f\u00f6r livet![\/vc_column_text][\/vc_column][\/vc_row]<\/p>\n<\/div>","protected":false},"excerpt":{"rendered":"<p>[vc_row][vc_column][vc_empty_space height=&#8221;35px&#8221;][\/vc_column][\/vc_row][vc_row][vc_column][vc_empty_space][vc_video link=&#8221;https:\/\/www.youtube.com\/watch?v=GefYnigwZSA&#8221;][vc_empty_space height=&#8221;35px&#8221;][vc_single_image image=&#8221;322&#8243; img_size=&#8221;full&#8221; alignment=&#8221;center&#8221;][\/vc_column][\/vc_row][vc_row][vc_column][vc_empty_space height=&#8221;50px&#8221;][vc_empty_space height=&#8221;50px&#8221;][vc_empty_space height=&#8221;30px&#8221;][vc_column_text]Tabarca \u00e4r en destination som kombinerar historia, natur och gastronomi. Oavsett om du letar efter avkoppling, \u00e4ventyr eller en kulturell resa har Tabarca allt. Kom bara ih\u00e5g att kontrollera b\u00e5ttiderna f\u00f6r att undvika att bli strandsatt i detta vackra paradis. Utforska Tabarca under en dag och&hellip;<\/p>\n","protected":false},"author":1,"featured_media":0,"parent":0,"menu_order":0,"comment_status":"closed","ping_status":"closed","template":"","meta":{"_joinchat":[],"footnotes":""},"class_list":["post-3680","page","type-page","status-publish","hentry","description-off"],"_links":{"self":[{"href":"https:\/\/laisladetabarca.com\/sv\/wp-json\/wp\/v2\/pages\/3680","targetHints":{"allow":["GET"]}}],"collection":[{"href":"https:\/\/laisladetabarca.com\/sv\/wp-json\/wp\/v2\/pages"}],"about":[{"href":"https:\/\/laisladetabarca.com\/sv\/wp-json\/wp\/v2\/types\/page"}],"author":[{"embeddable":true,"href":"https:\/\/laisladetabarca.com\/sv\/wp-json\/wp\/v2\/users\/1"}],"replies":[{"embeddable":true,"href":"https:\/\/laisladetabarca.com\/sv\/wp-json\/wp\/v2\/comments?post=3680"}],"version-history":[{"count":0,"href":"https:\/\/laisladetabarca.com\/sv\/wp-json\/wp\/v2\/pages\/3680\/revisions"}],"wp:attachment":[{"href":"https:\/\/laisladetabarca.com\/sv\/wp-json\/wp\/v2\/media?parent=3680"}],"curies":[{"name":"wp","href":"https:\/\/api.w.org\/{rel}","templated":true}]}}