{"id":3678,"date":"2024-02-26T13:21:57","date_gmt":"2024-02-26T12:21:57","guid":{"rendered":"https:\/\/laisladetabarca.com\/presskit-for-tabarcaon\/"},"modified":"2025-12-28T19:12:52","modified_gmt":"2025-12-28T19:12:52","slug":"presskit-for-tabarcaon","status":"publish","type":"page","link":"https:\/\/laisladetabarca.com\/sv\/presskit-for-tabarcaon\/","title":{"rendered":"Presskit f\u00f6r Tabarca\u00f6n"},"content":{"rendered":"<div class=\"wpb-content-wrapper\"><p>[vc_row][vc_column]<div id=\"ultimate-heading-585569de2e78cad70\" class=\"uvc-heading ult-adjust-bottom-margin ultimate-heading-585569de2e78cad70 uvc-4755 \" data-hspacer=\"no_spacer\"  data-halign=\"center\" style=\"text-align:center\"><div class=\"uvc-heading-spacer no_spacer\" style=\"top\"><\/div><\/div>[vc_column_text]\u00ablaisladetabarca.com\u00bb f\u00e5r tusentals bes\u00f6k p\u00e5 webbplatsen under hela \u00e5ret. Vi har faktiskt f\u00f6rstaplatsen f\u00f6r s\u00f6kintentionen \u00abLa Isla de Tabarca\u00bb och topplaceringar f\u00f6r aktiviteter som \u00e4ger rum i Tabarca, vilket ger en s\u00f6kvolym p\u00e5 15 000 under l\u00e5gs\u00e4song och upp till 32 000 under h\u00f6gs\u00e4song.<\/p>\n<p>Av denna anledning vill vi att du ska dra nytta av v\u00e5ra siffror och grafer, och vi ger dig och ditt f\u00f6retag plats i de viktigaste delarna av webbplatsen. Vill du synas p\u00e5 en av v\u00e5ra banners? Vill du erbjuda n\u00e5gon av dina turisttj\u00e4nster relaterade till Tabarca Island? Om du vill locka bes\u00f6kare till din webbplats kan vi anv\u00e4nda bloggen f\u00f6r att \u00f6ka anv\u00e4ndarnas r\u00e4ckvidd med hj\u00e4lp av l\u00e4nkar. Ska vi kontakta dig?[\/vc_column_text][\/vc_column][\/vc_row][vc_row][vc_column][vc_empty_space height=&#8221;100px&#8221;][\/vc_column][\/vc_row][vc_row][vc_column width=&#8221;1\/4&#8243;][\/vc_column][vc_column width=&#8221;1\/2&#8243; css=&#8221;.vc_custom_1708950089708{background-color: #98135b !important;}&#8221;]<div id=\"ultimate-heading-451869de2e78cadc9\" class=\"uvc-heading ult-adjust-bottom-margin ultimate-heading-451869de2e78cadc9 uvc-5537 \" data-hspacer=\"no_spacer\"  data-halign=\"center\" style=\"text-align:center\"><div class=\"uvc-heading-spacer no_spacer\" style=\"top\"><\/div><div class=\"uvc-main-heading ult-responsive\"  data-ultimate-target='.uvc-heading.ultimate-heading-451869de2e78cadc9 h3'  data-responsive-json-new='{\"font-size\":\"\",\"line-height\":\"\"}' ><h3 style=\"font-weight:normal;color:#ffffff;\">Kontaktformul\u00e4r<\/h3><\/div><\/div>\n<div class=\"wpcf7 no-js\" id=\"wpcf7-f968-o1\" lang=\"es-ES\" dir=\"ltr\" data-wpcf7-id=\"968\">\n<div class=\"screen-reader-response\"><p role=\"status\" aria-live=\"polite\" aria-atomic=\"true\"><\/p> <ul><\/ul><\/div>\n<form action=\"\/sv\/wp-json\/wp\/v2\/pages\/3678#wpcf7-f968-o1\" method=\"post\" class=\"wpcf7-form init\" aria-label=\"Formulario de contacto\" novalidate=\"novalidate\" data-status=\"init\">\n<fieldset class=\"hidden-fields-container\"><input type=\"hidden\" name=\"_wpcf7\" value=\"968\" \/><input type=\"hidden\" name=\"_wpcf7_version\" value=\"6.1.5\" \/><input type=\"hidden\" name=\"_wpcf7_locale\" value=\"es_ES\" \/><input type=\"hidden\" name=\"_wpcf7_unit_tag\" value=\"wpcf7-f968-o1\" \/><input type=\"hidden\" name=\"_wpcf7_container_post\" value=\"0\" \/><input type=\"hidden\" name=\"_wpcf7_posted_data_hash\" value=\"\" \/>\n<\/fieldset>\n<font color=#ffffff>\n\t<p> Tu nombre<br \/>\n<span class=\"wpcf7-form-control-wrap\" data-name=\"your-name\"><input size=\"40\" maxlength=\"400\" class=\"wpcf7-form-control wpcf7-text wpcf7-validates-as-required\" aria-required=\"true\" aria-invalid=\"false\" value=\"\" type=\"text\" name=\"your-name\" \/><\/span>\n\t<\/p>\n\t<p> Tu correo electr\u00f3nico<br \/>\n<span class=\"wpcf7-form-control-wrap\" data-name=\"your-email\"><input size=\"40\" maxlength=\"400\" class=\"wpcf7-form-control wpcf7-email wpcf7-validates-as-required wpcf7-text wpcf7-validates-as-email\" aria-required=\"true\" aria-invalid=\"false\" value=\"\" type=\"email\" name=\"your-email\" \/><\/span>\n\t<\/p>\n\t<p> Nombre empresa<br \/>\n<span class=\"wpcf7-form-control-wrap\" data-name=\"your-company\"><input size=\"40\" maxlength=\"400\" class=\"wpcf7-form-control wpcf7-text wpcf7-validates-as-required\" aria-required=\"true\" aria-invalid=\"false\" value=\"\" type=\"text\" name=\"your-company\" \/><\/span>\n\t<\/p>\n\t<p><span class=\"wpcf7-form-control-wrap\" data-name=\"radio-258\"><span class=\"wpcf7-form-control wpcf7-radio\"><span class=\"wpcf7-list-item first\"><label><input type=\"radio\" name=\"radio-258\" value=\"Enlace\" checked=\"checked\" \/><span class=\"wpcf7-list-item-label\">Enlace<\/span><\/label><\/span><span class=\"wpcf7-list-item\"><label><input type=\"radio\" name=\"radio-258\" value=\"Banner\" \/><span class=\"wpcf7-list-item-label\">Banner<\/span><\/label><\/span><span class=\"wpcf7-list-item\"><label><input type=\"radio\" name=\"radio-258\" value=\"Vender actividades\" \/><span class=\"wpcf7-list-item-label\">Vender actividades<\/span><\/label><\/span><span class=\"wpcf7-list-item last\"><label><input type=\"radio\" name=\"radio-258\" value=\"Otros\" \/><span class=\"wpcf7-list-item-label\">Otros<\/span><\/label><\/span><\/span><\/span>\n\t<\/p>\n\t<p> Tu mensaje (opcional)<br \/>\n<span class=\"wpcf7-form-control-wrap\" data-name=\"your-message\"><textarea cols=\"40\" rows=\"10\" maxlength=\"2000\" class=\"wpcf7-form-control wpcf7-textarea\" aria-invalid=\"false\" name=\"your-message\"><\/textarea><\/span>\n\t<\/p>\n<\/font>\n<body style=\"background-color:#FFFFFF\";>\n\t<p><input class=\"wpcf7-form-control wpcf7-submit has-spinner\" type=\"submit\" value=\"Enviar\" \/>\n\t<\/p>\n<\/body><div class=\"wpcf7-response-output\" aria-hidden=\"true\"><\/div>\n<\/form>\n<\/div>\n[\/vc_column][vc_column width=&#8221;1\/4&#8243;][\/vc_column][\/vc_row][vc_row][vc_column][vc_empty_space height=&#8221;50px&#8221;][\/vc_column][\/vc_row]<\/p>\n<\/div>","protected":false},"excerpt":{"rendered":"<p>[vc_row][vc_column][vc_column_text]\u00ablaisladetabarca.com\u00bb f\u00e5r tusentals bes\u00f6k p\u00e5 webbplatsen under hela \u00e5ret. Vi har faktiskt f\u00f6rstaplatsen f\u00f6r s\u00f6kintentionen \u00abLa Isla de Tabarca\u00bb och topplaceringar f\u00f6r aktiviteter som \u00e4ger rum i Tabarca, vilket ger en s\u00f6kvolym p\u00e5 15 000 under l\u00e5gs\u00e4song och upp till 32 000 under h\u00f6gs\u00e4song. Av denna anledning vill vi att du ska dra nytta av&hellip;<\/p>\n","protected":false},"author":1,"featured_media":0,"parent":0,"menu_order":0,"comment_status":"closed","ping_status":"closed","template":"","meta":{"_joinchat":[],"footnotes":""},"class_list":["post-3678","page","type-page","status-publish","hentry","description-off"],"_links":{"self":[{"href":"https:\/\/laisladetabarca.com\/sv\/wp-json\/wp\/v2\/pages\/3678","targetHints":{"allow":["GET"]}}],"collection":[{"href":"https:\/\/laisladetabarca.com\/sv\/wp-json\/wp\/v2\/pages"}],"about":[{"href":"https:\/\/laisladetabarca.com\/sv\/wp-json\/wp\/v2\/types\/page"}],"author":[{"embeddable":true,"href":"https:\/\/laisladetabarca.com\/sv\/wp-json\/wp\/v2\/users\/1"}],"replies":[{"embeddable":true,"href":"https:\/\/laisladetabarca.com\/sv\/wp-json\/wp\/v2\/comments?post=3678"}],"version-history":[{"count":0,"href":"https:\/\/laisladetabarca.com\/sv\/wp-json\/wp\/v2\/pages\/3678\/revisions"}],"wp:attachment":[{"href":"https:\/\/laisladetabarca.com\/sv\/wp-json\/wp\/v2\/media?parent=3678"}],"curies":[{"name":"wp","href":"https:\/\/api.w.org\/{rel}","templated":true}]}}