{"id":3669,"date":"2022-08-31T13:22:43","date_gmt":"2022-08-31T12:22:43","guid":{"rendered":"https:\/\/laisladetabarca.com\/hotell-i-tabarca\/"},"modified":"2025-10-11T13:00:50","modified_gmt":"2025-10-11T13:00:50","slug":"hotell-i-tabarca","status":"publish","type":"page","link":"https:\/\/laisladetabarca.com\/sv\/hotell-i-tabarca\/","title":{"rendered":"Hotell i Tabarca"},"content":{"rendered":"<div class=\"wpb-content-wrapper\"><p>[vc_row][vc_column]<div id=\"ultimate-heading-271869de5c68d89ae\" class=\"uvc-heading ult-adjust-bottom-margin ultimate-heading-271869de5c68d89ae uvc-7365 \" data-hspacer=\"no_spacer\"  data-halign=\"left\" style=\"text-align:left\"><div class=\"uvc-heading-spacer no_spacer\" style=\"top\"><\/div><div class=\"uvc-sub-heading ult-responsive\"  data-ultimate-target='.uvc-heading.ultimate-heading-271869de5c68d89ae .uvc-sub-heading '  data-responsive-json-new='{\"font-size\":\"\",\"line-height\":\"\"}'  style=\"font-weight:normal;\"><\/p>\n<p style=\"text-align: justify;\"><span style=\"font-weight: 400;\">Om du har n\u00e5tt den h\u00e4r delen av webbplatsen beror det f\u00f6rmodligen p\u00e5 att du redan har best\u00e4mt dig f\u00f6r att komma till Tabarca, och \u00e4rligt talat m\u00e5ste jag gratulera dig; det \u00e4r det b\u00e4sta du kunde g\u00f6ra. Att komma till Tabarca inneb\u00e4r att komma till en \u00f6-livsstil, omgiven av Medelhavet och med sublim mat. <\/span><\/p>\n<p style=\"text-align: justify;\"><span style=\"font-weight: 400;\">Om du letar efter boende kan jag anv\u00e4nda en s\u00f6kmotor nedan som kan hj\u00e4lpa dig att hitta det. Eftersom vi \u00e4r en liten \u00f6 har vi inte mycket boende, men det vi har \u00e4r v\u00e4ldigt fint. <\/span><\/p>\n<p><\/div><\/div>[vc_empty_space height=&#8221;50px&#8221;][vc_raw_html]PGRpdiBkYXRhLXNreXNjYW5uZXItd2lkZ2V0PSJIb3RlbFNlYXJjaFdpZGdldCIgZGF0YS1sb2NhbGU9ImVzLUVTIiBkYXRhLW1hcmtldD0iLmVzIiBkYXRhLWN1cnJlbmN5PSJFVSIgZGF0YS1jYW1wYWlnbi1pZD0iMTM0MTYiIGRhdGEtbWVkaWEtcGFydG5lci1pZD0iMzU5NjUwMCIgZGF0YS1hZC1pZD0iMTEwMzI2MSIgZGF0YS1idXR0b24tY29sb3VyPSIjOTgxMzViIiBkYXRhLWRlc3RpbmF0aW9uLW5hbWU9IlRhYmFyY2EiIGRhdGEtcmVzcG9uc2l2ZT0idHJ1ZSIgZGF0YS1mb250LWNvbG91cj0iIzk4MTM1YiIgZGF0YS1wb3dlcmVkLWJ5LWxvZ28tY29sb3VyPSJkYXJrIiBkYXRhLWlmcmFtZT0idHJ1ZSI+PC9kaXY+CjxzY3JpcHQgc3JjPSJodHRwczovL3dpZGdldHMuc2t5c2Nhbm5lci5uZXQvd2lkZ2V0LXNlcnZlci9qcy9sb2FkZXIuanMiIGFzeW5jPSIiPjwvc2NyaXB0Pg==[\/vc_raw_html][vc_empty_space height=&#8221;50px&#8221;][\/vc_column][\/vc_row][vc_row][vc_column]<div id=\"ultimate-heading-297769de5c68d8a65\" class=\"uvc-heading ult-adjust-bottom-margin ultimate-heading-297769de5c68d8a65 uvc-9942 \" data-hspacer=\"no_spacer\"  data-halign=\"left\" style=\"text-align:left\"><div class=\"uvc-heading-spacer no_spacer\" style=\"top\"><\/div><div class=\"uvc-main-heading ult-responsive\"  data-ultimate-target='.uvc-heading.ultimate-heading-297769de5c68d8a65 h2'  data-responsive-json-new='{\"font-size\":\"\",\"line-height\":\"\"}' ><div id=\"ez-toc-container\" class=\"ez-toc-v2_0_80 counter-hierarchy ez-toc-counter ez-toc-grey ez-toc-container-direction\">\n<div class=\"ez-toc-title-container\">\n<p class=\"ez-toc-title\" style=\"cursor:inherit\">Table of Contents<\/p>\n<span class=\"ez-toc-title-toggle\"><a href=\"#\" class=\"ez-toc-pull-right ez-toc-btn ez-toc-btn-xs ez-toc-btn-default ez-toc-toggle\" aria-label=\"Toggle Table of Content\"><span class=\"ez-toc-js-icon-con\"><span class=\"\"><span class=\"eztoc-hide\" style=\"display:none;\">Toggle<\/span><span class=\"ez-toc-icon-toggle-span\"><svg style=\"fill: #999;color:#999\" xmlns=\"http:\/\/www.w3.org\/2000\/svg\" class=\"list-377408\" width=\"20px\" height=\"20px\" viewBox=\"0 0 24 24\" fill=\"none\"><path d=\"M6 6H4v2h2V6zm14 0H8v2h12V6zM4 11h2v2H4v-2zm16 0H8v2h12v-2zM4 16h2v2H4v-2zm16 0H8v2h12v-2z\" fill=\"currentColor\"><\/path><\/svg><svg style=\"fill: #999;color:#999\" class=\"arrow-unsorted-368013\" xmlns=\"http:\/\/www.w3.org\/2000\/svg\" width=\"10px\" height=\"10px\" viewBox=\"0 0 24 24\" version=\"1.2\" baseProfile=\"tiny\"><path d=\"M18.2 9.3l-6.2-6.3-6.2 6.3c-.2.2-.3.4-.3.7s.1.5.3.7c.2.2.4.3.7.3h11c.3 0 .5-.1.7-.3.2-.2.3-.5.3-.7s-.1-.5-.3-.7zM5.8 14.7l6.2 6.3 6.2-6.3c.2-.2.3-.5.3-.7s-.1-.5-.3-.7c-.2-.2-.4-.3-.7-.3h-11c-.3 0-.5.1-.7.3-.2.2-.3.5-.3.7s.1.5.3.7z\"\/><\/svg><\/span><\/span><\/span><\/a><\/span><\/div>\n<nav><ul class='ez-toc-list ez-toc-list-level-1 ' ><li class='ez-toc-page-1 ez-toc-heading-level-2'><a class=\"ez-toc-link ez-toc-heading-1\" href=\"https:\/\/laisladetabarca.com\/sv\/hotell-i-tabarca\/#Billiga_hotell_i_Tabarca\" >Billiga hotell i Tabarca<\/a><\/li><li class='ez-toc-page-1 ez-toc-heading-level-2'><a class=\"ez-toc-link ez-toc-heading-2\" href=\"https:\/\/laisladetabarca.com\/sv\/hotell-i-tabarca\/#Husdjursvanliga_hotell_i_Tabarca\" >Husdjursv\u00e4nliga hotell i Tabarca<\/a><\/li><\/ul><\/nav><\/div>\n<h2 style=\"font-weight:normal;\"><span class=\"ez-toc-section\" id=\"Billiga_hotell_i_Tabarca\"><\/span>Billiga hotell i Tabarca<span class=\"ez-toc-section-end\"><\/span><\/h2><\/div><div class=\"uvc-sub-heading ult-responsive\"  data-ultimate-target='.uvc-heading.ultimate-heading-297769de5c68d8a65 .uvc-sub-heading '  data-responsive-json-new='{\"font-size\":\"\",\"line-height\":\"\"}'  style=\"font-weight:normal;\"><\/p>\n<p style=\"text-align: justify;\"><span style=\"font-weight: 400;\">Som jag n\u00e4mnde i f\u00f6reg\u00e5ende stycke \u00e4r Tabarca en s\u00e5 liten \u00f6 att vi inte har stora hotell eller resorter. Det finns f\u00e5 alternativ p\u00e5 sj\u00e4lva \u00f6n. Om du letar efter billiga hotell i Tabarca \u00e4r det d\u00e4rf\u00f6r b\u00e4sta alternativet att bo i Santa Pola, d\u00e4r det finns ett brett utbud av hotell och boenden, och d\u00e4rmed l\u00e4gre priser. Jag anv\u00e4nder dock hotells\u00f6kmotorn igen s\u00e5 att du sj\u00e4lv kan hitta det boende du vill ha.   <\/span><\/p>\n<p><\/div><\/div>[vc_raw_html]PGRpdiBkYXRhLXNreXNjYW5uZXItd2lkZ2V0PSJIb3RlbFNlYXJjaFdpZGdldCIgZGF0YS1sb2NhbGU9ImVzLUVTIiBkYXRhLW1hcmtldD0iLmVzIiBkYXRhLWN1cnJlbmN5PSJFVSIgZGF0YS1jYW1wYWlnbi1pZD0iMTM0MTYiIGRhdGEtbWVkaWEtcGFydG5lci1pZD0iMzU5NjUwMCIgZGF0YS1hZC1pZD0iMTEwMzI2MSIgZGF0YS1idXR0b24tY29sb3VyPSIjOTgxMzViIiBkYXRhLWRlc3RpbmF0aW9uLW5hbWU9IlRhYmFyY2EiIGRhdGEtcmVzcG9uc2l2ZT0idHJ1ZSIgZGF0YS1mb250LWNvbG91cj0iIzk4MTM1YiIgZGF0YS1wb3dlcmVkLWJ5LWxvZ28tY29sb3VyPSJkYXJrIiBkYXRhLWlmcmFtZT0idHJ1ZSI+PC9kaXY+CjxzY3JpcHQgc3JjPSJodHRwczovL3dpZGdldHMuc2t5c2Nhbm5lci5uZXQvd2lkZ2V0LXNlcnZlci9qcy9sb2FkZXIuanMiIGFzeW5jPSIiPjwvc2NyaXB0Pg==[\/vc_raw_html][vc_empty_space height=&#8221;50px&#8221;]<div id=\"ultimate-heading-715769de5c68d8b02\" class=\"uvc-heading ult-adjust-bottom-margin ultimate-heading-715769de5c68d8b02 uvc-7356 \" data-hspacer=\"no_spacer\"  data-halign=\"left\" style=\"text-align:left\"><div class=\"uvc-heading-spacer no_spacer\" style=\"top\"><\/div><div class=\"uvc-main-heading ult-responsive\"  data-ultimate-target='.uvc-heading.ultimate-heading-715769de5c68d8b02 h2'  data-responsive-json-new='{\"font-size\":\"\",\"line-height\":\"\"}' ><h2 style=\"font-weight:normal;\"><span class=\"ez-toc-section\" id=\"Husdjursvanliga_hotell_i_Tabarca\"><\/span>Husdjursv\u00e4nliga hotell i Tabarca<span class=\"ez-toc-section-end\"><\/span><\/h2><\/div><div class=\"uvc-sub-heading ult-responsive\"  data-ultimate-target='.uvc-heading.ultimate-heading-715769de5c68d8b02 .uvc-sub-heading '  data-responsive-json-new='{\"font-size\":\"\",\"line-height\":\"\"}'  style=\"font-weight:normal;\"><\/p>\n<p style=\"text-align: justify;\"><span style=\"font-weight: 400;\">Fler och fler boenden till\u00e5ter husdjur, oavsett om det \u00e4r vandrarhem eller lantliga hus. Oavsett vilken typ av boende du funderar p\u00e5 \u00e4r det dock viktigt att kontrollera individuellt vilka som till\u00e5ter husdjur. <\/span><\/p>\n<p><\/div><\/div>[vc_raw_html]PGRpdiBkYXRhLXNreXNjYW5uZXItd2lkZ2V0PSJIb3RlbFNlYXJjaFdpZGdldCIgZGF0YS1sb2NhbGU9ImVzLUVTIiBkYXRhLW1hcmtldD0iLmVzIiBkYXRhLWN1cnJlbmN5PSJFVSIgZGF0YS1jYW1wYWlnbi1pZD0iMTM0MTYiIGRhdGEtbWVkaWEtcGFydG5lci1pZD0iMzU5NjUwMCIgZGF0YS1hZC1pZD0iMTEwMzI2MSIgZGF0YS1idXR0b24tY29sb3VyPSIjOTgxMzViIiBkYXRhLWRlc3RpbmF0aW9uLW5hbWU9IlRhYmFyY2EiIGRhdGEtcmVzcG9uc2l2ZT0idHJ1ZSIgZGF0YS1mb250LWNvbG91cj0iIzk4MTM1YiIgZGF0YS1wb3dlcmVkLWJ5LWxvZ28tY29sb3VyPSJkYXJrIiBkYXRhLWlmcmFtZT0idHJ1ZSI+PC9kaXY+CjxzY3JpcHQgc3JjPSJodHRwczovL3dpZGdldHMuc2t5c2Nhbm5lci5uZXQvd2lkZ2V0LXNlcnZlci9qcy9sb2FkZXIuanMiIGFzeW5jPSIiPjwvc2NyaXB0Pg==[\/vc_raw_html][vc_empty_space height=&#8221;50px&#8221;][\/vc_column][\/vc_row]<\/p>\n<\/div>","protected":false},"excerpt":{"rendered":"<p>[vc_row][vc_column][vc_empty_space height=&#8221;50px&#8221;][vc_raw_html]PGRpdiBkYXRhLXNreXNjYW5uZXItd2lkZ2V0PSJIb3RlbFNlYXJjaFdpZGdldCIgZGF0YS1sb2NhbGU9ImVzLUVTIiBkYXRhLW1hcmtldD0iLmVzIiBkYXRhLWN1cnJlbmN5PSJFVSIgZGF0YS1jYW1wYWlnbi1pZD0iMTM0MTYiIGRhdGEtbWVkaWEtcGFydG5lci1pZD0iMzU5NjUwMCIgZGF0YS1hZC1pZD0iMTEwMzI2MSIgZGF0YS1idXR0b24tY29sb3VyPSIjOTgxMzViIiBkYXRhLWRlc3RpbmF0aW9uLW5hbWU9IlRhYmFyY2EiIGRhdGEtcmVzcG9uc2l2ZT0idHJ1ZSIgZGF0YS1mb250LWNvbG91cj0iIzk4MTM1YiIgZGF0YS1wb3dlcmVkLWJ5LWxvZ28tY29sb3VyPSJkYXJrIiBkYXRhLWlmcmFtZT0idHJ1ZSI+PC9kaXY+CjxzY3JpcHQgc3JjPSJodHRwczovL3dpZGdldHMuc2t5c2Nhbm5lci5uZXQvd2lkZ2V0LXNlcnZlci9qcy9sb2FkZXIuanMiIGFzeW5jPSIiPjwvc2NyaXB0Pg==[\/vc_raw_html][vc_empty_space height=&#8221;50px&#8221;][\/vc_column][\/vc_row][vc_row][vc_column][vc_raw_html]PGRpdiBkYXRhLXNreXNjYW5uZXItd2lkZ2V0PSJIb3RlbFNlYXJjaFdpZGdldCIgZGF0YS1sb2NhbGU9ImVzLUVTIiBkYXRhLW1hcmtldD0iLmVzIiBkYXRhLWN1cnJlbmN5PSJFVSIgZGF0YS1jYW1wYWlnbi1pZD0iMTM0MTYiIGRhdGEtbWVkaWEtcGFydG5lci1pZD0iMzU5NjUwMCIgZGF0YS1hZC1pZD0iMTEwMzI2MSIgZGF0YS1idXR0b24tY29sb3VyPSIjOTgxMzViIiBkYXRhLWRlc3RpbmF0aW9uLW5hbWU9IlRhYmFyY2EiIGRhdGEtcmVzcG9uc2l2ZT0idHJ1ZSIgZGF0YS1mb250LWNvbG91cj0iIzk4MTM1YiIgZGF0YS1wb3dlcmVkLWJ5LWxvZ28tY29sb3VyPSJkYXJrIiBkYXRhLWlmcmFtZT0idHJ1ZSI+PC9kaXY+CjxzY3JpcHQgc3JjPSJodHRwczovL3dpZGdldHMuc2t5c2Nhbm5lci5uZXQvd2lkZ2V0LXNlcnZlci9qcy9sb2FkZXIuanMiIGFzeW5jPSIiPjwvc2NyaXB0Pg==[\/vc_raw_html][vc_empty_space height=&#8221;50px&#8221;][vc_raw_html]PGRpdiBkYXRhLXNreXNjYW5uZXItd2lkZ2V0PSJIb3RlbFNlYXJjaFdpZGdldCIgZGF0YS1sb2NhbGU9ImVzLUVTIiBkYXRhLW1hcmtldD0iLmVzIiBkYXRhLWN1cnJlbmN5PSJFVSIgZGF0YS1jYW1wYWlnbi1pZD0iMTM0MTYiIGRhdGEtbWVkaWEtcGFydG5lci1pZD0iMzU5NjUwMCIgZGF0YS1hZC1pZD0iMTEwMzI2MSIgZGF0YS1idXR0b24tY29sb3VyPSIjOTgxMzViIiBkYXRhLWRlc3RpbmF0aW9uLW5hbWU9IlRhYmFyY2EiIGRhdGEtcmVzcG9uc2l2ZT0idHJ1ZSIgZGF0YS1mb250LWNvbG91cj0iIzk4MTM1YiIgZGF0YS1wb3dlcmVkLWJ5LWxvZ28tY29sb3VyPSJkYXJrIiBkYXRhLWlmcmFtZT0idHJ1ZSI+PC9kaXY+CjxzY3JpcHQgc3JjPSJodHRwczovL3dpZGdldHMuc2t5c2Nhbm5lci5uZXQvd2lkZ2V0LXNlcnZlci9qcy9sb2FkZXIuanMiIGFzeW5jPSIiPjwvc2NyaXB0Pg==[\/vc_raw_html][vc_empty_space height=&#8221;50px&#8221;][\/vc_column][\/vc_row]<\/p>\n","protected":false},"author":1,"featured_media":0,"parent":0,"menu_order":0,"comment_status":"closed","ping_status":"closed","template":"","meta":{"_joinchat":[],"footnotes":""},"class_list":["post-3669","page","type-page","status-publish","hentry","description-off"],"_links":{"self":[{"href":"https:\/\/laisladetabarca.com\/sv\/wp-json\/wp\/v2\/pages\/3669","targetHints":{"allow":["GET"]}}],"collection":[{"href":"https:\/\/laisladetabarca.com\/sv\/wp-json\/wp\/v2\/pages"}],"about":[{"href":"https:\/\/laisladetabarca.com\/sv\/wp-json\/wp\/v2\/types\/page"}],"author":[{"embeddable":true,"href":"https:\/\/laisladetabarca.com\/sv\/wp-json\/wp\/v2\/users\/1"}],"replies":[{"embeddable":true,"href":"https:\/\/laisladetabarca.com\/sv\/wp-json\/wp\/v2\/comments?post=3669"}],"version-history":[{"count":0,"href":"https:\/\/laisladetabarca.com\/sv\/wp-json\/wp\/v2\/pages\/3669\/revisions"}],"wp:attachment":[{"href":"https:\/\/laisladetabarca.com\/sv\/wp-json\/wp\/v2\/media?parent=3669"}],"curies":[{"name":"wp","href":"https:\/\/api.w.org\/{rel}","templated":true}]}}