{"id":3658,"date":"2023-02-08T16:27:11","date_gmt":"2023-02-08T15:27:11","guid":{"rendered":"https:\/\/laisladetabarca.com\/med-barn\/"},"modified":"2026-01-30T17:38:58","modified_gmt":"2026-01-30T16:38:58","slug":"med-barn","status":"publish","type":"page","link":"https:\/\/laisladetabarca.com\/sv\/med-barn\/","title":{"rendered":"Med Barn"},"content":{"rendered":"<div class=\"wpb-content-wrapper\"><p>[vc_row][vc_column]<div id=\"ultimate-heading-401869de2e6940b6b\" class=\"uvc-heading ult-adjust-bottom-margin ultimate-heading-401869de2e6940b6b uvc-2090 \" data-hspacer=\"no_spacer\"  data-halign=\"left\" style=\"text-align:left\"><div class=\"uvc-heading-spacer no_spacer\" style=\"top\"><\/div><div class=\"uvc-sub-heading ult-responsive\"  data-ultimate-target='.uvc-heading.ultimate-heading-401869de2e6940b6b .uvc-sub-heading '  data-responsive-json-new='{\"font-size\":\"\",\"line-height\":\"\"}'  style=\"font-weight:normal;\"><\/p>\n<p style=\"text-align: justify;\">Tabarca\u00f6n \u00e4r ett naturparadis bel\u00e4get i Medelhavet som erbjuder o\u00e4ndliga m\u00f6jligheter att njuta av sol, hav och natur. Men visste du att det ocks\u00e5 \u00e4r en idealisk plats f\u00f6r barn? Denna lilla \u00f6 \u00e4r ett perfekt resm\u00e5l f\u00f6r barnfamiljer, som hittar ett brett utbud av aktiviteter och attraktioner f\u00f6r att ha kul och l\u00e4ra sig samtidigt.  <\/p>\n<p>&nbsp;<\/p>\n<p style=\"text-align: justify;\">Fr\u00e5n att bes\u00f6ka akvariet och se fiskarna till att bes\u00f6ka fyren och beundra utsikten, kommer barnen att f\u00e5 en of\u00f6rgl\u00f6mlig upplevelse p\u00e5 Tabarca\u00f6n. I det h\u00e4r inl\u00e4gget ber\u00e4ttar vi allt som barn kan g\u00f6ra p\u00e5 denna underbara \u00f6. <\/p>\n<p><\/div><\/div>[vc_empty_space height=&#8221;50px&#8221;][\/vc_column][\/vc_row][vc_row][vc_column]<div id=\"ultimate-heading-333669de2e6940bd9\" class=\"uvc-heading ult-adjust-bottom-margin ultimate-heading-333669de2e6940bd9 uvc-2795 \" data-hspacer=\"no_spacer\"  data-halign=\"left\" style=\"text-align:left\"><div class=\"uvc-heading-spacer no_spacer\" style=\"top\"><\/div><div class=\"uvc-main-heading ult-responsive\"  data-ultimate-target='.uvc-heading.ultimate-heading-333669de2e6940bd9 h2'  data-responsive-json-new='{\"font-size\":\"\",\"line-height\":\"\"}' ><div id=\"ez-toc-container\" class=\"ez-toc-v2_0_80 counter-hierarchy ez-toc-counter ez-toc-grey ez-toc-container-direction\">\n<div class=\"ez-toc-title-container\">\n<p class=\"ez-toc-title\" style=\"cursor:inherit\">Table of Contents<\/p>\n<span class=\"ez-toc-title-toggle\"><a href=\"#\" class=\"ez-toc-pull-right ez-toc-btn ez-toc-btn-xs ez-toc-btn-default ez-toc-toggle\" aria-label=\"Toggle Table of Content\"><span class=\"ez-toc-js-icon-con\"><span class=\"\"><span class=\"eztoc-hide\" style=\"display:none;\">Toggle<\/span><span class=\"ez-toc-icon-toggle-span\"><svg style=\"fill: #999;color:#999\" xmlns=\"http:\/\/www.w3.org\/2000\/svg\" class=\"list-377408\" width=\"20px\" height=\"20px\" viewBox=\"0 0 24 24\" fill=\"none\"><path d=\"M6 6H4v2h2V6zm14 0H8v2h12V6zM4 11h2v2H4v-2zm16 0H8v2h12v-2zM4 16h2v2H4v-2zm16 0H8v2h12v-2z\" fill=\"currentColor\"><\/path><\/svg><svg style=\"fill: #999;color:#999\" class=\"arrow-unsorted-368013\" xmlns=\"http:\/\/www.w3.org\/2000\/svg\" width=\"10px\" height=\"10px\" viewBox=\"0 0 24 24\" version=\"1.2\" baseProfile=\"tiny\"><path d=\"M18.2 9.3l-6.2-6.3-6.2 6.3c-.2.2-.3.4-.3.7s.1.5.3.7c.2.2.4.3.7.3h11c.3 0 .5-.1.7-.3.2-.2.3-.5.3-.7s-.1-.5-.3-.7zM5.8 14.7l6.2 6.3 6.2-6.3c.2-.2.3-.5.3-.7s-.1-.5-.3-.7c-.2-.2-.4-.3-.7-.3h-11c-.3 0-.5.1-.7.3-.2.2-.3.5-.3.7s.1.5.3.7z\"\/><\/svg><\/span><\/span><\/span><\/a><\/span><\/div>\n<nav><ul class='ez-toc-list ez-toc-list-level-1 ' ><li class='ez-toc-page-1 ez-toc-heading-level-2'><a class=\"ez-toc-link ez-toc-heading-1\" href=\"https:\/\/laisladetabarca.com\/sv\/med-barn\/#Vilka_fritidsaktiviteter_finns_tillgangliga_for_barn_i_Tabarca\" >Vilka fritidsaktiviteter finns tillg\u00e4ngliga f\u00f6r barn i Tabarca?<\/a><\/li><li class='ez-toc-page-1 ez-toc-heading-level-2'><a class=\"ez-toc-link ez-toc-heading-2\" href=\"https:\/\/laisladetabarca.com\/sv\/med-barn\/#Letar_du_efter_en_rolig_och_spannande_aktivitet_for_barn_pa_Tabarcaon\" >Letar du efter en rolig och sp\u00e4nnande aktivitet f\u00f6r barn p\u00e5 Tabarca\u00f6n?<\/a><\/li><li class='ez-toc-page-1 ez-toc-heading-level-2'><a class=\"ez-toc-link ez-toc-heading-3\" href=\"https:\/\/laisladetabarca.com\/sv\/med-barn\/#Finns_det_sakra_vattenaktiviteter_for_barn_pa_Tabarcaon\" >Finns det s\u00e4kra vattenaktiviteter f\u00f6r barn p\u00e5 Tabarca\u00f6n?<\/a><ul class='ez-toc-list-level-3' ><li class='ez-toc-heading-level-3'><a class=\"ez-toc-link ez-toc-heading-4\" href=\"https:\/\/laisladetabarca.com\/sv\/med-barn\/#Kan_man_besoka_on_aret_runt\" >Kan man bes\u00f6ka \u00f6n \u00e5ret runt?<\/a><\/li><\/ul><\/li><\/ul><\/nav><\/div>\n<h2 style=\"font-weight:normal;\"><span class=\"ez-toc-section\" id=\"Vilka_fritidsaktiviteter_finns_tillgangliga_for_barn_i_Tabarca\"><\/span>Vilka fritidsaktiviteter finns tillg\u00e4ngliga f\u00f6r barn i Tabarca?<span class=\"ez-toc-section-end\"><\/span><\/h2><\/div><div class=\"uvc-sub-heading ult-responsive\"  data-ultimate-target='.uvc-heading.ultimate-heading-333669de2e6940bd9 .uvc-sub-heading '  data-responsive-json-new='{\"font-size\":\"\",\"line-height\":\"\"}'  style=\"font-weight:normal;\"><\/p>\n<div class=\"flex-1 overflow-hidden\">\n<div class=\"react-scroll-to-bottom--css-fsolu-79elbk h-full dark:bg-gray-800\">\n<div class=\"react-scroll-to-bottom--css-fsolu-1n7m0yu\">\n<div class=\"flex flex-col items-center text-sm h-full dark:bg-gray-800\">\n<div class=\"w-full border-b border-black\/10 dark:border-gray-900\/50 text-gray-800 dark:text-gray-100 group bg-gray-50 dark:bg-[#444654]\">\n<div class=\"text-base gap-4 md:gap-6 m-auto md:max-w-2xl lg:max-w-2xl xl:max-w-3xl p-4 md:py-6 flex lg:px-0\">\n<div class=\"relative flex w-[calc(100%-50px)] flex-col gap-1 md:gap-3 lg:w-[calc(100%-115px)]\">\n<div class=\"flex flex-grow flex-col gap-3\">\n<div class=\"min-h-[20px] flex flex-col items-start gap-4 whitespace-pre-wrap\">\n<div class=\"markdown prose w-full break-words dark:prose-invert light\">\n<p>Tabarca\u00f6n \u00e4r ett perfekt resm\u00e5l f\u00f6r barn, med ett brett utbud av fritidsaktiviteter som kommer att underh\u00e5lla dem och l\u00e5ta dem njuta av \u00f6ns naturliga sk\u00f6nhet. H\u00e4r \u00e4r n\u00e5gra av de mest popul\u00e4ra aktiviteterna f\u00f6r barn i Tabarca: <\/p>\n<ol>\n<li>Snorkling och dykning: Barn kan dyka ner i Tabarcas kristallklara hav och utforska den vackra undervattensv\u00e4rlden. Det finns ett brett utbud av snorkling- och dykutflykter tillg\u00e4ngliga, inklusive m\u00f6jligheten att se tropiska fiskar och annat marint liv. <\/li>\n<li>Akvariumbes\u00f6k: Barn kan bes\u00f6ka Tabarca-akvariet och p\u00e5 n\u00e4ra h\u00e5ll se fiskarna och andra marina djur som lever i Medelhavet.<\/li>\n<li>Fyrturer: Tabarca fyr \u00e4r en av \u00f6ns mest popul\u00e4ra attraktioner. Barn kan kl\u00e4ttra upp till toppen och njuta av en fantastisk panoramautsikt \u00f6ver havet och \u00f6n. <\/li>\n<li>B\u00e5tturer: Barn kan hoppa ombord p\u00e5 en b\u00e5t och utforska Tabarca-kusten. Det finns ett brett utbud av utflykter tillg\u00e4ngliga, fr\u00e5n heldagskryssningar till eftermiddagsturer. <\/li>\n<li>Strandlekar: Barn kan njuta av vattensporter, som surfing och vindsurfing, eller helt enkelt leka p\u00e5 stranden och njuta av solen.<\/li>\n<\/ol>\n<p>Kort sagt, Tabarca Island \u00e4r ett perfekt resm\u00e5l f\u00f6r barn, med ett brett utbud av fritidsaktiviteter som kommer att underh\u00e5lla dem och l\u00e5ta dem njuta av \u00f6ns naturliga sk\u00f6nhet. Oavsett om de \u00e4r intresserade av dykning, b\u00e5tturer, vattensporter eller helt enkelt att leka p\u00e5 stranden, kommer barnen att ha en of\u00f6rgl\u00f6mlig upplevelse i Tabarca. <\/p>\n<\/div>\n<\/div>\n<\/div>\n<div class=\"flex justify-between\">\n<div class=\"text-gray-400 flex self-end lg:self-center justify-center mt-2 gap-3 md:gap-4 lg:gap-1 lg:absolute lg:top-0 lg:translate-x-full lg:right-0 lg:mt-0 lg:pl-2 visible\"><\/div>\n<\/div>\n<\/div>\n<\/div>\n<\/div>\n<div class=\"w-full h-32 md:h-48 flex-shrink-0\"><\/div>\n<\/div>\n<\/div>\n<\/div>\n<\/div>\n<div class=\"absolute bottom-0 left-0 w-full border-t md:border-t-0 dark:border-white\/20 md:border-transparent md:dark:border-transparent md:bg-vert-light-gradient bg-white dark:bg-gray-800 md:!bg-transparent dark:md:bg-vert-dark-gradient\">\n<form class=\"stretch mx-2 flex flex-row gap-3 pt-2 last:mb-2 md:last:mb-6 lg:mx-auto lg:max-w-3xl lg:pt-6\">\n<div class=\"relative flex h-full flex-1 md:flex-col\">\n<div class=\"flex ml-1 mt-1.5 md:w-full md:m-auto md:mb-2 gap-0 md:gap-2 justify-center\"><\/div>\n<\/div>\n<\/form>\n<\/div>\n<p><\/div><\/div>[vc_single_image image=&#8221;3659&#8243; img_size=&#8221;full&#8221;]<div id=\"ultimate-heading-154769de2e6940c6d\" class=\"uvc-heading ult-adjust-bottom-margin ultimate-heading-154769de2e6940c6d uvc-1092 \" data-hspacer=\"no_spacer\"  data-halign=\"left\" style=\"text-align:left\"><div class=\"uvc-heading-spacer no_spacer\" style=\"top\"><\/div><div class=\"uvc-main-heading ult-responsive\"  data-ultimate-target='.uvc-heading.ultimate-heading-154769de2e6940c6d h2'  data-responsive-json-new='{\"font-size\":\"\",\"line-height\":\"\"}' ><h2 style=\"font-weight:normal;\"><span class=\"ez-toc-section\" id=\"Letar_du_efter_en_rolig_och_spannande_aktivitet_for_barn_pa_Tabarcaon\"><\/span>Letar du efter en rolig och sp\u00e4nnande aktivitet f\u00f6r barn p\u00e5 Tabarca\u00f6n?<span class=\"ez-toc-section-end\"><\/span><\/h2><\/div><div class=\"uvc-sub-heading ult-responsive\"  data-ultimate-target='.uvc-heading.ultimate-heading-154769de2e6940c6d .uvc-sub-heading '  data-responsive-json-new='{\"font-size\":\"\",\"line-height\":\"\"}'  style=\"font-weight:normal;\">En katamarantur \u00e4r ett perfekt s\u00e4tt att utforska Tabarca-kusten och njuta av solen, havet och naturen. Barn kan njuta av en dag p\u00e5 vattnet, simma och snorkla i det kristallklara havet och se marint liv p\u00e5 n\u00e4ra h\u00e5ll. Katamaranturer inkluderar ofta en picknick p\u00e5 en \u00f6de strand, vilket ger ett perfekt tillf\u00e4lle f\u00f6r barn att leka och njuta av solen.  <\/p>\n<p>Det finns m\u00e5nga alternativ f\u00f6r katamaranturer i Tabarca, fr\u00e5n heldagsutflykter till eftermiddagsturer. S\u00e5 om du letar efter en rolig och sp\u00e4nnande aktivitet f\u00f6r barn i Tabarca, \u00f6verv\u00e4g en katamarantur.<\/div><\/div>[vc_raw_html]PGRpdiBkYXRhLWd5Zy1ocmVmPSJodHRwczovL3dpZGdldC5nZXR5b3VyZ3VpZGUuY29tL2RlZmF1bHQvYWN0aXZpdGllcy5mcmFtZSIgZGF0YS1neWctbG9jYWxlLWNvZGU9ImVzLUVTIiBkYXRhLWd5Zy13aWRnZXQ9ImFjdGl2aXRpZXMiIGRhdGEtZ3lnLW51bWJlci1vZi1pdGVtcz0iMSIgZGF0YS1neWctY21wPSJJVF91cmxfbmlub3MiIGRhdGEtZ3lnLXBhcnRuZXItaWQ9IlcxUUxHOUsiIGRhdGEtZ3lnLXBsYWNlbWVudD0ib3RoZXIiIGRhdGEtZ3lnLXRvdXItaWRzPSIzNzgyMDQiPjwvZGl2Pg==[\/vc_raw_html][vc_empty_space height=&#8221;50px&#8221;]<div id=\"ultimate-heading-566269de2e6940ccc\" class=\"uvc-heading ult-adjust-bottom-margin ultimate-heading-566269de2e6940ccc uvc-90 \" data-hspacer=\"no_spacer\"  data-halign=\"left\" style=\"text-align:left\"><div class=\"uvc-heading-spacer no_spacer\" style=\"top\"><\/div><div class=\"uvc-main-heading ult-responsive\"  data-ultimate-target='.uvc-heading.ultimate-heading-566269de2e6940ccc h2'  data-responsive-json-new='{\"font-size\":\"\",\"line-height\":\"\"}' ><h2 style=\"font-weight:normal;\"><span class=\"ez-toc-section\" id=\"Finns_det_sakra_vattenaktiviteter_for_barn_pa_Tabarcaon\"><\/span>Finns det s\u00e4kra vattenaktiviteter f\u00f6r barn p\u00e5 Tabarca\u00f6n?<span class=\"ez-toc-section-end\"><\/span><\/h2><\/div><div class=\"uvc-sub-heading ult-responsive\"  data-ultimate-target='.uvc-heading.ultimate-heading-566269de2e6940ccc .uvc-sub-heading '  data-responsive-json-new='{\"font-size\":\"\",\"line-height\":\"\"}'  style=\"font-weight:normal;\">Ja, det finns m\u00e5nga s\u00e4kra vattenaktiviteter f\u00f6r barn p\u00e5 Tabarca\u00f6n. \u00d6n har mjuka sandstr\u00e4nder och kristallklart vatten, vilket g\u00f6r den idealisk f\u00f6r barn. Dessutom finns det ett brett utbud av professionellt \u00f6vervakade vattenaktiviteter som erbjuder en s\u00e4ker milj\u00f6 f\u00f6r de sm\u00e5.  <\/p>\n<p>S\u00e4kra vattenaktiviteter f\u00f6r barn i Tabarca inkluderar snorkling, forsr\u00e4nning, kajakpaddling, strandfiske och snorkling. Alla dessa aktiviteter \u00e4r tillg\u00e4ngliga med kvalificerade instrukt\u00f6rer och s\u00e4ker utrustning f\u00f6r att garantera barnens s\u00e4kerhet hela tiden. <\/p>\n<p>Dessutom \u00e4r m\u00e5nga av dessa aktiviteter tillg\u00e4ngliga i sm\u00e5 grupper, vilket m\u00f6jligg\u00f6r individuell uppm\u00e4rksamhet och en s\u00e4krare milj\u00f6. Det \u00e4r viktigt att se till att du v\u00e4ljer en vattenaktivitet som passar ditt barns \u00e5lder och f\u00f6rm\u00e5gor och alltid \u00f6vervakar dem noggrant.<\/div><\/div>[vc_video link=&#8221;https:\/\/www.youtube.com\/watch?v=i275A0yqjY0&#8243; align=&#8221;center&#8221;][\/vc_column][\/vc_row][vc_row][vc_column][vc_single_image image=&#8221;3660&#8243; img_size=&#8221;full&#8221; alignment=&#8221;center&#8221;][vc_empty_space height=&#8221;50px&#8221;][\/vc_column][\/vc_row][vc_row][vc_column]<div id=\"ultimate-heading-378569de2e6940d2b\" class=\"uvc-heading ult-adjust-bottom-margin ultimate-heading-378569de2e6940d2b uvc-4235 \" data-hspacer=\"no_spacer\"  data-halign=\"left\" style=\"text-align:left\"><div class=\"uvc-heading-spacer no_spacer\" style=\"top\"><\/div><div class=\"uvc-main-heading ult-responsive\"  data-ultimate-target='.uvc-heading.ultimate-heading-378569de2e6940d2b h3'  data-responsive-json-new='{\"font-size\":\"\",\"line-height\":\"\"}' ><h3 style=\"font-weight:normal;\"><span class=\"ez-toc-section\" id=\"Kan_man_besoka_on_aret_runt\"><\/span>Kan man bes\u00f6ka \u00f6n \u00e5ret runt?<span class=\"ez-toc-section-end\"><\/span><\/h3><\/div><div class=\"uvc-sub-heading ult-responsive\"  data-ultimate-target='.uvc-heading.ultimate-heading-378569de2e6940d2b .uvc-sub-heading '  data-responsive-json-new='{\"font-size\":\"\",\"line-height\":\"\"}'  style=\"font-weight:normal;\"><\/p>\n<p style=\"text-align: justify;\">Ja! Tabarca\u00f6n \u00e4r ett popul\u00e4rt turistm\u00e5l \u00e5ret runt, med varmt, soligt v\u00e4der p\u00e5 sommaren och milda temperaturer p\u00e5 vintern. <\/p>\n<p>Det betyder att barn kan njuta av alla aktiviteter som \u00f6n har att erbjuda \u00e5ret runt, inklusive mjuka sandstr\u00e4nder, vattenaktiviteter och b\u00e5tturer f\u00f6r att se marint liv.<\/p>\n<p>Kort sagt, Tabarca Island \u00e4r en destination f\u00f6r alla \u00e5rstider och ett utm\u00e4rkt alternativ f\u00f6r en familjesemester \u00e5ret runt. G\u00f6r er familjesemester i Tabarca till ett of\u00f6rgl\u00f6mligt minne!<\/div><\/div>[vc_empty_space height=&#8221;50px&#8221;][\/vc_column][\/vc_row]<\/p>\n<\/div>","protected":false},"excerpt":{"rendered":"<p>[vc_row][vc_column][vc_empty_space height=&#8221;50px&#8221;][\/vc_column][\/vc_row][vc_row][vc_column][vc_single_image image=&#8221;3659&#8243; img_size=&#8221;full&#8221;][vc_raw_html]PGRpdiBkYXRhLWd5Zy1ocmVmPSJodHRwczovL3dpZGdldC5nZXR5b3VyZ3VpZGUuY29tL2RlZmF1bHQvYWN0aXZpdGllcy5mcmFtZSIgZGF0YS1neWctbG9jYWxlLWNvZGU9ImVzLUVTIiBkYXRhLWd5Zy13aWRnZXQ9ImFjdGl2aXRpZXMiIGRhdGEtZ3lnLW51bWJlci1vZi1pdGVtcz0iMSIgZGF0YS1neWctY21wPSJJVF91cmxfbmlub3MiIGRhdGEtZ3lnLXBhcnRuZXItaWQ9IlcxUUxHOUsiIGRhdGEtZ3lnLXBsYWNlbWVudD0ib3RoZXIiIGRhdGEtZ3lnLXRvdXItaWRzPSIzNzgyMDQiPjwvZGl2Pg==[\/vc_raw_html][vc_empty_space height=&#8221;50px&#8221;][vc_video link=&#8221;https:\/\/www.youtube.com\/watch?v=i275A0yqjY0&#8243; align=&#8221;center&#8221;][\/vc_column][\/vc_row][vc_row][vc_column][vc_single_image image=&#8221;3660&#8243; img_size=&#8221;full&#8221; alignment=&#8221;center&#8221;][vc_empty_space height=&#8221;50px&#8221;][\/vc_column][\/vc_row][vc_row][vc_column][vc_empty_space height=&#8221;50px&#8221;][\/vc_column][\/vc_row]<\/p>\n","protected":false},"author":1,"featured_media":0,"parent":0,"menu_order":0,"comment_status":"closed","ping_status":"closed","template":"","meta":{"_joinchat":[],"footnotes":""},"class_list":["post-3658","page","type-page","status-publish","hentry","description-off"],"_links":{"self":[{"href":"https:\/\/laisladetabarca.com\/sv\/wp-json\/wp\/v2\/pages\/3658","targetHints":{"allow":["GET"]}}],"collection":[{"href":"https:\/\/laisladetabarca.com\/sv\/wp-json\/wp\/v2\/pages"}],"about":[{"href":"https:\/\/laisladetabarca.com\/sv\/wp-json\/wp\/v2\/types\/page"}],"author":[{"embeddable":true,"href":"https:\/\/laisladetabarca.com\/sv\/wp-json\/wp\/v2\/users\/1"}],"replies":[{"embeddable":true,"href":"https:\/\/laisladetabarca.com\/sv\/wp-json\/wp\/v2\/comments?post=3658"}],"version-history":[{"count":0,"href":"https:\/\/laisladetabarca.com\/sv\/wp-json\/wp\/v2\/pages\/3658\/revisions"}],"wp:attachment":[{"href":"https:\/\/laisladetabarca.com\/sv\/wp-json\/wp\/v2\/media?parent=3658"}],"curies":[{"name":"wp","href":"https:\/\/api.w.org\/{rel}","templated":true}]}}