{"id":3648,"date":"2024-02-26T11:15:45","date_gmt":"2024-02-26T10:15:45","guid":{"rendered":"https:\/\/laisladetabarca.com\/hur-man-tar-sig-till-tabarca-fran\/ak-till-tabarca-fran-murcia\/"},"modified":"2026-01-30T17:23:13","modified_gmt":"2026-01-30T16:23:13","slug":"ak-till-tabarca-fran-murcia","status":"publish","type":"page","link":"https:\/\/laisladetabarca.com\/sv\/hur-man-tar-sig-till-tabarca-fran\/ak-till-tabarca-fran-murcia\/","title":{"rendered":"\u00c5k till Tabarca fr\u00e5n Murcia"},"content":{"rendered":"<div class=\"wpb-content-wrapper\"><p>[vc_row][vc_column]<div id=\"ultimate-heading-577169de2e8352d07\" class=\"uvc-heading ult-adjust-bottom-margin ultimate-heading-577169de2e8352d07 uvc-8583 \" data-hspacer=\"no_spacer\"  data-halign=\"left\" style=\"text-align:left\"><div class=\"uvc-heading-spacer no_spacer\" style=\"top\"><\/div><div class=\"uvc-sub-heading ult-responsive\"  data-ultimate-target='.uvc-heading.ultimate-heading-577169de2e8352d07 .uvc-sub-heading '  data-responsive-json-new='{\"font-size\":\"\",\"line-height\":\"\"}'  style=\"font-weight:normal;\"><\/p>\n<p style=\"text-align: justify;\">Fr\u00e5n Murcia \u00e4r en resa till Tabarca\u00f6n ett perfekt tillf\u00e4lle att njuta av en dag p\u00e5 en av de mest pittoreska destinationerna i Medelhavet. Med sin fantastiska natur och rika historia v\u00e4ntar Tabarca p\u00e5 dig. <\/p>\n<p><\/div><\/div>[vc_empty_space height=&#8221;35px&#8221;][\/vc_column][\/vc_row][vc_row][vc_column]<div id=\"ultimate-heading-510769de2e8352d87\" class=\"uvc-heading ult-adjust-bottom-margin ultimate-heading-510769de2e8352d87 uvc-6234 \" data-hspacer=\"no_spacer\"  data-halign=\"left\" style=\"text-align:left\"><div class=\"uvc-heading-spacer no_spacer\" style=\"top\"><\/div><div class=\"uvc-main-heading ult-responsive\"  data-ultimate-target='.uvc-heading.ultimate-heading-510769de2e8352d87 h2'  data-responsive-json-new='{\"font-size\":\"\",\"line-height\":\"\"}' ><div id=\"ez-toc-container\" class=\"ez-toc-v2_0_80 counter-hierarchy ez-toc-counter ez-toc-grey ez-toc-container-direction\">\n<div class=\"ez-toc-title-container\">\n<p class=\"ez-toc-title\" style=\"cursor:inherit\">Table of Contents<\/p>\n<span class=\"ez-toc-title-toggle\"><a href=\"#\" class=\"ez-toc-pull-right ez-toc-btn ez-toc-btn-xs ez-toc-btn-default ez-toc-toggle\" aria-label=\"Toggle Table of Content\"><span class=\"ez-toc-js-icon-con\"><span class=\"\"><span class=\"eztoc-hide\" style=\"display:none;\">Toggle<\/span><span class=\"ez-toc-icon-toggle-span\"><svg style=\"fill: #999;color:#999\" xmlns=\"http:\/\/www.w3.org\/2000\/svg\" class=\"list-377408\" width=\"20px\" height=\"20px\" viewBox=\"0 0 24 24\" fill=\"none\"><path d=\"M6 6H4v2h2V6zm14 0H8v2h12V6zM4 11h2v2H4v-2zm16 0H8v2h12v-2zM4 16h2v2H4v-2zm16 0H8v2h12v-2z\" fill=\"currentColor\"><\/path><\/svg><svg style=\"fill: #999;color:#999\" class=\"arrow-unsorted-368013\" xmlns=\"http:\/\/www.w3.org\/2000\/svg\" width=\"10px\" height=\"10px\" viewBox=\"0 0 24 24\" version=\"1.2\" baseProfile=\"tiny\"><path d=\"M18.2 9.3l-6.2-6.3-6.2 6.3c-.2.2-.3.4-.3.7s.1.5.3.7c.2.2.4.3.7.3h11c.3 0 .5-.1.7-.3.2-.2.3-.5.3-.7s-.1-.5-.3-.7zM5.8 14.7l6.2 6.3 6.2-6.3c.2-.2.3-.5.3-.7s-.1-.5-.3-.7c-.2-.2-.4-.3-.7-.3h-11c-.3 0-.5.1-.7.3-.2.2-.3.5-.3.7s.1.5.3.7z\"\/><\/svg><\/span><\/span><\/span><\/a><\/span><\/div>\n<nav><ul class='ez-toc-list ez-toc-list-level-1 ' ><li class='ez-toc-page-1 ez-toc-heading-level-2'><a class=\"ez-toc-link ez-toc-heading-1\" href=\"https:\/\/laisladetabarca.com\/sv\/hur-man-tar-sig-till-tabarca-fran\/ak-till-tabarca-fran-murcia\/#Hur_man_tar_sig_till_Tabarca_fran_Murcia\" >Hur man tar sig till Tabarca fr\u00e5n Murcia<\/a><\/li><li class='ez-toc-page-1 ez-toc-heading-level-2'><a class=\"ez-toc-link ez-toc-heading-2\" href=\"https:\/\/laisladetabarca.com\/sv\/hur-man-tar-sig-till-tabarca-fran\/ak-till-tabarca-fran-murcia\/#Linje_1_Murcia_till_Alicante_och_sedan_med_farja_till_Tabarca\" >Linje 1: Murcia till Alicante och sedan med f\u00e4rja till Tabarca<\/a><ul class='ez-toc-list-level-3' ><li class='ez-toc-heading-level-3'><a class=\"ez-toc-link ez-toc-heading-3\" href=\"https:\/\/laisladetabarca.com\/sv\/hur-man-tar-sig-till-tabarca-fran\/ak-till-tabarca-fran-murcia\/#Bilresa_fran_Murcia_till_Alicante\" >Bilresa fr\u00e5n Murcia till Alicante<\/a><\/li><li class='ez-toc-page-1 ez-toc-heading-level-3'><a class=\"ez-toc-link ez-toc-heading-4\" href=\"https:\/\/laisladetabarca.com\/sv\/hur-man-tar-sig-till-tabarca-fran\/ak-till-tabarca-fran-murcia\/#Att_ta_farjan_i_Alicante\" >Att ta f\u00e4rjan i Alicante<\/a><\/li><\/ul><\/li><li class='ez-toc-page-1 ez-toc-heading-level-2'><a class=\"ez-toc-link ez-toc-heading-5\" href=\"https:\/\/laisladetabarca.com\/sv\/hur-man-tar-sig-till-tabarca-fran\/ak-till-tabarca-fran-murcia\/#Linje_2_Murcia_till_Santa_Pola_och_sedan_med_farja_till_Tabarca\" >Linje 2: Murcia till Santa Pola och sedan med f\u00e4rja till Tabarca<\/a><ul class='ez-toc-list-level-3' ><li class='ez-toc-heading-level-3'><a class=\"ez-toc-link ez-toc-heading-6\" href=\"https:\/\/laisladetabarca.com\/sv\/hur-man-tar-sig-till-tabarca-fran\/ak-till-tabarca-fran-murcia\/#Bilresa_till_Santa_Pola\" >Bilresa till Santa Pola<\/a><\/li><li class='ez-toc-page-1 ez-toc-heading-level-3'><a class=\"ez-toc-link ez-toc-heading-7\" href=\"https:\/\/laisladetabarca.com\/sv\/hur-man-tar-sig-till-tabarca-fran\/ak-till-tabarca-fran-murcia\/#Farja_fran_Santa_Pola_till_Tabarca\" >F\u00e4rja fr\u00e5n Santa Pola till Tabarca<\/a><\/li><li class='ez-toc-page-1 ez-toc-heading-level-3'><a class=\"ez-toc-link ez-toc-heading-8\" href=\"https:\/\/laisladetabarca.com\/sv\/hur-man-tar-sig-till-tabarca-fran\/ak-till-tabarca-fran-murcia\/#Andra_aktiviteter_fran_Murcia\" >Andra aktiviteter fr\u00e5n Murcia<\/a><\/li><li class='ez-toc-page-1 ez-toc-heading-level-3'><a class=\"ez-toc-link ez-toc-heading-9\" href=\"https:\/\/laisladetabarca.com\/sv\/hur-man-tar-sig-till-tabarca-fran\/ak-till-tabarca-fran-murcia\/#Tabarca_fran_andra_destinationer\" >Tabarca fr\u00e5n andra destinationer:<\/a><\/li><\/ul><\/li><\/ul><\/nav><\/div>\n<h2 style=\"font-weight:normal;\"><span class=\"ez-toc-section\" id=\"Hur_man_tar_sig_till_Tabarca_fran_Murcia\"><\/span>Hur man tar sig till Tabarca fr\u00e5n Murcia<span class=\"ez-toc-section-end\"><\/span><\/h2><\/div><div class=\"uvc-sub-heading ult-responsive\"  data-ultimate-target='.uvc-heading.ultimate-heading-510769de2e8352d87 .uvc-sub-heading '  data-responsive-json-new='{\"font-size\":\"\",\"line-height\":\"\"}'  style=\"font-weight:normal;\">Vi presenterar de b\u00e4sta alternativen f\u00f6r att ta sig till Tabarca fr\u00e5n Murcia, vilket garanterar en bekv\u00e4m resa fylld med vacker natur.<\/div><\/div>[vc_empty_space]<div id=\"ultimate-heading-244069de2e8352e13\" class=\"uvc-heading ult-adjust-bottom-margin ultimate-heading-244069de2e8352e13 uvc-8352 \" data-hspacer=\"no_spacer\"  data-halign=\"left\" style=\"text-align:left\"><div class=\"uvc-heading-spacer no_spacer\" style=\"top\"><\/div><div class=\"uvc-main-heading ult-responsive\"  data-ultimate-target='.uvc-heading.ultimate-heading-244069de2e8352e13 h2'  data-responsive-json-new='{\"font-size\":\"\",\"line-height\":\"\"}' ><h2 style=\"font-weight:normal;\"><span class=\"ez-toc-section\" id=\"Linje_1_Murcia_till_Alicante_och_sedan_med_farja_till_Tabarca\"><\/span>Linje 1: Murcia till Alicante och sedan med f\u00e4rja till Tabarca<span class=\"ez-toc-section-end\"><\/span><\/h2><\/div><div class=\"uvc-sub-heading ult-responsive\"  data-ultimate-target='.uvc-heading.ultimate-heading-244069de2e8352e13 .uvc-sub-heading '  data-responsive-json-new='{\"font-size\":\"\",\"line-height\":\"\"}'  style=\"font-weight:normal;\"><\/p>\n<h3><span class=\"ez-toc-section\" id=\"Bilresa_fran_Murcia_till_Alicante\"><\/span>Bilresa fr\u00e5n Murcia till Alicante<span class=\"ez-toc-section-end\"><\/span><\/h3>\n<p>Den mest direkta v\u00e4gen fr\u00e5n Murcia till Alicante \u00e4r att ta motorv\u00e4g A-7. Resan tar ungef\u00e4r en timme och g\u00e5r genom den vackra Costa Blanca. <\/p>\n<h3><span class=\"ez-toc-section\" id=\"Att_ta_farjan_i_Alicante\"><\/span>Att ta f\u00e4rjan i Alicante<span class=\"ez-toc-section-end\"><\/span><\/h3>\n<p>V\u00e4l i Alicante, bege dig till hamnen f\u00f6r att ta en f\u00e4rja till Tabarca. F\u00e4rje\u00f6verfarten tar ungef\u00e4r en timme. Det \u00e4r l\u00e4mpligt att kontrollera f\u00e4rjetiderna i f\u00f6rv\u00e4g och \u00f6verv\u00e4ga att k\u00f6pa dina biljetter online.<\/div><\/div>[vc_gmaps link=&#8221;#E-8_JTNDaWZyYW1lJTIwc3JjJTNEJTIyaHR0cHMlM0ElMkYlMkZ3d3cuZ29vZ2xlLmNvbSUyRm1hcHMlMkZlbWJlZCUzRnBiJTNEJTIxMW0yOCUyMTFtMTIlMjExbTMlMjExZDIwMDc3MC42MTM5NzI2NDAxJTIxMmQtMC45OTQwODIzMzQyNjU5MTM1JTIxM2QzOC4xNjI0OTAzMDcyODAyNSUyMTJtMyUyMTFmMCUyMTJmMCUyMTNmMCUyMTNtMiUyMTFpMTAyNCUyMTJpNzY4JTIxNGYxMy4xJTIxNG0xMyUyMTNlNiUyMTRtNSUyMTFzMHhkNjM4MWY4ZDU5MjhjN2YlMjUzQTB4ZDYyNzEyOWIzOGM0YWI5YSUyMTJzTXVyY2lhJTIxM20yJTIxMWQzNy45OTIyMzk5JTIxMmQtMS4xMzA2NTQ0JTIxNG01JTIxMXMweGQ2MjM1ZGEzYjlkYWI0YiUyNTNBMHgxZDdkYTg3MmFjMGI4MWUzJTIxMnNBbGljYW50ZSUyMTNtMiUyMTFkMzguMzQ1OTk2Mjk5OTk5OTk2JTIxMmQtMC40OTA2ODU1JTIxNWUwJTIxM20yJTIxMXNlcy00MTklMjEyc2VzJTIxNHYxNzA4OTQyNDU5ODg3JTIxNW0yJTIxMXNlcy00MTklMjEyc2VzJTIyJTIwd2lkdGglM0QlMjIxOTAwJTIyJTIwaGVpZ2h0JTNEJTIyNDUwJTIyJTIwc3R5bGUlM0QlMjJib3JkZXIlM0EwJTNCJTIyJTIwYWxsb3dmdWxsc2NyZWVuJTNEJTIyJTIyJTIwbG9hZGluZyUzRCUyMmxhenklMjIlMjByZWZlcnJlcnBvbGljeSUzRCUyMm5vLXJlZmVycmVyLXdoZW4tZG93bmdyYWRlJTIyJTNFJTNDJTJGaWZyYW1lJTNF&#8221;][vc_empty_space height=&#8221;35px&#8221;]<div id=\"ultimate-heading-796069de2e8352e78\" class=\"uvc-heading ult-adjust-bottom-margin ultimate-heading-796069de2e8352e78 uvc-5696 \" data-hspacer=\"no_spacer\"  data-halign=\"left\" style=\"text-align:left\"><div class=\"uvc-heading-spacer no_spacer\" style=\"top\"><\/div><div class=\"uvc-main-heading ult-responsive\"  data-ultimate-target='.uvc-heading.ultimate-heading-796069de2e8352e78 h2'  data-responsive-json-new='{\"font-size\":\"\",\"line-height\":\"\"}' ><h2 style=\"font-weight:normal;\"><span class=\"ez-toc-section\" id=\"Linje_2_Murcia_till_Santa_Pola_och_sedan_med_farja_till_Tabarca\"><\/span>Linje 2: Murcia till Santa Pola och sedan med f\u00e4rja till Tabarca<span class=\"ez-toc-section-end\"><\/span><\/h2><\/div><div class=\"uvc-sub-heading ult-responsive\"  data-ultimate-target='.uvc-heading.ultimate-heading-796069de2e8352e78 .uvc-sub-heading '  data-responsive-json-new='{\"font-size\":\"\",\"line-height\":\"\"}'  style=\"font-weight:normal;\"><\/p>\n<h3><span class=\"ez-toc-section\" id=\"Bilresa_till_Santa_Pola\"><\/span>Bilresa till Santa Pola<span class=\"ez-toc-section-end\"><\/span><\/h3>\n<p>Ett annat alternativ \u00e4r att resa fr\u00e5n Murcia till Santa Pola, \u00e4ven det via A-7. Denna resa kan ta cirka 1 timme och 30 minuter. <\/p>\n<h3><span class=\"ez-toc-section\" id=\"Farja_fran_Santa_Pola_till_Tabarca\"><\/span>F\u00e4rja fr\u00e5n Santa Pola till Tabarca<span class=\"ez-toc-section-end\"><\/span><\/h3>\n<p>Santa Pola har en direkt f\u00e4rjef\u00f6rbindelse till Tabarca, med en restid p\u00e5 cirka 40 minuter. Precis som med Alicante \u00e4r det l\u00e4mpligt att kontrollera tidtabeller och boka i f\u00f6rv\u00e4g.<\/div><\/div>[vc_raw_html]PGRpdiBkYXRhLWd5Zy1ocmVmPSJodHRwczovL3dpZGdldC5nZXR5b3VyZ3VpZGUuY29tL2RlZmF1bHQvYWN0aXZpdGllcy5mcmFtZSIgZGF0YS1neWctbG9jYWxlLWNvZGU9ImVzLUVTIiBkYXRhLWd5Zy13aWRnZXQ9ImFjdGl2aXRpZXMiIGRhdGEtZ3lnLW51bWJlci1vZi1pdGVtcz0iMSIgZGF0YS1neWctY21wPSJJVF91cmxfZGVzZGVfamF2ZWEiIGRhdGEtZ3lnLXBhcnRuZXItaWQ9IlcxUUxHOUsiIGRhdGEtZ3lnLXE9InRhYmFyY2EiPjwvZGl2Pg==[\/vc_raw_html][\/vc_column][\/vc_row][vc_row][vc_column]<div id=\"ultimate-heading-252869de2e8352ee2\" class=\"uvc-heading ult-adjust-bottom-margin ultimate-heading-252869de2e8352ee2 uvc-5910 \" data-hspacer=\"no_spacer\"  data-halign=\"center\" style=\"text-align:center\"><div class=\"uvc-heading-spacer no_spacer\" style=\"top\"><\/div><div class=\"uvc-main-heading ult-responsive\"  data-ultimate-target='.uvc-heading.ultimate-heading-252869de2e8352ee2 h3'  data-responsive-json-new='{\"font-size\":\"\",\"line-height\":\"\"}' ><h3 style=\"font-weight:normal;\"><span class=\"ez-toc-section\" id=\"Andra_aktiviteter_fran_Murcia\"><\/span>Andra aktiviteter fr\u00e5n Murcia<span class=\"ez-toc-section-end\"><\/span><\/h3><\/div><\/div>[vc_empty_space height=&#8221;50px&#8221;][vc_raw_html]PGRpdiBkYXRhLWd5Zy1ocmVmPSJodHRwczovL3dpZGdldC5nZXR5b3VyZ3VpZGUuY29tL2RlZmF1bHQvYWN0aXZpdGllcy5mcmFtZSIgZGF0YS1neWctbG9jYWxlLWNvZGU9ImVzLUVTIiBkYXRhLWd5Zy13aWRnZXQ9ImFjdGl2aXRpZXMiIGRhdGEtZ3lnLW51bWJlci1vZi1pdGVtcz0iMyIgZGF0YS1neWctY21wPSJJVF91cmxfZGVzZGVfbXVyY2lhIiBkYXRhLWd5Zy1wYXJ0bmVyLWlkPSJXMVFMRzlLIiBkYXRhLWd5Zy1xPSJtdXJjaWEiPjwvZGl2Pg==[\/vc_raw_html][\/vc_column][\/vc_row][vc_row][vc_column][vc_empty_space height=&#8221;50px&#8221;]<div id=\"ultimate-heading-335169de2e8352f44\" class=\"uvc-heading ult-adjust-bottom-margin ultimate-heading-335169de2e8352f44 uvc-6398 \" data-hspacer=\"no_spacer\"  data-halign=\"center\" style=\"text-align:center\"><div class=\"uvc-heading-spacer no_spacer\" style=\"top\"><\/div><div class=\"uvc-main-heading ult-responsive\"  data-ultimate-target='.uvc-heading.ultimate-heading-335169de2e8352f44 h3'  data-responsive-json-new='{\"font-size\":\"\",\"line-height\":\"\"}' ><h3 style=\"font-weight:normal;\"><span class=\"ez-toc-section\" id=\"Tabarca_fran_andra_destinationer\"><\/span>Tabarca fr\u00e5n andra destinationer:<span class=\"ez-toc-section-end\"><\/span><\/h3><\/div><\/div>[vc_empty_space height=&#8221;50px&#8221;][\/vc_column][\/vc_row][vc_row][vc_column width=&#8221;1\/3&#8243;]<div class=\"shortcode-banner shortcode-banner-link\" style=\"min-height: 150px;background-image: url(https:\/\/laisladetabarca.com\/wp-content\/uploads\/2022\/07\/benidorm.jpg)\" onclick=\"window.location.href='https:\/\/laisladetabarca.com\/como-ir\/desde-benidorm\/';\"><div class=\"shortcode-banner-bg wf-table\" style=\"padding: 10px;min-height: 150px\"><div class=\"shortcode-banner-inside wf-table text-big\" style=\"background-color: rgb(0,0,0);background-color: rgba(0,0,0,0.4);border: solid 10px transparent;outline: solid 3px;outline-color: #ffffff;height: 140px\"><div><p style=\"text-align: center;\"><span style=\"color: #ffffff;\">BENIDORM<\/span><\/p>\n<\/div><\/div><\/div><\/div><div class=\"shortcode-banner shortcode-banner-link\" style=\"min-height: 150px\" onclick=\"window.location.href='https:\/\/laisladetabarca.com\/como-ir\/desde-valencia\/';\"><div class=\"shortcode-banner-bg wf-table\" style=\"padding: 10px;min-height: 150px\"><div class=\"shortcode-banner-inside wf-table text-big\" style=\"background-color: rgb(0,0,0);background-color: rgba(0,0,0,0.4);border: solid 10px transparent;outline: solid 3px;outline-color: #ffffff;height: 140px\"><div><p style=\"text-align: center;\"><span style=\"color: #ffffff;\">VALENCIA<\/span><\/p>\n<\/div><\/div><\/div><\/div><div class=\"shortcode-banner shortcode-banner-link\" style=\"min-height: 150px;background-image: url(https:\/\/laisladetabarca.com\/wp-content\/uploads\/2024\/02\/tabarca-desde-moraira.jpg)\" onclick=\"window.location.href='http:\/\/laisladetabarca.com\/como-ir\/desde-moraira\/';\"><div class=\"shortcode-banner-bg wf-table\" style=\"padding: 10px;min-height: 150px\"><div class=\"shortcode-banner-inside wf-table text-big\" style=\"background-color: rgb(0,0,0);background-color: rgba(0,0,0,0.4);border: solid 10px transparent;outline: solid 3px;outline-color: #ffffff;height: 140px\"><div><p style=\"text-align: center;\"><span style=\"color: #ffffff;\">MORAIRA<\/span><\/p>\n<\/div><\/div><\/div><\/div>[\/vc_column][vc_column width=&#8221;1\/3&#8243;]<div class=\"shortcode-banner shortcode-banner-link\" style=\"min-height: 150px;background-image: url(https:\/\/laisladetabarca.com\/wp-content\/uploads\/2022\/07\/santa-pola.jpg)\" onclick=\"window.location.href='http:\/\/laisladetabarca.com\/como-ir\/desde-santa-pola\/';\"><div class=\"shortcode-banner-bg wf-table\" style=\"padding: 10px;min-height: 150px\"><div class=\"shortcode-banner-inside wf-table text-big\" style=\"background-color: rgb(0,0,0);background-color: rgba(0,0,0,0.4);border: solid 10px transparent;outline: solid 3px;outline-color: #ffffff;height: 140px\"><div><p style=\"text-align: center;\"><span style=\"color: #ffffff;\">SANTA POLA<\/span><\/p>\n<\/div><\/div><\/div><\/div><div class=\"shortcode-banner shortcode-banner-link\" style=\"min-height: 150px;background-image: url(https:\/\/laisladetabarca.com\/wp-content\/uploads\/2024\/02\/tabarca-desde-javea.jpg)\" onclick=\"window.location.href='http:\/\/laisladetabarca.com\/como-ir\/desde-javea\/';\"><div class=\"shortcode-banner-bg wf-table\" style=\"padding: 10px;min-height: 150px\"><div class=\"shortcode-banner-inside wf-table text-big\" style=\"background-color: rgb(0,0,0);background-color: rgba(0,0,0,0.4);border: solid 10px transparent;outline: solid 3px;outline-color: #ffffff;height: 140px\"><div><p style=\"text-align: center;\"><span style=\"color: #ffffff;\">JAVEA<\/span><\/p>\n<\/div><\/div><\/div><\/div>[\/vc_column][vc_column width=&#8221;1\/3&#8243;]<div class=\"shortcode-banner shortcode-banner-link\" style=\"min-height: 150px;background-image: url(https:\/\/laisladetabarca.com\/wp-content\/uploads\/2024\/02\/tabarca-desde-denia.jpg)\" onclick=\"window.location.href='http:\/\/laisladetabarca.com\/como-ir\/desde-denia\/';\"><div class=\"shortcode-banner-bg wf-table\" style=\"padding: 10px;min-height: 150px\"><div class=\"shortcode-banner-inside wf-table text-big\" style=\"background-color: rgb(0,0,0);background-color: rgba(0,0,0,0.4);border: solid 10px transparent;outline: solid 3px;outline-color: #ffffff;height: 140px\"><div><p style=\"text-align: center;\"><span style=\"color: #ffffff;\">DENIA<\/span><\/p>\n<\/div><\/div><\/div><\/div><div class=\"shortcode-banner shortcode-banner-link\" style=\"min-height: 150px;background-image: url(https:\/\/laisladetabarca.com\/wp-content\/uploads\/2024\/02\/tabarca-desde-altea.jpg)\" onclick=\"window.location.href='https:\/\/laisladetabarca.com\/como-ir\/desde-altea\/';\"><div class=\"shortcode-banner-bg wf-table\" style=\"padding: 10px;min-height: 150px\"><div class=\"shortcode-banner-inside wf-table text-big\" style=\"background-color: rgb(0,0,0);background-color: rgba(0,0,0,0.4);border: solid 10px transparent;outline: solid 3px;outline-color: #ffffff;height: 140px\"><div><p style=\"text-align: center;\"><span style=\"color: #ffffff;\">ALTEA<\/span><\/p>\n<\/div><\/div><\/div><\/div>[\/vc_column][\/vc_row]<\/p>\n<\/div>","protected":false},"excerpt":{"rendered":"<p>[vc_row][vc_column][vc_empty_space height=&#8221;35px&#8221;][\/vc_column][\/vc_row][vc_row][vc_column][vc_empty_space][vc_gmaps link=&#8221;#E-8_JTNDaWZyYW1lJTIwc3JjJTNEJTIyaHR0cHMlM0ElMkYlMkZ3d3cuZ29vZ2xlLmNvbSUyRm1hcHMlMkZlbWJlZCUzRnBiJTNEJTIxMW0yOCUyMTFtMTIlMjExbTMlMjExZDIwMDc3MC42MTM5NzI2NDAxJTIxMmQtMC45OTQwODIzMzQyNjU5MTM1JTIxM2QzOC4xNjI0OTAzMDcyODAyNSUyMTJtMyUyMTFmMCUyMTJmMCUyMTNmMCUyMTNtMiUyMTFpMTAyNCUyMTJpNzY4JTIxNGYxMy4xJTIxNG0xMyUyMTNlNiUyMTRtNSUyMTFzMHhkNjM4MWY4ZDU5MjhjN2YlMjUzQTB4ZDYyNzEyOWIzOGM0YWI5YSUyMTJzTXVyY2lhJTIxM20yJTIxMWQzNy45OTIyMzk5JTIxMmQtMS4xMzA2NTQ0JTIxNG01JTIxMXMweGQ2MjM1ZGEzYjlkYWI0YiUyNTNBMHgxZDdkYTg3MmFjMGI4MWUzJTIxMnNBbGljYW50ZSUyMTNtMiUyMTFkMzguMzQ1OTk2Mjk5OTk5OTk2JTIxMmQtMC40OTA2ODU1JTIxNWUwJTIxM20yJTIxMXNlcy00MTklMjEyc2VzJTIxNHYxNzA4OTQyNDU5ODg3JTIxNW0yJTIxMXNlcy00MTklMjEyc2VzJTIyJTIwd2lkdGglM0QlMjIxOTAwJTIyJTIwaGVpZ2h0JTNEJTIyNDUwJTIyJTIwc3R5bGUlM0QlMjJib3JkZXIlM0EwJTNCJTIyJTIwYWxsb3dmdWxsc2NyZWVuJTNEJTIyJTIyJTIwbG9hZGluZyUzRCUyMmxhenklMjIlMjByZWZlcnJlcnBvbGljeSUzRCUyMm5vLXJlZmVycmVyLXdoZW4tZG93bmdyYWRlJTIyJTNFJTNDJTJGaWZyYW1lJTNF&#8221;][vc_empty_space height=&#8221;35px&#8221;][vc_raw_html]PGRpdiBkYXRhLWd5Zy1ocmVmPSJodHRwczovL3dpZGdldC5nZXR5b3VyZ3VpZGUuY29tL2RlZmF1bHQvYWN0aXZpdGllcy5mcmFtZSIgZGF0YS1neWctbG9jYWxlLWNvZGU9ImVzLUVTIiBkYXRhLWd5Zy13aWRnZXQ9ImFjdGl2aXRpZXMiIGRhdGEtZ3lnLW51bWJlci1vZi1pdGVtcz0iMSIgZGF0YS1neWctY21wPSJJVF91cmxfZGVzZGVfamF2ZWEiIGRhdGEtZ3lnLXBhcnRuZXItaWQ9IlcxUUxHOUsiIGRhdGEtZ3lnLXE9InRhYmFyY2EiPjwvZGl2Pg==[\/vc_raw_html][\/vc_column][\/vc_row][vc_row][vc_column][vc_empty_space height=&#8221;50px&#8221;][vc_raw_html]PGRpdiBkYXRhLWd5Zy1ocmVmPSJodHRwczovL3dpZGdldC5nZXR5b3VyZ3VpZGUuY29tL2RlZmF1bHQvYWN0aXZpdGllcy5mcmFtZSIgZGF0YS1neWctbG9jYWxlLWNvZGU9ImVzLUVTIiBkYXRhLWd5Zy13aWRnZXQ9ImFjdGl2aXRpZXMiIGRhdGEtZ3lnLW51bWJlci1vZi1pdGVtcz0iMyIgZGF0YS1neWctY21wPSJJVF91cmxfZGVzZGVfbXVyY2lhIiBkYXRhLWd5Zy1wYXJ0bmVyLWlkPSJXMVFMRzlLIiBkYXRhLWd5Zy1xPSJtdXJjaWEiPjwvZGl2Pg==[\/vc_raw_html][\/vc_column][\/vc_row][vc_row][vc_column][vc_empty_space height=&#8221;50px&#8221;][vc_empty_space height=&#8221;50px&#8221;][\/vc_column][\/vc_row][vc_row][vc_column width=&#8221;1\/3&#8243;][\/vc_column][vc_column width=&#8221;1\/3&#8243;][\/vc_column][vc_column width=&#8221;1\/3&#8243;][\/vc_column][\/vc_row]<\/p>\n","protected":false},"author":1,"featured_media":0,"parent":3625,"menu_order":0,"comment_status":"closed","ping_status":"closed","template":"","meta":{"_joinchat":[],"footnotes":""},"class_list":["post-3648","page","type-page","status-publish","hentry","description-off"],"_links":{"self":[{"href":"https:\/\/laisladetabarca.com\/sv\/wp-json\/wp\/v2\/pages\/3648","targetHints":{"allow":["GET"]}}],"collection":[{"href":"https:\/\/laisladetabarca.com\/sv\/wp-json\/wp\/v2\/pages"}],"about":[{"href":"https:\/\/laisladetabarca.com\/sv\/wp-json\/wp\/v2\/types\/page"}],"author":[{"embeddable":true,"href":"https:\/\/laisladetabarca.com\/sv\/wp-json\/wp\/v2\/users\/1"}],"replies":[{"embeddable":true,"href":"https:\/\/laisladetabarca.com\/sv\/wp-json\/wp\/v2\/comments?post=3648"}],"version-history":[{"count":0,"href":"https:\/\/laisladetabarca.com\/sv\/wp-json\/wp\/v2\/pages\/3648\/revisions"}],"up":[{"embeddable":true,"href":"https:\/\/laisladetabarca.com\/sv\/wp-json\/wp\/v2\/pages\/3625"}],"wp:attachment":[{"href":"https:\/\/laisladetabarca.com\/sv\/wp-json\/wp\/v2\/media?parent=3648"}],"curies":[{"name":"wp","href":"https:\/\/api.w.org\/{rel}","templated":true}]}}