{"id":3645,"date":"2024-02-26T11:01:09","date_gmt":"2024-02-26T10:01:09","guid":{"rendered":"https:\/\/laisladetabarca.com\/hur-man-tar-sig-till-tabarca-fran\/ak-till-tabarca-fran-moraira\/"},"modified":"2026-01-30T17:21:57","modified_gmt":"2026-01-30T16:21:57","slug":"ak-till-tabarca-fran-moraira","status":"publish","type":"page","link":"https:\/\/laisladetabarca.com\/sv\/hur-man-tar-sig-till-tabarca-fran\/ak-till-tabarca-fran-moraira\/","title":{"rendered":"\u00c5k till Tabarca fr\u00e5n Moraira"},"content":{"rendered":"<div class=\"wpb-content-wrapper\"><p>[vc_row][vc_column][ultimate_heading alignment=&#8221;left&#8221;]<\/p>\n<p style=\"text-align: justify;\">Tabarca\u00f6n, bel\u00e4gen utanf\u00f6r Alicantes kust, \u00e4r en charmig destination som v\u00e4ntar p\u00e5 att uppt\u00e4ckas. Fr\u00e5n Moraira erbjuder en resa till denna lilla men fascinerande \u00f6 en unik upplevelse som kombinerar vackra str\u00e4nder, rik historia och fantastisk natur. <\/p>\n<p>[\/ultimate_heading][vc_empty_space height=&#8221;35px&#8221;][\/vc_column][\/vc_row][vc_row][vc_column][ultimate_heading main_heading=&#8221;Hur man tar sig till Tabarca fr\u00e5n Moraira&#8221; alignment=&#8221;left&#8221;]Planering \u00e4r nyckeln till en smidig resa till Tabarca fr\u00e5n Moraira. Vi presenterar de b\u00e4sta rutterna och alternativen f\u00f6r att g\u00f6ra din resa till en of\u00f6rgl\u00f6mlig upplevelse.[\/ultimate_heading][vc_empty_space][ultimate_heading main_heading=&#8221;Rutt 1: Moraira till Alicante och sedan med f\u00e4rja till Tabarca&#8221; alignment=&#8221;left&#8221;]<\/p>\n<div id=\"ez-toc-container\" class=\"ez-toc-v2_0_80 counter-hierarchy ez-toc-counter ez-toc-grey ez-toc-container-direction\">\n<div class=\"ez-toc-title-container\">\n<p class=\"ez-toc-title\" style=\"cursor:inherit\">Table of Contents<\/p>\n<span class=\"ez-toc-title-toggle\"><a href=\"#\" class=\"ez-toc-pull-right ez-toc-btn ez-toc-btn-xs ez-toc-btn-default ez-toc-toggle\" aria-label=\"Toggle Table of Content\"><span class=\"ez-toc-js-icon-con\"><span class=\"\"><span class=\"eztoc-hide\" style=\"display:none;\">Toggle<\/span><span class=\"ez-toc-icon-toggle-span\"><svg style=\"fill: #999;color:#999\" xmlns=\"http:\/\/www.w3.org\/2000\/svg\" class=\"list-377408\" width=\"20px\" height=\"20px\" viewBox=\"0 0 24 24\" fill=\"none\"><path d=\"M6 6H4v2h2V6zm14 0H8v2h12V6zM4 11h2v2H4v-2zm16 0H8v2h12v-2zM4 16h2v2H4v-2zm16 0H8v2h12v-2z\" fill=\"currentColor\"><\/path><\/svg><svg style=\"fill: #999;color:#999\" class=\"arrow-unsorted-368013\" xmlns=\"http:\/\/www.w3.org\/2000\/svg\" width=\"10px\" height=\"10px\" viewBox=\"0 0 24 24\" version=\"1.2\" baseProfile=\"tiny\"><path d=\"M18.2 9.3l-6.2-6.3-6.2 6.3c-.2.2-.3.4-.3.7s.1.5.3.7c.2.2.4.3.7.3h11c.3 0 .5-.1.7-.3.2-.2.3-.5.3-.7s-.1-.5-.3-.7zM5.8 14.7l6.2 6.3 6.2-6.3c.2-.2.3-.5.3-.7s-.1-.5-.3-.7c-.2-.2-.4-.3-.7-.3h-11c-.3 0-.5.1-.7.3-.2.2-.3.5-.3.7s.1.5.3.7z\"\/><\/svg><\/span><\/span><\/span><\/a><\/span><\/div>\n<nav><ul class='ez-toc-list ez-toc-list-level-1 ' ><li class='ez-toc-page-1 ez-toc-heading-level-3'><a class=\"ez-toc-link ez-toc-heading-1\" href=\"https:\/\/laisladetabarca.com\/sv\/hur-man-tar-sig-till-tabarca-fran\/ak-till-tabarca-fran-moraira\/#Roadtrip_till_Alicante\" >Roadtrip till Alicante<\/a><\/li><li class='ez-toc-page-1 ez-toc-heading-level-3'><a class=\"ez-toc-link ez-toc-heading-2\" href=\"https:\/\/laisladetabarca.com\/sv\/hur-man-tar-sig-till-tabarca-fran\/ak-till-tabarca-fran-moraira\/#Att_ta_farjan_i_Alicante\" >Att ta f\u00e4rjan i Alicante<\/a><\/li><li class='ez-toc-page-1 ez-toc-heading-level-3'><a class=\"ez-toc-link ez-toc-heading-3\" href=\"https:\/\/laisladetabarca.com\/sv\/hur-man-tar-sig-till-tabarca-fran\/ak-till-tabarca-fran-moraira\/#Bilresa_till_Santa_Pola\" >Bilresa till Santa Pola<\/a><ul class='ez-toc-list-level-4' ><li class='ez-toc-heading-level-4'><a class=\"ez-toc-link ez-toc-heading-4\" href=\"https:\/\/laisladetabarca.com\/sv\/hur-man-tar-sig-till-tabarca-fran\/ak-till-tabarca-fran-moraira\/#Farja_fran_Santa_Pola_till_Tabarca\" >F\u00e4rja fr\u00e5n Santa Pola till Tabarca<\/a><\/li><\/ul><\/li><\/ul><\/nav><\/div>\n<h3><span class=\"ez-toc-section\" id=\"Roadtrip_till_Alicante\"><\/span>Roadtrip till Alicante<span class=\"ez-toc-section-end\"><\/span><\/h3>\n<p>Den direktaste v\u00e4gen till Alicante fr\u00e5n Moraira \u00e4r via motorv\u00e4g AP-7, som \u00e4r avgiftsfri. Bilresan tar cirka 1 timme och 20 minuter. Det \u00e4r en bekv\u00e4m och natursk\u00f6n resa, perfekt f\u00f6r att starta ditt \u00e4ventyr.  <\/p>\n<h3><span class=\"ez-toc-section\" id=\"Att_ta_farjan_i_Alicante\"><\/span>Att ta f\u00e4rjan i Alicante<span class=\"ez-toc-section-end\"><\/span><\/h3>\n<p>Vid ankomst till Alicante, bege dig till hamnen d\u00e4r du hittar flera f\u00e4rjealternativ till Tabarca. F\u00e4rjeresan tar ungef\u00e4r en timme, och vi rekommenderar att du kontrollerar tidtabellerna och bokar i f\u00f6rv\u00e4g, s\u00e4rskilt under h\u00f6gs\u00e4song.[\/ultimate_heading][vc_gmaps link=&#8221;#E-8_JTNDaWZyYW1lJTIwc3JjJTNEJTIyaHR0cHMlM0ElMkYlMkZ3d3cuZ29vZ2xlLmNvbSUyRm1hcHMlMkZlbWJlZCUzRnBiJTNEJTIxMW0yOCUyMTFtMTIlMjExbTMlMjExZDE5OTczMi42MTc1NTA3OTk4MyUyMTJkLTAuMzQ0Mzg3OTI0NTcxMDM1MiUyMTNkMzguNTM3ODY3NzA0MzA4NzglMjEybTMlMjExZjAlMjEyZjAlMjEzZjAlMjEzbTIlMjExaTEwMjQlMjEyaTc2OCUyMTRmMTMuMSUyMTRtMTMlMjEzZTYlMjE0bTUlMjExczB4MTI5ZTA3Yzk5ZWRjMzhiOSUyNTNBMHg0NjZmZWU0ZjlmODE1YzBhJTIxMnNNb3JhaXJhJTIxM20yJTIxMWQzOC42ODg5NDUyJTIxMmQwLjEzMjUzNDIlMjE0bTUlMjExczB4ZDYyMzVkYTNiOWRhYjRiJTI1M0EweDFkN2RhODcyYWMwYjgxZTMlMjEyc0FsaWNhbnRlJTIxM20yJTIxMWQzOC4zNDU5OTYyOTk5OTk5OTYlMjEyZC0wLjQ5MDY4NTUlMjE1ZTAlMjEzbTIlMjExc2VzLTQxOSUyMTJzZXMlMjE0djE3MDg5NDE2MjI0ODIlMjE1bTIlMjExc2VzLTQxOSUyMTJzZXMlMjIlMjB3aWR0aCUzRCUyMjE5MDAlMjIlMjBoZWlnaHQlM0QlMjI0NTAlMjIlMjBzdHlsZSUzRCUyMmJvcmRlciUzQTAlM0IlMjIlMjBhbGxvd2Z1bGxzY3JlZW4lM0QlMjIlMjIlMjBsb2FkaW5nJTNEJTIybGF6eSUyMiUyMHJlZmVycmVycG9saWN5JTNEJTIybm8tcmVmZXJyZXItd2hlbi1kb3duZ3JhZGUlMjIlM0UlM0MlMkZpZnJhbWUlM0U=&#8221;][vc_empty_space height=&#8221;35px&#8221;][ultimate_heading main_heading=&#8221;Rutt 2: Moraira till Santa Pola och sedan med f\u00e4rja till Tabarca&#8221; alignment=&#8221;left&#8221;]<\/p>\n<h3><span class=\"ez-toc-section\" id=\"Bilresa_till_Santa_Pola\"><\/span>Bilresa till Santa Pola<span class=\"ez-toc-section-end\"><\/span><\/h3>\n<p>Ett annat alternativ \u00e4r att k\u00f6ra fr\u00e5n Moraira till Santa Pola, \u00e4ven det med AP-7. Resan kan ta cirka 1 timme och 40 minuter. Santa Pola erbjuder t\u00e4ta, direkta f\u00f6rbindelser till \u00f6n Tabarca.  <\/p>\n<h4><span class=\"ez-toc-section\" id=\"Farja_fran_Santa_Pola_till_Tabarca\"><\/span>F\u00e4rja fr\u00e5n Santa Pola till Tabarca<span class=\"ez-toc-section-end\"><\/span><\/h4>\n<p>F\u00e4rjor fr\u00e5n Santa Pola till Tabarca har vanligtvis l\u00e4ngre tidtabeller och kortare \u00f6verfarter, cirka 40 minuter. Vi rekommenderar att kontrollera tidtabeller i f\u00f6rv\u00e4g och \u00f6verv\u00e4ga att k\u00f6pa biljetter online.[\/ultimate_heading][vc_raw_html]PGRpdiBkYXRhLWd5Zy1ocmVmPSJodHRwczovL3dpZGdldC5nZXR5b3VyZ3VpZGUuY29tL2RlZmF1bHQvYWN0aXZpdGllcy5mcmFtZSIgZGF0YS1neWctbG9jYWxlLWNvZGU9ImVzLUVTIiBkYXRhLWd5Zy13aWRnZXQ9ImFjdGl2aXRpZXMiIGRhdGEtZ3lnLW51bWJlci1vZi1pdGVtcz0iMSIgZGF0YS1neWctY21wPSJJVF91cmxfZGVzZGVfamF2ZWEiIGRhdGEtZ3lnLXBhcnRuZXItaWQ9IlcxUUxHOUsiIGRhdGEtZ3lnLXE9InRhYmFyY2EiPjwvZGl2Pg==[\/vc_raw_html][\/vc_column][\/vc_row][vc_row][vc_column][ultimate_heading main_heading=&#8221;Andra aktiviteter fr\u00e5n Moraira&#8221; heading_tag=&#8221;h3&#8243;][\/ultimate_heading][vc_empty_space height=&#8221;50px&#8221;][vc_raw_html]PGRpdiBkYXRhLWd5Zy1ocmVmPSJodHRwczovL3dpZGdldC5nZXR5b3VyZ3VpZGUuY29tL2RlZmF1bHQvYWN0aXZpdGllcy5mcmFtZSIgZGF0YS1neWctbG9jYWxlLWNvZGU9ImVzLUVTIiBkYXRhLWd5Zy13aWRnZXQ9ImFjdGl2aXRpZXMiIGRhdGEtZ3lnLW51bWJlci1vZi1pdGVtcz0iMyIgZGF0YS1neWctY21wPSJJVF9kZXNkZV91cmxfTW9yYWlyYSIgZGF0YS1neWctcGFydG5lci1pZD0iVzFRTEc5SyIgZGF0YS1neWctcT0ibW9yYWlyYSI+PC9kaXY+[\/vc_raw_html][\/vc_column][\/vc_row][vc_row][vc_column][vc_empty_space height=&#8221;50px&#8221;][ultimate_heading main_heading=&#8221;Tabarca fr\u00e5n andra destinationer:&#8221; heading_tag=&#8221;h3&#8243;][\/ultimate_heading][vc_empty_space height=&#8221;50px&#8221;][\/vc_column][\/vc_row][vc_row][vc_column width=&#8221;1\/3&#8243;]<div class=\"shortcode-banner shortcode-banner-link\" style=\"min-height: 150px;background-image: url(https:\/\/laisladetabarca.com\/wp-content\/uploads\/2022\/07\/benidorm.jpg)\" onclick=\"window.location.href='https:\/\/laisladetabarca.com\/como-ir\/desde-benidorm\/';\"><div class=\"shortcode-banner-bg wf-table\" style=\"padding: 10px;min-height: 150px\"><div class=\"shortcode-banner-inside wf-table text-big\" style=\"background-color: rgb(0,0,0);background-color: rgba(0,0,0,0.4);border: solid 10px transparent;outline: solid 3px;outline-color: #ffffff;height: 140px\"><div><p style=\"text-align: center;\"><span style=\"color: #ffffff;\">BENIDORM<\/span><\/p>\n<\/div><\/div><\/div><\/div><div class=\"shortcode-banner shortcode-banner-link\" style=\"min-height: 150px\" onclick=\"window.location.href='https:\/\/laisladetabarca.com\/como-ir\/desde-valencia\/';\"><div class=\"shortcode-banner-bg wf-table\" style=\"padding: 10px;min-height: 150px\"><div class=\"shortcode-banner-inside wf-table text-big\" style=\"background-color: rgb(0,0,0);background-color: rgba(0,0,0,0.4);border: solid 10px transparent;outline: solid 3px;outline-color: #ffffff;height: 140px\"><div><p style=\"text-align: center;\"><span style=\"color: #ffffff;\">VALENCIA<\/span><\/p>\n<\/div><\/div><\/div><\/div><div class=\"shortcode-banner shortcode-banner-link\" style=\"min-height: 150px;background-image: url(https:\/\/laisladetabarca.com\/wp-content\/uploads\/2024\/02\/tabarca-desde-altea.jpg)\" onclick=\"window.location.href='https:\/\/laisladetabarca.com\/como-ir\/desde-altea\/';\"><div class=\"shortcode-banner-bg wf-table\" style=\"padding: 10px;min-height: 150px\"><div class=\"shortcode-banner-inside wf-table text-big\" style=\"background-color: rgb(0,0,0);background-color: rgba(0,0,0,0.4);border: solid 10px transparent;outline: solid 3px;outline-color: #ffffff;height: 140px\"><div><p style=\"text-align: center;\"><span style=\"color: #ffffff;\">ALTEA<\/span><\/p>\n<\/div><\/div><\/div><\/div>[\/vc_column][vc_column width=&#8221;1\/3&#8243;]<div class=\"shortcode-banner shortcode-banner-link\" style=\"min-height: 150px;background-image: url(https:\/\/laisladetabarca.com\/wp-content\/uploads\/2022\/07\/santa-pola.jpg)\" onclick=\"window.location.href='http:\/\/laisladetabarca.com\/como-ir\/desde-santa-pola\/';\"><div class=\"shortcode-banner-bg wf-table\" style=\"padding: 10px;min-height: 150px\"><div class=\"shortcode-banner-inside wf-table text-big\" style=\"background-color: rgb(0,0,0);background-color: rgba(0,0,0,0.4);border: solid 10px transparent;outline: solid 3px;outline-color: #ffffff;height: 140px\"><div><p style=\"text-align: center;\"><span style=\"color: #ffffff;\">SANTA POLA<\/span><\/p>\n<\/div><\/div><\/div><\/div><div class=\"shortcode-banner shortcode-banner-link\" style=\"min-height: 150px;background-image: url(https:\/\/laisladetabarca.com\/wp-content\/uploads\/2024\/02\/tabarca-desde-javea.jpg)\" onclick=\"window.location.href='http:\/\/laisladetabarca.com\/como-ir\/desde-javea\/';\"><div class=\"shortcode-banner-bg wf-table\" style=\"padding: 10px;min-height: 150px\"><div class=\"shortcode-banner-inside wf-table text-big\" style=\"background-color: rgb(0,0,0);background-color: rgba(0,0,0,0.4);border: solid 10px transparent;outline: solid 3px;outline-color: #ffffff;height: 140px\"><div><p style=\"text-align: center;\"><span style=\"color: #ffffff;\">JAVEA<\/span><\/p>\n<\/div><\/div><\/div><\/div>[\/vc_column][vc_column width=&#8221;1\/3&#8243;]<div class=\"shortcode-banner shortcode-banner-link\" style=\"min-height: 150px;background-image: url(https:\/\/laisladetabarca.com\/wp-content\/uploads\/2024\/02\/tabarca-desde-denia.jpg)\" onclick=\"window.location.href='http:\/\/laisladetabarca.com\/como-ir\/desde-denia\/';\"><div class=\"shortcode-banner-bg wf-table\" style=\"padding: 10px;min-height: 150px\"><div class=\"shortcode-banner-inside wf-table text-big\" style=\"background-color: rgb(0,0,0);background-color: rgba(0,0,0,0.4);border: solid 10px transparent;outline: solid 3px;outline-color: #ffffff;height: 140px\"><div><p style=\"text-align: center;\"><span style=\"color: #ffffff;\">DENIA<\/span><\/p>\n<\/div><\/div><\/div><\/div><div class=\"shortcode-banner shortcode-banner-link\" style=\"min-height: 150px;background-image: url(https:\/\/laisladetabarca.com\/wp-content\/uploads\/2024\/02\/tabarca-desde-murcia.jpg)\" onclick=\"window.location.href='http:\/\/laisladetabarca.com\/como-ir\/desde-murcia\/';\"><div class=\"shortcode-banner-bg wf-table\" style=\"padding: 10px;min-height: 150px\"><div class=\"shortcode-banner-inside wf-table text-big\" style=\"background-color: rgb(0,0,0);background-color: rgba(0,0,0,0.4);border: solid 10px transparent;outline: solid 3px;outline-color: #ffffff;height: 140px\"><div><p style=\"text-align: center;\"><span style=\"color: #ffffff;\">MURCIA<\/span><\/p>\n<\/div><\/div><\/div><\/div>[\/vc_column][\/vc_row][vc_row][vc_column][\/vc_column][\/vc_row]<\/p>\n<\/div>","protected":false},"excerpt":{"rendered":"<p>[vc_row][vc_column][ultimate_heading alignment=&#8221;left&#8221;] Tabarca\u00f6n, bel\u00e4gen utanf\u00f6r Alicantes kust, \u00e4r en charmig destination som v\u00e4ntar p\u00e5 att uppt\u00e4ckas. Fr\u00e5n Moraira erbjuder en resa till denna lilla men fascinerande \u00f6 en unik upplevelse som kombinerar vackra str\u00e4nder, rik historia och fantastisk natur. [\/ultimate_heading][vc_empty_space height=&#8221;35px&#8221;][\/vc_column][\/vc_row][vc_row][vc_column][ultimate_heading main_heading=&#8221;Hur man tar sig till Tabarca fr\u00e5n Moraira&#8221; alignment=&#8221;left&#8221;]Planering \u00e4r nyckeln till en smidig&hellip;<\/p>\n","protected":false},"author":1,"featured_media":0,"parent":3625,"menu_order":0,"comment_status":"closed","ping_status":"closed","template":"","meta":{"_joinchat":[],"footnotes":""},"class_list":["post-3645","page","type-page","status-publish","hentry","description-off"],"_links":{"self":[{"href":"https:\/\/laisladetabarca.com\/sv\/wp-json\/wp\/v2\/pages\/3645","targetHints":{"allow":["GET"]}}],"collection":[{"href":"https:\/\/laisladetabarca.com\/sv\/wp-json\/wp\/v2\/pages"}],"about":[{"href":"https:\/\/laisladetabarca.com\/sv\/wp-json\/wp\/v2\/types\/page"}],"author":[{"embeddable":true,"href":"https:\/\/laisladetabarca.com\/sv\/wp-json\/wp\/v2\/users\/1"}],"replies":[{"embeddable":true,"href":"https:\/\/laisladetabarca.com\/sv\/wp-json\/wp\/v2\/comments?post=3645"}],"version-history":[{"count":0,"href":"https:\/\/laisladetabarca.com\/sv\/wp-json\/wp\/v2\/pages\/3645\/revisions"}],"up":[{"embeddable":true,"href":"https:\/\/laisladetabarca.com\/sv\/wp-json\/wp\/v2\/pages\/3625"}],"wp:attachment":[{"href":"https:\/\/laisladetabarca.com\/sv\/wp-json\/wp\/v2\/media?parent=3645"}],"curies":[{"name":"wp","href":"https:\/\/api.w.org\/{rel}","templated":true}]}}