{"id":3631,"date":"2022-08-19T10:38:19","date_gmt":"2022-08-19T09:38:19","guid":{"rendered":"https:\/\/laisladetabarca.com\/hur-man-tar-sig-till-tabarca-fran\/ak-till-tabarca-fran-alicante\/"},"modified":"2026-01-29T18:21:13","modified_gmt":"2026-01-29T17:21:13","slug":"ak-till-tabarca-fran-alicante","status":"publish","type":"page","link":"https:\/\/laisladetabarca.com\/sv\/hur-man-tar-sig-till-tabarca-fran\/ak-till-tabarca-fran-alicante\/","title":{"rendered":"\u00c5k till Tabarca fr\u00e5n Alicante"},"content":{"rendered":"<div class=\"wpb-content-wrapper\"><p>[vc_row][vc_column]<div id=\"ultimate-heading-257469de2e1a95211\" class=\"uvc-heading ult-adjust-bottom-margin ultimate-heading-257469de2e1a95211 uvc-5387 \" data-hspacer=\"no_spacer\"  data-halign=\"left\" style=\"text-align:left\"><div class=\"uvc-heading-spacer no_spacer\" style=\"top\"><\/div><div class=\"uvc-sub-heading ult-responsive\"  data-ultimate-target='.uvc-heading.ultimate-heading-257469de2e1a95211 .uvc-sub-heading '  data-responsive-json-new='{\"font-size\":\"\",\"line-height\":\"\"}'  style=\"font-weight:normal;\"><\/p>\n<p style=\"text-align: justify;\"><span style=\"font-weight: 400;\">Du har flera alternativ f\u00f6r att ta dig till Tabarca, och ett av de mest k\u00e4nda alternativen \u00e4r att resa fr\u00e5n Alicante stad. Vi m\u00e5ste komma ih\u00e5g att Tabarca \u00e4r en \u00f6, och d\u00e4rf\u00f6r kan den bara n\u00e5s fr\u00e5n havet. D\u00e4rf\u00f6r \u00e4r det enda alternativet att ta f\u00e4rjan fr\u00e5n Alicante till Tabarca.   <\/span><\/p>\n<p><\/div><\/div>[vc_empty_space height=&#8221;35px&#8221;][\/vc_column][\/vc_row][vc_row][vc_column]<div id=\"ultimate-heading-894469de2e1a9527c\" class=\"uvc-heading ult-adjust-bottom-margin ultimate-heading-894469de2e1a9527c uvc-9975 \" data-hspacer=\"no_spacer\"  data-halign=\"left\" style=\"text-align:left\"><div class=\"uvc-heading-spacer no_spacer\" style=\"top\"><\/div><div class=\"uvc-main-heading ult-responsive\"  data-ultimate-target='.uvc-heading.ultimate-heading-894469de2e1a9527c h2'  data-responsive-json-new='{\"font-size\":\"\",\"line-height\":\"\"}' ><div id=\"ez-toc-container\" class=\"ez-toc-v2_0_80 counter-hierarchy ez-toc-counter ez-toc-grey ez-toc-container-direction\">\n<div class=\"ez-toc-title-container\">\n<p class=\"ez-toc-title\" style=\"cursor:inherit\">Table of Contents<\/p>\n<span class=\"ez-toc-title-toggle\"><a href=\"#\" class=\"ez-toc-pull-right ez-toc-btn ez-toc-btn-xs ez-toc-btn-default ez-toc-toggle\" aria-label=\"Toggle Table of Content\"><span class=\"ez-toc-js-icon-con\"><span class=\"\"><span class=\"eztoc-hide\" style=\"display:none;\">Toggle<\/span><span class=\"ez-toc-icon-toggle-span\"><svg style=\"fill: #999;color:#999\" xmlns=\"http:\/\/www.w3.org\/2000\/svg\" class=\"list-377408\" width=\"20px\" height=\"20px\" viewBox=\"0 0 24 24\" fill=\"none\"><path d=\"M6 6H4v2h2V6zm14 0H8v2h12V6zM4 11h2v2H4v-2zm16 0H8v2h12v-2zM4 16h2v2H4v-2zm16 0H8v2h12v-2z\" fill=\"currentColor\"><\/path><\/svg><svg style=\"fill: #999;color:#999\" class=\"arrow-unsorted-368013\" xmlns=\"http:\/\/www.w3.org\/2000\/svg\" width=\"10px\" height=\"10px\" viewBox=\"0 0 24 24\" version=\"1.2\" baseProfile=\"tiny\"><path d=\"M18.2 9.3l-6.2-6.3-6.2 6.3c-.2.2-.3.4-.3.7s.1.5.3.7c.2.2.4.3.7.3h11c.3 0 .5-.1.7-.3.2-.2.3-.5.3-.7s-.1-.5-.3-.7zM5.8 14.7l6.2 6.3 6.2-6.3c.2-.2.3-.5.3-.7s-.1-.5-.3-.7c-.2-.2-.4-.3-.7-.3h-11c-.3 0-.5.1-.7.3-.2.2-.3.5-.3.7s.1.5.3.7z\"\/><\/svg><\/span><\/span><\/span><\/a><\/span><\/div>\n<nav><ul class='ez-toc-list ez-toc-list-level-1 ' ><li class='ez-toc-page-1 ez-toc-heading-level-2'><a class=\"ez-toc-link ez-toc-heading-1\" href=\"https:\/\/laisladetabarca.com\/sv\/hur-man-tar-sig-till-tabarca-fran\/ak-till-tabarca-fran-alicante\/#Ak_till_Tabarca_med_bil_fran_Alicante\" >\u00c5k till Tabarca med bil fr\u00e5n Alicante.<\/a><\/li><li class='ez-toc-page-1 ez-toc-heading-level-2'><a class=\"ez-toc-link ez-toc-heading-2\" href=\"https:\/\/laisladetabarca.com\/sv\/hur-man-tar-sig-till-tabarca-fran\/ak-till-tabarca-fran-alicante\/#Ak_till_Tabarca_med_bat_fran_Alicante\" >\u00c5k till Tabarca med b\u00e5t fr\u00e5n Alicante<\/a><\/li><li class='ez-toc-page-1 ez-toc-heading-level-2'><a class=\"ez-toc-link ez-toc-heading-3\" href=\"https:\/\/laisladetabarca.com\/sv\/hur-man-tar-sig-till-tabarca-fran\/ak-till-tabarca-fran-alicante\/#Ak_till_Tabarca_med_kollektivtrafik\" >\u00c5k till Tabarca med kollektivtrafik<\/a><ul class='ez-toc-list-level-3' ><li class='ez-toc-heading-level-3'><a class=\"ez-toc-link ez-toc-heading-4\" href=\"https:\/\/laisladetabarca.com\/sv\/hur-man-tar-sig-till-tabarca-fran\/ak-till-tabarca-fran-alicante\/#Tabarca_fran_andra_destinationer\" >Tabarca fr\u00e5n andra destinationer:<\/a><\/li><\/ul><\/li><\/ul><\/nav><\/div>\n<h2 style=\"font-weight:normal;\"><span class=\"ez-toc-section\" id=\"Ak_till_Tabarca_med_bil_fran_Alicante\"><\/span>\u00c5k till Tabarca med bil fr\u00e5n Alicante.<span class=\"ez-toc-section-end\"><\/span><\/h2><\/div><div class=\"uvc-sub-heading ult-responsive\"  data-ultimate-target='.uvc-heading.ultimate-heading-894469de2e1a9527c .uvc-sub-heading '  data-responsive-json-new='{\"font-size\":\"\",\"line-height\":\"\"}'  style=\"font-weight:normal;\"><span style=\"font-weight: 400;\">Om du undrar om du kan k\u00f6ra till Tabarca fr\u00e5n Alicante, m\u00e5ste jag s\u00e4ga nej, eftersom Tabarca \u00e4r en liten \u00f6 som inte accepterar bilar eller motorcyklar, s\u00e5 det finns ingen b\u00e5t du kan ta din bil p\u00e5. Det enda alternativet \u00e4r att \u00e5ka till hamnen i Alicante och ta f\u00e4rjan direkt till Tabarca fr\u00e5n Alicante. <\/span><\/p>\n<p><span style=\"font-weight: 400;\">Dessutom, om du vill njuta av Tabarca fullt ut, \u00e4r utflykten jag rekommenderar nedan det b\u00e4sta alternativet, eftersom du kommer att f\u00e5 veta alla hemligheter kring den ber\u00f6mda Tabarca\u00f6n.<\/span><\/div><\/div>[vc_empty_space][vc_raw_html]PGRpdiBzdHlsZT0idGV4dC1hbGlnbjpjZW50ZXI7Ij48c2NyaXB0PmZ1bmN0aW9uIGxvYWRTY3JpcHQodXJsLCBjYWxsYmFjayl7dmFyIHNjcmlwdD1kb2N1bWVudC5jcmVhdGVFbGVtZW50KCdzY3JpcHQnKTsgc2NyaXB0LnR5cGU9J3RleHQvamF2YXNjcmlwdCc7IGlmIChzY3JpcHQucmVhZHlTdGF0ZSl7c2NyaXB0Lm9ucmVhZHlzdGF0ZWNoYW5nZT1mdW5jdGlvbigpe2lmIChzY3JpcHQucmVhZHlTdGF0ZT09J2xvYWRlZCcgfHwgc2NyaXB0LnJlYWR5U3RhdGU9PSdjb21wbGV0ZScpe3NjcmlwdC5vbnJlYWR5c3RhdGVjaGFuZ2U9bnVsbDsgY2FsbGJhY2soKTt9fTt9ZWxzZXtzY3JpcHQub25sb2FkPWZ1bmN0aW9uKCl7Y2FsbGJhY2soKTt9O31zY3JpcHQuc3JjPXVybDsgZG9jdW1lbnQuZ2V0RWxlbWVudHNCeVRhZ05hbWUoJ2hlYWQnKVswXS5hcHBlbmRDaGlsZChzY3JpcHQpO31sb2FkU2NyaXB0KCdodHRwczovL3d3dy5jaXZpdGF0aXMuY29tL2YvanMvdmVuZG9yL2lmcmFtZVJlc2l6ZXIubWluLmpzJywgZnVuY3Rpb24oKXtpRnJhbWVSZXNpemUoe2NoZWNrT3JpZ2luOmZhbHNlLGluaXRDYWxsYmFjazpmdW5jdGlvbihpZnJhbWUpe3NldFRpbWVvdXQoZnVuY3Rpb24oKXt2YXIgcmVzaXplRXZlbnQgPSB3aW5kb3cuZG9jdW1lbnQuY3JlYXRlRXZlbnQoJ1VJRXZlbnRzJyk7IHJlc2l6ZUV2ZW50LmluaXRVSUV2ZW50KCdyZXNpemUnLCB0cnVlLCBmYWxzZSwgd2luZG93LCAwKTsgaWZyYW1lLmRpc3BhdGNoRXZlbnQocmVzaXplRXZlbnQpO30pO319KX0pPC9zY3JpcHQ+PGlmcmFtZSBjbGFzcz0iY2l2aXRhdGlzLWlmcmFtZSIgc3JjPSJodHRwczovL3d3dy5jaXZpdGF0aXMuY29tL3dpZGdldC1hY3Rpdml0aWVzLz9hZmZpbGlhdGVkPTEyNDk0JmFtcDtkaXNwbGF5PWNvbWZvcnQmYW1wO2NhbnQ9MSZhbXA7bGFuZz1lcyZhbXA7Y3VycmVuY3k9RVVSJmFtcDtkZXN0aW5hdGlvbj05NSZhbXA7YWN0aXZpdGllcz0xMTEwMjcmYW1wO3RyYW5zZmVyPTAmYW1wO2NtcD1JVF91cmxfZGVzZGVfYWxpY2FudGUmYW1wO3dpZHRoPTEwMCUmYW1wO2hpZGVCdXR0b249MSZhbXA7Y2VudGVyQ29udGVudD0xJmFtcDt0eXBlU2VsZWN0aW9uPW1hbnVhbCZhbXA7Y29sb3I9ZjcwNzU5JmFtcDt0eXBvZ3JhcGh5PU1vbnRzZXJyYXQmYW1wO3JlbW92ZUJhY2tncm91bmQ9MSZhbXA7c2hvd1NoYWRvdz0xJmFtcDtyb3VuZGVkQnV0dG9ucz0xIiB3aWR0aD0iMTAwJSIgZnJhbWVib3JkZXI9IjAiIGRhdGEtbWF4d2lkdGg9IjEwMCUiIHN0eWxlPSJtYXgtd2lkdGg6IDEwMCUiPjwvaWZyYW1lPjwvZGl2Pgo=[\/vc_raw_html]<div id=\"ultimate-heading-667769de2e1a952fc\" class=\"uvc-heading ult-adjust-bottom-margin ultimate-heading-667769de2e1a952fc uvc-2900 \" data-hspacer=\"no_spacer\"  data-halign=\"left\" style=\"text-align:left\"><div class=\"uvc-heading-spacer no_spacer\" style=\"top\"><\/div><div class=\"uvc-main-heading ult-responsive\"  data-ultimate-target='.uvc-heading.ultimate-heading-667769de2e1a952fc h2'  data-responsive-json-new='{\"font-size\":\"\",\"line-height\":\"\"}' ><h2 style=\"font-weight:normal;\"><span class=\"ez-toc-section\" id=\"Ak_till_Tabarca_med_bat_fran_Alicante\"><\/span>\u00c5k till Tabarca med b\u00e5t fr\u00e5n Alicante<span class=\"ez-toc-section-end\"><\/span><\/h2><\/div><div class=\"uvc-sub-heading ult-responsive\"  data-ultimate-target='.uvc-heading.ultimate-heading-667769de2e1a952fc .uvc-sub-heading '  data-responsive-json-new='{\"font-size\":\"\",\"line-height\":\"\"}'  style=\"font-weight:normal;\"><\/p>\n<p style=\"text-align: justify;\"><span style=\"font-weight: 400;\">Det enda och b\u00e4sta alternativet f\u00f6r att ta sig till Tabarca fr\u00e5n Alicante \u00e4r med b\u00e5t. Du kan hyra eller \u00e4ga en b\u00e5t och resa till sj\u00e4lva Tabarca\u00f6n med b\u00e5t, eller s\u00e5 \u00e4r det mer prisv\u00e4rt att ta en allm\u00e4n f\u00e4rja. Denna f\u00e4rjetur tar cirka 50 minuter. Du kan ta f\u00e4rjan fr\u00e5n hamnen i Alicante och det finns flera avg\u00e5ngar dagligen. B\u00e5ten erbjuder ocks\u00e5 spektakul\u00e4ra undervattensvyer.    <\/span><\/p>\n<p style=\"text-align: justify;\"><span style=\"font-weight: 400;\">Jag ger dig den som anv\u00e4nds mest och \u00e4r mest praktisk f\u00f6r det.<\/span><\/p>\n<p><\/div><\/div>[vc_raw_html]PGRpdiBzdHlsZT0idGV4dC1hbGlnbjpjZW50ZXI7Ij48c2NyaXB0PmZ1bmN0aW9uIGxvYWRTY3JpcHQodXJsLCBjYWxsYmFjayl7dmFyIHNjcmlwdD1kb2N1bWVudC5jcmVhdGVFbGVtZW50KCdzY3JpcHQnKTsgc2NyaXB0LnR5cGU9J3RleHQvamF2YXNjcmlwdCc7IGlmIChzY3JpcHQucmVhZHlTdGF0ZSl7c2NyaXB0Lm9ucmVhZHlzdGF0ZWNoYW5nZT1mdW5jdGlvbigpe2lmIChzY3JpcHQucmVhZHlTdGF0ZT09J2xvYWRlZCcgfHwgc2NyaXB0LnJlYWR5U3RhdGU9PSdjb21wbGV0ZScpe3NjcmlwdC5vbnJlYWR5c3RhdGVjaGFuZ2U9bnVsbDsgY2FsbGJhY2soKTt9fTt9ZWxzZXtzY3JpcHQub25sb2FkPWZ1bmN0aW9uKCl7Y2FsbGJhY2soKTt9O31zY3JpcHQuc3JjPXVybDsgZG9jdW1lbnQuZ2V0RWxlbWVudHNCeVRhZ05hbWUoJ2hlYWQnKVswXS5hcHBlbmRDaGlsZChzY3JpcHQpO31sb2FkU2NyaXB0KCdodHRwczovL3d3dy5jaXZpdGF0aXMuY29tL2YvanMvdmVuZG9yL2lmcmFtZVJlc2l6ZXIubWluLmpzJywgZnVuY3Rpb24oKXtpRnJhbWVSZXNpemUoe2NoZWNrT3JpZ2luOmZhbHNlLGluaXRDYWxsYmFjazpmdW5jdGlvbihpZnJhbWUpe3NldFRpbWVvdXQoZnVuY3Rpb24oKXt2YXIgcmVzaXplRXZlbnQgPSB3aW5kb3cuZG9jdW1lbnQuY3JlYXRlRXZlbnQoJ1VJRXZlbnRzJyk7IHJlc2l6ZUV2ZW50LmluaXRVSUV2ZW50KCdyZXNpemUnLCB0cnVlLCBmYWxzZSwgd2luZG93LCAwKTsgaWZyYW1lLmRpc3BhdGNoRXZlbnQocmVzaXplRXZlbnQpO30pO319KX0pPC9zY3JpcHQ+PGlmcmFtZSBjbGFzcz0iY2l2aXRhdGlzLWlmcmFtZSIgc3JjPSJodHRwczovL3d3dy5jaXZpdGF0aXMuY29tL3dpZGdldC1hY3Rpdml0aWVzLz9hZmZpbGlhdGVkPTEyNDk0JmFtcDtkaXNwbGF5PWNvbWZvcnQmYW1wO2NhbnQ9MSZhbXA7bGFuZz1lcyZhbXA7Y3VycmVuY3k9RVVSJmFtcDtkZXN0aW5hdGlvbj05NSZhbXA7YWN0aXZpdGllcz0xNDg5OTYmYW1wO3RyYW5zZmVyPTAmYW1wO2NtcD1JVF91cmxfZGVzZGVfYWxpY2FudGUmYW1wO3dpZHRoPTEwMCUmYW1wO2hpZGVCdXR0b249MSZhbXA7Y2VudGVyQ29udGVudD0xJmFtcDt0eXBlU2VsZWN0aW9uPW1hbnVhbCZhbXA7Y29sb3I9ZjcwNzU5JmFtcDt0eXBvZ3JhcGh5PU1vbnRzZXJyYXQmYW1wO3JlbW92ZUJhY2tncm91bmQ9MSZhbXA7c2hvd1NoYWRvdz0xJmFtcDtyb3VuZGVkQnV0dG9ucz0xIiB3aWR0aD0iMTAwJSIgZnJhbWVib3JkZXI9IjAiIGRhdGEtbWF4d2lkdGg9IjEwMCUiIHN0eWxlPSJtYXgtd2lkdGg6IDEwMCUiPjwvaWZyYW1lPjwvZGl2Pg==[\/vc_raw_html][vc_empty_space height=&#8221;35px&#8221;][vc_video link=&#8221;https:\/\/www.youtube.com\/watch?v=CGN0RiUN28w&#8221; align=&#8221;center&#8221;]<div id=\"ultimate-heading-901169de2e1a95367\" class=\"uvc-heading ult-adjust-bottom-margin ultimate-heading-901169de2e1a95367 uvc-1138 \" data-hspacer=\"no_spacer\"  data-halign=\"left\" style=\"text-align:left\"><div class=\"uvc-heading-spacer no_spacer\" style=\"top\"><\/div><div class=\"uvc-main-heading ult-responsive\"  data-ultimate-target='.uvc-heading.ultimate-heading-901169de2e1a95367 h2'  data-responsive-json-new='{\"font-size\":\"\",\"line-height\":\"\"}' ><h2 style=\"font-weight:normal;\"><span class=\"ez-toc-section\" id=\"Ak_till_Tabarca_med_kollektivtrafik\"><\/span>\u00c5k till Tabarca med kollektivtrafik<span class=\"ez-toc-section-end\"><\/span><\/h2><\/div><div class=\"uvc-sub-heading ult-responsive\"  data-ultimate-target='.uvc-heading.ultimate-heading-901169de2e1a95367 .uvc-sub-heading '  data-responsive-json-new='{\"font-size\":\"\",\"line-height\":\"\"}'  style=\"font-weight:normal;\"><\/p>\n<p style=\"text-align: justify;\"><span style=\"font-weight: 400;\">Om du funderade p\u00e5 att \u00e5ka till Tabarca med kollektivtrafik b\u00f6r du veta att den enda tillg\u00e4ngliga kollektivtrafiken f\u00f6r att ta sig dit \u00e4r den dagliga f\u00e4rjan. Det \u00e4r det enda s\u00e4ttet att ta sig till Tabarca med kollektivtrafik. <\/span><\/p>\n<p><\/div><\/div>[vc_raw_html]PGRpdiBzdHlsZT0idGV4dC1hbGlnbjpjZW50ZXI7Ij48c2NyaXB0PmZ1bmN0aW9uIGxvYWRTY3JpcHQodXJsLCBjYWxsYmFjayl7dmFyIHNjcmlwdD1kb2N1bWVudC5jcmVhdGVFbGVtZW50KCdzY3JpcHQnKTsgc2NyaXB0LnR5cGU9J3RleHQvamF2YXNjcmlwdCc7IGlmIChzY3JpcHQucmVhZHlTdGF0ZSl7c2NyaXB0Lm9ucmVhZHlzdGF0ZWNoYW5nZT1mdW5jdGlvbigpe2lmIChzY3JpcHQucmVhZHlTdGF0ZT09J2xvYWRlZCcgfHwgc2NyaXB0LnJlYWR5U3RhdGU9PSdjb21wbGV0ZScpe3NjcmlwdC5vbnJlYWR5c3RhdGVjaGFuZ2U9bnVsbDsgY2FsbGJhY2soKTt9fTt9ZWxzZXtzY3JpcHQub25sb2FkPWZ1bmN0aW9uKCl7Y2FsbGJhY2soKTt9O31zY3JpcHQuc3JjPXVybDsgZG9jdW1lbnQuZ2V0RWxlbWVudHNCeVRhZ05hbWUoJ2hlYWQnKVswXS5hcHBlbmRDaGlsZChzY3JpcHQpO31sb2FkU2NyaXB0KCdodHRwczovL3d3dy5jaXZpdGF0aXMuY29tL2YvanMvdmVuZG9yL2lmcmFtZVJlc2l6ZXIubWluLmpzJywgZnVuY3Rpb24oKXtpRnJhbWVSZXNpemUoe2NoZWNrT3JpZ2luOmZhbHNlLGluaXRDYWxsYmFjazpmdW5jdGlvbihpZnJhbWUpe3NldFRpbWVvdXQoZnVuY3Rpb24oKXt2YXIgcmVzaXplRXZlbnQgPSB3aW5kb3cuZG9jdW1lbnQuY3JlYXRlRXZlbnQoJ1VJRXZlbnRzJyk7IHJlc2l6ZUV2ZW50LmluaXRVSUV2ZW50KCdyZXNpemUnLCB0cnVlLCBmYWxzZSwgd2luZG93LCAwKTsgaWZyYW1lLmRpc3BhdGNoRXZlbnQocmVzaXplRXZlbnQpO30pO319KX0pPC9zY3JpcHQ+PGlmcmFtZSBjbGFzcz0iY2l2aXRhdGlzLWlmcmFtZSIgc3JjPSJodHRwczovL3d3dy5jaXZpdGF0aXMuY29tL3dpZGdldC1hY3Rpdml0aWVzLz9hZmZpbGlhdGVkPTEyNDk0JmFtcDtkaXNwbGF5PWNvbWZvcnQmYW1wO2NhbnQ9MSZhbXA7bGFuZz1lcyZhbXA7Y3VycmVuY3k9RVVSJmFtcDtkZXN0aW5hdGlvbj05NSZhbXA7YWN0aXZpdGllcz0xMDE5NTgmYW1wO3RyYW5zZmVyPTAmYW1wO2NtcD1JVF91cmxfZGVzZGVfYWxpY2FudGUmYW1wO3dpZHRoPTEwMCUmYW1wO2hpZGVCdXR0b249MSZhbXA7Y2VudGVyQ29udGVudD0xJmFtcDt0eXBlU2VsZWN0aW9uPW1hbnVhbCZhbXA7Y29sb3I9ZjcwNzU5JmFtcDt0eXBvZ3JhcGh5PU1vbnRzZXJyYXQmYW1wO3JlbW92ZUJhY2tncm91bmQ9MSZhbXA7c2hvd1NoYWRvdz0xJmFtcDtyb3VuZGVkQnV0dG9ucz0xIiB3aWR0aD0iMTAwJSIgZnJhbWVib3JkZXI9IjAiIGRhdGEtbWF4d2lkdGg9IjEwMCUiIHN0eWxlPSJtYXgtd2lkdGg6IDEwMCUiPjwvaWZyYW1lPjwvZGl2Pg==[\/vc_raw_html][\/vc_column][\/vc_row][vc_row][vc_column][vc_empty_space height=&#8221;50px&#8221;]<div id=\"ultimate-heading-878869de2e1a953d7\" class=\"uvc-heading ult-adjust-bottom-margin ultimate-heading-878869de2e1a953d7 uvc-4227 \" data-hspacer=\"no_spacer\"  data-halign=\"center\" style=\"text-align:center\"><div class=\"uvc-heading-spacer no_spacer\" style=\"top\"><\/div><div class=\"uvc-main-heading ult-responsive\"  data-ultimate-target='.uvc-heading.ultimate-heading-878869de2e1a953d7 h3'  data-responsive-json-new='{\"font-size\":\"\",\"line-height\":\"\"}' ><h3 style=\"font-weight:normal;\"><span class=\"ez-toc-section\" id=\"Tabarca_fran_andra_destinationer\"><\/span>Tabarca fr\u00e5n andra destinationer:<span class=\"ez-toc-section-end\"><\/span><\/h3><\/div><\/div>[vc_empty_space height=&#8221;30px&#8221;][\/vc_column][\/vc_row][vc_row][vc_column width=&#8221;1\/3&#8243;]<div class=\"shortcode-banner shortcode-banner-link\" style=\"min-height: 150px;background-image: url(https:\/\/laisladetabarca.com\/wp-content\/uploads\/2022\/07\/benidorm.jpg)\" onclick=\"window.location.href='https:\/\/laisladetabarca.com\/como-ir\/desde-benidorm\/';\"><div class=\"shortcode-banner-bg wf-table\" style=\"padding: 10px;min-height: 150px\"><div class=\"shortcode-banner-inside wf-table text-big\" style=\"background-color: rgb(0,0,0);background-color: rgba(0,0,0,0.4);border: solid 10px transparent;outline: solid 3px;outline-color: #ffffff;height: 140px\"><div><p style=\"text-align: center;\"><span style=\"color: #ffffff;\">BENIDORM<\/span><\/p>\n<\/div><\/div><\/div><\/div>[\/vc_column][vc_column width=&#8221;1\/3&#8243;]<div class=\"shortcode-banner shortcode-banner-link\" style=\"min-height: 150px;background-image: url(https:\/\/laisladetabarca.com\/wp-content\/uploads\/2022\/07\/santa-pola.jpg)\" onclick=\"window.location.href='http:\/\/laisladetabarca.com\/como-ir\/desde-santa-pola\/';\"><div class=\"shortcode-banner-bg wf-table\" style=\"padding: 10px;min-height: 150px\"><div class=\"shortcode-banner-inside wf-table text-big\" style=\"background-color: rgb(0,0,0);background-color: rgba(0,0,0,0.4);border: solid 10px transparent;outline: solid 3px;outline-color: #ffffff;height: 140px\"><div><p style=\"text-align: center;\"><span style=\"color: #ffffff;\">SANTA POLA<\/span><\/p>\n<\/div><\/div><\/div><\/div>[\/vc_column][vc_column width=&#8221;1\/3&#8243;]<div class=\"shortcode-banner shortcode-banner-link\" style=\"min-height: 150px;background-image: url(https:\/\/laisladetabarca.com\/wp-content\/uploads\/2022\/07\/torreiveja.jpg)\" onclick=\"window.location.href='http:\/\/laisladetabarca.com\/como-ir\/desde-torrevieja\/';\"><div class=\"shortcode-banner-bg wf-table\" style=\"padding: 10px;min-height: 150px\"><div class=\"shortcode-banner-inside wf-table text-big\" style=\"background-color: rgb(0,0,0);background-color: rgba(0,0,0,0.4);border: solid 10px transparent;outline: solid 3px;outline-color: #ffffff;height: 140px\"><div><p style=\"text-align: center;\"><span style=\"color: #ffffff;\">TORREVIEJA<\/span><\/p>\n<\/div><\/div><\/div><\/div>[\/vc_column][\/vc_row]<\/p>\n<\/div>","protected":false},"excerpt":{"rendered":"<p>[vc_row][vc_column][vc_empty_space height=&#8221;35px&#8221;][\/vc_column][\/vc_row][vc_row][vc_column][vc_empty_space][vc_raw_html]PGRpdiBzdHlsZT0idGV4dC1hbGlnbjpjZW50ZXI7Ij48c2NyaXB0PmZ1bmN0aW9uIGxvYWRTY3JpcHQodXJsLCBjYWxsYmFjayl7dmFyIHNjcmlwdD1kb2N1bWVudC5jcmVhdGVFbGVtZW50KCdzY3JpcHQnKTsgc2NyaXB0LnR5cGU9J3RleHQvamF2YXNjcmlwdCc7IGlmIChzY3JpcHQucmVhZHlTdGF0ZSl7c2NyaXB0Lm9ucmVhZHlzdGF0ZWNoYW5nZT1mdW5jdGlvbigpe2lmIChzY3JpcHQucmVhZHlTdGF0ZT09J2xvYWRlZCcgfHwgc2NyaXB0LnJlYWR5U3RhdGU9PSdjb21wbGV0ZScpe3NjcmlwdC5vbnJlYWR5c3RhdGVjaGFuZ2U9bnVsbDsgY2FsbGJhY2soKTt9fTt9ZWxzZXtzY3JpcHQub25sb2FkPWZ1bmN0aW9uKCl7Y2FsbGJhY2soKTt9O31zY3JpcHQuc3JjPXVybDsgZG9jdW1lbnQuZ2V0RWxlbWVudHNCeVRhZ05hbWUoJ2hlYWQnKVswXS5hcHBlbmRDaGlsZChzY3JpcHQpO31sb2FkU2NyaXB0KCdodHRwczovL3d3dy5jaXZpdGF0aXMuY29tL2YvanMvdmVuZG9yL2lmcmFtZVJlc2l6ZXIubWluLmpzJywgZnVuY3Rpb24oKXtpRnJhbWVSZXNpemUoe2NoZWNrT3JpZ2luOmZhbHNlLGluaXRDYWxsYmFjazpmdW5jdGlvbihpZnJhbWUpe3NldFRpbWVvdXQoZnVuY3Rpb24oKXt2YXIgcmVzaXplRXZlbnQgPSB3aW5kb3cuZG9jdW1lbnQuY3JlYXRlRXZlbnQoJ1VJRXZlbnRzJyk7IHJlc2l6ZUV2ZW50LmluaXRVSUV2ZW50KCdyZXNpemUnLCB0cnVlLCBmYWxzZSwgd2luZG93LCAwKTsgaWZyYW1lLmRpc3BhdGNoRXZlbnQocmVzaXplRXZlbnQpO30pO319KX0pPC9zY3JpcHQ+PGlmcmFtZSBjbGFzcz0iY2l2aXRhdGlzLWlmcmFtZSIgc3JjPSJodHRwczovL3d3dy5jaXZpdGF0aXMuY29tL3dpZGdldC1hY3Rpdml0aWVzLz9hZmZpbGlhdGVkPTEyNDk0JmFtcDtkaXNwbGF5PWNvbWZvcnQmYW1wO2NhbnQ9MSZhbXA7bGFuZz1lcyZhbXA7Y3VycmVuY3k9RVVSJmFtcDtkZXN0aW5hdGlvbj05NSZhbXA7YWN0aXZpdGllcz0xMTEwMjcmYW1wO3RyYW5zZmVyPTAmYW1wO2NtcD1JVF91cmxfZGVzZGVfYWxpY2FudGUmYW1wO3dpZHRoPTEwMCUmYW1wO2hpZGVCdXR0b249MSZhbXA7Y2VudGVyQ29udGVudD0xJmFtcDt0eXBlU2VsZWN0aW9uPW1hbnVhbCZhbXA7Y29sb3I9ZjcwNzU5JmFtcDt0eXBvZ3JhcGh5PU1vbnRzZXJyYXQmYW1wO3JlbW92ZUJhY2tncm91bmQ9MSZhbXA7c2hvd1NoYWRvdz0xJmFtcDtyb3VuZGVkQnV0dG9ucz0xIiB3aWR0aD0iMTAwJSIgZnJhbWVib3JkZXI9IjAiIGRhdGEtbWF4d2lkdGg9IjEwMCUiIHN0eWxlPSJtYXgtd2lkdGg6IDEwMCUiPjwvaWZyYW1lPjwvZGl2Pgo=[\/vc_raw_html][vc_raw_html]PGRpdiBzdHlsZT0idGV4dC1hbGlnbjpjZW50ZXI7Ij48c2NyaXB0PmZ1bmN0aW9uIGxvYWRTY3JpcHQodXJsLCBjYWxsYmFjayl7dmFyIHNjcmlwdD1kb2N1bWVudC5jcmVhdGVFbGVtZW50KCdzY3JpcHQnKTsgc2NyaXB0LnR5cGU9J3RleHQvamF2YXNjcmlwdCc7IGlmIChzY3JpcHQucmVhZHlTdGF0ZSl7c2NyaXB0Lm9ucmVhZHlzdGF0ZWNoYW5nZT1mdW5jdGlvbigpe2lmIChzY3JpcHQucmVhZHlTdGF0ZT09J2xvYWRlZCcgfHwgc2NyaXB0LnJlYWR5U3RhdGU9PSdjb21wbGV0ZScpe3NjcmlwdC5vbnJlYWR5c3RhdGVjaGFuZ2U9bnVsbDsgY2FsbGJhY2soKTt9fTt9ZWxzZXtzY3JpcHQub25sb2FkPWZ1bmN0aW9uKCl7Y2FsbGJhY2soKTt9O31zY3JpcHQuc3JjPXVybDsgZG9jdW1lbnQuZ2V0RWxlbWVudHNCeVRhZ05hbWUoJ2hlYWQnKVswXS5hcHBlbmRDaGlsZChzY3JpcHQpO31sb2FkU2NyaXB0KCdodHRwczovL3d3dy5jaXZpdGF0aXMuY29tL2YvanMvdmVuZG9yL2lmcmFtZVJlc2l6ZXIubWluLmpzJywgZnVuY3Rpb24oKXtpRnJhbWVSZXNpemUoe2NoZWNrT3JpZ2luOmZhbHNlLGluaXRDYWxsYmFjazpmdW5jdGlvbihpZnJhbWUpe3NldFRpbWVvdXQoZnVuY3Rpb24oKXt2YXIgcmVzaXplRXZlbnQgPSB3aW5kb3cuZG9jdW1lbnQuY3JlYXRlRXZlbnQoJ1VJRXZlbnRzJyk7IHJlc2l6ZUV2ZW50LmluaXRVSUV2ZW50KCdyZXNpemUnLCB0cnVlLCBmYWxzZSwgd2luZG93LCAwKTsgaWZyYW1lLmRpc3BhdGNoRXZlbnQocmVzaXplRXZlbnQpO30pO319KX0pPC9zY3JpcHQ+PGlmcmFtZSBjbGFzcz0iY2l2aXRhdGlzLWlmcmFtZSIgc3JjPSJodHRwczovL3d3dy5jaXZpdGF0aXMuY29tL3dpZGdldC1hY3Rpdml0aWVzLz9hZmZpbGlhdGVkPTEyNDk0JmFtcDtkaXNwbGF5PWNvbWZvcnQmYW1wO2NhbnQ9MSZhbXA7bGFuZz1lcyZhbXA7Y3VycmVuY3k9RVVSJmFtcDtkZXN0aW5hdGlvbj05NSZhbXA7YWN0aXZpdGllcz0xNDg5OTYmYW1wO3RyYW5zZmVyPTAmYW1wO2NtcD1JVF91cmxfZGVzZGVfYWxpY2FudGUmYW1wO3dpZHRoPTEwMCUmYW1wO2hpZGVCdXR0b249MSZhbXA7Y2VudGVyQ29udGVudD0xJmFtcDt0eXBlU2VsZWN0aW9uPW1hbnVhbCZhbXA7Y29sb3I9ZjcwNzU5JmFtcDt0eXBvZ3JhcGh5PU1vbnRzZXJyYXQmYW1wO3JlbW92ZUJhY2tncm91bmQ9MSZhbXA7c2hvd1NoYWRvdz0xJmFtcDtyb3VuZGVkQnV0dG9ucz0xIiB3aWR0aD0iMTAwJSIgZnJhbWVib3JkZXI9IjAiIGRhdGEtbWF4d2lkdGg9IjEwMCUiIHN0eWxlPSJtYXgtd2lkdGg6IDEwMCUiPjwvaWZyYW1lPjwvZGl2Pg==[\/vc_raw_html][vc_empty_space height=&#8221;35px&#8221;][vc_video link=&#8221;https:\/\/www.youtube.com\/watch?v=CGN0RiUN28w&#8221; align=&#8221;center&#8221;][vc_raw_html]PGRpdiBzdHlsZT0idGV4dC1hbGlnbjpjZW50ZXI7Ij48c2NyaXB0PmZ1bmN0aW9uIGxvYWRTY3JpcHQodXJsLCBjYWxsYmFjayl7dmFyIHNjcmlwdD1kb2N1bWVudC5jcmVhdGVFbGVtZW50KCdzY3JpcHQnKTsgc2NyaXB0LnR5cGU9J3RleHQvamF2YXNjcmlwdCc7IGlmIChzY3JpcHQucmVhZHlTdGF0ZSl7c2NyaXB0Lm9ucmVhZHlzdGF0ZWNoYW5nZT1mdW5jdGlvbigpe2lmIChzY3JpcHQucmVhZHlTdGF0ZT09J2xvYWRlZCcgfHwgc2NyaXB0LnJlYWR5U3RhdGU9PSdjb21wbGV0ZScpe3NjcmlwdC5vbnJlYWR5c3RhdGVjaGFuZ2U9bnVsbDsgY2FsbGJhY2soKTt9fTt9ZWxzZXtzY3JpcHQub25sb2FkPWZ1bmN0aW9uKCl7Y2FsbGJhY2soKTt9O31zY3JpcHQuc3JjPXVybDsgZG9jdW1lbnQuZ2V0RWxlbWVudHNCeVRhZ05hbWUoJ2hlYWQnKVswXS5hcHBlbmRDaGlsZChzY3JpcHQpO31sb2FkU2NyaXB0KCdodHRwczovL3d3dy5jaXZpdGF0aXMuY29tL2YvanMvdmVuZG9yL2lmcmFtZVJlc2l6ZXIubWluLmpzJywgZnVuY3Rpb24oKXtpRnJhbWVSZXNpemUoe2NoZWNrT3JpZ2luOmZhbHNlLGluaXRDYWxsYmFjazpmdW5jdGlvbihpZnJhbWUpe3NldFRpbWVvdXQoZnVuY3Rpb24oKXt2YXIgcmVzaXplRXZlbnQgPSB3aW5kb3cuZG9jdW1lbnQuY3JlYXRlRXZlbnQoJ1VJRXZlbnRzJyk7IHJlc2l6ZUV2ZW50LmluaXRVSUV2ZW50KCdyZXNpemUnLCB0cnVlLCBmYWxzZSwgd2luZG93LCAwKTsgaWZyYW1lLmRpc3BhdGNoRXZlbnQocmVzaXplRXZlbnQpO30pO319KX0pPC9zY3JpcHQ+PGlmcmFtZSBjbGFzcz0iY2l2aXRhdGlzLWlmcmFtZSIgc3JjPSJodHRwczovL3d3dy5jaXZpdGF0aXMuY29tL3dpZGdldC1hY3Rpdml0aWVzLz9hZmZpbGlhdGVkPTEyNDk0JmFtcDtkaXNwbGF5PWNvbWZvcnQmYW1wO2NhbnQ9MSZhbXA7bGFuZz1lcyZhbXA7Y3VycmVuY3k9RVVSJmFtcDtkZXN0aW5hdGlvbj05NSZhbXA7YWN0aXZpdGllcz0xMDE5NTgmYW1wO3RyYW5zZmVyPTAmYW1wO2NtcD1JVF91cmxfZGVzZGVfYWxpY2FudGUmYW1wO3dpZHRoPTEwMCUmYW1wO2hpZGVCdXR0b249MSZhbXA7Y2VudGVyQ29udGVudD0xJmFtcDt0eXBlU2VsZWN0aW9uPW1hbnVhbCZhbXA7Y29sb3I9ZjcwNzU5JmFtcDt0eXBvZ3JhcGh5PU1vbnRzZXJyYXQmYW1wO3JlbW92ZUJhY2tncm91bmQ9MSZhbXA7c2hvd1NoYWRvdz0xJmFtcDtyb3VuZGVkQnV0dG9ucz0xIiB3aWR0aD0iMTAwJSIgZnJhbWVib3JkZXI9IjAiIGRhdGEtbWF4d2lkdGg9IjEwMCUiIHN0eWxlPSJtYXgtd2lkdGg6IDEwMCUiPjwvaWZyYW1lPjwvZGl2Pg==[\/vc_raw_html][\/vc_column][\/vc_row][vc_row][vc_column][vc_empty_space height=&#8221;50px&#8221;][vc_empty_space height=&#8221;30px&#8221;][\/vc_column][\/vc_row][vc_row][vc_column width=&#8221;1\/3&#8243;][\/vc_column][vc_column width=&#8221;1\/3&#8243;][\/vc_column][vc_column width=&#8221;1\/3&#8243;][\/vc_column][\/vc_row]<\/p>\n","protected":false},"author":1,"featured_media":0,"parent":3625,"menu_order":0,"comment_status":"closed","ping_status":"closed","template":"","meta":{"_joinchat":[],"footnotes":""},"class_list":["post-3631","page","type-page","status-publish","hentry","description-off"],"_links":{"self":[{"href":"https:\/\/laisladetabarca.com\/sv\/wp-json\/wp\/v2\/pages\/3631","targetHints":{"allow":["GET"]}}],"collection":[{"href":"https:\/\/laisladetabarca.com\/sv\/wp-json\/wp\/v2\/pages"}],"about":[{"href":"https:\/\/laisladetabarca.com\/sv\/wp-json\/wp\/v2\/types\/page"}],"author":[{"embeddable":true,"href":"https:\/\/laisladetabarca.com\/sv\/wp-json\/wp\/v2\/users\/1"}],"replies":[{"embeddable":true,"href":"https:\/\/laisladetabarca.com\/sv\/wp-json\/wp\/v2\/comments?post=3631"}],"version-history":[{"count":0,"href":"https:\/\/laisladetabarca.com\/sv\/wp-json\/wp\/v2\/pages\/3631\/revisions"}],"up":[{"embeddable":true,"href":"https:\/\/laisladetabarca.com\/sv\/wp-json\/wp\/v2\/pages\/3625"}],"wp:attachment":[{"href":"https:\/\/laisladetabarca.com\/sv\/wp-json\/wp\/v2\/media?parent=3631"}],"curies":[{"name":"wp","href":"https:\/\/api.w.org\/{rel}","templated":true}]}}