{"id":3619,"date":"2023-04-05T13:34:41","date_gmt":"2023-04-05T12:34:41","guid":{"rendered":"https:\/\/laisladetabarca.com\/fartyg\/"},"modified":"2026-01-29T18:11:35","modified_gmt":"2026-01-29T17:11:35","slug":"fartyg","status":"publish","type":"page","link":"https:\/\/laisladetabarca.com\/sv\/fartyg\/","title":{"rendered":"Fartyg"},"content":{"rendered":"<div class=\"wpb-content-wrapper\"><p>[vc_row][vc_column][vc_column_text]<\/p>\n<p style=\"text-align: center;\">Om du letar efter ett unikt Medelhavs\u00e4ventyr finns det inget som en b\u00e5ttur till Tabarca. Denna lilla \u00f6, bel\u00e4gen utanf\u00f6r Alicantes kust, \u00e4r ett paradis f\u00f6r sol-, havs- och natur\u00e4lskare. Om du vill njuta av en of\u00f6rgl\u00f6mlig semester, missa inte chansen att bes\u00f6ka Tabarca med b\u00e5t.  <\/p>\n<p>[\/vc_column_text][\/vc_column][\/vc_row][vc_row][vc_column width=&#8221;1\/2&#8243;]<div id=\"ultimate-heading-168169de5a041d301\" class=\"uvc-heading ult-adjust-bottom-margin ultimate-heading-168169de5a041d301 uvc-491 \" data-hspacer=\"no_spacer\"  data-halign=\"center\" style=\"text-align:center\"><div class=\"uvc-heading-spacer no_spacer\" style=\"top\"><\/div><div class=\"uvc-main-heading ult-responsive\"  data-ultimate-target='.uvc-heading.ultimate-heading-168169de5a041d301 h2'  data-responsive-json-new='{\"font-size\":\"\",\"line-height\":\"\"}' ><div id=\"ez-toc-container\" class=\"ez-toc-v2_0_80 counter-hierarchy ez-toc-counter ez-toc-grey ez-toc-container-direction\">\n<div class=\"ez-toc-title-container\">\n<p class=\"ez-toc-title\" style=\"cursor:inherit\">Table of Contents<\/p>\n<span class=\"ez-toc-title-toggle\"><a href=\"#\" class=\"ez-toc-pull-right ez-toc-btn ez-toc-btn-xs ez-toc-btn-default ez-toc-toggle\" aria-label=\"Toggle Table of Content\"><span class=\"ez-toc-js-icon-con\"><span class=\"\"><span class=\"eztoc-hide\" style=\"display:none;\">Toggle<\/span><span class=\"ez-toc-icon-toggle-span\"><svg style=\"fill: #999;color:#999\" xmlns=\"http:\/\/www.w3.org\/2000\/svg\" class=\"list-377408\" width=\"20px\" height=\"20px\" viewBox=\"0 0 24 24\" fill=\"none\"><path d=\"M6 6H4v2h2V6zm14 0H8v2h12V6zM4 11h2v2H4v-2zm16 0H8v2h12v-2zM4 16h2v2H4v-2zm16 0H8v2h12v-2z\" fill=\"currentColor\"><\/path><\/svg><svg style=\"fill: #999;color:#999\" class=\"arrow-unsorted-368013\" xmlns=\"http:\/\/www.w3.org\/2000\/svg\" width=\"10px\" height=\"10px\" viewBox=\"0 0 24 24\" version=\"1.2\" baseProfile=\"tiny\"><path d=\"M18.2 9.3l-6.2-6.3-6.2 6.3c-.2.2-.3.4-.3.7s.1.5.3.7c.2.2.4.3.7.3h11c.3 0 .5-.1.7-.3.2-.2.3-.5.3-.7s-.1-.5-.3-.7zM5.8 14.7l6.2 6.3 6.2-6.3c.2-.2.3-.5.3-.7s-.1-.5-.3-.7c-.2-.2-.4-.3-.7-.3h-11c-.3 0-.5.1-.7.3-.2.2-.3.5-.3.7s.1.5.3.7z\"\/><\/svg><\/span><\/span><\/span><\/a><\/span><\/div>\n<nav><ul class='ez-toc-list ez-toc-list-level-1 ' ><li class='ez-toc-page-1 ez-toc-heading-level-2'><a class=\"ez-toc-link ez-toc-heading-1\" href=\"https:\/\/laisladetabarca.com\/sv\/fartyg\/#Bat_fran_Alicante_till_Tabarca\" >B\u00e5t fr\u00e5n Alicante till Tabarca<\/a><\/li><li class='ez-toc-page-1 ez-toc-heading-level-2'><a class=\"ez-toc-link ez-toc-heading-2\" href=\"https:\/\/laisladetabarca.com\/sv\/fartyg\/#Bat_fran_Santa_Pola_till_Tabarca\" >B\u00e5t fr\u00e5n Santa Pola till Tabarca<\/a><\/li><li class='ez-toc-page-1 ez-toc-heading-level-2'><a class=\"ez-toc-link ez-toc-heading-3\" href=\"https:\/\/laisladetabarca.com\/sv\/fartyg\/#Skal_att_ta_en_bat_till_Tabarca\" >Sk\u00e4l att ta en b\u00e5t till Tabarca<\/a><\/li><\/ul><\/nav><\/div>\n<h2 style=\"font-weight:normal;\"><span class=\"ez-toc-section\" id=\"Bat_fran_Alicante_till_Tabarca\"><\/span>B\u00e5t fr\u00e5n Alicante till Tabarca<span class=\"ez-toc-section-end\"><\/span><\/h2><\/div><\/div>[vc_raw_html]PGRpdiBkYXRhLWd5Zy1ocmVmPSJodHRwczovL3dpZGdldC5nZXR5b3VyZ3VpZGUuY29tL2RlZmF1bHQvYWN0aXZpdGllcy5mcmFtZSIgZGF0YS1neWctbG9jYWxlLWNvZGU9ImVzLUVTIiBkYXRhLWd5Zy13aWRnZXQ9ImFjdGl2aXRpZXMiIGRhdGEtZ3lnLW51bWJlci1vZi1pdGVtcz0iMSIgZGF0YS1neWctY21wPSJJVF91cmxfYmFyY28iIGRhdGEtZ3lnLXBhcnRuZXItaWQ9IlcxUUxHOUsiIGRhdGEtZ3lnLXRvdXItaWRzPSI0NDk2ODUiPjwvZGl2Pg==[\/vc_raw_html][\/vc_column][vc_column width=&#8221;1\/2&#8243;]<div id=\"ultimate-heading-679469de5a041d3aa\" class=\"uvc-heading ult-adjust-bottom-margin ultimate-heading-679469de5a041d3aa uvc-9609 \" data-hspacer=\"no_spacer\"  data-halign=\"center\" style=\"text-align:center\"><div class=\"uvc-heading-spacer no_spacer\" style=\"top\"><\/div><div class=\"uvc-main-heading ult-responsive\"  data-ultimate-target='.uvc-heading.ultimate-heading-679469de5a041d3aa h2'  data-responsive-json-new='{\"font-size\":\"\",\"line-height\":\"\"}' ><h2 style=\"font-weight:normal;\"><span class=\"ez-toc-section\" id=\"Bat_fran_Santa_Pola_till_Tabarca\"><\/span>B\u00e5t fr\u00e5n Santa Pola till Tabarca<span class=\"ez-toc-section-end\"><\/span><\/h2><\/div><\/div>[vc_raw_html]PGRpdiBkYXRhLWd5Zy1ocmVmPSJodHRwczovL3dpZGdldC5nZXR5b3VyZ3VpZGUuY29tL2RlZmF1bHQvYWN0aXZpdGllcy5mcmFtZSIgZGF0YS1neWctbG9jYWxlLWNvZGU9ImVzLUVTIiBkYXRhLWd5Zy13aWRnZXQ9ImFjdGl2aXRpZXMiIGRhdGEtZ3lnLW51bWJlci1vZi1pdGVtcz0iMSIgZGF0YS1neWctY21wPSJJVF91cmxfYmFyY28iIGRhdGEtZ3lnLXBhcnRuZXItaWQ9IlcxUUxHOUsiIGRhdGEtZ3lnLXRvdXItaWRzPSIzNjY2NDAiPjwvZGl2Pg==[\/vc_raw_html][\/vc_column][\/vc_row][vc_row][vc_column]<div id=\"ultimate-heading-392369de5a041d417\" class=\"uvc-heading ult-adjust-bottom-margin ultimate-heading-392369de5a041d417 uvc-9551 \" data-hspacer=\"no_spacer\"  data-halign=\"center\" style=\"text-align:center\"><div class=\"uvc-heading-spacer no_spacer\" style=\"top\"><\/div><div class=\"uvc-main-heading ult-responsive\"  data-ultimate-target='.uvc-heading.ultimate-heading-392369de5a041d417 h2'  data-responsive-json-new='{\"font-size\":\"\",\"line-height\":\"\"}' ><h2 style=\"font-weight:normal;\"><span class=\"ez-toc-section\" id=\"Skal_att_ta_en_bat_till_Tabarca\"><\/span>Sk\u00e4l att ta en b\u00e5t till Tabarca<span class=\"ez-toc-section-end\"><\/span><\/h2><\/div><div class=\"uvc-sub-heading ult-responsive\"  data-ultimate-target='.uvc-heading.ultimate-heading-392369de5a041d417 .uvc-sub-heading '  data-responsive-json-new='{\"font-size\":\"\",\"line-height\":\"\"}'  style=\"font-weight:normal;\"><\/p>\n<ul>\n<li style=\"text-align: justify;\">Unik upplevelse: B\u00e5tturen till Tabarca \u00e4r en unik och of\u00f6rgl\u00f6mlig upplevelse. Du kommer att njuta av Medelhavet och betrakta Alicantes kusts sk\u00f6nhet fr\u00e5n ett annat perspektiv. <\/li>\n<li style=\"text-align: justify;\">Natur: Tabarca \u00e4r ett naturparadis med en m\u00e4ngd olika flora och fauna. Du kan njuta av vita sandstr\u00e4nder, kristallklart vatten och imponerande klippor. \u00d6n har ocks\u00e5 ett skyddat marint reservat d\u00e4r du kan dyka och uppt\u00e4cka marint liv.  <\/li>\n<li style=\"text-align: justify;\">Historia och kultur: Tabarca har en rik historia och kultur som du kan uppt\u00e4cka under ditt bes\u00f6k. \u00d6n har en 1700-talsmur och en 1800-talskyrka, samt flera historiska hus och byggnader. Du kan ocks\u00e5 prova det lokala k\u00f6ket p\u00e5 \u00f6ns restauranger.  <\/li>\n<li style=\"text-align: justify;\">Tillg\u00e4nglighet: Tabarca\u00f6n \u00e4r endast tillg\u00e4nglig med b\u00e5t, vilket inneb\u00e4r att det inte finns n\u00e5gra bilar eller motorcyklar p\u00e5 \u00f6n, vilket g\u00f6r den till en lugn och avkopplande plats. Dessutom finns det flera hamnar l\u00e4ngs Alicantes kust varifr\u00e5n du kan ta en b\u00e5t till Tabarca, vilket g\u00f6r den l\u00e4ttillg\u00e4nglig. <\/li>\n<li style=\"text-align: justify;\">Aktiviteter: F\u00f6rutom att njuta av Tabarcas natur och kultur finns det ocks\u00e5 en m\u00e4ngd olika aktiviteter du kan njuta av p\u00e5 \u00f6n. Fr\u00e5n vattensporter som dykning och segling till vandring och cykling finns det n\u00e5got f\u00f6r alla smaker och \u00e5ldrar. <\/li>\n<\/ul>\n<p><\/div><\/div>[\/vc_column][\/vc_row][vc_row][vc_column]<div id=\"ultimate-heading-657369de5a041d492\" class=\"uvc-heading ult-adjust-bottom-margin ultimate-heading-657369de5a041d492 uvc-8717 \" data-hspacer=\"no_spacer\"  data-halign=\"center\" style=\"text-align:center\"><div class=\"uvc-heading-spacer no_spacer\" style=\"top\"><\/div><\/div>[\/vc_column][\/vc_row]<\/p>\n<\/div>","protected":false},"excerpt":{"rendered":"<p>[vc_row][vc_column][vc_column_text] Om du letar efter ett unikt Medelhavs\u00e4ventyr finns det inget som en b\u00e5ttur till Tabarca. Denna lilla \u00f6, bel\u00e4gen utanf\u00f6r Alicantes kust, \u00e4r ett paradis f\u00f6r sol-, havs- och natur\u00e4lskare. Om du vill njuta av en of\u00f6rgl\u00f6mlig semester, missa inte chansen att bes\u00f6ka Tabarca med b\u00e5t. [\/vc_column_text][\/vc_column][\/vc_row][vc_row][vc_column width=&#8221;1\/2&#8243;][vc_raw_html]PGRpdiBkYXRhLWd5Zy1ocmVmPSJodHRwczovL3dpZGdldC5nZXR5b3VyZ3VpZGUuY29tL2RlZmF1bHQvYWN0aXZpdGllcy5mcmFtZSIgZGF0YS1neWctbG9jYWxlLWNvZGU9ImVzLUVTIiBkYXRhLWd5Zy13aWRnZXQ9ImFjdGl2aXRpZXMiIGRhdGEtZ3lnLW51bWJlci1vZi1pdGVtcz0iMSIgZGF0YS1neWctY21wPSJJVF91cmxfYmFyY28iIGRhdGEtZ3lnLXBhcnRuZXItaWQ9IlcxUUxHOUsiIGRhdGEtZ3lnLXRvdXItaWRzPSI0NDk2ODUiPjwvZGl2Pg==[\/vc_raw_html][\/vc_column][vc_column width=&#8221;1\/2&#8243;][vc_raw_html]PGRpdiBkYXRhLWd5Zy1ocmVmPSJodHRwczovL3dpZGdldC5nZXR5b3VyZ3VpZGUuY29tL2RlZmF1bHQvYWN0aXZpdGllcy5mcmFtZSIgZGF0YS1neWctbG9jYWxlLWNvZGU9ImVzLUVTIiBkYXRhLWd5Zy13aWRnZXQ9ImFjdGl2aXRpZXMiIGRhdGEtZ3lnLW51bWJlci1vZi1pdGVtcz0iMSIgZGF0YS1neWctY21wPSJJVF91cmxfYmFyY28iIGRhdGEtZ3lnLXBhcnRuZXItaWQ9IlcxUUxHOUsiIGRhdGEtZ3lnLXRvdXItaWRzPSIzNjY2NDAiPjwvZGl2Pg==[\/vc_raw_html][\/vc_column][\/vc_row][vc_row][vc_column][\/vc_column][\/vc_row][vc_row][vc_column][\/vc_column][\/vc_row]<\/p>\n","protected":false},"author":1,"featured_media":3620,"parent":0,"menu_order":0,"comment_status":"closed","ping_status":"closed","template":"","meta":{"_joinchat":[],"footnotes":""},"class_list":["post-3619","page","type-page","status-publish","has-post-thumbnail","hentry","description-off"],"_links":{"self":[{"href":"https:\/\/laisladetabarca.com\/sv\/wp-json\/wp\/v2\/pages\/3619","targetHints":{"allow":["GET"]}}],"collection":[{"href":"https:\/\/laisladetabarca.com\/sv\/wp-json\/wp\/v2\/pages"}],"about":[{"href":"https:\/\/laisladetabarca.com\/sv\/wp-json\/wp\/v2\/types\/page"}],"author":[{"embeddable":true,"href":"https:\/\/laisladetabarca.com\/sv\/wp-json\/wp\/v2\/users\/1"}],"replies":[{"embeddable":true,"href":"https:\/\/laisladetabarca.com\/sv\/wp-json\/wp\/v2\/comments?post=3619"}],"version-history":[{"count":0,"href":"https:\/\/laisladetabarca.com\/sv\/wp-json\/wp\/v2\/pages\/3619\/revisions"}],"wp:featuredmedia":[{"embeddable":true,"href":"https:\/\/laisladetabarca.com\/sv\/wp-json\/wp\/v2\/media\/3620"}],"wp:attachment":[{"href":"https:\/\/laisladetabarca.com\/sv\/wp-json\/wp\/v2\/media?parent=3619"}],"curies":[{"name":"wp","href":"https:\/\/api.w.org\/{rel}","templated":true}]}}