{"id":3614,"date":"2022-07-15T09:36:22","date_gmt":"2022-07-15T08:36:22","guid":{"rendered":"https:\/\/laisladetabarca.com\/aktiviteter-pa-tabarcaon\/snorkling\/"},"modified":"2026-01-29T18:09:37","modified_gmt":"2026-01-29T17:09:37","slug":"snorkling","status":"publish","type":"page","link":"https:\/\/laisladetabarca.com\/sv\/aktiviteter-pa-tabarcaon\/snorkling\/","title":{"rendered":"Snorkling"},"content":{"rendered":"<div class=\"wpb-content-wrapper\"><p>[vc_row][vc_column]<div id=\"ultimate-heading-890169de2e781b741\" class=\"uvc-heading ult-adjust-bottom-margin ultimate-heading-890169de2e781b741 uvc-3318 \" data-hspacer=\"no_spacer\"  data-halign=\"left\" style=\"text-align:left\"><div class=\"uvc-heading-spacer no_spacer\" style=\"top\"><\/div><div class=\"uvc-sub-heading ult-responsive\"  data-ultimate-target='.uvc-heading.ultimate-heading-890169de2e781b741 .uvc-sub-heading '  data-responsive-json-new='{\"font-size\":\"\",\"line-height\":\"\"}'  style=\"font-weight:normal;\"><span style=\"font-weight: 400;\">Snorkling i Tabarca \u00e4r utan tvekan den popul\u00e4raste aktiviteten f\u00f6r praktiskt taget alla bes\u00f6kare p\u00e5 denna \u00f6, och det \u00e4r ingen slump; det \u00e4r verkligen det b\u00e4sta s\u00e4ttet att njuta av denna autentiska medelhavsp\u00e4rla. <\/span><\/p>\n<p><span style=\"font-weight: 400;\">Att ta p\u00e5 sig skyddsglas\u00f6gon och snorkel, eller en mask om du \u00e4r en av de moderna typerna, och dyka i Tabarcas kristallklara vatten \u00e4r utan tvekan det b\u00e4sta s\u00e4ttet att njuta av denna Medelhavs\u00f6.<\/span><\/p>\n<p><span style=\"font-weight: 400;\">Dessutom \u00e4r snorkling i Tabarca definitivt en aktivitet du kan g\u00f6ra oavsett vem du reser med. Oavsett om du \u00e5ker till Tabarca med barn, din partner eller v\u00e4nner, kommer ni alla att njuta av snorkling.<\/span><\/div><\/div>[vc_raw_html]PGRpdiBzdHlsZT0idGV4dC1hbGlnbjpjZW50ZXI7Ij48c2NyaXB0PmZ1bmN0aW9uIGxvYWRTY3JpcHQodXJsLCBjYWxsYmFjayl7dmFyIHNjcmlwdD1kb2N1bWVudC5jcmVhdGVFbGVtZW50KCdzY3JpcHQnKTsgc2NyaXB0LnR5cGU9J3RleHQvamF2YXNjcmlwdCc7IGlmIChzY3JpcHQucmVhZHlTdGF0ZSl7c2NyaXB0Lm9ucmVhZHlzdGF0ZWNoYW5nZT1mdW5jdGlvbigpe2lmIChzY3JpcHQucmVhZHlTdGF0ZT09J2xvYWRlZCcgfHwgc2NyaXB0LnJlYWR5U3RhdGU9PSdjb21wbGV0ZScpe3NjcmlwdC5vbnJlYWR5c3RhdGVjaGFuZ2U9bnVsbDsgY2FsbGJhY2soKTt9fTt9ZWxzZXtzY3JpcHQub25sb2FkPWZ1bmN0aW9uKCl7Y2FsbGJhY2soKTt9O31zY3JpcHQuc3JjPXVybDsgZG9jdW1lbnQuZ2V0RWxlbWVudHNCeVRhZ05hbWUoJ2hlYWQnKVswXS5hcHBlbmRDaGlsZChzY3JpcHQpO31sb2FkU2NyaXB0KCdodHRwczovL3d3dy5jaXZpdGF0aXMuY29tL2YvanMvdmVuZG9yL2lmcmFtZVJlc2l6ZXIubWluLmpzJywgZnVuY3Rpb24oKXtpRnJhbWVSZXNpemUoe2NoZWNrT3JpZ2luOmZhbHNlLGluaXRDYWxsYmFjazpmdW5jdGlvbihpZnJhbWUpe3NldFRpbWVvdXQoZnVuY3Rpb24oKXt2YXIgcmVzaXplRXZlbnQgPSB3aW5kb3cuZG9jdW1lbnQuY3JlYXRlRXZlbnQoJ1VJRXZlbnRzJyk7IHJlc2l6ZUV2ZW50LmluaXRVSUV2ZW50KCdyZXNpemUnLCB0cnVlLCBmYWxzZSwgd2luZG93LCAwKTsgaWZyYW1lLmRpc3BhdGNoRXZlbnQocmVzaXplRXZlbnQpO30pO319KX0pPC9zY3JpcHQ+PGlmcmFtZSBjbGFzcz0iY2l2aXRhdGlzLWlmcmFtZSIgc3JjPSJodHRwczovL3d3dy5jaXZpdGF0aXMuY29tL3dpZGdldC1hY3Rpdml0aWVzLz9hZmZpbGlhdGVkPTEyNDk0JmFtcDtkaXNwbGF5PWNvbWZvcnQmYW1wO2NhbnQ9MSZhbXA7bGFuZz1lcyZhbXA7Y3VycmVuY3k9RVVSJmFtcDtkZXN0aW5hdGlvbj0xNDQ0JmFtcDthY3Rpdml0aWVzPTQxMTg1JmFtcDt0cmFuc2Zlcj0wJmFtcDtjbXA9V2lkZ2V0X1NhbnRhX1BvbGFfRVMmYW1wO3dpZHRoPTEwMCUmYW1wO2hpZGVCdXR0b249MSZhbXA7Y2VudGVyQ29udGVudD0xJmFtcDt0eXBlU2VsZWN0aW9uPW1hbnVhbCZhbXA7Y29sb3I9ZjcwNzU5JmFtcDt0eXBvZ3JhcGh5PU1vbnRzZXJyYXQmYW1wO3JlbW92ZUJhY2tncm91bmQ9MSZhbXA7c2hvd1NoYWRvdz0xJmFtcDtyb3VuZGVkQnV0dG9ucz0xIiB3aWR0aD0iMTAwJSIgZnJhbWVib3JkZXI9IjAiIGRhdGEtbWF4d2lkdGg9IjEwMCUiIHN0eWxlPSJtYXgtd2lkdGg6IDEwMCUiPjwvaWZyYW1lPjwvZGl2Pg==[\/vc_raw_html][\/vc_column][\/vc_row][vc_row][vc_column]<div id=\"ultimate-heading-748069de2e781b78e\" class=\"uvc-heading ult-adjust-bottom-margin ultimate-heading-748069de2e781b78e uvc-7999 \" data-hspacer=\"no_spacer\"  data-halign=\"left\" style=\"text-align:left\"><div class=\"uvc-heading-spacer no_spacer\" style=\"top\"><\/div><div class=\"uvc-main-heading ult-responsive\"  data-ultimate-target='.uvc-heading.ultimate-heading-748069de2e781b78e h2'  data-responsive-json-new='{\"font-size\":\"\",\"line-height\":\"\"}' ><div id=\"ez-toc-container\" class=\"ez-toc-v2_0_80 counter-hierarchy ez-toc-counter ez-toc-grey ez-toc-container-direction\">\n<div class=\"ez-toc-title-container\">\n<p class=\"ez-toc-title\" style=\"cursor:inherit\">Table of Contents<\/p>\n<span class=\"ez-toc-title-toggle\"><a href=\"#\" class=\"ez-toc-pull-right ez-toc-btn ez-toc-btn-xs ez-toc-btn-default ez-toc-toggle\" aria-label=\"Toggle Table of Content\"><span class=\"ez-toc-js-icon-con\"><span class=\"\"><span class=\"eztoc-hide\" style=\"display:none;\">Toggle<\/span><span class=\"ez-toc-icon-toggle-span\"><svg style=\"fill: #999;color:#999\" xmlns=\"http:\/\/www.w3.org\/2000\/svg\" class=\"list-377408\" width=\"20px\" height=\"20px\" viewBox=\"0 0 24 24\" fill=\"none\"><path d=\"M6 6H4v2h2V6zm14 0H8v2h12V6zM4 11h2v2H4v-2zm16 0H8v2h12v-2zM4 16h2v2H4v-2zm16 0H8v2h12v-2z\" fill=\"currentColor\"><\/path><\/svg><svg style=\"fill: #999;color:#999\" class=\"arrow-unsorted-368013\" xmlns=\"http:\/\/www.w3.org\/2000\/svg\" width=\"10px\" height=\"10px\" viewBox=\"0 0 24 24\" version=\"1.2\" baseProfile=\"tiny\"><path d=\"M18.2 9.3l-6.2-6.3-6.2 6.3c-.2.2-.3.4-.3.7s.1.5.3.7c.2.2.4.3.7.3h11c.3 0 .5-.1.7-.3.2-.2.3-.5.3-.7s-.1-.5-.3-.7zM5.8 14.7l6.2 6.3 6.2-6.3c.2-.2.3-.5.3-.7s-.1-.5-.3-.7c-.2-.2-.4-.3-.7-.3h-11c-.3 0-.5.1-.7.3-.2.2-.3.5-.3.7s.1.5.3.7z\"\/><\/svg><\/span><\/span><\/span><\/a><\/span><\/div>\n<nav><ul class='ez-toc-list ez-toc-list-level-1 ' ><li class='ez-toc-page-1 ez-toc-heading-level-2'><a class=\"ez-toc-link ez-toc-heading-1\" href=\"https:\/\/laisladetabarca.com\/sv\/aktiviteter-pa-tabarcaon\/snorkling\/#Snorkla_i_Tabarca_pa_egen_hand\" >Snorkla i Tabarca p\u00e5 egen hand<\/a><\/li><li class='ez-toc-page-1 ez-toc-heading-level-2'><a class=\"ez-toc-link ez-toc-heading-2\" href=\"https:\/\/laisladetabarca.com\/sv\/aktiviteter-pa-tabarcaon\/snorkling\/#Snorkelutflykt_i_Tabarca\" >Snorkelutflykt i Tabarca<\/a><\/li><li class='ez-toc-page-1 ez-toc-heading-level-2'><a class=\"ez-toc-link ez-toc-heading-3\" href=\"https:\/\/laisladetabarca.com\/sv\/aktiviteter-pa-tabarcaon\/snorkling\/#Var_man_kan_snorkla_i_Tabarca\" >Var man kan snorkla i Tabarca<\/a><ul class='ez-toc-list-level-3' ><li class='ez-toc-heading-level-3'><a class=\"ez-toc-link ez-toc-heading-4\" href=\"https:\/\/laisladetabarca.com\/sv\/aktiviteter-pa-tabarcaon\/snorkling\/#De_basta_snorkelomradena_i_Tabarca\" >De b\u00e4sta snorkelomr\u00e5dena i Tabarca<\/a><\/li><li class='ez-toc-page-1 ez-toc-heading-level-3'><a class=\"ez-toc-link ez-toc-heading-5\" href=\"https:\/\/laisladetabarca.com\/sv\/aktiviteter-pa-tabarcaon\/snorkling\/#Snorkelutrustning_i_Tabarca\" >Snorkelutrustning i Tabarca<\/a><\/li><\/ul><\/li><\/ul><\/nav><\/div>\n<h2 style=\"font-weight:normal;\"><span class=\"ez-toc-section\" id=\"Snorkla_i_Tabarca_pa_egen_hand\"><\/span>Snorkla i Tabarca p\u00e5 egen hand<span class=\"ez-toc-section-end\"><\/span><\/h2><\/div><div class=\"uvc-sub-heading ult-responsive\"  data-ultimate-target='.uvc-heading.ultimate-heading-748069de2e781b78e .uvc-sub-heading '  data-responsive-json-new='{\"font-size\":\"\",\"line-height\":\"\"}'  style=\"font-weight:normal;\"><\/p>\n<p style=\"text-align: justify;\"><span style=\"font-weight: 400;\">Vill du njuta av floran och faunan p\u00e5 Tabarca\u00f6n p\u00e5 ett roligt s\u00e4tt? Att snorkla p\u00e5 egen hand i Tabarca \u00e4r utan tvekan det b\u00e4sta alternativet. Om du \u00e4r en duktig simmare och trivs i vattnet kan du snorkla p\u00e5 egen hand i Tabarca utan problem.   <\/span><\/p>\n<p style=\"text-align: justify;\"><span style=\"font-weight: 400;\">Du b\u00f6r komma ih\u00e5g att Tabarca\u00f6n \u00e4r ett naturreservat, s\u00e5 dess havsbotten \u00e4r utan tvekan en av Medelhavets juveler. Dess vatten d\u00f6ljer en m\u00e4ngd olika fiskar, rev och undervattensgrottor. Att segla genom dess vatten och uppt\u00e4cka dess skatter \u00e4r det ultimata \u00e4ventyret.  <\/span><\/p>\n<p><\/div><\/div>[vc_single_image image=&#8221;3615&#8243; img_size=&#8221;full&#8221;]<div id=\"ultimate-heading-34869de2e781b7e7\" class=\"uvc-heading ult-adjust-bottom-margin ultimate-heading-34869de2e781b7e7 uvc-3014 \" data-hspacer=\"no_spacer\"  data-halign=\"left\" style=\"text-align:left\"><div class=\"uvc-heading-spacer no_spacer\" style=\"top\"><\/div><div class=\"uvc-main-heading ult-responsive\"  data-ultimate-target='.uvc-heading.ultimate-heading-34869de2e781b7e7 h2'  data-responsive-json-new='{\"font-size\":\"\",\"line-height\":\"\"}' ><h2 style=\"font-weight:normal;\"><span class=\"ez-toc-section\" id=\"Snorkelutflykt_i_Tabarca\"><\/span>Snorkelutflykt i Tabarca<span class=\"ez-toc-section-end\"><\/span><\/h2><\/div><div class=\"uvc-sub-heading ult-responsive\"  data-ultimate-target='.uvc-heading.ultimate-heading-34869de2e781b7e7 .uvc-sub-heading '  data-responsive-json-new='{\"font-size\":\"\",\"line-height\":\"\"}'  style=\"font-weight:normal;\"><\/p>\n<p style=\"text-align: justify;\"><span style=\"font-weight: 400;\">Om du funderar p\u00e5 att \u00e5ka till Tabarca och vill g\u00f6ra det med en instrukt\u00f6r och utforska de b\u00e4sta platserna \u2013 platser som bara \u00f6ns specialiserade instrukt\u00f6rer k\u00e4nner till \u2013 rekommenderar jag starkt denna snorkelutflykt. Jag har gjort det flera g\u00e5nger, och platserna de tar dig till \u00e4r s\u00e5\u00e5\u00e5 v\u00e4rda det. <\/span><\/p>\n<p style=\"text-align: justify;\"><span style=\"font-weight: 400;\">Att snorkla i Tabarca p\u00e5 en utflykt \u00e4r utan tvekan en otrolig upplevelse i det turkosa vattnet i Tabarca-vikarna. Tack vare instrukt\u00f6ren l\u00e4r du dig att skilja de fiskarter som lever d\u00e4r.<\/span><\/p>\n<p style=\"text-align: justify;\"><strong>Vad ing\u00e5r i snorkelutflykten i Tabarca?<\/strong><\/p>\n<p style=\"text-align: justify;\"><span style=\"font-weight: 400;\">Det inkluderar tur- och returtransport fr\u00e5n Santa Pola till Tabarca, aktivitetsmaterial, en fotorapport och instrukt\u00f6r hela tiden.<\/span><\/p>\n<p><\/div><\/div>[vc_raw_html]PGRpdiBzdHlsZT0idGV4dC1hbGlnbjpjZW50ZXI7Ij48c2NyaXB0PmZ1bmN0aW9uIGxvYWRTY3JpcHQodXJsLCBjYWxsYmFjayl7dmFyIHNjcmlwdD1kb2N1bWVudC5jcmVhdGVFbGVtZW50KCdzY3JpcHQnKTsgc2NyaXB0LnR5cGU9J3RleHQvamF2YXNjcmlwdCc7IGlmIChzY3JpcHQucmVhZHlTdGF0ZSl7c2NyaXB0Lm9ucmVhZHlzdGF0ZWNoYW5nZT1mdW5jdGlvbigpe2lmIChzY3JpcHQucmVhZHlTdGF0ZT09J2xvYWRlZCcgfHwgc2NyaXB0LnJlYWR5U3RhdGU9PSdjb21wbGV0ZScpe3NjcmlwdC5vbnJlYWR5c3RhdGVjaGFuZ2U9bnVsbDsgY2FsbGJhY2soKTt9fTt9ZWxzZXtzY3JpcHQub25sb2FkPWZ1bmN0aW9uKCl7Y2FsbGJhY2soKTt9O31zY3JpcHQuc3JjPXVybDsgZG9jdW1lbnQuZ2V0RWxlbWVudHNCeVRhZ05hbWUoJ2hlYWQnKVswXS5hcHBlbmRDaGlsZChzY3JpcHQpO31sb2FkU2NyaXB0KCdodHRwczovL3d3dy5jaXZpdGF0aXMuY29tL2YvanMvdmVuZG9yL2lmcmFtZVJlc2l6ZXIubWluLmpzJywgZnVuY3Rpb24oKXtpRnJhbWVSZXNpemUoe2NoZWNrT3JpZ2luOmZhbHNlLGluaXRDYWxsYmFjazpmdW5jdGlvbihpZnJhbWUpe3NldFRpbWVvdXQoZnVuY3Rpb24oKXt2YXIgcmVzaXplRXZlbnQgPSB3aW5kb3cuZG9jdW1lbnQuY3JlYXRlRXZlbnQoJ1VJRXZlbnRzJyk7IHJlc2l6ZUV2ZW50LmluaXRVSUV2ZW50KCdyZXNpemUnLCB0cnVlLCBmYWxzZSwgd2luZG93LCAwKTsgaWZyYW1lLmRpc3BhdGNoRXZlbnQocmVzaXplRXZlbnQpO30pO319KX0pPC9zY3JpcHQ+PGlmcmFtZSBjbGFzcz0iY2l2aXRhdGlzLWlmcmFtZSIgc3JjPSJodHRwczovL3d3dy5jaXZpdGF0aXMuY29tL3dpZGdldC1hY3Rpdml0aWVzLz9hZmZpbGlhdGVkPTEyNDk0JmFtcDtkaXNwbGF5PWNvbWZvcnQmYW1wO2NhbnQ9MSZhbXA7bGFuZz1lcyZhbXA7Y3VycmVuY3k9RVVSJmFtcDtkZXN0aW5hdGlvbj0xNDQ0JmFtcDthY3Rpdml0aWVzPTQxMTg1JmFtcDt0cmFuc2Zlcj0wJmFtcDtjbXA9V2lkZ2V0X1NhbnRhX1BvbGFfRVMmYW1wO3dpZHRoPTEwMCUmYW1wO2hpZGVCdXR0b249MSZhbXA7Y2VudGVyQ29udGVudD0xJmFtcDt0eXBlU2VsZWN0aW9uPW1hbnVhbCZhbXA7Y29sb3I9ZjcwNzU5JmFtcDt0eXBvZ3JhcGh5PU1vbnRzZXJyYXQmYW1wO3JlbW92ZUJhY2tncm91bmQ9MSZhbXA7c2hvd1NoYWRvdz0xJmFtcDtyb3VuZGVkQnV0dG9ucz0xIiB3aWR0aD0iMTAwJSIgZnJhbWVib3JkZXI9IjAiIGRhdGEtbWF4d2lkdGg9IjEwMCUiIHN0eWxlPSJtYXgtd2lkdGg6IDEwMCUiPjwvaWZyYW1lPjwvZGl2Pg==[\/vc_raw_html][\/vc_column][\/vc_row][vc_row][vc_column]<div id=\"ultimate-heading-699769de2e781b82b\" class=\"uvc-heading ult-adjust-bottom-margin ultimate-heading-699769de2e781b82b uvc-1687 \" data-hspacer=\"no_spacer\"  data-halign=\"left\" style=\"text-align:left\"><div class=\"uvc-heading-spacer no_spacer\" style=\"top\"><\/div><div class=\"uvc-main-heading ult-responsive\"  data-ultimate-target='.uvc-heading.ultimate-heading-699769de2e781b82b h2'  data-responsive-json-new='{\"font-size\":\"\",\"line-height\":\"\"}' ><h2 style=\"font-weight:normal;\"><span class=\"ez-toc-section\" id=\"Var_man_kan_snorkla_i_Tabarca\"><\/span>Var man kan snorkla i Tabarca<span class=\"ez-toc-section-end\"><\/span><\/h2><\/div><div class=\"uvc-sub-heading ult-responsive\"  data-ultimate-target='.uvc-heading.ultimate-heading-699769de2e781b82b .uvc-sub-heading '  data-responsive-json-new='{\"font-size\":\"\",\"line-height\":\"\"}'  style=\"font-weight:normal;\"><\/p>\n<p style=\"text-align: justify;\"><span style=\"font-weight: 400;\">Tabarca i sig, eftersom det \u00e4r en \u00f6, \u00e4r utan tvekan vilken vr\u00e5 som helst av den en idealisk plats f\u00f6r snorkling. Nu ska jag dela med mig av de tv\u00e5 omr\u00e5den jag gillar mest. Jag \u00e4lskar n\u00e4r jag anl\u00e4nder till \u00f6n, tar p\u00e5 mig mask, snorkel och fenor, och njuter fullt ut av dessa snorkelomr\u00e5den i Tabarca.  <\/span><\/p>\n<p><\/div><\/div>[vc_single_image image=&#8221;3616&#8243; img_size=&#8221;full&#8221; alignment=&#8221;center&#8221;][vc_empty_space height=&#8221;50px&#8221;][\/vc_column][\/vc_row][vc_row][vc_column]<div id=\"ultimate-heading-199869de2e781b86c\" class=\"uvc-heading ult-adjust-bottom-margin ultimate-heading-199869de2e781b86c uvc-678 \" data-hspacer=\"no_spacer\"  data-halign=\"left\" style=\"text-align:left\"><div class=\"uvc-heading-spacer no_spacer\" style=\"top\"><\/div><div class=\"uvc-main-heading ult-responsive\"  data-ultimate-target='.uvc-heading.ultimate-heading-199869de2e781b86c h3'  data-responsive-json-new='{\"font-size\":\"\",\"line-height\":\"\"}' ><h3 style=\"font-weight:normal;\"><span class=\"ez-toc-section\" id=\"De_basta_snorkelomradena_i_Tabarca\"><\/span>De b\u00e4sta snorkelomr\u00e5dena i Tabarca<span class=\"ez-toc-section-end\"><\/span><\/h3><\/div><div class=\"uvc-sub-heading ult-responsive\"  data-ultimate-target='.uvc-heading.ultimate-heading-199869de2e781b86c .uvc-sub-heading '  data-responsive-json-new='{\"font-size\":\"\",\"line-height\":\"\"}'  style=\"font-weight:normal;\"><\/p>\n<p style=\"text-align: justify;\"><span style=\"font-weight: 400;\">Enligt min mening \u00e4r dessa tv\u00e5 omr\u00e5den de b\u00e4sta i Tabarca: La Galera, en liten \u00f6 som vimlar av f\u00e5glar och ett rikt marint liv, och L&#8217;Escull Negre (Den svarta klippan) och de vackra grottorna med kristallklart vatten i Tabarca. <\/span><\/p>\n<p style=\"text-align: justify;\"><span style=\"font-weight: 400;\">Som jag n\u00e4mnde i f\u00f6reg\u00e5ende stycke \u00e4r det h\u00e4r de tv\u00e5 omr\u00e5den jag gillar mest, men vilken del av Tabarca\u00f6n som helst \u00e4r en utm\u00e4rkt plats att snorkla p\u00e5. Om du gillar vackra str\u00e4nder och kristallklart vatten \u00e4r vilken del av Tabarca som helst ett bra alternativ. <\/span><\/p>\n<p><\/div><\/div>[vc_empty_space height=&#8221;50px&#8221;][\/vc_column][\/vc_row][vc_row][vc_column][vc_raw_html]PGRpdiBkYXRhLWd5Zy1ocmVmPSJodHRwczovL3dpZGdldC5nZXR5b3VyZ3VpZGUuY29tL2RlZmF1bHQvYWN0aXZpdGllcy5mcmFtZSIgZGF0YS1neWctbG9jYXRpb24taWQ9IjE0NTM4MSIgZGF0YS1neWctbG9jYWxlLWNvZGU9ImVzLUVTIiBkYXRhLWd5Zy13aWRnZXQ9ImFjdGl2aXRpZXMiIGRhdGEtZ3lnLW51bWJlci1vZi1pdGVtcz0iNCIgZGF0YS1neWctY21wPSJJVF91cmxfc25vcmtlbCIgZGF0YS1neWctcGFydG5lci1pZD0iVzFRTEc5SyIgZGF0YS1neWctcGxhY2VtZW50PSJvdGhlciI+PC9kaXY+[\/vc_raw_html]<div id=\"ultimate-heading-581469de2e781b8ad\" class=\"uvc-heading ult-adjust-bottom-margin ultimate-heading-581469de2e781b8ad uvc-6780 \" data-hspacer=\"no_spacer\"  data-halign=\"left\" style=\"text-align:left\"><div class=\"uvc-heading-spacer no_spacer\" style=\"top\"><\/div><div class=\"uvc-main-heading ult-responsive\"  data-ultimate-target='.uvc-heading.ultimate-heading-581469de2e781b8ad h3'  data-responsive-json-new='{\"font-size\":\"\",\"line-height\":\"\"}' ><h3 style=\"font-weight:normal;\"><span class=\"ez-toc-section\" id=\"Snorkelutrustning_i_Tabarca\"><\/span>Snorkelutrustning i Tabarca<span class=\"ez-toc-section-end\"><\/span><\/h3><\/div><div class=\"uvc-sub-heading ult-responsive\"  data-ultimate-target='.uvc-heading.ultimate-heading-581469de2e781b8ad .uvc-sub-heading '  data-responsive-json-new='{\"font-size\":\"\",\"line-height\":\"\"}'  style=\"font-weight:normal;\"><span style=\"font-weight: 400;\">Har du inte snorkelutrustning? Vi rekommenderar att boka en utflykt, eftersom instrukt\u00f6ren kommer att f\u00f6rse dig med allt du beh\u00f6ver f\u00f6r snorkling i Tabarca. <\/span><\/p>\n<p><span style=\"font-weight: 400;\">Ja, vi har utrustningen, du kan snorkla i Tabarca sj\u00e4lv.<\/span><\/div><\/div>[vc_empty_space height=&#8221;50px&#8221;][\/vc_column][\/vc_row]<\/p>\n<\/div>","protected":false},"excerpt":{"rendered":"<p>[vc_row][vc_column][vc_raw_html]PGRpdiBzdHlsZT0idGV4dC1hbGlnbjpjZW50ZXI7Ij48c2NyaXB0PmZ1bmN0aW9uIGxvYWRTY3JpcHQodXJsLCBjYWxsYmFjayl7dmFyIHNjcmlwdD1kb2N1bWVudC5jcmVhdGVFbGVtZW50KCdzY3JpcHQnKTsgc2NyaXB0LnR5cGU9J3RleHQvamF2YXNjcmlwdCc7IGlmIChzY3JpcHQucmVhZHlTdGF0ZSl7c2NyaXB0Lm9ucmVhZHlzdGF0ZWNoYW5nZT1mdW5jdGlvbigpe2lmIChzY3JpcHQucmVhZHlTdGF0ZT09J2xvYWRlZCcgfHwgc2NyaXB0LnJlYWR5U3RhdGU9PSdjb21wbGV0ZScpe3NjcmlwdC5vbnJlYWR5c3RhdGVjaGFuZ2U9bnVsbDsgY2FsbGJhY2soKTt9fTt9ZWxzZXtzY3JpcHQub25sb2FkPWZ1bmN0aW9uKCl7Y2FsbGJhY2soKTt9O31zY3JpcHQuc3JjPXVybDsgZG9jdW1lbnQuZ2V0RWxlbWVudHNCeVRhZ05hbWUoJ2hlYWQnKVswXS5hcHBlbmRDaGlsZChzY3JpcHQpO31sb2FkU2NyaXB0KCdodHRwczovL3d3dy5jaXZpdGF0aXMuY29tL2YvanMvdmVuZG9yL2lmcmFtZVJlc2l6ZXIubWluLmpzJywgZnVuY3Rpb24oKXtpRnJhbWVSZXNpemUoe2NoZWNrT3JpZ2luOmZhbHNlLGluaXRDYWxsYmFjazpmdW5jdGlvbihpZnJhbWUpe3NldFRpbWVvdXQoZnVuY3Rpb24oKXt2YXIgcmVzaXplRXZlbnQgPSB3aW5kb3cuZG9jdW1lbnQuY3JlYXRlRXZlbnQoJ1VJRXZlbnRzJyk7IHJlc2l6ZUV2ZW50LmluaXRVSUV2ZW50KCdyZXNpemUnLCB0cnVlLCBmYWxzZSwgd2luZG93LCAwKTsgaWZyYW1lLmRpc3BhdGNoRXZlbnQocmVzaXplRXZlbnQpO30pO319KX0pPC9zY3JpcHQ+PGlmcmFtZSBjbGFzcz0iY2l2aXRhdGlzLWlmcmFtZSIgc3JjPSJodHRwczovL3d3dy5jaXZpdGF0aXMuY29tL3dpZGdldC1hY3Rpdml0aWVzLz9hZmZpbGlhdGVkPTEyNDk0JmFtcDtkaXNwbGF5PWNvbWZvcnQmYW1wO2NhbnQ9MSZhbXA7bGFuZz1lcyZhbXA7Y3VycmVuY3k9RVVSJmFtcDtkZXN0aW5hdGlvbj0xNDQ0JmFtcDthY3Rpdml0aWVzPTQxMTg1JmFtcDt0cmFuc2Zlcj0wJmFtcDtjbXA9V2lkZ2V0X1NhbnRhX1BvbGFfRVMmYW1wO3dpZHRoPTEwMCUmYW1wO2hpZGVCdXR0b249MSZhbXA7Y2VudGVyQ29udGVudD0xJmFtcDt0eXBlU2VsZWN0aW9uPW1hbnVhbCZhbXA7Y29sb3I9ZjcwNzU5JmFtcDt0eXBvZ3JhcGh5PU1vbnRzZXJyYXQmYW1wO3JlbW92ZUJhY2tncm91bmQ9MSZhbXA7c2hvd1NoYWRvdz0xJmFtcDtyb3VuZGVkQnV0dG9ucz0xIiB3aWR0aD0iMTAwJSIgZnJhbWVib3JkZXI9IjAiIGRhdGEtbWF4d2lkdGg9IjEwMCUiIHN0eWxlPSJtYXgtd2lkdGg6IDEwMCUiPjwvaWZyYW1lPjwvZGl2Pg==[\/vc_raw_html][\/vc_column][\/vc_row][vc_row][vc_column][vc_single_image image=&#8221;3615&#8243; img_size=&#8221;full&#8221;][vc_raw_html]PGRpdiBzdHlsZT0idGV4dC1hbGlnbjpjZW50ZXI7Ij48c2NyaXB0PmZ1bmN0aW9uIGxvYWRTY3JpcHQodXJsLCBjYWxsYmFjayl7dmFyIHNjcmlwdD1kb2N1bWVudC5jcmVhdGVFbGVtZW50KCdzY3JpcHQnKTsgc2NyaXB0LnR5cGU9J3RleHQvamF2YXNjcmlwdCc7IGlmIChzY3JpcHQucmVhZHlTdGF0ZSl7c2NyaXB0Lm9ucmVhZHlzdGF0ZWNoYW5nZT1mdW5jdGlvbigpe2lmIChzY3JpcHQucmVhZHlTdGF0ZT09J2xvYWRlZCcgfHwgc2NyaXB0LnJlYWR5U3RhdGU9PSdjb21wbGV0ZScpe3NjcmlwdC5vbnJlYWR5c3RhdGVjaGFuZ2U9bnVsbDsgY2FsbGJhY2soKTt9fTt9ZWxzZXtzY3JpcHQub25sb2FkPWZ1bmN0aW9uKCl7Y2FsbGJhY2soKTt9O31zY3JpcHQuc3JjPXVybDsgZG9jdW1lbnQuZ2V0RWxlbWVudHNCeVRhZ05hbWUoJ2hlYWQnKVswXS5hcHBlbmRDaGlsZChzY3JpcHQpO31sb2FkU2NyaXB0KCdodHRwczovL3d3dy5jaXZpdGF0aXMuY29tL2YvanMvdmVuZG9yL2lmcmFtZVJlc2l6ZXIubWluLmpzJywgZnVuY3Rpb24oKXtpRnJhbWVSZXNpemUoe2NoZWNrT3JpZ2luOmZhbHNlLGluaXRDYWxsYmFjazpmdW5jdGlvbihpZnJhbWUpe3NldFRpbWVvdXQoZnVuY3Rpb24oKXt2YXIgcmVzaXplRXZlbnQgPSB3aW5kb3cuZG9jdW1lbnQuY3JlYXRlRXZlbnQoJ1VJRXZlbnRzJyk7IHJlc2l6ZUV2ZW50LmluaXRVSUV2ZW50KCdyZXNpemUnLCB0cnVlLCBmYWxzZSwgd2luZG93LCAwKTsgaWZyYW1lLmRpc3BhdGNoRXZlbnQocmVzaXplRXZlbnQpO30pO319KX0pPC9zY3JpcHQ+PGlmcmFtZSBjbGFzcz0iY2l2aXRhdGlzLWlmcmFtZSIgc3JjPSJodHRwczovL3d3dy5jaXZpdGF0aXMuY29tL3dpZGdldC1hY3Rpdml0aWVzLz9hZmZpbGlhdGVkPTEyNDk0JmFtcDtkaXNwbGF5PWNvbWZvcnQmYW1wO2NhbnQ9MSZhbXA7bGFuZz1lcyZhbXA7Y3VycmVuY3k9RVVSJmFtcDtkZXN0aW5hdGlvbj0xNDQ0JmFtcDthY3Rpdml0aWVzPTQxMTg1JmFtcDt0cmFuc2Zlcj0wJmFtcDtjbXA9V2lkZ2V0X1NhbnRhX1BvbGFfRVMmYW1wO3dpZHRoPTEwMCUmYW1wO2hpZGVCdXR0b249MSZhbXA7Y2VudGVyQ29udGVudD0xJmFtcDt0eXBlU2VsZWN0aW9uPW1hbnVhbCZhbXA7Y29sb3I9ZjcwNzU5JmFtcDt0eXBvZ3JhcGh5PU1vbnRzZXJyYXQmYW1wO3JlbW92ZUJhY2tncm91bmQ9MSZhbXA7c2hvd1NoYWRvdz0xJmFtcDtyb3VuZGVkQnV0dG9ucz0xIiB3aWR0aD0iMTAwJSIgZnJhbWVib3JkZXI9IjAiIGRhdGEtbWF4d2lkdGg9IjEwMCUiIHN0eWxlPSJtYXgtd2lkdGg6IDEwMCUiPjwvaWZyYW1lPjwvZGl2Pg==[\/vc_raw_html][\/vc_column][\/vc_row][vc_row][vc_column][vc_single_image image=&#8221;3616&#8243; img_size=&#8221;full&#8221; alignment=&#8221;center&#8221;][vc_empty_space height=&#8221;50px&#8221;][\/vc_column][\/vc_row][vc_row][vc_column][vc_empty_space height=&#8221;50px&#8221;][\/vc_column][\/vc_row][vc_row][vc_column][vc_raw_html]PGRpdiBkYXRhLWd5Zy1ocmVmPSJodHRwczovL3dpZGdldC5nZXR5b3VyZ3VpZGUuY29tL2RlZmF1bHQvYWN0aXZpdGllcy5mcmFtZSIgZGF0YS1neWctbG9jYXRpb24taWQ9IjE0NTM4MSIgZGF0YS1neWctbG9jYWxlLWNvZGU9ImVzLUVTIiBkYXRhLWd5Zy13aWRnZXQ9ImFjdGl2aXRpZXMiIGRhdGEtZ3lnLW51bWJlci1vZi1pdGVtcz0iNCIgZGF0YS1neWctY21wPSJJVF91cmxfc25vcmtlbCIgZGF0YS1neWctcGFydG5lci1pZD0iVzFRTEc5SyIgZGF0YS1neWctcGxhY2VtZW50PSJvdGhlciI+PC9kaXY+[\/vc_raw_html][vc_empty_space height=&#8221;50px&#8221;][\/vc_column][\/vc_row]<\/p>\n","protected":false},"author":1,"featured_media":0,"parent":3586,"menu_order":0,"comment_status":"closed","ping_status":"closed","template":"","meta":{"_joinchat":[],"footnotes":""},"class_list":["post-3614","page","type-page","status-publish","hentry","description-off"],"_links":{"self":[{"href":"https:\/\/laisladetabarca.com\/sv\/wp-json\/wp\/v2\/pages\/3614","targetHints":{"allow":["GET"]}}],"collection":[{"href":"https:\/\/laisladetabarca.com\/sv\/wp-json\/wp\/v2\/pages"}],"about":[{"href":"https:\/\/laisladetabarca.com\/sv\/wp-json\/wp\/v2\/types\/page"}],"author":[{"embeddable":true,"href":"https:\/\/laisladetabarca.com\/sv\/wp-json\/wp\/v2\/users\/1"}],"replies":[{"embeddable":true,"href":"https:\/\/laisladetabarca.com\/sv\/wp-json\/wp\/v2\/comments?post=3614"}],"version-history":[{"count":0,"href":"https:\/\/laisladetabarca.com\/sv\/wp-json\/wp\/v2\/pages\/3614\/revisions"}],"up":[{"embeddable":true,"href":"https:\/\/laisladetabarca.com\/sv\/wp-json\/wp\/v2\/pages\/3586"}],"wp:attachment":[{"href":"https:\/\/laisladetabarca.com\/sv\/wp-json\/wp\/v2\/media?parent=3614"}],"curies":[{"name":"wp","href":"https:\/\/api.w.org\/{rel}","templated":true}]}}