{"id":3601,"date":"2022-08-08T09:38:32","date_gmt":"2022-08-08T08:38:32","guid":{"rendered":"https:\/\/laisladetabarca.com\/aktiviteter-pa-tabarcaon\/vattenskotrar-i-tabarca\/"},"modified":"2026-01-29T18:02:42","modified_gmt":"2026-01-29T17:02:42","slug":"vattenskotrar-i-tabarca","status":"publish","type":"page","link":"https:\/\/laisladetabarca.com\/sv\/aktiviteter-pa-tabarcaon\/vattenskotrar-i-tabarca\/","title":{"rendered":"Vattenskotrar i Tabarca"},"content":{"rendered":"<div class=\"wpb-content-wrapper\"><p>[vc_row][vc_column]<div id=\"ultimate-heading-472269de2e1a94955\" class=\"uvc-heading ult-adjust-bottom-margin ultimate-heading-472269de2e1a94955 uvc-2876 \" data-hspacer=\"no_spacer\"  data-halign=\"left\" style=\"text-align:left\"><div class=\"uvc-heading-spacer no_spacer\" style=\"top\"><\/div><div class=\"uvc-sub-heading ult-responsive\"  data-ultimate-target='.uvc-heading.ultimate-heading-472269de2e1a94955 .uvc-sub-heading '  data-responsive-json-new='{\"font-size\":\"\",\"line-height\":\"\"}'  style=\"font-weight:normal;\"><\/p>\n<p style=\"text-align: justify;\"><span style=\"font-weight: 400;\">Ett av de roligaste och mest \u00e4ventyrliga s\u00e4tten att ta sig till Tabarca\u00f6n \u00e4r med vattenskoter. Om du \u00e4lskar fart, adrenalin och v\u00e5gbrytande r\u00f6relser \u00e4r det b\u00e4sta alternativet att \u00e5ka vattenskoter till Tabarca. <\/span><\/p>\n<p style=\"text-align: justify;\"><span style=\"font-weight: 400;\">M\u00e5nga tycker om att \u00e5ka vattenskoter i Tabarca, med avg\u00e5ng fr\u00e5n Alicante eller Santa Pola. Det finns f\u00f6r n\u00e4rvarande flera f\u00f6retag som erbjuder den h\u00e4r typen av aktivitet. Om du gillar sp\u00e4nning, att k\u00e4nna vinden i ansiktet och att susa fram genom Medelhavet, \u00e4r vattenskoter i Tabarca utan tvekan din favoritaktivitet.  <\/span><\/p>\n<p style=\"text-align: justify;\"><span style=\"font-weight: 400;\">P\u00e5 v\u00e5r webbplats erbjuder vi uthyrning av vattenskoter i Tabarca, samt vattenskoterturer till Tabarca.<\/span><\/p>\n<p><\/div><\/div>[vc_empty_space height=&#8221;50px&#8221;][\/vc_column][\/vc_row][vc_row][vc_column]<div id=\"ultimate-heading-247069de2e1a949b8\" class=\"uvc-heading ult-adjust-bottom-margin ultimate-heading-247069de2e1a949b8 uvc-5729 \" data-hspacer=\"no_spacer\"  data-halign=\"left\" style=\"text-align:left\"><div class=\"uvc-heading-spacer no_spacer\" style=\"top\"><\/div><div class=\"uvc-main-heading ult-responsive\"  data-ultimate-target='.uvc-heading.ultimate-heading-247069de2e1a949b8 h2'  data-responsive-json-new='{\"font-size\":\"\",\"line-height\":\"\"}' ><div id=\"ez-toc-container\" class=\"ez-toc-v2_0_80 counter-hierarchy ez-toc-counter ez-toc-grey ez-toc-container-direction\">\n<div class=\"ez-toc-title-container\">\n<p class=\"ez-toc-title\" style=\"cursor:inherit\">Table of Contents<\/p>\n<span class=\"ez-toc-title-toggle\"><a href=\"#\" class=\"ez-toc-pull-right ez-toc-btn ez-toc-btn-xs ez-toc-btn-default ez-toc-toggle\" aria-label=\"Toggle Table of Content\"><span class=\"ez-toc-js-icon-con\"><span class=\"\"><span class=\"eztoc-hide\" style=\"display:none;\">Toggle<\/span><span class=\"ez-toc-icon-toggle-span\"><svg style=\"fill: #999;color:#999\" xmlns=\"http:\/\/www.w3.org\/2000\/svg\" class=\"list-377408\" width=\"20px\" height=\"20px\" viewBox=\"0 0 24 24\" fill=\"none\"><path d=\"M6 6H4v2h2V6zm14 0H8v2h12V6zM4 11h2v2H4v-2zm16 0H8v2h12v-2zM4 16h2v2H4v-2zm16 0H8v2h12v-2z\" fill=\"currentColor\"><\/path><\/svg><svg style=\"fill: #999;color:#999\" class=\"arrow-unsorted-368013\" xmlns=\"http:\/\/www.w3.org\/2000\/svg\" width=\"10px\" height=\"10px\" viewBox=\"0 0 24 24\" version=\"1.2\" baseProfile=\"tiny\"><path d=\"M18.2 9.3l-6.2-6.3-6.2 6.3c-.2.2-.3.4-.3.7s.1.5.3.7c.2.2.4.3.7.3h11c.3 0 .5-.1.7-.3.2-.2.3-.5.3-.7s-.1-.5-.3-.7zM5.8 14.7l6.2 6.3 6.2-6.3c.2-.2.3-.5.3-.7s-.1-.5-.3-.7c-.2-.2-.4-.3-.7-.3h-11c-.3 0-.5.1-.7.3-.2.2-.3.5-.3.7s.1.5.3.7z\"\/><\/svg><\/span><\/span><\/span><\/a><\/span><\/div>\n<nav><ul class='ez-toc-list ez-toc-list-level-1 ' ><li class='ez-toc-page-1 ez-toc-heading-level-2'><a class=\"ez-toc-link ez-toc-heading-1\" href=\"https:\/\/laisladetabarca.com\/sv\/aktiviteter-pa-tabarcaon\/vattenskotrar-i-tabarca\/#Har_du_ingen_nautisk_licens_Boka_en_vattenskotertur_till_Tabarca\" >Har du ingen nautisk licens? Boka en vattenskotertur till Tabarca.<\/a><\/li><li class='ez-toc-page-1 ez-toc-heading-level-2'><a class=\"ez-toc-link ez-toc-heading-2\" href=\"https:\/\/laisladetabarca.com\/sv\/aktiviteter-pa-tabarcaon\/vattenskotrar-i-tabarca\/#Har_du_nautisk_licens_for_att_kora_vattenskoter_i_Tabarca\" >Har du nautisk licens f\u00f6r att k\u00f6ra vattenskoter i Tabarca?<\/a><\/li><li class='ez-toc-page-1 ez-toc-heading-level-2'><a class=\"ez-toc-link ez-toc-heading-3\" href=\"https:\/\/laisladetabarca.com\/sv\/aktiviteter-pa-tabarcaon\/vattenskotrar-i-tabarca\/#Kan_man_aka_till_Tabarca_med_vattenskoter\" >Kan man \u00e5ka till Tabarca med vattenskoter?<\/a><\/li><li class='ez-toc-page-1 ez-toc-heading-level-2'><a class=\"ez-toc-link ez-toc-heading-4\" href=\"https:\/\/laisladetabarca.com\/sv\/aktiviteter-pa-tabarcaon\/vattenskotrar-i-tabarca\/#Att_aka_till_Tabarca_med_bat_utan_licens\" >Att \u00e5ka till Tabarca med b\u00e5t utan licens<\/a><\/li><\/ul><\/nav><\/div>\n<h2 style=\"font-weight:normal;\"><span class=\"ez-toc-section\" id=\"Har_du_ingen_nautisk_licens_Boka_en_vattenskotertur_till_Tabarca\"><\/span>Har du ingen nautisk licens? Boka en vattenskotertur till Tabarca. <span class=\"ez-toc-section-end\"><\/span><\/h2><\/div><div class=\"uvc-sub-heading ult-responsive\"  data-ultimate-target='.uvc-heading.ultimate-heading-247069de2e1a949b8 .uvc-sub-heading '  data-responsive-json-new='{\"font-size\":\"\",\"line-height\":\"\"}'  style=\"font-weight:normal;\"><span style=\"font-weight: 400;\">Om du \u00e4r nyb\u00f6rjare p\u00e5 vattenskoter\u00e5kning och inte har den nautiska beh\u00f6righet som kr\u00e4vs f\u00f6r att hyra en vattenskoter i Tabarca, kan du ta en vattenskoter p\u00e5 en vattenskoterutflykt i Tabarca. Det inneb\u00e4r att instrukt\u00f6ren \u00e5ker framf\u00f6r vattenskotern och best\u00e4mmer rutten, medan du \u00e5ker bakom p\u00e5 en annan vattenskoter och kan k\u00f6ra den s\u00e5 l\u00e4nge du \u00e4r \u00f6ver 16 (med tillst\u00e5nd) eller 18 \u00e5r. <\/span><\/div><\/div>[vc_empty_space][vc_single_image image=&#8221;3611&#8243; img_size=&#8221;full&#8221; alignment=&#8221;center&#8221; onclick=&#8221;custom_link&#8221; img_link_target=&#8221;_blank&#8221; image_hovers=&#8221;false&#8221; link=&#8221;https:\/\/marinalia.es\/deporte-y-aventura\/excursiones-en-el-mar\/excursiones-moto-agua\/745-excursion-en-moto-de-agua-a-tabarca-y-la-manga-del-mar-menor.html?utm_source=google&amp;utm_medium=Trafico&amp;utm_campaign=IT_url_moto_agua&amp;utm_id=IT_url_moto_agua&#8221;][vc_single_image image=&#8221;3603&#8243; img_size=&#8221;800&#215;300&#8243; alignment=&#8221;center&#8221; onclick=&#8221;custom_link&#8221; image_hovers=&#8221;false&#8221; link=&#8221;https:\/\/marinalia.es\/deporte-y-aventura\/excursiones-en-el-mar\/excursiones-moto-agua\/1117-2670-ruta-motos-agua-tabarca-desde-santa-pola.html#\/duracion-1_hora_y_30_minutos&#8221;][vc_single_image image=&#8221;3608&#8243; img_size=&#8221;800&#215;300&#8243; alignment=&#8221;center&#8221; onclick=&#8221;custom_link&#8221; image_hovers=&#8221;false&#8221; link=&#8221;https:\/\/marinalia.es\/deporte-y-aventura\/excursiones-en-el-mar\/excursiones-moto-agua\/745-excursion-en-moto-de-agua-a-tabarca-y-la-manga-del-mar-menor.html&#8221;][vc_single_image image=&#8221;3609&#8243; img_size=&#8221;800&#215;300&#8243; alignment=&#8221;center&#8221; onclick=&#8221;custom_link&#8221; image_hovers=&#8221;false&#8221; link=&#8221;https:\/\/marinalia.es\/deporte-y-aventura\/excursiones-en-el-mar\/excursiones-moto-agua\/1117-2671-ruta-motos-agua-tabarca-desde-santa-pola.html#\/755-duracion-2_horas&#8221;]<div id=\"ultimate-heading-789269de2e1a94a2b\" class=\"uvc-heading ult-adjust-bottom-margin ultimate-heading-789269de2e1a94a2b uvc-5905 \" data-hspacer=\"no_spacer\"  data-halign=\"left\" style=\"text-align:left\"><div class=\"uvc-heading-spacer no_spacer\" style=\"top\"><\/div><div class=\"uvc-main-heading ult-responsive\"  data-ultimate-target='.uvc-heading.ultimate-heading-789269de2e1a94a2b h2'  data-responsive-json-new='{\"font-size\":\"\",\"line-height\":\"\"}' ><h2 style=\"font-weight:normal;\"><span class=\"ez-toc-section\" id=\"Har_du_nautisk_licens_for_att_kora_vattenskoter_i_Tabarca\"><\/span>Har du nautisk licens f\u00f6r att k\u00f6ra vattenskoter i Tabarca?<span class=\"ez-toc-section-end\"><\/span><\/h2><\/div><div class=\"uvc-sub-heading ult-responsive\"  data-ultimate-target='.uvc-heading.ultimate-heading-789269de2e1a94a2b .uvc-sub-heading '  data-responsive-json-new='{\"font-size\":\"\",\"line-height\":\"\"}'  style=\"font-weight:normal;\"><\/p>\n<p style=\"text-align: justify;\"><span style=\"font-weight: 400;\">Om du har det nautiska k\u00f6rkortet som kr\u00e4vs f\u00f6r att \u00e5ka vattenskoter kan du utan problem ta dig till Tabarca. Om du har ett k\u00f6rkort men inte \u00e4ger en vattenskoter i Tabarca-, Alicante- eller Santa Pola-omr\u00e5det, kontakta oss s\u00e5 f\u00f6rser vi dig med kontaktuppgifter till n\u00e5gra vattenskoteruthyrningsf\u00f6retag i Tabarca. <\/span><\/p>\n<p><\/div><\/div>[vc_video link=&#8221;https:\/\/www.youtube.com\/watch?v=Leg95s7tHPE&#8221; align=&#8221;center&#8221;][\/vc_column][\/vc_row][vc_row][vc_column]<div id=\"ultimate-heading-559969de2e1a94a8a\" class=\"uvc-heading ult-adjust-bottom-margin ultimate-heading-559969de2e1a94a8a uvc-8638 \" data-hspacer=\"no_spacer\"  data-halign=\"left\" style=\"text-align:left\"><div class=\"uvc-heading-spacer no_spacer\" style=\"top\"><\/div><div class=\"uvc-main-heading ult-responsive\"  data-ultimate-target='.uvc-heading.ultimate-heading-559969de2e1a94a8a h2'  data-responsive-json-new='{\"font-size\":\"\",\"line-height\":\"\"}' ><h2 style=\"font-weight:normal;\"><span class=\"ez-toc-section\" id=\"Kan_man_aka_till_Tabarca_med_vattenskoter\"><\/span>Kan man \u00e5ka till Tabarca med vattenskoter?<span class=\"ez-toc-section-end\"><\/span><\/h2><\/div><div class=\"uvc-sub-heading ult-responsive\"  data-ultimate-target='.uvc-heading.ultimate-heading-559969de2e1a94a8a .uvc-sub-heading '  data-responsive-json-new='{\"font-size\":\"\",\"line-height\":\"\"}'  style=\"font-weight:normal;\"><\/p>\n<p style=\"text-align: justify;\"><span style=\"font-weight: 400;\">Ja, du kan \u00e5ka till Tabarca med vattenskoter utan problem. Om du har ett nautiskt certifikat kan du \u00e5ka p\u00e5 egen hand, och om du inte har det kan du g\u00f6ra det p\u00e5 Tabarca-vattenskoterutflykten. Du kan ocks\u00e5 avg\u00e5 fr\u00e5n olika platser l\u00e4ngs Medelhavskusten, som Santa Pola, Alicante eller Torrevieja.   <\/span><\/p>\n<p><\/div><\/div>[vc_empty_space height=&#8221;50px&#8221;]<div id=\"ultimate-heading-113769de2e1a94ae5\" class=\"uvc-heading ult-adjust-bottom-margin ultimate-heading-113769de2e1a94ae5 uvc-3696 \" data-hspacer=\"no_spacer\"  data-halign=\"left\" style=\"text-align:left\"><div class=\"uvc-heading-spacer no_spacer\" style=\"top\"><\/div><div class=\"uvc-main-heading ult-responsive\"  data-ultimate-target='.uvc-heading.ultimate-heading-113769de2e1a94ae5 h2'  data-responsive-json-new='{\"font-size\":\"\",\"line-height\":\"\"}' ><h2 style=\"font-weight:normal;\"><span class=\"ez-toc-section\" id=\"Att_aka_till_Tabarca_med_bat_utan_licens\"><\/span>Att \u00e5ka till Tabarca med b\u00e5t utan licens<span class=\"ez-toc-section-end\"><\/span><\/h2><\/div><div class=\"uvc-sub-heading ult-responsive\"  data-ultimate-target='.uvc-heading.ultimate-heading-113769de2e1a94ae5 .uvc-sub-heading '  data-responsive-json-new='{\"font-size\":\"\",\"line-height\":\"\"}'  style=\"font-weight:normal;\"><\/p>\n<p style=\"text-align: justify;\"><span style=\"font-weight: 400;\">Vi rekommenderar ocks\u00e5 ett annat av de mest sp\u00e4nnande s\u00e4tten att ta sig till Tabarca: att hyra en b\u00e5t utan licens (ingen licens kr\u00e4vs) och \u00e5ka till Tabarca\u00f6n.<\/span><\/p>\n<p><\/div><\/div>[vc_single_image image=&#8221;3610&#8243; img_size=&#8221;800&#215;300&#8243; alignment=&#8221;center&#8221; onclick=&#8221;custom_link&#8221; image_hovers=&#8221;false&#8221; link=&#8221;https:\/\/www.yumping.com\/ofertas\/alquiler-de-barcos\/alicante\/alquiler-de-barco-compass-sin-carnet-2h-santa-pola&#8211;o64683#64688?id_partner=157c21faa68927a9c1418be25f1c0d81&amp;placement=content-end&amp;cmp=IT_url_motos de agua&#8221;][\/vc_column][\/vc_row][vc_row][vc_column][vc_empty_space height=&#8221;50px&#8221;][\/vc_column][\/vc_row]<\/p>\n<\/div>","protected":false},"excerpt":{"rendered":"<p>[vc_row][vc_column][vc_empty_space height=&#8221;50px&#8221;][\/vc_column][\/vc_row][vc_row][vc_column][vc_empty_space][vc_single_image image=&#8221;3611&#8243; img_size=&#8221;full&#8221; alignment=&#8221;center&#8221; onclick=&#8221;custom_link&#8221; img_link_target=&#8221;_blank&#8221; image_hovers=&#8221;false&#8221; link=&#8221;https:\/\/marinalia.es\/deporte-y-aventura\/excursiones-en-el-mar\/excursiones-moto-agua\/745-excursion-en-moto-de-agua-a-tabarca-y-la-manga-del-mar-menor.html?utm_source=google&amp;utm_medium=Trafico&amp;utm_campaign=IT_url_moto_agua&amp;utm_id=IT_url_moto_agua&#8221;][vc_single_image image=&#8221;3603&#8243; img_size=&#8221;800&#215;300&#8243; alignment=&#8221;center&#8221; onclick=&#8221;custom_link&#8221; image_hovers=&#8221;false&#8221; link=&#8221;https:\/\/marinalia.es\/deporte-y-aventura\/excursiones-en-el-mar\/excursiones-moto-agua\/1117-2670-ruta-motos-agua-tabarca-desde-santa-pola.html#\/duracion-1_hora_y_30_minutos&#8221;][vc_single_image image=&#8221;3608&#8243; img_size=&#8221;800&#215;300&#8243; alignment=&#8221;center&#8221; onclick=&#8221;custom_link&#8221; image_hovers=&#8221;false&#8221; link=&#8221;https:\/\/marinalia.es\/deporte-y-aventura\/excursiones-en-el-mar\/excursiones-moto-agua\/745-excursion-en-moto-de-agua-a-tabarca-y-la-manga-del-mar-menor.html&#8221;][vc_single_image image=&#8221;3609&#8243; img_size=&#8221;800&#215;300&#8243; alignment=&#8221;center&#8221; onclick=&#8221;custom_link&#8221; image_hovers=&#8221;false&#8221; link=&#8221;https:\/\/marinalia.es\/deporte-y-aventura\/excursiones-en-el-mar\/excursiones-moto-agua\/1117-2671-ruta-motos-agua-tabarca-desde-santa-pola.html#\/755-duracion-2_horas&#8221;][vc_video link=&#8221;https:\/\/www.youtube.com\/watch?v=Leg95s7tHPE&#8221; align=&#8221;center&#8221;][\/vc_column][\/vc_row][vc_row][vc_column][vc_empty_space height=&#8221;50px&#8221;][vc_single_image image=&#8221;3610&#8243; img_size=&#8221;800&#215;300&#8243; alignment=&#8221;center&#8221; onclick=&#8221;custom_link&#8221; image_hovers=&#8221;false&#8221; link=&#8221;https:\/\/www.yumping.com\/ofertas\/alquiler-de-barcos\/alicante\/alquiler-de-barco-compass-sin-carnet-2h-santa-pola&#8211;o64683#64688?id_partner=157c21faa68927a9c1418be25f1c0d81&amp;placement=content-end&amp;cmp=IT_url_motos de agua&#8221;][\/vc_column][\/vc_row][vc_row][vc_column][vc_empty_space height=&#8221;50px&#8221;][\/vc_column][\/vc_row]<\/p>\n","protected":false},"author":1,"featured_media":0,"parent":3586,"menu_order":0,"comment_status":"closed","ping_status":"closed","template":"","meta":{"_joinchat":[],"footnotes":""},"class_list":["post-3601","page","type-page","status-publish","hentry","description-off"],"_links":{"self":[{"href":"https:\/\/laisladetabarca.com\/sv\/wp-json\/wp\/v2\/pages\/3601","targetHints":{"allow":["GET"]}}],"collection":[{"href":"https:\/\/laisladetabarca.com\/sv\/wp-json\/wp\/v2\/pages"}],"about":[{"href":"https:\/\/laisladetabarca.com\/sv\/wp-json\/wp\/v2\/types\/page"}],"author":[{"embeddable":true,"href":"https:\/\/laisladetabarca.com\/sv\/wp-json\/wp\/v2\/users\/1"}],"replies":[{"embeddable":true,"href":"https:\/\/laisladetabarca.com\/sv\/wp-json\/wp\/v2\/comments?post=3601"}],"version-history":[{"count":0,"href":"https:\/\/laisladetabarca.com\/sv\/wp-json\/wp\/v2\/pages\/3601\/revisions"}],"up":[{"embeddable":true,"href":"https:\/\/laisladetabarca.com\/sv\/wp-json\/wp\/v2\/pages\/3586"}],"wp:attachment":[{"href":"https:\/\/laisladetabarca.com\/sv\/wp-json\/wp\/v2\/media?parent=3601"}],"curies":[{"name":"wp","href":"https:\/\/api.w.org\/{rel}","templated":true}]}}