{"id":3588,"date":"2022-07-28T12:06:55","date_gmt":"2022-07-28T11:06:55","guid":{"rendered":"https:\/\/laisladetabarca.com\/aktiviteter-pa-tabarcaon\/buceo\/"},"modified":"2025-08-30T21:33:43","modified_gmt":"2025-08-30T21:33:43","slug":"buceo","status":"publish","type":"page","link":"https:\/\/laisladetabarca.com\/sv\/aktiviteter-pa-tabarcaon\/buceo\/","title":{"rendered":"Buceo"},"content":{"rendered":"<div class=\"wpb-content-wrapper\"><p>[vc_row][vc_column]<div id=\"ultimate-heading-604969de2e6804020\" class=\"uvc-heading ult-adjust-bottom-margin ultimate-heading-604969de2e6804020 uvc-4558 \" data-hspacer=\"no_spacer\"  data-halign=\"left\" style=\"text-align:left\"><div class=\"uvc-heading-spacer no_spacer\" style=\"top\"><\/div><div class=\"uvc-sub-heading ult-responsive\"  data-ultimate-target='.uvc-heading.ultimate-heading-604969de2e6804020 .uvc-sub-heading '  data-responsive-json-new='{\"font-size\":\"\",\"line-height\":\"\"}'  style=\"font-weight:normal;\"><\/p>\n<p style=\"text-align: justify;\"><span style=\"font-weight: 400;\">Tabarca\u00f6n har varit ett marint reservat sedan 1986; det var faktiskt det f\u00f6rsta omr\u00e5det som f\u00f6rklarades som marint reservat. Detta g\u00f6r \u00f6ns omgivningar utan tvekan till en av de b\u00e4sta dykplatserna i Medelhavet. Faktum \u00e4r att det faktum att det \u00e4r ett marint reservat g\u00f6r Tabarca till en fristad \u00e4ven f\u00f6r de mest erfarna dykarna.  <\/span><\/p>\n<p style=\"text-align: justify;\"><span style=\"font-weight: 400;\">Detta \u00e4r ett omr\u00e5de d\u00e4r kontrollerat fiske och det v\u00e4lsk\u00f6tta marina reservatet g\u00f6r det till en plats d\u00e4r du kan hitta otaliga marina arter. Dessutom, karakteristiskt f\u00f6r omr\u00e5det, best\u00e5r det av Posidonia oceanica. Posidonia \u00e4r en marin v\u00e4xt som bildar verita skogar som syres\u00e4tter v\u00e5r planet och f\u00f6rvandlar Tabarcas marina reservat till ett akvarium med kristallklart vatten.  <\/span><\/p>\n<p><\/div><\/div>[vc_empty_space height=&#8221;50px&#8221;][vc_single_image image=&#8221;3592&#8243; img_size=&#8221;full&#8221; onclick=&#8221;custom_link&#8221; img_link_target=&#8221;_blank&#8221; link=&#8221;https:\/\/marinalia.es\/124-buceo-y-snorkel?comunidad-valenciana=actividades-tabarca&#8221;][\/vc_column][\/vc_row][vc_row][vc_column]<div id=\"ultimate-heading-307369de2e6804079\" class=\"uvc-heading ult-adjust-bottom-margin ultimate-heading-307369de2e6804079 uvc-4910 \" data-hspacer=\"no_spacer\"  data-halign=\"left\" style=\"text-align:left\"><div class=\"uvc-heading-spacer no_spacer\" style=\"top\"><\/div><div class=\"uvc-main-heading ult-responsive\"  data-ultimate-target='.uvc-heading.ultimate-heading-307369de2e6804079 h2'  data-responsive-json-new='{\"font-size\":\"\",\"line-height\":\"\"}' ><div id=\"ez-toc-container\" class=\"ez-toc-v2_0_80 counter-hierarchy ez-toc-counter ez-toc-grey ez-toc-container-direction\">\n<div class=\"ez-toc-title-container\">\n<p class=\"ez-toc-title\" style=\"cursor:inherit\">Table of Contents<\/p>\n<span class=\"ez-toc-title-toggle\"><a href=\"#\" class=\"ez-toc-pull-right ez-toc-btn ez-toc-btn-xs ez-toc-btn-default ez-toc-toggle\" aria-label=\"Toggle Table of Content\"><span class=\"ez-toc-js-icon-con\"><span class=\"\"><span class=\"eztoc-hide\" style=\"display:none;\">Toggle<\/span><span class=\"ez-toc-icon-toggle-span\"><svg style=\"fill: #999;color:#999\" xmlns=\"http:\/\/www.w3.org\/2000\/svg\" class=\"list-377408\" width=\"20px\" height=\"20px\" viewBox=\"0 0 24 24\" fill=\"none\"><path d=\"M6 6H4v2h2V6zm14 0H8v2h12V6zM4 11h2v2H4v-2zm16 0H8v2h12v-2zM4 16h2v2H4v-2zm16 0H8v2h12v-2z\" fill=\"currentColor\"><\/path><\/svg><svg style=\"fill: #999;color:#999\" class=\"arrow-unsorted-368013\" xmlns=\"http:\/\/www.w3.org\/2000\/svg\" width=\"10px\" height=\"10px\" viewBox=\"0 0 24 24\" version=\"1.2\" baseProfile=\"tiny\"><path d=\"M18.2 9.3l-6.2-6.3-6.2 6.3c-.2.2-.3.4-.3.7s.1.5.3.7c.2.2.4.3.7.3h11c.3 0 .5-.1.7-.3.2-.2.3-.5.3-.7s-.1-.5-.3-.7zM5.8 14.7l6.2 6.3 6.2-6.3c.2-.2.3-.5.3-.7s-.1-.5-.3-.7c-.2-.2-.4-.3-.7-.3h-11c-.3 0-.5.1-.7.3-.2.2-.3.5-.3.7s.1.5.3.7z\"\/><\/svg><\/span><\/span><\/span><\/a><\/span><\/div>\n<nav><ul class='ez-toc-list ez-toc-list-level-1 ' ><li class='ez-toc-page-1 ez-toc-heading-level-2'><a class=\"ez-toc-link ez-toc-heading-1\" href=\"https:\/\/laisladetabarca.com\/sv\/aktiviteter-pa-tabarcaon\/buceo\/#Har_du_dyklicens_i_Tabarca\" >Har du dyklicens i Tabarca?<\/a><\/li><li class='ez-toc-page-1 ez-toc-heading-level-2'><a class=\"ez-toc-link ez-toc-heading-2\" href=\"https:\/\/laisladetabarca.com\/sv\/aktiviteter-pa-tabarcaon\/buceo\/#Vad_ar_ett_dykdop_i_Tabarca\" >Vad \u00e4r ett dykdop i Tabarca?<\/a><\/li><li class='ez-toc-page-1 ez-toc-heading-level-2'><a class=\"ez-toc-link ez-toc-heading-3\" href=\"https:\/\/laisladetabarca.com\/sv\/aktiviteter-pa-tabarcaon\/buceo\/#Dykplatser_i_Tabarca\" >Dykplatser i Tabarca<\/a><ul class='ez-toc-list-level-3' ><li class='ez-toc-heading-level-3'><a class=\"ez-toc-link ez-toc-heading-4\" href=\"https:\/\/laisladetabarca.com\/sv\/aktiviteter-pa-tabarcaon\/buceo\/#Kan_man_dyka_aret_runt\" >Kan man dyka \u00e5ret runt?<\/a><\/li><li class='ez-toc-page-1 ez-toc-heading-level-3'><a class=\"ez-toc-link ez-toc-heading-5\" href=\"https:\/\/laisladetabarca.com\/sv\/aktiviteter-pa-tabarcaon\/buceo\/#Video_om_dykning_i_Tabarca\" >Video om dykning i Tabarca<\/a><\/li><\/ul><\/li><\/ul><\/nav><\/div>\n<h2 style=\"font-weight:normal;\"><span class=\"ez-toc-section\" id=\"Har_du_dyklicens_i_Tabarca\"><\/span>Har du dyklicens i Tabarca?<span class=\"ez-toc-section-end\"><\/span><\/h2><\/div><div class=\"uvc-sub-heading ult-responsive\"  data-ultimate-target='.uvc-heading.ultimate-heading-307369de2e6804079 .uvc-sub-heading '  data-responsive-json-new='{\"font-size\":\"\",\"line-height\":\"\"}'  style=\"font-weight:normal;\"><\/p>\n<p style=\"text-align: justify;\"><span style=\"font-weight: 400;\">Om du har dyklicens finns det flera auktoriserade dykcenter som erbjuder dykm\u00f6jligheter i Tabarca. Du kan hitta flera fr\u00e5n Santa Pola och till och med fr\u00e5n Alicante. Kom ih\u00e5g att boka med ett auktoriserat center. <\/span><\/p>\n<p style=\"text-align: justify;\"><span style=\"font-weight: 400;\">Om du \u00e5 andra sidan inte har n\u00e5gon certifiering rekommenderar vi att du tar en dykupplevelse guidad av en instrukt\u00f6r, eftersom det utan tvekan \u00e4r en av de b\u00e4sta aktiviteterna du kan g\u00f6ra i Tabarca. <\/span><\/p>\n<p><\/div><\/div>[vc_single_image image=&#8221;3591&#8243; img_size=&#8221;full&#8221;]<div id=\"ultimate-heading-953969de2e68040e4\" class=\"uvc-heading ult-adjust-bottom-margin ultimate-heading-953969de2e68040e4 uvc-1685 \" data-hspacer=\"no_spacer\"  data-halign=\"left\" style=\"text-align:left\"><div class=\"uvc-heading-spacer no_spacer\" style=\"top\"><\/div><div class=\"uvc-main-heading ult-responsive\"  data-ultimate-target='.uvc-heading.ultimate-heading-953969de2e68040e4 h2'  data-responsive-json-new='{\"font-size\":\"\",\"line-height\":\"\"}' ><h2 style=\"font-weight:normal;\"><span class=\"ez-toc-section\" id=\"Vad_ar_ett_dykdop_i_Tabarca\"><\/span>Vad \u00e4r ett dykdop i Tabarca?<span class=\"ez-toc-section-end\"><\/span><\/h2><\/div><div class=\"uvc-sub-heading ult-responsive\"  data-ultimate-target='.uvc-heading.ultimate-heading-953969de2e68040e4 .uvc-sub-heading '  data-responsive-json-new='{\"font-size\":\"\",\"line-height\":\"\"}'  style=\"font-weight:normal;\"><span style=\"font-weight: 400;\">Att prova p\u00e5 att dyka \u00e4r den typ av dyk du kan g\u00f6ra \u00e4ven om du inte har dykcertifiering. D\u00e4rf\u00f6r, om du vill uppleva den spektakul\u00e4ra upplevelsen av dykning, \u00e4r Tabarca utan tvekan det b\u00e4sta st\u00e4llet att g\u00f6ra det. <\/span><\/div><\/div>[vc_single_image image=&#8221;3592&#8243; img_size=&#8221;full&#8221; onclick=&#8221;custom_link&#8221; img_link_target=&#8221;_blank&#8221; link=&#8221;https:\/\/marinalia.es\/124-buceo-y-snorkel?comunidad-valenciana=actividades-tabarca&#8221;][vc_empty_space height=&#8221;50px&#8221;]<div id=\"ultimate-heading-372769de2e6804139\" class=\"uvc-heading ult-adjust-bottom-margin ultimate-heading-372769de2e6804139 uvc-8111 \" data-hspacer=\"no_spacer\"  data-halign=\"left\" style=\"text-align:left\"><div class=\"uvc-heading-spacer no_spacer\" style=\"top\"><\/div><div class=\"uvc-main-heading ult-responsive\"  data-ultimate-target='.uvc-heading.ultimate-heading-372769de2e6804139 h2'  data-responsive-json-new='{\"font-size\":\"\",\"line-height\":\"\"}' ><h2 style=\"font-weight:normal;\"><span class=\"ez-toc-section\" id=\"Dykplatser_i_Tabarca\"><\/span>Dykplatser i Tabarca<span class=\"ez-toc-section-end\"><\/span><\/h2><\/div><div class=\"uvc-sub-heading ult-responsive\"  data-ultimate-target='.uvc-heading.ultimate-heading-372769de2e6804139 .uvc-sub-heading '  data-responsive-json-new='{\"font-size\":\"\",\"line-height\":\"\"}'  style=\"font-weight:normal;\"><\/p>\n<p style=\"text-align: justify;\"><span style=\"font-weight: 400;\">P\u00e5 Tabarca\u00f6n finns det olika dykomr\u00e5den beroende p\u00e5 om de \u00e4r i inlands- eller utomhusvatten.<\/span><\/p>\n<p>&nbsp;<\/p>\n<ul>\n<li style=\"text-align: justify;\"><b>Inlandsvatten i Tabarca<\/b><\/li>\n<\/ul>\n<p style=\"text-align: justify;\"><span style=\"font-weight: 400;\">Det inre marina reservatet \u00e4r det omr\u00e5de som ligger n\u00e4rmast Tabarca\u00f6n. Dessa vatten inneh\u00e5ller flera dykomr\u00e5den, inklusive: Escull Negre, de artificiella reven, La Galera, Escull Roig och Aguas Libres. <\/span><\/p>\n<p style=\"text-align: justify;\"><span style=\"font-weight: 400;\">Detta omr\u00e5de best\u00e5r av 5 dykzoner: Escull Roig (-8m.), Islote de la Galera (-6m.), Escull Negre (-10m.), Artificiellt rev (-20m.) eller Free Water Zone.<\/span><\/p>\n<p style=\"text-align: justify;\"><span style=\"font-weight: 400;\">F\u00f6r detta omr\u00e5de kr\u00e4vs tillst\u00e5nd fr\u00e5n Alicantes fiskerimyndighet, tillsammans med n\u00f6dv\u00e4ndig dokumentation (<\/span><span style=\"font-weight: 400;\">dykcertifiering, legitimation, l\u00e4karintyg vid h\u00e4lsoproblem och dykf\u00f6rs\u00e4kring<\/span><span style=\"font-weight: 400;\">, minst 7 dagar i f\u00f6rv\u00e4g).<\/span><\/p>\n<p>&nbsp;<\/p>\n<div class=\"uvc-main-heading ult-responsive\" data-ultimate-target=\".uvc-heading.ultimate-heading-839962e26ca15d8a6 h3\" data-responsive-json-new=\"{\"font-size\":\"\",\"line-height\":\"\"}\">\n<ul>\n<li><strong>Yttre vatten i Tabarca<\/strong><\/li>\n<\/ul>\n<\/div>\n<div class=\"uvc-sub-heading ult-responsive\" data-ultimate-target=\".uvc-heading.ultimate-heading-839962e26ca15d8a6 .uvc-sub-heading  \" data-responsive-json-new=\"{\"font-size\":\"\",\"line-height\":\"\"}\">Marinreservatet i yttre vatten i omr\u00e5det kring \u00f6n La Nao och Bajo de la Nao eller de la Llosa<\/div>\n<p><\/div><\/div>[\/vc_column][\/vc_row][vc_row][vc_column][vc_single_image image=&#8221;3589&#8243; img_size=&#8221;full&#8221; alignment=&#8221;center&#8221;][vc_empty_space height=&#8221;50px&#8221;][\/vc_column][\/vc_row][vc_row][vc_column]<div id=\"ultimate-heading-263569de2e680418d\" class=\"uvc-heading ult-adjust-bottom-margin ultimate-heading-263569de2e680418d uvc-6292 \" data-hspacer=\"no_spacer\"  data-halign=\"left\" style=\"text-align:left\"><div class=\"uvc-heading-spacer no_spacer\" style=\"top\"><\/div><div class=\"uvc-main-heading ult-responsive\"  data-ultimate-target='.uvc-heading.ultimate-heading-263569de2e680418d h3'  data-responsive-json-new='{\"font-size\":\"\",\"line-height\":\"\"}' ><h3 style=\"font-weight:normal;\"><span class=\"ez-toc-section\" id=\"Kan_man_dyka_aret_runt\"><\/span>Kan man dyka \u00e5ret runt?<span class=\"ez-toc-section-end\"><\/span><\/h3><\/div><div class=\"uvc-sub-heading ult-responsive\"  data-ultimate-target='.uvc-heading.ultimate-heading-263569de2e680418d .uvc-sub-heading '  data-responsive-json-new='{\"font-size\":\"\",\"line-height\":\"\"}'  style=\"font-weight:normal;\"><\/p>\n<p style=\"text-align: justify;\"><span style=\"font-weight: 400;\">Ja, dykning i Tabarca kan g\u00f6ras \u00e5ret runt. Observera dock att fr\u00e5n oktober till mars \u00e4r dykning endast till\u00e5ten p\u00e5 fredagar, l\u00f6rdagar och s\u00f6ndagar. Resten av \u00e5ret \u00e4r dykning endast till\u00e5ten p\u00e5 tisdagar, fredagar, l\u00f6rdagar, s\u00f6ndagar och helgdagar (i inlandsvatten) och varje dag (i \u00f6ppet vatten).<\/span><\/p>\n<p><\/div><\/div>[vc_empty_space height=&#8221;50px&#8221;][\/vc_column][\/vc_row][vc_row][vc_column][vc_single_image image=&#8221;3592&#8243; img_size=&#8221;full&#8221; onclick=&#8221;custom_link&#8221; img_link_target=&#8221;_blank&#8221; link=&#8221;https:\/\/marinalia.es\/124-buceo-y-snorkel?comunidad-valenciana=actividades-tabarca&#8221;]<div id=\"ultimate-heading-274769de2e68041da\" class=\"uvc-heading ult-adjust-bottom-margin ultimate-heading-274769de2e68041da uvc-1721 \" data-hspacer=\"no_spacer\"  data-halign=\"left\" style=\"text-align:left\"><div class=\"uvc-heading-spacer no_spacer\" style=\"top\"><\/div><div class=\"uvc-main-heading ult-responsive\"  data-ultimate-target='.uvc-heading.ultimate-heading-274769de2e68041da h3'  data-responsive-json-new='{\"font-size\":\"\",\"line-height\":\"\"}' ><h3 style=\"font-weight:normal;\"><span class=\"ez-toc-section\" id=\"Video_om_dykning_i_Tabarca\"><\/span>Video om dykning i Tabarca<span class=\"ez-toc-section-end\"><\/span><\/h3><\/div><\/div>[vc_video link=&#8221;https:\/\/www.youtube.com\/watch?v=cx0Ox6P6SJQ&#8221; align=&#8221;center&#8221;][vc_empty_space height=&#8221;50px&#8221;][\/vc_column][\/vc_row]<\/p>\n<\/div>","protected":false},"excerpt":{"rendered":"<p>[vc_row][vc_column][vc_empty_space height=&#8221;50px&#8221;][vc_single_image image=&#8221;3592&#8243; img_size=&#8221;full&#8221; onclick=&#8221;custom_link&#8221; img_link_target=&#8221;_blank&#8221; link=&#8221;https:\/\/marinalia.es\/124-buceo-y-snorkel?comunidad-valenciana=actividades-tabarca&#8221;][\/vc_column][\/vc_row][vc_row][vc_column][vc_single_image image=&#8221;3591&#8243; img_size=&#8221;full&#8221;][vc_single_image image=&#8221;3592&#8243; img_size=&#8221;full&#8221; onclick=&#8221;custom_link&#8221; img_link_target=&#8221;_blank&#8221; link=&#8221;https:\/\/marinalia.es\/124-buceo-y-snorkel?comunidad-valenciana=actividades-tabarca&#8221;][vc_empty_space height=&#8221;50px&#8221;][\/vc_column][\/vc_row][vc_row][vc_column][vc_single_image image=&#8221;3589&#8243; img_size=&#8221;full&#8221; alignment=&#8221;center&#8221;][vc_empty_space height=&#8221;50px&#8221;][\/vc_column][\/vc_row][vc_row][vc_column][vc_empty_space height=&#8221;50px&#8221;][\/vc_column][\/vc_row][vc_row][vc_column][vc_single_image image=&#8221;3592&#8243; img_size=&#8221;full&#8221; onclick=&#8221;custom_link&#8221; img_link_target=&#8221;_blank&#8221; link=&#8221;https:\/\/marinalia.es\/124-buceo-y-snorkel?comunidad-valenciana=actividades-tabarca&#8221;][vc_video link=&#8221;https:\/\/www.youtube.com\/watch?v=cx0Ox6P6SJQ&#8221; align=&#8221;center&#8221;][vc_empty_space height=&#8221;50px&#8221;][\/vc_column][\/vc_row]<\/p>\n","protected":false},"author":1,"featured_media":0,"parent":3586,"menu_order":0,"comment_status":"closed","ping_status":"closed","template":"","meta":{"_joinchat":[],"footnotes":""},"class_list":["post-3588","page","type-page","status-publish","hentry","description-off"],"_links":{"self":[{"href":"https:\/\/laisladetabarca.com\/sv\/wp-json\/wp\/v2\/pages\/3588","targetHints":{"allow":["GET"]}}],"collection":[{"href":"https:\/\/laisladetabarca.com\/sv\/wp-json\/wp\/v2\/pages"}],"about":[{"href":"https:\/\/laisladetabarca.com\/sv\/wp-json\/wp\/v2\/types\/page"}],"author":[{"embeddable":true,"href":"https:\/\/laisladetabarca.com\/sv\/wp-json\/wp\/v2\/users\/1"}],"replies":[{"embeddable":true,"href":"https:\/\/laisladetabarca.com\/sv\/wp-json\/wp\/v2\/comments?post=3588"}],"version-history":[{"count":0,"href":"https:\/\/laisladetabarca.com\/sv\/wp-json\/wp\/v2\/pages\/3588\/revisions"}],"up":[{"embeddable":true,"href":"https:\/\/laisladetabarca.com\/sv\/wp-json\/wp\/v2\/pages\/3586"}],"wp:attachment":[{"href":"https:\/\/laisladetabarca.com\/sv\/wp-json\/wp\/v2\/media?parent=3588"}],"curies":[{"name":"wp","href":"https:\/\/api.w.org\/{rel}","templated":true}]}}