{"id":3912,"date":"2022-07-15T07:48:59","date_gmt":"2022-07-15T06:48:59","guid":{"rendered":"https:\/\/laisladetabarca.com\/polityka-plikow-cookie\/"},"modified":"2025-08-09T12:30:01","modified_gmt":"2025-08-09T12:30:01","slug":"polityka-plikow-cookie","status":"publish","type":"page","link":"https:\/\/laisladetabarca.com\/pl\/polityka-plikow-cookie\/","title":{"rendered":"Polityka plik\u00f3w cookie"},"content":{"rendered":"\n<p>W serwisie internetowym <a href=\"https:\/\/laisladetabarca.com\/pl\/\">laisladetabarca.com<\/a> wykorzystujemy pliki cookie, aby u\u0142atwi\u0107 odwiedzaj\u0105cym korzystanie z naszych tre\u015bci oraz umo\u017cliwi\u0107 sporz\u0105dzanie statystyk dotycz\u0105cych odwiedzaj\u0105cych nasz\u0105 stron\u0119.<br\/>Zgodnie z dyrektyw\u0105 2009\/136\/WE, wdro\u017con\u0105 w naszym systemie prawnym przez art. 22 ust. 2 ustawy o us\u0142ugach spo\u0142ecze\u0144stwa informacyjnego, zgodnie z wytycznymi Hiszpa\u0144skiej Agencji Ochrony Danych, informujemy szczeg\u00f3\u0142owo o sposobie wykorzystania danych na naszej stronie internetowej.<br\/>Pliki cookie to ma\u0142e pliki zapisywane w przegl\u0105darce u\u017cywanej przez ka\u017cdego odwiedzaj\u0105cego nasz\u0105 stron\u0119 internetow\u0105, dzi\u0119ki czemu serwer mo\u017ce zapami\u0119ta\u0107 wizyt\u0119 tego u\u017cytkownika, gdy ponownie uzyska on dost\u0119p do naszych tre\u015bci. Informacje te nie ujawniaj\u0105 to\u017csamo\u015bci u\u017cytkownika ani \u017cadnych danych osobowych, nie umo\u017cliwiaj\u0105 te\u017c dost\u0119pu do tre\u015bci przechowywanych na komputerze u\u017cytkownika, ale pozwalaj\u0105 naszemu systemowi zidentyfikowa\u0107 u\u017cytkownika jako konkretn\u0105 osob\u0119, kt\u00f3ra odwiedzi\u0142a ju\u017c wcze\u015bniej stron\u0119 internetow\u0105, wy\u015bwietli\u0142a okre\u015blone strony itp. Ponadto umo\u017cliwiaj\u0105 zapisanie osobistych preferencji i informacji technicznych, takich jak liczba odwiedzin lub konkretne strony, kt\u00f3re u\u017cytkownik odwiedzi\u0142. <br\/>Celem plik\u00f3w cookie jest zapewnienie u\u017cytkownikowi szybszego dost\u0119pu do wybranych us\u0142ug.<br\/>Je\u015bli nie chcesz, aby pliki cookie by\u0142y zapisywane w Twojej przegl\u0105darce lub wolisz otrzymywa\u0107 informacj\u0119 za ka\u017cdym razem, gdy plik cookie prosi o zainstalowanie, mo\u017cesz skonfigurowa\u0107 opcje przegl\u0105darki tak, aby tak w\u0142a\u015bnie dzia\u0142a\u0142a. Wi\u0119kszo\u015b\u0107 przegl\u0105darek pozwala na zarz\u0105dzanie plikami cookie na trzy r\u00f3\u017cne sposoby: <\/p>\n\n<ul class=\"wp-block-list\"><li>Pliki cookie s\u0105 zawsze odrzucane;<\/li><li>Przegl\u0105darka pyta u\u017cytkownika, czy chce zainstalowa\u0107 ka\u017cdy plik cookie;<\/li><li>Pliki cookie s\u0105 zawsze akceptowane;<\/li><\/ul>\n\n<p>Twoja przegl\u0105darka mo\u017ce r\u00f3wnie\u017c zawiera\u0107 opcj\u0119 szczeg\u00f3\u0142owego wyboru plik\u00f3w cookie, kt\u00f3re chcesz zainstalowa\u0107 na swoim komputerze. W szczeg\u00f3lno\u015bci u\u017cytkownik mo\u017ce zazwyczaj zaakceptowa\u0107 jedn\u0105 z nast\u0119puj\u0105cych opcji: <\/p>\n\n<ul class=\"wp-block-list\"><li>odrzuca\u0107 pliki cookie z okre\u015blonych domen;<\/li><li>odrzuca\u0107 pliki cookie stron trzecich;<\/li><li>akceptowa\u0107 pliki cookie jako nietrwa\u0142e (usuwane po zamkni\u0119ciu przegl\u0105darki);<\/li><li>zezwoli\u0107 serwerowi na tworzenie plik\u00f3w cookie dla innej domeny.<\/li><\/ul>\n\n<p><strong>Aby zezwoli\u0107, pozna\u0107, zablokowa\u0107 lub usun\u0105\u0107 pliki cookie zainstalowane na swoim komputerze, mo\u017cna to zrobi\u0107 poprzez konfiguracj\u0119 opcji przegl\u0105darki zainstalowanej na komputerze.<\/strong><br\/>Informacje na temat konfiguracji najcz\u0119\u015bciej u\u017cywanych przegl\u0105darek mo\u017cna znale\u017a\u0107 w nast\u0119puj\u0105cych lokalizacjach:<\/p>\n\n<ul class=\"wp-block-list\"><li><strong>Internet Explorer<\/strong>: Narz\u0119dzia -&gt; Opcje internetowe -&gt; Prywatno\u015b\u0107 -&gt; Ustawienia. Wi\u0119cej informacji mo\u017cna znale\u017a\u0107 w <a href=\"http:\/\/windows.microsoft.com\/es-ES\/windows\/support\" rel=\"nofollow noopener\" target=\"_blank\">pomocy technicznej firmy Microsoft<\/a> lub w pomocy przegl\u0105darki. <\/li><li><strong>Firefox<\/strong>: Narz\u0119dzia -&gt; Opcje -&gt; Prywatno\u015b\u0107 -&gt; Historia -&gt; Ustawienia niestandardowe. Wi\u0119cej informacji mo\u017cna znale\u017a\u0107 w <a href=\"http:\/\/support.mozilla.org\/es\/home\" rel=\"nofollow noopener\" target=\"_blank\">pomocy Mozilla<\/a> lub pomocy przegl\u0105darki. <\/li><li><strong>Chrome<\/strong>: Ustawienia -&gt; Poka\u017c opcje zaawansowane -&gt; Prywatno\u015b\u0107 -&gt; Ustawienia tre\u015bci. Wi\u0119cej informacji mo\u017cna znale\u017a\u0107 w <a href=\"http:\/\/support.google.com\/chrome\/?hl=es\" rel=\"nofollow noopener\" target=\"_blank\">pomocy Google<\/a> lub pomocy przegl\u0105darki. <\/li><li><strong>Safari<\/strong>: Preferencje -&gt; Bezpiecze\u0144stwo. Wi\u0119cej informacji mo\u017cna znale\u017a\u0107 w <a href=\"http:\/\/www.apple.com\/es\/support\/safari\/\" rel=\"nofollow noopener\" target=\"_blank\">pomocy technicznej Apple<\/a> lub pomocy przegl\u0105darki. <\/li><\/ul>\n\n<p>W odniesieniu do plik\u00f3w cookie stron trzecich, czyli tych, kt\u00f3re nie nale\u017c\u0105 do naszej witryny internetowej, nie mo\u017cemy ponosi\u0107 odpowiedzialno\u015bci za tre\u015b\u0107 i prawdziwo\u015b\u0107 polityk prywatno\u015bci, kt\u00f3re zawieraj\u0105, dlatego informacje, kt\u00f3re Pa\u0144stwu przekazujemy, zawsze odnosz\u0105 si\u0119 do \u017ar\u00f3d\u0142a.<br\/>Poni\u017cej przedstawiamy szczeg\u00f3\u0142owe informacje na temat plik\u00f3w cookie, kt\u00f3re mog\u0105 by\u0107 instalowane z naszej witryny internetowej. W zale\u017cno\u015bci od sposobu przegl\u0105dania mog\u0105 by\u0107 instalowane wszystkie lub tylko niekt\u00f3re z nich. <\/p>\n\n<p>Plik cookie: <strong>__utma<\/strong><br\/><strong>Opis: <\/strong>Identyfikacja unikalnych u\u017cytkownik\u00f3w: s\u0142u\u017cy do rejestrowania unikalnych u\u017cytkownik\u00f3w do cel\u00f3w statystycznych i analitycznych.<br\/><strong>Okres wa\u017cno\u015bci:<\/strong> 2 lata.<br\/><strong>\u0179r\u00f3d\u0142o:<\/strong> Google (Analytics)<\/p>\n\n<p>Plik cookie: <strong>__utmb<\/strong><br\/>Opis: S\u0142u\u017cy do okre\u015blania nowych sesji lub wizyt.<br\/>Czas trwania: 30 minut.<br\/>\u0179r\u00f3d\u0142o: Google (Analytics)<\/p>\n\n<p>Plik cookie: <strong>__utmc<\/strong><br\/><strong>Opis:<\/strong> Nie jest u\u017cywany w ga.js. Jest skonfigurowany do interakcji z urchin.js. Wcze\u015bniej ten plik cookie dzia\u0142a\u0142 razem z plikiem cookie __utmb w celu okre\u015blenia, czy u\u017cytkownik by\u0142 w nowej sesji lub wizycie.  <br\/><strong>Czas trwania:<\/strong> S\u0142u\u017cy do ograniczenia procentowej liczby wniosk\u00f3w.<br\/><strong>\u0179r\u00f3d\u0142o: <\/strong>Google (Analytics)<\/p>\n\n<p>Plik cookie: <strong>__utmt<\/strong><br\/><strong>Opis: <\/strong>S\u0142u\u017cy do ograniczania odsetka \u017c\u0105da\u0144.<br\/><strong>Czas trwania: <\/strong>10 minut.<br\/><strong>\u0179r\u00f3d\u0142o: <\/strong>Google (Analytics)<\/p>\n\n<p>Plik cookie: <strong>__utmv<\/strong><br\/><strong>Opis: <\/strong>Rejestrowanie \u017ar\u00f3de\u0142 ruchu i nawigacji: s\u0142u\u017cy do rejestrowania sposobu, w jaki u\u017cytkownik trafi\u0142 na nasz\u0105 stron\u0119 internetow\u0105 (poprzez wyszukiwark\u0119 Google, reklam\u0119 itp.) oraz \u015bcie\u017cki, kt\u00f3r\u0105 pod\u0105\u017ca podczas przegl\u0105dania naszej strony. Wykorzystujemy te informacje do poprawy komfortu u\u017cytkowania podczas przysz\u0142ych aktualizacji. <br\/><strong>Czas trwania: <\/strong>6 miesi\u0119cy<br\/><strong>\u0179r\u00f3d\u0142o: <\/strong>Google (Analytics)<\/p>\n\n<p>Plik cookie: <strong>__ga<\/strong><br\/><strong>Opis: <\/strong>S\u0142u\u017cy do rozr\u00f3\u017cniania u\u017cytkownik\u00f3w.<br\/><strong>Okres wa\u017cno\u015bci: <\/strong>2 lata.<br\/><strong>\u0179r\u00f3d\u0142o: <\/strong>Google (Analytics)<\/p>\n\n<p>Plik cookie: <strong>__gat<\/strong><br\/><strong>Opis: <\/strong>S\u0142u\u017cy do ograniczania procentowej liczby \u017c\u0105da\u0144.<br\/><strong>Czas trwania: <\/strong>10 minut.<br\/><strong>\u0179r\u00f3d\u0142o: <\/strong>Google (Analytics)<\/p>\n\n<p>Plik cookie: <strong>__gid<\/strong><br\/><strong>Opis: <\/strong>S\u0142u\u017cy do rozr\u00f3\u017cniania u\u017cytkownik\u00f3w.<br\/><strong>Okres wa\u017cno\u015bci:<\/strong> 1 dzie\u0144<br\/><strong>\u0179r\u00f3d\u0142o: <\/strong>Google (Analytics)<\/p>\n\n<p>Plik cookie: <strong>_fbp<\/strong><br\/><strong>Opis: <\/strong>S\u0142u\u017cy do rozr\u00f3\u017cniania u\u017cytkownik\u00f3w.<br\/><strong>Okres przechowywania: <\/strong>3 miesi\u0105ce.<br\/><strong>\u0179r\u00f3d\u0142o: <\/strong>Facebook.<\/p>\n\n<p>Plik cookie: <strong>moove_gdpr_popup<\/strong><br\/><strong>Opis: <\/strong>Sesja rejestracji odwiedzaj\u0105cego: s\u0142u\u017cy do rejestrowania sesji i wybor\u00f3w dotycz\u0105cych polityki plik\u00f3w cookie oraz zapami\u0119tywania ich podczas przysz\u0142ych wizyt.<br\/><strong>Czas trwania: <\/strong>1 rok<br\/><strong>\u0179r\u00f3d\u0142o:<\/strong> laisladetabarca.com<\/p>\n\n<p>Niniejsza Polityka plik\u00f3w cookie mo\u017ce ulec zmianie w zale\u017cno\u015bci od wymog\u00f3w prawnych, regulacyjnych lub w celu dostosowania tej polityki do wytycznych wydanych przez Hiszpa\u0144sk\u0105 Agencj\u0119 Ochrony Danych, dlatego zaleca si\u0119 u\u017cytkownikom regularne odwiedzanie tej strony.<br\/>W przypadku istotnych zmian w niniejszej Polityce plik\u00f3w cookie, u\u017cytkownicy zostan\u0105 o tym poinformowani za po\u015brednictwem strony internetowej lub poczt\u0105 elektroniczn\u0105 w przypadku zarejestrowanych u\u017cytkownik\u00f3w.<\/p>\n","protected":false},"excerpt":{"rendered":"<p>W serwisie internetowym laisladetabarca.com wykorzystujemy pliki cookie, aby u\u0142atwi\u0107 odwiedzaj\u0105cym korzystanie z naszych tre\u015bci oraz umo\u017cliwi\u0107 sporz\u0105dzanie statystyk dotycz\u0105cych odwiedzaj\u0105cych nasz\u0105 stron\u0119.Zgodnie z dyrektyw\u0105 2009\/136\/WE, wdro\u017con\u0105 w naszym systemie prawnym przez art. 22 ust. 2 ustawy o us\u0142ugach spo\u0142ecze\u0144stwa informacyjnego, zgodnie z wytycznymi Hiszpa\u0144skiej Agencji Ochrony Danych, informujemy szczeg\u00f3\u0142owo o sposobie wykorzystania danych na naszej&hellip;<\/p>\n","protected":false},"author":1,"featured_media":0,"parent":0,"menu_order":0,"comment_status":"closed","ping_status":"closed","template":"","meta":{"_joinchat":[],"footnotes":""},"class_list":["post-3912","page","type-page","status-publish","hentry","description-off"],"_links":{"self":[{"href":"https:\/\/laisladetabarca.com\/pl\/wp-json\/wp\/v2\/pages\/3912","targetHints":{"allow":["GET"]}}],"collection":[{"href":"https:\/\/laisladetabarca.com\/pl\/wp-json\/wp\/v2\/pages"}],"about":[{"href":"https:\/\/laisladetabarca.com\/pl\/wp-json\/wp\/v2\/types\/page"}],"author":[{"embeddable":true,"href":"https:\/\/laisladetabarca.com\/pl\/wp-json\/wp\/v2\/users\/1"}],"replies":[{"embeddable":true,"href":"https:\/\/laisladetabarca.com\/pl\/wp-json\/wp\/v2\/comments?post=3912"}],"version-history":[{"count":0,"href":"https:\/\/laisladetabarca.com\/pl\/wp-json\/wp\/v2\/pages\/3912\/revisions"}],"wp:attachment":[{"href":"https:\/\/laisladetabarca.com\/pl\/wp-json\/wp\/v2\/media?parent=3912"}],"curies":[{"name":"wp","href":"https:\/\/api.w.org\/{rel}","templated":true}]}}