{"id":3875,"date":"2022-07-15T07:45:53","date_gmt":"2022-07-15T06:45:53","guid":{"rendered":"https:\/\/laisladetabarca.com\/nota-prawna\/"},"modified":"2025-08-02T05:56:19","modified_gmt":"2025-08-02T05:56:19","slug":"nota-prawna","status":"publish","type":"page","link":"https:\/\/laisladetabarca.com\/pl\/nota-prawna\/","title":{"rendered":"Nota prawna"},"content":{"rendered":"\n<p>Zgodnie z artyku\u0142em 10 Ustawy 34\/2002 z dnia 11 lipca o us\u0142ugach spo\u0142ecze\u0144stwa informacyjnego i handlu elektronicznym (LSSICE) poni\u017cej podano dane identyfikacyjne sp\u00f3\u0142ki.<\/p>\n\n<div id=\"ez-toc-container\" class=\"ez-toc-v2_0_80 counter-hierarchy ez-toc-counter ez-toc-grey ez-toc-container-direction\">\n<div class=\"ez-toc-title-container\">\n<p class=\"ez-toc-title\" style=\"cursor:inherit\">Table of Contents<\/p>\n<span class=\"ez-toc-title-toggle\"><a href=\"#\" class=\"ez-toc-pull-right ez-toc-btn ez-toc-btn-xs ez-toc-btn-default ez-toc-toggle\" aria-label=\"Prze\u0142\u0105cznik Spisu Tre\u015bci\"><span class=\"ez-toc-js-icon-con\"><span class=\"\"><span class=\"eztoc-hide\" style=\"display:none;\">Toggle<\/span><span class=\"ez-toc-icon-toggle-span\"><svg style=\"fill: #999;color:#999\" xmlns=\"http:\/\/www.w3.org\/2000\/svg\" class=\"list-377408\" width=\"20px\" height=\"20px\" viewBox=\"0 0 24 24\" fill=\"none\"><path d=\"M6 6H4v2h2V6zm14 0H8v2h12V6zM4 11h2v2H4v-2zm16 0H8v2h12v-2zM4 16h2v2H4v-2zm16 0H8v2h12v-2z\" fill=\"currentColor\"><\/path><\/svg><svg style=\"fill: #999;color:#999\" class=\"arrow-unsorted-368013\" xmlns=\"http:\/\/www.w3.org\/2000\/svg\" width=\"10px\" height=\"10px\" viewBox=\"0 0 24 24\" version=\"1.2\" baseProfile=\"tiny\"><path d=\"M18.2 9.3l-6.2-6.3-6.2 6.3c-.2.2-.3.4-.3.7s.1.5.3.7c.2.2.4.3.7.3h11c.3 0 .5-.1.7-.3.2-.2.3-.5.3-.7s-.1-.5-.3-.7zM5.8 14.7l6.2 6.3 6.2-6.3c.2-.2.3-.5.3-.7s-.1-.5-.3-.7c-.2-.2-.4-.3-.7-.3h-11c-.3 0-.5.1-.7.3-.2.2-.3.5-.3.7s.1.5.3.7z\"\/><\/svg><\/span><\/span><\/span><\/a><\/span><\/div>\n<nav><ul class='ez-toc-list ez-toc-list-level-1 ' ><li class='ez-toc-page-1 ez-toc-heading-level-5'><a class=\"ez-toc-link ez-toc-heading-1\" href=\"https:\/\/laisladetabarca.com\/pl\/nota-prawna\/#1_DANE_IDENTYFIKACYJNE\" >1. DANE IDENTYFIKACYJNE<\/a><\/li><li class='ez-toc-page-1 ez-toc-heading-level-5'><a class=\"ez-toc-link ez-toc-heading-2\" href=\"https:\/\/laisladetabarca.com\/pl\/nota-prawna\/#2_UZYTKOWNICY\" >2. U\u017bYTKOWNICY<\/a><\/li><li class='ez-toc-page-1 ez-toc-heading-level-5'><a class=\"ez-toc-link ez-toc-heading-3\" href=\"https:\/\/laisladetabarca.com\/pl\/nota-prawna\/#3_KORZYSTANIE_Z_PORTALU\" >3. KORZYSTANIE Z PORTALU<\/a><\/li><li class='ez-toc-page-1 ez-toc-heading-level-5'><a class=\"ez-toc-link ez-toc-heading-4\" href=\"https:\/\/laisladetabarca.com\/pl\/nota-prawna\/#4_OCHRONA_DANYCH\" >4. OCHRONA DANYCH<\/a><\/li><li class='ez-toc-page-1 ez-toc-heading-level-5'><a class=\"ez-toc-link ez-toc-heading-5\" href=\"https:\/\/laisladetabarca.com\/pl\/nota-prawna\/#5_WLASNOSC_INTELEKTUALNA_I_PRZEMYSLOWA\" >5. W\u0141ASNO\u015a\u0106 INTELEKTUALNA I PRZEMYS\u0141OWA<\/a><\/li><li class='ez-toc-page-1 ez-toc-heading-level-5'><a class=\"ez-toc-link ez-toc-heading-6\" href=\"https:\/\/laisladetabarca.com\/pl\/nota-prawna\/#6_WYLACZENIE_GWARANCJI_I_ODPOWIEDZIALNOSCI\" >6. WY\u0141\u0104CZENIE GWARANCJI I ODPOWIEDZIALNO\u015aCI<\/a><\/li><li class='ez-toc-page-1 ez-toc-heading-level-5'><a class=\"ez-toc-link ez-toc-heading-7\" href=\"https:\/\/laisladetabarca.com\/pl\/nota-prawna\/#7_MODYFIKACJE\" >7. MODYFIKACJE<\/a><\/li><li class='ez-toc-page-1 ez-toc-heading-level-5'><a class=\"ez-toc-link ez-toc-heading-8\" href=\"https:\/\/laisladetabarca.com\/pl\/nota-prawna\/#8_LINKI\" >8. LINKI<\/a><\/li><li class='ez-toc-page-1 ez-toc-heading-level-5'><a class=\"ez-toc-link ez-toc-heading-9\" href=\"https:\/\/laisladetabarca.com\/pl\/nota-prawna\/#9_PRAWO_WYKLUCZENIA\" >9. PRAWO WYKLUCZENIA<\/a><\/li><li class='ez-toc-page-1 ez-toc-heading-level-5'><a class=\"ez-toc-link ez-toc-heading-10\" href=\"https:\/\/laisladetabarca.com\/pl\/nota-prawna\/#10_OGOLNOSCI\" >10. OG\u00d3LNO\u015aCI<\/a><\/li><li class='ez-toc-page-1 ez-toc-heading-level-5'><a class=\"ez-toc-link ez-toc-heading-11\" href=\"https:\/\/laisladetabarca.com\/pl\/nota-prawna\/#11_ZMIANA_NINIEJSZYCH_WARUNKOW_I_CZAS_OBOWIAZYWANIA\" >11. ZMIANA NINIEJSZYCH WARUNK\u00d3W I CZAS OBOWI\u0104ZYWANIA<\/a><\/li><li class='ez-toc-page-1 ez-toc-heading-level-5'><a class=\"ez-toc-link ez-toc-heading-12\" href=\"https:\/\/laisladetabarca.com\/pl\/nota-prawna\/#12_OBOWIAZUJACE_USTAWODAWSTWO_I_JURYSDYKCJA\" >12. OBOWI\u0104ZUJ\u0104CE USTAWODAWSTWO I JURYSDYKCJA<\/a><\/li><\/ul><\/nav><\/div>\n<h5 class=\"wp-block-heading\"><span class=\"ez-toc-section\" id=\"1_DANE_IDENTYFIKACYJNE\"><\/span>1. DANE IDENTYFIKACYJNE<span class=\"ez-toc-section-end\"><\/span><\/h5>\n\n<p>Zgodnie z obowi\u0105zkiem informacyjnym zawartym w artykule 10 Ustawy 34\/2002 z dnia 11 lipca o us\u0142ugach spo\u0142ecze\u0144stwa informacyjnego i handlu elektronicznym informuje si\u0119, \u017ce niniejsza strona internetowa, laisladetabarca.com, jest w\u0142asno\u015bci\u0105 Marketing e innovaci\u00f3n online, CC, S.L. (zwanej dalej stron\u0105 internetow\u0105 La Isa de Tabarca) o numerze <strong>CIF\/NIF<\/strong>: B42624429, z siedzib\u0105 <strong>pod adresem<\/strong> Avenida de l&#8217;Alc\u00fadia, 33, 03720 Benissa, Alicante.<\/p>\n\n<p>Adres e-mail kontaktowy:<br\/><a href=\"mailto:info@laisladetabarca.com\">info@laisladetabarca.com<\/a><\/p>\n\n<h5 class=\"wp-block-heading\"><span class=\"ez-toc-section\" id=\"2_UZYTKOWNICY\"><\/span>2. U\u017bYTKOWNICY<span class=\"ez-toc-section-end\"><\/span><\/h5>\n\n<p>Dost\u0119p do i\/lub korzystanie z niniejszej strony internetowej, witryny La Isa de Tabarca, a tak\u017ce jej tw\u00f3rca, przyznaj\u0105 Pa\u0144stwu status U\u017bYTKOWNIKA, kt\u00f3ry akceptuje, w momencie dost\u0119pu i\/lub korzystania, Og\u00f3lne Warunki Korzystania okre\u015blone w niniejszym dokumencie. Niniejsze Warunki maj\u0105 zastosowanie niezale\u017cnie od jakichkolwiek obowi\u0105zuj\u0105cych Og\u00f3lnych Warunk\u00f3w Umowy. <\/p>\n\n<h5 class=\"wp-block-heading\"><span class=\"ez-toc-section\" id=\"3_KORZYSTANIE_Z_PORTALU\"><\/span>3. KORZYSTANIE Z PORTALU<span class=\"ez-toc-section-end\"><\/span><\/h5>\n\n<p>Strona internetowa La Isa de Tabarca zapewnia dost\u0119p do szerokiej gamy informacji, us\u0142ug, program\u00f3w lub danych (zwanych dalej \u201etre\u015bci\u0105\u201d) w Internecie, nale\u017c\u0105cych do strony internetowej La Isa de Tabarca, tw\u00f3rcy strony internetowej lub jej licencjodawc\u00f3w, do kt\u00f3rych U\u017bYTKOWNIK mo\u017ce mie\u0107 dost\u0119p. U\u017bYTKOWNIK ponosi odpowiedzialno\u015b\u0107 za korzystanie z portalu. Odpowiedzialno\u015b\u0107 ta obejmuje r\u00f3wnie\u017c wszelkie rejestracje wymagane do uzyskania dost\u0119pu do okre\u015blonych us\u0142ug lub tre\u015bci. Podczas takiej rejestracji U\u017bYTKOWNIK jest zobowi\u0105zany do podania prawdziwych i zgodnych z prawem informacji. W wyniku tej rejestracji U\u017bYTKOWNIK mo\u017ce otrzyma\u0107 has\u0142o, za kt\u00f3re ponosi odpowiedzialno\u015b\u0107, i zobowi\u0105zuje si\u0119 do jego starannego i poufnego u\u017cywania. U\u017bYTKOWNIK zobowi\u0105zuje si\u0119 do w\u0142a\u015bciwego korzystania z tre\u015bci i us\u0142ug (takich jak czaty, fora dyskusyjne lub grupy dyskusyjne), kt\u00f3re strona internetowa La Isa de Tabarca oferuje za po\u015brednictwem swojego portalu, a mi\u0119dzy innymi, mi\u0119dzy innymi, do niewykorzystywania ich do (i) anga\u017cowania si\u0119 w dzia\u0142ania niezgodne z prawem, bezprawne lub sprzeczne z dobr\u0105 wiar\u0105 i porz\u0105dkiem publicznym; (ii) rozpowszechnia\u0107 tre\u015bci lub propagand\u0119 o charakterze rasistowskim, ksenofobicznym, pornograficznym lub niezgodnym z prawem, wspieraj\u0105c\u0105 terroryzm lub naruszaj\u0105c\u0105 prawa cz\u0142owieka; (iii) powodowa\u0107 uszkodzenia system\u00f3w fizycznych i logicznych witryny La Isa de Tabarca, jej dostawc\u00f3w lub os\u00f3b trzecich, wprowadza\u0107 lub rozprzestrzenia\u0107 wirusy komputerowe lub jakiekolwiek inne systemy fizyczne lub logiczne, kt\u00f3re mog\u0105 spowodowa\u0107 wy\u017cej wymienione szkody; (iv) podejmowa\u0107 pr\u00f3by uzyskania dost\u0119pu i, w stosownych przypadkach, korzystania z kont e-mail innych u\u017cytkownik\u00f3w oraz modyfikowania lub manipulowania ich wiadomo\u015bciami. Witryna La Isa de Tabarca zastrzega sobie prawo do usuwania wszelkich komentarzy i wpis\u00f3w, kt\u00f3re naruszaj\u0105 poszanowanie godno\u015bci ludzkiej, s\u0105 dyskryminuj\u0105ce, ksenofobiczne, rasistowskie, pornograficzne, zagra\u017caj\u0105 m\u0142odzie\u017cy lub dzieci\u0144stwu, porz\u0105dkowi publicznemu lub bezpiecze\u0144stwu lub, jej zdaniem, nie nadaj\u0105 si\u0119 do publikacji. W \u017cadnym wypadku witryna La Isa de Tabarca nie ponosi odpowiedzialno\u015bci za opinie wyra\u017cane przez u\u017cytkownik\u00f3w za po\u015brednictwem for\u00f3w, czat\u00f3w lub innych narz\u0119dzi uczestnictwa.          <\/p>\n\n<h5 class=\"wp-block-heading\"><span class=\"ez-toc-section\" id=\"4_OCHRONA_DANYCH\"><\/span>4. OCHRONA DANYCH<span class=\"ez-toc-section-end\"><\/span><\/h5>\n\n<p>Strona internetowa La Isa de Tabarca jest zgodna z wytycznymi Ustawy organicznej 15\/1999 z dnia 13 grudnia o ochronie danych osobowych, Dekretu kr\u00f3lewskiego 1720\/2007 z dnia 21 grudnia, kt\u00f3ry zatwierdza przepisy wykonawcze do Ustawy organicznej, oraz innymi obowi\u0105zuj\u0105cymi przepisami, i zapewnia prawid\u0142owe wykorzystanie i przetwarzanie danych osobowych u\u017cytkownika. W tym celu, wraz z ka\u017cdym formularzem do gromadzenia danych osobowych, w us\u0142ugach, o kt\u00f3re u\u017cytkownik mo\u017ce poprosi\u0107 na stronie internetowej La Isa de Tabarca, u\u017cytkownik zostanie poinformowany o istnieniu i akceptacji szczeg\u00f3\u0142owych warunk\u00f3w przetwarzania jego danych w ka\u017cdym przypadku, informuj\u0105c go o odpowiedzialno\u015bci za utworzony plik, adresie osoby odpowiedzialnej, mo\u017cliwo\u015bci skorzystania z prawa dost\u0119pu, sprostowania, odwo\u0142ania lub sprzeciwu, celu przetwarzania oraz przekazywaniu danych osobom trzecim, w stosownych przypadkach. Podobnie, strona internetowa La Isa de Tabarca informuje, \u017ce dzia\u0142a zgodnie z Ustaw\u0105 34\/2002 z dnia 11 lipca o us\u0142ugach spo\u0142ecze\u0144stwa informacyjnego i handlu elektronicznym oraz \u017ce w ka\u017cdym przypadku b\u0119dzie prosi\u0107 o zgod\u0119 na przetwarzanie Twojego adresu e-mail w celach komercyjnych.  <\/p>\n\n<h5 class=\"wp-block-heading\"><span class=\"ez-toc-section\" id=\"5_WLASNOSC_INTELEKTUALNA_I_PRZEMYSLOWA\"><\/span>5. W\u0141ASNO\u015a\u0106 INTELEKTUALNA I PRZEMYS\u0141OWA<span class=\"ez-toc-section-end\"><\/span><\/h5>\n\n<p>Strona internetowa La Isa de Tabarca, samodzielnie lub jako cesjonariusz, jest w\u0142a\u015bcicielem wszystkich praw w\u0142asno\u015bci intelektualnej i przemys\u0142owej do swojej strony internetowej, a tak\u017ce element\u00f3w w niej zawartych (w tym mi\u0119dzy innymi obraz\u00f3w, d\u017awi\u0119ku, plik\u00f3w audio, wideo, oprogramowania lub tekstu; znak\u00f3w towarowych lub logo, kombinacji kolor\u00f3w, struktury i projektu, wyboru u\u017cytych materia\u0142\u00f3w, program\u00f3w komputerowych niezb\u0119dnych do jej dzia\u0142ania, dost\u0119pu i u\u017cytkowania itp.), b\u0119d\u0105cych w\u0142asno\u015bci\u0105 strony internetowej La Isa de Tabarca lub jej licencjodawc\u00f3w. Wszelkie prawa zastrze\u017cone. Zgodnie z postanowieniami artyku\u0142\u00f3w 8 i 32.1, akapit drugi, Ustawy o w\u0142asno\u015bci intelektualnej, powielanie, rozpowszechnianie i komunikacja publiczna, w tym spos\u00f3b udost\u0119pniania, ca\u0142o\u015bci lub cz\u0119\u015bci zawarto\u015bci tej strony internetowej, w celach komercyjnych, na jakimkolwiek no\u015bniku i za pomoc\u0105 jakichkolwiek \u015brodk\u00f3w technicznych, bez zezwolenia strony internetowej La Isa de Tabarca, s\u0105 wyra\u017anie zabronione. U\u017bYTKOWNIK zobowi\u0105zuje si\u0119 do poszanowania praw w\u0142asno\u015bci intelektualnej i przemys\u0142owej przys\u0142uguj\u0105cych stronie internetowej La Isa de Tabarca. U\u017cytkownicy mog\u0105 przegl\u0105da\u0107 elementy portalu, a nawet drukowa\u0107, kopiowa\u0107 i przechowywa\u0107 je na dysku twardym swojego komputera lub innym no\u015bniku fizycznym, pod warunkiem, \u017ce jest to przeznaczone wy\u0142\u0105cznie do ich osobistego i prywatnego u\u017cytku. U\u017cytkownicy s\u0105 zobowi\u0105zani do powstrzymania si\u0119 od usuwania, modyfikowania, obchodzenia lub manipulowania jakimikolwiek urz\u0105dzeniami zabezpieczaj\u0105cymi lub systemami bezpiecze\u0144stwa zainstalowanymi na stronach witryny La Isa de Tabarca.     <\/p>\n\n<h5 class=\"wp-block-heading\"><span class=\"ez-toc-section\" id=\"6_WYLACZENIE_GWARANCJI_I_ODPOWIEDZIALNOSCI\"><\/span>6. WY\u0141\u0104CZENIE GWARANCJI I ODPOWIEDZIALNO\u015aCI<span class=\"ez-toc-section-end\"><\/span><\/h5>\n\n<p>Strona internetowa La Isa de Tabarca nie ponosi w \u017cadnych okoliczno\u015bciach odpowiedzialno\u015bci za szkody jakiegokolwiek rodzaju spowodowane, mi\u0119dzy innymi, b\u0142\u0119dami lub pomini\u0119ciami w tre\u015bci, brakiem dost\u0119pno\u015bci portalu lub transmisj\u0105 wirus\u00f3w lub z\u0142o\u015bliwych lub szkodliwych program\u00f3w w tre\u015bci, pomimo zastosowania wszelkich niezb\u0119dnych \u015brodk\u00f3w technologicznych w celu zapobie\u017cenia takim szkodom. <\/p>\n\n<h5 class=\"wp-block-heading\"><span class=\"ez-toc-section\" id=\"7_MODYFIKACJE\"><\/span>7. MODYFIKACJE<span class=\"ez-toc-section-end\"><\/span><\/h5>\n\n<p>Strona internetowa La Isa de Tabarca zastrzega sobie prawo do wprowadzania wszelkich zmian w swoim portalu, kt\u00f3re uzna za stosowne, bez uprzedniego powiadomienia. Strona mo\u017ce zmienia\u0107, usuwa\u0107 lub dodawa\u0107 tre\u015bci i us\u0142ugi \u015bwiadczone za po\u015brednictwem strony internetowej, a tak\u017ce spos\u00f3b ich prezentacji lub lokalizacji na stronie internetowej.<\/p>\n\n<h5 class=\"wp-block-heading\"><span class=\"ez-toc-section\" id=\"8_LINKI\"><\/span>8. LINKI<span class=\"ez-toc-section-end\"><\/span><\/h5>\n\n<p>Je\u015bli nazwa domeny zawiera linki lub hiper\u0142\u0105cza do innych stron internetowych, witryna La Isa de Tabarca nie b\u0119dzie sprawowa\u0107 \u017cadnej kontroli nad tymi stronami i ich tre\u015bci\u0105. Witryna La Isa de Tabarca w \u017cadnym wypadku nie ponosi odpowiedzialno\u015bci za tre\u015b\u0107 jakiegokolwiek linku nale\u017c\u0105cego do strony internetowej osoby trzeciej, ani nie gwarantuje technicznej dost\u0119pno\u015bci, jako\u015bci, niezawodno\u015bci, dok\u0142adno\u015bci, kompletno\u015bci, prawdziwo\u015bci, wa\u017cno\u015bci ani zgodno\u015bci z konstytucj\u0105 jakichkolwiek materia\u0142\u00f3w lub informacji zawartych w kt\u00f3rymkolwiek z tych hiper\u0142\u0105czy lub innych witryn internetowych. Podobnie, umieszczenie tych link\u00f3w zewn\u0119trznych nie oznacza \u017cadnego rodzaju powi\u0105zania, fuzji ani uczestnictwa w powi\u0105zanych podmiotach.  <\/p>\n\n<h5 class=\"wp-block-heading\"><span class=\"ez-toc-section\" id=\"9_PRAWO_WYKLUCZENIA\"><\/span>9. PRAWO WYKLUCZENIA<span class=\"ez-toc-section-end\"><\/span><\/h5>\n\n<p>Strona internetowa La Isa de Tabarca zastrzega sobie prawo do odmowy lub cofni\u0119cia dost\u0119pu do portalu i\/lub oferowanych us\u0142ug bez wcze\u015bniejszego powiadomienia, na w\u0142asn\u0105 pro\u015bb\u0119 lub na pro\u015bb\u0119 osoby trzeciej, tym u\u017cytkownikom, kt\u00f3rzy nie przestrzegaj\u0105 niniejszych Og\u00f3lnych warunk\u00f3w korzystania.<\/p>\n\n<h5 class=\"wp-block-heading\"><span class=\"ez-toc-section\" id=\"10_OGOLNOSCI\"><\/span>10. OG\u00d3LNO\u015aCI<span class=\"ez-toc-section-end\"><\/span><\/h5>\n\n<p>Strona internetowa La Isa de Tabarca b\u0119dzie \u015bciga\u0107 wszelkie naruszenia niniejszych warunk\u00f3w, a tak\u017ce wszelkie niew\u0142a\u015bciwe wykorzystanie swojego portalu, podejmuj\u0105c wszelkie mo\u017cliwe kroki cywilne i karne przewidziane prawem.<\/p>\n\n<h5 class=\"wp-block-heading\"><span class=\"ez-toc-section\" id=\"11_ZMIANA_NINIEJSZYCH_WARUNKOW_I_CZAS_OBOWIAZYWANIA\"><\/span>11. ZMIANA NINIEJSZYCH WARUNK\u00d3W I CZAS OBOWI\u0104ZYWANIA<span class=\"ez-toc-section-end\"><\/span><\/h5>\n\n<p>Strona internetowa La Isa de Tabarca mo\u017ce w dowolnym momencie modyfikowa\u0107 warunki okre\u015blone w niniejszym dokumencie, a zmiany te zostan\u0105 opublikowane w odpowiedniej formie. Wa\u017cno\u015b\u0107 niniejszych warunk\u00f3w zale\u017cy od ich publikacji i pozostaj\u0105 w mocy do czasu ich modyfikacji innymi, nale\u017cycie opublikowanymi warunkami. <\/p>\n\n<h5 class=\"wp-block-heading\"><span class=\"ez-toc-section\" id=\"12_OBOWIAZUJACE_USTAWODAWSTWO_I_JURYSDYKCJA\"><\/span>12. OBOWI\u0104ZUJ\u0104CE USTAWODAWSTWO I JURYSDYKCJA<span class=\"ez-toc-section-end\"><\/span><\/h5>\n\n<p>Relacje pomi\u0119dzy witryn\u0105 La Isa de Tabarca a U\u017bYTKOWNIKIEM podlegaj\u0105 obowi\u0105zuj\u0105cym przepisom prawa hiszpa\u0144skiego, a wszelkie spory b\u0119d\u0105 rozstrzygane przez s\u0105dy i trybuna\u0142y miasta Walencji.<\/p>\n","protected":false},"excerpt":{"rendered":"<p>Zgodnie z artyku\u0142em 10 Ustawy 34\/2002 z dnia 11 lipca o us\u0142ugach spo\u0142ecze\u0144stwa informacyjnego i handlu elektronicznym (LSSICE) poni\u017cej podano dane identyfikacyjne sp\u00f3\u0142ki. 1. DANE IDENTYFIKACYJNE Zgodnie z obowi\u0105zkiem informacyjnym zawartym w artykule 10 Ustawy 34\/2002 z dnia 11 lipca o us\u0142ugach spo\u0142ecze\u0144stwa informacyjnego i handlu elektronicznym informuje si\u0119, \u017ce niniejsza strona internetowa, laisladetabarca.com, jest&hellip;<\/p>\n","protected":false},"author":1,"featured_media":0,"parent":0,"menu_order":0,"comment_status":"closed","ping_status":"closed","template":"","meta":{"_joinchat":[],"footnotes":""},"class_list":["post-3875","page","type-page","status-publish","hentry","description-off"],"_links":{"self":[{"href":"https:\/\/laisladetabarca.com\/pl\/wp-json\/wp\/v2\/pages\/3875","targetHints":{"allow":["GET"]}}],"collection":[{"href":"https:\/\/laisladetabarca.com\/pl\/wp-json\/wp\/v2\/pages"}],"about":[{"href":"https:\/\/laisladetabarca.com\/pl\/wp-json\/wp\/v2\/types\/page"}],"author":[{"embeddable":true,"href":"https:\/\/laisladetabarca.com\/pl\/wp-json\/wp\/v2\/users\/1"}],"replies":[{"embeddable":true,"href":"https:\/\/laisladetabarca.com\/pl\/wp-json\/wp\/v2\/comments?post=3875"}],"version-history":[{"count":0,"href":"https:\/\/laisladetabarca.com\/pl\/wp-json\/wp\/v2\/pages\/3875\/revisions"}],"wp:attachment":[{"href":"https:\/\/laisladetabarca.com\/pl\/wp-json\/wp\/v2\/media?parent=3875"}],"curies":[{"name":"wp","href":"https:\/\/api.w.org\/{rel}","templated":true}]}}