{"id":3576,"date":"2023-10-20T10:29:47","date_gmt":"2023-10-20T09:29:47","guid":{"rendered":"https:\/\/laisladetabarca.com\/tabarca-w-1-dzien\/"},"modified":"2025-11-16T17:14:10","modified_gmt":"2025-11-16T17:14:10","slug":"tabarca-w-1-dzien","status":"publish","type":"page","link":"https:\/\/laisladetabarca.com\/pl\/tabarca-w-1-dzien\/","title":{"rendered":"Tabarca w 1 dzie\u0144"},"content":{"rendered":"<div class=\"wpb-content-wrapper\"><p>[vc_row][vc_column]<div id=\"ultimate-heading-797769f3c6550de4e\" class=\"uvc-heading ult-adjust-bottom-margin ultimate-heading-797769f3c6550de4e uvc-7669 \" data-hspacer=\"no_spacer\"  data-halign=\"left\" style=\"text-align:left\"><div class=\"uvc-heading-spacer no_spacer\" style=\"top\"><\/div><div class=\"uvc-sub-heading ult-responsive\"  data-ultimate-target='.uvc-heading.ultimate-heading-797769f3c6550de4e .uvc-sub-heading '  data-responsive-json-new='{\"font-size\":\"\",\"line-height\":\"\"}'  style=\"font-weight:normal;\"><\/p>\n<p style=\"text-align: justify;\">Czy marzy\u0142e\u015b kiedy\u015b o zwiedzeniu wyspy, kt\u00f3ra by\u0142a rajem dla pirat\u00f3w, domem dla emigrant\u00f3w i wi\u0119zieniem podczas hiszpa\u0144skiej wojny domowej? Tabarca to idealne miejsce! Po\u0142o\u017cona u wybrze\u017cy Lewantu, wyspa ta obiecuje nie tylko bogat\u0105 histori\u0119, ale tak\u017ce niezr\u00f3wnane doznania przyrodnicze. W tym artykule oprowadz\u0119 Ci\u0119 po jednodniowej przygodzie na Tabarze, aby\u015b m\u00f3g\u0142 jak najlepiej wykorzysta\u0107 czas sp\u0119dzony w tym raju.   <\/p>\n<p><\/div><\/div>[vc_empty_space height=&#8221;35px&#8221;][\/vc_column][\/vc_row][vc_row][vc_column]<div id=\"ultimate-heading-478269f3c6550debd\" class=\"uvc-heading ult-adjust-bottom-margin ultimate-heading-478269f3c6550debd uvc-6623 \" data-hspacer=\"no_spacer\"  data-halign=\"left\" style=\"text-align:left\"><div class=\"uvc-heading-spacer no_spacer\" style=\"top\"><\/div><div class=\"uvc-main-heading ult-responsive\"  data-ultimate-target='.uvc-heading.ultimate-heading-478269f3c6550debd h2'  data-responsive-json-new='{\"font-size\":\"\",\"line-height\":\"\"}' ><div id=\"ez-toc-container\" class=\"ez-toc-v2_0_80 counter-hierarchy ez-toc-counter ez-toc-grey ez-toc-container-direction\">\n<div class=\"ez-toc-title-container\">\n<p class=\"ez-toc-title\" style=\"cursor:inherit\">Table of Contents<\/p>\n<span class=\"ez-toc-title-toggle\"><a href=\"#\" class=\"ez-toc-pull-right ez-toc-btn ez-toc-btn-xs ez-toc-btn-default ez-toc-toggle\" aria-label=\"Prze\u0142\u0105cznik Spisu Tre\u015bci\"><span class=\"ez-toc-js-icon-con\"><span class=\"\"><span class=\"eztoc-hide\" style=\"display:none;\">Toggle<\/span><span class=\"ez-toc-icon-toggle-span\"><svg style=\"fill: #999;color:#999\" xmlns=\"http:\/\/www.w3.org\/2000\/svg\" class=\"list-377408\" width=\"20px\" height=\"20px\" viewBox=\"0 0 24 24\" fill=\"none\"><path d=\"M6 6H4v2h2V6zm14 0H8v2h12V6zM4 11h2v2H4v-2zm16 0H8v2h12v-2zM4 16h2v2H4v-2zm16 0H8v2h12v-2z\" fill=\"currentColor\"><\/path><\/svg><svg style=\"fill: #999;color:#999\" class=\"arrow-unsorted-368013\" xmlns=\"http:\/\/www.w3.org\/2000\/svg\" width=\"10px\" height=\"10px\" viewBox=\"0 0 24 24\" version=\"1.2\" baseProfile=\"tiny\"><path d=\"M18.2 9.3l-6.2-6.3-6.2 6.3c-.2.2-.3.4-.3.7s.1.5.3.7c.2.2.4.3.7.3h11c.3 0 .5-.1.7-.3.2-.2.3-.5.3-.7s-.1-.5-.3-.7zM5.8 14.7l6.2 6.3 6.2-6.3c.2-.2.3-.5.3-.7s-.1-.5-.3-.7c-.2-.2-.4-.3-.7-.3h-11c-.3 0-.5.1-.7.3-.2.2-.3.5-.3.7s.1.5.3.7z\"\/><\/svg><\/span><\/span><\/span><\/a><\/span><\/div>\n<nav><ul class='ez-toc-list ez-toc-list-level-1 ' ><li class='ez-toc-page-1 ez-toc-heading-level-2'><a class=\"ez-toc-link ez-toc-heading-1\" href=\"https:\/\/laisladetabarca.com\/pl\/tabarca-w-1-dzien\/#Jak_dotrzec_do_Tabarki\" >Jak dotrze\u0107 do Tabarki<\/a><\/li><li class='ez-toc-page-1 ez-toc-heading-level-2'><a class=\"ez-toc-link ez-toc-heading-2\" href=\"https:\/\/laisladetabarca.com\/pl\/tabarca-w-1-dzien\/#Przyjrzyjmy_sie_historii_Tabarki\" >Przyjrzyjmy si\u0119 historii Tabarki<\/a><ul class='ez-toc-list-level-3' ><li class='ez-toc-heading-level-3'><a class=\"ez-toc-link ez-toc-heading-3\" href=\"https:\/\/laisladetabarca.com\/pl\/tabarca-w-1-dzien\/#Rezerwat_morski_i_raj_naturalny\" >Rezerwat morski i raj naturalny<\/a><\/li><\/ul><\/li><li class='ez-toc-page-1 ez-toc-heading-level-2'><a class=\"ez-toc-link ez-toc-heading-4\" href=\"https:\/\/laisladetabarca.com\/pl\/tabarca-w-1-dzien\/#Atrakcje_w_Tabarce\" >Atrakcje w Tabarce:<\/a><ul class='ez-toc-list-level-3' ><li class='ez-toc-heading-level-3'><a class=\"ez-toc-link ez-toc-heading-5\" href=\"https:\/\/laisladetabarca.com\/pl\/tabarca-w-1-dzien\/#Relaks_na_plazy\" >Relaks na pla\u017cy<\/a><\/li><li class='ez-toc-page-1 ez-toc-heading-level-3'><a class=\"ez-toc-link ez-toc-heading-6\" href=\"https:\/\/laisladetabarca.com\/pl\/tabarca-w-1-dzien\/#Odkrywanie_dziedzictwa_historycznego\" >Odkrywanie dziedzictwa historycznego<\/a><\/li><li class='ez-toc-page-1 ez-toc-heading-level-3'><a class=\"ez-toc-link ez-toc-heading-7\" href=\"https:\/\/laisladetabarca.com\/pl\/tabarca-w-1-dzien\/#Snorkeling_i_nurkowanie\" >Snorkeling i nurkowanie<\/a><\/li><\/ul><\/li><li class='ez-toc-page-1 ez-toc-heading-level-2'><a class=\"ez-toc-link ez-toc-heading-8\" href=\"https:\/\/laisladetabarca.com\/pl\/tabarca-w-1-dzien\/#Gastronomia_Tabarki\" >Gastronomia Tabarki<\/a><\/li><\/ul><\/nav><\/div>\n<h2 style=\"font-weight:normal;\"><span class=\"ez-toc-section\" id=\"Jak_dotrzec_do_Tabarki\"><\/span>Jak dotrze\u0107 do Tabarki<span class=\"ez-toc-section-end\"><\/span><\/h2><\/div><div class=\"uvc-sub-heading ult-responsive\"  data-ultimate-target='.uvc-heading.ultimate-heading-478269f3c6550debd .uvc-sub-heading '  data-responsive-json-new='{\"font-size\":\"\",\"line-height\":\"\"}'  style=\"font-weight:normal;\"><\/p>\n<p style=\"text-align: justify;\">Aby dosta\u0107 si\u0119 do Tabarki, mo\u017cna skorzysta\u0107 ze s\u0142ynnych tabakier\u00f3w lub <a href=\"https:\/\/laisladetabarca.com\/pl\/jak-dotrzec-do-tabarki-z\/z-alicante-do-tabarca\/\">taks\u00f3wki wodnej z Alicante<\/a>, Santa Pola lub Benidormu. Podr\u00f3\u017c z Alicante trwa oko\u0142o godziny i kosztuje oko\u0142o dwudziestu euro w obie strony. \u017beglowanie po Morzu \u015ar\u00f3dziemnym to ju\u017c sam w sobie przyjemny wst\u0119p do tego, co oferuje Tabarka.  <\/p>\n<p><\/div><\/div>[vc_empty_space][vc_video link=&#8221;https:\/\/www.youtube.com\/watch?v=GefYnigwZSA&#8221;]<div id=\"ultimate-heading-115969f3c6550df46\" class=\"uvc-heading ult-adjust-bottom-margin ultimate-heading-115969f3c6550df46 uvc-6175 \" data-hspacer=\"no_spacer\"  data-halign=\"left\" style=\"text-align:left\"><div class=\"uvc-heading-spacer no_spacer\" style=\"top\"><\/div><div class=\"uvc-main-heading ult-responsive\"  data-ultimate-target='.uvc-heading.ultimate-heading-115969f3c6550df46 h2'  data-responsive-json-new='{\"font-size\":\"\",\"line-height\":\"\"}' ><h2 style=\"font-weight:normal;\"><span class=\"ez-toc-section\" id=\"Przyjrzyjmy_sie_historii_Tabarki\"><\/span>Przyjrzyjmy si\u0119 historii Tabarki <span class=\"ez-toc-section-end\"><\/span><\/h2><\/div><div class=\"uvc-sub-heading ult-responsive\"  data-ultimate-target='.uvc-heading.ultimate-heading-115969f3c6550df46 .uvc-sub-heading '  data-responsive-json-new='{\"font-size\":\"\",\"line-height\":\"\"}'  style=\"font-weight:normal;\"><\/p>\n<p style=\"text-align: justify;\">Tabarca ma fascynuj\u0105c\u0105 histori\u0119. Zosta\u0142a skolonizowana przez kr\u00f3la Karola III w XVIII wieku, kt\u00f3ry uratowa\u0142 genue\u0144skie rodziny rybackie i osiedli\u0142 je na terenie \u00f3wczesnej Nowej Tabarki. Dzi\u015b wyspa jest \u017cywym \u015bwiadectwem swojej przesz\u0142o\u015bci, z niespe\u0142na 60 sta\u0142ymi mieszka\u0144cami.  <\/p>\n<p><\/div><\/div>[vc_empty_space height=&#8221;35px&#8221;]<div id=\"ultimate-heading-782269f3c6550dfe8\" class=\"uvc-heading ult-adjust-bottom-margin ultimate-heading-782269f3c6550dfe8 uvc-2872 \" data-hspacer=\"no_spacer\"  data-halign=\"left\" style=\"text-align:left\"><div class=\"uvc-heading-spacer no_spacer\" style=\"top\"><\/div><div class=\"uvc-main-heading ult-responsive\"  data-ultimate-target='.uvc-heading.ultimate-heading-782269f3c6550dfe8 h3'  data-responsive-json-new='{\"font-size\":\"\",\"line-height\":\"\"}' ><h3 style=\"font-weight:normal;\"><span class=\"ez-toc-section\" id=\"Rezerwat_morski_i_raj_naturalny\"><\/span>Rezerwat morski i raj naturalny<span class=\"ez-toc-section-end\"><\/span><\/h3><\/div><div class=\"uvc-sub-heading ult-responsive\"  data-ultimate-target='.uvc-heading.ultimate-heading-782269f3c6550dfe8 .uvc-sub-heading '  data-responsive-json-new='{\"font-size\":\"\",\"line-height\":\"\"}'  style=\"font-weight:normal;\"><\/p>\n<p style=\"text-align: justify;\">Tabarca by\u0142a pierwszym rezerwatem morskim w Hiszpanii, uznanym za rezerwat morski o czystych wodach i bogatej bior\u00f3\u017cnorodno\u015bci morskiej. To idealne miejsce dla mi\u0142o\u015bnik\u00f3w przyrody i entuzjast\u00f3w fotografii podwodnej. <\/p>\n<p>Wyspa jest r\u00f3wnie\u017c specjalnym obszarem chronionym dla ptak\u00f3w, wyznaczonym przez Uni\u0119 Europejsk\u0105. Mo\u017cna tu obserwowa\u0107 i s\u0142ucha\u0107 ptak\u00f3w morskich w ich naturalnym \u015brodowisku, co jest prawdziw\u0105 gratk\u0105 dla ornitolog\u00f3w.<\/div><\/div>[vc_single_image image=&#8221;322&#8243; img_size=&#8221;full&#8221; alignment=&#8221;center&#8221;][\/vc_column][\/vc_row][vc_row][vc_column][vc_empty_space height=&#8221;50px&#8221;]<div id=\"ultimate-heading-836469f3c6550e064\" class=\"uvc-heading ult-adjust-bottom-margin ultimate-heading-836469f3c6550e064 uvc-7933 \" data-hspacer=\"no_spacer\"  data-halign=\"left\" style=\"text-align:left\"><div class=\"uvc-heading-spacer no_spacer\" style=\"top\"><\/div><div class=\"uvc-main-heading ult-responsive\"  data-ultimate-target='.uvc-heading.ultimate-heading-836469f3c6550e064 h2'  data-responsive-json-new='{\"font-size\":\"\",\"line-height\":\"\"}' ><h2 style=\"font-weight:normal;\"><span class=\"ez-toc-section\" id=\"Atrakcje_w_Tabarce\"><\/span>Atrakcje w Tabarce:<span class=\"ez-toc-section-end\"><\/span><\/h2><\/div><div class=\"uvc-sub-heading ult-responsive\"  data-ultimate-target='.uvc-heading.ultimate-heading-836469f3c6550e064 .uvc-sub-heading '  data-responsive-json-new='{\"font-size\":\"\",\"line-height\":\"\"}'  style=\"font-weight:normal;\"><\/p>\n<h3 style=\"text-align: justify;\"><span class=\"ez-toc-section\" id=\"Relaks_na_plazy\"><\/span><em>Relaks na pla\u017cy<\/em><span class=\"ez-toc-section-end\"><\/span><\/h3>\n<p>Je\u015bli szukasz miejsca na relaks, pla\u017ce Tabarki s\u0105 idealne. Mo\u017cesz opala\u0107 si\u0119 na g\u0142\u00f3wnej pla\u017cy lub odkrywa\u0107 ciche zatoczki otaczaj\u0105ce wysp\u0119. <\/p>\n<p>&nbsp;<\/p>\n<h3><span class=\"ez-toc-section\" id=\"Odkrywanie_dziedzictwa_historycznego\"><\/span><em>Odkrywanie dziedzictwa historycznego <\/em><span class=\"ez-toc-section-end\"><\/span><\/h3>\n<p>Nie przegap okazji, by przespacerowa\u0107 si\u0119 po mie\u015bcie i podziwia\u0107 mury obronne oraz zabytkowe budynki. Tabarca zosta\u0142a uznana za miejsce o znaczeniu historyczno-artystycznym w 1964 roku, a ka\u017cdy zak\u0105tek wyspy ma swoj\u0105 histori\u0119. <\/p>\n<p>&nbsp;<\/p>\n<h3><span class=\"ez-toc-section\" id=\"Snorkeling_i_nurkowanie\"><\/span><em>Snorkeling i nurkowanie <\/em><span class=\"ez-toc-section-end\"><\/span><\/h3>\n<p>Dla poszukiwaczy przyg\u00f3d <a href=\"https:\/\/laisladetabarca.com\/pl\/atrakcje-na-wyspie-tabarca\/nurkowanie\/\">snorkeling<\/a> i <a href=\"https:\/\/laisladetabarca.com\/pl\/atrakcje-na-wyspie-tabarca\/nurkowac\/\">nurkowanie<\/a> to obowi\u0105zkowe atrakcje w Tabarce. Najlepsze rejony to p\u00f3\u0142nocna \u015bciana, Cala del Franc\u00e9s i jaskinia Llop Mari.<\/div><\/div>[vc_empty_space height=&#8221;50px&#8221;]<div id=\"ultimate-heading-889269f3c6550e0cb\" class=\"uvc-heading ult-adjust-bottom-margin ultimate-heading-889269f3c6550e0cb uvc-5913 \" data-hspacer=\"no_spacer\"  data-halign=\"left\" style=\"text-align:left\"><div class=\"uvc-heading-spacer no_spacer\" style=\"top\"><\/div><div class=\"uvc-main-heading ult-responsive\"  data-ultimate-target='.uvc-heading.ultimate-heading-889269f3c6550e0cb h2'  data-responsive-json-new='{\"font-size\":\"\",\"line-height\":\"\"}' ><h2 style=\"font-weight:normal;\"><span class=\"ez-toc-section\" id=\"Gastronomia_Tabarki\"><\/span>Gastronomia Tabarki <span class=\"ez-toc-section-end\"><\/span><\/h2><\/div><div class=\"uvc-sub-heading ult-responsive\"  data-ultimate-target='.uvc-heading.ultimate-heading-889269f3c6550e0cb .uvc-sub-heading '  data-responsive-json-new='{\"font-size\":\"\",\"line-height\":\"\"}'  style=\"font-weight:normal;\">Nie mo\u017cesz opu\u015bci\u0107 Tabarki bez spr\u00f3bowania s\u0142ynnego caldero z Tabarki, tradycyjnego dania, kt\u00f3re rybacy przygotowywali na swoich \u0142odziach. A na deser pyszne lody nugatowe Xixona.<\/div><\/div>[vc_empty_space height=&#8221;30px&#8221;][vc_column_text]Tabarca to miejsce, kt\u00f3re \u0142\u0105czy w sobie histori\u0119, natur\u0119 i gastronomi\u0119. Niezale\u017cnie od tego, czy szukasz relaksu, przygody, czy wycieczki kulturalnej, Tabarca ma wszystko. Pami\u0119taj tylko, aby sprawdzi\u0107 rozk\u0142ad rejs\u00f3w, aby unikn\u0105\u0107 utkni\u0119cia w tym pi\u0119knym raju. Odkryj Tabarc\u0119 na jeden dzie\u0144 i zabierz do domu wspomnienia, kt\u00f3re pozostan\u0105 z Tob\u0105 na ca\u0142e \u017cycie![\/vc_column_text][\/vc_column][\/vc_row]<\/p>\n<\/div>","protected":false},"excerpt":{"rendered":"<p>[vc_row][vc_column][vc_empty_space height=&#8221;35px&#8221;][\/vc_column][\/vc_row][vc_row][vc_column][vc_empty_space][vc_video link=&#8221;https:\/\/www.youtube.com\/watch?v=GefYnigwZSA&#8221;][vc_empty_space height=&#8221;35px&#8221;][vc_single_image image=&#8221;322&#8243; img_size=&#8221;full&#8221; alignment=&#8221;center&#8221;][\/vc_column][\/vc_row][vc_row][vc_column][vc_empty_space height=&#8221;50px&#8221;][vc_empty_space height=&#8221;50px&#8221;][vc_empty_space height=&#8221;30px&#8221;][vc_column_text]Tabarca to miejsce, kt\u00f3re \u0142\u0105czy w sobie histori\u0119, natur\u0119 i gastronomi\u0119. Niezale\u017cnie od tego, czy szukasz relaksu, przygody, czy wycieczki kulturalnej, Tabarca ma wszystko. Pami\u0119taj tylko, aby sprawdzi\u0107 rozk\u0142ad rejs\u00f3w, aby unikn\u0105\u0107 utkni\u0119cia w tym pi\u0119knym raju. Odkryj Tabarc\u0119 na jeden dzie\u0144 i zabierz do domu&hellip;<\/p>\n","protected":false},"author":1,"featured_media":0,"parent":0,"menu_order":0,"comment_status":"closed","ping_status":"closed","template":"","meta":{"_joinchat":[],"footnotes":""},"class_list":["post-3576","page","type-page","status-publish","hentry","description-off"],"_links":{"self":[{"href":"https:\/\/laisladetabarca.com\/pl\/wp-json\/wp\/v2\/pages\/3576","targetHints":{"allow":["GET"]}}],"collection":[{"href":"https:\/\/laisladetabarca.com\/pl\/wp-json\/wp\/v2\/pages"}],"about":[{"href":"https:\/\/laisladetabarca.com\/pl\/wp-json\/wp\/v2\/types\/page"}],"author":[{"embeddable":true,"href":"https:\/\/laisladetabarca.com\/pl\/wp-json\/wp\/v2\/users\/1"}],"replies":[{"embeddable":true,"href":"https:\/\/laisladetabarca.com\/pl\/wp-json\/wp\/v2\/comments?post=3576"}],"version-history":[{"count":0,"href":"https:\/\/laisladetabarca.com\/pl\/wp-json\/wp\/v2\/pages\/3576\/revisions"}],"wp:attachment":[{"href":"https:\/\/laisladetabarca.com\/pl\/wp-json\/wp\/v2\/media?parent=3576"}],"curies":[{"name":"wp","href":"https:\/\/api.w.org\/{rel}","templated":true}]}}