{"id":3574,"date":"2024-02-26T13:21:57","date_gmt":"2024-02-26T12:21:57","guid":{"rendered":"https:\/\/laisladetabarca.com\/zestaw-prasowy-dla-wyspy-tabarca\/"},"modified":"2025-12-29T03:20:15","modified_gmt":"2025-12-29T03:20:15","slug":"zestaw-prasowy-dla-wyspy-tabarca","status":"publish","type":"page","link":"https:\/\/laisladetabarca.com\/pl\/zestaw-prasowy-dla-wyspy-tabarca\/","title":{"rendered":"Zestaw prasowy dla wyspy Tabarca"},"content":{"rendered":"<div class=\"wpb-content-wrapper\"><p>[vc_row][vc_column]<div id=\"ultimate-heading-605169de5a67b022f\" class=\"uvc-heading ult-adjust-bottom-margin ultimate-heading-605169de5a67b022f uvc-3588 \" data-hspacer=\"no_spacer\"  data-halign=\"center\" style=\"text-align:center\"><div class=\"uvc-heading-spacer no_spacer\" style=\"top\"><\/div><\/div>[vc_column_text]Strona internetowa \u00ablaisladetabarca.com\u00bb odnotowuje tysi\u0105ce odwiedzin przez ca\u0142y rok. W rzeczywisto\u015bci zajmujemy pierwsze miejsce na stronie wynik\u00f3w wyszukiwania dla has\u0142a \u00abLa Isla de Tabarca\u00bb oraz czo\u0142owe pozycje dla wydarze\u0144 organizowanych w Tabarca, kt\u00f3rych wolumen wyszukiwa\u0144 wynosi 15 tys. w niskim sezonie i do 32 tys. w szczycie sezonu.<\/p>\n<p>Dlatego chcemy, aby\u015b m\u00f3g\u0142 skorzysta\u0107 z naszych liczb i wykres\u00f3w, a Tobie i Twojej firmie zapewniamy miejsce w najwa\u017cniejszych sekcjach witryny. Chcesz pojawi\u0107 si\u0119 na jednym z naszych baner\u00f3w? Chcesz oferowa\u0107 us\u0142ugi turystyczne zwi\u0105zane z wysp\u0105 Tabarca? Je\u015bli chcesz przyci\u0105gn\u0105\u0107 odwiedzaj\u0105cych na swoj\u0105 stron\u0119 internetow\u0105, mo\u017cemy wykorzysta\u0107 bloga, aby zwi\u0119kszy\u0107 zasi\u0119g u\u017cytkownik\u00f3w za pomoc\u0105 link\u00f3w. Skontaktujemy si\u0119 z Tob\u0105?[\/vc_column_text][\/vc_column][\/vc_row][vc_row][vc_column][vc_empty_space height=&#8221;100px&#8221;][\/vc_column][\/vc_row][vc_row][vc_column width=&#8221;1\/4&#8243;][\/vc_column][vc_column width=&#8221;1\/2&#8243; css=&#8221;.vc_custom_1708950089708{background-color: #98135b !important;}&#8221;]<div id=\"ultimate-heading-676369de5a67b029f\" class=\"uvc-heading ult-adjust-bottom-margin ultimate-heading-676369de5a67b029f uvc-5167 \" data-hspacer=\"no_spacer\"  data-halign=\"center\" style=\"text-align:center\"><div class=\"uvc-heading-spacer no_spacer\" style=\"top\"><\/div><div class=\"uvc-main-heading ult-responsive\"  data-ultimate-target='.uvc-heading.ultimate-heading-676369de5a67b029f h3'  data-responsive-json-new='{\"font-size\":\"\",\"line-height\":\"\"}' ><h3 style=\"font-weight:normal;color:#ffffff;\">Formularz kontaktowy<\/h3><\/div><\/div>\n<div class=\"wpcf7 no-js\" id=\"wpcf7-f968-o1\" lang=\"es-ES\" dir=\"ltr\" data-wpcf7-id=\"968\">\n<div class=\"screen-reader-response\"><p role=\"status\" aria-live=\"polite\" aria-atomic=\"true\"><\/p> <ul><\/ul><\/div>\n<form action=\"\/pl\/wp-json\/wp\/v2\/pages\/3574#wpcf7-f968-o1\" method=\"post\" class=\"wpcf7-form init\" aria-label=\"Formulario de contacto\" novalidate=\"novalidate\" data-status=\"init\">\n<fieldset class=\"hidden-fields-container\"><input type=\"hidden\" name=\"_wpcf7\" value=\"968\" \/><input type=\"hidden\" name=\"_wpcf7_version\" value=\"6.1.5\" \/><input type=\"hidden\" name=\"_wpcf7_locale\" value=\"es_ES\" \/><input type=\"hidden\" name=\"_wpcf7_unit_tag\" value=\"wpcf7-f968-o1\" \/><input type=\"hidden\" name=\"_wpcf7_container_post\" value=\"0\" \/><input type=\"hidden\" name=\"_wpcf7_posted_data_hash\" value=\"\" \/>\n<\/fieldset>\n<font color=#ffffff>\n\t<p> Tu nombre<br \/>\n<span class=\"wpcf7-form-control-wrap\" data-name=\"your-name\"><input size=\"40\" maxlength=\"400\" class=\"wpcf7-form-control wpcf7-text wpcf7-validates-as-required\" aria-required=\"true\" aria-invalid=\"false\" value=\"\" type=\"text\" name=\"your-name\" \/><\/span>\n\t<\/p>\n\t<p> Tu correo electr\u00f3nico<br \/>\n<span class=\"wpcf7-form-control-wrap\" data-name=\"your-email\"><input size=\"40\" maxlength=\"400\" class=\"wpcf7-form-control wpcf7-email wpcf7-validates-as-required wpcf7-text wpcf7-validates-as-email\" aria-required=\"true\" aria-invalid=\"false\" value=\"\" type=\"email\" name=\"your-email\" \/><\/span>\n\t<\/p>\n\t<p> Nombre empresa<br \/>\n<span class=\"wpcf7-form-control-wrap\" data-name=\"your-company\"><input size=\"40\" maxlength=\"400\" class=\"wpcf7-form-control wpcf7-text wpcf7-validates-as-required\" aria-required=\"true\" aria-invalid=\"false\" value=\"\" type=\"text\" name=\"your-company\" \/><\/span>\n\t<\/p>\n\t<p><span class=\"wpcf7-form-control-wrap\" data-name=\"radio-258\"><span class=\"wpcf7-form-control wpcf7-radio\"><span class=\"wpcf7-list-item first\"><label><input type=\"radio\" name=\"radio-258\" value=\"Enlace\" checked=\"checked\" \/><span class=\"wpcf7-list-item-label\">Enlace<\/span><\/label><\/span><span class=\"wpcf7-list-item\"><label><input type=\"radio\" name=\"radio-258\" value=\"Banner\" \/><span class=\"wpcf7-list-item-label\">Banner<\/span><\/label><\/span><span class=\"wpcf7-list-item\"><label><input type=\"radio\" name=\"radio-258\" value=\"Vender actividades\" \/><span class=\"wpcf7-list-item-label\">Vender actividades<\/span><\/label><\/span><span class=\"wpcf7-list-item last\"><label><input type=\"radio\" name=\"radio-258\" value=\"Otros\" \/><span class=\"wpcf7-list-item-label\">Otros<\/span><\/label><\/span><\/span><\/span>\n\t<\/p>\n\t<p> Tu mensaje (opcional)<br \/>\n<span class=\"wpcf7-form-control-wrap\" data-name=\"your-message\"><textarea cols=\"40\" rows=\"10\" maxlength=\"2000\" class=\"wpcf7-form-control wpcf7-textarea\" aria-invalid=\"false\" name=\"your-message\"><\/textarea><\/span>\n\t<\/p>\n<\/font>\n<body style=\"background-color:#FFFFFF\";>\n\t<p><input class=\"wpcf7-form-control wpcf7-submit has-spinner\" type=\"submit\" value=\"Enviar\" \/>\n\t<\/p>\n<\/body><div class=\"wpcf7-response-output\" aria-hidden=\"true\"><\/div>\n<\/form>\n<\/div>\n[\/vc_column][vc_column width=&#8221;1\/4&#8243;][\/vc_column][\/vc_row][vc_row][vc_column][vc_empty_space height=&#8221;50px&#8221;][\/vc_column][\/vc_row]<\/p>\n<\/div>","protected":false},"excerpt":{"rendered":"<p>[vc_row][vc_column][vc_column_text]Strona internetowa \u00ablaisladetabarca.com\u00bb odnotowuje tysi\u0105ce odwiedzin przez ca\u0142y rok. W rzeczywisto\u015bci zajmujemy pierwsze miejsce na stronie wynik\u00f3w wyszukiwania dla has\u0142a \u00abLa Isla de Tabarca\u00bb oraz czo\u0142owe pozycje dla wydarze\u0144 organizowanych w Tabarca, kt\u00f3rych wolumen wyszukiwa\u0144 wynosi 15 tys. w niskim sezonie i do 32 tys. w szczycie sezonu. Dlatego chcemy, aby\u015b m\u00f3g\u0142 skorzysta\u0107 z naszych&hellip;<\/p>\n","protected":false},"author":1,"featured_media":0,"parent":0,"menu_order":0,"comment_status":"closed","ping_status":"closed","template":"","meta":{"_joinchat":[],"footnotes":""},"class_list":["post-3574","page","type-page","status-publish","hentry","description-off"],"_links":{"self":[{"href":"https:\/\/laisladetabarca.com\/pl\/wp-json\/wp\/v2\/pages\/3574","targetHints":{"allow":["GET"]}}],"collection":[{"href":"https:\/\/laisladetabarca.com\/pl\/wp-json\/wp\/v2\/pages"}],"about":[{"href":"https:\/\/laisladetabarca.com\/pl\/wp-json\/wp\/v2\/types\/page"}],"author":[{"embeddable":true,"href":"https:\/\/laisladetabarca.com\/pl\/wp-json\/wp\/v2\/users\/1"}],"replies":[{"embeddable":true,"href":"https:\/\/laisladetabarca.com\/pl\/wp-json\/wp\/v2\/comments?post=3574"}],"version-history":[{"count":0,"href":"https:\/\/laisladetabarca.com\/pl\/wp-json\/wp\/v2\/pages\/3574\/revisions"}],"wp:attachment":[{"href":"https:\/\/laisladetabarca.com\/pl\/wp-json\/wp\/v2\/media?parent=3574"}],"curies":[{"name":"wp","href":"https:\/\/api.w.org\/{rel}","templated":true}]}}