{"id":3571,"date":"2023-01-10T13:08:15","date_gmt":"2023-01-10T12:08:15","guid":{"rendered":"https:\/\/laisladetabarca.com\/czesto-zadawane-pytania\/"},"modified":"2025-10-30T20:48:23","modified_gmt":"2025-10-30T20:48:23","slug":"czesto-zadawane-pytania","status":"publish","type":"page","link":"https:\/\/laisladetabarca.com\/pl\/czesto-zadawane-pytania\/","title":{"rendered":"Cz\u0119sto zadawane pytania"},"content":{"rendered":"<div class=\"wpb-content-wrapper\"><p>[vc_row][vc_column][vc_empty_space height=&#8221;60px&#8221;]<div id=\"ultimate-heading-184269de5aba17f90\" class=\"uvc-heading ult-adjust-bottom-margin ultimate-heading-184269de5aba17f90 uvc-7019 \" data-hspacer=\"no_spacer\"  data-halign=\"center\" style=\"text-align:center\"><div class=\"uvc-heading-spacer no_spacer\" style=\"top\"><\/div><div class=\"uvc-main-heading ult-responsive\"  data-ultimate-target='.uvc-heading.ultimate-heading-184269de5aba17f90 h1'  data-responsive-json-new='{\"font-size\":\"\",\"line-height\":\"\"}' ><h1 style=\"font-weight:normal;\">Najcz\u0119\u015bciej zadawane pytania o Tabarca<\/h1><\/div><\/div>[vc_empty_space height=&#8221;60px&#8221;][vc_toggle title=&#8221;Gdzie znajduje si\u0119 wyspa Tabarca?&#8221; css=&#8221;&#8221;]Wyspa Tabarca po\u0142o\u017cona jest na Morzu \u015ar\u00f3dziemnym, u wybrze\u017cy Alicante, oko\u0142o 8 km od przyl\u0105dka Santa Pola i oko\u0142o 22 km od miasta Alicante.[\/vc_toggle][vc_toggle title=&#8221;Jak dosta\u0107 si\u0119 do Tabarki z p\u00f3\u0142wyspu?&#8221; css=&#8221;&#8221;]Mo\u017cna si\u0119 tam dosta\u0107 \u0142odzi\u0105 z kilku pobliskich port\u00f3w, g\u0142\u00f3wnie z Alicante, Santa Pola, Guardamar del Segura, Torrevieja i Benidorm. Najkr\u00f3tsza trasa rozpoczyna si\u0119 w Santa Pola.[\/vc_toggle][vc_toggle title=&#8221;Jak d\u0142ugo trwa podr\u00f3\u017c \u0142odzi\u0105 do Tabarca?&#8221; css=&#8221;&#8221;]Czas rejsu r\u00f3\u017cni si\u0119 w zale\u017cno\u015bci od portu wyp\u0142yni\u0119cia. Z Santa Pola rejs trwa oko\u0142o 25 minut, natomiast z Alicante lub Torrevieja mo\u017ce trwa\u0107 od 45 do 75 minut.[\/vc_toggle][vc_toggle title=&#8221;Czy konieczna jest wcze\u015bniejsza rezerwacja bilet\u00f3w na statek?&#8221; css=&#8221;&#8221;]Nie jest to zawsze obowi\u0105zkowe, ale w szczycie sezonu (lato, weekendy i \u015bwi\u0119ta) zaleca si\u0119 wcze\u015bniejsz\u0105 rezerwacj\u0119, aby zapewni\u0107 sobie miejsce.[\/vc_toggle][vc_toggle title=&#8221;Jakie s\u0105 rozk\u0142ady rejs\u00f3w do Tabarki?&#8221; css=&#8221;&#8221;]Rozk\u0142ad jazdy zale\u017cy od portu i pory roku. Zazwyczaj statki wyp\u0142ywaj\u0105 rano i wracaj\u0105 po po\u0142udniu, a latem cz\u0119stotliwo\u015b\u0107 kurs\u00f3w jest wi\u0119ksza.[\/vc_toggle][vc_toggle title=&#8221;Ile kosztuje bilet na statek do Tabarca?&#8221; css=&#8221;&#8221;]Cena biletu w obie strony wynosi zazwyczaj od 10 do 25 euro za osob\u0119, w zale\u017cno\u015bci od portu wyp\u0142yni\u0119cia i przewo\u017anika.[\/vc_toggle][vc_toggle title=&#8221;Czy mo\u017cna sp\u0119dzi\u0107 noc na wyspie Tabarca?&#8221; css=&#8221;&#8221;]Tak, cho\u0107 oferta jest ograniczona. Na wyspie znajduj\u0105 si\u0119 ma\u0142e hotele, hostele i apartamenty, a tak\u017ce kilka restauracji oferuj\u0105cych noclegi.[\/vc_toggle][vc_toggle title=&#8221;Jakie atrakcje turystyczne mo\u017cna uprawia\u0107 w Tabarce?&#8221; css=&#8221;&#8221;]W Tabarca mo\u017cesz oddawa\u0107 si\u0119 takim aktywno\u015bciom jak nurkowanie, p\u0142ywanie z rurk\u0105, rejsy statkiem, piesze w\u0119dr\u00f3wki, zwiedzanie otoczonego murami zabytkowego centrum lub po prostu cieszy\u0107 si\u0119 tutejszymi zatoczkami i pla\u017cami.[\/vc_toggle][vc_toggle title=&#8221;Gdzie mo\u017cna zje\u015b\u0107 na wyspie Tabarca?&#8221; css=&#8221;&#8221;]Na pla\u017cy znajduje si\u0119 wiele restauracji i bar\u00f3w oferuj\u0105cych typow\u0105 kuchni\u0119 \u015br\u00f3dziemnomorsk\u0105. Wiele z nich specjalizuje si\u0119 w daniach z ry\u017cu bulionowego z owocami morza i \u015bwie\u017cymi rybami.[\/vc_toggle][vc_toggle title=&#8221;Jaka jest specjalno\u015b\u0107 kulinarna Tabarki?&#8221; css=&#8221;&#8221;]Najbardziej popularnym daniem jest <strong data-start=\"2279\" data-end=\"2301\">caldero tabarquino<\/strong>, kremowe danie ry\u017cowe przygotowywane z lokalnych ryb. Popularne s\u0105 r\u00f3wnie\u017c paelle, dania z ry\u017cem i owocami morza oraz \u015bwie\u017ce ryby.[\/vc_toggle][vc_toggle title=&#8221;Czy Tabark\u0119 mo\u017cna odwiedza\u0107 przez ca\u0142y rok?&#8221; css=&#8221;&#8221;]Tak, wysp\u0119 mo\u017cna zwiedza\u0107 o ka\u017cdej porze roku, cho\u0107 wi\u0119kszo\u015b\u0107 us\u0142ug turystycznych dzia\u0142a g\u0142\u00f3wnie wiosn\u0105 i latem. Zim\u0105 oferta jest bardziej ograniczona.[\/vc_toggle][vc_toggle title=&#8221;Co warto zabra\u0107 na jednodniow\u0105 wycieczk\u0119 do Tabarki?&#8221; css=&#8221;&#8221;]Zaleca si\u0119 zabranie stroju k\u0105pielowego, r\u0119cznika, rurki do nurkowania, kremu z filtrem, wygodnych but\u00f3w do chodzenia i wody. Je\u015bli odwiedzasz to miejsce poza sezonem, zabierz ze sob\u0105 p\u0142aszcz.[\/vc_toggle][vc_toggle title=&#8221;Tak, zwierz\u0119ta domowe s\u0105 dozwolone na statkach p\u0142yn\u0105cych do Tabarca i na wysp\u0119, ale nie s\u0105 dozwolone na niekt\u00f3rych pla\u017cach w sezonie k\u0105pielowym.&#8221; css=&#8221;&#8221;]Tak, zwierz\u0119ta domowe s\u0105 dozwolone na statkach p\u0142yn\u0105cych do Tabarca i na wysp\u0119, ale nie s\u0105 dozwolone na niekt\u00f3rych pla\u017cach w sezonie k\u0105pielowym.[\/vc_toggle][vc_toggle title=&#8221;Z czego s\u0142ynie wyspa Tabarca?&#8221; css=&#8221;&#8221;]Tabarca s\u0142ynie z tego, \u017ce jest jedyn\u0105 zamieszkan\u0105 wysp\u0105 w Walencji, ze wzgl\u0119du na chroniony rezerwat morski, krystalicznie czyste wody idealne do nurkowania oraz historyczny urok widoczny z mur\u00f3w i tradycyjnych dom\u00f3w.[\/vc_toggle][\/vc_column][\/vc_row]<\/p>\n<\/div>","protected":false},"excerpt":{"rendered":"<p>[vc_row][vc_column][vc_empty_space height=&#8221;60px&#8221;][vc_empty_space height=&#8221;60px&#8221;][vc_toggle title=&#8221;Gdzie znajduje si\u0119 wyspa Tabarca?&#8221; css=&#8221;&#8221;]Wyspa Tabarca po\u0142o\u017cona jest na Morzu \u015ar\u00f3dziemnym, u wybrze\u017cy Alicante, oko\u0142o 8 km od przyl\u0105dka Santa Pola i oko\u0142o 22 km od miasta Alicante.[\/vc_toggle][vc_toggle title=&#8221;Jak dosta\u0107 si\u0119 do Tabarki z p\u00f3\u0142wyspu?&#8221; css=&#8221;&#8221;]Mo\u017cna si\u0119 tam dosta\u0107 \u0142odzi\u0105 z kilku pobliskich port\u00f3w, g\u0142\u00f3wnie z Alicante, Santa Pola, Guardamar del&hellip;<\/p>\n","protected":false},"author":1,"featured_media":0,"parent":0,"menu_order":0,"comment_status":"closed","ping_status":"closed","template":"","meta":{"_joinchat":[],"footnotes":""},"class_list":["post-3571","page","type-page","status-publish","hentry","description-off"],"_links":{"self":[{"href":"https:\/\/laisladetabarca.com\/pl\/wp-json\/wp\/v2\/pages\/3571","targetHints":{"allow":["GET"]}}],"collection":[{"href":"https:\/\/laisladetabarca.com\/pl\/wp-json\/wp\/v2\/pages"}],"about":[{"href":"https:\/\/laisladetabarca.com\/pl\/wp-json\/wp\/v2\/types\/page"}],"author":[{"embeddable":true,"href":"https:\/\/laisladetabarca.com\/pl\/wp-json\/wp\/v2\/users\/1"}],"replies":[{"embeddable":true,"href":"https:\/\/laisladetabarca.com\/pl\/wp-json\/wp\/v2\/comments?post=3571"}],"version-history":[{"count":0,"href":"https:\/\/laisladetabarca.com\/pl\/wp-json\/wp\/v2\/pages\/3571\/revisions"}],"wp:attachment":[{"href":"https:\/\/laisladetabarca.com\/pl\/wp-json\/wp\/v2\/media?parent=3571"}],"curies":[{"name":"wp","href":"https:\/\/api.w.org\/{rel}","templated":true}]}}