{"id":3568,"date":"2022-08-31T13:22:43","date_gmt":"2022-08-31T12:22:43","guid":{"rendered":"https:\/\/laisladetabarca.com\/hotele-w-tabarce\/"},"modified":"2025-10-09T22:38:33","modified_gmt":"2025-10-09T22:38:33","slug":"hotele-w-tabarce","status":"publish","type":"page","link":"https:\/\/laisladetabarca.com\/pl\/hotele-w-tabarce\/","title":{"rendered":"Hotele w Tabarce"},"content":{"rendered":"<div class=\"wpb-content-wrapper\"><p>[vc_row][vc_column]<div id=\"ultimate-heading-262069de596ba5adb\" class=\"uvc-heading ult-adjust-bottom-margin ultimate-heading-262069de596ba5adb uvc-2746 \" data-hspacer=\"no_spacer\"  data-halign=\"left\" style=\"text-align:left\"><div class=\"uvc-heading-spacer no_spacer\" style=\"top\"><\/div><div class=\"uvc-sub-heading ult-responsive\"  data-ultimate-target='.uvc-heading.ultimate-heading-262069de596ba5adb .uvc-sub-heading '  data-responsive-json-new='{\"font-size\":\"\",\"line-height\":\"\"}'  style=\"font-weight:normal;\"><\/p>\n<p style=\"text-align: justify;\"><span style=\"font-weight: 400;\">Je\u015bli dotar\u0142e\u015b do tej cz\u0119\u015bci strony, to prawdopodobnie dlatego, \u017ce ju\u017c zdecydowa\u0142e\u015b si\u0119 przyjecha\u0107 do Tabarki i szczerze m\u00f3wi\u0105c, musz\u0119 Ci pogratulowa\u0107; to najlepsza rzecz, jak\u0105 mog\u0142e\u015b zrobi\u0107. Przyjazd do Tabarki oznacza poznanie wyspiarskiego stylu \u017cycia, otoczonego Morzem \u015ar\u00f3dziemnym i z wy\u015bmienit\u0105 kuchni\u0105. <\/span><\/p>\n<p style=\"text-align: justify;\"><span style=\"font-weight: 400;\">Je\u015bli szukasz noclegu, poni\u017cej udost\u0119pniam wyszukiwark\u0119, kt\u00f3ra pomo\u017ce Ci go znale\u017a\u0107. Poniewa\u017c jeste\u015bmy ma\u0142\u0105 wysp\u0105, nie mamy zbyt wielu miejsc noclegowych, ale te, kt\u00f3re mamy, s\u0105 bardzo przyjemne. <\/span><\/p>\n<p><\/div><\/div>[vc_empty_space height=&#8221;50px&#8221;][vc_raw_html]PGRpdiBkYXRhLXNreXNjYW5uZXItd2lkZ2V0PSJIb3RlbFNlYXJjaFdpZGdldCIgZGF0YS1sb2NhbGU9ImVzLUVTIiBkYXRhLW1hcmtldD0iLmVzIiBkYXRhLWN1cnJlbmN5PSJFVSIgZGF0YS1jYW1wYWlnbi1pZD0iMTM0MTYiIGRhdGEtbWVkaWEtcGFydG5lci1pZD0iMzU5NjUwMCIgZGF0YS1hZC1pZD0iMTEwMzI2MSIgZGF0YS1idXR0b24tY29sb3VyPSIjOTgxMzViIiBkYXRhLWRlc3RpbmF0aW9uLW5hbWU9IlRhYmFyY2EiIGRhdGEtcmVzcG9uc2l2ZT0idHJ1ZSIgZGF0YS1mb250LWNvbG91cj0iIzk4MTM1YiIgZGF0YS1wb3dlcmVkLWJ5LWxvZ28tY29sb3VyPSJkYXJrIiBkYXRhLWlmcmFtZT0idHJ1ZSI+PC9kaXY+CjxzY3JpcHQgc3JjPSJodHRwczovL3dpZGdldHMuc2t5c2Nhbm5lci5uZXQvd2lkZ2V0LXNlcnZlci9qcy9sb2FkZXIuanMiIGFzeW5jPSIiPjwvc2NyaXB0Pg==[\/vc_raw_html][vc_empty_space height=&#8221;50px&#8221;][\/vc_column][\/vc_row][vc_row][vc_column]<div id=\"ultimate-heading-642469de596ba5b58\" class=\"uvc-heading ult-adjust-bottom-margin ultimate-heading-642469de596ba5b58 uvc-8836 \" data-hspacer=\"no_spacer\"  data-halign=\"left\" style=\"text-align:left\"><div class=\"uvc-heading-spacer no_spacer\" style=\"top\"><\/div><div class=\"uvc-main-heading ult-responsive\"  data-ultimate-target='.uvc-heading.ultimate-heading-642469de596ba5b58 h2'  data-responsive-json-new='{\"font-size\":\"\",\"line-height\":\"\"}' ><div id=\"ez-toc-container\" class=\"ez-toc-v2_0_80 counter-hierarchy ez-toc-counter ez-toc-grey ez-toc-container-direction\">\n<div class=\"ez-toc-title-container\">\n<p class=\"ez-toc-title\" style=\"cursor:inherit\">Table of Contents<\/p>\n<span class=\"ez-toc-title-toggle\"><a href=\"#\" class=\"ez-toc-pull-right ez-toc-btn ez-toc-btn-xs ez-toc-btn-default ez-toc-toggle\" aria-label=\"Prze\u0142\u0105cznik Spisu Tre\u015bci\"><span class=\"ez-toc-js-icon-con\"><span class=\"\"><span class=\"eztoc-hide\" style=\"display:none;\">Toggle<\/span><span class=\"ez-toc-icon-toggle-span\"><svg style=\"fill: #999;color:#999\" xmlns=\"http:\/\/www.w3.org\/2000\/svg\" class=\"list-377408\" width=\"20px\" height=\"20px\" viewBox=\"0 0 24 24\" fill=\"none\"><path d=\"M6 6H4v2h2V6zm14 0H8v2h12V6zM4 11h2v2H4v-2zm16 0H8v2h12v-2zM4 16h2v2H4v-2zm16 0H8v2h12v-2z\" fill=\"currentColor\"><\/path><\/svg><svg style=\"fill: #999;color:#999\" class=\"arrow-unsorted-368013\" xmlns=\"http:\/\/www.w3.org\/2000\/svg\" width=\"10px\" height=\"10px\" viewBox=\"0 0 24 24\" version=\"1.2\" baseProfile=\"tiny\"><path d=\"M18.2 9.3l-6.2-6.3-6.2 6.3c-.2.2-.3.4-.3.7s.1.5.3.7c.2.2.4.3.7.3h11c.3 0 .5-.1.7-.3.2-.2.3-.5.3-.7s-.1-.5-.3-.7zM5.8 14.7l6.2 6.3 6.2-6.3c.2-.2.3-.5.3-.7s-.1-.5-.3-.7c-.2-.2-.4-.3-.7-.3h-11c-.3 0-.5.1-.7.3-.2.2-.3.5-.3.7s.1.5.3.7z\"\/><\/svg><\/span><\/span><\/span><\/a><\/span><\/div>\n<nav><ul class='ez-toc-list ez-toc-list-level-1 ' ><li class='ez-toc-page-1 ez-toc-heading-level-2'><a class=\"ez-toc-link ez-toc-heading-1\" href=\"https:\/\/laisladetabarca.com\/pl\/hotele-w-tabarce\/#Tanie_hotele_w_Tabarce\" >Tanie hotele w Tabarce<\/a><\/li><li class='ez-toc-page-1 ez-toc-heading-level-2'><a class=\"ez-toc-link ez-toc-heading-2\" href=\"https:\/\/laisladetabarca.com\/pl\/hotele-w-tabarce\/#Hotele_przyjazne_zwierzetom_w_Tabarce\" >Hotele przyjazne zwierz\u0119tom w Tabarce<\/a><\/li><\/ul><\/nav><\/div>\n<h2 style=\"font-weight:normal;\"><span class=\"ez-toc-section\" id=\"Tanie_hotele_w_Tabarce\"><\/span>Tanie hotele w Tabarce<span class=\"ez-toc-section-end\"><\/span><\/h2><\/div><div class=\"uvc-sub-heading ult-responsive\"  data-ultimate-target='.uvc-heading.ultimate-heading-642469de596ba5b58 .uvc-sub-heading '  data-responsive-json-new='{\"font-size\":\"\",\"line-height\":\"\"}'  style=\"font-weight:normal;\"><\/p>\n<p style=\"text-align: justify;\"><span style=\"font-weight: 400;\">Jak wspomnia\u0142em w poprzednim akapicie, Tabarca jest tak ma\u0142\u0105 wysp\u0105, \u017ce nie mamy tu du\u017cych hoteli ani o\u015brodk\u00f3w wypoczynkowych. Na samej wyspie jest niewiele opcji. Dlatego je\u015bli szukasz tanich hoteli w Tabarca, najlepszym rozwi\u0105zaniem jest pobyt w Santa Pola, gdzie jest szeroki wyb\u00f3r hoteli i miejsc noclegowych, a co za tym idzie, ni\u017csze ceny. Ponownie korzystam z wyszukiwarki hoteli, aby\u015b m\u00f3g\u0142 sam znale\u017a\u0107 nocleg, kt\u00f3rego szukasz.   <\/span><\/p>\n<p><\/div><\/div>[vc_raw_html]PGRpdiBkYXRhLXNreXNjYW5uZXItd2lkZ2V0PSJIb3RlbFNlYXJjaFdpZGdldCIgZGF0YS1sb2NhbGU9ImVzLUVTIiBkYXRhLW1hcmtldD0iLmVzIiBkYXRhLWN1cnJlbmN5PSJFVSIgZGF0YS1jYW1wYWlnbi1pZD0iMTM0MTYiIGRhdGEtbWVkaWEtcGFydG5lci1pZD0iMzU5NjUwMCIgZGF0YS1hZC1pZD0iMTEwMzI2MSIgZGF0YS1idXR0b24tY29sb3VyPSIjOTgxMzViIiBkYXRhLWRlc3RpbmF0aW9uLW5hbWU9IlRhYmFyY2EiIGRhdGEtcmVzcG9uc2l2ZT0idHJ1ZSIgZGF0YS1mb250LWNvbG91cj0iIzk4MTM1YiIgZGF0YS1wb3dlcmVkLWJ5LWxvZ28tY29sb3VyPSJkYXJrIiBkYXRhLWlmcmFtZT0idHJ1ZSI+PC9kaXY+CjxzY3JpcHQgc3JjPSJodHRwczovL3dpZGdldHMuc2t5c2Nhbm5lci5uZXQvd2lkZ2V0LXNlcnZlci9qcy9sb2FkZXIuanMiIGFzeW5jPSIiPjwvc2NyaXB0Pg==[\/vc_raw_html][vc_empty_space height=&#8221;50px&#8221;]<div id=\"ultimate-heading-368769de596ba5bf3\" class=\"uvc-heading ult-adjust-bottom-margin ultimate-heading-368769de596ba5bf3 uvc-1823 \" data-hspacer=\"no_spacer\"  data-halign=\"left\" style=\"text-align:left\"><div class=\"uvc-heading-spacer no_spacer\" style=\"top\"><\/div><div class=\"uvc-main-heading ult-responsive\"  data-ultimate-target='.uvc-heading.ultimate-heading-368769de596ba5bf3 h2'  data-responsive-json-new='{\"font-size\":\"\",\"line-height\":\"\"}' ><h2 style=\"font-weight:normal;\"><span class=\"ez-toc-section\" id=\"Hotele_przyjazne_zwierzetom_w_Tabarce\"><\/span>Hotele przyjazne zwierz\u0119tom w Tabarce<span class=\"ez-toc-section-end\"><\/span><\/h2><\/div><div class=\"uvc-sub-heading ult-responsive\"  data-ultimate-target='.uvc-heading.ultimate-heading-368769de596ba5bf3 .uvc-sub-heading '  data-responsive-json-new='{\"font-size\":\"\",\"line-height\":\"\"}'  style=\"font-weight:normal;\"><\/p>\n<p style=\"text-align: justify;\"><span style=\"font-weight: 400;\">Coraz wi\u0119cej obiekt\u00f3w noclegowych, zar\u00f3wno hosteli, jak i domk\u00f3w wiejskich, akceptuje zwierz\u0119ta. Jednak niezale\u017cnie od rodzaju zakwaterowania, kt\u00f3re rozwa\u017casz, wa\u017cne jest, aby sprawdzi\u0107, kt\u00f3re z nich akceptuj\u0105 zwierz\u0119ta. <\/span><\/p>\n<p><\/div><\/div>[vc_raw_html]PGRpdiBkYXRhLXNreXNjYW5uZXItd2lkZ2V0PSJIb3RlbFNlYXJjaFdpZGdldCIgZGF0YS1sb2NhbGU9ImVzLUVTIiBkYXRhLW1hcmtldD0iLmVzIiBkYXRhLWN1cnJlbmN5PSJFVSIgZGF0YS1jYW1wYWlnbi1pZD0iMTM0MTYiIGRhdGEtbWVkaWEtcGFydG5lci1pZD0iMzU5NjUwMCIgZGF0YS1hZC1pZD0iMTEwMzI2MSIgZGF0YS1idXR0b24tY29sb3VyPSIjOTgxMzViIiBkYXRhLWRlc3RpbmF0aW9uLW5hbWU9IlRhYmFyY2EiIGRhdGEtcmVzcG9uc2l2ZT0idHJ1ZSIgZGF0YS1mb250LWNvbG91cj0iIzk4MTM1YiIgZGF0YS1wb3dlcmVkLWJ5LWxvZ28tY29sb3VyPSJkYXJrIiBkYXRhLWlmcmFtZT0idHJ1ZSI+PC9kaXY+CjxzY3JpcHQgc3JjPSJodHRwczovL3dpZGdldHMuc2t5c2Nhbm5lci5uZXQvd2lkZ2V0LXNlcnZlci9qcy9sb2FkZXIuanMiIGFzeW5jPSIiPjwvc2NyaXB0Pg==[\/vc_raw_html][vc_empty_space height=&#8221;50px&#8221;][\/vc_column][\/vc_row]<\/p>\n<\/div>","protected":false},"excerpt":{"rendered":"<p>[vc_row][vc_column][vc_empty_space height=&#8221;50px&#8221;][vc_raw_html]PGRpdiBkYXRhLXNreXNjYW5uZXItd2lkZ2V0PSJIb3RlbFNlYXJjaFdpZGdldCIgZGF0YS1sb2NhbGU9ImVzLUVTIiBkYXRhLW1hcmtldD0iLmVzIiBkYXRhLWN1cnJlbmN5PSJFVSIgZGF0YS1jYW1wYWlnbi1pZD0iMTM0MTYiIGRhdGEtbWVkaWEtcGFydG5lci1pZD0iMzU5NjUwMCIgZGF0YS1hZC1pZD0iMTEwMzI2MSIgZGF0YS1idXR0b24tY29sb3VyPSIjOTgxMzViIiBkYXRhLWRlc3RpbmF0aW9uLW5hbWU9IlRhYmFyY2EiIGRhdGEtcmVzcG9uc2l2ZT0idHJ1ZSIgZGF0YS1mb250LWNvbG91cj0iIzk4MTM1YiIgZGF0YS1wb3dlcmVkLWJ5LWxvZ28tY29sb3VyPSJkYXJrIiBkYXRhLWlmcmFtZT0idHJ1ZSI+PC9kaXY+CjxzY3JpcHQgc3JjPSJodHRwczovL3dpZGdldHMuc2t5c2Nhbm5lci5uZXQvd2lkZ2V0LXNlcnZlci9qcy9sb2FkZXIuanMiIGFzeW5jPSIiPjwvc2NyaXB0Pg==[\/vc_raw_html][vc_empty_space height=&#8221;50px&#8221;][\/vc_column][\/vc_row][vc_row][vc_column][vc_raw_html]PGRpdiBkYXRhLXNreXNjYW5uZXItd2lkZ2V0PSJIb3RlbFNlYXJjaFdpZGdldCIgZGF0YS1sb2NhbGU9ImVzLUVTIiBkYXRhLW1hcmtldD0iLmVzIiBkYXRhLWN1cnJlbmN5PSJFVSIgZGF0YS1jYW1wYWlnbi1pZD0iMTM0MTYiIGRhdGEtbWVkaWEtcGFydG5lci1pZD0iMzU5NjUwMCIgZGF0YS1hZC1pZD0iMTEwMzI2MSIgZGF0YS1idXR0b24tY29sb3VyPSIjOTgxMzViIiBkYXRhLWRlc3RpbmF0aW9uLW5hbWU9IlRhYmFyY2EiIGRhdGEtcmVzcG9uc2l2ZT0idHJ1ZSIgZGF0YS1mb250LWNvbG91cj0iIzk4MTM1YiIgZGF0YS1wb3dlcmVkLWJ5LWxvZ28tY29sb3VyPSJkYXJrIiBkYXRhLWlmcmFtZT0idHJ1ZSI+PC9kaXY+CjxzY3JpcHQgc3JjPSJodHRwczovL3dpZGdldHMuc2t5c2Nhbm5lci5uZXQvd2lkZ2V0LXNlcnZlci9qcy9sb2FkZXIuanMiIGFzeW5jPSIiPjwvc2NyaXB0Pg==[\/vc_raw_html][vc_empty_space height=&#8221;50px&#8221;][vc_raw_html]PGRpdiBkYXRhLXNreXNjYW5uZXItd2lkZ2V0PSJIb3RlbFNlYXJjaFdpZGdldCIgZGF0YS1sb2NhbGU9ImVzLUVTIiBkYXRhLW1hcmtldD0iLmVzIiBkYXRhLWN1cnJlbmN5PSJFVSIgZGF0YS1jYW1wYWlnbi1pZD0iMTM0MTYiIGRhdGEtbWVkaWEtcGFydG5lci1pZD0iMzU5NjUwMCIgZGF0YS1hZC1pZD0iMTEwMzI2MSIgZGF0YS1idXR0b24tY29sb3VyPSIjOTgxMzViIiBkYXRhLWRlc3RpbmF0aW9uLW5hbWU9IlRhYmFyY2EiIGRhdGEtcmVzcG9uc2l2ZT0idHJ1ZSIgZGF0YS1mb250LWNvbG91cj0iIzk4MTM1YiIgZGF0YS1wb3dlcmVkLWJ5LWxvZ28tY29sb3VyPSJkYXJrIiBkYXRhLWlmcmFtZT0idHJ1ZSI+PC9kaXY+CjxzY3JpcHQgc3JjPSJodHRwczovL3dpZGdldHMuc2t5c2Nhbm5lci5uZXQvd2lkZ2V0LXNlcnZlci9qcy9sb2FkZXIuanMiIGFzeW5jPSIiPjwvc2NyaXB0Pg==[\/vc_raw_html][vc_empty_space height=&#8221;50px&#8221;][\/vc_column][\/vc_row]<\/p>\n","protected":false},"author":1,"featured_media":0,"parent":0,"menu_order":0,"comment_status":"closed","ping_status":"closed","template":"","meta":{"_joinchat":[],"footnotes":""},"class_list":["post-3568","page","type-page","status-publish","hentry","description-off"],"_links":{"self":[{"href":"https:\/\/laisladetabarca.com\/pl\/wp-json\/wp\/v2\/pages\/3568","targetHints":{"allow":["GET"]}}],"collection":[{"href":"https:\/\/laisladetabarca.com\/pl\/wp-json\/wp\/v2\/pages"}],"about":[{"href":"https:\/\/laisladetabarca.com\/pl\/wp-json\/wp\/v2\/types\/page"}],"author":[{"embeddable":true,"href":"https:\/\/laisladetabarca.com\/pl\/wp-json\/wp\/v2\/users\/1"}],"replies":[{"embeddable":true,"href":"https:\/\/laisladetabarca.com\/pl\/wp-json\/wp\/v2\/comments?post=3568"}],"version-history":[{"count":0,"href":"https:\/\/laisladetabarca.com\/pl\/wp-json\/wp\/v2\/pages\/3568\/revisions"}],"wp:attachment":[{"href":"https:\/\/laisladetabarca.com\/pl\/wp-json\/wp\/v2\/media?parent=3568"}],"curies":[{"name":"wp","href":"https:\/\/api.w.org\/{rel}","templated":true}]}}