{"id":3560,"date":"2023-02-08T16:27:11","date_gmt":"2023-02-08T15:27:11","guid":{"rendered":"https:\/\/laisladetabarca.com\/z-dziecmi\/"},"modified":"2026-01-30T17:37:23","modified_gmt":"2026-01-30T16:37:23","slug":"z-dziecmi","status":"publish","type":"page","link":"https:\/\/laisladetabarca.com\/pl\/z-dziecmi\/","title":{"rendered":"Z dzie\u0107mi"},"content":{"rendered":"<div class=\"wpb-content-wrapper\"><p>[vc_row][vc_column]<div id=\"ultimate-heading-955969de5a6a9ad58\" class=\"uvc-heading ult-adjust-bottom-margin ultimate-heading-955969de5a6a9ad58 uvc-5028 \" data-hspacer=\"no_spacer\"  data-halign=\"left\" style=\"text-align:left\"><div class=\"uvc-heading-spacer no_spacer\" style=\"top\"><\/div><div class=\"uvc-sub-heading ult-responsive\"  data-ultimate-target='.uvc-heading.ultimate-heading-955969de5a6a9ad58 .uvc-sub-heading '  data-responsive-json-new='{\"font-size\":\"\",\"line-height\":\"\"}'  style=\"font-weight:normal;\"><\/p>\n<p style=\"text-align: justify;\">Wyspa Tabarca to naturalny raj po\u0142o\u017cony na Morzu \u015ar\u00f3dziemnym, oferuj\u0105cy nieograniczone mo\u017cliwo\u015bci cieszenia si\u0119 s\u0142o\u0144cem, morzem i natur\u0105. Ale czy wiesz, \u017ce to r\u00f3wnie\u017c idealne miejsce dla dzieci? Ten niewielki skrawek l\u0105du to idealne miejsce dla rodzin z dzie\u0107mi, kt\u00f3re znajd\u0105 tu szeroki wachlarz atrakcji i zaj\u0119\u0107, kt\u00f3re pozwol\u0105 im si\u0119 bawi\u0107 i uczy\u0107 jednocze\u015bnie.  <\/p>\n<p>&nbsp;<\/p>\n<p style=\"text-align: justify;\">Desde visitar el acuario y ver los peces hasta recorrer el faro y admirar las vistas, los ni\u00f1os tendr\u00e1n una experiencia inolvidable en la Isla de Tabarca. En este post, te contamos todo lo que los ni\u00f1os pueden hacer en esta maravillosa isla. <\/p>\n<p><\/div><\/div>[vc_empty_space height=&#8221;50px&#8221;][\/vc_column][\/vc_row][vc_row][vc_column]<div id=\"ultimate-heading-209869de5a6a9adb9\" class=\"uvc-heading ult-adjust-bottom-margin ultimate-heading-209869de5a6a9adb9 uvc-2933 \" data-hspacer=\"no_spacer\"  data-halign=\"left\" style=\"text-align:left\"><div class=\"uvc-heading-spacer no_spacer\" style=\"top\"><\/div><div class=\"uvc-main-heading ult-responsive\"  data-ultimate-target='.uvc-heading.ultimate-heading-209869de5a6a9adb9 h2'  data-responsive-json-new='{\"font-size\":\"\",\"line-height\":\"\"}' ><div id=\"ez-toc-container\" class=\"ez-toc-v2_0_80 counter-hierarchy ez-toc-counter ez-toc-grey ez-toc-container-direction\">\n<div class=\"ez-toc-title-container\">\n<p class=\"ez-toc-title\" style=\"cursor:inherit\">Table of Contents<\/p>\n<span class=\"ez-toc-title-toggle\"><a href=\"#\" class=\"ez-toc-pull-right ez-toc-btn ez-toc-btn-xs ez-toc-btn-default ez-toc-toggle\" aria-label=\"Prze\u0142\u0105cznik Spisu Tre\u015bci\"><span class=\"ez-toc-js-icon-con\"><span class=\"\"><span class=\"eztoc-hide\" style=\"display:none;\">Toggle<\/span><span class=\"ez-toc-icon-toggle-span\"><svg style=\"fill: #999;color:#999\" xmlns=\"http:\/\/www.w3.org\/2000\/svg\" class=\"list-377408\" width=\"20px\" height=\"20px\" viewBox=\"0 0 24 24\" fill=\"none\"><path d=\"M6 6H4v2h2V6zm14 0H8v2h12V6zM4 11h2v2H4v-2zm16 0H8v2h12v-2zM4 16h2v2H4v-2zm16 0H8v2h12v-2z\" fill=\"currentColor\"><\/path><\/svg><svg style=\"fill: #999;color:#999\" class=\"arrow-unsorted-368013\" xmlns=\"http:\/\/www.w3.org\/2000\/svg\" width=\"10px\" height=\"10px\" viewBox=\"0 0 24 24\" version=\"1.2\" baseProfile=\"tiny\"><path d=\"M18.2 9.3l-6.2-6.3-6.2 6.3c-.2.2-.3.4-.3.7s.1.5.3.7c.2.2.4.3.7.3h11c.3 0 .5-.1.7-.3.2-.2.3-.5.3-.7s-.1-.5-.3-.7zM5.8 14.7l6.2 6.3 6.2-6.3c.2-.2.3-.5.3-.7s-.1-.5-.3-.7c-.2-.2-.4-.3-.7-.3h-11c-.3 0-.5.1-.7.3-.2.2-.3.5-.3.7s.1.5.3.7z\"\/><\/svg><\/span><\/span><\/span><\/a><\/span><\/div>\n<nav><ul class='ez-toc-list ez-toc-list-level-1 ' ><li class='ez-toc-page-1 ez-toc-heading-level-2'><a class=\"ez-toc-link ez-toc-heading-1\" href=\"https:\/\/laisladetabarca.com\/pl\/z-dziecmi\/#Jakie_zajecia_rekreacyjne_sa_dostepne_dla_dzieci_w_Tabarca\" >Jakie zaj\u0119cia rekreacyjne s\u0105 dost\u0119pne dla dzieci w Tabarca?<\/a><\/li><li class='ez-toc-page-1 ez-toc-heading-level-2'><a class=\"ez-toc-link ez-toc-heading-2\" href=\"https:\/\/laisladetabarca.com\/pl\/z-dziecmi\/#Szukasz_ciekawej_i_ekscytujacej_aktywnosci_dla_dzieci_na_wyspie_Tabarca\" >Szukasz ciekawej i ekscytuj\u0105cej aktywno\u015bci dla dzieci na wyspie Tabarca?<\/a><\/li><li class='ez-toc-page-1 ez-toc-heading-level-2'><a class=\"ez-toc-link ez-toc-heading-3\" href=\"https:\/\/laisladetabarca.com\/pl\/z-dziecmi\/#Czy_na_wyspie_Tabarca_sa_bezpieczne_zajecia_wodne_dla_dzieci\" >Czy na wyspie Tabarca s\u0105 bezpieczne zaj\u0119cia wodne dla dzieci?<\/a><ul class='ez-toc-list-level-3' ><li class='ez-toc-heading-level-3'><a class=\"ez-toc-link ez-toc-heading-4\" href=\"https:\/\/laisladetabarca.com\/pl\/z-dziecmi\/#Czy_mozna_odwiedzac_wyspe_przez_caly_rok\" >Czy mo\u017cna odwiedza\u0107 wysp\u0119 przez ca\u0142y rok?<\/a><\/li><\/ul><\/li><\/ul><\/nav><\/div>\n<h2 style=\"font-weight:normal;\"><span class=\"ez-toc-section\" id=\"Jakie_zajecia_rekreacyjne_sa_dostepne_dla_dzieci_w_Tabarca\"><\/span>Jakie zaj\u0119cia rekreacyjne s\u0105 dost\u0119pne dla dzieci w Tabarca?<span class=\"ez-toc-section-end\"><\/span><\/h2><\/div><div class=\"uvc-sub-heading ult-responsive\"  data-ultimate-target='.uvc-heading.ultimate-heading-209869de5a6a9adb9 .uvc-sub-heading '  data-responsive-json-new='{\"font-size\":\"\",\"line-height\":\"\"}'  style=\"font-weight:normal;\"><\/p>\n<div class=\"flex-1 overflow-hidden\">\n<div class=\"react-scroll-to-bottom--css-fsolu-79elbk h-full dark:bg-gray-800\">\n<div class=\"react-scroll-to-bottom--css-fsolu-1n7m0yu\">\n<div class=\"flex flex-col items-center text-sm h-full dark:bg-gray-800\">\n<div class=\"w-full border-b border-black\/10 dark:border-gray-900\/50 text-gray-800 dark:text-gray-100 group bg-gray-50 dark:bg-[#444654]\">\n<div class=\"text-base gap-4 md:gap-6 m-auto md:max-w-2xl lg:max-w-2xl xl:max-w-3xl p-4 md:py-6 flex lg:px-0\">\n<div class=\"relative flex w-[calc(100%-50px)] flex-col gap-1 md:gap-3 lg:w-[calc(100%-115px)]\">\n<div class=\"flex flex-grow flex-col gap-3\">\n<div class=\"min-h-[20px] flex flex-col items-start gap-4 whitespace-pre-wrap\">\n<div class=\"markdown prose w-full break-words dark:prose-invert light\">\n<p>Wyspa Tabarca to idealne miejsce dla dzieci, oferuj\u0105ce szerok\u0105 gam\u0119 zaj\u0119\u0107 rekreacyjnych, kt\u00f3re zapewni\u0105 im rozrywk\u0119 i pozwol\u0105 cieszy\u0107 si\u0119 naturalnym pi\u0119knem wyspy. Oto kilka najpopularniejszych atrakcji dla dzieci na wyspie Tabarca: <\/p>\n<ol>\n<li>Snorkeling i nurkowanie: Dzieci mog\u0105 zanurzy\u0107 si\u0119 w krystalicznie czystym morzu Tabarca i odkrywa\u0107 pi\u0119kny podwodny \u015bwiat. Dost\u0119pna jest szeroka gama wycieczek z nurkowaniem i snorkelingiem, w tym mo\u017cliwo\u015b\u0107 zobaczenia tropikalnych ryb i innych organizm\u00f3w morskich. <\/li>\n<li>Wizyty w akwarium: Dzieci mog\u0105 odwiedzi\u0107 akwarium Tabarca i zobaczy\u0107 z bliska ryby i inne zwierz\u0119ta morskie \u017cyj\u0105ce w Morzu \u015ar\u00f3dziemnym.<\/li>\n<li>Zwiedzanie latarni morskiej: Latarnia morska Tabarca to jedna z najpopularniejszych atrakcji wyspy. Dzieci mog\u0105 wspi\u0105\u0107 si\u0119 na jej szczyt i podziwia\u0107 wspania\u0142e, panoramiczne widoki na morze i wysp\u0119. <\/li>\n<li>Rejsy statkiem: Dzieci mog\u0105 wskoczy\u0107 na pok\u0142ad statku i zwiedzi\u0107 wybrze\u017ce Tabarki. Dost\u0119pna jest szeroka gama wycieczek, od ca\u0142odniowych rejs\u00f3w po popo\u0142udniowe wycieczki. <\/li>\n<li>Gry pla\u017cowe: Dzieci mog\u0105 uprawia\u0107 sporty wodne, takie jak surfing i windsurfing, lub po prostu bawi\u0107 si\u0119 na pla\u017cy i cieszy\u0107 si\u0119 s\u0142o\u0144cem.<\/li>\n<\/ol>\n<p>Kr\u00f3tko m\u00f3wi\u0105c, wyspa Tabarca to idealne miejsce dla dzieci, oferuj\u0105ce szerok\u0105 gam\u0119 zaj\u0119\u0107 rekreacyjnych, kt\u00f3re zapewni\u0105 im rozrywk\u0119 i pozwol\u0105 cieszy\u0107 si\u0119 naturalnym pi\u0119knem wyspy. Niezale\u017cnie od tego, czy interesuj\u0105 si\u0119 nurkowaniem, rejsami \u0142odzi\u0105, sportami wodnymi, czy po prostu zabaw\u0105 na pla\u017cy, dzieci prze\u017cyj\u0105 niezapomniane chwile na wyspie Tabarca. <\/p>\n<\/div>\n<\/div>\n<\/div>\n<div class=\"flex justify-between\">\n<div class=\"text-gray-400 flex self-end lg:self-center justify-center mt-2 gap-3 md:gap-4 lg:gap-1 lg:absolute lg:top-0 lg:translate-x-full lg:right-0 lg:mt-0 lg:pl-2 visible\"><\/div>\n<\/div>\n<\/div>\n<\/div>\n<\/div>\n<div class=\"w-full h-32 md:h-48 flex-shrink-0\"><\/div>\n<\/div>\n<\/div>\n<\/div>\n<\/div>\n<div class=\"absolute bottom-0 left-0 w-full border-t md:border-t-0 dark:border-white\/20 md:border-transparent md:dark:border-transparent md:bg-vert-light-gradient bg-white dark:bg-gray-800 md:!bg-transparent dark:md:bg-vert-dark-gradient\">\n<form class=\"stretch mx-2 flex flex-row gap-3 pt-2 last:mb-2 md:last:mb-6 lg:mx-auto lg:max-w-3xl lg:pt-6\">\n<div class=\"relative flex h-full flex-1 md:flex-col\">\n<div class=\"flex ml-1 mt-1.5 md:w-full md:m-auto md:mb-2 gap-0 md:gap-2 justify-center\"><\/div>\n<\/div>\n<\/form>\n<\/div>\n<p><\/div><\/div>[vc_single_image image=&#8221;3561&#8243; img_size=&#8221;full&#8221;]<div id=\"ultimate-heading-264569de5a6a9ae26\" class=\"uvc-heading ult-adjust-bottom-margin ultimate-heading-264569de5a6a9ae26 uvc-5958 \" data-hspacer=\"no_spacer\"  data-halign=\"left\" style=\"text-align:left\"><div class=\"uvc-heading-spacer no_spacer\" style=\"top\"><\/div><div class=\"uvc-main-heading ult-responsive\"  data-ultimate-target='.uvc-heading.ultimate-heading-264569de5a6a9ae26 h2'  data-responsive-json-new='{\"font-size\":\"\",\"line-height\":\"\"}' ><h2 style=\"font-weight:normal;\"><span class=\"ez-toc-section\" id=\"Szukasz_ciekawej_i_ekscytujacej_aktywnosci_dla_dzieci_na_wyspie_Tabarca\"><\/span>Szukasz ciekawej i ekscytuj\u0105cej aktywno\u015bci dla dzieci na wyspie Tabarca?<span class=\"ez-toc-section-end\"><\/span><\/h2><\/div><div class=\"uvc-sub-heading ult-responsive\"  data-ultimate-target='.uvc-heading.ultimate-heading-264569de5a6a9ae26 .uvc-sub-heading '  data-responsive-json-new='{\"font-size\":\"\",\"line-height\":\"\"}'  style=\"font-weight:normal;\">Rejs katamaranem to idealny spos\u00f3b na zwiedzanie wybrze\u017ca Tabarca i cieszenie si\u0119 s\u0142o\u0144cem, morzem i natur\u0105. Dzieci mog\u0105 sp\u0119dzi\u0107 dzie\u0144 na wodzie, p\u0142ywaj\u0105c i nurkuj\u0105c w krystalicznie czystym morzu, a tak\u017ce obserwowa\u0107 \u017cycie morskie z bliska. Rejsy katamaranem cz\u0119sto obejmuj\u0105 piknik na bezludnej pla\u017cy, co stanowi doskona\u0142\u0105 okazj\u0119 do zabawy i korzystania ze s\u0142o\u0144ca.  <\/p>\n<p>W Tabarce jest wiele mo\u017cliwo\u015bci wycieczek katamaranem, od ca\u0142odniowych po popo\u0142udniowe. Je\u015bli wi\u0119c szukasz ciekawej i ekscytuj\u0105cej aktywno\u015bci dla dzieci w Tabarce, rozwa\u017c rejs katamaranem.<\/div><\/div>[vc_raw_html]PGRpdiBkYXRhLWd5Zy1ocmVmPSJodHRwczovL3dpZGdldC5nZXR5b3VyZ3VpZGUuY29tL2RlZmF1bHQvYWN0aXZpdGllcy5mcmFtZSIgZGF0YS1neWctbG9jYWxlLWNvZGU9ImVzLUVTIiBkYXRhLWd5Zy13aWRnZXQ9ImFjdGl2aXRpZXMiIGRhdGEtZ3lnLW51bWJlci1vZi1pdGVtcz0iMSIgZGF0YS1neWctY21wPSJJVF91cmxfbmlub3MiIGRhdGEtZ3lnLXBhcnRuZXItaWQ9IlcxUUxHOUsiIGRhdGEtZ3lnLXBsYWNlbWVudD0ib3RoZXIiIGRhdGEtZ3lnLXRvdXItaWRzPSIzNzgyMDQiPjwvZGl2Pg==[\/vc_raw_html][vc_empty_space height=&#8221;50px&#8221;]<div id=\"ultimate-heading-56569de5a6a9ae84\" class=\"uvc-heading ult-adjust-bottom-margin ultimate-heading-56569de5a6a9ae84 uvc-9646 \" data-hspacer=\"no_spacer\"  data-halign=\"left\" style=\"text-align:left\"><div class=\"uvc-heading-spacer no_spacer\" style=\"top\"><\/div><div class=\"uvc-main-heading ult-responsive\"  data-ultimate-target='.uvc-heading.ultimate-heading-56569de5a6a9ae84 h2'  data-responsive-json-new='{\"font-size\":\"\",\"line-height\":\"\"}' ><h2 style=\"font-weight:normal;\"><span class=\"ez-toc-section\" id=\"Czy_na_wyspie_Tabarca_sa_bezpieczne_zajecia_wodne_dla_dzieci\"><\/span>Czy na wyspie Tabarca s\u0105 bezpieczne zaj\u0119cia wodne dla dzieci?<span class=\"ez-toc-section-end\"><\/span><\/h2><\/div><div class=\"uvc-sub-heading ult-responsive\"  data-ultimate-target='.uvc-heading.ultimate-heading-56569de5a6a9ae84 .uvc-sub-heading '  data-responsive-json-new='{\"font-size\":\"\",\"line-height\":\"\"}'  style=\"font-weight:normal;\">Tak, na wyspie Tabarca jest wiele bezpiecznych atrakcji wodnych dla dzieci. Wyspa oferuje mi\u0119kkie, piaszczyste pla\u017ce i krystalicznie czyst\u0105 wod\u0119, co czyni j\u0105 idealn\u0105 dla dzieci. Dodatkowo, istnieje szeroki wyb\u00f3r atrakcji wodnych pod profesjonalnym nadzorem, kt\u00f3re zapewniaj\u0105 bezpieczne \u015brodowisko dla maluch\u00f3w.  <\/p>\n<p>Bezpieczne zaj\u0119cia wodne dla dzieci w Tabarca obejmuj\u0105 nurkowanie z rurk\u0105, w\u0119dkowanie na tratwach, kajakarstwo, w\u0119dkarstwo pla\u017cowe i nurkowanie z rurk\u0105. Wszystkie te zaj\u0119cia s\u0105 dost\u0119pne pod okiem wykwalifikowanych instruktor\u00f3w i przy bezpiecznym sprz\u0119cie, co gwarantuje bezpiecze\u0144stwo dzieci przez ca\u0142y czas. <\/p>\n<p>Ponadto wiele z tych zaj\u0119\u0107 jest dost\u0119pnych w ma\u0142ych grupach, co pozwala na indywidualne podej\u015bcie i zapewnia bezpieczniejsze \u015brodowisko. Wa\u017cne jest, aby wybra\u0107 aktywno\u015b\u0107 wodn\u0105 dostosowan\u0105 do wieku i mo\u017cliwo\u015bci dziecka oraz zawsze sprawowa\u0107 nad nim \u015bcis\u0142y nadz\u00f3r.<\/div><\/div>[vc_video link=&#8221;https:\/\/www.youtube.com\/watch?v=i275A0yqjY0&#8243; align=&#8221;center&#8221;][\/vc_column][\/vc_row][vc_row][vc_column][vc_single_image image=&#8221;3562&#8243; img_size=&#8221;full&#8221; alignment=&#8221;center&#8221;][vc_empty_space height=&#8221;50px&#8221;][\/vc_column][\/vc_row][vc_row][vc_column]<div id=\"ultimate-heading-723669de5a6a9aedf\" class=\"uvc-heading ult-adjust-bottom-margin ultimate-heading-723669de5a6a9aedf uvc-7524 \" data-hspacer=\"no_spacer\"  data-halign=\"left\" style=\"text-align:left\"><div class=\"uvc-heading-spacer no_spacer\" style=\"top\"><\/div><div class=\"uvc-main-heading ult-responsive\"  data-ultimate-target='.uvc-heading.ultimate-heading-723669de5a6a9aedf h3'  data-responsive-json-new='{\"font-size\":\"\",\"line-height\":\"\"}' ><h3 style=\"font-weight:normal;\"><span class=\"ez-toc-section\" id=\"Czy_mozna_odwiedzac_wyspe_przez_caly_rok\"><\/span>Czy mo\u017cna odwiedza\u0107 wysp\u0119 przez ca\u0142y rok?<span class=\"ez-toc-section-end\"><\/span><\/h3><\/div><div class=\"uvc-sub-heading ult-responsive\"  data-ultimate-target='.uvc-heading.ultimate-heading-723669de5a6a9aedf .uvc-sub-heading '  data-responsive-json-new='{\"font-size\":\"\",\"line-height\":\"\"}'  style=\"font-weight:normal;\"><\/p>\n<p style=\"text-align: justify;\">Tak! Wyspa Tabarca jest popularnym celem podr\u00f3\u017cy przez ca\u0142y rok, z ciep\u0142\u0105, s\u0142oneczn\u0105 pogod\u0105 latem i \u0142agodnymi temperaturami zim\u0105. <\/p>\n<p>Oznacza to, \u017ce dzieci mog\u0105 korzysta\u0107 ze wszystkich atrakcji, jakie oferuje wyspa o ka\u017cdej porze roku, w tym z mi\u0119kkich piaszczystych pla\u017c, sport\u00f3w wodnych i wycieczek \u0142odzi\u0105, aby podziwia\u0107 \u017cycie morskie..<\/p>\n<p>Kr\u00f3tko m\u00f3wi\u0105c, wyspa Tabarca to cel podr\u00f3\u017cy na ka\u017cd\u0105 por\u0119 roku i doskona\u0142a opcja na rodzinne wakacje przez ca\u0142y rok. Spraw, aby Twoje rodzinne wakacje na Tabarca by\u0142y niezapomnianym wspomnieniem!<\/div><\/div>[vc_empty_space height=&#8221;50px&#8221;][\/vc_column][\/vc_row]<\/p>\n<\/div>","protected":false},"excerpt":{"rendered":"<p>[vc_row][vc_column][vc_empty_space height=&#8221;50px&#8221;][\/vc_column][\/vc_row][vc_row][vc_column][vc_single_image image=&#8221;3561&#8243; img_size=&#8221;full&#8221;][vc_raw_html]PGRpdiBkYXRhLWd5Zy1ocmVmPSJodHRwczovL3dpZGdldC5nZXR5b3VyZ3VpZGUuY29tL2RlZmF1bHQvYWN0aXZpdGllcy5mcmFtZSIgZGF0YS1neWctbG9jYWxlLWNvZGU9ImVzLUVTIiBkYXRhLWd5Zy13aWRnZXQ9ImFjdGl2aXRpZXMiIGRhdGEtZ3lnLW51bWJlci1vZi1pdGVtcz0iMSIgZGF0YS1neWctY21wPSJJVF91cmxfbmlub3MiIGRhdGEtZ3lnLXBhcnRuZXItaWQ9IlcxUUxHOUsiIGRhdGEtZ3lnLXBsYWNlbWVudD0ib3RoZXIiIGRhdGEtZ3lnLXRvdXItaWRzPSIzNzgyMDQiPjwvZGl2Pg==[\/vc_raw_html][vc_empty_space height=&#8221;50px&#8221;][vc_video link=&#8221;https:\/\/www.youtube.com\/watch?v=i275A0yqjY0&#8243; align=&#8221;center&#8221;][\/vc_column][\/vc_row][vc_row][vc_column][vc_single_image image=&#8221;3562&#8243; img_size=&#8221;full&#8221; alignment=&#8221;center&#8221;][vc_empty_space height=&#8221;50px&#8221;][\/vc_column][\/vc_row][vc_row][vc_column][vc_empty_space height=&#8221;50px&#8221;][\/vc_column][\/vc_row]<\/p>\n","protected":false},"author":1,"featured_media":0,"parent":0,"menu_order":0,"comment_status":"closed","ping_status":"closed","template":"","meta":{"_joinchat":[],"footnotes":""},"class_list":["post-3560","page","type-page","status-publish","hentry","description-off"],"_links":{"self":[{"href":"https:\/\/laisladetabarca.com\/pl\/wp-json\/wp\/v2\/pages\/3560","targetHints":{"allow":["GET"]}}],"collection":[{"href":"https:\/\/laisladetabarca.com\/pl\/wp-json\/wp\/v2\/pages"}],"about":[{"href":"https:\/\/laisladetabarca.com\/pl\/wp-json\/wp\/v2\/types\/page"}],"author":[{"embeddable":true,"href":"https:\/\/laisladetabarca.com\/pl\/wp-json\/wp\/v2\/users\/1"}],"replies":[{"embeddable":true,"href":"https:\/\/laisladetabarca.com\/pl\/wp-json\/wp\/v2\/comments?post=3560"}],"version-history":[{"count":0,"href":"https:\/\/laisladetabarca.com\/pl\/wp-json\/wp\/v2\/pages\/3560\/revisions"}],"wp:attachment":[{"href":"https:\/\/laisladetabarca.com\/pl\/wp-json\/wp\/v2\/media?parent=3560"}],"curies":[{"name":"wp","href":"https:\/\/api.w.org\/{rel}","templated":true}]}}