{"id":3554,"date":"2022-09-07T08:59:02","date_gmt":"2022-09-07T07:59:02","guid":{"rendered":"https:\/\/laisladetabarca.com\/jak-dotrzec-do-tabarki-z\/z-santa-pola-do-tabarca\/"},"modified":"2026-01-30T17:24:46","modified_gmt":"2026-01-30T16:24:46","slug":"z-santa-pola-do-tabarca","status":"publish","type":"page","link":"https:\/\/laisladetabarca.com\/pl\/jak-dotrzec-do-tabarki-z\/z-santa-pola-do-tabarca\/","title":{"rendered":"Z Santa Pola do Tabarca"},"content":{"rendered":"<div class=\"wpb-content-wrapper\"><p>[vc_row][vc_column]<div id=\"ultimate-heading-768069de5e3fc826d\" class=\"uvc-heading ult-adjust-bottom-margin ultimate-heading-768069de5e3fc826d uvc-1707 \" data-hspacer=\"no_spacer\"  data-halign=\"left\" style=\"text-align:left\"><div class=\"uvc-heading-spacer no_spacer\" style=\"top\"><\/div><div class=\"uvc-sub-heading ult-responsive\"  data-ultimate-target='.uvc-heading.ultimate-heading-768069de5e3fc826d .uvc-sub-heading '  data-responsive-json-new='{\"font-size\":\"\",\"line-height\":\"\"}'  style=\"font-weight:normal;\"><\/p>\n<p style=\"text-align: justify;\"><span style=\"font-weight: 400;\">Najszybsz\u0105 i najbli\u017csz\u0105 opcj\u0105 do Tabarki jest rejs statkiem z Santa Pola. Ze wzgl\u0119du na blisko\u015b\u0107, rejs statkiem jest najszybszy; do pi\u0119knej wyspy Tabarca dotrzesz w zaledwie 25 minut, wyp\u0142ywaj\u0105c z portu Santa Pola. <\/span><\/p>\n<p style=\"text-align: justify;\"><span style=\"font-weight: 400;\">Aby dosta\u0107 si\u0119 do Tabarki z Santa Pola, mo\u017cna skorzysta\u0107 z prywatnej lub publicznej \u0142odzi (tzw. \u201etabarqueras\u201d). \u0141odzie te odp\u0142ywaj\u0105 codziennie, praktycznie o ka\u017cdej porze. W szczycie sezonu (lato) tabarqueras odp\u0142ywaj\u0105 co oko\u0142o 30 minut, od 9:00 do 19:30.  <\/span><\/p>\n<p><\/div><\/div>[vc_empty_space height=&#8221;50px&#8221;][\/vc_column][\/vc_row][vc_row][vc_column]<div id=\"ultimate-heading-294769de5e3fc82ec\" class=\"uvc-heading ult-adjust-bottom-margin ultimate-heading-294769de5e3fc82ec uvc-3024 \" data-hspacer=\"no_spacer\"  data-halign=\"left\" style=\"text-align:left\"><div class=\"uvc-heading-spacer no_spacer\" style=\"top\"><\/div><div class=\"uvc-main-heading ult-responsive\"  data-ultimate-target='.uvc-heading.ultimate-heading-294769de5e3fc82ec h2'  data-responsive-json-new='{\"font-size\":\"\",\"line-height\":\"\"}' ><div id=\"ez-toc-container\" class=\"ez-toc-v2_0_80 counter-hierarchy ez-toc-counter ez-toc-grey ez-toc-container-direction\">\n<div class=\"ez-toc-title-container\">\n<p class=\"ez-toc-title\" style=\"cursor:inherit\">Table of Contents<\/p>\n<span class=\"ez-toc-title-toggle\"><a href=\"#\" class=\"ez-toc-pull-right ez-toc-btn ez-toc-btn-xs ez-toc-btn-default ez-toc-toggle\" aria-label=\"Prze\u0142\u0105cznik Spisu Tre\u015bci\"><span class=\"ez-toc-js-icon-con\"><span class=\"\"><span class=\"eztoc-hide\" style=\"display:none;\">Toggle<\/span><span class=\"ez-toc-icon-toggle-span\"><svg style=\"fill: #999;color:#999\" xmlns=\"http:\/\/www.w3.org\/2000\/svg\" class=\"list-377408\" width=\"20px\" height=\"20px\" viewBox=\"0 0 24 24\" fill=\"none\"><path d=\"M6 6H4v2h2V6zm14 0H8v2h12V6zM4 11h2v2H4v-2zm16 0H8v2h12v-2zM4 16h2v2H4v-2zm16 0H8v2h12v-2z\" fill=\"currentColor\"><\/path><\/svg><svg style=\"fill: #999;color:#999\" class=\"arrow-unsorted-368013\" xmlns=\"http:\/\/www.w3.org\/2000\/svg\" width=\"10px\" height=\"10px\" viewBox=\"0 0 24 24\" version=\"1.2\" baseProfile=\"tiny\"><path d=\"M18.2 9.3l-6.2-6.3-6.2 6.3c-.2.2-.3.4-.3.7s.1.5.3.7c.2.2.4.3.7.3h11c.3 0 .5-.1.7-.3.2-.2.3-.5.3-.7s-.1-.5-.3-.7zM5.8 14.7l6.2 6.3 6.2-6.3c.2-.2.3-.5.3-.7s-.1-.5-.3-.7c-.2-.2-.4-.3-.7-.3h-11c-.3 0-.5.1-.7.3-.2.2-.3.5-.3.7s.1.5.3.7z\"\/><\/svg><\/span><\/span><\/span><\/a><\/span><\/div>\n<nav><ul class='ez-toc-list ez-toc-list-level-1 ' ><li class='ez-toc-page-1 ez-toc-heading-level-2'><a class=\"ez-toc-link ez-toc-heading-1\" href=\"https:\/\/laisladetabarca.com\/pl\/jak-dotrzec-do-tabarki-z\/z-santa-pola-do-tabarca\/#O_czym_nalezy_pamietac_wybierajac_sie_lodzia_z_Santa_Pola_do_Tabarca\" >O czym nale\u017cy pami\u0119ta\u0107, wybieraj\u0105c si\u0119 \u0142odzi\u0105 z Santa Pola do Tabarca:<\/a><\/li><li class='ez-toc-page-1 ez-toc-heading-level-2'><a class=\"ez-toc-link ez-toc-heading-2\" href=\"https:\/\/laisladetabarca.com\/pl\/jak-dotrzec-do-tabarki-z\/z-santa-pola-do-tabarca\/#Podroz_do_Tabarca_z_Santa_Pola\" >Podr\u00f3\u017c do Tabarca z Santa Pola<\/a><\/li><li class='ez-toc-page-1 ez-toc-heading-level-2'><a class=\"ez-toc-link ez-toc-heading-3\" href=\"https:\/\/laisladetabarca.com\/pl\/jak-dotrzec-do-tabarki-z\/z-santa-pola-do-tabarca\/#Tabarca_z_innych_destynacji\" >Tabarca z innych destynacji:<\/a><\/li><\/ul><\/nav><\/div>\n<h2 style=\"font-weight:normal;\"><span class=\"ez-toc-section\" id=\"O_czym_nalezy_pamietac_wybierajac_sie_lodzia_z_Santa_Pola_do_Tabarca\"><\/span>O czym nale\u017cy pami\u0119ta\u0107, wybieraj\u0105c si\u0119 \u0142odzi\u0105 z Santa Pola do Tabarca:<span class=\"ez-toc-section-end\"><\/span><\/h2><\/div><div class=\"uvc-sub-heading ult-responsive\"  data-ultimate-target='.uvc-heading.ultimate-heading-294769de5e3fc82ec .uvc-sub-heading '  data-responsive-json-new='{\"font-size\":\"\",\"line-height\":\"\"}'  style=\"font-weight:normal;\"><\/p>\n<ul>\n<li style=\"font-weight: 400;\" aria-level=\"1\"><span style=\"font-weight: 400;\">W wi\u0119kszo\u015bci linii lotniczych mo\u017cna kupi\u0107 bilet w obie strony <\/span><span style=\"font-weight: 400;\">i wr\u00f3ci\u0107 nast\u0119pnego dnia.<\/span><\/li>\n<li style=\"font-weight: 400;\" aria-level=\"1\"><span style=\"font-weight: 400;\">Bilety <\/span><span style=\"font-weight: 400;\">online mo\u017cna kupi\u0107 taniej ni\u017c <\/span><span style=\"font-weight: 400;\">w samym porcie.<\/span><\/li>\n<li style=\"font-weight: 400;\" aria-level=\"1\"><span style=\"font-weight: 400;\">Wszystkie \u0142odzie odp\u0142ywaj\u0105 z portu <\/span><span style=\"font-weight: 400;\">Santa Pola<\/span><\/li>\n<\/ul>\n<p><\/div><\/div>[vc_raw_html]PGRpdiBkYXRhLWd5Zy1ocmVmPSJodHRwczovL3dpZGdldC5nZXR5b3VyZ3VpZGUuY29tL2RlZmF1bHQvYWN0aXZpdGllcy5mcmFtZSIgZGF0YS1neWctbG9jYWxlLWNvZGU9ImVzLUVTIiBkYXRhLWd5Zy13aWRnZXQ9ImFjdGl2aXRpZXMiIGRhdGEtZ3lnLW51bWJlci1vZi1pdGVtcz0iMSIgZGF0YS1neWctY21wPSJJVF91cmxfc2FudGFwb2xhIiBkYXRhLWd5Zy1wYXJ0bmVyLWlkPSJXMVFMRzlLIiBkYXRhLWd5Zy1wbGFjZW1lbnQ9Im90aGVyIiBkYXRhLWd5Zy1xPSJzYW50YSUyMHBvbGEiPjwvZGl2Pg==[\/vc_raw_html][vc_empty_space height=&#8221;50px&#8221;]<div id=\"ultimate-heading-210669de5e3fc8391\" class=\"uvc-heading ult-adjust-bottom-margin ultimate-heading-210669de5e3fc8391 uvc-3971 \" data-hspacer=\"no_spacer\"  data-halign=\"left\" style=\"text-align:left\"><div class=\"uvc-heading-spacer no_spacer\" style=\"top\"><\/div><div class=\"uvc-main-heading ult-responsive\"  data-ultimate-target='.uvc-heading.ultimate-heading-210669de5e3fc8391 h2'  data-responsive-json-new='{\"font-size\":\"\",\"line-height\":\"\"}' ><h2 style=\"font-weight:normal;\"><span class=\"ez-toc-section\" id=\"Podroz_do_Tabarca_z_Santa_Pola\"><\/span>Podr\u00f3\u017c do Tabarca z Santa Pola<span class=\"ez-toc-section-end\"><\/span><\/h2><\/div><div class=\"uvc-sub-heading ult-responsive\"  data-ultimate-target='.uvc-heading.ultimate-heading-210669de5e3fc8391 .uvc-sub-heading '  data-responsive-json-new='{\"font-size\":\"\",\"line-height\":\"\"}'  style=\"font-weight:normal;\"><span style=\"font-weight: 400;\">Je\u015bli rozwa\u017casz podr\u00f3\u017c do Tabarki z Santa Pola, najlepsz\u0105 i najta\u0144sz\u0105 opcj\u0105 jest skorzystanie z tabarquery z Santa Pola. Jest to szybsze (25 minut) lub 15 minut w przypadku \u0142odzi i ekonomiczne (oko\u0142o 10-15 euro).<\/span><\/div><\/div>[vc_raw_html]PGRpdiBkYXRhLWd5Zy1ocmVmPSJodHRwczovL3dpZGdldC5nZXR5b3VyZ3VpZGUuY29tL2RlZmF1bHQvYWN0aXZpdGllcy5mcmFtZSIgZGF0YS1neWctbG9jYWxlLWNvZGU9ImVzLUVTIiBkYXRhLWd5Zy13aWRnZXQ9ImFjdGl2aXRpZXMiIGRhdGEtZ3lnLW51bWJlci1vZi1pdGVtcz0iMSIgZGF0YS1neWctY21wPSJJVF91cmxfc2FudGFwb2xhIiBkYXRhLWd5Zy1wYXJ0bmVyLWlkPSJXMVFMRzlLIiBkYXRhLWd5Zy1wbGFjZW1lbnQ9Im90aGVyIiBkYXRhLWd5Zy1xPSJzYW50YSUyMHBvbGEiPjwvZGl2Pg==[\/vc_raw_html][vc_empty_space height=&#8221;50px&#8221;][vc_video link=&#8221;https:\/\/www.youtube.com\/watch?v=DM0_3BeNCDI&#8221; align=&#8221;center&#8221;][\/vc_column][\/vc_row][vc_row][vc_column][vc_empty_space height=&#8221;50px&#8221;]<div id=\"ultimate-heading-764269de5e3fc8403\" class=\"uvc-heading ult-adjust-bottom-margin ultimate-heading-764269de5e3fc8403 uvc-3017 \" data-hspacer=\"no_spacer\"  data-halign=\"center\" style=\"text-align:center\"><div class=\"uvc-heading-spacer no_spacer\" style=\"top\"><\/div><div class=\"uvc-main-heading ult-responsive\"  data-ultimate-target='.uvc-heading.ultimate-heading-764269de5e3fc8403 h2'  data-responsive-json-new='{\"font-size\":\"\",\"line-height\":\"\"}' ><h2 style=\"font-weight:normal;\"><span class=\"ez-toc-section\" id=\"Tabarca_z_innych_destynacji\"><\/span>Tabarca z innych destynacji:<span class=\"ez-toc-section-end\"><\/span><\/h2><\/div><\/div>[vc_empty_space height=&#8221;30px&#8221;][\/vc_column][\/vc_row][vc_row][vc_column width=&#8221;1\/3&#8243;]<div class=\"shortcode-banner shortcode-banner-link\" style=\"min-height: 150px;background-image: url(https:\/\/laisladetabarca.com\/wp-content\/uploads\/2022\/07\/ALICANTE.jpg)\" onclick=\"window.location.href='http:\/\/laisladetabarca.com\/como-ir\/desde-alicante\/';\"><div class=\"shortcode-banner-bg wf-table\" style=\"padding: 10px;min-height: 150px\"><div class=\"shortcode-banner-inside wf-table text-big\" style=\"background-color: rgb(0,0,0);background-color: rgba(0,0,0,0.4);border: solid 10px transparent;outline: solid 3px;outline-color: #ffffff;height: 140px\"><div><p style=\"text-align: center;\"><span style=\"color: #ffffff;\">ALICANTE<\/span><\/p>\n<\/div><\/div><\/div><\/div>[\/vc_column][vc_column width=&#8221;1\/3&#8243;]<div class=\"shortcode-banner shortcode-banner-link\" style=\"min-height: 150px;background-image: url(https:\/\/laisladetabarca.com\/wp-content\/uploads\/2022\/07\/benidorm.jpg)\" onclick=\"window.location.href='http:\/\/laisladetabarca.com\/como-ir\/desde-santa-pola\/';\"><div class=\"shortcode-banner-bg wf-table\" style=\"padding: 10px;min-height: 150px\"><div class=\"shortcode-banner-inside wf-table text-big\" style=\"background-color: rgb(0,0,0);background-color: rgba(0,0,0,0.4);border: solid 10px transparent;outline: solid 3px;outline-color: #ffffff;height: 140px\"><div><p style=\"text-align: center;\"><span style=\"color: #ffffff;\">BENIDORM<\/span><\/p>\n<\/div><\/div><\/div><\/div>[\/vc_column][\/vc_row]<\/p>\n<\/div>","protected":false},"excerpt":{"rendered":"<p>[vc_row][vc_column][vc_empty_space height=&#8221;50px&#8221;][\/vc_column][\/vc_row][vc_row][vc_column][vc_raw_html]PGRpdiBkYXRhLWd5Zy1ocmVmPSJodHRwczovL3dpZGdldC5nZXR5b3VyZ3VpZGUuY29tL2RlZmF1bHQvYWN0aXZpdGllcy5mcmFtZSIgZGF0YS1neWctbG9jYWxlLWNvZGU9ImVzLUVTIiBkYXRhLWd5Zy13aWRnZXQ9ImFjdGl2aXRpZXMiIGRhdGEtZ3lnLW51bWJlci1vZi1pdGVtcz0iMSIgZGF0YS1neWctY21wPSJJVF91cmxfc2FudGFwb2xhIiBkYXRhLWd5Zy1wYXJ0bmVyLWlkPSJXMVFMRzlLIiBkYXRhLWd5Zy1wbGFjZW1lbnQ9Im90aGVyIiBkYXRhLWd5Zy1xPSJzYW50YSUyMHBvbGEiPjwvZGl2Pg==[\/vc_raw_html][vc_empty_space height=&#8221;50px&#8221;][vc_raw_html]PGRpdiBkYXRhLWd5Zy1ocmVmPSJodHRwczovL3dpZGdldC5nZXR5b3VyZ3VpZGUuY29tL2RlZmF1bHQvYWN0aXZpdGllcy5mcmFtZSIgZGF0YS1neWctbG9jYWxlLWNvZGU9ImVzLUVTIiBkYXRhLWd5Zy13aWRnZXQ9ImFjdGl2aXRpZXMiIGRhdGEtZ3lnLW51bWJlci1vZi1pdGVtcz0iMSIgZGF0YS1neWctY21wPSJJVF91cmxfc2FudGFwb2xhIiBkYXRhLWd5Zy1wYXJ0bmVyLWlkPSJXMVFMRzlLIiBkYXRhLWd5Zy1wbGFjZW1lbnQ9Im90aGVyIiBkYXRhLWd5Zy1xPSJzYW50YSUyMHBvbGEiPjwvZGl2Pg==[\/vc_raw_html][vc_empty_space height=&#8221;50px&#8221;][vc_video link=&#8221;https:\/\/www.youtube.com\/watch?v=DM0_3BeNCDI&#8221; align=&#8221;center&#8221;][\/vc_column][\/vc_row][vc_row][vc_column][vc_empty_space height=&#8221;50px&#8221;][vc_empty_space height=&#8221;30px&#8221;][\/vc_column][\/vc_row][vc_row][vc_column width=&#8221;1\/3&#8243;][\/vc_column][vc_column width=&#8221;1\/3&#8243;][\/vc_column][\/vc_row]<\/p>\n","protected":false},"author":1,"featured_media":0,"parent":3524,"menu_order":0,"comment_status":"closed","ping_status":"closed","template":"","meta":{"_joinchat":[],"footnotes":""},"class_list":["post-3554","page","type-page","status-publish","hentry","description-off"],"_links":{"self":[{"href":"https:\/\/laisladetabarca.com\/pl\/wp-json\/wp\/v2\/pages\/3554","targetHints":{"allow":["GET"]}}],"collection":[{"href":"https:\/\/laisladetabarca.com\/pl\/wp-json\/wp\/v2\/pages"}],"about":[{"href":"https:\/\/laisladetabarca.com\/pl\/wp-json\/wp\/v2\/types\/page"}],"author":[{"embeddable":true,"href":"https:\/\/laisladetabarca.com\/pl\/wp-json\/wp\/v2\/users\/1"}],"replies":[{"embeddable":true,"href":"https:\/\/laisladetabarca.com\/pl\/wp-json\/wp\/v2\/comments?post=3554"}],"version-history":[{"count":0,"href":"https:\/\/laisladetabarca.com\/pl\/wp-json\/wp\/v2\/pages\/3554\/revisions"}],"up":[{"embeddable":true,"href":"https:\/\/laisladetabarca.com\/pl\/wp-json\/wp\/v2\/pages\/3524"}],"wp:attachment":[{"href":"https:\/\/laisladetabarca.com\/pl\/wp-json\/wp\/v2\/media?parent=3554"}],"curies":[{"name":"wp","href":"https:\/\/api.w.org\/{rel}","templated":true}]}}