{"id":3544,"date":"2024-02-26T11:01:09","date_gmt":"2024-02-26T10:01:09","guid":{"rendered":"https:\/\/laisladetabarca.com\/jak-dotrzec-do-tabarki-z\/z-morairy-do-tabarca\/"},"modified":"2026-01-30T17:21:57","modified_gmt":"2026-01-30T16:21:57","slug":"z-morairy-do-tabarca","status":"publish","type":"page","link":"https:\/\/laisladetabarca.com\/pl\/jak-dotrzec-do-tabarki-z\/z-morairy-do-tabarca\/","title":{"rendered":"Z Morairy do Tabarca"},"content":{"rendered":"<div class=\"wpb-content-wrapper\"><p>[vc_row][vc_column]<div id=\"ultimate-heading-176869de5aba91d8b\" class=\"uvc-heading ult-adjust-bottom-margin ultimate-heading-176869de5aba91d8b uvc-3908 \" data-hspacer=\"no_spacer\"  data-halign=\"left\" style=\"text-align:left\"><div class=\"uvc-heading-spacer no_spacer\" style=\"top\"><\/div><div class=\"uvc-sub-heading ult-responsive\"  data-ultimate-target='.uvc-heading.ultimate-heading-176869de5aba91d8b .uvc-sub-heading '  data-responsive-json-new='{\"font-size\":\"\",\"line-height\":\"\"}'  style=\"font-weight:normal;\"><\/p>\n<p style=\"text-align: justify;\">Wyspa Tabarca, po\u0142o\u017cona u wybrze\u017cy Alicante, to urokliwe miejsce czekaj\u0105ce na odkrycie. Podr\u00f3\u017c z Morairy na t\u0119 ma\u0142\u0105, ale fascynuj\u0105c\u0105 wysp\u0119 oferuje wyj\u0105tkowe wra\u017cenia, \u0142\u0105cz\u0105c pi\u0119kne pla\u017ce, bogat\u0105 histori\u0119 i zachwycaj\u0105c\u0105 przyrod\u0119. <\/p>\n<p><\/div><\/div>[vc_empty_space height=&#8221;35px&#8221;][\/vc_column][\/vc_row][vc_row][vc_column]<div id=\"ultimate-heading-274969de5aba91e11\" class=\"uvc-heading ult-adjust-bottom-margin ultimate-heading-274969de5aba91e11 uvc-7261 \" data-hspacer=\"no_spacer\"  data-halign=\"left\" style=\"text-align:left\"><div class=\"uvc-heading-spacer no_spacer\" style=\"top\"><\/div><div class=\"uvc-main-heading ult-responsive\"  data-ultimate-target='.uvc-heading.ultimate-heading-274969de5aba91e11 h2'  data-responsive-json-new='{\"font-size\":\"\",\"line-height\":\"\"}' ><div id=\"ez-toc-container\" class=\"ez-toc-v2_0_80 counter-hierarchy ez-toc-counter ez-toc-grey ez-toc-container-direction\">\n<div class=\"ez-toc-title-container\">\n<p class=\"ez-toc-title\" style=\"cursor:inherit\">Table of Contents<\/p>\n<span class=\"ez-toc-title-toggle\"><a href=\"#\" class=\"ez-toc-pull-right ez-toc-btn ez-toc-btn-xs ez-toc-btn-default ez-toc-toggle\" aria-label=\"Prze\u0142\u0105cznik Spisu Tre\u015bci\"><span class=\"ez-toc-js-icon-con\"><span class=\"\"><span class=\"eztoc-hide\" style=\"display:none;\">Toggle<\/span><span class=\"ez-toc-icon-toggle-span\"><svg style=\"fill: #999;color:#999\" xmlns=\"http:\/\/www.w3.org\/2000\/svg\" class=\"list-377408\" width=\"20px\" height=\"20px\" viewBox=\"0 0 24 24\" fill=\"none\"><path d=\"M6 6H4v2h2V6zm14 0H8v2h12V6zM4 11h2v2H4v-2zm16 0H8v2h12v-2zM4 16h2v2H4v-2zm16 0H8v2h12v-2z\" fill=\"currentColor\"><\/path><\/svg><svg style=\"fill: #999;color:#999\" class=\"arrow-unsorted-368013\" xmlns=\"http:\/\/www.w3.org\/2000\/svg\" width=\"10px\" height=\"10px\" viewBox=\"0 0 24 24\" version=\"1.2\" baseProfile=\"tiny\"><path d=\"M18.2 9.3l-6.2-6.3-6.2 6.3c-.2.2-.3.4-.3.7s.1.5.3.7c.2.2.4.3.7.3h11c.3 0 .5-.1.7-.3.2-.2.3-.5.3-.7s-.1-.5-.3-.7zM5.8 14.7l6.2 6.3 6.2-6.3c.2-.2.3-.5.3-.7s-.1-.5-.3-.7c-.2-.2-.4-.3-.7-.3h-11c-.3 0-.5.1-.7.3-.2.2-.3.5-.3.7s.1.5.3.7z\"\/><\/svg><\/span><\/span><\/span><\/a><\/span><\/div>\n<nav><ul class='ez-toc-list ez-toc-list-level-1 ' ><li class='ez-toc-page-1 ez-toc-heading-level-2'><a class=\"ez-toc-link ez-toc-heading-1\" href=\"https:\/\/laisladetabarca.com\/pl\/jak-dotrzec-do-tabarki-z\/z-morairy-do-tabarca\/#Jak_dotrzec_do_Tabarki_z_Morairy\" >Jak dotrze\u0107 do Tabarki z Morairy<\/a><\/li><li class='ez-toc-page-1 ez-toc-heading-level-2'><a class=\"ez-toc-link ez-toc-heading-2\" href=\"https:\/\/laisladetabarca.com\/pl\/jak-dotrzec-do-tabarki-z\/z-morairy-do-tabarca\/#Trasa_1_Moraira_do_Alicante_a_nastepnie_promem_do_Tabarca\" >Trasa 1: Moraira do Alicante, a nast\u0119pnie promem do Tabarca<\/a><ul class='ez-toc-list-level-3' ><li class='ez-toc-heading-level-3'><a class=\"ez-toc-link ez-toc-heading-3\" href=\"https:\/\/laisladetabarca.com\/pl\/jak-dotrzec-do-tabarki-z\/z-morairy-do-tabarca\/#Wycieczka_samochodowa_do_Alicante\" >Wycieczka samochodowa do Alicante<\/a><\/li><li class='ez-toc-page-1 ez-toc-heading-level-3'><a class=\"ez-toc-link ez-toc-heading-4\" href=\"https:\/\/laisladetabarca.com\/pl\/jak-dotrzec-do-tabarki-z\/z-morairy-do-tabarca\/#Podroz_promem_w_Alicante\" >Podr\u00f3\u017c promem w Alicante<\/a><\/li><\/ul><\/li><li class='ez-toc-page-1 ez-toc-heading-level-2'><a class=\"ez-toc-link ez-toc-heading-5\" href=\"https:\/\/laisladetabarca.com\/pl\/jak-dotrzec-do-tabarki-z\/z-morairy-do-tabarca\/#Trasa_2_Moraira_do_Santa_Pola_a_nastepnie_promem_do_Tabarca\" >Trasa 2: Moraira do Santa Pola, a nast\u0119pnie promem do Tabarca<\/a><ul class='ez-toc-list-level-3' ><li class='ez-toc-heading-level-3'><a class=\"ez-toc-link ez-toc-heading-6\" href=\"https:\/\/laisladetabarca.com\/pl\/jak-dotrzec-do-tabarki-z\/z-morairy-do-tabarca\/#Wycieczka_samochodowa_do_Santa_Pola\" >Wycieczka samochodowa do Santa Pola<\/a><ul class='ez-toc-list-level-4' ><li class='ez-toc-heading-level-4'><a class=\"ez-toc-link ez-toc-heading-7\" href=\"https:\/\/laisladetabarca.com\/pl\/jak-dotrzec-do-tabarki-z\/z-morairy-do-tabarca\/#Prom_z_Santa_Pola_do_Tabarca\" >Prom z Santa Pola do Tabarca<\/a><\/li><\/ul><\/li><li class='ez-toc-page-1 ez-toc-heading-level-3'><a class=\"ez-toc-link ez-toc-heading-8\" href=\"https:\/\/laisladetabarca.com\/pl\/jak-dotrzec-do-tabarki-z\/z-morairy-do-tabarca\/#Inne_atrakcje_Morairy\" >Inne atrakcje Morairy<\/a><\/li><li class='ez-toc-page-1 ez-toc-heading-level-3'><a class=\"ez-toc-link ez-toc-heading-9\" href=\"https:\/\/laisladetabarca.com\/pl\/jak-dotrzec-do-tabarki-z\/z-morairy-do-tabarca\/#Tabarca_z_innych_destynacji\" >Tabarca z innych destynacji:<\/a><\/li><\/ul><\/li><\/ul><\/nav><\/div>\n<h2 style=\"font-weight:normal;\"><span class=\"ez-toc-section\" id=\"Jak_dotrzec_do_Tabarki_z_Morairy\"><\/span>Jak dotrze\u0107 do Tabarki z Morairy<span class=\"ez-toc-section-end\"><\/span><\/h2><\/div><div class=\"uvc-sub-heading ult-responsive\"  data-ultimate-target='.uvc-heading.ultimate-heading-274969de5aba91e11 .uvc-sub-heading '  data-responsive-json-new='{\"font-size\":\"\",\"line-height\":\"\"}'  style=\"font-weight:normal;\">Planowanie to klucz do udanej podr\u00f3\u017cy z Morairy do Tabarki. Przedstawiamy najlepsze trasy i opcje, kt\u00f3re sprawi\u0105, \u017ce Twoja podr\u00f3\u017c b\u0119dzie niezapomnianym prze\u017cyciem.<\/div><\/div>[vc_empty_space]<div id=\"ultimate-heading-872869de5aba91eab\" class=\"uvc-heading ult-adjust-bottom-margin ultimate-heading-872869de5aba91eab uvc-7334 \" data-hspacer=\"no_spacer\"  data-halign=\"left\" style=\"text-align:left\"><div class=\"uvc-heading-spacer no_spacer\" style=\"top\"><\/div><div class=\"uvc-main-heading ult-responsive\"  data-ultimate-target='.uvc-heading.ultimate-heading-872869de5aba91eab h2'  data-responsive-json-new='{\"font-size\":\"\",\"line-height\":\"\"}' ><h2 style=\"font-weight:normal;\"><span class=\"ez-toc-section\" id=\"Trasa_1_Moraira_do_Alicante_a_nastepnie_promem_do_Tabarca\"><\/span>Trasa 1: Moraira do Alicante, a nast\u0119pnie promem do Tabarca<span class=\"ez-toc-section-end\"><\/span><\/h2><\/div><div class=\"uvc-sub-heading ult-responsive\"  data-ultimate-target='.uvc-heading.ultimate-heading-872869de5aba91eab .uvc-sub-heading '  data-responsive-json-new='{\"font-size\":\"\",\"line-height\":\"\"}'  style=\"font-weight:normal;\"><\/p>\n<h3><span class=\"ez-toc-section\" id=\"Wycieczka_samochodowa_do_Alicante\"><\/span>Wycieczka samochodowa do Alicante<span class=\"ez-toc-section-end\"><\/span><\/h3>\n<p>Najprostsz\u0105 drog\u0105 do Alicante z Morairy jest bezp\u0142atna autostrada AP-7. Podr\u00f3\u017c trwa oko\u0142o 1 godziny i 20 minut. To komfortowa i malownicza trasa, idealna na rozpocz\u0119cie przygody.  <\/p>\n<h3><span class=\"ez-toc-section\" id=\"Podroz_promem_w_Alicante\"><\/span>Podr\u00f3\u017c promem w Alicante<span class=\"ez-toc-section-end\"><\/span><\/h3>\n<p>Po przybyciu do Alicante udaj si\u0119 do portu, gdzie znajdziesz kilka po\u0142\u0105cze\u0144 promowych do Tabarki. Podr\u00f3\u017c promem trwa oko\u0142o godziny. Zalecamy sprawdzenie rozk\u0142adu jazdy i wcze\u015bniejsz\u0105 rezerwacj\u0119, szczeg\u00f3lnie w szczycie sezonu.<\/div><\/div>[vc_gmaps link=&#8221;#E-8_JTNDaWZyYW1lJTIwc3JjJTNEJTIyaHR0cHMlM0ElMkYlMkZ3d3cuZ29vZ2xlLmNvbSUyRm1hcHMlMkZlbWJlZCUzRnBiJTNEJTIxMW0yOCUyMTFtMTIlMjExbTMlMjExZDE5OTczMi42MTc1NTA3OTk4MyUyMTJkLTAuMzQ0Mzg3OTI0NTcxMDM1MiUyMTNkMzguNTM3ODY3NzA0MzA4NzglMjEybTMlMjExZjAlMjEyZjAlMjEzZjAlMjEzbTIlMjExaTEwMjQlMjEyaTc2OCUyMTRmMTMuMSUyMTRtMTMlMjEzZTYlMjE0bTUlMjExczB4MTI5ZTA3Yzk5ZWRjMzhiOSUyNTNBMHg0NjZmZWU0ZjlmODE1YzBhJTIxMnNNb3JhaXJhJTIxM20yJTIxMWQzOC42ODg5NDUyJTIxMmQwLjEzMjUzNDIlMjE0bTUlMjExczB4ZDYyMzVkYTNiOWRhYjRiJTI1M0EweDFkN2RhODcyYWMwYjgxZTMlMjEyc0FsaWNhbnRlJTIxM20yJTIxMWQzOC4zNDU5OTYyOTk5OTk5OTYlMjEyZC0wLjQ5MDY4NTUlMjE1ZTAlMjEzbTIlMjExc2VzLTQxOSUyMTJzZXMlMjE0djE3MDg5NDE2MjI0ODIlMjE1bTIlMjExc2VzLTQxOSUyMTJzZXMlMjIlMjB3aWR0aCUzRCUyMjE5MDAlMjIlMjBoZWlnaHQlM0QlMjI0NTAlMjIlMjBzdHlsZSUzRCUyMmJvcmRlciUzQTAlM0IlMjIlMjBhbGxvd2Z1bGxzY3JlZW4lM0QlMjIlMjIlMjBsb2FkaW5nJTNEJTIybGF6eSUyMiUyMHJlZmVycmVycG9saWN5JTNEJTIybm8tcmVmZXJyZXItd2hlbi1kb3duZ3JhZGUlMjIlM0UlM0MlMkZpZnJhbWUlM0U=&#8221;][vc_empty_space height=&#8221;35px&#8221;]<div id=\"ultimate-heading-857869de5aba91f25\" class=\"uvc-heading ult-adjust-bottom-margin ultimate-heading-857869de5aba91f25 uvc-8150 \" data-hspacer=\"no_spacer\"  data-halign=\"left\" style=\"text-align:left\"><div class=\"uvc-heading-spacer no_spacer\" style=\"top\"><\/div><div class=\"uvc-main-heading ult-responsive\"  data-ultimate-target='.uvc-heading.ultimate-heading-857869de5aba91f25 h2'  data-responsive-json-new='{\"font-size\":\"\",\"line-height\":\"\"}' ><h2 style=\"font-weight:normal;\"><span class=\"ez-toc-section\" id=\"Trasa_2_Moraira_do_Santa_Pola_a_nastepnie_promem_do_Tabarca\"><\/span>Trasa 2: Moraira do Santa Pola, a nast\u0119pnie promem do Tabarca<span class=\"ez-toc-section-end\"><\/span><\/h2><\/div><div class=\"uvc-sub-heading ult-responsive\"  data-ultimate-target='.uvc-heading.ultimate-heading-857869de5aba91f25 .uvc-sub-heading '  data-responsive-json-new='{\"font-size\":\"\",\"line-height\":\"\"}'  style=\"font-weight:normal;\"><\/p>\n<h3><span class=\"ez-toc-section\" id=\"Wycieczka_samochodowa_do_Santa_Pola\"><\/span>Wycieczka samochodowa do Santa Pola<span class=\"ez-toc-section-end\"><\/span><\/h3>\n<p>Inn\u0105 opcj\u0105 jest dojazd z Morairy do Santa Pola, r\u00f3wnie\u017c drog\u0105 AP-7. Podr\u00f3\u017c mo\u017ce zaj\u0105\u0107 oko\u0142o 1 godziny i 40 minut. Santa Pola oferuje cz\u0119ste, bezpo\u015brednie po\u0142\u0105czenia z wysp\u0105 Tabarca.  <\/p>\n<h4><span class=\"ez-toc-section\" id=\"Prom_z_Santa_Pola_do_Tabarca\"><\/span>Prom z Santa Pola do Tabarca<span class=\"ez-toc-section-end\"><\/span><\/h4>\n<p>Promy z Santa Pola do Tabarca zazwyczaj maj\u0105 d\u0142u\u017csze rozk\u0142ady jazdy i kr\u00f3tsze przeprawy, trwaj\u0105ce oko\u0142o 40 minut. Zalecamy wcze\u015bniejsze sprawdzenie rozk\u0142adu jazdy i rozwa\u017cenie zakupu bilet\u00f3w online.<\/div><\/div>[vc_raw_html]PGRpdiBkYXRhLWd5Zy1ocmVmPSJodHRwczovL3dpZGdldC5nZXR5b3VyZ3VpZGUuY29tL2RlZmF1bHQvYWN0aXZpdGllcy5mcmFtZSIgZGF0YS1neWctbG9jYWxlLWNvZGU9ImVzLUVTIiBkYXRhLWd5Zy13aWRnZXQ9ImFjdGl2aXRpZXMiIGRhdGEtZ3lnLW51bWJlci1vZi1pdGVtcz0iMSIgZGF0YS1neWctY21wPSJJVF91cmxfZGVzZGVfamF2ZWEiIGRhdGEtZ3lnLXBhcnRuZXItaWQ9IlcxUUxHOUsiIGRhdGEtZ3lnLXE9InRhYmFyY2EiPjwvZGl2Pg==[\/vc_raw_html][\/vc_column][\/vc_row][vc_row][vc_column]<div id=\"ultimate-heading-838269de5aba91f9e\" class=\"uvc-heading ult-adjust-bottom-margin ultimate-heading-838269de5aba91f9e uvc-8882 \" data-hspacer=\"no_spacer\"  data-halign=\"center\" style=\"text-align:center\"><div class=\"uvc-heading-spacer no_spacer\" style=\"top\"><\/div><div class=\"uvc-main-heading ult-responsive\"  data-ultimate-target='.uvc-heading.ultimate-heading-838269de5aba91f9e h3'  data-responsive-json-new='{\"font-size\":\"\",\"line-height\":\"\"}' ><h3 style=\"font-weight:normal;\"><span class=\"ez-toc-section\" id=\"Inne_atrakcje_Morairy\"><\/span>Inne atrakcje Morairy<span class=\"ez-toc-section-end\"><\/span><\/h3><\/div><\/div>[vc_empty_space height=&#8221;50px&#8221;][vc_raw_html]PGRpdiBkYXRhLWd5Zy1ocmVmPSJodHRwczovL3dpZGdldC5nZXR5b3VyZ3VpZGUuY29tL2RlZmF1bHQvYWN0aXZpdGllcy5mcmFtZSIgZGF0YS1neWctbG9jYWxlLWNvZGU9ImVzLUVTIiBkYXRhLWd5Zy13aWRnZXQ9ImFjdGl2aXRpZXMiIGRhdGEtZ3lnLW51bWJlci1vZi1pdGVtcz0iMyIgZGF0YS1neWctY21wPSJJVF9kZXNkZV91cmxfTW9yYWlyYSIgZGF0YS1neWctcGFydG5lci1pZD0iVzFRTEc5SyIgZGF0YS1neWctcT0ibW9yYWlyYSI+PC9kaXY+[\/vc_raw_html][\/vc_column][\/vc_row][vc_row][vc_column][vc_empty_space height=&#8221;50px&#8221;]<div id=\"ultimate-heading-794769de5aba9200e\" class=\"uvc-heading ult-adjust-bottom-margin ultimate-heading-794769de5aba9200e uvc-5536 \" data-hspacer=\"no_spacer\"  data-halign=\"center\" style=\"text-align:center\"><div class=\"uvc-heading-spacer no_spacer\" style=\"top\"><\/div><div class=\"uvc-main-heading ult-responsive\"  data-ultimate-target='.uvc-heading.ultimate-heading-794769de5aba9200e h3'  data-responsive-json-new='{\"font-size\":\"\",\"line-height\":\"\"}' ><h3 style=\"font-weight:normal;\"><span class=\"ez-toc-section\" id=\"Tabarca_z_innych_destynacji\"><\/span>Tabarca z innych destynacji:<span class=\"ez-toc-section-end\"><\/span><\/h3><\/div><\/div>[vc_empty_space height=&#8221;50px&#8221;][\/vc_column][\/vc_row][vc_row][vc_column width=&#8221;1\/3&#8243;]<div class=\"shortcode-banner shortcode-banner-link\" style=\"min-height: 150px;background-image: url(https:\/\/laisladetabarca.com\/wp-content\/uploads\/2022\/07\/benidorm.jpg)\" onclick=\"window.location.href='https:\/\/laisladetabarca.com\/como-ir\/desde-benidorm\/';\"><div class=\"shortcode-banner-bg wf-table\" style=\"padding: 10px;min-height: 150px\"><div class=\"shortcode-banner-inside wf-table text-big\" style=\"background-color: rgb(0,0,0);background-color: rgba(0,0,0,0.4);border: solid 10px transparent;outline: solid 3px;outline-color: #ffffff;height: 140px\"><div><p style=\"text-align: center;\"><span style=\"color: #ffffff;\">BENIDORM<\/span><\/p>\n<\/div><\/div><\/div><\/div><div class=\"shortcode-banner shortcode-banner-link\" style=\"min-height: 150px\" onclick=\"window.location.href='https:\/\/laisladetabarca.com\/como-ir\/desde-valencia\/';\"><div class=\"shortcode-banner-bg wf-table\" style=\"padding: 10px;min-height: 150px\"><div class=\"shortcode-banner-inside wf-table text-big\" style=\"background-color: rgb(0,0,0);background-color: rgba(0,0,0,0.4);border: solid 10px transparent;outline: solid 3px;outline-color: #ffffff;height: 140px\"><div><p style=\"text-align: center;\"><span style=\"color: #ffffff;\">VALENCIA<\/span><\/p>\n<\/div><\/div><\/div><\/div><div class=\"shortcode-banner shortcode-banner-link\" style=\"min-height: 150px;background-image: url(https:\/\/laisladetabarca.com\/wp-content\/uploads\/2024\/02\/tabarca-desde-altea.jpg)\" onclick=\"window.location.href='https:\/\/laisladetabarca.com\/como-ir\/desde-altea\/';\"><div class=\"shortcode-banner-bg wf-table\" style=\"padding: 10px;min-height: 150px\"><div class=\"shortcode-banner-inside wf-table text-big\" style=\"background-color: rgb(0,0,0);background-color: rgba(0,0,0,0.4);border: solid 10px transparent;outline: solid 3px;outline-color: #ffffff;height: 140px\"><div><p style=\"text-align: center;\"><span style=\"color: #ffffff;\">ALTEA<\/span><\/p>\n<\/div><\/div><\/div><\/div>[\/vc_column][vc_column width=&#8221;1\/3&#8243;]<div class=\"shortcode-banner shortcode-banner-link\" style=\"min-height: 150px;background-image: url(https:\/\/laisladetabarca.com\/wp-content\/uploads\/2022\/07\/santa-pola.jpg)\" onclick=\"window.location.href='http:\/\/laisladetabarca.com\/como-ir\/desde-santa-pola\/';\"><div class=\"shortcode-banner-bg wf-table\" style=\"padding: 10px;min-height: 150px\"><div class=\"shortcode-banner-inside wf-table text-big\" style=\"background-color: rgb(0,0,0);background-color: rgba(0,0,0,0.4);border: solid 10px transparent;outline: solid 3px;outline-color: #ffffff;height: 140px\"><div><p style=\"text-align: center;\"><span style=\"color: #ffffff;\">SANTA POLA<\/span><\/p>\n<\/div><\/div><\/div><\/div><div class=\"shortcode-banner shortcode-banner-link\" style=\"min-height: 150px;background-image: url(https:\/\/laisladetabarca.com\/wp-content\/uploads\/2024\/02\/tabarca-desde-javea.jpg)\" onclick=\"window.location.href='http:\/\/laisladetabarca.com\/como-ir\/desde-javea\/';\"><div class=\"shortcode-banner-bg wf-table\" style=\"padding: 10px;min-height: 150px\"><div class=\"shortcode-banner-inside wf-table text-big\" style=\"background-color: rgb(0,0,0);background-color: rgba(0,0,0,0.4);border: solid 10px transparent;outline: solid 3px;outline-color: #ffffff;height: 140px\"><div><p style=\"text-align: center;\"><span style=\"color: #ffffff;\">JAVEA<\/span><\/p>\n<\/div><\/div><\/div><\/div>[\/vc_column][vc_column width=&#8221;1\/3&#8243;]<div class=\"shortcode-banner shortcode-banner-link\" style=\"min-height: 150px;background-image: url(https:\/\/laisladetabarca.com\/wp-content\/uploads\/2024\/02\/tabarca-desde-denia.jpg)\" onclick=\"window.location.href='http:\/\/laisladetabarca.com\/como-ir\/desde-denia\/';\"><div class=\"shortcode-banner-bg wf-table\" style=\"padding: 10px;min-height: 150px\"><div class=\"shortcode-banner-inside wf-table text-big\" style=\"background-color: rgb(0,0,0);background-color: rgba(0,0,0,0.4);border: solid 10px transparent;outline: solid 3px;outline-color: #ffffff;height: 140px\"><div><p style=\"text-align: center;\"><span style=\"color: #ffffff;\">DENIA<\/span><\/p>\n<\/div><\/div><\/div><\/div><div class=\"shortcode-banner shortcode-banner-link\" style=\"min-height: 150px;background-image: url(https:\/\/laisladetabarca.com\/wp-content\/uploads\/2024\/02\/tabarca-desde-murcia.jpg)\" onclick=\"window.location.href='http:\/\/laisladetabarca.com\/como-ir\/desde-murcia\/';\"><div class=\"shortcode-banner-bg wf-table\" style=\"padding: 10px;min-height: 150px\"><div class=\"shortcode-banner-inside wf-table text-big\" style=\"background-color: rgb(0,0,0);background-color: rgba(0,0,0,0.4);border: solid 10px transparent;outline: solid 3px;outline-color: #ffffff;height: 140px\"><div><p style=\"text-align: center;\"><span style=\"color: #ffffff;\">MURCIA<\/span><\/p>\n<\/div><\/div><\/div><\/div>[\/vc_column][\/vc_row][vc_row][vc_column][\/vc_column][\/vc_row]<\/p>\n<\/div>","protected":false},"excerpt":{"rendered":"<p>[vc_row][vc_column][vc_empty_space height=&#8221;35px&#8221;][\/vc_column][\/vc_row][vc_row][vc_column][vc_empty_space][vc_gmaps link=&#8221;#E-8_JTNDaWZyYW1lJTIwc3JjJTNEJTIyaHR0cHMlM0ElMkYlMkZ3d3cuZ29vZ2xlLmNvbSUyRm1hcHMlMkZlbWJlZCUzRnBiJTNEJTIxMW0yOCUyMTFtMTIlMjExbTMlMjExZDE5OTczMi42MTc1NTA3OTk4MyUyMTJkLTAuMzQ0Mzg3OTI0NTcxMDM1MiUyMTNkMzguNTM3ODY3NzA0MzA4NzglMjEybTMlMjExZjAlMjEyZjAlMjEzZjAlMjEzbTIlMjExaTEwMjQlMjEyaTc2OCUyMTRmMTMuMSUyMTRtMTMlMjEzZTYlMjE0bTUlMjExczB4MTI5ZTA3Yzk5ZWRjMzhiOSUyNTNBMHg0NjZmZWU0ZjlmODE1YzBhJTIxMnNNb3JhaXJhJTIxM20yJTIxMWQzOC42ODg5NDUyJTIxMmQwLjEzMjUzNDIlMjE0bTUlMjExczB4ZDYyMzVkYTNiOWRhYjRiJTI1M0EweDFkN2RhODcyYWMwYjgxZTMlMjEyc0FsaWNhbnRlJTIxM20yJTIxMWQzOC4zNDU5OTYyOTk5OTk5OTYlMjEyZC0wLjQ5MDY4NTUlMjE1ZTAlMjEzbTIlMjExc2VzLTQxOSUyMTJzZXMlMjE0djE3MDg5NDE2MjI0ODIlMjE1bTIlMjExc2VzLTQxOSUyMTJzZXMlMjIlMjB3aWR0aCUzRCUyMjE5MDAlMjIlMjBoZWlnaHQlM0QlMjI0NTAlMjIlMjBzdHlsZSUzRCUyMmJvcmRlciUzQTAlM0IlMjIlMjBhbGxvd2Z1bGxzY3JlZW4lM0QlMjIlMjIlMjBsb2FkaW5nJTNEJTIybGF6eSUyMiUyMHJlZmVycmVycG9saWN5JTNEJTIybm8tcmVmZXJyZXItd2hlbi1kb3duZ3JhZGUlMjIlM0UlM0MlMkZpZnJhbWUlM0U=&#8221;][vc_empty_space height=&#8221;35px&#8221;][vc_raw_html]PGRpdiBkYXRhLWd5Zy1ocmVmPSJodHRwczovL3dpZGdldC5nZXR5b3VyZ3VpZGUuY29tL2RlZmF1bHQvYWN0aXZpdGllcy5mcmFtZSIgZGF0YS1neWctbG9jYWxlLWNvZGU9ImVzLUVTIiBkYXRhLWd5Zy13aWRnZXQ9ImFjdGl2aXRpZXMiIGRhdGEtZ3lnLW51bWJlci1vZi1pdGVtcz0iMSIgZGF0YS1neWctY21wPSJJVF91cmxfZGVzZGVfamF2ZWEiIGRhdGEtZ3lnLXBhcnRuZXItaWQ9IlcxUUxHOUsiIGRhdGEtZ3lnLXE9InRhYmFyY2EiPjwvZGl2Pg==[\/vc_raw_html][\/vc_column][\/vc_row][vc_row][vc_column][vc_empty_space height=&#8221;50px&#8221;][vc_raw_html]PGRpdiBkYXRhLWd5Zy1ocmVmPSJodHRwczovL3dpZGdldC5nZXR5b3VyZ3VpZGUuY29tL2RlZmF1bHQvYWN0aXZpdGllcy5mcmFtZSIgZGF0YS1neWctbG9jYWxlLWNvZGU9ImVzLUVTIiBkYXRhLWd5Zy13aWRnZXQ9ImFjdGl2aXRpZXMiIGRhdGEtZ3lnLW51bWJlci1vZi1pdGVtcz0iMyIgZGF0YS1neWctY21wPSJJVF9kZXNkZV91cmxfTW9yYWlyYSIgZGF0YS1neWctcGFydG5lci1pZD0iVzFRTEc5SyIgZGF0YS1neWctcT0ibW9yYWlyYSI+PC9kaXY+[\/vc_raw_html][\/vc_column][\/vc_row][vc_row][vc_column][vc_empty_space height=&#8221;50px&#8221;][vc_empty_space height=&#8221;50px&#8221;][\/vc_column][\/vc_row][vc_row][vc_column width=&#8221;1\/3&#8243;][\/vc_column][vc_column width=&#8221;1\/3&#8243;][\/vc_column][vc_column width=&#8221;1\/3&#8243;][\/vc_column][\/vc_row][vc_row][vc_column][\/vc_column][\/vc_row]<\/p>\n","protected":false},"author":1,"featured_media":0,"parent":3524,"menu_order":0,"comment_status":"closed","ping_status":"closed","template":"","meta":{"_joinchat":[],"footnotes":""},"class_list":["post-3544","page","type-page","status-publish","hentry","description-off"],"_links":{"self":[{"href":"https:\/\/laisladetabarca.com\/pl\/wp-json\/wp\/v2\/pages\/3544","targetHints":{"allow":["GET"]}}],"collection":[{"href":"https:\/\/laisladetabarca.com\/pl\/wp-json\/wp\/v2\/pages"}],"about":[{"href":"https:\/\/laisladetabarca.com\/pl\/wp-json\/wp\/v2\/types\/page"}],"author":[{"embeddable":true,"href":"https:\/\/laisladetabarca.com\/pl\/wp-json\/wp\/v2\/users\/1"}],"replies":[{"embeddable":true,"href":"https:\/\/laisladetabarca.com\/pl\/wp-json\/wp\/v2\/comments?post=3544"}],"version-history":[{"count":0,"href":"https:\/\/laisladetabarca.com\/pl\/wp-json\/wp\/v2\/pages\/3544\/revisions"}],"up":[{"embeddable":true,"href":"https:\/\/laisladetabarca.com\/pl\/wp-json\/wp\/v2\/pages\/3524"}],"wp:attachment":[{"href":"https:\/\/laisladetabarca.com\/pl\/wp-json\/wp\/v2\/media?parent=3544"}],"curies":[{"name":"wp","href":"https:\/\/api.w.org\/{rel}","templated":true}]}}