{"id":3518,"date":"2023-04-05T13:34:41","date_gmt":"2023-04-05T12:34:41","guid":{"rendered":"https:\/\/laisladetabarca.com\/statek\/"},"modified":"2026-01-29T18:11:35","modified_gmt":"2026-01-29T17:11:35","slug":"statek","status":"publish","type":"page","link":"https:\/\/laisladetabarca.com\/pl\/statek\/","title":{"rendered":"Statek"},"content":{"rendered":"<div class=\"wpb-content-wrapper\"><p>[vc_row][vc_column][vc_column_text]<\/p>\n<p style=\"text-align: center;\">Je\u015bli szukasz wyj\u0105tkowej \u015br\u00f3dziemnomorskiej przygody, nie ma nic lepszego ni\u017c rejs statkiem do Tabarki. Ta niewielka wyspa, po\u0142o\u017cona u wybrze\u017cy Alicante, to raj dla mi\u0142o\u015bnik\u00f3w s\u0142o\u0144ca, morza i natury. Je\u015bli chcesz prze\u017cy\u0107 niezapomniane wakacje, nie przegap okazji, aby odwiedzi\u0107 Tabark\u0119 statkiem.  <\/p>\n<p>[\/vc_column_text][\/vc_column][\/vc_row][vc_row][vc_column width=&#8221;1\/2&#8243;]<div id=\"ultimate-heading-764169de5a2081ddb\" class=\"uvc-heading ult-adjust-bottom-margin ultimate-heading-764169de5a2081ddb uvc-22 \" data-hspacer=\"no_spacer\"  data-halign=\"center\" style=\"text-align:center\"><div class=\"uvc-heading-spacer no_spacer\" style=\"top\"><\/div><div class=\"uvc-main-heading ult-responsive\"  data-ultimate-target='.uvc-heading.ultimate-heading-764169de5a2081ddb h2'  data-responsive-json-new='{\"font-size\":\"\",\"line-height\":\"\"}' ><div id=\"ez-toc-container\" class=\"ez-toc-v2_0_80 counter-hierarchy ez-toc-counter ez-toc-grey ez-toc-container-direction\">\n<div class=\"ez-toc-title-container\">\n<p class=\"ez-toc-title\" style=\"cursor:inherit\">Table of Contents<\/p>\n<span class=\"ez-toc-title-toggle\"><a href=\"#\" class=\"ez-toc-pull-right ez-toc-btn ez-toc-btn-xs ez-toc-btn-default ez-toc-toggle\" aria-label=\"Prze\u0142\u0105cznik Spisu Tre\u015bci\"><span class=\"ez-toc-js-icon-con\"><span class=\"\"><span class=\"eztoc-hide\" style=\"display:none;\">Toggle<\/span><span class=\"ez-toc-icon-toggle-span\"><svg style=\"fill: #999;color:#999\" xmlns=\"http:\/\/www.w3.org\/2000\/svg\" class=\"list-377408\" width=\"20px\" height=\"20px\" viewBox=\"0 0 24 24\" fill=\"none\"><path d=\"M6 6H4v2h2V6zm14 0H8v2h12V6zM4 11h2v2H4v-2zm16 0H8v2h12v-2zM4 16h2v2H4v-2zm16 0H8v2h12v-2z\" fill=\"currentColor\"><\/path><\/svg><svg style=\"fill: #999;color:#999\" class=\"arrow-unsorted-368013\" xmlns=\"http:\/\/www.w3.org\/2000\/svg\" width=\"10px\" height=\"10px\" viewBox=\"0 0 24 24\" version=\"1.2\" baseProfile=\"tiny\"><path d=\"M18.2 9.3l-6.2-6.3-6.2 6.3c-.2.2-.3.4-.3.7s.1.5.3.7c.2.2.4.3.7.3h11c.3 0 .5-.1.7-.3.2-.2.3-.5.3-.7s-.1-.5-.3-.7zM5.8 14.7l6.2 6.3 6.2-6.3c.2-.2.3-.5.3-.7s-.1-.5-.3-.7c-.2-.2-.4-.3-.7-.3h-11c-.3 0-.5.1-.7.3-.2.2-.3.5-.3.7s.1.5.3.7z\"\/><\/svg><\/span><\/span><\/span><\/a><\/span><\/div>\n<nav><ul class='ez-toc-list ez-toc-list-level-1 ' ><li class='ez-toc-page-1 ez-toc-heading-level-2'><a class=\"ez-toc-link ez-toc-heading-1\" href=\"https:\/\/laisladetabarca.com\/pl\/statek\/#Lodz_z_Alicante_do_Tabarca\" >\u0141\u00f3d\u017a z Alicante do Tabarca<\/a><\/li><li class='ez-toc-page-1 ez-toc-heading-level-2'><a class=\"ez-toc-link ez-toc-heading-2\" href=\"https:\/\/laisladetabarca.com\/pl\/statek\/#Lodz_z_Santa_Pola_do_Tabarca\" >\u0141\u00f3d\u017a z Santa Pola do Tabarca<\/a><\/li><li class='ez-toc-page-1 ez-toc-heading-level-2'><a class=\"ez-toc-link ez-toc-heading-3\" href=\"https:\/\/laisladetabarca.com\/pl\/statek\/#Powody_dla_ktorych_warto_wybrac_sie_lodzia_do_Tabarki\" >Powody, dla kt\u00f3rych warto wybra\u0107 si\u0119 \u0142odzi\u0105 do Tabarki<\/a><\/li><\/ul><\/nav><\/div>\n<h2 style=\"font-weight:normal;\"><span class=\"ez-toc-section\" id=\"Lodz_z_Alicante_do_Tabarca\"><\/span>\u0141\u00f3d\u017a z Alicante do Tabarca<span class=\"ez-toc-section-end\"><\/span><\/h2><\/div><\/div>[vc_raw_html]PGRpdiBkYXRhLWd5Zy1ocmVmPSJodHRwczovL3dpZGdldC5nZXR5b3VyZ3VpZGUuY29tL2RlZmF1bHQvYWN0aXZpdGllcy5mcmFtZSIgZGF0YS1neWctbG9jYWxlLWNvZGU9ImVzLUVTIiBkYXRhLWd5Zy13aWRnZXQ9ImFjdGl2aXRpZXMiIGRhdGEtZ3lnLW51bWJlci1vZi1pdGVtcz0iMSIgZGF0YS1neWctY21wPSJJVF91cmxfYmFyY28iIGRhdGEtZ3lnLXBhcnRuZXItaWQ9IlcxUUxHOUsiIGRhdGEtZ3lnLXRvdXItaWRzPSI0NDk2ODUiPjwvZGl2Pg==[\/vc_raw_html][\/vc_column][vc_column width=&#8221;1\/2&#8243;]<div id=\"ultimate-heading-139969de5a2081e62\" class=\"uvc-heading ult-adjust-bottom-margin ultimate-heading-139969de5a2081e62 uvc-787 \" data-hspacer=\"no_spacer\"  data-halign=\"center\" style=\"text-align:center\"><div class=\"uvc-heading-spacer no_spacer\" style=\"top\"><\/div><div class=\"uvc-main-heading ult-responsive\"  data-ultimate-target='.uvc-heading.ultimate-heading-139969de5a2081e62 h2'  data-responsive-json-new='{\"font-size\":\"\",\"line-height\":\"\"}' ><h2 style=\"font-weight:normal;\"><span class=\"ez-toc-section\" id=\"Lodz_z_Santa_Pola_do_Tabarca\"><\/span>\u0141\u00f3d\u017a z Santa Pola do Tabarca<span class=\"ez-toc-section-end\"><\/span><\/h2><\/div><\/div>[vc_raw_html]PGRpdiBkYXRhLWd5Zy1ocmVmPSJodHRwczovL3dpZGdldC5nZXR5b3VyZ3VpZGUuY29tL2RlZmF1bHQvYWN0aXZpdGllcy5mcmFtZSIgZGF0YS1neWctbG9jYWxlLWNvZGU9ImVzLUVTIiBkYXRhLWd5Zy13aWRnZXQ9ImFjdGl2aXRpZXMiIGRhdGEtZ3lnLW51bWJlci1vZi1pdGVtcz0iMSIgZGF0YS1neWctY21wPSJJVF91cmxfYmFyY28iIGRhdGEtZ3lnLXBhcnRuZXItaWQ9IlcxUUxHOUsiIGRhdGEtZ3lnLXRvdXItaWRzPSIzNjY2NDAiPjwvZGl2Pg==[\/vc_raw_html][\/vc_column][\/vc_row][vc_row][vc_column]<div id=\"ultimate-heading-864769de5a2081eb8\" class=\"uvc-heading ult-adjust-bottom-margin ultimate-heading-864769de5a2081eb8 uvc-514 \" data-hspacer=\"no_spacer\"  data-halign=\"center\" style=\"text-align:center\"><div class=\"uvc-heading-spacer no_spacer\" style=\"top\"><\/div><div class=\"uvc-main-heading ult-responsive\"  data-ultimate-target='.uvc-heading.ultimate-heading-864769de5a2081eb8 h2'  data-responsive-json-new='{\"font-size\":\"\",\"line-height\":\"\"}' ><h2 style=\"font-weight:normal;\"><span class=\"ez-toc-section\" id=\"Powody_dla_ktorych_warto_wybrac_sie_lodzia_do_Tabarki\"><\/span>Powody, dla kt\u00f3rych warto wybra\u0107 si\u0119 \u0142odzi\u0105 do Tabarki<span class=\"ez-toc-section-end\"><\/span><\/h2><\/div><div class=\"uvc-sub-heading ult-responsive\"  data-ultimate-target='.uvc-heading.ultimate-heading-864769de5a2081eb8 .uvc-sub-heading '  data-responsive-json-new='{\"font-size\":\"\",\"line-height\":\"\"}'  style=\"font-weight:normal;\"><\/p>\n<ul>\n<li style=\"text-align: justify;\">Niezwyk\u0142e prze\u017cycie: Rejs statkiem do Tabarki to wyj\u0105tkowe i niezapomniane prze\u017cycie. B\u0119dziesz cieszy\u0107 si\u0119 Morzem \u015ar\u00f3dziemnym i podziwia\u0107 pi\u0119kno wybrze\u017ca Alicante z zupe\u0142nie innej perspektywy. <\/li>\n<li style=\"text-align: justify;\">Przyroda: Tabarca to naturalny raj z bogat\u0105 flor\u0105 i faun\u0105. Mo\u017cna tu podziwia\u0107 bia\u0142e, piaszczyste pla\u017ce, krystalicznie czyst\u0105 wod\u0119 i imponuj\u0105ce klify. Na wyspie znajduje si\u0119 r\u00f3wnie\u017c chroniony rezerwat morski, w kt\u00f3rym mo\u017cna nurkowa\u0107 i odkrywa\u0107 \u017cycie morskie.  <\/li>\n<li style=\"text-align: justify;\">Historia i kultura: Tabarca ma bogat\u0105 histori\u0119 i kultur\u0119, kt\u00f3re mo\u017cna odkry\u0107 podczas wizyty. Na wyspie znajduj\u0105 si\u0119 mury obronne z XVIII wieku, ko\u015bci\u00f3\u0142 z XIX wieku, a tak\u017ce kilka zabytkowych dom\u00f3w i budynk\u00f3w. Mo\u017cna r\u00f3wnie\u017c spr\u00f3bowa\u0107 lokalnej kuchni w restauracjach na wyspie.  <\/li>\n<li style=\"text-align: justify;\">Dost\u0119pno\u015b\u0107: Na wysp\u0119 Tabarca mo\u017cna dosta\u0107 si\u0119 tylko \u0142odzi\u0105, co oznacza, \u017ce \u200b\u200bnie ma na niej samochod\u00f3w ani motocykli, co czyni j\u0105 miejscem spokojnym i relaksuj\u0105cym. Dodatkowo, wzd\u0142u\u017c wybrze\u017ca Alicante znajduje si\u0119 kilka port\u00f3w, z kt\u00f3rych mo\u017cna pop\u0142yn\u0105\u0107 \u0142odzi\u0105 na Tabarc\u0119, co u\u0142atwia dotarcie tam. <\/li>\n<li style=\"text-align: justify;\">Atrakcje: Opr\u00f3cz mo\u017cliwo\u015bci podziwiania przyrody i kultury Tabarki, na wyspie mo\u017cna r\u00f3wnie\u017c skorzysta\u0107 z szerokiej gamy aktywno\u015bci. Od sport\u00f3w wodnych, takich jak nurkowanie i \u017ceglarstwo, po piesze w\u0119dr\u00f3wki i jazd\u0119 na rowerze \u2013 ka\u017cdy znajdzie tu co\u015b dla siebie, niezale\u017cnie od wieku. <\/li>\n<\/ul>\n<p><\/div><\/div>[\/vc_column][\/vc_row][vc_row][vc_column]<div id=\"ultimate-heading-737069de5a2081f16\" class=\"uvc-heading ult-adjust-bottom-margin ultimate-heading-737069de5a2081f16 uvc-2420 \" data-hspacer=\"no_spacer\"  data-halign=\"center\" style=\"text-align:center\"><div class=\"uvc-heading-spacer no_spacer\" style=\"top\"><\/div><\/div>[\/vc_column][\/vc_row]<\/p>\n<\/div>","protected":false},"excerpt":{"rendered":"<p>[vc_row][vc_column][vc_column_text] Je\u015bli szukasz wyj\u0105tkowej \u015br\u00f3dziemnomorskiej przygody, nie ma nic lepszego ni\u017c rejs statkiem do Tabarki. Ta niewielka wyspa, po\u0142o\u017cona u wybrze\u017cy Alicante, to raj dla mi\u0142o\u015bnik\u00f3w s\u0142o\u0144ca, morza i natury. Je\u015bli chcesz prze\u017cy\u0107 niezapomniane wakacje, nie przegap okazji, aby odwiedzi\u0107 Tabark\u0119 statkiem. [\/vc_column_text][\/vc_column][\/vc_row][vc_row][vc_column width=&#8221;1\/2&#8243;][vc_raw_html]PGRpdiBkYXRhLWd5Zy1ocmVmPSJodHRwczovL3dpZGdldC5nZXR5b3VyZ3VpZGUuY29tL2RlZmF1bHQvYWN0aXZpdGllcy5mcmFtZSIgZGF0YS1neWctbG9jYWxlLWNvZGU9ImVzLUVTIiBkYXRhLWd5Zy13aWRnZXQ9ImFjdGl2aXRpZXMiIGRhdGEtZ3lnLW51bWJlci1vZi1pdGVtcz0iMSIgZGF0YS1neWctY21wPSJJVF91cmxfYmFyY28iIGRhdGEtZ3lnLXBhcnRuZXItaWQ9IlcxUUxHOUsiIGRhdGEtZ3lnLXRvdXItaWRzPSI0NDk2ODUiPjwvZGl2Pg==[\/vc_raw_html][\/vc_column][vc_column width=&#8221;1\/2&#8243;][vc_raw_html]PGRpdiBkYXRhLWd5Zy1ocmVmPSJodHRwczovL3dpZGdldC5nZXR5b3VyZ3VpZGUuY29tL2RlZmF1bHQvYWN0aXZpdGllcy5mcmFtZSIgZGF0YS1neWctbG9jYWxlLWNvZGU9ImVzLUVTIiBkYXRhLWd5Zy13aWRnZXQ9ImFjdGl2aXRpZXMiIGRhdGEtZ3lnLW51bWJlci1vZi1pdGVtcz0iMSIgZGF0YS1neWctY21wPSJJVF91cmxfYmFyY28iIGRhdGEtZ3lnLXBhcnRuZXItaWQ9IlcxUUxHOUsiIGRhdGEtZ3lnLXRvdXItaWRzPSIzNjY2NDAiPjwvZGl2Pg==[\/vc_raw_html][\/vc_column][\/vc_row][vc_row][vc_column][\/vc_column][\/vc_row][vc_row][vc_column][\/vc_column][\/vc_row]<\/p>\n","protected":false},"author":1,"featured_media":3519,"parent":0,"menu_order":0,"comment_status":"closed","ping_status":"closed","template":"","meta":{"_joinchat":[],"footnotes":""},"class_list":["post-3518","page","type-page","status-publish","has-post-thumbnail","hentry","description-off"],"_links":{"self":[{"href":"https:\/\/laisladetabarca.com\/pl\/wp-json\/wp\/v2\/pages\/3518","targetHints":{"allow":["GET"]}}],"collection":[{"href":"https:\/\/laisladetabarca.com\/pl\/wp-json\/wp\/v2\/pages"}],"about":[{"href":"https:\/\/laisladetabarca.com\/pl\/wp-json\/wp\/v2\/types\/page"}],"author":[{"embeddable":true,"href":"https:\/\/laisladetabarca.com\/pl\/wp-json\/wp\/v2\/users\/1"}],"replies":[{"embeddable":true,"href":"https:\/\/laisladetabarca.com\/pl\/wp-json\/wp\/v2\/comments?post=3518"}],"version-history":[{"count":0,"href":"https:\/\/laisladetabarca.com\/pl\/wp-json\/wp\/v2\/pages\/3518\/revisions"}],"wp:featuredmedia":[{"embeddable":true,"href":"https:\/\/laisladetabarca.com\/pl\/wp-json\/wp\/v2\/media\/3519"}],"wp:attachment":[{"href":"https:\/\/laisladetabarca.com\/pl\/wp-json\/wp\/v2\/media?parent=3518"}],"curies":[{"name":"wp","href":"https:\/\/api.w.org\/{rel}","templated":true}]}}