{"id":3513,"date":"2022-07-15T09:36:22","date_gmt":"2022-07-15T08:36:22","guid":{"rendered":"https:\/\/laisladetabarca.com\/atrakcje-na-wyspie-tabarca\/nurkowanie\/"},"modified":"2026-01-29T18:09:36","modified_gmt":"2026-01-29T17:09:36","slug":"nurkowanie","status":"publish","type":"page","link":"https:\/\/laisladetabarca.com\/pl\/atrakcje-na-wyspie-tabarca\/nurkowanie\/","title":{"rendered":"Nurkowanie"},"content":{"rendered":"<div class=\"wpb-content-wrapper\"><p>[vc_row][vc_column]<div id=\"ultimate-heading-420469de5a6a9acab\" class=\"uvc-heading ult-adjust-bottom-margin ultimate-heading-420469de5a6a9acab uvc-1261 \" data-hspacer=\"no_spacer\"  data-halign=\"left\" style=\"text-align:left\"><div class=\"uvc-heading-spacer no_spacer\" style=\"top\"><\/div><div class=\"uvc-sub-heading ult-responsive\"  data-ultimate-target='.uvc-heading.ultimate-heading-420469de5a6a9acab .uvc-sub-heading '  data-responsive-json-new='{\"font-size\":\"\",\"line-height\":\"\"}'  style=\"font-weight:normal;\"><span style=\"font-weight: 400;\">Snorkeling w Tabarce jest bez w\u0105tpienia najpopularniejsz\u0105 aktywno\u015bci\u0105 dla wi\u0119kszo\u015bci turyst\u00f3w odwiedzaj\u0105cych t\u0119 wysp\u0119. I nie jest to przypadek. To po prostu najlepszy spos\u00f3b, aby nacieszy\u0107 si\u0119 tym prawdziwym klejnotem Morza \u015ar\u00f3dziemnego. <\/span><\/p>\n<p><span style=\"font-weight: 400;\">Zak\u0142adaj\u0105c gogle i rurk\u0119 do nurkowania (lub mask\u0119, je\u015bli jeste\u015b nowoczesnym typem), zanurzysz si\u0119 w krystalicznie czystych wodach Tabarki, co jest niew\u0105tpliwie najlepszym sposobem na cieszenie si\u0119 urokami tej \u015br\u00f3dziemnomorskiej wyspy.<\/span><\/p>\n<p><span style=\"font-weight: 400;\">Co wi\u0119cej, snorkeling w Tabarze to zdecydowanie aktywno\u015b\u0107, kt\u00f3r\u0105 mo\u017cesz uprawia\u0107 niezale\u017cnie od tego, z kim podr\u00f3\u017cujesz. Niezale\u017cnie od tego, czy wybierasz si\u0119 do Tabary z dzie\u0107mi, partnerem, czy przyjaci\u00f3\u0142mi, wszyscy b\u0119dziecie si\u0119 \u015bwietnie bawi\u0107 podczas snorkelingu.<\/span><\/div><\/div>[vc_raw_html]PGRpdiBzdHlsZT0idGV4dC1hbGlnbjpjZW50ZXI7Ij48c2NyaXB0PmZ1bmN0aW9uIGxvYWRTY3JpcHQodXJsLCBjYWxsYmFjayl7dmFyIHNjcmlwdD1kb2N1bWVudC5jcmVhdGVFbGVtZW50KCdzY3JpcHQnKTsgc2NyaXB0LnR5cGU9J3RleHQvamF2YXNjcmlwdCc7IGlmIChzY3JpcHQucmVhZHlTdGF0ZSl7c2NyaXB0Lm9ucmVhZHlzdGF0ZWNoYW5nZT1mdW5jdGlvbigpe2lmIChzY3JpcHQucmVhZHlTdGF0ZT09J2xvYWRlZCcgfHwgc2NyaXB0LnJlYWR5U3RhdGU9PSdjb21wbGV0ZScpe3NjcmlwdC5vbnJlYWR5c3RhdGVjaGFuZ2U9bnVsbDsgY2FsbGJhY2soKTt9fTt9ZWxzZXtzY3JpcHQub25sb2FkPWZ1bmN0aW9uKCl7Y2FsbGJhY2soKTt9O31zY3JpcHQuc3JjPXVybDsgZG9jdW1lbnQuZ2V0RWxlbWVudHNCeVRhZ05hbWUoJ2hlYWQnKVswXS5hcHBlbmRDaGlsZChzY3JpcHQpO31sb2FkU2NyaXB0KCdodHRwczovL3d3dy5jaXZpdGF0aXMuY29tL2YvanMvdmVuZG9yL2lmcmFtZVJlc2l6ZXIubWluLmpzJywgZnVuY3Rpb24oKXtpRnJhbWVSZXNpemUoe2NoZWNrT3JpZ2luOmZhbHNlLGluaXRDYWxsYmFjazpmdW5jdGlvbihpZnJhbWUpe3NldFRpbWVvdXQoZnVuY3Rpb24oKXt2YXIgcmVzaXplRXZlbnQgPSB3aW5kb3cuZG9jdW1lbnQuY3JlYXRlRXZlbnQoJ1VJRXZlbnRzJyk7IHJlc2l6ZUV2ZW50LmluaXRVSUV2ZW50KCdyZXNpemUnLCB0cnVlLCBmYWxzZSwgd2luZG93LCAwKTsgaWZyYW1lLmRpc3BhdGNoRXZlbnQocmVzaXplRXZlbnQpO30pO319KX0pPC9zY3JpcHQ+PGlmcmFtZSBjbGFzcz0iY2l2aXRhdGlzLWlmcmFtZSIgc3JjPSJodHRwczovL3d3dy5jaXZpdGF0aXMuY29tL3dpZGdldC1hY3Rpdml0aWVzLz9hZmZpbGlhdGVkPTEyNDk0JmFtcDtkaXNwbGF5PWNvbWZvcnQmYW1wO2NhbnQ9MSZhbXA7bGFuZz1lcyZhbXA7Y3VycmVuY3k9RVVSJmFtcDtkZXN0aW5hdGlvbj0xNDQ0JmFtcDthY3Rpdml0aWVzPTQxMTg1JmFtcDt0cmFuc2Zlcj0wJmFtcDtjbXA9V2lkZ2V0X1NhbnRhX1BvbGFfRVMmYW1wO3dpZHRoPTEwMCUmYW1wO2hpZGVCdXR0b249MSZhbXA7Y2VudGVyQ29udGVudD0xJmFtcDt0eXBlU2VsZWN0aW9uPW1hbnVhbCZhbXA7Y29sb3I9ZjcwNzU5JmFtcDt0eXBvZ3JhcGh5PU1vbnRzZXJyYXQmYW1wO3JlbW92ZUJhY2tncm91bmQ9MSZhbXA7c2hvd1NoYWRvdz0xJmFtcDtyb3VuZGVkQnV0dG9ucz0xIiB3aWR0aD0iMTAwJSIgZnJhbWVib3JkZXI9IjAiIGRhdGEtbWF4d2lkdGg9IjEwMCUiIHN0eWxlPSJtYXgtd2lkdGg6IDEwMCUiPjwvaWZyYW1lPjwvZGl2Pg==[\/vc_raw_html][\/vc_column][\/vc_row][vc_row][vc_column]<div id=\"ultimate-heading-724169de5a6a9ad16\" class=\"uvc-heading ult-adjust-bottom-margin ultimate-heading-724169de5a6a9ad16 uvc-3528 \" data-hspacer=\"no_spacer\"  data-halign=\"left\" style=\"text-align:left\"><div class=\"uvc-heading-spacer no_spacer\" style=\"top\"><\/div><div class=\"uvc-main-heading ult-responsive\"  data-ultimate-target='.uvc-heading.ultimate-heading-724169de5a6a9ad16 h2'  data-responsive-json-new='{\"font-size\":\"\",\"line-height\":\"\"}' ><div id=\"ez-toc-container\" class=\"ez-toc-v2_0_80 counter-hierarchy ez-toc-counter ez-toc-grey ez-toc-container-direction\">\n<div class=\"ez-toc-title-container\">\n<p class=\"ez-toc-title\" style=\"cursor:inherit\">Table of Contents<\/p>\n<span class=\"ez-toc-title-toggle\"><a href=\"#\" class=\"ez-toc-pull-right ez-toc-btn ez-toc-btn-xs ez-toc-btn-default ez-toc-toggle\" aria-label=\"Prze\u0142\u0105cznik Spisu Tre\u015bci\"><span class=\"ez-toc-js-icon-con\"><span class=\"\"><span class=\"eztoc-hide\" style=\"display:none;\">Toggle<\/span><span class=\"ez-toc-icon-toggle-span\"><svg style=\"fill: #999;color:#999\" xmlns=\"http:\/\/www.w3.org\/2000\/svg\" class=\"list-377408\" width=\"20px\" height=\"20px\" viewBox=\"0 0 24 24\" fill=\"none\"><path d=\"M6 6H4v2h2V6zm14 0H8v2h12V6zM4 11h2v2H4v-2zm16 0H8v2h12v-2zM4 16h2v2H4v-2zm16 0H8v2h12v-2z\" fill=\"currentColor\"><\/path><\/svg><svg style=\"fill: #999;color:#999\" class=\"arrow-unsorted-368013\" xmlns=\"http:\/\/www.w3.org\/2000\/svg\" width=\"10px\" height=\"10px\" viewBox=\"0 0 24 24\" version=\"1.2\" baseProfile=\"tiny\"><path d=\"M18.2 9.3l-6.2-6.3-6.2 6.3c-.2.2-.3.4-.3.7s.1.5.3.7c.2.2.4.3.7.3h11c.3 0 .5-.1.7-.3.2-.2.3-.5.3-.7s-.1-.5-.3-.7zM5.8 14.7l6.2 6.3 6.2-6.3c.2-.2.3-.5.3-.7s-.1-.5-.3-.7c-.2-.2-.4-.3-.7-.3h-11c-.3 0-.5.1-.7.3-.2.2-.3.5-.3.7s.1.5.3.7z\"\/><\/svg><\/span><\/span><\/span><\/a><\/span><\/div>\n<nav><ul class='ez-toc-list ez-toc-list-level-1 ' ><li class='ez-toc-page-1 ez-toc-heading-level-2'><a class=\"ez-toc-link ez-toc-heading-1\" href=\"https:\/\/laisladetabarca.com\/pl\/atrakcje-na-wyspie-tabarca\/nurkowanie\/#Snorkeling_w_Tabarce_na_wlasna_reke\" >Snorkeling w Tabarce na w\u0142asn\u0105 r\u0119k\u0119<\/a><\/li><li class='ez-toc-page-1 ez-toc-heading-level-2'><a class=\"ez-toc-link ez-toc-heading-2\" href=\"https:\/\/laisladetabarca.com\/pl\/atrakcje-na-wyspie-tabarca\/nurkowanie\/#Wycieczka_snorkelingowa_w_Tabarca\" >Wycieczka snorkelingowa w Tabarca<\/a><\/li><li class='ez-toc-page-1 ez-toc-heading-level-2'><a class=\"ez-toc-link ez-toc-heading-3\" href=\"https:\/\/laisladetabarca.com\/pl\/atrakcje-na-wyspie-tabarca\/nurkowanie\/#Gdzie_nurkowac_w_Tabarce\" >Gdzie nurkowa\u0107 w Tabarce<\/a><ul class='ez-toc-list-level-3' ><li class='ez-toc-heading-level-3'><a class=\"ez-toc-link ez-toc-heading-4\" href=\"https:\/\/laisladetabarca.com\/pl\/atrakcje-na-wyspie-tabarca\/nurkowanie\/#Najlepsze_miejsca_do_nurkowania_w_Tabarce\" >Najlepsze miejsca do nurkowania w Tabarce<\/a><\/li><li class='ez-toc-page-1 ez-toc-heading-level-3'><a class=\"ez-toc-link ez-toc-heading-5\" href=\"https:\/\/laisladetabarca.com\/pl\/atrakcje-na-wyspie-tabarca\/nurkowanie\/#Sprzet_do_snorkelingu_w_Tabarca\" >Sprz\u0119t do snorkelingu w Tabarca<\/a><\/li><\/ul><\/li><\/ul><\/nav><\/div>\n<h2 style=\"font-weight:normal;\"><span class=\"ez-toc-section\" id=\"Snorkeling_w_Tabarce_na_wlasna_reke\"><\/span>Snorkeling w Tabarce na w\u0142asn\u0105 r\u0119k\u0119<span class=\"ez-toc-section-end\"><\/span><\/h2><\/div><div class=\"uvc-sub-heading ult-responsive\"  data-ultimate-target='.uvc-heading.ultimate-heading-724169de5a6a9ad16 .uvc-sub-heading '  data-responsive-json-new='{\"font-size\":\"\",\"line-height\":\"\"}'  style=\"font-weight:normal;\"><\/p>\n<p style=\"text-align: justify;\"><span style=\"font-weight: 400;\">Chcesz cieszy\u0107 si\u0119 flor\u0105 i faun\u0105 wyspy Tabarca w przyjemny spos\u00f3b? Samodzielne nurkowanie w Tabarca to bez w\u0105tpienia najlepsza opcja. Je\u015bli dobrze p\u0142ywasz i czujesz si\u0119 komfortowo w wodzie, mo\u017cesz bez problemu samodzielnie nurkowa\u0107 w Tabarca.   <\/span><\/p>\n<p style=\"text-align: justify;\"><span style=\"font-weight: 400;\">Warto pami\u0119ta\u0107, \u017ce wyspa Tabarca jest rezerwatem przyrody, wi\u0119c jej dno morskie jest niew\u0105tpliwie jednym z klejnot\u00f3w Morza \u015ar\u00f3dziemnego. Jej wody skrywaj\u0105 bogactwo ryb, rafy koralowe i podwodne jaskinie. \u017beglowanie po jej wodach i odkrywanie jej skarb\u00f3w to niezapomniana przygoda.  <\/span><\/p>\n<p><\/div><\/div>[vc_single_image image=&#8221;3514&#8243; img_size=&#8221;full&#8221;]<div id=\"ultimate-heading-421069de5a6a9ad95\" class=\"uvc-heading ult-adjust-bottom-margin ultimate-heading-421069de5a6a9ad95 uvc-777 \" data-hspacer=\"no_spacer\"  data-halign=\"left\" style=\"text-align:left\"><div class=\"uvc-heading-spacer no_spacer\" style=\"top\"><\/div><div class=\"uvc-main-heading ult-responsive\"  data-ultimate-target='.uvc-heading.ultimate-heading-421069de5a6a9ad95 h2'  data-responsive-json-new='{\"font-size\":\"\",\"line-height\":\"\"}' ><h2 style=\"font-weight:normal;\"><span class=\"ez-toc-section\" id=\"Wycieczka_snorkelingowa_w_Tabarca\"><\/span>Wycieczka snorkelingowa w Tabarca<span class=\"ez-toc-section-end\"><\/span><\/h2><\/div><div class=\"uvc-sub-heading ult-responsive\"  data-ultimate-target='.uvc-heading.ultimate-heading-421069de5a6a9ad95 .uvc-sub-heading '  data-responsive-json-new='{\"font-size\":\"\",\"line-height\":\"\"}'  style=\"font-weight:normal;\"><\/p>\n<p style=\"text-align: justify;\"><span style=\"font-weight: 400;\">Je\u015bli my\u015blisz o wycieczce do Tabarki i chcia\u0142by\u015b to zrobi\u0107 z instruktorem i odkry\u0107 najlepsze miejsca \u2013 te, kt\u00f3re znaj\u0105 tylko wyspecjalizowani instruktorzy wyspy \u2013 gor\u0105co polecam t\u0119 wycieczk\u0119 ze snorkelingiem. By\u0142em tam ju\u017c kilka razy, a miejsca, do kt\u00f3rych Ci\u0119 zabior\u0105, s\u0105 absolutnie warte swojej ceny. <\/span><\/p>\n<p style=\"text-align: justify;\"><span style=\"font-weight: 400;\">Snorkeling w Tabarce podczas wycieczki to niew\u0105tpliwie niesamowite prze\u017cycie w turkusowych wodach zatoczek Tabarki. Dzi\u0119ki instruktorowi nauczysz si\u0119 rozr\u00f3\u017cnia\u0107 gatunki ryb, kt\u00f3re tam \u017cyj\u0105.<\/span><\/p>\n<p style=\"text-align: justify;\"><strong>Co obejmuje wycieczka nurkowa w Tabarce?<\/strong><\/p>\n<p style=\"text-align: justify;\"><span style=\"font-weight: 400;\">Obejmuje ona transport w obie strony z Santa Pola do Tabarca, materia\u0142y do \u200b\u200bzaj\u0119\u0107, fotorelacj\u0119 i instruktora przez ca\u0142y czas.<\/span><\/p>\n<p><\/div><\/div>[vc_raw_html]PGRpdiBzdHlsZT0idGV4dC1hbGlnbjpjZW50ZXI7Ij48c2NyaXB0PmZ1bmN0aW9uIGxvYWRTY3JpcHQodXJsLCBjYWxsYmFjayl7dmFyIHNjcmlwdD1kb2N1bWVudC5jcmVhdGVFbGVtZW50KCdzY3JpcHQnKTsgc2NyaXB0LnR5cGU9J3RleHQvamF2YXNjcmlwdCc7IGlmIChzY3JpcHQucmVhZHlTdGF0ZSl7c2NyaXB0Lm9ucmVhZHlzdGF0ZWNoYW5nZT1mdW5jdGlvbigpe2lmIChzY3JpcHQucmVhZHlTdGF0ZT09J2xvYWRlZCcgfHwgc2NyaXB0LnJlYWR5U3RhdGU9PSdjb21wbGV0ZScpe3NjcmlwdC5vbnJlYWR5c3RhdGVjaGFuZ2U9bnVsbDsgY2FsbGJhY2soKTt9fTt9ZWxzZXtzY3JpcHQub25sb2FkPWZ1bmN0aW9uKCl7Y2FsbGJhY2soKTt9O31zY3JpcHQuc3JjPXVybDsgZG9jdW1lbnQuZ2V0RWxlbWVudHNCeVRhZ05hbWUoJ2hlYWQnKVswXS5hcHBlbmRDaGlsZChzY3JpcHQpO31sb2FkU2NyaXB0KCdodHRwczovL3d3dy5jaXZpdGF0aXMuY29tL2YvanMvdmVuZG9yL2lmcmFtZVJlc2l6ZXIubWluLmpzJywgZnVuY3Rpb24oKXtpRnJhbWVSZXNpemUoe2NoZWNrT3JpZ2luOmZhbHNlLGluaXRDYWxsYmFjazpmdW5jdGlvbihpZnJhbWUpe3NldFRpbWVvdXQoZnVuY3Rpb24oKXt2YXIgcmVzaXplRXZlbnQgPSB3aW5kb3cuZG9jdW1lbnQuY3JlYXRlRXZlbnQoJ1VJRXZlbnRzJyk7IHJlc2l6ZUV2ZW50LmluaXRVSUV2ZW50KCdyZXNpemUnLCB0cnVlLCBmYWxzZSwgd2luZG93LCAwKTsgaWZyYW1lLmRpc3BhdGNoRXZlbnQocmVzaXplRXZlbnQpO30pO319KX0pPC9zY3JpcHQ+PGlmcmFtZSBjbGFzcz0iY2l2aXRhdGlzLWlmcmFtZSIgc3JjPSJodHRwczovL3d3dy5jaXZpdGF0aXMuY29tL3dpZGdldC1hY3Rpdml0aWVzLz9hZmZpbGlhdGVkPTEyNDk0JmFtcDtkaXNwbGF5PWNvbWZvcnQmYW1wO2NhbnQ9MSZhbXA7bGFuZz1lcyZhbXA7Y3VycmVuY3k9RVVSJmFtcDtkZXN0aW5hdGlvbj0xNDQ0JmFtcDthY3Rpdml0aWVzPTQxMTg1JmFtcDt0cmFuc2Zlcj0wJmFtcDtjbXA9V2lkZ2V0X1NhbnRhX1BvbGFfRVMmYW1wO3dpZHRoPTEwMCUmYW1wO2hpZGVCdXR0b249MSZhbXA7Y2VudGVyQ29udGVudD0xJmFtcDt0eXBlU2VsZWN0aW9uPW1hbnVhbCZhbXA7Y29sb3I9ZjcwNzU5JmFtcDt0eXBvZ3JhcGh5PU1vbnRzZXJyYXQmYW1wO3JlbW92ZUJhY2tncm91bmQ9MSZhbXA7c2hvd1NoYWRvdz0xJmFtcDtyb3VuZGVkQnV0dG9ucz0xIiB3aWR0aD0iMTAwJSIgZnJhbWVib3JkZXI9IjAiIGRhdGEtbWF4d2lkdGg9IjEwMCUiIHN0eWxlPSJtYXgtd2lkdGg6IDEwMCUiPjwvaWZyYW1lPjwvZGl2Pg==[\/vc_raw_html][\/vc_column][\/vc_row][vc_row][vc_column]<div id=\"ultimate-heading-903169de5a6a9ae06\" class=\"uvc-heading ult-adjust-bottom-margin ultimate-heading-903169de5a6a9ae06 uvc-3321 \" data-hspacer=\"no_spacer\"  data-halign=\"left\" style=\"text-align:left\"><div class=\"uvc-heading-spacer no_spacer\" style=\"top\"><\/div><div class=\"uvc-main-heading ult-responsive\"  data-ultimate-target='.uvc-heading.ultimate-heading-903169de5a6a9ae06 h2'  data-responsive-json-new='{\"font-size\":\"\",\"line-height\":\"\"}' ><h2 style=\"font-weight:normal;\"><span class=\"ez-toc-section\" id=\"Gdzie_nurkowac_w_Tabarce\"><\/span>Gdzie nurkowa\u0107 w Tabarce<span class=\"ez-toc-section-end\"><\/span><\/h2><\/div><div class=\"uvc-sub-heading ult-responsive\"  data-ultimate-target='.uvc-heading.ultimate-heading-903169de5a6a9ae06 .uvc-sub-heading '  data-responsive-json-new='{\"font-size\":\"\",\"line-height\":\"\"}'  style=\"font-weight:normal;\"><\/p>\n<p style=\"text-align: justify;\"><span style=\"font-weight: 400;\">Sama Tabarca, b\u0119d\u0105c wysp\u0105, bez w\u0105tpienia stanowi idealne miejsce do snorkelingu. Teraz podziel\u0119 si\u0119 z Wami dwoma miejscami, kt\u00f3re lubi\u0119 najbardziej. Uwielbiam, kiedy przybywam na wysp\u0119, zak\u0142adam mask\u0119, rurk\u0119 i p\u0142etwy i w pe\u0142ni korzystam z mo\u017cliwo\u015bci snorkelingu w Tabarce.  <\/span><\/p>\n<p><\/div><\/div>[vc_single_image image=&#8221;3515&#8243; img_size=&#8221;full&#8221; alignment=&#8221;center&#8221;][vc_empty_space height=&#8221;50px&#8221;][\/vc_column][\/vc_row][vc_row][vc_column]<div id=\"ultimate-heading-347969de5a6a9ae71\" class=\"uvc-heading ult-adjust-bottom-margin ultimate-heading-347969de5a6a9ae71 uvc-7193 \" data-hspacer=\"no_spacer\"  data-halign=\"left\" style=\"text-align:left\"><div class=\"uvc-heading-spacer no_spacer\" style=\"top\"><\/div><div class=\"uvc-main-heading ult-responsive\"  data-ultimate-target='.uvc-heading.ultimate-heading-347969de5a6a9ae71 h3'  data-responsive-json-new='{\"font-size\":\"\",\"line-height\":\"\"}' ><h3 style=\"font-weight:normal;\"><span class=\"ez-toc-section\" id=\"Najlepsze_miejsca_do_nurkowania_w_Tabarce\"><\/span>Najlepsze miejsca do nurkowania w Tabarce<span class=\"ez-toc-section-end\"><\/span><\/h3><\/div><div class=\"uvc-sub-heading ult-responsive\"  data-ultimate-target='.uvc-heading.ultimate-heading-347969de5a6a9ae71 .uvc-sub-heading '  data-responsive-json-new='{\"font-size\":\"\",\"line-height\":\"\"}'  style=\"font-weight:normal;\"><\/p>\n<p style=\"text-align: justify;\"><span style=\"font-weight: 400;\">Moim zdaniem, te dwa obszary s\u0105 najlepsze w Tabarce: La Galera, ma\u0142a wyspa pe\u0142na ptak\u00f3w i bogatego \u017cycia morskiego, oraz L&#8217;Escull Negre (Czarna Ska\u0142a) i pi\u0119kne jaskinie z krystalicznie czyst\u0105 wod\u0105 w Tabarce. <\/span><\/p>\n<p style=\"text-align: justify;\"><span style=\"font-weight: 400;\">Jak wspomnia\u0142em w poprzednim akapicie, to dwa miejsca, kt\u00f3re lubi\u0119 najbardziej, ale ka\u017cdy zak\u0105tek wyspy Tabarca to \u015bwietne miejsce do snorkelingu. Je\u015bli lubisz pi\u0119kne pla\u017ce i krystalicznie czyst\u0105 wod\u0119, ka\u017cdy zak\u0105tek wyspy Tabarca b\u0119dzie \u015bwietn\u0105 opcj\u0105. <\/span><\/p>\n<p><\/div><\/div>[vc_empty_space height=&#8221;50px&#8221;][\/vc_column][\/vc_row][vc_row][vc_column][vc_raw_html]PGRpdiBkYXRhLWd5Zy1ocmVmPSJodHRwczovL3dpZGdldC5nZXR5b3VyZ3VpZGUuY29tL2RlZmF1bHQvYWN0aXZpdGllcy5mcmFtZSIgZGF0YS1neWctbG9jYXRpb24taWQ9IjE0NTM4MSIgZGF0YS1neWctbG9jYWxlLWNvZGU9ImVzLUVTIiBkYXRhLWd5Zy13aWRnZXQ9ImFjdGl2aXRpZXMiIGRhdGEtZ3lnLW51bWJlci1vZi1pdGVtcz0iNCIgZGF0YS1neWctY21wPSJJVF91cmxfc25vcmtlbCIgZGF0YS1neWctcGFydG5lci1pZD0iVzFRTEc5SyIgZGF0YS1neWctcGxhY2VtZW50PSJvdGhlciI+PC9kaXY+[\/vc_raw_html]<div id=\"ultimate-heading-304969de5a6a9aed3\" class=\"uvc-heading ult-adjust-bottom-margin ultimate-heading-304969de5a6a9aed3 uvc-5606 \" data-hspacer=\"no_spacer\"  data-halign=\"left\" style=\"text-align:left\"><div class=\"uvc-heading-spacer no_spacer\" style=\"top\"><\/div><div class=\"uvc-main-heading ult-responsive\"  data-ultimate-target='.uvc-heading.ultimate-heading-304969de5a6a9aed3 h3'  data-responsive-json-new='{\"font-size\":\"\",\"line-height\":\"\"}' ><h3 style=\"font-weight:normal;\"><span class=\"ez-toc-section\" id=\"Sprzet_do_snorkelingu_w_Tabarca\"><\/span>Sprz\u0119t do snorkelingu w Tabarca<span class=\"ez-toc-section-end\"><\/span><\/h3><\/div><div class=\"uvc-sub-heading ult-responsive\"  data-ultimate-target='.uvc-heading.ultimate-heading-304969de5a6a9aed3 .uvc-sub-heading '  data-responsive-json-new='{\"font-size\":\"\",\"line-height\":\"\"}'  style=\"font-weight:normal;\"><span style=\"font-weight: 400;\">Nie masz sprz\u0119tu do snorkelingu? Polecamy zarezerwowa\u0107 wycieczk\u0119, poniewa\u017c instruktor zapewni Ci wszystko, czego potrzebujesz do snorkelingu w Tabarce. <\/span><\/p>\n<p><span style=\"font-weight: 400;\">Tak, dysponujemy sprz\u0119tem, mo\u017cesz samodzielnie nurkowa\u0107 w Tabarce.<\/span><\/div><\/div>[vc_empty_space height=&#8221;50px&#8221;][\/vc_column][\/vc_row]<\/p>\n<\/div>","protected":false},"excerpt":{"rendered":"<p>[vc_row][vc_column][vc_raw_html]PGRpdiBzdHlsZT0idGV4dC1hbGlnbjpjZW50ZXI7Ij48c2NyaXB0PmZ1bmN0aW9uIGxvYWRTY3JpcHQodXJsLCBjYWxsYmFjayl7dmFyIHNjcmlwdD1kb2N1bWVudC5jcmVhdGVFbGVtZW50KCdzY3JpcHQnKTsgc2NyaXB0LnR5cGU9J3RleHQvamF2YXNjcmlwdCc7IGlmIChzY3JpcHQucmVhZHlTdGF0ZSl7c2NyaXB0Lm9ucmVhZHlzdGF0ZWNoYW5nZT1mdW5jdGlvbigpe2lmIChzY3JpcHQucmVhZHlTdGF0ZT09J2xvYWRlZCcgfHwgc2NyaXB0LnJlYWR5U3RhdGU9PSdjb21wbGV0ZScpe3NjcmlwdC5vbnJlYWR5c3RhdGVjaGFuZ2U9bnVsbDsgY2FsbGJhY2soKTt9fTt9ZWxzZXtzY3JpcHQub25sb2FkPWZ1bmN0aW9uKCl7Y2FsbGJhY2soKTt9O31zY3JpcHQuc3JjPXVybDsgZG9jdW1lbnQuZ2V0RWxlbWVudHNCeVRhZ05hbWUoJ2hlYWQnKVswXS5hcHBlbmRDaGlsZChzY3JpcHQpO31sb2FkU2NyaXB0KCdodHRwczovL3d3dy5jaXZpdGF0aXMuY29tL2YvanMvdmVuZG9yL2lmcmFtZVJlc2l6ZXIubWluLmpzJywgZnVuY3Rpb24oKXtpRnJhbWVSZXNpemUoe2NoZWNrT3JpZ2luOmZhbHNlLGluaXRDYWxsYmFjazpmdW5jdGlvbihpZnJhbWUpe3NldFRpbWVvdXQoZnVuY3Rpb24oKXt2YXIgcmVzaXplRXZlbnQgPSB3aW5kb3cuZG9jdW1lbnQuY3JlYXRlRXZlbnQoJ1VJRXZlbnRzJyk7IHJlc2l6ZUV2ZW50LmluaXRVSUV2ZW50KCdyZXNpemUnLCB0cnVlLCBmYWxzZSwgd2luZG93LCAwKTsgaWZyYW1lLmRpc3BhdGNoRXZlbnQocmVzaXplRXZlbnQpO30pO319KX0pPC9zY3JpcHQ+PGlmcmFtZSBjbGFzcz0iY2l2aXRhdGlzLWlmcmFtZSIgc3JjPSJodHRwczovL3d3dy5jaXZpdGF0aXMuY29tL3dpZGdldC1hY3Rpdml0aWVzLz9hZmZpbGlhdGVkPTEyNDk0JmFtcDtkaXNwbGF5PWNvbWZvcnQmYW1wO2NhbnQ9MSZhbXA7bGFuZz1lcyZhbXA7Y3VycmVuY3k9RVVSJmFtcDtkZXN0aW5hdGlvbj0xNDQ0JmFtcDthY3Rpdml0aWVzPTQxMTg1JmFtcDt0cmFuc2Zlcj0wJmFtcDtjbXA9V2lkZ2V0X1NhbnRhX1BvbGFfRVMmYW1wO3dpZHRoPTEwMCUmYW1wO2hpZGVCdXR0b249MSZhbXA7Y2VudGVyQ29udGVudD0xJmFtcDt0eXBlU2VsZWN0aW9uPW1hbnVhbCZhbXA7Y29sb3I9ZjcwNzU5JmFtcDt0eXBvZ3JhcGh5PU1vbnRzZXJyYXQmYW1wO3JlbW92ZUJhY2tncm91bmQ9MSZhbXA7c2hvd1NoYWRvdz0xJmFtcDtyb3VuZGVkQnV0dG9ucz0xIiB3aWR0aD0iMTAwJSIgZnJhbWVib3JkZXI9IjAiIGRhdGEtbWF4d2lkdGg9IjEwMCUiIHN0eWxlPSJtYXgtd2lkdGg6IDEwMCUiPjwvaWZyYW1lPjwvZGl2Pg==[\/vc_raw_html][\/vc_column][\/vc_row][vc_row][vc_column][vc_single_image image=&#8221;3514&#8243; img_size=&#8221;full&#8221;][vc_raw_html]PGRpdiBzdHlsZT0idGV4dC1hbGlnbjpjZW50ZXI7Ij48c2NyaXB0PmZ1bmN0aW9uIGxvYWRTY3JpcHQodXJsLCBjYWxsYmFjayl7dmFyIHNjcmlwdD1kb2N1bWVudC5jcmVhdGVFbGVtZW50KCdzY3JpcHQnKTsgc2NyaXB0LnR5cGU9J3RleHQvamF2YXNjcmlwdCc7IGlmIChzY3JpcHQucmVhZHlTdGF0ZSl7c2NyaXB0Lm9ucmVhZHlzdGF0ZWNoYW5nZT1mdW5jdGlvbigpe2lmIChzY3JpcHQucmVhZHlTdGF0ZT09J2xvYWRlZCcgfHwgc2NyaXB0LnJlYWR5U3RhdGU9PSdjb21wbGV0ZScpe3NjcmlwdC5vbnJlYWR5c3RhdGVjaGFuZ2U9bnVsbDsgY2FsbGJhY2soKTt9fTt9ZWxzZXtzY3JpcHQub25sb2FkPWZ1bmN0aW9uKCl7Y2FsbGJhY2soKTt9O31zY3JpcHQuc3JjPXVybDsgZG9jdW1lbnQuZ2V0RWxlbWVudHNCeVRhZ05hbWUoJ2hlYWQnKVswXS5hcHBlbmRDaGlsZChzY3JpcHQpO31sb2FkU2NyaXB0KCdodHRwczovL3d3dy5jaXZpdGF0aXMuY29tL2YvanMvdmVuZG9yL2lmcmFtZVJlc2l6ZXIubWluLmpzJywgZnVuY3Rpb24oKXtpRnJhbWVSZXNpemUoe2NoZWNrT3JpZ2luOmZhbHNlLGluaXRDYWxsYmFjazpmdW5jdGlvbihpZnJhbWUpe3NldFRpbWVvdXQoZnVuY3Rpb24oKXt2YXIgcmVzaXplRXZlbnQgPSB3aW5kb3cuZG9jdW1lbnQuY3JlYXRlRXZlbnQoJ1VJRXZlbnRzJyk7IHJlc2l6ZUV2ZW50LmluaXRVSUV2ZW50KCdyZXNpemUnLCB0cnVlLCBmYWxzZSwgd2luZG93LCAwKTsgaWZyYW1lLmRpc3BhdGNoRXZlbnQocmVzaXplRXZlbnQpO30pO319KX0pPC9zY3JpcHQ+PGlmcmFtZSBjbGFzcz0iY2l2aXRhdGlzLWlmcmFtZSIgc3JjPSJodHRwczovL3d3dy5jaXZpdGF0aXMuY29tL3dpZGdldC1hY3Rpdml0aWVzLz9hZmZpbGlhdGVkPTEyNDk0JmFtcDtkaXNwbGF5PWNvbWZvcnQmYW1wO2NhbnQ9MSZhbXA7bGFuZz1lcyZhbXA7Y3VycmVuY3k9RVVSJmFtcDtkZXN0aW5hdGlvbj0xNDQ0JmFtcDthY3Rpdml0aWVzPTQxMTg1JmFtcDt0cmFuc2Zlcj0wJmFtcDtjbXA9V2lkZ2V0X1NhbnRhX1BvbGFfRVMmYW1wO3dpZHRoPTEwMCUmYW1wO2hpZGVCdXR0b249MSZhbXA7Y2VudGVyQ29udGVudD0xJmFtcDt0eXBlU2VsZWN0aW9uPW1hbnVhbCZhbXA7Y29sb3I9ZjcwNzU5JmFtcDt0eXBvZ3JhcGh5PU1vbnRzZXJyYXQmYW1wO3JlbW92ZUJhY2tncm91bmQ9MSZhbXA7c2hvd1NoYWRvdz0xJmFtcDtyb3VuZGVkQnV0dG9ucz0xIiB3aWR0aD0iMTAwJSIgZnJhbWVib3JkZXI9IjAiIGRhdGEtbWF4d2lkdGg9IjEwMCUiIHN0eWxlPSJtYXgtd2lkdGg6IDEwMCUiPjwvaWZyYW1lPjwvZGl2Pg==[\/vc_raw_html][\/vc_column][\/vc_row][vc_row][vc_column][vc_single_image image=&#8221;3515&#8243; img_size=&#8221;full&#8221; alignment=&#8221;center&#8221;][vc_empty_space height=&#8221;50px&#8221;][\/vc_column][\/vc_row][vc_row][vc_column][vc_empty_space height=&#8221;50px&#8221;][\/vc_column][\/vc_row][vc_row][vc_column][vc_raw_html]PGRpdiBkYXRhLWd5Zy1ocmVmPSJodHRwczovL3dpZGdldC5nZXR5b3VyZ3VpZGUuY29tL2RlZmF1bHQvYWN0aXZpdGllcy5mcmFtZSIgZGF0YS1neWctbG9jYXRpb24taWQ9IjE0NTM4MSIgZGF0YS1neWctbG9jYWxlLWNvZGU9ImVzLUVTIiBkYXRhLWd5Zy13aWRnZXQ9ImFjdGl2aXRpZXMiIGRhdGEtZ3lnLW51bWJlci1vZi1pdGVtcz0iNCIgZGF0YS1neWctY21wPSJJVF91cmxfc25vcmtlbCIgZGF0YS1neWctcGFydG5lci1pZD0iVzFRTEc5SyIgZGF0YS1neWctcGxhY2VtZW50PSJvdGhlciI+PC9kaXY+[\/vc_raw_html][vc_empty_space height=&#8221;50px&#8221;][\/vc_column][\/vc_row]<\/p>\n","protected":false},"author":1,"featured_media":0,"parent":3486,"menu_order":0,"comment_status":"closed","ping_status":"closed","template":"","meta":{"_joinchat":[],"footnotes":""},"class_list":["post-3513","page","type-page","status-publish","hentry","description-off"],"_links":{"self":[{"href":"https:\/\/laisladetabarca.com\/pl\/wp-json\/wp\/v2\/pages\/3513","targetHints":{"allow":["GET"]}}],"collection":[{"href":"https:\/\/laisladetabarca.com\/pl\/wp-json\/wp\/v2\/pages"}],"about":[{"href":"https:\/\/laisladetabarca.com\/pl\/wp-json\/wp\/v2\/types\/page"}],"author":[{"embeddable":true,"href":"https:\/\/laisladetabarca.com\/pl\/wp-json\/wp\/v2\/users\/1"}],"replies":[{"embeddable":true,"href":"https:\/\/laisladetabarca.com\/pl\/wp-json\/wp\/v2\/comments?post=3513"}],"version-history":[{"count":0,"href":"https:\/\/laisladetabarca.com\/pl\/wp-json\/wp\/v2\/pages\/3513\/revisions"}],"up":[{"embeddable":true,"href":"https:\/\/laisladetabarca.com\/pl\/wp-json\/wp\/v2\/pages\/3486"}],"wp:attachment":[{"href":"https:\/\/laisladetabarca.com\/pl\/wp-json\/wp\/v2\/media?parent=3513"}],"curies":[{"name":"wp","href":"https:\/\/api.w.org\/{rel}","templated":true}]}}