{"id":3500,"date":"2022-08-08T09:38:32","date_gmt":"2022-08-08T08:38:32","guid":{"rendered":"https:\/\/laisladetabarca.com\/atrakcje-na-wyspie-tabarca\/skutery-wodne-w-tabarca\/"},"modified":"2026-01-29T18:02:42","modified_gmt":"2026-01-29T17:02:42","slug":"skutery-wodne-w-tabarca","status":"publish","type":"page","link":"https:\/\/laisladetabarca.com\/pl\/atrakcje-na-wyspie-tabarca\/skutery-wodne-w-tabarca\/","title":{"rendered":"Skutery wodne w Tabarca"},"content":{"rendered":"<div class=\"wpb-content-wrapper\"><p>[vc_row][vc_column]<div id=\"ultimate-heading-425669de5a57db083\" class=\"uvc-heading ult-adjust-bottom-margin ultimate-heading-425669de5a57db083 uvc-3201 \" data-hspacer=\"no_spacer\"  data-halign=\"left\" style=\"text-align:left\"><div class=\"uvc-heading-spacer no_spacer\" style=\"top\"><\/div><div class=\"uvc-sub-heading ult-responsive\"  data-ultimate-target='.uvc-heading.ultimate-heading-425669de5a57db083 .uvc-sub-heading '  data-responsive-json-new='{\"font-size\":\"\",\"line-height\":\"\"}'  style=\"font-weight:normal;\"><\/p>\n<p style=\"text-align: justify;\"><span style=\"font-weight: 400;\">Jednym z najfajniejszych i najbardziej ekscytuj\u0105cych sposob\u00f3w dotarcia na wysp\u0119 Tabarca jest skuter wodny. Je\u015bli kochasz pr\u0119dko\u015b\u0107, adrenalin\u0119 i fale, najlepszym rozwi\u0105zaniem b\u0119dzie skorzystanie ze skutera wodnego i udanie si\u0119 na Tabarc\u0119. <\/span><\/p>\n<p style=\"text-align: justify;\"><span style=\"font-weight: 400;\">Wiele os\u00f3b lubi je\u017adzi\u0107 na skuterach wodnych w Tabarce, startuj\u0105c z Alicante lub Santa Pola. Obecnie wiele firm oferuje tego typu aktywno\u015bci. Je\u015bli lubisz dreszczyk emocji, wiatr we w\u0142osach i b\u0142yskawiczne p\u0142ywanie po Morzu \u015ar\u00f3dziemnym, jazda na skuterach wodnych w Tabarce to bez w\u0105tpienia Twoja ulubiona rozrywka.  <\/span><\/p>\n<p style=\"text-align: justify;\"><span style=\"font-weight: 400;\">Na naszej stronie internetowej oferujemy wynajem skuter\u00f3w wodnych w Tabarca, a tak\u017ce wycieczki skuterami wodnymi do Tabarca.<\/span><\/p>\n<p><\/div><\/div>[vc_empty_space height=&#8221;50px&#8221;][\/vc_column][\/vc_row][vc_row][vc_column]<div id=\"ultimate-heading-559469de5a57db10e\" class=\"uvc-heading ult-adjust-bottom-margin ultimate-heading-559469de5a57db10e uvc-1344 \" data-hspacer=\"no_spacer\"  data-halign=\"left\" style=\"text-align:left\"><div class=\"uvc-heading-spacer no_spacer\" style=\"top\"><\/div><div class=\"uvc-main-heading ult-responsive\"  data-ultimate-target='.uvc-heading.ultimate-heading-559469de5a57db10e h2'  data-responsive-json-new='{\"font-size\":\"\",\"line-height\":\"\"}' ><div id=\"ez-toc-container\" class=\"ez-toc-v2_0_80 counter-hierarchy ez-toc-counter ez-toc-grey ez-toc-container-direction\">\n<div class=\"ez-toc-title-container\">\n<p class=\"ez-toc-title\" style=\"cursor:inherit\">Table of Contents<\/p>\n<span class=\"ez-toc-title-toggle\"><a href=\"#\" class=\"ez-toc-pull-right ez-toc-btn ez-toc-btn-xs ez-toc-btn-default ez-toc-toggle\" aria-label=\"Prze\u0142\u0105cznik Spisu Tre\u015bci\"><span class=\"ez-toc-js-icon-con\"><span class=\"\"><span class=\"eztoc-hide\" style=\"display:none;\">Toggle<\/span><span class=\"ez-toc-icon-toggle-span\"><svg style=\"fill: #999;color:#999\" xmlns=\"http:\/\/www.w3.org\/2000\/svg\" class=\"list-377408\" width=\"20px\" height=\"20px\" viewBox=\"0 0 24 24\" fill=\"none\"><path d=\"M6 6H4v2h2V6zm14 0H8v2h12V6zM4 11h2v2H4v-2zm16 0H8v2h12v-2zM4 16h2v2H4v-2zm16 0H8v2h12v-2z\" fill=\"currentColor\"><\/path><\/svg><svg style=\"fill: #999;color:#999\" class=\"arrow-unsorted-368013\" xmlns=\"http:\/\/www.w3.org\/2000\/svg\" width=\"10px\" height=\"10px\" viewBox=\"0 0 24 24\" version=\"1.2\" baseProfile=\"tiny\"><path d=\"M18.2 9.3l-6.2-6.3-6.2 6.3c-.2.2-.3.4-.3.7s.1.5.3.7c.2.2.4.3.7.3h11c.3 0 .5-.1.7-.3.2-.2.3-.5.3-.7s-.1-.5-.3-.7zM5.8 14.7l6.2 6.3 6.2-6.3c.2-.2.3-.5.3-.7s-.1-.5-.3-.7c-.2-.2-.4-.3-.7-.3h-11c-.3 0-.5.1-.7.3-.2.2-.3.5-.3.7s.1.5.3.7z\"\/><\/svg><\/span><\/span><\/span><\/a><\/span><\/div>\n<nav><ul class='ez-toc-list ez-toc-list-level-1 ' ><li class='ez-toc-page-1 ez-toc-heading-level-2'><a class=\"ez-toc-link ez-toc-heading-1\" href=\"https:\/\/laisladetabarca.com\/pl\/atrakcje-na-wyspie-tabarca\/skutery-wodne-w-tabarca\/#Nie_masz_uprawnien_zeglarskich_Zarezerwuj_wycieczke_skuterem_wodnym_do_Tabarca\" >Nie masz uprawnie\u0144 \u017ceglarskich? Zarezerwuj wycieczk\u0119 skuterem wodnym do Tabarca.<\/a><\/li><li class='ez-toc-page-1 ez-toc-heading-level-2'><a class=\"ez-toc-link ez-toc-heading-2\" href=\"https:\/\/laisladetabarca.com\/pl\/atrakcje-na-wyspie-tabarca\/skutery-wodne-w-tabarca\/#Czy_masz_uprawnienia_zeglarskie_do_prowadzenia_skutera_wodnego_w_Tabarce\" >Czy masz uprawnienia \u017ceglarskie do prowadzenia skutera wodnego w Tabarce?<\/a><\/li><li class='ez-toc-page-1 ez-toc-heading-level-2'><a class=\"ez-toc-link ez-toc-heading-3\" href=\"https:\/\/laisladetabarca.com\/pl\/atrakcje-na-wyspie-tabarca\/skutery-wodne-w-tabarca\/#Czy_mozna_pojechac_do_Tabarca_na_skuterze_wodnym\" >Czy mo\u017cna pojecha\u0107 do Tabarca na skuterze wodnym?<\/a><\/li><li class='ez-toc-page-1 ez-toc-heading-level-2'><a class=\"ez-toc-link ez-toc-heading-4\" href=\"https:\/\/laisladetabarca.com\/pl\/atrakcje-na-wyspie-tabarca\/skutery-wodne-w-tabarca\/#Podroz_lodzia_do_Tabarki_bez_licencji\" >Podr\u00f3\u017c \u0142odzi\u0105 do Tabarki bez licencji<\/a><\/li><\/ul><\/nav><\/div>\n<h2 style=\"font-weight:normal;\"><span class=\"ez-toc-section\" id=\"Nie_masz_uprawnien_zeglarskich_Zarezerwuj_wycieczke_skuterem_wodnym_do_Tabarca\"><\/span>Nie masz uprawnie\u0144 \u017ceglarskich? Zarezerwuj wycieczk\u0119 skuterem wodnym do Tabarca. <span class=\"ez-toc-section-end\"><\/span><\/h2><\/div><div class=\"uvc-sub-heading ult-responsive\"  data-ultimate-target='.uvc-heading.ultimate-heading-559469de5a57db10e .uvc-sub-heading '  data-responsive-json-new='{\"font-size\":\"\",\"line-height\":\"\"}'  style=\"font-weight:normal;\"><span style=\"font-weight: 400;\">Je\u015bli dopiero zaczynasz przygod\u0119 z jazd\u0105 na skuterze wodnym i nie posiadasz uprawnie\u0144 \u017ceglarskich wymaganych do wypo\u017cyczenia skutera wodnego w Tabarce, mo\u017cesz wybra\u0107 si\u0119 na wycieczk\u0119 skuterem wodnym po Tabarce. Oznacza to, \u017ce instruktor b\u0119dzie jecha\u0142 z przodu na skuterze wodnym i wyznacza\u0142 tras\u0119, a Ty b\u0119dziesz jecha\u0142 z ty\u0142u na drugim skuterze wodnym i b\u0119dziesz m\u00f3g\u0142 nim kierowa\u0107, o ile masz uko\u0144czone 16 lat (z pozwoleniem) lub 18 lat. <\/span><\/div><\/div>[vc_empty_space][vc_single_image image=&#8221;3510&#8243; img_size=&#8221;full&#8221; alignment=&#8221;center&#8221; onclick=&#8221;custom_link&#8221; img_link_target=&#8221;_blank&#8221; image_hovers=&#8221;false&#8221; link=&#8221;https:\/\/marinalia.es\/deporte-y-aventura\/excursiones-en-el-mar\/excursiones-moto-agua\/745-excursion-en-moto-de-agua-a-tabarca-y-la-manga-del-mar-menor.html?utm_source=google&amp;utm_medium=Trafico&amp;utm_campaign=IT_url_moto_agua&amp;utm_id=IT_url_moto_agua&#8221;][vc_single_image image=&#8221;3502&#8243; img_size=&#8221;800&#215;300&#8243; alignment=&#8221;center&#8221; onclick=&#8221;custom_link&#8221; image_hovers=&#8221;false&#8221; link=&#8221;https:\/\/marinalia.es\/deporte-y-aventura\/excursiones-en-el-mar\/excursiones-moto-agua\/1117-2670-ruta-motos-agua-tabarca-desde-santa-pola.html#\/duracion-1_hora_y_30_minutos&#8221;][vc_single_image image=&#8221;3507&#8243; img_size=&#8221;800&#215;300&#8243; alignment=&#8221;center&#8221; onclick=&#8221;custom_link&#8221; image_hovers=&#8221;false&#8221; link=&#8221;https:\/\/marinalia.es\/deporte-y-aventura\/excursiones-en-el-mar\/excursiones-moto-agua\/745-excursion-en-moto-de-agua-a-tabarca-y-la-manga-del-mar-menor.html&#8221;][vc_single_image image=&#8221;3508&#8243; img_size=&#8221;800&#215;300&#8243; alignment=&#8221;center&#8221; onclick=&#8221;custom_link&#8221; image_hovers=&#8221;false&#8221; link=&#8221;https:\/\/marinalia.es\/deporte-y-aventura\/excursiones-en-el-mar\/excursiones-moto-agua\/1117-2671-ruta-motos-agua-tabarca-desde-santa-pola.html#\/755-duracion-2_horas&#8221;]<div id=\"ultimate-heading-897369de5a57db1b1\" class=\"uvc-heading ult-adjust-bottom-margin ultimate-heading-897369de5a57db1b1 uvc-2232 \" data-hspacer=\"no_spacer\"  data-halign=\"left\" style=\"text-align:left\"><div class=\"uvc-heading-spacer no_spacer\" style=\"top\"><\/div><div class=\"uvc-main-heading ult-responsive\"  data-ultimate-target='.uvc-heading.ultimate-heading-897369de5a57db1b1 h2'  data-responsive-json-new='{\"font-size\":\"\",\"line-height\":\"\"}' ><h2 style=\"font-weight:normal;\"><span class=\"ez-toc-section\" id=\"Czy_masz_uprawnienia_zeglarskie_do_prowadzenia_skutera_wodnego_w_Tabarce\"><\/span>Czy masz uprawnienia \u017ceglarskie do prowadzenia skutera wodnego w Tabarce?<span class=\"ez-toc-section-end\"><\/span><\/h2><\/div><div class=\"uvc-sub-heading ult-responsive\"  data-ultimate-target='.uvc-heading.ultimate-heading-897369de5a57db1b1 .uvc-sub-heading '  data-responsive-json-new='{\"font-size\":\"\",\"line-height\":\"\"}'  style=\"font-weight:normal;\"><\/p>\n<p style=\"text-align: justify;\"><span style=\"font-weight: 400;\">Je\u015bli posiadasz wymagane uprawnienia \u017ceglarskie do jazdy skuterem wodnym, bez problemu dotrzesz do Tabarki. Je\u015bli posiadasz uprawnienia, ale nie posiadasz skutera wodnego w okolicach Tabarki, Alicante lub Santa Pola, skontaktuj si\u0119 z nami, a podamy Ci dane kontaktowe wypo\u017cyczalni skuter\u00f3w wodnych w Tabarce. <\/span><\/p>\n<p><\/div><\/div>[vc_video link=&#8221;https:\/\/www.youtube.com\/watch?v=Leg95s7tHPE&#8221; align=&#8221;center&#8221;][\/vc_column][\/vc_row][vc_row][vc_column]<div id=\"ultimate-heading-408469de5a57db233\" class=\"uvc-heading ult-adjust-bottom-margin ultimate-heading-408469de5a57db233 uvc-6044 \" data-hspacer=\"no_spacer\"  data-halign=\"left\" style=\"text-align:left\"><div class=\"uvc-heading-spacer no_spacer\" style=\"top\"><\/div><div class=\"uvc-main-heading ult-responsive\"  data-ultimate-target='.uvc-heading.ultimate-heading-408469de5a57db233 h2'  data-responsive-json-new='{\"font-size\":\"\",\"line-height\":\"\"}' ><h2 style=\"font-weight:normal;\"><span class=\"ez-toc-section\" id=\"Czy_mozna_pojechac_do_Tabarca_na_skuterze_wodnym\"><\/span>Czy mo\u017cna pojecha\u0107 do Tabarca na skuterze wodnym?<span class=\"ez-toc-section-end\"><\/span><\/h2><\/div><div class=\"uvc-sub-heading ult-responsive\"  data-ultimate-target='.uvc-heading.ultimate-heading-408469de5a57db233 .uvc-sub-heading '  data-responsive-json-new='{\"font-size\":\"\",\"line-height\":\"\"}'  style=\"font-weight:normal;\"><\/p>\n<p style=\"text-align: justify;\"><span style=\"font-weight: 400;\">Tak, do Tabarki mo\u017cna bez problemu dop\u0142yn\u0105\u0107 skuterem wodnym. Je\u015bli masz uprawnienia \u017ceglarskie, mo\u017cesz pop\u0142yn\u0105\u0107 samodzielnie, a je\u015bli nie, mo\u017cesz skorzysta\u0107 z wycieczki skuterem wodnym do Tabarki. Mo\u017cesz r\u00f3wnie\u017c wyruszy\u0107 z r\u00f3\u017cnych miejsc na wybrze\u017cu Morza \u015ar\u00f3dziemnego, takich jak Santa Pola, Alicante czy Torrevieja.   <\/span><\/p>\n<p><\/div><\/div>[vc_empty_space height=&#8221;50px&#8221;]<div id=\"ultimate-heading-406769de5a57db2a6\" class=\"uvc-heading ult-adjust-bottom-margin ultimate-heading-406769de5a57db2a6 uvc-9850 \" data-hspacer=\"no_spacer\"  data-halign=\"left\" style=\"text-align:left\"><div class=\"uvc-heading-spacer no_spacer\" style=\"top\"><\/div><div class=\"uvc-main-heading ult-responsive\"  data-ultimate-target='.uvc-heading.ultimate-heading-406769de5a57db2a6 h2'  data-responsive-json-new='{\"font-size\":\"\",\"line-height\":\"\"}' ><h2 style=\"font-weight:normal;\"><span class=\"ez-toc-section\" id=\"Podroz_lodzia_do_Tabarki_bez_licencji\"><\/span>Podr\u00f3\u017c \u0142odzi\u0105 do Tabarki bez licencji<span class=\"ez-toc-section-end\"><\/span><\/h2><\/div><div class=\"uvc-sub-heading ult-responsive\"  data-ultimate-target='.uvc-heading.ultimate-heading-406769de5a57db2a6 .uvc-sub-heading '  data-responsive-json-new='{\"font-size\":\"\",\"line-height\":\"\"}'  style=\"font-weight:normal;\"><\/p>\n<p style=\"text-align: justify;\"><span style=\"font-weight: 400;\">Polecamy r\u00f3wnie\u017c inny, najbardziej ekscytuj\u0105cy spos\u00f3b dotarcia do Tabarki: wynaj\u0119cie \u0142odzi bez licencji (nie jest wymagane) i udanie si\u0119 na wysp\u0119 Tabarca.<\/span><\/p>\n<p><\/div><\/div>[vc_single_image image=&#8221;3509&#8243; img_size=&#8221;800&#215;300&#8243; alignment=&#8221;center&#8221; onclick=&#8221;custom_link&#8221; image_hovers=&#8221;false&#8221; link=&#8221;https:\/\/www.yumping.com\/ofertas\/alquiler-de-barcos\/alicante\/alquiler-de-barco-compass-sin-carnet-2h-santa-pola&#8211;o64683#64688?id_partner=157c21faa68927a9c1418be25f1c0d81&amp;placement=content-end&amp;cmp=IT_url_motos de agua&#8221;][\/vc_column][\/vc_row][vc_row][vc_column][vc_empty_space height=&#8221;50px&#8221;][\/vc_column][\/vc_row]<\/p>\n<\/div>","protected":false},"excerpt":{"rendered":"<p>[vc_row][vc_column][vc_empty_space height=&#8221;50px&#8221;][\/vc_column][\/vc_row][vc_row][vc_column][vc_empty_space][vc_single_image image=&#8221;3510&#8243; img_size=&#8221;full&#8221; alignment=&#8221;center&#8221; onclick=&#8221;custom_link&#8221; img_link_target=&#8221;_blank&#8221; image_hovers=&#8221;false&#8221; link=&#8221;https:\/\/marinalia.es\/deporte-y-aventura\/excursiones-en-el-mar\/excursiones-moto-agua\/745-excursion-en-moto-de-agua-a-tabarca-y-la-manga-del-mar-menor.html?utm_source=google&amp;utm_medium=Trafico&amp;utm_campaign=IT_url_moto_agua&amp;utm_id=IT_url_moto_agua&#8221;][vc_single_image image=&#8221;3502&#8243; img_size=&#8221;800&#215;300&#8243; alignment=&#8221;center&#8221; onclick=&#8221;custom_link&#8221; image_hovers=&#8221;false&#8221; link=&#8221;https:\/\/marinalia.es\/deporte-y-aventura\/excursiones-en-el-mar\/excursiones-moto-agua\/1117-2670-ruta-motos-agua-tabarca-desde-santa-pola.html#\/duracion-1_hora_y_30_minutos&#8221;][vc_single_image image=&#8221;3507&#8243; img_size=&#8221;800&#215;300&#8243; alignment=&#8221;center&#8221; onclick=&#8221;custom_link&#8221; image_hovers=&#8221;false&#8221; link=&#8221;https:\/\/marinalia.es\/deporte-y-aventura\/excursiones-en-el-mar\/excursiones-moto-agua\/745-excursion-en-moto-de-agua-a-tabarca-y-la-manga-del-mar-menor.html&#8221;][vc_single_image image=&#8221;3508&#8243; img_size=&#8221;800&#215;300&#8243; alignment=&#8221;center&#8221; onclick=&#8221;custom_link&#8221; image_hovers=&#8221;false&#8221; link=&#8221;https:\/\/marinalia.es\/deporte-y-aventura\/excursiones-en-el-mar\/excursiones-moto-agua\/1117-2671-ruta-motos-agua-tabarca-desde-santa-pola.html#\/755-duracion-2_horas&#8221;][vc_video link=&#8221;https:\/\/www.youtube.com\/watch?v=Leg95s7tHPE&#8221; align=&#8221;center&#8221;][\/vc_column][\/vc_row][vc_row][vc_column][vc_empty_space height=&#8221;50px&#8221;][vc_single_image image=&#8221;3509&#8243; img_size=&#8221;800&#215;300&#8243; alignment=&#8221;center&#8221; onclick=&#8221;custom_link&#8221; image_hovers=&#8221;false&#8221; link=&#8221;https:\/\/www.yumping.com\/ofertas\/alquiler-de-barcos\/alicante\/alquiler-de-barco-compass-sin-carnet-2h-santa-pola&#8211;o64683#64688?id_partner=157c21faa68927a9c1418be25f1c0d81&amp;placement=content-end&amp;cmp=IT_url_motos de agua&#8221;][\/vc_column][\/vc_row][vc_row][vc_column][vc_empty_space height=&#8221;50px&#8221;][\/vc_column][\/vc_row]<\/p>\n","protected":false},"author":1,"featured_media":0,"parent":3486,"menu_order":0,"comment_status":"closed","ping_status":"closed","template":"","meta":{"_joinchat":[],"footnotes":""},"class_list":["post-3500","page","type-page","status-publish","hentry","description-off"],"_links":{"self":[{"href":"https:\/\/laisladetabarca.com\/pl\/wp-json\/wp\/v2\/pages\/3500","targetHints":{"allow":["GET"]}}],"collection":[{"href":"https:\/\/laisladetabarca.com\/pl\/wp-json\/wp\/v2\/pages"}],"about":[{"href":"https:\/\/laisladetabarca.com\/pl\/wp-json\/wp\/v2\/types\/page"}],"author":[{"embeddable":true,"href":"https:\/\/laisladetabarca.com\/pl\/wp-json\/wp\/v2\/users\/1"}],"replies":[{"embeddable":true,"href":"https:\/\/laisladetabarca.com\/pl\/wp-json\/wp\/v2\/comments?post=3500"}],"version-history":[{"count":0,"href":"https:\/\/laisladetabarca.com\/pl\/wp-json\/wp\/v2\/pages\/3500\/revisions"}],"up":[{"embeddable":true,"href":"https:\/\/laisladetabarca.com\/pl\/wp-json\/wp\/v2\/pages\/3486"}],"wp:attachment":[{"href":"https:\/\/laisladetabarca.com\/pl\/wp-json\/wp\/v2\/media?parent=3500"}],"curies":[{"name":"wp","href":"https:\/\/api.w.org\/{rel}","templated":true}]}}