{"id":3488,"date":"2022-07-28T12:06:55","date_gmt":"2022-07-28T11:06:55","guid":{"rendered":"https:\/\/laisladetabarca.com\/atrakcje-na-wyspie-tabarca\/nurkowac\/"},"modified":"2025-09-02T02:22:46","modified_gmt":"2025-09-02T02:22:46","slug":"nurkowac","status":"publish","type":"page","link":"https:\/\/laisladetabarca.com\/pl\/atrakcje-na-wyspie-tabarca\/nurkowac\/","title":{"rendered":"Nurkowa\u0107"},"content":{"rendered":"<div class=\"wpb-content-wrapper\"><p>[vc_row][vc_column]<div id=\"ultimate-heading-937669de5f1a73c7e\" class=\"uvc-heading ult-adjust-bottom-margin ultimate-heading-937669de5f1a73c7e uvc-5998 \" data-hspacer=\"no_spacer\"  data-halign=\"left\" style=\"text-align:left\"><div class=\"uvc-heading-spacer no_spacer\" style=\"top\"><\/div><div class=\"uvc-sub-heading ult-responsive\"  data-ultimate-target='.uvc-heading.ultimate-heading-937669de5f1a73c7e .uvc-sub-heading '  data-responsive-json-new='{\"font-size\":\"\",\"line-height\":\"\"}'  style=\"font-weight:normal;\"><\/p>\n<p style=\"text-align: justify;\"><span style=\"font-weight: 400;\">Wyspa Tabarca jest rezerwatem morskim od 1986 roku; w rzeczywisto\u015bci by\u0142 to pierwszy obszar og\u0142oszony rezerwatem morskim. To sprawia, \u017ce \u200b\u200bokolice wyspy s\u0105 niew\u0105tpliwie jednym z najlepszych miejsc do nurkowania na Morzu \u015ar\u00f3dziemnym. Co wi\u0119cej, fakt, \u017ce jest to rezerwat morski, czyni Tabarc\u0119 rajem nawet dla najbardziej do\u015bwiadczonych nurk\u00f3w.  <\/span><\/p>\n<p style=\"text-align: justify;\"><span style=\"font-weight: 400;\">To obszar, gdzie kontrolowane po\u0142owy i dobrze utrzymany rezerwat morski sprawiaj\u0105, \u017ce mo\u017cna tu spotka\u0107 niezliczone gatunki morskie. Co wi\u0119cej, charakterystyczn\u0105 cech\u0105 tego obszaru jest wyst\u0119powanie Posidonia oceanica. Posidonia to ro\u015blina morska, kt\u00f3ra tworzy prawdziwe lasy, natleniaj\u0105ce nasz\u0105 planet\u0119 i zamieniaj\u0105ce Rezerwat Morski Tabarca w akwarium krystalicznie czystej wody.  <\/span><\/p>\n<p><\/div><\/div>[vc_empty_space height=&#8221;50px&#8221;][vc_single_image image=&#8221;3492&#8243; img_size=&#8221;full&#8221; onclick=&#8221;custom_link&#8221; img_link_target=&#8221;_blank&#8221; link=&#8221;https:\/\/marinalia.es\/124-buceo-y-snorkel?comunidad-valenciana=actividades-tabarca&#8221;][\/vc_column][\/vc_row][vc_row][vc_column]<div id=\"ultimate-heading-791169de5f1a73cf8\" class=\"uvc-heading ult-adjust-bottom-margin ultimate-heading-791169de5f1a73cf8 uvc-4233 \" data-hspacer=\"no_spacer\"  data-halign=\"left\" style=\"text-align:left\"><div class=\"uvc-heading-spacer no_spacer\" style=\"top\"><\/div><div class=\"uvc-main-heading ult-responsive\"  data-ultimate-target='.uvc-heading.ultimate-heading-791169de5f1a73cf8 h2'  data-responsive-json-new='{\"font-size\":\"\",\"line-height\":\"\"}' ><div id=\"ez-toc-container\" class=\"ez-toc-v2_0_80 counter-hierarchy ez-toc-counter ez-toc-grey ez-toc-container-direction\">\n<div class=\"ez-toc-title-container\">\n<p class=\"ez-toc-title\" style=\"cursor:inherit\">Table of Contents<\/p>\n<span class=\"ez-toc-title-toggle\"><a href=\"#\" class=\"ez-toc-pull-right ez-toc-btn ez-toc-btn-xs ez-toc-btn-default ez-toc-toggle\" aria-label=\"Prze\u0142\u0105cznik Spisu Tre\u015bci\"><span class=\"ez-toc-js-icon-con\"><span class=\"\"><span class=\"eztoc-hide\" style=\"display:none;\">Toggle<\/span><span class=\"ez-toc-icon-toggle-span\"><svg style=\"fill: #999;color:#999\" xmlns=\"http:\/\/www.w3.org\/2000\/svg\" class=\"list-377408\" width=\"20px\" height=\"20px\" viewBox=\"0 0 24 24\" fill=\"none\"><path d=\"M6 6H4v2h2V6zm14 0H8v2h12V6zM4 11h2v2H4v-2zm16 0H8v2h12v-2zM4 16h2v2H4v-2zm16 0H8v2h12v-2z\" fill=\"currentColor\"><\/path><\/svg><svg style=\"fill: #999;color:#999\" class=\"arrow-unsorted-368013\" xmlns=\"http:\/\/www.w3.org\/2000\/svg\" width=\"10px\" height=\"10px\" viewBox=\"0 0 24 24\" version=\"1.2\" baseProfile=\"tiny\"><path d=\"M18.2 9.3l-6.2-6.3-6.2 6.3c-.2.2-.3.4-.3.7s.1.5.3.7c.2.2.4.3.7.3h11c.3 0 .5-.1.7-.3.2-.2.3-.5.3-.7s-.1-.5-.3-.7zM5.8 14.7l6.2 6.3 6.2-6.3c.2-.2.3-.5.3-.7s-.1-.5-.3-.7c-.2-.2-.4-.3-.7-.3h-11c-.3 0-.5.1-.7.3-.2.2-.3.5-.3.7s.1.5.3.7z\"\/><\/svg><\/span><\/span><\/span><\/a><\/span><\/div>\n<nav><ul class='ez-toc-list ez-toc-list-level-1 ' ><li class='ez-toc-page-1 ez-toc-heading-level-2'><a class=\"ez-toc-link ez-toc-heading-1\" href=\"https:\/\/laisladetabarca.com\/pl\/atrakcje-na-wyspie-tabarca\/nurkowac\/#Czy_masz_licencje_nurkowa_w_Tabarce\" >Czy masz licencj\u0119 nurkow\u0105 w Tabarce?<\/a><\/li><li class='ez-toc-page-1 ez-toc-heading-level-2'><a class=\"ez-toc-link ez-toc-heading-2\" href=\"https:\/\/laisladetabarca.com\/pl\/atrakcje-na-wyspie-tabarca\/nurkowac\/#Czym_jest_chrzest_nurkowy_w_Tabarce\" >Czym jest chrzest nurkowy w Tabarce?<\/a><\/li><li class='ez-toc-page-1 ez-toc-heading-level-2'><a class=\"ez-toc-link ez-toc-heading-3\" href=\"https:\/\/laisladetabarca.com\/pl\/atrakcje-na-wyspie-tabarca\/nurkowac\/#Miejsca_nurkowe_w_Tabarce\" >Miejsca nurkowe w Tabarce<\/a><ul class='ez-toc-list-level-3' ><li class='ez-toc-heading-level-3'><a class=\"ez-toc-link ez-toc-heading-4\" href=\"https:\/\/laisladetabarca.com\/pl\/atrakcje-na-wyspie-tabarca\/nurkowac\/#Czy_mozna_nurkowac_przez_caly_rok\" >Czy mo\u017cna nurkowa\u0107 przez ca\u0142y rok?<\/a><\/li><li class='ez-toc-page-1 ez-toc-heading-level-3'><a class=\"ez-toc-link ez-toc-heading-5\" href=\"https:\/\/laisladetabarca.com\/pl\/atrakcje-na-wyspie-tabarca\/nurkowac\/#Film_o_nurkowaniu_w_Tabarce\" >Film o nurkowaniu w Tabarce<\/a><\/li><\/ul><\/li><\/ul><\/nav><\/div>\n<h2 style=\"font-weight:normal;\"><span class=\"ez-toc-section\" id=\"Czy_masz_licencje_nurkowa_w_Tabarce\"><\/span>Czy masz licencj\u0119 nurkow\u0105 w Tabarce?<span class=\"ez-toc-section-end\"><\/span><\/h2><\/div><div class=\"uvc-sub-heading ult-responsive\"  data-ultimate-target='.uvc-heading.ultimate-heading-791169de5f1a73cf8 .uvc-sub-heading '  data-responsive-json-new='{\"font-size\":\"\",\"line-height\":\"\"}'  style=\"font-weight:normal;\"><\/p>\n<p style=\"text-align: justify;\"><span style=\"font-weight: 400;\">Je\u015bli posiadasz licencj\u0119 nurkow\u0105, w Tabarce znajduje si\u0119 kilka autoryzowanych centr\u00f3w nurkowych oferuj\u0105cych mo\u017cliwo\u015b\u0107 nurkowania. Znajdziesz je w Santa Pola, a nawet w Alicante. Pami\u0119taj, aby zarezerwowa\u0107 miejsce w autoryzowanym centrum. <\/span><\/p>\n<p style=\"text-align: justify;\"><span style=\"font-weight: 400;\">Je\u015bli jednak nie posiadasz certyfikatu, zalecamy wzi\u0119cie udzia\u0142u w nurkowaniu pod okiem instruktora. Jest to bez w\u0105tpienia jedna z najlepszych aktywno\u015bci, jakie mo\u017cna podj\u0105\u0107 w Tabarce. <\/span><\/p>\n<p><\/div><\/div>[vc_single_image image=&#8221;3491&#8243; img_size=&#8221;full&#8221;]<div id=\"ultimate-heading-32769de5f1a73d83\" class=\"uvc-heading ult-adjust-bottom-margin ultimate-heading-32769de5f1a73d83 uvc-9949 \" data-hspacer=\"no_spacer\"  data-halign=\"left\" style=\"text-align:left\"><div class=\"uvc-heading-spacer no_spacer\" style=\"top\"><\/div><div class=\"uvc-main-heading ult-responsive\"  data-ultimate-target='.uvc-heading.ultimate-heading-32769de5f1a73d83 h2'  data-responsive-json-new='{\"font-size\":\"\",\"line-height\":\"\"}' ><h2 style=\"font-weight:normal;\"><span class=\"ez-toc-section\" id=\"Czym_jest_chrzest_nurkowy_w_Tabarce\"><\/span>Czym jest chrzest nurkowy w Tabarce?<span class=\"ez-toc-section-end\"><\/span><\/h2><\/div><div class=\"uvc-sub-heading ult-responsive\"  data-ultimate-target='.uvc-heading.ultimate-heading-32769de5f1a73d83 .uvc-sub-heading '  data-responsive-json-new='{\"font-size\":\"\",\"line-height\":\"\"}'  style=\"font-weight:normal;\"><span style=\"font-weight: 400;\">\u201eSpr\u00f3buj nurkowania\u201d to rodzaj nurkowania, kt\u00f3re mo\u017cesz uprawia\u0107 nawet bez certyfikatu nurkowego. Dlatego je\u015bli chcesz do\u015bwiadczy\u0107 spektakularnych wra\u017ce\u0144 z nurkowania, Tabarca jest niew\u0105tpliwie najlepszym miejscem. <\/span><\/div><\/div>[vc_single_image image=&#8221;3492&#8243; img_size=&#8221;full&#8221; onclick=&#8221;custom_link&#8221; img_link_target=&#8221;_blank&#8221; link=&#8221;https:\/\/marinalia.es\/124-buceo-y-snorkel?comunidad-valenciana=actividades-tabarca&#8221;][vc_empty_space height=&#8221;50px&#8221;]<div id=\"ultimate-heading-642569de5f1a73ded\" class=\"uvc-heading ult-adjust-bottom-margin ultimate-heading-642569de5f1a73ded uvc-198 \" data-hspacer=\"no_spacer\"  data-halign=\"left\" style=\"text-align:left\"><div class=\"uvc-heading-spacer no_spacer\" style=\"top\"><\/div><div class=\"uvc-main-heading ult-responsive\"  data-ultimate-target='.uvc-heading.ultimate-heading-642569de5f1a73ded h2'  data-responsive-json-new='{\"font-size\":\"\",\"line-height\":\"\"}' ><h2 style=\"font-weight:normal;\"><span class=\"ez-toc-section\" id=\"Miejsca_nurkowe_w_Tabarce\"><\/span>Miejsca nurkowe w Tabarce<span class=\"ez-toc-section-end\"><\/span><\/h2><\/div><div class=\"uvc-sub-heading ult-responsive\"  data-ultimate-target='.uvc-heading.ultimate-heading-642569de5f1a73ded .uvc-sub-heading '  data-responsive-json-new='{\"font-size\":\"\",\"line-height\":\"\"}'  style=\"font-weight:normal;\"><\/p>\n<p style=\"text-align: justify;\"><span style=\"font-weight: 400;\">Na wyspie Tabarca znajduj\u0105 si\u0119 r\u00f3\u017cne obszary do nurkowania, w zale\u017cno\u015bci od tego, czy s\u0105 to wody \u015br\u00f3dl\u0105dowe czy otwarte.<\/span><\/p>\n<p>&nbsp;<\/p>\n<ul>\n<li style=\"text-align: justify;\"><b>Wody \u015br\u00f3dl\u0105dowe w Tabarce<\/b><\/li>\n<\/ul>\n<p style=\"text-align: justify;\"><span style=\"font-weight: 400;\">Rezerwat morski po\u0142o\u017cony najbli\u017cej wyspy Tabarca to obszar \u015br\u00f3dl\u0105dowy. Wody te obejmuj\u0105 kilka miejsc do nurkowania, w tym: Escull Negre, Artificial Reefs, La Galera, Escull Roig i Aguas Libres. <\/span><\/p>\n<p style=\"text-align: justify;\"><span style=\"font-weight: 400;\">Obszar ten sk\u0142ada si\u0119 z 5 stref nurkowych: Escull Roig (-8 m), Islote de la Galera (-6 m), Escull Negre (-10 m), Sztuczna Rafa (-20 m) lub strefa Free Water.<\/span><\/p>\n<p style=\"text-align: justify;\"><span style=\"font-weight: 400;\">W tym obszarze wymagane jest uzyskanie zezwolenia od Departamentu Rybo\u0142\u00f3wstwa Alicante oraz dostarczenie niezb\u0119dnych dokument\u00f3w (<\/span><span style=\"font-weight: 400;\">certyfikatu nurkowego, dowodu osobistego, za\u015bwiadczenia lekarskiego na wypadek problem\u00f3w zdrowotnych oraz ubezpieczenia nurkowego<\/span><span style=\"font-weight: 400;\">, co najmniej 7 dni wcze\u015bniej).<\/span><\/p>\n<p>&nbsp;<\/p>\n<div class=\"uvc-main-heading ult-responsive\" data-ultimate-target=\".uvc-heading.ultimate-heading-839962e26ca15d8a6 h3\" data-responsive-json-new=\"{\"font-size\":\"\",\"line-height\":\"\"}\">\n<ul>\n<li><strong>Wody zewn\u0119trzne w Tabarce<\/strong><\/li>\n<\/ul>\n<\/div>\n<div class=\"uvc-sub-heading ult-responsive\" data-ultimate-target=\".uvc-heading.ultimate-heading-839962e26ca15d8a6 .uvc-sub-heading  \" data-responsive-json-new=\"{\"font-size\":\"\",\"line-height\":\"\"}\">Rezerwat morski w wodach zewn\u0119trznych w rejonie wysepki La Nao i Bajo de la Nao lub de la Llosa<\/div>\n<p><\/div><\/div>[\/vc_column][\/vc_row][vc_row][vc_column][vc_single_image image=&#8221;3489&#8243; img_size=&#8221;full&#8221; alignment=&#8221;center&#8221;][vc_empty_space height=&#8221;50px&#8221;][\/vc_column][\/vc_row][vc_row][vc_column]<div id=\"ultimate-heading-56269de5f1a73e61\" class=\"uvc-heading ult-adjust-bottom-margin ultimate-heading-56269de5f1a73e61 uvc-8250 \" data-hspacer=\"no_spacer\"  data-halign=\"left\" style=\"text-align:left\"><div class=\"uvc-heading-spacer no_spacer\" style=\"top\"><\/div><div class=\"uvc-main-heading ult-responsive\"  data-ultimate-target='.uvc-heading.ultimate-heading-56269de5f1a73e61 h3'  data-responsive-json-new='{\"font-size\":\"\",\"line-height\":\"\"}' ><h3 style=\"font-weight:normal;\"><span class=\"ez-toc-section\" id=\"Czy_mozna_nurkowac_przez_caly_rok\"><\/span>Czy mo\u017cna nurkowa\u0107 przez ca\u0142y rok?<span class=\"ez-toc-section-end\"><\/span><\/h3><\/div><div class=\"uvc-sub-heading ult-responsive\"  data-ultimate-target='.uvc-heading.ultimate-heading-56269de5f1a73e61 .uvc-sub-heading '  data-responsive-json-new='{\"font-size\":\"\",\"line-height\":\"\"}'  style=\"font-weight:normal;\"><\/p>\n<p style=\"text-align: justify;\"><span style=\"font-weight: 400;\">Tak, nurkowanie w Tabarce jest mo\u017cliwe przez ca\u0142y rok. Nale\u017cy jednak pami\u0119ta\u0107, \u017ce od pa\u017adziernika do marca nurkowanie jest dozwolone tylko w pi\u0105tki, soboty i niedziele. Przez reszt\u0119 roku nurkowanie jest dozwolone tylko we wtorki, pi\u0105tki, soboty, niedziele i \u015bwi\u0119ta (w wodach \u015br\u00f3dl\u0105dowych) oraz codziennie (w wodach otwartych).<\/span><\/p>\n<p><\/div><\/div>[vc_empty_space height=&#8221;50px&#8221;][\/vc_column][\/vc_row][vc_row][vc_column][vc_single_image image=&#8221;3492&#8243; img_size=&#8221;full&#8221; onclick=&#8221;custom_link&#8221; img_link_target=&#8221;_blank&#8221; link=&#8221;https:\/\/marinalia.es\/124-buceo-y-snorkel?comunidad-valenciana=actividades-tabarca&#8221;]<div id=\"ultimate-heading-907969de5f1a73eb4\" class=\"uvc-heading ult-adjust-bottom-margin ultimate-heading-907969de5f1a73eb4 uvc-9805 \" data-hspacer=\"no_spacer\"  data-halign=\"left\" style=\"text-align:left\"><div class=\"uvc-heading-spacer no_spacer\" style=\"top\"><\/div><div class=\"uvc-main-heading ult-responsive\"  data-ultimate-target='.uvc-heading.ultimate-heading-907969de5f1a73eb4 h3'  data-responsive-json-new='{\"font-size\":\"\",\"line-height\":\"\"}' ><h3 style=\"font-weight:normal;\"><span class=\"ez-toc-section\" id=\"Film_o_nurkowaniu_w_Tabarce\"><\/span>Film o nurkowaniu w Tabarce<span class=\"ez-toc-section-end\"><\/span><\/h3><\/div><\/div>[vc_video link=&#8221;https:\/\/www.youtube.com\/watch?v=cx0Ox6P6SJQ&#8221; align=&#8221;center&#8221;][vc_empty_space height=&#8221;50px&#8221;][\/vc_column][\/vc_row]<\/p>\n<\/div>","protected":false},"excerpt":{"rendered":"<p>[vc_row][vc_column][vc_empty_space height=&#8221;50px&#8221;][vc_single_image image=&#8221;3492&#8243; img_size=&#8221;full&#8221; onclick=&#8221;custom_link&#8221; img_link_target=&#8221;_blank&#8221; link=&#8221;https:\/\/marinalia.es\/124-buceo-y-snorkel?comunidad-valenciana=actividades-tabarca&#8221;][\/vc_column][\/vc_row][vc_row][vc_column][vc_single_image image=&#8221;3491&#8243; img_size=&#8221;full&#8221;][vc_single_image image=&#8221;3492&#8243; img_size=&#8221;full&#8221; onclick=&#8221;custom_link&#8221; img_link_target=&#8221;_blank&#8221; link=&#8221;https:\/\/marinalia.es\/124-buceo-y-snorkel?comunidad-valenciana=actividades-tabarca&#8221;][vc_empty_space height=&#8221;50px&#8221;][\/vc_column][\/vc_row][vc_row][vc_column][vc_single_image image=&#8221;3489&#8243; img_size=&#8221;full&#8221; alignment=&#8221;center&#8221;][vc_empty_space height=&#8221;50px&#8221;][\/vc_column][\/vc_row][vc_row][vc_column][vc_empty_space height=&#8221;50px&#8221;][\/vc_column][\/vc_row][vc_row][vc_column][vc_single_image image=&#8221;3492&#8243; img_size=&#8221;full&#8221; onclick=&#8221;custom_link&#8221; img_link_target=&#8221;_blank&#8221; link=&#8221;https:\/\/marinalia.es\/124-buceo-y-snorkel?comunidad-valenciana=actividades-tabarca&#8221;][vc_video link=&#8221;https:\/\/www.youtube.com\/watch?v=cx0Ox6P6SJQ&#8221; align=&#8221;center&#8221;][vc_empty_space height=&#8221;50px&#8221;][\/vc_column][\/vc_row]<\/p>\n","protected":false},"author":1,"featured_media":0,"parent":3486,"menu_order":0,"comment_status":"closed","ping_status":"closed","template":"","meta":{"_joinchat":[],"footnotes":""},"class_list":["post-3488","page","type-page","status-publish","hentry","description-off"],"_links":{"self":[{"href":"https:\/\/laisladetabarca.com\/pl\/wp-json\/wp\/v2\/pages\/3488","targetHints":{"allow":["GET"]}}],"collection":[{"href":"https:\/\/laisladetabarca.com\/pl\/wp-json\/wp\/v2\/pages"}],"about":[{"href":"https:\/\/laisladetabarca.com\/pl\/wp-json\/wp\/v2\/types\/page"}],"author":[{"embeddable":true,"href":"https:\/\/laisladetabarca.com\/pl\/wp-json\/wp\/v2\/users\/1"}],"replies":[{"embeddable":true,"href":"https:\/\/laisladetabarca.com\/pl\/wp-json\/wp\/v2\/comments?post=3488"}],"version-history":[{"count":0,"href":"https:\/\/laisladetabarca.com\/pl\/wp-json\/wp\/v2\/pages\/3488\/revisions"}],"up":[{"embeddable":true,"href":"https:\/\/laisladetabarca.com\/pl\/wp-json\/wp\/v2\/pages\/3486"}],"wp:attachment":[{"href":"https:\/\/laisladetabarca.com\/pl\/wp-json\/wp\/v2\/media?parent=3488"}],"curies":[{"name":"wp","href":"https:\/\/api.w.org\/{rel}","templated":true}]}}