{"id":1981,"date":"2023-02-08T16:27:11","date_gmt":"2023-02-08T15:27:11","guid":{"rendered":"https:\/\/laisladetabarca.com\/met-kinderen\/"},"modified":"2026-01-30T17:31:39","modified_gmt":"2026-01-30T16:31:39","slug":"met-kinderen","status":"publish","type":"page","link":"https:\/\/laisladetabarca.com\/nl\/met-kinderen\/","title":{"rendered":"Met kinderen"},"content":{"rendered":"<div class=\"wpb-content-wrapper\"><p>[vc_row][vc_column]<div id=\"ultimate-heading-65969de36290f453\" class=\"uvc-heading ult-adjust-bottom-margin ultimate-heading-65969de36290f453 uvc-4614 \" data-hspacer=\"no_spacer\"  data-halign=\"left\" style=\"text-align:left\"><div class=\"uvc-heading-spacer no_spacer\" style=\"top\"><\/div><div class=\"uvc-sub-heading ult-responsive\"  data-ultimate-target='.uvc-heading.ultimate-heading-65969de36290f453 .uvc-sub-heading '  data-responsive-json-new='{\"font-size\":\"\",\"line-height\":\"\"}'  style=\"font-weight:normal;\"><\/p>\n<p style=\"text-align: justify;\">Het eiland Tabarca is een natuurlijk paradijs in de Middellandse Zee dat eindeloze mogelijkheden biedt om te genieten van zon, zee en natuur. Maar wist je dat het ook een ideale plek is voor kinderen? Dit kleine stukje land is een perfecte bestemming voor gezinnen met kinderen, die een grote verscheidenheid aan activiteiten en attracties zullen vinden om plezier te hebben en tegelijkertijd te leren.  <\/p>\n<p>&nbsp;<\/p>\n<p style=\"text-align: justify;\">Van een bezoek aan het aquarium en het bekijken van de vissen tot een bezoek aan de vuurtoren en het bewonderen van het uitzicht, kinderen zullen een onvergetelijke ervaring beleven op het eiland Tabarca. In dit bericht vertellen we je alles wat kinderen kunnen doen op dit prachtige eiland. <\/p>\n<p><\/div><\/div>[vc_empty_space height=&#8221;50px&#8221;][\/vc_column][\/vc_row][vc_row][vc_column]<div id=\"ultimate-heading-534569de36290f4a7\" class=\"uvc-heading ult-adjust-bottom-margin ultimate-heading-534569de36290f4a7 uvc-296 \" data-hspacer=\"no_spacer\"  data-halign=\"left\" style=\"text-align:left\"><div class=\"uvc-heading-spacer no_spacer\" style=\"top\"><\/div><div class=\"uvc-main-heading ult-responsive\"  data-ultimate-target='.uvc-heading.ultimate-heading-534569de36290f4a7 h2'  data-responsive-json-new='{\"font-size\":\"\",\"line-height\":\"\"}' ><div id=\"ez-toc-container\" class=\"ez-toc-v2_0_80 counter-hierarchy ez-toc-counter ez-toc-grey ez-toc-container-direction\">\n<div class=\"ez-toc-title-container\">\n<p class=\"ez-toc-title\" style=\"cursor:inherit\">Table of Contents<\/p>\n<span class=\"ez-toc-title-toggle\"><a href=\"#\" class=\"ez-toc-pull-right ez-toc-btn ez-toc-btn-xs ez-toc-btn-default ez-toc-toggle\" aria-label=\"Toggle tabel met inhoud\"><span class=\"ez-toc-js-icon-con\"><span class=\"\"><span class=\"eztoc-hide\" style=\"display:none;\">Toggle<\/span><span class=\"ez-toc-icon-toggle-span\"><svg style=\"fill: #999;color:#999\" xmlns=\"http:\/\/www.w3.org\/2000\/svg\" class=\"list-377408\" width=\"20px\" height=\"20px\" viewBox=\"0 0 24 24\" fill=\"none\"><path d=\"M6 6H4v2h2V6zm14 0H8v2h12V6zM4 11h2v2H4v-2zm16 0H8v2h12v-2zM4 16h2v2H4v-2zm16 0H8v2h12v-2z\" fill=\"currentColor\"><\/path><\/svg><svg style=\"fill: #999;color:#999\" class=\"arrow-unsorted-368013\" xmlns=\"http:\/\/www.w3.org\/2000\/svg\" width=\"10px\" height=\"10px\" viewBox=\"0 0 24 24\" version=\"1.2\" baseProfile=\"tiny\"><path d=\"M18.2 9.3l-6.2-6.3-6.2 6.3c-.2.2-.3.4-.3.7s.1.5.3.7c.2.2.4.3.7.3h11c.3 0 .5-.1.7-.3.2-.2.3-.5.3-.7s-.1-.5-.3-.7zM5.8 14.7l6.2 6.3 6.2-6.3c.2-.2.3-.5.3-.7s-.1-.5-.3-.7c-.2-.2-.4-.3-.7-.3h-11c-.3 0-.5.1-.7.3-.2.2-.3.5-.3.7s.1.5.3.7z\"\/><\/svg><\/span><\/span><\/span><\/a><\/span><\/div>\n<nav><ul class='ez-toc-list ez-toc-list-level-1 ' ><li class='ez-toc-page-1 ez-toc-heading-level-2'><a class=\"ez-toc-link ez-toc-heading-1\" href=\"https:\/\/laisladetabarca.com\/nl\/met-kinderen\/#Welke_recreatieve_activiteiten_zijn_er_beschikbaar_voor_kinderen_in_Tabarca\" >Welke recreatieve activiteiten zijn er beschikbaar voor kinderen in Tabarca?<\/a><\/li><li class='ez-toc-page-1 ez-toc-heading-level-2'><a class=\"ez-toc-link ez-toc-heading-2\" href=\"https:\/\/laisladetabarca.com\/nl\/met-kinderen\/#Ben_je_op_zoek_naar_een_leuke_en_spannende_activiteit_voor_kinderen_op_het_eiland_Tabarca\" >Ben je op zoek naar een leuke en spannende activiteit voor kinderen op het eiland Tabarca?<\/a><\/li><li class='ez-toc-page-1 ez-toc-heading-level-2'><a class=\"ez-toc-link ez-toc-heading-3\" href=\"https:\/\/laisladetabarca.com\/nl\/met-kinderen\/#Zijn_er_veilige_wateractiviteiten_voor_kinderen_op_het_eiland_Tabarca\" >Zijn er veilige wateractiviteiten voor kinderen op het eiland Tabarca?<\/a><ul class='ez-toc-list-level-3' ><li class='ez-toc-heading-level-3'><a class=\"ez-toc-link ez-toc-heading-4\" href=\"https:\/\/laisladetabarca.com\/nl\/met-kinderen\/#Is_het_mogelijk_om_het_eiland_het_hele_jaar_door_te_bezoeken\" >Is het mogelijk om het eiland het hele jaar door te bezoeken?<\/a><\/li><\/ul><\/li><\/ul><\/nav><\/div>\n<h2 style=\"font-weight:normal;\"><span class=\"ez-toc-section\" id=\"Welke_recreatieve_activiteiten_zijn_er_beschikbaar_voor_kinderen_in_Tabarca\"><\/span>Welke recreatieve activiteiten zijn er beschikbaar voor kinderen in Tabarca?<span class=\"ez-toc-section-end\"><\/span><\/h2><\/div><div class=\"uvc-sub-heading ult-responsive\"  data-ultimate-target='.uvc-heading.ultimate-heading-534569de36290f4a7 .uvc-sub-heading '  data-responsive-json-new='{\"font-size\":\"\",\"line-height\":\"\"}'  style=\"font-weight:normal;\"><\/p>\n<div class=\"flex-1 overflow-hidden\">\n<div class=\"react-scroll-to-bottom--css-fsolu-79elbk h-full dark:bg-gray-800\">\n<div class=\"react-scroll-to-bottom--css-fsolu-1n7m0yu\">\n<div class=\"flex flex-col items-center text-sm h-full dark:bg-gray-800\">\n<div class=\"w-full border-b border-black\/10 dark:border-gray-900\/50 text-gray-800 dark:text-gray-100 group bg-gray-50 dark:bg-[#444654]\">\n<div class=\"text-base gap-4 md:gap-6 m-auto md:max-w-2xl lg:max-w-2xl xl:max-w-3xl p-4 md:py-6 flex lg:px-0\">\n<div class=\"relative flex w-[calc(100%-50px)] flex-col gap-1 md:gap-3 lg:w-[calc(100%-115px)]\">\n<div class=\"flex flex-grow flex-col gap-3\">\n<div class=\"min-h-[20px] flex flex-col items-start gap-4 whitespace-pre-wrap\">\n<div class=\"markdown prose w-full break-words dark:prose-invert light\">\n<p>Het eiland Tabarca is een perfecte bestemming voor kinderen, met een breed scala aan recreatieve activiteiten die hen zullen vermaken en hen laten genieten van de natuurlijke schoonheid van het eiland. Hier zijn enkele van de populairste activiteiten voor kinderen in Tabarca: <\/p>\n<ol>\n<li>Snorkelen en duiken: Kinderen kunnen een duik nemen in de kristalheldere zee van Tabarca en de prachtige onderwaterwereld verkennen. Er zijn verschillende snorkel- en duikexcursies beschikbaar, waarbij je tropische vissen en ander zeeleven kunt zien. <\/li>\n<li>Bezoek aan het aquarium: Kinderen kunnen het aquarium van Tabarca bezoeken en de vissen en andere zeedieren die in de Middellandse Zee leven van dichtbij bekijken.<\/li>\n<li>Rondleidingen door de vuurtoren: De vuurtoren van Tabarca is een van de populairste attracties op het eiland. Kinderen kunnen naar de top klimmen en genieten van het adembenemende panoramische uitzicht op de zee en het eiland. <\/li>\n<li>Boottochten: Kinderen kunnen aan boord van een boot klimmen en de kust van Tabarca verkennen. Er is een grote verscheidenheid aan excursies beschikbaar, van cruises van een hele dag tot middagtochten. <\/li>\n<li>Strandspelletjes: Kinderen kunnen watersporten beoefenen, zoals surfen en windsurfen, of gewoon op het strand spelen en van de zon genieten.<\/li>\n<\/ol>\n<p>Kortom, het eiland Tabarca is een perfecte bestemming voor kinderen, met een breed scala aan recreatieve activiteiten die hen zullen vermaken en hen laten genieten van de natuurlijke schoonheid van het eiland. Of ze nu ge\u00efnteresseerd zijn in duiken, boottochten, watersporten of gewoon spelen op het strand, kinderen zullen een onvergetelijke ervaring hebben in Tabarca. <\/p>\n<\/div>\n<\/div>\n<\/div>\n<div class=\"flex justify-between\">\n<div class=\"text-gray-400 flex self-end lg:self-center justify-center mt-2 gap-3 md:gap-4 lg:gap-1 lg:absolute lg:top-0 lg:translate-x-full lg:right-0 lg:mt-0 lg:pl-2 visible\"><\/div>\n<\/div>\n<\/div>\n<\/div>\n<\/div>\n<div class=\"w-full h-32 md:h-48 flex-shrink-0\"><\/div>\n<\/div>\n<\/div>\n<\/div>\n<\/div>\n<div class=\"absolute bottom-0 left-0 w-full border-t md:border-t-0 dark:border-white\/20 md:border-transparent md:dark:border-transparent md:bg-vert-light-gradient bg-white dark:bg-gray-800 md:!bg-transparent dark:md:bg-vert-dark-gradient\">\n<form class=\"stretch mx-2 flex flex-row gap-3 pt-2 last:mb-2 md:last:mb-6 lg:mx-auto lg:max-w-3xl lg:pt-6\">\n<div class=\"relative flex h-full flex-1 md:flex-col\">\n<div class=\"flex ml-1 mt-1.5 md:w-full md:m-auto md:mb-2 gap-0 md:gap-2 justify-center\"><\/div>\n<\/div>\n<\/form>\n<\/div>\n<p><\/div><\/div>[vc_single_image image=&#8221;1250&#8243; img_size=&#8221;full&#8221;]<div id=\"ultimate-heading-904969de36290f514\" class=\"uvc-heading ult-adjust-bottom-margin ultimate-heading-904969de36290f514 uvc-4017 \" data-hspacer=\"no_spacer\"  data-halign=\"left\" style=\"text-align:left\"><div class=\"uvc-heading-spacer no_spacer\" style=\"top\"><\/div><div class=\"uvc-main-heading ult-responsive\"  data-ultimate-target='.uvc-heading.ultimate-heading-904969de36290f514 h2'  data-responsive-json-new='{\"font-size\":\"\",\"line-height\":\"\"}' ><h2 style=\"font-weight:normal;\"><span class=\"ez-toc-section\" id=\"Ben_je_op_zoek_naar_een_leuke_en_spannende_activiteit_voor_kinderen_op_het_eiland_Tabarca\"><\/span>Ben je op zoek naar een leuke en spannende activiteit voor kinderen op het eiland Tabarca?<span class=\"ez-toc-section-end\"><\/span><\/h2><\/div><div class=\"uvc-sub-heading ult-responsive\"  data-ultimate-target='.uvc-heading.ultimate-heading-904969de36290f514 .uvc-sub-heading '  data-responsive-json-new='{\"font-size\":\"\",\"line-height\":\"\"}'  style=\"font-weight:normal;\">Een tochtje met een catamaran is een perfecte manier om de kust van Tabarca te verkennen en te genieten van de zon, de zee en de natuur. Kinderen kunnen genieten van een dagje waterpret, zwemmen en duiken in de kristalheldere zee en het zeeleven van dichtbij bekijken. Bovendien omvatten catamarantochten meestal een picknick op een verlaten strand, wat een perfecte gelegenheid is voor kinderen om te spelen en van de zon te genieten.<\/p>\n<p>Er zijn veel mogelijkheden voor catamarantochten in Tabarca, van dagtochten tot middagtochten. Dus als u op zoek bent naar een leuke en spannende activiteit voor kinderen in Tabarca, overweeg dan eens een catamarantocht.<\/div><\/div>[vc_raw_html]PGRpdiBkYXRhLWd5Zy1ocmVmPSJodHRwczovL3dpZGdldC5nZXR5b3VyZ3VpZGUuY29tL2RlZmF1bHQvYWN0aXZpdGllcy5mcmFtZSIgZGF0YS1neWctbG9jYWxlLWNvZGU9ImVzLUVTIiBkYXRhLWd5Zy13aWRnZXQ9ImFjdGl2aXRpZXMiIGRhdGEtZ3lnLW51bWJlci1vZi1pdGVtcz0iMSIgZGF0YS1neWctY21wPSJJVF91cmxfbmlub3MiIGRhdGEtZ3lnLXBhcnRuZXItaWQ9IlcxUUxHOUsiIGRhdGEtZ3lnLXBsYWNlbWVudD0ib3RoZXIiIGRhdGEtZ3lnLXRvdXItaWRzPSIzNzgyMDQiPjwvZGl2Pg==[\/vc_raw_html][vc_empty_space height=&#8221;50px&#8221;]<div id=\"ultimate-heading-83969de36290f55a\" class=\"uvc-heading ult-adjust-bottom-margin ultimate-heading-83969de36290f55a uvc-4844 \" data-hspacer=\"no_spacer\"  data-halign=\"left\" style=\"text-align:left\"><div class=\"uvc-heading-spacer no_spacer\" style=\"top\"><\/div><div class=\"uvc-main-heading ult-responsive\"  data-ultimate-target='.uvc-heading.ultimate-heading-83969de36290f55a h2'  data-responsive-json-new='{\"font-size\":\"\",\"line-height\":\"\"}' ><h2 style=\"font-weight:normal;\"><span class=\"ez-toc-section\" id=\"Zijn_er_veilige_wateractiviteiten_voor_kinderen_op_het_eiland_Tabarca\"><\/span>Zijn er veilige wateractiviteiten voor kinderen op het eiland Tabarca?<span class=\"ez-toc-section-end\"><\/span><\/h2><\/div><div class=\"uvc-sub-heading ult-responsive\"  data-ultimate-target='.uvc-heading.ultimate-heading-83969de36290f55a .uvc-sub-heading '  data-responsive-json-new='{\"font-size\":\"\",\"line-height\":\"\"}'  style=\"font-weight:normal;\">Ja, er zijn veel veilige wateractiviteiten voor kinderen op het eiland Tabarca. Het eiland heeft zachte zandstranden en kristalhelder water, waardoor het ideaal is voor kinderen. Daarnaast is er een breed scala aan watersportactiviteiten onder begeleiding van professionals, die een veilige omgeving bieden voor de allerkleinsten.<\/p>\n<p>Tot de veilige wateractiviteiten voor kinderen in Tabarca behoren snorkelen, vissen vanaf vlotten, kajakken, vissen op het strand en snorkelen. Al deze activiteiten worden aangeboden door gekwalificeerde instructeurs en met veilige uitrusting, zodat de veiligheid van de kinderen te allen tijde gewaarborgd is. <\/p>\n<p>Bovendien zijn veel van deze activiteiten beschikbaar in kleine groepen, waardoor er individuele aandacht voor de kinderen mogelijk is en een veiligere omgeving wordt gecre\u00eberd. Het is belangrijk om een wateractiviteit te kiezen die past bij de leeftijd en vaardigheden van uw kind en om altijd goed toezicht te houden.<\/div><\/div>[vc_video link=&#8221;https:\/\/www.youtube.com\/watch?v=i275A0yqjY0&#8243; align=&#8221;center&#8221;][\/vc_column][\/vc_row][vc_row][vc_column][vc_single_image image=&#8221;1254&#8243; img_size=&#8221;full&#8221; alignment=&#8221;center&#8221;][vc_empty_space height=&#8221;50px&#8221;][\/vc_column][\/vc_row][vc_row][vc_column]<div id=\"ultimate-heading-193569de36290f59c\" class=\"uvc-heading ult-adjust-bottom-margin ultimate-heading-193569de36290f59c uvc-1312 \" data-hspacer=\"no_spacer\"  data-halign=\"left\" style=\"text-align:left\"><div class=\"uvc-heading-spacer no_spacer\" style=\"top\"><\/div><div class=\"uvc-main-heading ult-responsive\"  data-ultimate-target='.uvc-heading.ultimate-heading-193569de36290f59c h3'  data-responsive-json-new='{\"font-size\":\"\",\"line-height\":\"\"}' ><h3 style=\"font-weight:normal;\"><span class=\"ez-toc-section\" id=\"Is_het_mogelijk_om_het_eiland_het_hele_jaar_door_te_bezoeken\"><\/span>Is het mogelijk om het eiland het hele jaar door te bezoeken?<span class=\"ez-toc-section-end\"><\/span><\/h3><\/div><div class=\"uvc-sub-heading ult-responsive\"  data-ultimate-target='.uvc-heading.ultimate-heading-193569de36290f59c .uvc-sub-heading '  data-responsive-json-new='{\"font-size\":\"\",\"line-height\":\"\"}'  style=\"font-weight:normal;\"><\/p>\n<p style=\"text-align: justify;\">Ja! Het eiland Tabarca is het hele jaar door een populaire toeristische bestemming, met een warm en zonnig klimaat in de zomer en milde temperaturen in de winter. <\/p>\n<p>Esto significa que los ni\u00f1os pueden disfrutar de todas las actividades que la isla ofrece durante cualquier \u00e9poca del a\u00f1o, incluyendo playas de arena suave, actividades acu\u00e1ticas, y paseos en barco para ver la vida marina.<\/p>\n<p>Kortom, het eiland Tabarca is een bestemming voor alle seizoenen en een uitstekende keuze voor een gezinsvakantie het hele jaar door. Maak van uw gezinsvakantie een onvergetelijke herinnering in Tabarca!<\/div><\/div>[vc_empty_space height=&#8221;50px&#8221;][\/vc_column][\/vc_row]<\/p>\n<\/div>","protected":false},"excerpt":{"rendered":"<p>[vc_row][vc_column][vc_empty_space height=&#8221;50px&#8221;][\/vc_column][\/vc_row][vc_row][vc_column][vc_single_image image=&#8221;1250&#8243; img_size=&#8221;full&#8221;][vc_raw_html]PGRpdiBkYXRhLWd5Zy1ocmVmPSJodHRwczovL3dpZGdldC5nZXR5b3VyZ3VpZGUuY29tL2RlZmF1bHQvYWN0aXZpdGllcy5mcmFtZSIgZGF0YS1neWctbG9jYWxlLWNvZGU9ImVzLUVTIiBkYXRhLWd5Zy13aWRnZXQ9ImFjdGl2aXRpZXMiIGRhdGEtZ3lnLW51bWJlci1vZi1pdGVtcz0iMSIgZGF0YS1neWctY21wPSJJVF91cmxfbmlub3MiIGRhdGEtZ3lnLXBhcnRuZXItaWQ9IlcxUUxHOUsiIGRhdGEtZ3lnLXBsYWNlbWVudD0ib3RoZXIiIGRhdGEtZ3lnLXRvdXItaWRzPSIzNzgyMDQiPjwvZGl2Pg==[\/vc_raw_html][vc_empty_space height=&#8221;50px&#8221;][vc_video link=&#8221;https:\/\/www.youtube.com\/watch?v=i275A0yqjY0&#8243; align=&#8221;center&#8221;][\/vc_column][\/vc_row][vc_row][vc_column][vc_single_image image=&#8221;1254&#8243; img_size=&#8221;full&#8221; alignment=&#8221;center&#8221;][vc_empty_space height=&#8221;50px&#8221;][\/vc_column][\/vc_row][vc_row][vc_column][vc_empty_space height=&#8221;50px&#8221;][\/vc_column][\/vc_row]<\/p>\n","protected":false},"author":1,"featured_media":0,"parent":0,"menu_order":0,"comment_status":"closed","ping_status":"closed","template":"","meta":{"_joinchat":[],"footnotes":""},"class_list":["post-1981","page","type-page","status-publish","hentry","description-off"],"_links":{"self":[{"href":"https:\/\/laisladetabarca.com\/nl\/wp-json\/wp\/v2\/pages\/1981","targetHints":{"allow":["GET"]}}],"collection":[{"href":"https:\/\/laisladetabarca.com\/nl\/wp-json\/wp\/v2\/pages"}],"about":[{"href":"https:\/\/laisladetabarca.com\/nl\/wp-json\/wp\/v2\/types\/page"}],"author":[{"embeddable":true,"href":"https:\/\/laisladetabarca.com\/nl\/wp-json\/wp\/v2\/users\/1"}],"replies":[{"embeddable":true,"href":"https:\/\/laisladetabarca.com\/nl\/wp-json\/wp\/v2\/comments?post=1981"}],"version-history":[{"count":0,"href":"https:\/\/laisladetabarca.com\/nl\/wp-json\/wp\/v2\/pages\/1981\/revisions"}],"wp:attachment":[{"href":"https:\/\/laisladetabarca.com\/nl\/wp-json\/wp\/v2\/media?parent=1981"}],"curies":[{"name":"wp","href":"https:\/\/api.w.org\/{rel}","templated":true}]}}