{"id":3908,"date":"2022-07-15T07:48:59","date_gmt":"2022-07-15T06:48:59","guid":{"rendered":"https:\/\/laisladetabarca.com\/politica-sui-cookie\/"},"modified":"2025-08-05T07:44:45","modified_gmt":"2025-08-05T07:44:45","slug":"politica-sui-cookie","status":"publish","type":"page","link":"https:\/\/laisladetabarca.com\/it\/politica-sui-cookie\/","title":{"rendered":"Politica sui cookie"},"content":{"rendered":"\n<p>Sul sito web <a href=\"https:\/\/laisladetabarca.com\/it\/\">laisladetabarca.com<\/a> utilizziamo i cookie per facilitare l&#8217;interazione dei visitatori con i nostri contenuti e per consentire l&#8217;elaborazione di statistiche sui visitatori che riceviamo.<br\/>In ottemperanza alla Direttiva 2009\/136\/CE, recepita nel nostro ordinamento dal secondo comma dell&#8217;articolo 22 della Legge sui servizi della societ\u00e0 dell&#8217;informazione, e in conformit\u00e0 con le linee guida dell&#8217;Agenzia spagnola per la protezione dei dati, procediamo a informarla in modo dettagliato sull&#8217;uso che viene fatto del nostro sito web.<br\/>I cookie sono piccoli file che vengono salvati nel browser utilizzato da ogni visitatore del nostro sito web in modo che il server possa ricordare la visita di quell&#8217;utente in un secondo momento, quando acceder\u00e0 nuovamente ai nostri contenuti. Queste informazioni non rivelano la tua identit\u00e0, n\u00e9 alcun dato personale, n\u00e9 accedono ai contenuti memorizzati sul tuo PC, ma consentono al nostro sistema di identificarti come un determinato utente che ha gi\u00e0 visitato il sito web in precedenza, ha visualizzato determinate pagine, ecc. e consentono inoltre di salvare le tue preferenze personali e informazioni tecniche come, ad esempio, le visite effettuate o le pagine specifiche che hai visitato. <br\/>Lo scopo dei cookie \u00e8 quello di fornire all&#8217;Utente un accesso pi\u00f9 rapido ai Servizi selezionati.<br\/>Se non desideri che i cookie vengano memorizzati nel tuo browser o preferisci ricevere un avviso ogni volta che un cookie richiede di essere installato, puoi configurare le opzioni di navigazione in modo che ci\u00f2 avvenga. La maggior parte dei browser consente di gestire i cookie in 3 modi diversi: <\/p>\n\n<ul class=\"wp-block-list\"><li>I cookie vengono sempre rifiutati;<\/li><li>Il browser chiede all&#8217;utente se desidera installare ogni cookie;<\/li><li>I cookie sono sempre accettati;<\/li><\/ul>\n\n<p>Il browser pu\u00f2 anche includere la possibilit\u00e0 di selezionare in dettaglio i cookie che si desidera installare sul proprio computer. In particolare, l&#8217;utente pu\u00f2 normalmente accettare una delle seguenti opzioni: <\/p>\n\n<ul class=\"wp-block-list\"><li>rifiutare i cookie di determinati domini;<\/li><li>rifiutare i cookie di terze parti;<\/li><li>accettare i cookie come non persistenti (vengono eliminati alla chiusura del browser);<\/li><li>consentire al server di creare cookie per un dominio diverso.<\/li><\/ul>\n\n<p><strong>Per consentire, conoscere, bloccare o eliminare i cookie installati sul proprio computer, \u00e8 possibile farlo tramite le impostazioni del browser installato sul proprio computer.<\/strong><br\/>\u00c8 possibile trovare informazioni su come configurare i browser pi\u00f9 utilizzati nei seguenti siti:<\/p>\n\n<ul class=\"wp-block-list\"><li><strong>Internet Explorer<\/strong>: Strumenti -&gt; Opzioni Internet -&gt; Privacy -&gt; Impostazioni. Per ulteriori informazioni, consultare il <a href=\"http:\/\/windows.microsoft.com\/es-ES\/windows\/support\" rel=\"nofollow noopener\" target=\"_blank\">supporto tecnico Microsoft<\/a> o la Guida del browser. <\/li><li><strong>Firefox<\/strong>: Strumenti -&gt; Opzioni -&gt; Privacy -&gt; Cronologia -&gt; Impostazioni personalizzate. Per ulteriori informazioni, consultare il <a href=\"http:\/\/support.mozilla.org\/es\/home\" rel=\"nofollow noopener\" target=\"_blank\">supporto Mozilla<\/a> o la Guida del browser. <\/li><li><strong>Chrome<\/strong>: Impostazioni -&gt; Mostra opzioni avanzate -&gt; Privacy -&gt; Impostazioni contenuti. Per ulteriori informazioni, consultare il <a href=\"http:\/\/support.google.com\/chrome\/?hl=es\" rel=\"nofollow noopener\" target=\"_blank\">supporto Google<\/a> o la Guida del browser. <\/li><li><strong>Safari:<\/strong> Preferenze -&gt; Sicurezza. Per ulteriori informazioni, consultare il <a href=\"http:\/\/www.apple.com\/es\/support\/safari\/\" rel=\"nofollow noopener\" target=\"_blank\">supporto Apple<\/a> o la Guida del browser. <\/li><\/ul>\n\n<p>Per quanto riguarda i cookie di terze parti, ovvero quelli estranei al nostro sito web, non possiamo assumerci alcuna responsabilit\u00e0 in merito al contenuto e alla veridicit\u00e0 delle politiche sulla privacy da essi incluse, pertanto le informazioni che forniamo fanno sempre riferimento alla fonte.<br\/>Di seguito forniamo informazioni dettagliate sui cookie che possono essere installati dal nostro sito web. A seconda della navigazione, potranno essere installati tutti o solo alcuni di essi. <\/p>\n\n<p>Cookie: <strong>__utma<\/strong><br\/><strong>Descrizione: <\/strong>Identificazione dei visitatori unici: utilizzato per registrare i visitatori unici a fini statistici e analitici.<br\/><strong>Durata:<\/strong> 2 anni<br\/><strong>Fonte:<\/strong> Google (Analytics)<\/p>\n\n<p>Cookie: <strong>__utmb<\/strong><br\/>Descrizione: Utilizzato per determinare nuove sessioni o visite.<br\/>Durata: 30 minuti.<br\/>Fonte: Google (Analytics)<\/p>\n\n<p>Cookie: <strong>__utmc<\/strong><br\/><strong>Descrizione:<\/strong> Non utilizzato in ga.js. Configurato per interagire con urchin.js. In precedenza, questo cookie agiva insieme al cookie __utmb per determinare se l&#8217;utente fosse in una nuova sessione o visita.  <br\/><strong>Durata:<\/strong> viene utilizzata per limitare la percentuale di richieste.<br\/><strong>Fonte: <\/strong>Google (Analytics)<\/p>\n\n<p>Cookie: <strong>__utmt<\/strong><br\/><strong>Descrizione: <\/strong>Utilizzato per limitare la percentuale di richieste.<br\/><strong>Durata: <\/strong>10 minuti.<br\/><strong>Fonte: <\/strong>Google (Analytics)<\/p>\n\n<p>Cookie: <strong>__utmv<\/strong><br\/><strong>Descrizione: <\/strong>Registrazione delle fonti di traffico e navigazione: utilizzata per registrare come l&#8217;utente \u00e8 arrivato al nostro sito web (tramite una ricerca su Google, un annuncio, ecc.) e i percorsi che segue mentre naviga sul nostro sito. Utilizziamo queste informazioni per migliorare l&#8217;esperienza dell&#8217;utente nei futuri aggiornamenti. <br\/><strong>Durata: <\/strong>6 mesi<br\/><strong>Fonte: <\/strong>Google (Analytics)<\/p>\n\n<p>Cookie: <strong>__ga<\/strong><br\/><strong>Descrizione: <\/strong>Utilizzato per distinguere gli utenti.<br\/><strong>Durata: <\/strong>2 anni.<br\/><strong>Fonte: <\/strong>Google (Analytics)<\/p>\n\n<p>Cookie: <strong>__gat<\/strong><br\/><strong>Descrizione: <\/strong>Utilizzato per limitare la percentuale di richieste.<br\/><strong>Durata: <\/strong>10 minuti.<br\/><strong>Fonte: <\/strong>Google (Analytics)<\/p>\n\n<p>Cookie: <strong>__gid<\/strong><br\/><strong>Descrizione: <\/strong>Utilizzato per distinguere gli utenti.<br\/><strong>Durata: <\/strong>1 giorno<br\/><strong>Fonte: <\/strong>Google (Analytics)<\/p>\n\n<p>Cookie: <strong>_fbp<\/strong><br\/><strong>Descrizione: <\/strong>Utilizzato per distinguere gli utenti.<br\/><strong>Durata: <\/strong>3 mesi.<br\/><strong>Fonte: <\/strong>Facebook.<\/p>\n\n<p>Cookie: <strong>moove_gdpr_popup<\/strong><br\/><strong>Descrizione: <\/strong>Sessione di registrazione visitatore: Utilizzato per registrare la tua sessione e le tue scelte in merito alla politica sui cookie e ricordarle nelle visite future.<br\/><strong>Durata: <\/strong>1 anno<br\/><strong>Fonte:<\/strong> laisladetabarca.com<\/p>\n\n<p>La presente Politica sui cookie pu\u00f2 essere modificata in base a requisiti legislativi, normativi o al fine di adeguare tale politica alle istruzioni impartite dall&#8217;Agenzia spagnola per la protezione dei dati. Si consiglia pertanto agli utenti di consultarla periodicamente.<br\/>Qualora dovessero verificarsi modifiche significative alla presente Politica sui cookie, queste saranno comunicate agli utenti tramite il sito web o tramite e-mail agli utenti registrati.<\/p>\n","protected":false},"excerpt":{"rendered":"<p>Sul sito web laisladetabarca.com utilizziamo i cookie per facilitare l&#8217;interazione dei visitatori con i nostri contenuti e per consentire l&#8217;elaborazione di statistiche sui visitatori che riceviamo.In ottemperanza alla Direttiva 2009\/136\/CE, recepita nel nostro ordinamento dal secondo comma dell&#8217;articolo 22 della Legge sui servizi della societ\u00e0 dell&#8217;informazione, e in conformit\u00e0 con le linee guida dell&#8217;Agenzia spagnola&hellip;<\/p>\n","protected":false},"author":1,"featured_media":0,"parent":0,"menu_order":0,"comment_status":"closed","ping_status":"closed","template":"","meta":{"_joinchat":[],"footnotes":""},"class_list":["post-3908","page","type-page","status-publish","hentry","description-off"],"_links":{"self":[{"href":"https:\/\/laisladetabarca.com\/it\/wp-json\/wp\/v2\/pages\/3908","targetHints":{"allow":["GET"]}}],"collection":[{"href":"https:\/\/laisladetabarca.com\/it\/wp-json\/wp\/v2\/pages"}],"about":[{"href":"https:\/\/laisladetabarca.com\/it\/wp-json\/wp\/v2\/types\/page"}],"author":[{"embeddable":true,"href":"https:\/\/laisladetabarca.com\/it\/wp-json\/wp\/v2\/users\/1"}],"replies":[{"embeddable":true,"href":"https:\/\/laisladetabarca.com\/it\/wp-json\/wp\/v2\/comments?post=3908"}],"version-history":[{"count":0,"href":"https:\/\/laisladetabarca.com\/it\/wp-json\/wp\/v2\/pages\/3908\/revisions"}],"wp:attachment":[{"href":"https:\/\/laisladetabarca.com\/it\/wp-json\/wp\/v2\/media?parent=3908"}],"curies":[{"name":"wp","href":"https:\/\/api.w.org\/{rel}","templated":true}]}}