{"id":3873,"date":"2022-07-15T07:45:53","date_gmt":"2022-07-15T06:45:53","guid":{"rendered":"https:\/\/laisladetabarca.com\/avviso-legale\/"},"modified":"2025-08-02T08:41:30","modified_gmt":"2025-08-02T08:41:30","slug":"avviso-legale","status":"publish","type":"page","link":"https:\/\/laisladetabarca.com\/it\/avviso-legale\/","title":{"rendered":"Avviso legale"},"content":{"rendered":"\n<p>In conformit\u00e0 con l&#8217;articolo 10 della Legge 34\/2002, dell&#8217;11 luglio, sui Servizi della Societ\u00e0 dell&#8217;Informazione e del Commercio Elettronico (LSSICE), di seguito vengono forniti i dati identificativi della societ\u00e0.<\/p>\n\n<div id=\"ez-toc-container\" class=\"ez-toc-v2_0_80 counter-hierarchy ez-toc-counter ez-toc-grey ez-toc-container-direction\">\n<div class=\"ez-toc-title-container\">\n<p class=\"ez-toc-title\" style=\"cursor:inherit\">Table of Contents<\/p>\n<span class=\"ez-toc-title-toggle\"><a href=\"#\" class=\"ez-toc-pull-right ez-toc-btn ez-toc-btn-xs ez-toc-btn-default ez-toc-toggle\" aria-label=\"Toggle Table of Content\"><span class=\"ez-toc-js-icon-con\"><span class=\"\"><span class=\"eztoc-hide\" style=\"display:none;\">Toggle<\/span><span class=\"ez-toc-icon-toggle-span\"><svg style=\"fill: #999;color:#999\" xmlns=\"http:\/\/www.w3.org\/2000\/svg\" class=\"list-377408\" width=\"20px\" height=\"20px\" viewBox=\"0 0 24 24\" fill=\"none\"><path d=\"M6 6H4v2h2V6zm14 0H8v2h12V6zM4 11h2v2H4v-2zm16 0H8v2h12v-2zM4 16h2v2H4v-2zm16 0H8v2h12v-2z\" fill=\"currentColor\"><\/path><\/svg><svg style=\"fill: #999;color:#999\" class=\"arrow-unsorted-368013\" xmlns=\"http:\/\/www.w3.org\/2000\/svg\" width=\"10px\" height=\"10px\" viewBox=\"0 0 24 24\" version=\"1.2\" baseProfile=\"tiny\"><path d=\"M18.2 9.3l-6.2-6.3-6.2 6.3c-.2.2-.3.4-.3.7s.1.5.3.7c.2.2.4.3.7.3h11c.3 0 .5-.1.7-.3.2-.2.3-.5.3-.7s-.1-.5-.3-.7zM5.8 14.7l6.2 6.3 6.2-6.3c.2-.2.3-.5.3-.7s-.1-.5-.3-.7c-.2-.2-.4-.3-.7-.3h-11c-.3 0-.5.1-.7.3-.2.2-.3.5-.3.7s.1.5.3.7z\"\/><\/svg><\/span><\/span><\/span><\/a><\/span><\/div>\n<nav><ul class='ez-toc-list ez-toc-list-level-1 ' ><li class='ez-toc-page-1 ez-toc-heading-level-5'><a class=\"ez-toc-link ez-toc-heading-1\" href=\"https:\/\/laisladetabarca.com\/it\/avviso-legale\/#1_DATI_IDENTIFICATIVI\" >1. DATI IDENTIFICATIVI<\/a><\/li><li class='ez-toc-page-1 ez-toc-heading-level-5'><a class=\"ez-toc-link ez-toc-heading-2\" href=\"https:\/\/laisladetabarca.com\/it\/avviso-legale\/#2_UTENTI\" >2. UTENTI<\/a><\/li><li class='ez-toc-page-1 ez-toc-heading-level-5'><a class=\"ez-toc-link ez-toc-heading-3\" href=\"https:\/\/laisladetabarca.com\/it\/avviso-legale\/#3_UTILIZZO_DEL_PORTALE\" >3. UTILIZZO DEL PORTALE<\/a><\/li><li class='ez-toc-page-1 ez-toc-heading-level-5'><a class=\"ez-toc-link ez-toc-heading-4\" href=\"https:\/\/laisladetabarca.com\/it\/avviso-legale\/#4_PROTEZIONE_DEI_DATI\" >4. PROTEZIONE DEI DATI<\/a><\/li><li class='ez-toc-page-1 ez-toc-heading-level-5'><a class=\"ez-toc-link ez-toc-heading-5\" href=\"https:\/\/laisladetabarca.com\/it\/avviso-legale\/#5_PROPRIETA_INTELLETTUALE_E_INDUSTRIALE\" >5. PROPRIET\u00c0 INTELLETTUALE E INDUSTRIALE<\/a><\/li><li class='ez-toc-page-1 ez-toc-heading-level-5'><a class=\"ez-toc-link ez-toc-heading-6\" href=\"https:\/\/laisladetabarca.com\/it\/avviso-legale\/#6_ESCLUSIONE_DI_GARANZIE_E_RESPONSABILITA\" >6. ESCLUSIONE DI GARANZIE E RESPONSABILIT\u00c0<\/a><\/li><li class='ez-toc-page-1 ez-toc-heading-level-5'><a class=\"ez-toc-link ez-toc-heading-7\" href=\"https:\/\/laisladetabarca.com\/it\/avviso-legale\/#7_MODIFICHE\" >7. MODIFICHE<\/a><\/li><li class='ez-toc-page-1 ez-toc-heading-level-5'><a class=\"ez-toc-link ez-toc-heading-8\" href=\"https:\/\/laisladetabarca.com\/it\/avviso-legale\/#8_LINK\" >8. LINK<\/a><\/li><li class='ez-toc-page-1 ez-toc-heading-level-5'><a class=\"ez-toc-link ez-toc-heading-9\" href=\"https:\/\/laisladetabarca.com\/it\/avviso-legale\/#9_DIRITTO_DI_ESCLUSIONE\" >9. DIRITTO DI ESCLUSIONE<\/a><\/li><li class='ez-toc-page-1 ez-toc-heading-level-5'><a class=\"ez-toc-link ez-toc-heading-10\" href=\"https:\/\/laisladetabarca.com\/it\/avviso-legale\/#10_GENERALITA\" >10. GENERALIT\u00c0<\/a><\/li><li class='ez-toc-page-1 ez-toc-heading-level-5'><a class=\"ez-toc-link ez-toc-heading-11\" href=\"https:\/\/laisladetabarca.com\/it\/avviso-legale\/#11_MODIFICA_DELLE_PRESENTI_CONDIZIONI_E_DURATA\" >11. MODIFICA DELLE PRESENTI CONDIZIONI E DURATA<\/a><\/li><li class='ez-toc-page-1 ez-toc-heading-level-5'><a class=\"ez-toc-link ez-toc-heading-12\" href=\"https:\/\/laisladetabarca.com\/it\/avviso-legale\/#12_LEGISLAZIONE_APPLICABILE_E_GIURISDIZIONE\" >12. LEGISLAZIONE APPLICABILE E GIURISDIZIONE<\/a><\/li><\/ul><\/nav><\/div>\n<h5 class=\"wp-block-heading\"><span class=\"ez-toc-section\" id=\"1_DATI_IDENTIFICATIVI\"><\/span>1. DATI IDENTIFICATIVI<span class=\"ez-toc-section-end\"><\/span><\/h5>\n\n<p>In ottemperanza all&#8217;obbligo di informazione contenuto nell&#8217;articolo 10 della Legge 34\/2002, dell&#8217;11 luglio, sui Servizi della Societ\u00e0 dell&#8217;Informazione e del Commercio Elettronico, si comunica che il presente sito web, laisladetabarca.com, \u00e8 di propriet\u00e0 di Marketing e innovaci\u00f3n online, CC, S.L. (di seguito sito web La Isa de Tabarca) con <strong>CIF\/NIF<\/strong>: B42624429 e con <strong>sede legale<\/strong> in Avenida de l&#8217;Alc\u00fadia, 33, 03720 Benissa, Alicante.<\/p>\n\n<p>Email di contatto:<br\/><a href=\"mailto:info@laisladetabarca.com\">info@laisladetabarca.com<\/a><\/p>\n\n<h5 class=\"wp-block-heading\"><span class=\"ez-toc-section\" id=\"2_UTENTI\"><\/span>2. UTENTI<span class=\"ez-toc-section-end\"><\/span><\/h5>\n\n<p>L&#8217;accesso e\/o l&#8217;utilizzo di questo sito web, il sito web La Isa de Tabarca, creatore di questo sito web, conferisce all&#8217;utente lo status di UTENTE, il quale, con tale accesso e\/o utilizzo, accetta le Condizioni Generali d&#8217;Uso qui stabilite. Tali Condizioni si applicheranno indipendentemente da eventuali Condizioni Generali di Contratto obbligatorie. <\/p>\n\n<h5 class=\"wp-block-heading\"><span class=\"ez-toc-section\" id=\"3_UTILIZZO_DEL_PORTALE\"><\/span>3. UTILIZZO DEL PORTALE<span class=\"ez-toc-section-end\"><\/span><\/h5>\n\n<p>Il sito web La Isa de Tabarca fornisce accesso a un&#8217;ampia gamma di informazioni, servizi, programmi o dati (di seguito, &#8220;i contenuti&#8221;) su Internet di propriet\u00e0 del sito web La Isa de Tabarca, del creatore del sito web o dei suoi licenziatari, a cui l&#8217;UTENTE pu\u00f2 avere accesso. L&#8217;UTENTE si assume la responsabilit\u00e0 dell&#8217;utilizzo del portale. Tale responsabilit\u00e0 si estende a qualsiasi registrazione richiesta per accedere a determinati servizi o contenuti.<br\/>In tale registrazione, l&#8217;UTENTE sar\u00e0 responsabile di fornire informazioni veritiere e legittime. A seguito di tale registrazione, all&#8217;UTENTE potrebbe essere fornita una password di cui sar\u00e0 responsabile e si impegna a utilizzarla con diligenza e riservatezza. L&#8217;UTENTE si impegna a fare un uso appropriato dei contenuti e dei servizi (come servizi di chat, forum di discussione o newsgroup) che il sito web La Isa de Tabarca offre attraverso il suo portale e, a titolo esemplificativo ma non esaustivo, a non utilizzarli per (i) intraprendere attivit\u00e0 illecite, illegali o contrarie alla buona fede e all&#8217;ordine pubblico; (ii) diffondere contenuti o propaganda di natura razzista, xenofoba, pornografica-illegale, a sostegno del terrorismo o in violazione dei diritti umani; (iii) causare danni ai sistemi fisici e logici del sito web La Isa de Tabarca, dei suoi fornitori o di terzi, introdurre o diffondere virus informatici o qualsiasi altro sistema fisico o logico che possa causare i suddetti danni; (iv) tentare di accedere e, se del caso, utilizzare gli account di posta elettronica di altri utenti e modificare o manipolare i loro messaggi. Il sito web La Isa de Tabarca si riserva il diritto di rimuovere commenti e contributi che violino il rispetto della dignit\u00e0 umana, che siano discriminatori, xenofobi, razzisti, pornografici, che minaccino la giovent\u00f9 o l&#8217;infanzia, l&#8217;ordine pubblico o la sicurezza o che, a suo giudizio, non siano adatti alla pubblicazione. In ogni caso, il sito web La Isa de Tabarca non sar\u00e0 responsabile delle opinioni espresse dagli utenti attraverso forum, chat o altri strumenti di partecipazione.          <\/p>\n\n<h5 class=\"wp-block-heading\"><span class=\"ez-toc-section\" id=\"4_PROTEZIONE_DEI_DATI\"><\/span>4. PROTEZIONE DEI DATI<span class=\"ez-toc-section-end\"><\/span><\/h5>\n\n<p>Il sito web di La Isa de Tabarca rispetta le linee guida della Legge Organica 15\/1999 del 13 dicembre sulla Protezione dei Dati Personali, del Regio Decreto 1720\/2007 del 21 dicembre, che approva il Regolamento di attuazione della Legge Organica, e delle altre normative vigenti in ogni momento, e garantisce il corretto utilizzo e trattamento dei dati personali dell&#8217;utente. A tal fine, insieme a ciascun modulo di raccolta dei dati personali, nei servizi che l&#8217;utente pu\u00f2 richiedere dal sito web di La Isa de Tabarca, l&#8217;utente verr\u00e0 informato dell&#8217;esistenza e dell&#8217;accettazione delle condizioni specifiche per il trattamento dei suoi dati in ciascun caso, informandolo della responsabilit\u00e0 del file creato, dell&#8217;indirizzo del responsabile, della possibilit\u00e0 di esercitare i propri diritti di accesso, rettifica, cancellazione o opposizione, delle finalit\u00e0 del trattamento e della comunicazione dei dati a terzi, ove applicabile. Allo stesso modo, il sito web La Isa de Tabarca ti informa che rispetta la Legge 34\/2002 dell&#8217;11 luglio sui Servizi della Societ\u00e0 dell&#8217;Informazione e del Commercio Elettronico e ti chieder\u00e0 in ogni momento il consenso per trattare il tuo indirizzo email a fini commerciali.  <\/p>\n\n<h5 class=\"wp-block-heading\"><span class=\"ez-toc-section\" id=\"5_PROPRIETA_INTELLETTUALE_E_INDUSTRIALE\"><\/span>5. PROPRIET\u00c0 INTELLETTUALE E INDUSTRIALE<span class=\"ez-toc-section-end\"><\/span><\/h5>\n\n<p>Il sito web La Isa de Tabarca, direttamente o in qualit\u00e0 di cessionario, \u00e8 titolare di tutti i diritti di propriet\u00e0 intellettuale e industriale sul proprio sito web, nonch\u00e9 degli elementi in esso contenuti (inclusi, a titolo esemplificativo ma non esaustivo, immagini, suoni, audio, video, software o testi; marchi o loghi, combinazioni di colori, struttura e design, selezione dei materiali utilizzati, programmi informatici necessari per il suo funzionamento, accesso e utilizzo, ecc.), di propriet\u00e0 del sito web La Isa de Tabarca o dei suoi licenziatari. Tutti i diritti riservati. Ai sensi delle disposizioni degli articoli 8 e 32.1, secondo comma, della Legge sulla Propriet\u00e0 Intellettuale, la riproduzione, la distribuzione e la comunicazione pubblica, inclusa la modalit\u00e0 di messa a disposizione, di tutto o parte del contenuto di questo sito web, a fini commerciali, su qualsiasi supporto e con qualsiasi mezzo tecnico, senza l&#8217;autorizzazione del sito web La Isa de Tabarca, sono espressamente vietate. L&#8217;UTENTE si impegna a rispettare i diritti di propriet\u00e0 intellettuale e industriale detenuti dal sito web La Isa de Tabarca. Gli utenti possono visualizzare gli elementi del portale e persino stamparli, copiarli e memorizzarli sul disco rigido del proprio computer o su qualsiasi altro supporto fisico, a condizione che ci\u00f2 avvenga esclusivamente per uso personale e privato. Gli utenti devono astenersi dall&#8217;eliminare, alterare, eludere o manipolare qualsiasi dispositivo di protezione o sistema di sicurezza installato sulle pagine del sito web La Isa de Tabarca.     <\/p>\n\n<h5 class=\"wp-block-heading\"><span class=\"ez-toc-section\" id=\"6_ESCLUSIONE_DI_GARANZIE_E_RESPONSABILITA\"><\/span>6. ESCLUSIONE DI GARANZIE E RESPONSABILIT\u00c0<span class=\"ez-toc-section-end\"><\/span><\/h5>\n\n<p>Il sito web La Isa de Tabarca non \u00e8 responsabile, in nessun caso, per eventuali danni di qualsiasi tipo che possano essere causati da, a titolo esemplificativo ma non esaustivo, errori od omissioni nei contenuti, mancanza di disponibilit\u00e0 del portale o trasmissione di virus o programmi dannosi o maligni nei contenuti, nonostante abbia adottato tutte le misure tecnologiche necessarie per prevenire tali danni. <\/p>\n\n<h5 class=\"wp-block-heading\"><span class=\"ez-toc-section\" id=\"7_MODIFICHE\"><\/span>7. MODIFICHE<span class=\"ez-toc-section-end\"><\/span><\/h5>\n\n<p>Il sito web La Isa de Tabarca si riserva il diritto di apportare al proprio portale le modifiche che riterr\u00e0 opportune senza preavviso. Potr\u00e0 modificare, eliminare o aggiungere contenuti e servizi forniti attraverso il sito web, nonch\u00e9 il modo in cui sono presentati o ubicati sul sito web.<\/p>\n\n<h5 class=\"wp-block-heading\"><span class=\"ez-toc-section\" id=\"8_LINK\"><\/span>8. LINK<span class=\"ez-toc-section-end\"><\/span><\/h5>\n\n<p>Qualora il nome di dominio contenga link o collegamenti ipertestuali ad altri siti Internet, il sito web La Isa de Tabarca non eserciter\u00e0 alcun controllo su tali siti e contenuti. In nessun caso il sito web La Isa de Tabarca si assumer\u00e0 alcuna responsabilit\u00e0 per il contenuto di qualsiasi link appartenente a un sito web di terze parti, n\u00e9 garantir\u00e0 la disponibilit\u00e0 tecnica, la qualit\u00e0, l&#8217;affidabilit\u00e0, l&#8217;accuratezza, la completezza, la veridicit\u00e0, la validit\u00e0 o la costituzionalit\u00e0 di qualsiasi materiale o informazione contenuta in tali link o altri siti Internet. Allo stesso modo, l&#8217;inclusione di tali link esterni non implicher\u00e0 alcun tipo di associazione, fusione o partecipazione con le entit\u00e0 collegate.  <\/p>\n\n<h5 class=\"wp-block-heading\"><span class=\"ez-toc-section\" id=\"9_DIRITTO_DI_ESCLUSIONE\"><\/span>9. DIRITTO DI ESCLUSIONE<span class=\"ez-toc-section-end\"><\/span><\/h5>\n\n<p>Il sito web La Isa de Tabarca si riserva il diritto di negare o revocare l&#8217;accesso al portale e\/o ai servizi offerti senza preavviso, su richiesta propria o di terzi, agli utenti che non rispettino le presenti Condizioni Generali d&#8217;Uso.<\/p>\n\n<h5 class=\"wp-block-heading\"><span class=\"ez-toc-section\" id=\"10_GENERALITA\"><\/span>10. GENERALIT\u00c0<span class=\"ez-toc-section-end\"><\/span><\/h5>\n\n<p>Il sito web La Isa de Tabarca perseguir\u00e0 qualsiasi violazione dei presenti termini e condizioni, nonch\u00e9 qualsiasi uso improprio del suo portale, esercitando tutte le azioni civili e penali che la legge pu\u00f2 consentirgli.<\/p>\n\n<h5 class=\"wp-block-heading\"><span class=\"ez-toc-section\" id=\"11_MODIFICA_DELLE_PRESENTI_CONDIZIONI_E_DURATA\"><\/span>11. MODIFICA DELLE PRESENTI CONDIZIONI E DURATA<span class=\"ez-toc-section-end\"><\/span><\/h5>\n\n<p>Il sito web La Isa de Tabarca pu\u00f2 modificare le condizioni qui stabilite in qualsiasi momento e tali modifiche saranno debitamente pubblicate cos\u00ec come appaiono qui. La validit\u00e0 delle presenti condizioni dipender\u00e0 dalla loro esposizione e rimarranno in vigore fino a quando non saranno modificate da altre condizioni debitamente pubblicate. <\/p>\n\n<h5 class=\"wp-block-heading\"><span class=\"ez-toc-section\" id=\"12_LEGISLAZIONE_APPLICABILE_E_GIURISDIZIONE\"><\/span>12. LEGISLAZIONE APPLICABILE E GIURISDIZIONE<span class=\"ez-toc-section-end\"><\/span><\/h5>\n\n<p>Il rapporto tra il sito web La Isa de Tabarca e l&#8217;UTENTE sar\u00e0 regolato dalla legislazione spagnola vigente e qualsiasi controversia sar\u00e0 sottoposta alle Corti e ai Tribunali della citt\u00e0 di Valencia.<\/p>\n","protected":false},"excerpt":{"rendered":"<p>In conformit\u00e0 con l&#8217;articolo 10 della Legge 34\/2002, dell&#8217;11 luglio, sui Servizi della Societ\u00e0 dell&#8217;Informazione e del Commercio Elettronico (LSSICE), di seguito vengono forniti i dati identificativi della societ\u00e0. 1. DATI IDENTIFICATIVI In ottemperanza all&#8217;obbligo di informazione contenuto nell&#8217;articolo 10 della Legge 34\/2002, dell&#8217;11 luglio, sui Servizi della Societ\u00e0 dell&#8217;Informazione e del Commercio Elettronico, si&hellip;<\/p>\n","protected":false},"author":1,"featured_media":0,"parent":0,"menu_order":0,"comment_status":"closed","ping_status":"closed","template":"","meta":{"_joinchat":[],"footnotes":""},"class_list":["post-3873","page","type-page","status-publish","hentry","description-off"],"_links":{"self":[{"href":"https:\/\/laisladetabarca.com\/it\/wp-json\/wp\/v2\/pages\/3873","targetHints":{"allow":["GET"]}}],"collection":[{"href":"https:\/\/laisladetabarca.com\/it\/wp-json\/wp\/v2\/pages"}],"about":[{"href":"https:\/\/laisladetabarca.com\/it\/wp-json\/wp\/v2\/types\/page"}],"author":[{"embeddable":true,"href":"https:\/\/laisladetabarca.com\/it\/wp-json\/wp\/v2\/users\/1"}],"replies":[{"embeddable":true,"href":"https:\/\/laisladetabarca.com\/it\/wp-json\/wp\/v2\/comments?post=3873"}],"version-history":[{"count":0,"href":"https:\/\/laisladetabarca.com\/it\/wp-json\/wp\/v2\/pages\/3873\/revisions"}],"wp:attachment":[{"href":"https:\/\/laisladetabarca.com\/it\/wp-json\/wp\/v2\/media?parent=3873"}],"curies":[{"name":"wp","href":"https:\/\/api.w.org\/{rel}","templated":true}]}}