{"id":3481,"date":"2023-01-10T13:08:15","date_gmt":"2023-01-10T12:08:15","guid":{"rendered":"https:\/\/laisladetabarca.com\/domande-frequenti\/"},"modified":"2025-10-30T01:01:15","modified_gmt":"2025-10-30T01:01:15","slug":"domande-frequenti","status":"publish","type":"page","link":"https:\/\/laisladetabarca.com\/it\/domande-frequenti\/","title":{"rendered":"Domande frequenti"},"content":{"rendered":"<div class=\"wpb-content-wrapper\"><p>[vc_row][vc_column][vc_empty_space height=&#8221;60px&#8221;]<div id=\"ultimate-heading-927669de325132f1f\" class=\"uvc-heading ult-adjust-bottom-margin ultimate-heading-927669de325132f1f uvc-9887 \" data-hspacer=\"no_spacer\"  data-halign=\"center\" style=\"text-align:center\"><div class=\"uvc-heading-spacer no_spacer\" style=\"top\"><\/div><div class=\"uvc-main-heading ult-responsive\"  data-ultimate-target='.uvc-heading.ultimate-heading-927669de325132f1f h1'  data-responsive-json-new='{\"font-size\":\"\",\"line-height\":\"\"}' ><h1 style=\"font-weight:normal;\">Domande frequenti su Tabarca<\/h1><\/div><\/div>[vc_empty_space height=&#8221;60px&#8221;][vc_toggle title=&#8221;Dove si trova l&apos;isola di Tabarca?&#8221; css=&#8221;&#8221;]L&#8217;isola di Tabarca si trova nel Mar Mediterraneo, al largo della costa di Alicante, a circa 8 km da Capo Santa Pola e a circa 22 km dalla citt\u00e0 di Alicante.[\/vc_toggle][vc_toggle title=&#8221;Come si pu\u00f2 raggiungere Tabarca dalla penisola?&#8221; css=&#8221;&#8221;]\u00c8 possibile arrivarci in barca da diversi porti vicini, principalmente Alicante, Santa Pola, Guardamar del Segura, Torrevieja e Benidorm. Il percorso pi\u00f9 breve parte da Santa Pola.[\/vc_toggle][vc_toggle title=&#8221;Quanto dura il viaggio in barca fino a Tabarca?&#8221; css=&#8221;&#8221;]La durata del viaggio in barca varia a seconda del porto di partenza. Da Santa Pola, la durata \u00e8 di circa 25 minuti, mentre da Alicante o Torrevieja, pu\u00f2 durare tra i 45 e i 75 minuti.[\/vc_toggle][vc_toggle title=&#8221;\u00c8 necessario prenotare in anticipo i biglietti del traghetto?&#8221; css=&#8221;&#8221;]Non \u00e8 sempre obbligatorio, ma durante l&#8217;alta stagione (estate, fine settimana e festivit\u00e0) \u00e8 consigliabile prenotare in anticipo per assicurarsi un posto.[\/vc_toggle][vc_toggle title=&#8221;Quali sono gli orari dei traghetti per Tabarca?&#8221; css=&#8221;&#8221;]Gli orari dipendono dal porto e dalla stagione. Generalmente, le navi partono la mattina e rientrano nel pomeriggio, con maggiore frequenza in estate.[\/vc_toggle][vc_toggle title=&#8221;Quanto costa il biglietto del traghetto per Tabarca?&#8221; css=&#8221;&#8221;]Il prezzo di un biglietto di andata e ritorno varia in genere dai 10 ai 25 \u20ac a persona, a seconda del porto di partenza e della compagnia di navigazione.[\/vc_toggle][vc_toggle title=&#8221;\u00c8 possibile trascorrere la notte sull&apos;isola di Tabarca?&#8221; css=&#8221;&#8221;]S\u00ec, anche se l&#8217;offerta \u00e8 limitata. L&#8217;isola offre piccoli hotel, ostelli e appartamenti, oltre ad alcuni ristoranti che offrono alloggio.[\/vc_toggle][vc_toggle title=&#8221;Quali attivit\u00e0 turistiche si possono svolgere a Tabarca?&#8221; css=&#8221;&#8221;]A Tabarca \u00e8 possibile praticare attivit\u00e0 come immersioni, snorkeling, gite in barca, escursioni, visitare il centro storico cinto da mura o semplicemente godersi le sue calette e spiagge.[\/vc_toggle][vc_toggle title=&#8221;\u00bfD\u00f3nde se puede comer en la isla de Tabarca?&#8221; css=&#8221;&#8221;]Ci sono diversi ristoranti e bar sulla spiaggia che offrono la tipica cucina mediterranea, molti dei quali specializzati in riso in brodo con frutti di mare e pesce fresco.[\/vc_toggle][vc_toggle title=&#8221;Qual \u00e8 la specialit\u00e0 culinaria di Tabarca?&#8221; css=&#8221;&#8221;]Il piatto pi\u00f9 tipico \u00e8 il <strong data-start=\"2279\" data-end=\"2301\">caldero tabarquino<\/strong>, un cremoso riso preparato con pesce locale. Sono molto apprezzati anche la paella, i piatti di riso ai frutti di mare e il pesce fresco.[\/vc_toggle][vc_toggle title=&#8221;\u00c8 possibile visitare Tabarca tutto l&apos;anno?&#8221; css=&#8221;&#8221;]S\u00ec, l&#8217;isola \u00e8 visitabile in qualsiasi periodo dell&#8217;anno, anche se la maggior parte dei servizi turistici \u00e8 attiva principalmente in primavera e in estate. In inverno, l&#8217;offerta \u00e8 pi\u00f9 limitata.[\/vc_toggle][vc_toggle title=&#8221;Cosa \u00e8 consigliabile portare per una gita di un giorno a Tabarca?&#8221; css=&#8221;&#8221;]Si consiglia di portare costume da bagno, asciugamano, boccaglio, crema solare, scarpe comode e acqua. Se si visita fuori stagione, \u00e8 consigliabile portare un cappotto.[\/vc_toggle][vc_toggle title=&#8221;Gli animali domestici sono ammessi a Tabarca?&#8221; css=&#8221;&#8221;]S\u00ec, gli animali domestici sono ammessi sulle barche per Tabarca e sull&#8217;isola, ma non sono ammessi su alcune spiagge durante la stagione balneare.[\/vc_toggle][vc_toggle title=&#8221;Per cosa \u00e8 famosa l&apos;isola di Tabarca?&#8221; css=&#8221;&#8221;]Tabarca \u00e8 famosa per essere l&#8217;unica isola abitata della Comunit\u00e0 Valenciana, per la sua riserva marina protetta, le sue acque cristalline ideali per le immersioni e il suo fascino storico con le sue mura e le sue case tradizionali.[\/vc_toggle][\/vc_column][\/vc_row]<\/p>\n<\/div>","protected":false},"excerpt":{"rendered":"<p>[vc_row][vc_column][vc_empty_space height=&#8221;60px&#8221;][vc_empty_space height=&#8221;60px&#8221;][vc_toggle title=&#8221;Dove si trova l&apos;isola di Tabarca?&#8221; css=&#8221;&#8221;]L&#8217;isola di Tabarca si trova nel Mar Mediterraneo, al largo della costa di Alicante, a circa 8 km da Capo Santa Pola e a circa 22 km dalla citt\u00e0 di Alicante.[\/vc_toggle][vc_toggle title=&#8221;Come si pu\u00f2 raggiungere Tabarca dalla penisola?&#8221; css=&#8221;&#8221;]\u00c8 possibile arrivarci in barca da diversi porti&hellip;<\/p>\n","protected":false},"author":1,"featured_media":0,"parent":0,"menu_order":0,"comment_status":"closed","ping_status":"closed","template":"","meta":{"_joinchat":[],"footnotes":""},"class_list":["post-3481","page","type-page","status-publish","hentry","description-off"],"_links":{"self":[{"href":"https:\/\/laisladetabarca.com\/it\/wp-json\/wp\/v2\/pages\/3481","targetHints":{"allow":["GET"]}}],"collection":[{"href":"https:\/\/laisladetabarca.com\/it\/wp-json\/wp\/v2\/pages"}],"about":[{"href":"https:\/\/laisladetabarca.com\/it\/wp-json\/wp\/v2\/types\/page"}],"author":[{"embeddable":true,"href":"https:\/\/laisladetabarca.com\/it\/wp-json\/wp\/v2\/users\/1"}],"replies":[{"embeddable":true,"href":"https:\/\/laisladetabarca.com\/it\/wp-json\/wp\/v2\/comments?post=3481"}],"version-history":[{"count":0,"href":"https:\/\/laisladetabarca.com\/it\/wp-json\/wp\/v2\/pages\/3481\/revisions"}],"wp:attachment":[{"href":"https:\/\/laisladetabarca.com\/it\/wp-json\/wp\/v2\/media?parent=3481"}],"curies":[{"name":"wp","href":"https:\/\/api.w.org\/{rel}","templated":true}]}}