{"id":3471,"date":"2023-10-20T10:29:47","date_gmt":"2023-10-20T09:29:47","guid":{"rendered":"https:\/\/laisladetabarca.com\/tabarca-in-1-giorno\/"},"modified":"2025-11-14T23:08:27","modified_gmt":"2025-11-14T23:08:27","slug":"tabarca-in-1-giorno","status":"publish","type":"page","link":"https:\/\/laisladetabarca.com\/it\/tabarca-in-1-giorno\/","title":{"rendered":"Tabarca in 1 giorno"},"content":{"rendered":"<div class=\"wpb-content-wrapper\"><p>[vc_row][vc_column]<div id=\"ultimate-heading-59369f3c4616b11f\" class=\"uvc-heading ult-adjust-bottom-margin ultimate-heading-59369f3c4616b11f uvc-4674 \" data-hspacer=\"no_spacer\"  data-halign=\"left\" style=\"text-align:left\"><div class=\"uvc-heading-spacer no_spacer\" style=\"top\"><\/div><div class=\"uvc-sub-heading ult-responsive\"  data-ultimate-target='.uvc-heading.ultimate-heading-59369f3c4616b11f .uvc-sub-heading '  data-responsive-json-new='{\"font-size\":\"\",\"line-height\":\"\"}'  style=\"font-weight:normal;\"><\/p>\n<p style=\"text-align: justify;\">Hai mai sognato di esplorare un&#8217;isola che \u00e8 stata un rifugio per pirati, una casa per espatriati e una prigione durante la Guerra Civile Spagnola? Tabarca \u00e8 la destinazione che fa per te! Situata al largo della costa levantina, quest&#8217;isola promette non solo una ricca storia, ma anche un&#8217;esperienza naturalistica senza pari. In questo articolo, ti guider\u00f2 in un&#8217;avventura di un giorno a Tabarca, assicurandoti di sfruttare al meglio il tuo tempo in questo paradiso.   <\/p>\n<p><\/div><\/div>[vc_empty_space height=&#8221;35px&#8221;][\/vc_column][\/vc_row][vc_row][vc_column]<div id=\"ultimate-heading-437569f3c4616b19c\" class=\"uvc-heading ult-adjust-bottom-margin ultimate-heading-437569f3c4616b19c uvc-8353 \" data-hspacer=\"no_spacer\"  data-halign=\"left\" style=\"text-align:left\"><div class=\"uvc-heading-spacer no_spacer\" style=\"top\"><\/div><div class=\"uvc-main-heading ult-responsive\"  data-ultimate-target='.uvc-heading.ultimate-heading-437569f3c4616b19c h2'  data-responsive-json-new='{\"font-size\":\"\",\"line-height\":\"\"}' ><div id=\"ez-toc-container\" class=\"ez-toc-v2_0_80 counter-hierarchy ez-toc-counter ez-toc-grey ez-toc-container-direction\">\n<div class=\"ez-toc-title-container\">\n<p class=\"ez-toc-title\" style=\"cursor:inherit\">Table of Contents<\/p>\n<span class=\"ez-toc-title-toggle\"><a href=\"#\" class=\"ez-toc-pull-right ez-toc-btn ez-toc-btn-xs ez-toc-btn-default ez-toc-toggle\" aria-label=\"Toggle Table of Content\"><span class=\"ez-toc-js-icon-con\"><span class=\"\"><span class=\"eztoc-hide\" style=\"display:none;\">Toggle<\/span><span class=\"ez-toc-icon-toggle-span\"><svg style=\"fill: #999;color:#999\" xmlns=\"http:\/\/www.w3.org\/2000\/svg\" class=\"list-377408\" width=\"20px\" height=\"20px\" viewBox=\"0 0 24 24\" fill=\"none\"><path d=\"M6 6H4v2h2V6zm14 0H8v2h12V6zM4 11h2v2H4v-2zm16 0H8v2h12v-2zM4 16h2v2H4v-2zm16 0H8v2h12v-2z\" fill=\"currentColor\"><\/path><\/svg><svg style=\"fill: #999;color:#999\" class=\"arrow-unsorted-368013\" xmlns=\"http:\/\/www.w3.org\/2000\/svg\" width=\"10px\" height=\"10px\" viewBox=\"0 0 24 24\" version=\"1.2\" baseProfile=\"tiny\"><path d=\"M18.2 9.3l-6.2-6.3-6.2 6.3c-.2.2-.3.4-.3.7s.1.5.3.7c.2.2.4.3.7.3h11c.3 0 .5-.1.7-.3.2-.2.3-.5.3-.7s-.1-.5-.3-.7zM5.8 14.7l6.2 6.3 6.2-6.3c.2-.2.3-.5.3-.7s-.1-.5-.3-.7c-.2-.2-.4-.3-.7-.3h-11c-.3 0-.5.1-.7.3-.2.2-.3.5-.3.7s.1.5.3.7z\"\/><\/svg><\/span><\/span><\/span><\/a><\/span><\/div>\n<nav><ul class='ez-toc-list ez-toc-list-level-1 ' ><li class='ez-toc-page-1 ez-toc-heading-level-2'><a class=\"ez-toc-link ez-toc-heading-1\" href=\"https:\/\/laisladetabarca.com\/it\/tabarca-in-1-giorno\/#Come_arrivare_a_Tabarca\" >Come arrivare a Tabarca<\/a><\/li><li class='ez-toc-page-1 ez-toc-heading-level-2'><a class=\"ez-toc-link ez-toc-heading-2\" href=\"https:\/\/laisladetabarca.com\/it\/tabarca-in-1-giorno\/#Uno_sguardo_alla_storia_di_Tabarca\" >Uno sguardo alla storia di Tabarca<\/a><ul class='ez-toc-list-level-3' ><li class='ez-toc-heading-level-3'><a class=\"ez-toc-link ez-toc-heading-3\" href=\"https:\/\/laisladetabarca.com\/it\/tabarca-in-1-giorno\/#Riserva_Marina_e_Paradiso_Naturale\" >Riserva Marina e Paradiso Naturale<\/a><\/li><\/ul><\/li><li class='ez-toc-page-1 ez-toc-heading-level-2'><a class=\"ez-toc-link ez-toc-heading-4\" href=\"https:\/\/laisladetabarca.com\/it\/tabarca-in-1-giorno\/#Attivita_a_Tabarca\" >Attivit\u00e0 a Tabarca:<\/a><ul class='ez-toc-list-level-3' ><li class='ez-toc-heading-level-3'><a class=\"ez-toc-link ez-toc-heading-5\" href=\"https:\/\/laisladetabarca.com\/it\/tabarca-in-1-giorno\/#Relax_in_spiaggia\" >Relax in spiaggia<\/a><\/li><li class='ez-toc-page-1 ez-toc-heading-level-3'><a class=\"ez-toc-link ez-toc-heading-6\" href=\"https:\/\/laisladetabarca.com\/it\/tabarca-in-1-giorno\/#Esplorando_il_patrimonio_storico\" >Esplorando il patrimonio storico<\/a><\/li><li class='ez-toc-page-1 ez-toc-heading-level-3'><a class=\"ez-toc-link ez-toc-heading-7\" href=\"https:\/\/laisladetabarca.com\/it\/tabarca-in-1-giorno\/#Snorkeling_e_immersioni\" >Snorkeling e immersioni<\/a><\/li><\/ul><\/li><li class='ez-toc-page-1 ez-toc-heading-level-2'><a class=\"ez-toc-link ez-toc-heading-8\" href=\"https:\/\/laisladetabarca.com\/it\/tabarca-in-1-giorno\/#La_gastronomia_di_Tabarca\" >La gastronomia di Tabarca<\/a><\/li><\/ul><\/nav><\/div>\n<h2 style=\"font-weight:normal;\"><span class=\"ez-toc-section\" id=\"Come_arrivare_a_Tabarca\"><\/span>Come arrivare a Tabarca<span class=\"ez-toc-section-end\"><\/span><\/h2><\/div><div class=\"uvc-sub-heading ult-responsive\"  data-ultimate-target='.uvc-heading.ultimate-heading-437569f3c4616b19c .uvc-sub-heading '  data-responsive-json-new='{\"font-size\":\"\",\"line-height\":\"\"}'  style=\"font-weight:normal;\"><\/p>\n<p style=\"text-align: justify;\">Per raggiungere Tabarca, potete prendere uno dei famosi tabarkas o <a href=\"https:\/\/laisladetabarca.com\/it\/come-arrivare-a-tabarca-da\/andare-a-tabarca-da-alicante\/\">un taxi boat da Alicante<\/a>, Santa Pola o Benidorm. Il viaggio da Alicante dura circa un&#8217;ora e costa circa venti euro andata e ritorno. L&#8217;esperienza di navigare nel Mediterraneo \u00e8 di per s\u00e9 un piacevole preludio a ci\u00f2 che Tabarca ha da offrire.  <\/p>\n<p><\/div><\/div>[vc_empty_space][vc_video link=&#8221;https:\/\/www.youtube.com\/watch?v=GefYnigwZSA&#8221;]<div id=\"ultimate-heading-259069f3c4616b239\" class=\"uvc-heading ult-adjust-bottom-margin ultimate-heading-259069f3c4616b239 uvc-9436 \" data-hspacer=\"no_spacer\"  data-halign=\"left\" style=\"text-align:left\"><div class=\"uvc-heading-spacer no_spacer\" style=\"top\"><\/div><div class=\"uvc-main-heading ult-responsive\"  data-ultimate-target='.uvc-heading.ultimate-heading-259069f3c4616b239 h2'  data-responsive-json-new='{\"font-size\":\"\",\"line-height\":\"\"}' ><h2 style=\"font-weight:normal;\"><span class=\"ez-toc-section\" id=\"Uno_sguardo_alla_storia_di_Tabarca\"><\/span>Uno sguardo alla storia di Tabarca <span class=\"ez-toc-section-end\"><\/span><\/h2><\/div><div class=\"uvc-sub-heading ult-responsive\"  data-ultimate-target='.uvc-heading.ultimate-heading-259069f3c4616b239 .uvc-sub-heading '  data-responsive-json-new='{\"font-size\":\"\",\"line-height\":\"\"}'  style=\"font-weight:normal;\"><\/p>\n<p style=\"text-align: justify;\">Tabarca ha una storia affascinante. Fu colonizzata da Re Carlo III nel XVIII secolo, che salv\u00f2 le famiglie di pescatori genovesi e le insedi\u00f2 in quella che allora si chiamava Nuova Tabarca. Oggi, l&#8217;isola \u00e8 una testimonianza viva del suo passato, con meno di 60 residenti permanenti.  <\/p>\n<p><\/div><\/div>[vc_empty_space height=&#8221;35px&#8221;]<div id=\"ultimate-heading-811369f3c4616b2ab\" class=\"uvc-heading ult-adjust-bottom-margin ultimate-heading-811369f3c4616b2ab uvc-7572 \" data-hspacer=\"no_spacer\"  data-halign=\"left\" style=\"text-align:left\"><div class=\"uvc-heading-spacer no_spacer\" style=\"top\"><\/div><div class=\"uvc-main-heading ult-responsive\"  data-ultimate-target='.uvc-heading.ultimate-heading-811369f3c4616b2ab h3'  data-responsive-json-new='{\"font-size\":\"\",\"line-height\":\"\"}' ><h3 style=\"font-weight:normal;\"><span class=\"ez-toc-section\" id=\"Riserva_Marina_e_Paradiso_Naturale\"><\/span>Riserva Marina e Paradiso Naturale<span class=\"ez-toc-section-end\"><\/span><\/h3><\/div><div class=\"uvc-sub-heading ult-responsive\"  data-ultimate-target='.uvc-heading.ultimate-heading-811369f3c4616b2ab .uvc-sub-heading '  data-responsive-json-new='{\"font-size\":\"\",\"line-height\":\"\"}'  style=\"font-weight:normal;\"><\/p>\n<p style=\"text-align: justify;\">Tabarca \u00e8 stata la prima riserva marina dichiarata in Spagna, riconosciuta per le sue acque cristalline e la ricca biodiversit\u00e0 marina. \u00c8 un luogo ideale per gli amanti della natura e della fotografia subacquea. <\/p>\n<p>L&#8217;isola \u00e8 anche un&#8217;area protetta speciale per gli uccelli, designata dall&#8217;Unione Europea. Qui \u00e8 possibile osservare e ascoltare gli uccelli marini nel loro habitat naturale, una vera delizia per gli amanti del birdwatching.<\/div><\/div>[vc_single_image image=&#8221;322&#8243; img_size=&#8221;full&#8221; alignment=&#8221;center&#8221;][\/vc_column][\/vc_row][vc_row][vc_column][vc_empty_space height=&#8221;50px&#8221;]<div id=\"ultimate-heading-172769f3c4616b321\" class=\"uvc-heading ult-adjust-bottom-margin ultimate-heading-172769f3c4616b321 uvc-6171 \" data-hspacer=\"no_spacer\"  data-halign=\"left\" style=\"text-align:left\"><div class=\"uvc-heading-spacer no_spacer\" style=\"top\"><\/div><div class=\"uvc-main-heading ult-responsive\"  data-ultimate-target='.uvc-heading.ultimate-heading-172769f3c4616b321 h2'  data-responsive-json-new='{\"font-size\":\"\",\"line-height\":\"\"}' ><h2 style=\"font-weight:normal;\"><span class=\"ez-toc-section\" id=\"Attivita_a_Tabarca\"><\/span>Attivit\u00e0 a Tabarca:<span class=\"ez-toc-section-end\"><\/span><\/h2><\/div><div class=\"uvc-sub-heading ult-responsive\"  data-ultimate-target='.uvc-heading.ultimate-heading-172769f3c4616b321 .uvc-sub-heading '  data-responsive-json-new='{\"font-size\":\"\",\"line-height\":\"\"}'  style=\"font-weight:normal;\"><\/p>\n<h3 style=\"text-align: justify;\"><span class=\"ez-toc-section\" id=\"Relax_in_spiaggia\"><\/span><em>Relax in spiaggia<\/em><span class=\"ez-toc-section-end\"><\/span><\/h3>\n<p>Se cercate un posto dove rilassarvi, le spiagge di Tabarca sono perfette. Potete prendere il sole sulla spiaggia principale o esplorare le tranquille calette che circondano l&#8217;isola. <\/p>\n<p>&nbsp;<\/p>\n<h3><span class=\"ez-toc-section\" id=\"Esplorando_il_patrimonio_storico\"><\/span><em>Esplorando il patrimonio storico <\/em><span class=\"ez-toc-section-end\"><\/span><\/h3>\n<p>Non perdete l&#8217;occasione di passeggiare per la citt\u00e0 e ammirare le mura e gli edifici storici. Tabarca \u00e8 stata dichiarata sito storico-artistico nel 1964 e ogni angolo dell&#8217;isola racconta una storia. <\/p>\n<p>&nbsp;<\/p>\n<h3><span class=\"ez-toc-section\" id=\"Snorkeling_e_immersioni\"><\/span><em>Snorkeling e immersioni <\/em><span class=\"ez-toc-section-end\"><\/span><\/h3>\n<p>Per gli amanti dell&#8217;avventura, lo <a href=\"https:\/\/laisladetabarca.com\/it\/attivita-sullisola-di-tabarca\/snorkeling\/\">snorkeling<\/a> e le <a href=\"https:\/\/laisladetabarca.com\/it\/attivita-sullisola-di-tabarca\/tuffo\/\">immersioni<\/a> sono attivit\u00e0 imperdibili a Tabarca. Le zone migliori includono la parete nord, Cala del Franc\u00e9s e la grotta di Llop Mari.<\/div><\/div>[vc_empty_space height=&#8221;50px&#8221;]<div id=\"ultimate-heading-486969f3c4616b38f\" class=\"uvc-heading ult-adjust-bottom-margin ultimate-heading-486969f3c4616b38f uvc-8981 \" data-hspacer=\"no_spacer\"  data-halign=\"left\" style=\"text-align:left\"><div class=\"uvc-heading-spacer no_spacer\" style=\"top\"><\/div><div class=\"uvc-main-heading ult-responsive\"  data-ultimate-target='.uvc-heading.ultimate-heading-486969f3c4616b38f h2'  data-responsive-json-new='{\"font-size\":\"\",\"line-height\":\"\"}' ><h2 style=\"font-weight:normal;\"><span class=\"ez-toc-section\" id=\"La_gastronomia_di_Tabarca\"><\/span>La gastronomia di Tabarca <span class=\"ez-toc-section-end\"><\/span><\/h2><\/div><div class=\"uvc-sub-heading ult-responsive\"  data-ultimate-target='.uvc-heading.ultimate-heading-486969f3c4616b38f .uvc-sub-heading '  data-responsive-json-new='{\"font-size\":\"\",\"line-height\":\"\"}'  style=\"font-weight:normal;\">No puedes irte de Tabarca sin probar el famoso caldero tabarquino, un plato tradicional que los pescadores sol\u00edan preparar a bordo de sus barcos. Y para el postre, disfruta de un delicioso helado de turr\u00f3n de Xixona.<\/div><\/div>[vc_empty_space height=&#8221;30px&#8221;][vc_column_text]Tabarca \u00e8 una destinazione che unisce storia, natura e gastronomia. Che siate alla ricerca di relax, avventura o un viaggio culturale, Tabarca ha tutto. Ricordatevi solo di controllare gli orari dei battelli per evitare di rimanere bloccati in questo splendido paradiso. Esplorate Tabarca per un giorno e portate a casa ricordi che dureranno per tutta la vita![\/vc_column_text][\/vc_column][\/vc_row]<\/p>\n<\/div>","protected":false},"excerpt":{"rendered":"<p>[vc_row][vc_column][vc_empty_space height=&#8221;35px&#8221;][\/vc_column][\/vc_row][vc_row][vc_column][vc_empty_space][vc_video link=&#8221;https:\/\/www.youtube.com\/watch?v=GefYnigwZSA&#8221;][vc_empty_space height=&#8221;35px&#8221;][vc_single_image image=&#8221;322&#8243; img_size=&#8221;full&#8221; alignment=&#8221;center&#8221;][\/vc_column][\/vc_row][vc_row][vc_column][vc_empty_space height=&#8221;50px&#8221;][vc_empty_space height=&#8221;50px&#8221;][vc_empty_space height=&#8221;30px&#8221;][vc_column_text]Tabarca \u00e8 una destinazione che unisce storia, natura e gastronomia. Che siate alla ricerca di relax, avventura o un viaggio culturale, Tabarca ha tutto. Ricordatevi solo di controllare gli orari dei battelli per evitare di rimanere bloccati in questo splendido paradiso. Esplorate Tabarca per un giorno&hellip;<\/p>\n","protected":false},"author":1,"featured_media":0,"parent":0,"menu_order":0,"comment_status":"closed","ping_status":"closed","template":"","meta":{"_joinchat":[],"footnotes":""},"class_list":["post-3471","page","type-page","status-publish","hentry","description-off"],"_links":{"self":[{"href":"https:\/\/laisladetabarca.com\/it\/wp-json\/wp\/v2\/pages\/3471","targetHints":{"allow":["GET"]}}],"collection":[{"href":"https:\/\/laisladetabarca.com\/it\/wp-json\/wp\/v2\/pages"}],"about":[{"href":"https:\/\/laisladetabarca.com\/it\/wp-json\/wp\/v2\/types\/page"}],"author":[{"embeddable":true,"href":"https:\/\/laisladetabarca.com\/it\/wp-json\/wp\/v2\/users\/1"}],"replies":[{"embeddable":true,"href":"https:\/\/laisladetabarca.com\/it\/wp-json\/wp\/v2\/comments?post=3471"}],"version-history":[{"count":0,"href":"https:\/\/laisladetabarca.com\/it\/wp-json\/wp\/v2\/pages\/3471\/revisions"}],"wp:attachment":[{"href":"https:\/\/laisladetabarca.com\/it\/wp-json\/wp\/v2\/media?parent=3471"}],"curies":[{"name":"wp","href":"https:\/\/api.w.org\/{rel}","templated":true}]}}