{"id":3468,"date":"2022-08-31T13:22:43","date_gmt":"2022-08-31T12:22:43","guid":{"rendered":"https:\/\/laisladetabarca.com\/hotel-a-tabarca\/"},"modified":"2025-10-11T22:49:09","modified_gmt":"2025-10-11T22:49:09","slug":"hotel-a-tabarca","status":"publish","type":"page","link":"https:\/\/laisladetabarca.com\/it\/hotel-a-tabarca\/","title":{"rendered":"Hotel a Tabarca"},"content":{"rendered":"<div class=\"wpb-content-wrapper\"><p>[vc_row][vc_column]<div id=\"ultimate-heading-855869de5f1a78b4a\" class=\"uvc-heading ult-adjust-bottom-margin ultimate-heading-855869de5f1a78b4a uvc-5284 \" data-hspacer=\"no_spacer\"  data-halign=\"left\" style=\"text-align:left\"><div class=\"uvc-heading-spacer no_spacer\" style=\"top\"><\/div><div class=\"uvc-sub-heading ult-responsive\"  data-ultimate-target='.uvc-heading.ultimate-heading-855869de5f1a78b4a .uvc-sub-heading '  data-responsive-json-new='{\"font-size\":\"\",\"line-height\":\"\"}'  style=\"font-weight:normal;\"><\/p>\n<p style=\"text-align: justify;\"><span style=\"font-weight: 400;\">Se sei arrivato a questa parte del sito, probabilmente \u00e8 perch\u00e9 hai gi\u00e0 deciso di venire a Tabarca e, sinceramente, devo congratularmi con te: \u00e8 la cosa migliore che potessi fare. Venire a Tabarca significa immergersi nello stile di vita isolano, circondati dal Mediterraneo e con una cucina sublime. <\/span><\/p>\n<p style=\"text-align: justify;\"><span style=\"font-weight: 400;\">Bene, se stai cercando un alloggio, qui sotto troverai un motore di ricerca per aiutarti a trovare la sistemazione pi\u00f9 adatta alle tue esigenze. Essendo una piccola isola, non abbiamo molte sistemazioni, ma quelle che abbiamo sono molto belle. <\/span><\/p>\n<p><\/div><\/div>[vc_empty_space height=&#8221;50px&#8221;][vc_raw_html]PGRpdiBkYXRhLXNreXNjYW5uZXItd2lkZ2V0PSJIb3RlbFNlYXJjaFdpZGdldCIgZGF0YS1sb2NhbGU9ImVzLUVTIiBkYXRhLW1hcmtldD0iLmVzIiBkYXRhLWN1cnJlbmN5PSJFVSIgZGF0YS1jYW1wYWlnbi1pZD0iMTM0MTYiIGRhdGEtbWVkaWEtcGFydG5lci1pZD0iMzU5NjUwMCIgZGF0YS1hZC1pZD0iMTEwMzI2MSIgZGF0YS1idXR0b24tY29sb3VyPSIjOTgxMzViIiBkYXRhLWRlc3RpbmF0aW9uLW5hbWU9IlRhYmFyY2EiIGRhdGEtcmVzcG9uc2l2ZT0idHJ1ZSIgZGF0YS1mb250LWNvbG91cj0iIzk4MTM1YiIgZGF0YS1wb3dlcmVkLWJ5LWxvZ28tY29sb3VyPSJkYXJrIiBkYXRhLWlmcmFtZT0idHJ1ZSI+PC9kaXY+CjxzY3JpcHQgc3JjPSJodHRwczovL3dpZGdldHMuc2t5c2Nhbm5lci5uZXQvd2lkZ2V0LXNlcnZlci9qcy9sb2FkZXIuanMiIGFzeW5jPSIiPjwvc2NyaXB0Pg==[\/vc_raw_html][vc_empty_space height=&#8221;50px&#8221;][\/vc_column][\/vc_row][vc_row][vc_column]<div id=\"ultimate-heading-876369de5f1a78bbb\" class=\"uvc-heading ult-adjust-bottom-margin ultimate-heading-876369de5f1a78bbb uvc-6152 \" data-hspacer=\"no_spacer\"  data-halign=\"left\" style=\"text-align:left\"><div class=\"uvc-heading-spacer no_spacer\" style=\"top\"><\/div><div class=\"uvc-main-heading ult-responsive\"  data-ultimate-target='.uvc-heading.ultimate-heading-876369de5f1a78bbb h2'  data-responsive-json-new='{\"font-size\":\"\",\"line-height\":\"\"}' ><div id=\"ez-toc-container\" class=\"ez-toc-v2_0_80 counter-hierarchy ez-toc-counter ez-toc-grey ez-toc-container-direction\">\n<div class=\"ez-toc-title-container\">\n<p class=\"ez-toc-title\" style=\"cursor:inherit\">Table of Contents<\/p>\n<span class=\"ez-toc-title-toggle\"><a href=\"#\" class=\"ez-toc-pull-right ez-toc-btn ez-toc-btn-xs ez-toc-btn-default ez-toc-toggle\" aria-label=\"Toggle Table of Content\"><span class=\"ez-toc-js-icon-con\"><span class=\"\"><span class=\"eztoc-hide\" style=\"display:none;\">Toggle<\/span><span class=\"ez-toc-icon-toggle-span\"><svg style=\"fill: #999;color:#999\" xmlns=\"http:\/\/www.w3.org\/2000\/svg\" class=\"list-377408\" width=\"20px\" height=\"20px\" viewBox=\"0 0 24 24\" fill=\"none\"><path d=\"M6 6H4v2h2V6zm14 0H8v2h12V6zM4 11h2v2H4v-2zm16 0H8v2h12v-2zM4 16h2v2H4v-2zm16 0H8v2h12v-2z\" fill=\"currentColor\"><\/path><\/svg><svg style=\"fill: #999;color:#999\" class=\"arrow-unsorted-368013\" xmlns=\"http:\/\/www.w3.org\/2000\/svg\" width=\"10px\" height=\"10px\" viewBox=\"0 0 24 24\" version=\"1.2\" baseProfile=\"tiny\"><path d=\"M18.2 9.3l-6.2-6.3-6.2 6.3c-.2.2-.3.4-.3.7s.1.5.3.7c.2.2.4.3.7.3h11c.3 0 .5-.1.7-.3.2-.2.3-.5.3-.7s-.1-.5-.3-.7zM5.8 14.7l6.2 6.3 6.2-6.3c.2-.2.3-.5.3-.7s-.1-.5-.3-.7c-.2-.2-.4-.3-.7-.3h-11c-.3 0-.5.1-.7.3-.2.2-.3.5-.3.7s.1.5.3.7z\"\/><\/svg><\/span><\/span><\/span><\/a><\/span><\/div>\n<nav><ul class='ez-toc-list ez-toc-list-level-1 ' ><li class='ez-toc-page-1 ez-toc-heading-level-2'><a class=\"ez-toc-link ez-toc-heading-1\" href=\"https:\/\/laisladetabarca.com\/it\/hotel-a-tabarca\/#Hotel_economici_a_Tabarca\" >Hotel economici a Tabarca<\/a><\/li><li class='ez-toc-page-1 ez-toc-heading-level-2'><a class=\"ez-toc-link ez-toc-heading-2\" href=\"https:\/\/laisladetabarca.com\/it\/hotel-a-tabarca\/#Hotel_che_accettano_animali_domestici_a_Tabarca\" >Hotel che accettano animali domestici a Tabarca<\/a><\/li><\/ul><\/nav><\/div>\n<h2 style=\"font-weight:normal;\"><span class=\"ez-toc-section\" id=\"Hotel_economici_a_Tabarca\"><\/span>Hotel economici a Tabarca<span class=\"ez-toc-section-end\"><\/span><\/h2><\/div><div class=\"uvc-sub-heading ult-responsive\"  data-ultimate-target='.uvc-heading.ultimate-heading-876369de5f1a78bbb .uvc-sub-heading '  data-responsive-json-new='{\"font-size\":\"\",\"line-height\":\"\"}'  style=\"font-weight:normal;\"><\/p>\n<p style=\"text-align: justify;\"><span style=\"font-weight: 400;\">Come ho accennato nel paragrafo precedente, Tabarca \u00e8 un&#8217;isola cos\u00ec piccola che non abbiamo grandi hotel o resort. Ci sono poche opzioni sull&#8217;isola stessa. Pertanto, se cercate hotel economici a Tabarca, l&#8217;opzione migliore \u00e8 soggiornare a Santa Pola, dove c&#8217;\u00e8 un&#8217;ampia variet\u00e0 di hotel e alloggi e, di conseguenza, prezzi pi\u00f9 bassi. Tuttavia, sto utilizzando di nuovo il motore di ricerca hotel in modo che possiate trovare autonomamente la sistemazione che desiderate.   <\/span><\/p>\n<p><\/div><\/div>[vc_raw_html]PGRpdiBkYXRhLXNreXNjYW5uZXItd2lkZ2V0PSJIb3RlbFNlYXJjaFdpZGdldCIgZGF0YS1sb2NhbGU9ImVzLUVTIiBkYXRhLW1hcmtldD0iLmVzIiBkYXRhLWN1cnJlbmN5PSJFVSIgZGF0YS1jYW1wYWlnbi1pZD0iMTM0MTYiIGRhdGEtbWVkaWEtcGFydG5lci1pZD0iMzU5NjUwMCIgZGF0YS1hZC1pZD0iMTEwMzI2MSIgZGF0YS1idXR0b24tY29sb3VyPSIjOTgxMzViIiBkYXRhLWRlc3RpbmF0aW9uLW5hbWU9IlRhYmFyY2EiIGRhdGEtcmVzcG9uc2l2ZT0idHJ1ZSIgZGF0YS1mb250LWNvbG91cj0iIzk4MTM1YiIgZGF0YS1wb3dlcmVkLWJ5LWxvZ28tY29sb3VyPSJkYXJrIiBkYXRhLWlmcmFtZT0idHJ1ZSI+PC9kaXY+CjxzY3JpcHQgc3JjPSJodHRwczovL3dpZGdldHMuc2t5c2Nhbm5lci5uZXQvd2lkZ2V0LXNlcnZlci9qcy9sb2FkZXIuanMiIGFzeW5jPSIiPjwvc2NyaXB0Pg==[\/vc_raw_html][vc_empty_space height=&#8221;50px&#8221;]<div id=\"ultimate-heading-505969de5f1a78c41\" class=\"uvc-heading ult-adjust-bottom-margin ultimate-heading-505969de5f1a78c41 uvc-6070 \" data-hspacer=\"no_spacer\"  data-halign=\"left\" style=\"text-align:left\"><div class=\"uvc-heading-spacer no_spacer\" style=\"top\"><\/div><div class=\"uvc-main-heading ult-responsive\"  data-ultimate-target='.uvc-heading.ultimate-heading-505969de5f1a78c41 h2'  data-responsive-json-new='{\"font-size\":\"\",\"line-height\":\"\"}' ><h2 style=\"font-weight:normal;\"><span class=\"ez-toc-section\" id=\"Hotel_che_accettano_animali_domestici_a_Tabarca\"><\/span>Hotel che accettano animali domestici a Tabarca<span class=\"ez-toc-section-end\"><\/span><\/h2><\/div><div class=\"uvc-sub-heading ult-responsive\"  data-ultimate-target='.uvc-heading.ultimate-heading-505969de5f1a78c41 .uvc-sub-heading '  data-responsive-json-new='{\"font-size\":\"\",\"line-height\":\"\"}'  style=\"font-weight:normal;\"><\/p>\n<p style=\"text-align: justify;\"><span style=\"font-weight: 400;\">Sono sempre di pi\u00f9 le strutture ricettive che accettano animali domestici, che si tratti di ostelli o case rurali. Tuttavia, indipendentemente dal tipo di sistemazione che state prendendo in considerazione, \u00e8 importante verificare singolarmente quali sono quelle che accettano animali domestici. <\/span><\/p>\n<p><\/div><\/div>[vc_raw_html]PGRpdiBkYXRhLXNreXNjYW5uZXItd2lkZ2V0PSJIb3RlbFNlYXJjaFdpZGdldCIgZGF0YS1sb2NhbGU9ImVzLUVTIiBkYXRhLW1hcmtldD0iLmVzIiBkYXRhLWN1cnJlbmN5PSJFVSIgZGF0YS1jYW1wYWlnbi1pZD0iMTM0MTYiIGRhdGEtbWVkaWEtcGFydG5lci1pZD0iMzU5NjUwMCIgZGF0YS1hZC1pZD0iMTEwMzI2MSIgZGF0YS1idXR0b24tY29sb3VyPSIjOTgxMzViIiBkYXRhLWRlc3RpbmF0aW9uLW5hbWU9IlRhYmFyY2EiIGRhdGEtcmVzcG9uc2l2ZT0idHJ1ZSIgZGF0YS1mb250LWNvbG91cj0iIzk4MTM1YiIgZGF0YS1wb3dlcmVkLWJ5LWxvZ28tY29sb3VyPSJkYXJrIiBkYXRhLWlmcmFtZT0idHJ1ZSI+PC9kaXY+CjxzY3JpcHQgc3JjPSJodHRwczovL3dpZGdldHMuc2t5c2Nhbm5lci5uZXQvd2lkZ2V0LXNlcnZlci9qcy9sb2FkZXIuanMiIGFzeW5jPSIiPjwvc2NyaXB0Pg==[\/vc_raw_html][vc_empty_space height=&#8221;50px&#8221;][\/vc_column][\/vc_row]<\/p>\n<\/div>","protected":false},"excerpt":{"rendered":"<p>[vc_row][vc_column][vc_empty_space height=&#8221;50px&#8221;][vc_raw_html]PGRpdiBkYXRhLXNreXNjYW5uZXItd2lkZ2V0PSJIb3RlbFNlYXJjaFdpZGdldCIgZGF0YS1sb2NhbGU9ImVzLUVTIiBkYXRhLW1hcmtldD0iLmVzIiBkYXRhLWN1cnJlbmN5PSJFVSIgZGF0YS1jYW1wYWlnbi1pZD0iMTM0MTYiIGRhdGEtbWVkaWEtcGFydG5lci1pZD0iMzU5NjUwMCIgZGF0YS1hZC1pZD0iMTEwMzI2MSIgZGF0YS1idXR0b24tY29sb3VyPSIjOTgxMzViIiBkYXRhLWRlc3RpbmF0aW9uLW5hbWU9IlRhYmFyY2EiIGRhdGEtcmVzcG9uc2l2ZT0idHJ1ZSIgZGF0YS1mb250LWNvbG91cj0iIzk4MTM1YiIgZGF0YS1wb3dlcmVkLWJ5LWxvZ28tY29sb3VyPSJkYXJrIiBkYXRhLWlmcmFtZT0idHJ1ZSI+PC9kaXY+CjxzY3JpcHQgc3JjPSJodHRwczovL3dpZGdldHMuc2t5c2Nhbm5lci5uZXQvd2lkZ2V0LXNlcnZlci9qcy9sb2FkZXIuanMiIGFzeW5jPSIiPjwvc2NyaXB0Pg==[\/vc_raw_html][vc_empty_space height=&#8221;50px&#8221;][\/vc_column][\/vc_row][vc_row][vc_column][vc_raw_html]PGRpdiBkYXRhLXNreXNjYW5uZXItd2lkZ2V0PSJIb3RlbFNlYXJjaFdpZGdldCIgZGF0YS1sb2NhbGU9ImVzLUVTIiBkYXRhLW1hcmtldD0iLmVzIiBkYXRhLWN1cnJlbmN5PSJFVSIgZGF0YS1jYW1wYWlnbi1pZD0iMTM0MTYiIGRhdGEtbWVkaWEtcGFydG5lci1pZD0iMzU5NjUwMCIgZGF0YS1hZC1pZD0iMTEwMzI2MSIgZGF0YS1idXR0b24tY29sb3VyPSIjOTgxMzViIiBkYXRhLWRlc3RpbmF0aW9uLW5hbWU9IlRhYmFyY2EiIGRhdGEtcmVzcG9uc2l2ZT0idHJ1ZSIgZGF0YS1mb250LWNvbG91cj0iIzk4MTM1YiIgZGF0YS1wb3dlcmVkLWJ5LWxvZ28tY29sb3VyPSJkYXJrIiBkYXRhLWlmcmFtZT0idHJ1ZSI+PC9kaXY+CjxzY3JpcHQgc3JjPSJodHRwczovL3dpZGdldHMuc2t5c2Nhbm5lci5uZXQvd2lkZ2V0LXNlcnZlci9qcy9sb2FkZXIuanMiIGFzeW5jPSIiPjwvc2NyaXB0Pg==[\/vc_raw_html][vc_empty_space height=&#8221;50px&#8221;][vc_raw_html]PGRpdiBkYXRhLXNreXNjYW5uZXItd2lkZ2V0PSJIb3RlbFNlYXJjaFdpZGdldCIgZGF0YS1sb2NhbGU9ImVzLUVTIiBkYXRhLW1hcmtldD0iLmVzIiBkYXRhLWN1cnJlbmN5PSJFVSIgZGF0YS1jYW1wYWlnbi1pZD0iMTM0MTYiIGRhdGEtbWVkaWEtcGFydG5lci1pZD0iMzU5NjUwMCIgZGF0YS1hZC1pZD0iMTEwMzI2MSIgZGF0YS1idXR0b24tY29sb3VyPSIjOTgxMzViIiBkYXRhLWRlc3RpbmF0aW9uLW5hbWU9IlRhYmFyY2EiIGRhdGEtcmVzcG9uc2l2ZT0idHJ1ZSIgZGF0YS1mb250LWNvbG91cj0iIzk4MTM1YiIgZGF0YS1wb3dlcmVkLWJ5LWxvZ28tY29sb3VyPSJkYXJrIiBkYXRhLWlmcmFtZT0idHJ1ZSI+PC9kaXY+CjxzY3JpcHQgc3JjPSJodHRwczovL3dpZGdldHMuc2t5c2Nhbm5lci5uZXQvd2lkZ2V0LXNlcnZlci9qcy9sb2FkZXIuanMiIGFzeW5jPSIiPjwvc2NyaXB0Pg==[\/vc_raw_html][vc_empty_space height=&#8221;50px&#8221;][\/vc_column][\/vc_row]<\/p>\n","protected":false},"author":1,"featured_media":0,"parent":0,"menu_order":0,"comment_status":"closed","ping_status":"closed","template":"","meta":{"_joinchat":[],"footnotes":""},"class_list":["post-3468","page","type-page","status-publish","hentry","description-off"],"_links":{"self":[{"href":"https:\/\/laisladetabarca.com\/it\/wp-json\/wp\/v2\/pages\/3468","targetHints":{"allow":["GET"]}}],"collection":[{"href":"https:\/\/laisladetabarca.com\/it\/wp-json\/wp\/v2\/pages"}],"about":[{"href":"https:\/\/laisladetabarca.com\/it\/wp-json\/wp\/v2\/types\/page"}],"author":[{"embeddable":true,"href":"https:\/\/laisladetabarca.com\/it\/wp-json\/wp\/v2\/users\/1"}],"replies":[{"embeddable":true,"href":"https:\/\/laisladetabarca.com\/it\/wp-json\/wp\/v2\/comments?post=3468"}],"version-history":[{"count":0,"href":"https:\/\/laisladetabarca.com\/it\/wp-json\/wp\/v2\/pages\/3468\/revisions"}],"wp:attachment":[{"href":"https:\/\/laisladetabarca.com\/it\/wp-json\/wp\/v2\/media?parent=3468"}],"curies":[{"name":"wp","href":"https:\/\/api.w.org\/{rel}","templated":true}]}}