{"id":3460,"date":"2023-02-08T16:27:11","date_gmt":"2023-02-08T15:27:11","guid":{"rendered":"https:\/\/laisladetabarca.com\/con-i-bambini\/"},"modified":"2026-01-30T17:37:23","modified_gmt":"2026-01-30T16:37:23","slug":"con-i-bambini","status":"publish","type":"page","link":"https:\/\/laisladetabarca.com\/it\/con-i-bambini\/","title":{"rendered":"Con I Bambini"},"content":{"rendered":"<div class=\"wpb-content-wrapper\"><p>[vc_row][vc_column]<div id=\"ultimate-heading-53869de30dd443ef\" class=\"uvc-heading ult-adjust-bottom-margin ultimate-heading-53869de30dd443ef uvc-7139 \" data-hspacer=\"no_spacer\"  data-halign=\"left\" style=\"text-align:left\"><div class=\"uvc-heading-spacer no_spacer\" style=\"top\"><\/div><div class=\"uvc-sub-heading ult-responsive\"  data-ultimate-target='.uvc-heading.ultimate-heading-53869de30dd443ef .uvc-sub-heading '  data-responsive-json-new='{\"font-size\":\"\",\"line-height\":\"\"}'  style=\"font-weight:normal;\"><\/p>\n<p style=\"text-align: justify;\">L&#8217;isola di Tabarca \u00e8 un paradiso naturale situato nel Mar Mediterraneo che offre infinite opportunit\u00e0 per godersi il sole, il mare e la natura. Ma sapevate che \u00e8 anche un luogo ideale per i bambini? Questo piccolo lembo di terra \u00e8 una destinazione perfetta per le famiglie con bambini, che troveranno un&#8217;ampia variet\u00e0 di attivit\u00e0 e attrazioni per divertirsi e imparare allo stesso tempo.  <\/p>\n<p>&nbsp;<\/p>\n<p style=\"text-align: justify;\">Dalla visita all&#8217;acquario con i pesci, al giro del faro con il panorama mozzafiato, i bambini vivranno un&#8217;esperienza indimenticabile sull&#8217;isola di Tabarca. In questo articolo vi racconteremo tutto ci\u00f2 che i bambini possono fare su questa meravigliosa isola. <\/p>\n<p><\/div><\/div>[vc_empty_space height=&#8221;50px&#8221;][\/vc_column][\/vc_row][vc_row][vc_column]<div id=\"ultimate-heading-470069de30dd44464\" class=\"uvc-heading ult-adjust-bottom-margin ultimate-heading-470069de30dd44464 uvc-5999 \" data-hspacer=\"no_spacer\"  data-halign=\"left\" style=\"text-align:left\"><div class=\"uvc-heading-spacer no_spacer\" style=\"top\"><\/div><div class=\"uvc-main-heading ult-responsive\"  data-ultimate-target='.uvc-heading.ultimate-heading-470069de30dd44464 h2'  data-responsive-json-new='{\"font-size\":\"\",\"line-height\":\"\"}' ><div id=\"ez-toc-container\" class=\"ez-toc-v2_0_80 counter-hierarchy ez-toc-counter ez-toc-grey ez-toc-container-direction\">\n<div class=\"ez-toc-title-container\">\n<p class=\"ez-toc-title\" style=\"cursor:inherit\">Table of Contents<\/p>\n<span class=\"ez-toc-title-toggle\"><a href=\"#\" class=\"ez-toc-pull-right ez-toc-btn ez-toc-btn-xs ez-toc-btn-default ez-toc-toggle\" aria-label=\"Toggle Table of Content\"><span class=\"ez-toc-js-icon-con\"><span class=\"\"><span class=\"eztoc-hide\" style=\"display:none;\">Toggle<\/span><span class=\"ez-toc-icon-toggle-span\"><svg style=\"fill: #999;color:#999\" xmlns=\"http:\/\/www.w3.org\/2000\/svg\" class=\"list-377408\" width=\"20px\" height=\"20px\" viewBox=\"0 0 24 24\" fill=\"none\"><path d=\"M6 6H4v2h2V6zm14 0H8v2h12V6zM4 11h2v2H4v-2zm16 0H8v2h12v-2zM4 16h2v2H4v-2zm16 0H8v2h12v-2z\" fill=\"currentColor\"><\/path><\/svg><svg style=\"fill: #999;color:#999\" class=\"arrow-unsorted-368013\" xmlns=\"http:\/\/www.w3.org\/2000\/svg\" width=\"10px\" height=\"10px\" viewBox=\"0 0 24 24\" version=\"1.2\" baseProfile=\"tiny\"><path d=\"M18.2 9.3l-6.2-6.3-6.2 6.3c-.2.2-.3.4-.3.7s.1.5.3.7c.2.2.4.3.7.3h11c.3 0 .5-.1.7-.3.2-.2.3-.5.3-.7s-.1-.5-.3-.7zM5.8 14.7l6.2 6.3 6.2-6.3c.2-.2.3-.5.3-.7s-.1-.5-.3-.7c-.2-.2-.4-.3-.7-.3h-11c-.3 0-.5.1-.7.3-.2.2-.3.5-.3.7s.1.5.3.7z\"\/><\/svg><\/span><\/span><\/span><\/a><\/span><\/div>\n<nav><ul class='ez-toc-list ez-toc-list-level-1 ' ><li class='ez-toc-page-1 ez-toc-heading-level-2'><a class=\"ez-toc-link ez-toc-heading-1\" href=\"https:\/\/laisladetabarca.com\/it\/con-i-bambini\/#Quali_attivita_ricreative_sono_disponibili_per_i_bambini_a_Tabarca\" >Quali attivit\u00e0 ricreative sono disponibili per i bambini a Tabarca?<\/a><\/li><li class='ez-toc-page-1 ez-toc-heading-level-2'><a class=\"ez-toc-link ez-toc-heading-2\" href=\"https:\/\/laisladetabarca.com\/it\/con-i-bambini\/#Stai_cercando_unattivita_divertente_ed_emozionante_per_i_bambini_sullisola_di_Tabarca\" >Stai cercando un&#039;attivit\u00e0 divertente ed emozionante per i bambini sull&#039;isola di Tabarca?<\/a><\/li><li class='ez-toc-page-1 ez-toc-heading-level-2'><a class=\"ez-toc-link ez-toc-heading-3\" href=\"https:\/\/laisladetabarca.com\/it\/con-i-bambini\/#Ci_sono_attivita_acquatiche_sicure_per_i_bambini_sullisola_di_Tabarca\" >Ci sono attivit\u00e0 acquatiche sicure per i bambini sull&#039;isola di Tabarca?<\/a><ul class='ez-toc-list-level-3' ><li class='ez-toc-heading-level-3'><a class=\"ez-toc-link ez-toc-heading-4\" href=\"https:\/\/laisladetabarca.com\/it\/con-i-bambini\/#E_possibile_visitare_lisola_tutto_lanno\" >\u00c8 possibile visitare l&#039;isola tutto l&#039;anno?<\/a><\/li><\/ul><\/li><\/ul><\/nav><\/div>\n<h2 style=\"font-weight:normal;\"><span class=\"ez-toc-section\" id=\"Quali_attivita_ricreative_sono_disponibili_per_i_bambini_a_Tabarca\"><\/span>Quali attivit\u00e0 ricreative sono disponibili per i bambini a Tabarca?<span class=\"ez-toc-section-end\"><\/span><\/h2><\/div><div class=\"uvc-sub-heading ult-responsive\"  data-ultimate-target='.uvc-heading.ultimate-heading-470069de30dd44464 .uvc-sub-heading '  data-responsive-json-new='{\"font-size\":\"\",\"line-height\":\"\"}'  style=\"font-weight:normal;\"><\/p>\n<div class=\"flex-1 overflow-hidden\">\n<div class=\"react-scroll-to-bottom--css-fsolu-79elbk h-full dark:bg-gray-800\">\n<div class=\"react-scroll-to-bottom--css-fsolu-1n7m0yu\">\n<div class=\"flex flex-col items-center text-sm h-full dark:bg-gray-800\">\n<div class=\"w-full border-b border-black\/10 dark:border-gray-900\/50 text-gray-800 dark:text-gray-100 group bg-gray-50 dark:bg-[#444654]\">\n<div class=\"text-base gap-4 md:gap-6 m-auto md:max-w-2xl lg:max-w-2xl xl:max-w-3xl p-4 md:py-6 flex lg:px-0\">\n<div class=\"relative flex w-[calc(100%-50px)] flex-col gap-1 md:gap-3 lg:w-[calc(100%-115px)]\">\n<div class=\"flex flex-grow flex-col gap-3\">\n<div class=\"min-h-[20px] flex flex-col items-start gap-4 whitespace-pre-wrap\">\n<div class=\"markdown prose w-full break-words dark:prose-invert light\">\n<p>L&#8217;isola di Tabarca \u00e8 una destinazione perfetta per i bambini, con un&#8217;ampia variet\u00e0 di attivit\u00e0 ricreative che li terranno impegnati e permetteranno loro di godere delle bellezze naturali dell&#8217;isola. Ecco alcune delle attivit\u00e0 pi\u00f9 popolari per i bambini a Tabarca: <\/p>\n<ol>\n<li>Snorkeling e immersioni: i bambini possono immergersi nel mare cristallino di Tabarca ed esplorare il meraviglioso mondo sottomarino. Sono disponibili un&#8217;ampia variet\u00e0 di escursioni di snorkeling e immersioni, che includono l&#8217;opportunit\u00e0 di ammirare pesci tropicali e altre forme di vita marina. <\/li>\n<li>Visite all&#8217;Acquario: i bambini possono visitare l&#8217;Acquario di Tabarca e vedere da vicino i pesci e gli altri animali marini che vivono nel Mar Mediterraneo.<\/li>\n<li>Tour del faro: il faro di Tabarca \u00e8 una delle attrazioni pi\u00f9 popolari dell&#8217;isola. I bambini possono salire in cima e godere di splendide viste panoramiche sul mare e sull&#8217;isola. <\/li>\n<li>Gite in barca: i bambini possono salire a bordo di una barca ed esplorare la costa di Tabarca. Sono disponibili numerose escursioni, dalle crociere di un giorno intero alle gite pomeridiane. <\/li>\n<li>Giochi da spiaggia: i bambini possono praticare sport acquatici, come il surf e il windsurf, oppure semplicemente giocare sulla spiaggia e godersi il sole.<\/li>\n<\/ol>\n<p>In breve, l&#8217;isola di Tabarca \u00e8 una destinazione perfetta per i bambini, con un&#8217;ampia variet\u00e0 di attivit\u00e0 ricreative che li terranno impegnati e permetteranno loro di godere delle bellezze naturali dell&#8217;isola. Che siano interessati alle immersioni subacquee, alle gite in barca, agli sport acquatici o semplicemente a giocare in spiaggia, i bambini vivranno un&#8217;esperienza indimenticabile a Tabarca. <\/p>\n<\/div>\n<\/div>\n<\/div>\n<div class=\"flex justify-between\">\n<div class=\"text-gray-400 flex self-end lg:self-center justify-center mt-2 gap-3 md:gap-4 lg:gap-1 lg:absolute lg:top-0 lg:translate-x-full lg:right-0 lg:mt-0 lg:pl-2 visible\"><\/div>\n<\/div>\n<\/div>\n<\/div>\n<\/div>\n<div class=\"w-full h-32 md:h-48 flex-shrink-0\"><\/div>\n<\/div>\n<\/div>\n<\/div>\n<\/div>\n<div class=\"absolute bottom-0 left-0 w-full border-t md:border-t-0 dark:border-white\/20 md:border-transparent md:dark:border-transparent md:bg-vert-light-gradient bg-white dark:bg-gray-800 md:!bg-transparent dark:md:bg-vert-dark-gradient\">\n<form class=\"stretch mx-2 flex flex-row gap-3 pt-2 last:mb-2 md:last:mb-6 lg:mx-auto lg:max-w-3xl lg:pt-6\">\n<div class=\"relative flex h-full flex-1 md:flex-col\">\n<div class=\"flex ml-1 mt-1.5 md:w-full md:m-auto md:mb-2 gap-0 md:gap-2 justify-center\"><\/div>\n<\/div>\n<\/form>\n<\/div>\n<p><\/div><\/div>[vc_single_image image=&#8221;3461&#8243; img_size=&#8221;full&#8221;]<div id=\"ultimate-heading-580669de30dd444fa\" class=\"uvc-heading ult-adjust-bottom-margin ultimate-heading-580669de30dd444fa uvc-5792 \" data-hspacer=\"no_spacer\"  data-halign=\"left\" style=\"text-align:left\"><div class=\"uvc-heading-spacer no_spacer\" style=\"top\"><\/div><div class=\"uvc-main-heading ult-responsive\"  data-ultimate-target='.uvc-heading.ultimate-heading-580669de30dd444fa h2'  data-responsive-json-new='{\"font-size\":\"\",\"line-height\":\"\"}' ><h2 style=\"font-weight:normal;\"><span class=\"ez-toc-section\" id=\"Stai_cercando_unattivita_divertente_ed_emozionante_per_i_bambini_sullisola_di_Tabarca\"><\/span>Stai cercando un&#039;attivit\u00e0 divertente ed emozionante per i bambini sull&#039;isola di Tabarca?<span class=\"ez-toc-section-end\"><\/span><\/h2><\/div><div class=\"uvc-sub-heading ult-responsive\"  data-ultimate-target='.uvc-heading.ultimate-heading-580669de30dd444fa .uvc-sub-heading '  data-responsive-json-new='{\"font-size\":\"\",\"line-height\":\"\"}'  style=\"font-weight:normal;\">Un&#8217;escursione in catamarano \u00e8 il modo perfetto per esplorare la costa di Tabarca e godersi il sole, il mare e la natura. I bambini possono godersi una giornata in acqua, nuotando e facendo snorkeling nel mare cristallino e osservando da vicino la fauna marina. Le escursioni in catamarano spesso includono un picnic su una spiaggia deserta, un&#8217;occasione perfetta per i bambini di giocare e godersi il sole.  <\/p>\n<p>Ci sono molte opzioni per escursioni in catamarano a Tabarca, dalle escursioni di un&#8217;intera giornata alle gite pomeridiane. Quindi, se cercate un&#8217;attivit\u00e0 divertente ed emozionante per i bambini a Tabarca, considerate un&#8217;escursione in catamarano.<\/div><\/div>[vc_raw_html]PGRpdiBkYXRhLWd5Zy1ocmVmPSJodHRwczovL3dpZGdldC5nZXR5b3VyZ3VpZGUuY29tL2RlZmF1bHQvYWN0aXZpdGllcy5mcmFtZSIgZGF0YS1neWctbG9jYWxlLWNvZGU9ImVzLUVTIiBkYXRhLWd5Zy13aWRnZXQ9ImFjdGl2aXRpZXMiIGRhdGEtZ3lnLW51bWJlci1vZi1pdGVtcz0iMSIgZGF0YS1neWctY21wPSJJVF91cmxfbmlub3MiIGRhdGEtZ3lnLXBhcnRuZXItaWQ9IlcxUUxHOUsiIGRhdGEtZ3lnLXBsYWNlbWVudD0ib3RoZXIiIGRhdGEtZ3lnLXRvdXItaWRzPSIzNzgyMDQiPjwvZGl2Pg==[\/vc_raw_html][vc_empty_space height=&#8221;50px&#8221;]<div id=\"ultimate-heading-125569de30dd4456d\" class=\"uvc-heading ult-adjust-bottom-margin ultimate-heading-125569de30dd4456d uvc-980 \" data-hspacer=\"no_spacer\"  data-halign=\"left\" style=\"text-align:left\"><div class=\"uvc-heading-spacer no_spacer\" style=\"top\"><\/div><div class=\"uvc-main-heading ult-responsive\"  data-ultimate-target='.uvc-heading.ultimate-heading-125569de30dd4456d h2'  data-responsive-json-new='{\"font-size\":\"\",\"line-height\":\"\"}' ><h2 style=\"font-weight:normal;\"><span class=\"ez-toc-section\" id=\"Ci_sono_attivita_acquatiche_sicure_per_i_bambini_sullisola_di_Tabarca\"><\/span>Ci sono attivit\u00e0 acquatiche sicure per i bambini sull&#039;isola di Tabarca?<span class=\"ez-toc-section-end\"><\/span><\/h2><\/div><div class=\"uvc-sub-heading ult-responsive\"  data-ultimate-target='.uvc-heading.ultimate-heading-125569de30dd4456d .uvc-sub-heading '  data-responsive-json-new='{\"font-size\":\"\",\"line-height\":\"\"}'  style=\"font-weight:normal;\">S\u00ec, sull&#8217;isola di Tabarca ci sono molte attivit\u00e0 acquatiche sicure per i bambini. L&#8217;isola ha spiagge di sabbia soffice e acque cristalline, il che la rende ideale per i bambini. Inoltre, offre un&#8217;ampia variet\u00e0 di attivit\u00e0 acquatiche supervisionate da professionisti che offrono un ambiente sicuro per i pi\u00f9 piccoli.  <\/p>\n<p>Le attivit\u00e0 acquatiche sicure per i bambini a Tabarca includono snorkeling, pesca in gommone, kayak, pesca dalla spiaggia e snorkeling. Tutte queste attivit\u00e0 sono disponibili con istruttori qualificati e attrezzature sicure per garantire la sicurezza dei bambini in ogni momento. <\/p>\n<p>Inoltre, molte di queste attivit\u00e0 sono disponibili in piccoli gruppi, consentendo un&#8217;attenzione personalizzata e un ambiente pi\u00f9 sicuro. \u00c8 importante assicurarsi di scegliere un&#8217;attivit\u00e0 acquatica adatta all&#8217;et\u00e0 e alle capacit\u00e0 del bambino e di supervisionarlo sempre attentamente.<\/div><\/div>[vc_video link=&#8221;https:\/\/www.youtube.com\/watch?v=i275A0yqjY0&#8243; align=&#8221;center&#8221;][\/vc_column][\/vc_row][vc_row][vc_column][vc_single_image image=&#8221;3462&#8243; img_size=&#8221;full&#8221; alignment=&#8221;center&#8221;][vc_empty_space height=&#8221;50px&#8221;][\/vc_column][\/vc_row][vc_row][vc_column]<div id=\"ultimate-heading-332069de30dd445e1\" class=\"uvc-heading ult-adjust-bottom-margin ultimate-heading-332069de30dd445e1 uvc-3852 \" data-hspacer=\"no_spacer\"  data-halign=\"left\" style=\"text-align:left\"><div class=\"uvc-heading-spacer no_spacer\" style=\"top\"><\/div><div class=\"uvc-main-heading ult-responsive\"  data-ultimate-target='.uvc-heading.ultimate-heading-332069de30dd445e1 h3'  data-responsive-json-new='{\"font-size\":\"\",\"line-height\":\"\"}' ><h3 style=\"font-weight:normal;\"><span class=\"ez-toc-section\" id=\"E_possibile_visitare_lisola_tutto_lanno\"><\/span>\u00c8 possibile visitare l&#039;isola tutto l&#039;anno?<span class=\"ez-toc-section-end\"><\/span><\/h3><\/div><div class=\"uvc-sub-heading ult-responsive\"  data-ultimate-target='.uvc-heading.ultimate-heading-332069de30dd445e1 .uvc-sub-heading '  data-responsive-json-new='{\"font-size\":\"\",\"line-height\":\"\"}'  style=\"font-weight:normal;\"><\/p>\n<p style=\"text-align: justify;\">S\u00ec! L&#8217;isola di Tabarca \u00e8 una meta turistica popolare tutto l&#8217;anno, con un clima caldo e soleggiato in estate e temperature miti in inverno. <\/p>\n<p>Ci\u00f2 significa che i bambini possono divertirsi con tutte le attivit\u00e0 che l&#8217;isola ha da offrire durante tutto l&#8217;anno, tra cui spiagge di sabbia soffice, attivit\u00e0 acquatiche e gite in barca per ammirare la fauna marina.<\/p>\n<p>In breve, l&#8217;isola di Tabarca \u00e8 una destinazione adatta a tutte le stagioni e un&#8217;ottima opzione per una vacanza in famiglia durante tutto l&#8217;anno. Rendi la tua vacanza in famiglia a Tabarca un ricordo indimenticabile!<\/div><\/div>[vc_empty_space height=&#8221;50px&#8221;][\/vc_column][\/vc_row]<\/p>\n<\/div>","protected":false},"excerpt":{"rendered":"<p>[vc_row][vc_column][vc_empty_space height=&#8221;50px&#8221;][\/vc_column][\/vc_row][vc_row][vc_column][vc_single_image image=&#8221;3461&#8243; img_size=&#8221;full&#8221;][vc_raw_html]PGRpdiBkYXRhLWd5Zy1ocmVmPSJodHRwczovL3dpZGdldC5nZXR5b3VyZ3VpZGUuY29tL2RlZmF1bHQvYWN0aXZpdGllcy5mcmFtZSIgZGF0YS1neWctbG9jYWxlLWNvZGU9ImVzLUVTIiBkYXRhLWd5Zy13aWRnZXQ9ImFjdGl2aXRpZXMiIGRhdGEtZ3lnLW51bWJlci1vZi1pdGVtcz0iMSIgZGF0YS1neWctY21wPSJJVF91cmxfbmlub3MiIGRhdGEtZ3lnLXBhcnRuZXItaWQ9IlcxUUxHOUsiIGRhdGEtZ3lnLXBsYWNlbWVudD0ib3RoZXIiIGRhdGEtZ3lnLXRvdXItaWRzPSIzNzgyMDQiPjwvZGl2Pg==[\/vc_raw_html][vc_empty_space height=&#8221;50px&#8221;][vc_video link=&#8221;https:\/\/www.youtube.com\/watch?v=i275A0yqjY0&#8243; align=&#8221;center&#8221;][\/vc_column][\/vc_row][vc_row][vc_column][vc_single_image image=&#8221;3462&#8243; img_size=&#8221;full&#8221; alignment=&#8221;center&#8221;][vc_empty_space height=&#8221;50px&#8221;][\/vc_column][\/vc_row][vc_row][vc_column][vc_empty_space height=&#8221;50px&#8221;][\/vc_column][\/vc_row]<\/p>\n","protected":false},"author":1,"featured_media":0,"parent":0,"menu_order":0,"comment_status":"closed","ping_status":"closed","template":"","meta":{"_joinchat":[],"footnotes":""},"class_list":["post-3460","page","type-page","status-publish","hentry","description-off"],"_links":{"self":[{"href":"https:\/\/laisladetabarca.com\/it\/wp-json\/wp\/v2\/pages\/3460","targetHints":{"allow":["GET"]}}],"collection":[{"href":"https:\/\/laisladetabarca.com\/it\/wp-json\/wp\/v2\/pages"}],"about":[{"href":"https:\/\/laisladetabarca.com\/it\/wp-json\/wp\/v2\/types\/page"}],"author":[{"embeddable":true,"href":"https:\/\/laisladetabarca.com\/it\/wp-json\/wp\/v2\/users\/1"}],"replies":[{"embeddable":true,"href":"https:\/\/laisladetabarca.com\/it\/wp-json\/wp\/v2\/comments?post=3460"}],"version-history":[{"count":0,"href":"https:\/\/laisladetabarca.com\/it\/wp-json\/wp\/v2\/pages\/3460\/revisions"}],"wp:attachment":[{"href":"https:\/\/laisladetabarca.com\/it\/wp-json\/wp\/v2\/media?parent=3460"}],"curies":[{"name":"wp","href":"https:\/\/api.w.org\/{rel}","templated":true}]}}