{"id":3454,"date":"2022-09-07T08:59:02","date_gmt":"2022-09-07T07:59:02","guid":{"rendered":"https:\/\/laisladetabarca.com\/come-arrivare-a-tabarca-da\/andare-a-tabarca-da-santa-pola\/"},"modified":"2026-01-30T17:24:46","modified_gmt":"2026-01-30T16:24:46","slug":"andare-a-tabarca-da-santa-pola","status":"publish","type":"page","link":"https:\/\/laisladetabarca.com\/it\/come-arrivare-a-tabarca-da\/andare-a-tabarca-da-santa-pola\/","title":{"rendered":"Andare a Tabarca da Santa Pola"},"content":{"rendered":"<div class=\"wpb-content-wrapper\"><p>[vc_row][vc_column]<div id=\"ultimate-heading-717269de322c20e6c\" class=\"uvc-heading ult-adjust-bottom-margin ultimate-heading-717269de322c20e6c uvc-9212 \" data-hspacer=\"no_spacer\"  data-halign=\"left\" style=\"text-align:left\"><div class=\"uvc-heading-spacer no_spacer\" style=\"top\"><\/div><div class=\"uvc-sub-heading ult-responsive\"  data-ultimate-target='.uvc-heading.ultimate-heading-717269de322c20e6c .uvc-sub-heading '  data-responsive-json-new='{\"font-size\":\"\",\"line-height\":\"\"}'  style=\"font-weight:normal;\"><\/p>\n<p style=\"text-align: justify;\"><span style=\"font-weight: 400;\">L&#8217;opzione pi\u00f9 veloce e vicina per raggiungere Tabarca \u00e8 da Santa Pola. Grazie alla sua vicinanza, la traversata in barca \u00e8 la pi\u00f9 veloce: si raggiunge la splendida isola di Tabarca in soli 25 minuti, partendo dal porto di Santa Pola. <\/span><\/p>\n<p style=\"text-align: justify;\"><span style=\"font-weight: 400;\">Per raggiungere Tabarca da Santa Pola, \u00e8 possibile prendere un&#8217;imbarcazione privata o una pubblica (chiamata &#8220;tabarqueras&#8221;). Queste imbarcazioni partono tutti i giorni, praticamente a qualsiasi ora. Infatti, durante l&#8217;alta stagione (estate), \u00e8 possibile trovare tabarqueras in partenza circa ogni 30 minuti, dalle 9:00 alle 19:30.  <\/span><\/p>\n<p><\/div><\/div>[vc_empty_space height=&#8221;50px&#8221;][\/vc_column][\/vc_row][vc_row][vc_column]<div id=\"ultimate-heading-843169de322c20ed8\" class=\"uvc-heading ult-adjust-bottom-margin ultimate-heading-843169de322c20ed8 uvc-2833 \" data-hspacer=\"no_spacer\"  data-halign=\"left\" style=\"text-align:left\"><div class=\"uvc-heading-spacer no_spacer\" style=\"top\"><\/div><div class=\"uvc-main-heading ult-responsive\"  data-ultimate-target='.uvc-heading.ultimate-heading-843169de322c20ed8 h2'  data-responsive-json-new='{\"font-size\":\"\",\"line-height\":\"\"}' ><div id=\"ez-toc-container\" class=\"ez-toc-v2_0_80 counter-hierarchy ez-toc-counter ez-toc-grey ez-toc-container-direction\">\n<div class=\"ez-toc-title-container\">\n<p class=\"ez-toc-title\" style=\"cursor:inherit\">Table of Contents<\/p>\n<span class=\"ez-toc-title-toggle\"><a href=\"#\" class=\"ez-toc-pull-right ez-toc-btn ez-toc-btn-xs ez-toc-btn-default ez-toc-toggle\" aria-label=\"Toggle Table of Content\"><span class=\"ez-toc-js-icon-con\"><span class=\"\"><span class=\"eztoc-hide\" style=\"display:none;\">Toggle<\/span><span class=\"ez-toc-icon-toggle-span\"><svg style=\"fill: #999;color:#999\" xmlns=\"http:\/\/www.w3.org\/2000\/svg\" class=\"list-377408\" width=\"20px\" height=\"20px\" viewBox=\"0 0 24 24\" fill=\"none\"><path d=\"M6 6H4v2h2V6zm14 0H8v2h12V6zM4 11h2v2H4v-2zm16 0H8v2h12v-2zM4 16h2v2H4v-2zm16 0H8v2h12v-2z\" fill=\"currentColor\"><\/path><\/svg><svg style=\"fill: #999;color:#999\" class=\"arrow-unsorted-368013\" xmlns=\"http:\/\/www.w3.org\/2000\/svg\" width=\"10px\" height=\"10px\" viewBox=\"0 0 24 24\" version=\"1.2\" baseProfile=\"tiny\"><path d=\"M18.2 9.3l-6.2-6.3-6.2 6.3c-.2.2-.3.4-.3.7s.1.5.3.7c.2.2.4.3.7.3h11c.3 0 .5-.1.7-.3.2-.2.3-.5.3-.7s-.1-.5-.3-.7zM5.8 14.7l6.2 6.3 6.2-6.3c.2-.2.3-.5.3-.7s-.1-.5-.3-.7c-.2-.2-.4-.3-.7-.3h-11c-.3 0-.5.1-.7.3-.2.2-.3.5-.3.7s.1.5.3.7z\"\/><\/svg><\/span><\/span><\/span><\/a><\/span><\/div>\n<nav><ul class='ez-toc-list ez-toc-list-level-1 ' ><li class='ez-toc-page-1 ez-toc-heading-level-2'><a class=\"ez-toc-link ez-toc-heading-1\" href=\"https:\/\/laisladetabarca.com\/it\/come-arrivare-a-tabarca-da\/andare-a-tabarca-da-santa-pola\/#Cose_da_tenere_a_mente_se_si_va_a_Tabarca_da_Santa_Pola_in_barca\" >Cose da tenere a mente se si va a Tabarca da Santa Pola in barca:<\/a><\/li><li class='ez-toc-page-1 ez-toc-heading-level-2'><a class=\"ez-toc-link ez-toc-heading-2\" href=\"https:\/\/laisladetabarca.com\/it\/come-arrivare-a-tabarca-da\/andare-a-tabarca-da-santa-pola\/#Viaggio_a_Tabarca_da_Santa_Pola\" >Viaggio a Tabarca da Santa Pola<\/a><\/li><li class='ez-toc-page-1 ez-toc-heading-level-2'><a class=\"ez-toc-link ez-toc-heading-3\" href=\"https:\/\/laisladetabarca.com\/it\/come-arrivare-a-tabarca-da\/andare-a-tabarca-da-santa-pola\/#Tabarca_da_altre_destinazioni\" >Tabarca da altre destinazioni:<\/a><\/li><\/ul><\/nav><\/div>\n<h2 style=\"font-weight:normal;\"><span class=\"ez-toc-section\" id=\"Cose_da_tenere_a_mente_se_si_va_a_Tabarca_da_Santa_Pola_in_barca\"><\/span>Cose da tenere a mente se si va a Tabarca da Santa Pola in barca:<span class=\"ez-toc-section-end\"><\/span><\/h2><\/div><div class=\"uvc-sub-heading ult-responsive\"  data-ultimate-target='.uvc-heading.ultimate-heading-843169de322c20ed8 .uvc-sub-heading '  data-responsive-json-new='{\"font-size\":\"\",\"line-height\":\"\"}'  style=\"font-weight:normal;\"><\/p>\n<ul>\n<li style=\"font-weight: 400;\" aria-level=\"1\"><span style=\"font-weight: 400;\">Con la maggior parte delle compagnie <\/span><span style=\"font-weight: 400;\">\u00e8 possibile acquistare un biglietto di andata e ritorno e tornare il giorno successivo.<\/span><\/li>\n<li style=\"font-weight: 400;\" aria-level=\"1\"><span style=\"font-weight: 400;\">\u00c8 possibile acquistare <\/span><span style=\"font-weight: 400;\">i biglietti online a un prezzo inferiore rispetto <\/span><span style=\"font-weight: 400;\">a quello acquistato al porto.<\/span><\/li>\n<li style=\"font-weight: 400;\" aria-level=\"1\"><span style=\"font-weight: 400;\">Tutte le barche partono dal porto <\/span><span style=\"font-weight: 400;\">di Santa Pola<\/span><\/li>\n<\/ul>\n<p><\/div><\/div>[vc_raw_html]PGRpdiBkYXRhLWd5Zy1ocmVmPSJodHRwczovL3dpZGdldC5nZXR5b3VyZ3VpZGUuY29tL2RlZmF1bHQvYWN0aXZpdGllcy5mcmFtZSIgZGF0YS1neWctbG9jYWxlLWNvZGU9ImVzLUVTIiBkYXRhLWd5Zy13aWRnZXQ9ImFjdGl2aXRpZXMiIGRhdGEtZ3lnLW51bWJlci1vZi1pdGVtcz0iMSIgZGF0YS1neWctY21wPSJJVF91cmxfc2FudGFwb2xhIiBkYXRhLWd5Zy1wYXJ0bmVyLWlkPSJXMVFMRzlLIiBkYXRhLWd5Zy1wbGFjZW1lbnQ9Im90aGVyIiBkYXRhLWd5Zy1xPSJzYW50YSUyMHBvbGEiPjwvZGl2Pg==[\/vc_raw_html][vc_empty_space height=&#8221;50px&#8221;]<div id=\"ultimate-heading-818369de322c20f64\" class=\"uvc-heading ult-adjust-bottom-margin ultimate-heading-818369de322c20f64 uvc-9859 \" data-hspacer=\"no_spacer\"  data-halign=\"left\" style=\"text-align:left\"><div class=\"uvc-heading-spacer no_spacer\" style=\"top\"><\/div><div class=\"uvc-main-heading ult-responsive\"  data-ultimate-target='.uvc-heading.ultimate-heading-818369de322c20f64 h2'  data-responsive-json-new='{\"font-size\":\"\",\"line-height\":\"\"}' ><h2 style=\"font-weight:normal;\"><span class=\"ez-toc-section\" id=\"Viaggio_a_Tabarca_da_Santa_Pola\"><\/span>Viaggio a Tabarca da Santa Pola<span class=\"ez-toc-section-end\"><\/span><\/h2><\/div><div class=\"uvc-sub-heading ult-responsive\"  data-ultimate-target='.uvc-heading.ultimate-heading-818369de322c20f64 .uvc-sub-heading '  data-responsive-json-new='{\"font-size\":\"\",\"line-height\":\"\"}'  style=\"font-weight:normal;\"><span style=\"font-weight: 400;\">Se state pensando di raggiungere Tabarca da Santa Pola, l&#8217;opzione migliore e pi\u00f9 economica \u00e8 quella di prendere la Tabarquera da Santa Pola. \u00c8 pi\u00f9 veloce (25 minuti) o 15 minuti nel caso di una barca, ed \u00e8 anche economico (circa 10-15 \u20ac).<\/span><\/div><\/div>[vc_raw_html]PGRpdiBkYXRhLWd5Zy1ocmVmPSJodHRwczovL3dpZGdldC5nZXR5b3VyZ3VpZGUuY29tL2RlZmF1bHQvYWN0aXZpdGllcy5mcmFtZSIgZGF0YS1neWctbG9jYWxlLWNvZGU9ImVzLUVTIiBkYXRhLWd5Zy13aWRnZXQ9ImFjdGl2aXRpZXMiIGRhdGEtZ3lnLW51bWJlci1vZi1pdGVtcz0iMSIgZGF0YS1neWctY21wPSJJVF91cmxfc2FudGFwb2xhIiBkYXRhLWd5Zy1wYXJ0bmVyLWlkPSJXMVFMRzlLIiBkYXRhLWd5Zy1wbGFjZW1lbnQ9Im90aGVyIiBkYXRhLWd5Zy1xPSJzYW50YSUyMHBvbGEiPjwvZGl2Pg==[\/vc_raw_html][vc_empty_space height=&#8221;50px&#8221;][vc_video link=&#8221;https:\/\/www.youtube.com\/watch?v=DM0_3BeNCDI&#8221; align=&#8221;center&#8221;][\/vc_column][\/vc_row][vc_row][vc_column][vc_empty_space height=&#8221;50px&#8221;]<div id=\"ultimate-heading-638569de322c20fc8\" class=\"uvc-heading ult-adjust-bottom-margin ultimate-heading-638569de322c20fc8 uvc-7379 \" data-hspacer=\"no_spacer\"  data-halign=\"center\" style=\"text-align:center\"><div class=\"uvc-heading-spacer no_spacer\" style=\"top\"><\/div><div class=\"uvc-main-heading ult-responsive\"  data-ultimate-target='.uvc-heading.ultimate-heading-638569de322c20fc8 h2'  data-responsive-json-new='{\"font-size\":\"\",\"line-height\":\"\"}' ><h2 style=\"font-weight:normal;\"><span class=\"ez-toc-section\" id=\"Tabarca_da_altre_destinazioni\"><\/span>Tabarca da altre destinazioni:<span class=\"ez-toc-section-end\"><\/span><\/h2><\/div><\/div>[vc_empty_space height=&#8221;30px&#8221;][\/vc_column][\/vc_row][vc_row][vc_column width=&#8221;1\/3&#8243;]<div class=\"shortcode-banner shortcode-banner-link\" style=\"min-height: 150px;background-image: url(https:\/\/laisladetabarca.com\/wp-content\/uploads\/2022\/07\/ALICANTE.jpg)\" onclick=\"window.location.href='http:\/\/laisladetabarca.com\/como-ir\/desde-alicante\/';\"><div class=\"shortcode-banner-bg wf-table\" style=\"padding: 10px;min-height: 150px\"><div class=\"shortcode-banner-inside wf-table text-big\" style=\"background-color: rgb(0,0,0);background-color: rgba(0,0,0,0.4);border: solid 10px transparent;outline: solid 3px;outline-color: #ffffff;height: 140px\"><div><p style=\"text-align: center;\"><span style=\"color: #ffffff;\">ALICANTE<\/span><\/p>\n<\/div><\/div><\/div><\/div>[\/vc_column][vc_column width=&#8221;1\/3&#8243;]<div class=\"shortcode-banner shortcode-banner-link\" style=\"min-height: 150px;background-image: url(https:\/\/laisladetabarca.com\/wp-content\/uploads\/2022\/07\/benidorm.jpg)\" onclick=\"window.location.href='http:\/\/laisladetabarca.com\/como-ir\/desde-santa-pola\/';\"><div class=\"shortcode-banner-bg wf-table\" style=\"padding: 10px;min-height: 150px\"><div class=\"shortcode-banner-inside wf-table text-big\" style=\"background-color: rgb(0,0,0);background-color: rgba(0,0,0,0.4);border: solid 10px transparent;outline: solid 3px;outline-color: #ffffff;height: 140px\"><div><p style=\"text-align: center;\"><span style=\"color: #ffffff;\">BENIDORM<\/span><\/p>\n<\/div><\/div><\/div><\/div>[\/vc_column][\/vc_row]<\/p>\n<\/div>","protected":false},"excerpt":{"rendered":"<p>[vc_row][vc_column][vc_empty_space height=&#8221;50px&#8221;][\/vc_column][\/vc_row][vc_row][vc_column][vc_raw_html]PGRpdiBkYXRhLWd5Zy1ocmVmPSJodHRwczovL3dpZGdldC5nZXR5b3VyZ3VpZGUuY29tL2RlZmF1bHQvYWN0aXZpdGllcy5mcmFtZSIgZGF0YS1neWctbG9jYWxlLWNvZGU9ImVzLUVTIiBkYXRhLWd5Zy13aWRnZXQ9ImFjdGl2aXRpZXMiIGRhdGEtZ3lnLW51bWJlci1vZi1pdGVtcz0iMSIgZGF0YS1neWctY21wPSJJVF91cmxfc2FudGFwb2xhIiBkYXRhLWd5Zy1wYXJ0bmVyLWlkPSJXMVFMRzlLIiBkYXRhLWd5Zy1wbGFjZW1lbnQ9Im90aGVyIiBkYXRhLWd5Zy1xPSJzYW50YSUyMHBvbGEiPjwvZGl2Pg==[\/vc_raw_html][vc_empty_space height=&#8221;50px&#8221;][vc_raw_html]PGRpdiBkYXRhLWd5Zy1ocmVmPSJodHRwczovL3dpZGdldC5nZXR5b3VyZ3VpZGUuY29tL2RlZmF1bHQvYWN0aXZpdGllcy5mcmFtZSIgZGF0YS1neWctbG9jYWxlLWNvZGU9ImVzLUVTIiBkYXRhLWd5Zy13aWRnZXQ9ImFjdGl2aXRpZXMiIGRhdGEtZ3lnLW51bWJlci1vZi1pdGVtcz0iMSIgZGF0YS1neWctY21wPSJJVF91cmxfc2FudGFwb2xhIiBkYXRhLWd5Zy1wYXJ0bmVyLWlkPSJXMVFMRzlLIiBkYXRhLWd5Zy1wbGFjZW1lbnQ9Im90aGVyIiBkYXRhLWd5Zy1xPSJzYW50YSUyMHBvbGEiPjwvZGl2Pg==[\/vc_raw_html][vc_empty_space height=&#8221;50px&#8221;][vc_video link=&#8221;https:\/\/www.youtube.com\/watch?v=DM0_3BeNCDI&#8221; align=&#8221;center&#8221;][\/vc_column][\/vc_row][vc_row][vc_column][vc_empty_space height=&#8221;50px&#8221;][vc_empty_space height=&#8221;30px&#8221;][\/vc_column][\/vc_row][vc_row][vc_column width=&#8221;1\/3&#8243;][\/vc_column][vc_column width=&#8221;1\/3&#8243;][\/vc_column][\/vc_row]<\/p>\n","protected":false},"author":1,"featured_media":0,"parent":3423,"menu_order":0,"comment_status":"closed","ping_status":"closed","template":"","meta":{"_joinchat":[],"footnotes":""},"class_list":["post-3454","page","type-page","status-publish","hentry","description-off"],"_links":{"self":[{"href":"https:\/\/laisladetabarca.com\/it\/wp-json\/wp\/v2\/pages\/3454","targetHints":{"allow":["GET"]}}],"collection":[{"href":"https:\/\/laisladetabarca.com\/it\/wp-json\/wp\/v2\/pages"}],"about":[{"href":"https:\/\/laisladetabarca.com\/it\/wp-json\/wp\/v2\/types\/page"}],"author":[{"embeddable":true,"href":"https:\/\/laisladetabarca.com\/it\/wp-json\/wp\/v2\/users\/1"}],"replies":[{"embeddable":true,"href":"https:\/\/laisladetabarca.com\/it\/wp-json\/wp\/v2\/comments?post=3454"}],"version-history":[{"count":0,"href":"https:\/\/laisladetabarca.com\/it\/wp-json\/wp\/v2\/pages\/3454\/revisions"}],"up":[{"embeddable":true,"href":"https:\/\/laisladetabarca.com\/it\/wp-json\/wp\/v2\/pages\/3423"}],"wp:attachment":[{"href":"https:\/\/laisladetabarca.com\/it\/wp-json\/wp\/v2\/media?parent=3454"}],"curies":[{"name":"wp","href":"https:\/\/api.w.org\/{rel}","templated":true}]}}