{"id":3417,"date":"2023-04-05T13:34:41","date_gmt":"2023-04-05T12:34:41","guid":{"rendered":"https:\/\/laisladetabarca.com\/nave\/"},"modified":"2026-01-29T18:11:35","modified_gmt":"2026-01-29T17:11:35","slug":"nave","status":"publish","type":"page","link":"https:\/\/laisladetabarca.com\/it\/nave\/","title":{"rendered":"Nave"},"content":{"rendered":"<div class=\"wpb-content-wrapper\"><p>[vc_row][vc_column][vc_column_text]<\/p>\n<p style=\"text-align: center;\">Se cercate un&#8217;avventura unica nel Mediterraneo, non c&#8217;\u00e8 niente di meglio di una gita in barca a Tabarca. Questa piccola isola, situata al largo della costa di Alicante, \u00e8 un paradiso per gli amanti del sole, del mare e della natura. Se desiderate trascorrere una vacanza indimenticabile, non perdete l&#8217;occasione di visitare Tabarca in barca.  <\/p>\n<p>[\/vc_column_text][\/vc_column][\/vc_row][vc_row][vc_column width=&#8221;1\/2&#8243;]<div id=\"ultimate-heading-868069de596ba220f\" class=\"uvc-heading ult-adjust-bottom-margin ultimate-heading-868069de596ba220f uvc-5694 \" data-hspacer=\"no_spacer\"  data-halign=\"center\" style=\"text-align:center\"><div class=\"uvc-heading-spacer no_spacer\" style=\"top\"><\/div><div class=\"uvc-main-heading ult-responsive\"  data-ultimate-target='.uvc-heading.ultimate-heading-868069de596ba220f h2'  data-responsive-json-new='{\"font-size\":\"\",\"line-height\":\"\"}' ><div id=\"ez-toc-container\" class=\"ez-toc-v2_0_80 counter-hierarchy ez-toc-counter ez-toc-grey ez-toc-container-direction\">\n<div class=\"ez-toc-title-container\">\n<p class=\"ez-toc-title\" style=\"cursor:inherit\">Table of Contents<\/p>\n<span class=\"ez-toc-title-toggle\"><a href=\"#\" class=\"ez-toc-pull-right ez-toc-btn ez-toc-btn-xs ez-toc-btn-default ez-toc-toggle\" aria-label=\"Toggle Table of Content\"><span class=\"ez-toc-js-icon-con\"><span class=\"\"><span class=\"eztoc-hide\" style=\"display:none;\">Toggle<\/span><span class=\"ez-toc-icon-toggle-span\"><svg style=\"fill: #999;color:#999\" xmlns=\"http:\/\/www.w3.org\/2000\/svg\" class=\"list-377408\" width=\"20px\" height=\"20px\" viewBox=\"0 0 24 24\" fill=\"none\"><path d=\"M6 6H4v2h2V6zm14 0H8v2h12V6zM4 11h2v2H4v-2zm16 0H8v2h12v-2zM4 16h2v2H4v-2zm16 0H8v2h12v-2z\" fill=\"currentColor\"><\/path><\/svg><svg style=\"fill: #999;color:#999\" class=\"arrow-unsorted-368013\" xmlns=\"http:\/\/www.w3.org\/2000\/svg\" width=\"10px\" height=\"10px\" viewBox=\"0 0 24 24\" version=\"1.2\" baseProfile=\"tiny\"><path d=\"M18.2 9.3l-6.2-6.3-6.2 6.3c-.2.2-.3.4-.3.7s.1.5.3.7c.2.2.4.3.7.3h11c.3 0 .5-.1.7-.3.2-.2.3-.5.3-.7s-.1-.5-.3-.7zM5.8 14.7l6.2 6.3 6.2-6.3c.2-.2.3-.5.3-.7s-.1-.5-.3-.7c-.2-.2-.4-.3-.7-.3h-11c-.3 0-.5.1-.7.3-.2.2-.3.5-.3.7s.1.5.3.7z\"\/><\/svg><\/span><\/span><\/span><\/a><\/span><\/div>\n<nav><ul class='ez-toc-list ez-toc-list-level-1 ' ><li class='ez-toc-page-1 ez-toc-heading-level-2'><a class=\"ez-toc-link ez-toc-heading-1\" href=\"https:\/\/laisladetabarca.com\/it\/nave\/#Barca_da_Alicante_a_Tabarca\" >Barca da Alicante a Tabarca<\/a><\/li><li class='ez-toc-page-1 ez-toc-heading-level-2'><a class=\"ez-toc-link ez-toc-heading-2\" href=\"https:\/\/laisladetabarca.com\/it\/nave\/#Barca_da_Santa_Pola_a_Tabarca\" >Barca da Santa Pola a Tabarca<\/a><\/li><li class='ez-toc-page-1 ez-toc-heading-level-2'><a class=\"ez-toc-link ez-toc-heading-3\" href=\"https:\/\/laisladetabarca.com\/it\/nave\/#Motivi_per_prendere_una_barca_per_Tabarca\" >Motivi per prendere una barca per Tabarca<\/a><\/li><\/ul><\/nav><\/div>\n<h2 style=\"font-weight:normal;\"><span class=\"ez-toc-section\" id=\"Barca_da_Alicante_a_Tabarca\"><\/span>Barca da Alicante a Tabarca<span class=\"ez-toc-section-end\"><\/span><\/h2><\/div><\/div>[vc_raw_html]PGRpdiBkYXRhLWd5Zy1ocmVmPSJodHRwczovL3dpZGdldC5nZXR5b3VyZ3VpZGUuY29tL2RlZmF1bHQvYWN0aXZpdGllcy5mcmFtZSIgZGF0YS1neWctbG9jYWxlLWNvZGU9ImVzLUVTIiBkYXRhLWd5Zy13aWRnZXQ9ImFjdGl2aXRpZXMiIGRhdGEtZ3lnLW51bWJlci1vZi1pdGVtcz0iMSIgZGF0YS1neWctY21wPSJJVF91cmxfYmFyY28iIGRhdGEtZ3lnLXBhcnRuZXItaWQ9IlcxUUxHOUsiIGRhdGEtZ3lnLXRvdXItaWRzPSI0NDk2ODUiPjwvZGl2Pg==[\/vc_raw_html][\/vc_column][vc_column width=&#8221;1\/2&#8243;]<div id=\"ultimate-heading-82369de596ba22a5\" class=\"uvc-heading ult-adjust-bottom-margin ultimate-heading-82369de596ba22a5 uvc-1626 \" data-hspacer=\"no_spacer\"  data-halign=\"center\" style=\"text-align:center\"><div class=\"uvc-heading-spacer no_spacer\" style=\"top\"><\/div><div class=\"uvc-main-heading ult-responsive\"  data-ultimate-target='.uvc-heading.ultimate-heading-82369de596ba22a5 h2'  data-responsive-json-new='{\"font-size\":\"\",\"line-height\":\"\"}' ><h2 style=\"font-weight:normal;\"><span class=\"ez-toc-section\" id=\"Barca_da_Santa_Pola_a_Tabarca\"><\/span>Barca da Santa Pola a Tabarca<span class=\"ez-toc-section-end\"><\/span><\/h2><\/div><\/div>[vc_raw_html]PGRpdiBkYXRhLWd5Zy1ocmVmPSJodHRwczovL3dpZGdldC5nZXR5b3VyZ3VpZGUuY29tL2RlZmF1bHQvYWN0aXZpdGllcy5mcmFtZSIgZGF0YS1neWctbG9jYWxlLWNvZGU9ImVzLUVTIiBkYXRhLWd5Zy13aWRnZXQ9ImFjdGl2aXRpZXMiIGRhdGEtZ3lnLW51bWJlci1vZi1pdGVtcz0iMSIgZGF0YS1neWctY21wPSJJVF91cmxfYmFyY28iIGRhdGEtZ3lnLXBhcnRuZXItaWQ9IlcxUUxHOUsiIGRhdGEtZ3lnLXRvdXItaWRzPSIzNjY2NDAiPjwvZGl2Pg==[\/vc_raw_html][\/vc_column][\/vc_row][vc_row][vc_column]<div id=\"ultimate-heading-20069de596ba2329\" class=\"uvc-heading ult-adjust-bottom-margin ultimate-heading-20069de596ba2329 uvc-2913 \" data-hspacer=\"no_spacer\"  data-halign=\"center\" style=\"text-align:center\"><div class=\"uvc-heading-spacer no_spacer\" style=\"top\"><\/div><div class=\"uvc-main-heading ult-responsive\"  data-ultimate-target='.uvc-heading.ultimate-heading-20069de596ba2329 h2'  data-responsive-json-new='{\"font-size\":\"\",\"line-height\":\"\"}' ><h2 style=\"font-weight:normal;\"><span class=\"ez-toc-section\" id=\"Motivi_per_prendere_una_barca_per_Tabarca\"><\/span>Motivi per prendere una barca per Tabarca<span class=\"ez-toc-section-end\"><\/span><\/h2><\/div><div class=\"uvc-sub-heading ult-responsive\"  data-ultimate-target='.uvc-heading.ultimate-heading-20069de596ba2329 .uvc-sub-heading '  data-responsive-json-new='{\"font-size\":\"\",\"line-height\":\"\"}'  style=\"font-weight:normal;\"><\/p>\n<ul>\n<li style=\"text-align: justify;\">Esperienza unica: la gita in barca a Tabarca \u00e8 un&#8217;esperienza unica e indimenticabile. Potrai goderti il \u200b\u200bMar Mediterraneo e contemplare la bellezza della costa di Alicante da una prospettiva diversa. <\/li>\n<li style=\"text-align: justify;\">Natura: Tabarca \u00e8 un paradiso naturale con una grande variet\u00e0 di flora e fauna. Potrete godere di spiagge di sabbia bianca, acque cristalline e imponenti scogliere. L&#8217;isola ospita anche una riserva marina protetta dove \u00e8 possibile immergersi e scoprire la fauna marina.  <\/li>\n<li style=\"text-align: justify;\">Storia e cultura: Tabarca vanta una ricca storia e cultura che potrete scoprire durante la vostra visita. L&#8217;isola vanta una cinta muraria del XVIII secolo e una chiesa del XIX secolo, oltre a numerose case ed edifici storici. Potrete anche assaggiare la cucina locale nei ristoranti dell&#8217;isola.  <\/li>\n<li style=\"text-align: justify;\">Accessibilit\u00e0: l&#8217;isola di Tabarca \u00e8 accessibile solo in barca, il che significa che non ci sono auto o moto sull&#8217;isola, il che la rende un luogo tranquillo e rilassante. Inoltre, ci sono diversi porti lungo la costa di Alicante da cui \u00e8 possibile imbarcarsi per Tabarca, rendendola facilmente accessibile. <\/li>\n<li style=\"text-align: justify;\">Attivit\u00e0: oltre a godere della natura e della cultura di Tabarca, sull&#8217;isola si possono praticare anche numerose attivit\u00e0. Dagli sport acquatici come le immersioni subacquee e la vela, all&#8217;escursionismo e al ciclismo, ce n&#8217;\u00e8 per tutti i gusti e tutte le et\u00e0. <\/li>\n<\/ul>\n<p><\/div><\/div>[\/vc_column][\/vc_row][vc_row][vc_column]<div id=\"ultimate-heading-640469de596ba23a3\" class=\"uvc-heading ult-adjust-bottom-margin ultimate-heading-640469de596ba23a3 uvc-4463 \" data-hspacer=\"no_spacer\"  data-halign=\"center\" style=\"text-align:center\"><div class=\"uvc-heading-spacer no_spacer\" style=\"top\"><\/div><\/div>[\/vc_column][\/vc_row]<\/p>\n<\/div>","protected":false},"excerpt":{"rendered":"<p>[vc_row][vc_column][vc_column_text] Se cercate un&#8217;avventura unica nel Mediterraneo, non c&#8217;\u00e8 niente di meglio di una gita in barca a Tabarca. Questa piccola isola, situata al largo della costa di Alicante, \u00e8 un paradiso per gli amanti del sole, del mare e della natura. Se desiderate trascorrere una vacanza indimenticabile, non perdete l&#8217;occasione di visitare Tabarca in&hellip;<\/p>\n","protected":false},"author":1,"featured_media":3418,"parent":0,"menu_order":0,"comment_status":"closed","ping_status":"closed","template":"","meta":{"_joinchat":[],"footnotes":""},"class_list":["post-3417","page","type-page","status-publish","has-post-thumbnail","hentry","description-off"],"_links":{"self":[{"href":"https:\/\/laisladetabarca.com\/it\/wp-json\/wp\/v2\/pages\/3417","targetHints":{"allow":["GET"]}}],"collection":[{"href":"https:\/\/laisladetabarca.com\/it\/wp-json\/wp\/v2\/pages"}],"about":[{"href":"https:\/\/laisladetabarca.com\/it\/wp-json\/wp\/v2\/types\/page"}],"author":[{"embeddable":true,"href":"https:\/\/laisladetabarca.com\/it\/wp-json\/wp\/v2\/users\/1"}],"replies":[{"embeddable":true,"href":"https:\/\/laisladetabarca.com\/it\/wp-json\/wp\/v2\/comments?post=3417"}],"version-history":[{"count":0,"href":"https:\/\/laisladetabarca.com\/it\/wp-json\/wp\/v2\/pages\/3417\/revisions"}],"wp:featuredmedia":[{"embeddable":true,"href":"https:\/\/laisladetabarca.com\/it\/wp-json\/wp\/v2\/media\/3418"}],"wp:attachment":[{"href":"https:\/\/laisladetabarca.com\/it\/wp-json\/wp\/v2\/media?parent=3417"}],"curies":[{"name":"wp","href":"https:\/\/api.w.org\/{rel}","templated":true}]}}