{"id":3399,"date":"2022-08-08T09:38:32","date_gmt":"2022-08-08T08:38:32","guid":{"rendered":"https:\/\/laisladetabarca.com\/attivita-sullisola-di-tabarca\/moto-dacqua-a-tabarca\/"},"modified":"2026-01-29T18:04:57","modified_gmt":"2026-01-29T17:04:57","slug":"moto-dacqua-a-tabarca","status":"publish","type":"page","link":"https:\/\/laisladetabarca.com\/it\/attivita-sullisola-di-tabarca\/moto-dacqua-a-tabarca\/","title":{"rendered":"Moto d&#8217;acqua a Tabarca"},"content":{"rendered":"<div class=\"wpb-content-wrapper\"><p>[vc_row][vc_column]<div id=\"ultimate-heading-416669de30d88ba28\" class=\"uvc-heading ult-adjust-bottom-margin ultimate-heading-416669de30d88ba28 uvc-2101 \" data-hspacer=\"no_spacer\"  data-halign=\"left\" style=\"text-align:left\"><div class=\"uvc-heading-spacer no_spacer\" style=\"top\"><\/div><div class=\"uvc-sub-heading ult-responsive\"  data-ultimate-target='.uvc-heading.ultimate-heading-416669de30d88ba28 .uvc-sub-heading '  data-responsive-json-new='{\"font-size\":\"\",\"line-height\":\"\"}'  style=\"font-weight:normal;\"><\/p>\n<p style=\"text-align: justify;\"><span style=\"font-weight: 400;\">Uno dei modi pi\u00f9 divertenti e avventurosi per raggiungere l&#8217;isola di Tabarca \u00e8 in moto d&#8217;acqua. Se amate la velocit\u00e0, l&#8217;adrenalina e le onde che si infrangono, l&#8217;opzione migliore \u00e8 godersi Tabarca in moto d&#8217;acqua. <\/span><\/p>\n<p style=\"text-align: justify;\"><span style=\"font-weight: 400;\">Son muchas las personas que disfrutan del jet ski en Tabarca saliendo desde Alicante o Santa Pola. Actualmente hay varias empresas que realizan este tipo de actividades. Si te gustan las emociones fuertes, sentir el viento sobre tu cara e ir a todo gas por el Mediterraneo la moto de agua en Tabarca es sin duda, tu actividad favorita.  <\/span><\/p>\n<p style=\"text-align: justify;\"><span style=\"font-weight: 400;\">Sul nostro sito web offriamo il noleggio di moto d&#8217;acqua a Tabarca e tour in moto d&#8217;acqua a Tabarca.<\/span><\/p>\n<p><\/div><\/div>[vc_empty_space height=&#8221;50px&#8221;][\/vc_column][\/vc_row][vc_row][vc_column]<div id=\"ultimate-heading-325169de30d88ba94\" class=\"uvc-heading ult-adjust-bottom-margin ultimate-heading-325169de30d88ba94 uvc-1443 \" data-hspacer=\"no_spacer\"  data-halign=\"left\" style=\"text-align:left\"><div class=\"uvc-heading-spacer no_spacer\" style=\"top\"><\/div><div class=\"uvc-main-heading ult-responsive\"  data-ultimate-target='.uvc-heading.ultimate-heading-325169de30d88ba94 h2'  data-responsive-json-new='{\"font-size\":\"\",\"line-height\":\"\"}' ><div id=\"ez-toc-container\" class=\"ez-toc-v2_0_80 counter-hierarchy ez-toc-counter ez-toc-grey ez-toc-container-direction\">\n<div class=\"ez-toc-title-container\">\n<p class=\"ez-toc-title\" style=\"cursor:inherit\">Table of Contents<\/p>\n<span class=\"ez-toc-title-toggle\"><a href=\"#\" class=\"ez-toc-pull-right ez-toc-btn ez-toc-btn-xs ez-toc-btn-default ez-toc-toggle\" aria-label=\"Toggle Table of Content\"><span class=\"ez-toc-js-icon-con\"><span class=\"\"><span class=\"eztoc-hide\" style=\"display:none;\">Toggle<\/span><span class=\"ez-toc-icon-toggle-span\"><svg style=\"fill: #999;color:#999\" xmlns=\"http:\/\/www.w3.org\/2000\/svg\" class=\"list-377408\" width=\"20px\" height=\"20px\" viewBox=\"0 0 24 24\" fill=\"none\"><path d=\"M6 6H4v2h2V6zm14 0H8v2h12V6zM4 11h2v2H4v-2zm16 0H8v2h12v-2zM4 16h2v2H4v-2zm16 0H8v2h12v-2z\" fill=\"currentColor\"><\/path><\/svg><svg style=\"fill: #999;color:#999\" class=\"arrow-unsorted-368013\" xmlns=\"http:\/\/www.w3.org\/2000\/svg\" width=\"10px\" height=\"10px\" viewBox=\"0 0 24 24\" version=\"1.2\" baseProfile=\"tiny\"><path d=\"M18.2 9.3l-6.2-6.3-6.2 6.3c-.2.2-.3.4-.3.7s.1.5.3.7c.2.2.4.3.7.3h11c.3 0 .5-.1.7-.3.2-.2.3-.5.3-.7s-.1-.5-.3-.7zM5.8 14.7l6.2 6.3 6.2-6.3c.2-.2.3-.5.3-.7s-.1-.5-.3-.7c-.2-.2-.4-.3-.7-.3h-11c-.3 0-.5.1-.7.3-.2.2-.3.5-.3.7s.1.5.3.7z\"\/><\/svg><\/span><\/span><\/span><\/a><\/span><\/div>\n<nav><ul class='ez-toc-list ez-toc-list-level-1 ' ><li class='ez-toc-page-1 ez-toc-heading-level-2'><a class=\"ez-toc-link ez-toc-heading-1\" href=\"https:\/\/laisladetabarca.com\/it\/attivita-sullisola-di-tabarca\/moto-dacqua-a-tabarca\/#Non_hai_la_patente_nautica_Prenota_unescursione_in_moto_dacqua_a_Tabarca\" >Non hai la patente nautica? Prenota un&#039;escursione in moto d&#039;acqua a Tabarca.<\/a><\/li><li class='ez-toc-page-1 ez-toc-heading-level-2'><a class=\"ez-toc-link ez-toc-heading-2\" href=\"https:\/\/laisladetabarca.com\/it\/attivita-sullisola-di-tabarca\/moto-dacqua-a-tabarca\/#Hai_la_patente_nautica_per_guidare_una_moto_dacqua_a_Tabarca\" >Hai la patente nautica per guidare una moto d&#039;acqua a Tabarca?<\/a><\/li><li class='ez-toc-page-1 ez-toc-heading-level-2'><a class=\"ez-toc-link ez-toc-heading-3\" href=\"https:\/\/laisladetabarca.com\/it\/attivita-sullisola-di-tabarca\/moto-dacqua-a-tabarca\/#E_possibile_andare_a_Tabarca_in_moto_dacqua\" >\u00c8 possibile andare a Tabarca in moto d&#039;acqua?<\/a><\/li><li class='ez-toc-page-1 ez-toc-heading-level-2'><a class=\"ez-toc-link ez-toc-heading-4\" href=\"https:\/\/laisladetabarca.com\/it\/attivita-sullisola-di-tabarca\/moto-dacqua-a-tabarca\/#Andare_a_Tabarca_in_barca_senza_patente\" >Andare a Tabarca in barca senza patente<\/a><\/li><\/ul><\/nav><\/div>\n<h2 style=\"font-weight:normal;\"><span class=\"ez-toc-section\" id=\"Non_hai_la_patente_nautica_Prenota_unescursione_in_moto_dacqua_a_Tabarca\"><\/span>Non hai la patente nautica? Prenota un&#039;escursione in moto d&#039;acqua a Tabarca. <span class=\"ez-toc-section-end\"><\/span><\/h2><\/div><div class=\"uvc-sub-heading ult-responsive\"  data-ultimate-target='.uvc-heading.ultimate-heading-325169de30d88ba94 .uvc-sub-heading '  data-responsive-json-new='{\"font-size\":\"\",\"line-height\":\"\"}'  style=\"font-weight:normal;\"><span style=\"font-weight: 400;\">Se sei alle prime armi con il jet ski e non hai la qualifica nautica richiesta per noleggiarne uno a Tabarca, puoi partecipare a un&#8217;escursione in moto d&#8217;acqua a Tabarca. Questo significa che l&#8217;istruttore guider\u00e0 la moto d&#8217;acqua davanti a te e stabilir\u00e0 il percorso, mentre tu guiderai un&#8217;altra moto d&#8217;acqua dietro di te e potrai guidarla a condizione che tu abbia pi\u00f9 di 16 anni (con patente) o 18 anni. <\/span><\/div><\/div>[vc_empty_space][vc_single_image image=&#8221;3409&#8243; img_size=&#8221;full&#8221; alignment=&#8221;center&#8221; onclick=&#8221;custom_link&#8221; img_link_target=&#8221;_blank&#8221; image_hovers=&#8221;false&#8221; link=&#8221;https:\/\/marinalia.es\/deporte-y-aventura\/excursiones-en-el-mar\/excursiones-moto-agua\/745-excursion-en-moto-de-agua-a-tabarca-y-la-manga-del-mar-menor.html?utm_source=google&amp;utm_medium=Trafico&amp;utm_campaign=IT_url_moto_agua&amp;utm_id=IT_url_moto_agua&#8221;][vc_single_image image=&#8221;3401&#8243; img_size=&#8221;800&#215;300&#8243; alignment=&#8221;center&#8221; onclick=&#8221;custom_link&#8221; image_hovers=&#8221;false&#8221; link=&#8221;https:\/\/marinalia.es\/deporte-y-aventura\/excursiones-en-el-mar\/excursiones-moto-agua\/1117-2670-ruta-motos-agua-tabarca-desde-santa-pola.html#\/duracion-1_hora_y_30_minutos&#8221;][vc_single_image image=&#8221;3406&#8243; img_size=&#8221;800&#215;300&#8243; alignment=&#8221;center&#8221; onclick=&#8221;custom_link&#8221; image_hovers=&#8221;false&#8221; link=&#8221;https:\/\/marinalia.es\/deporte-y-aventura\/excursiones-en-el-mar\/excursiones-moto-agua\/745-excursion-en-moto-de-agua-a-tabarca-y-la-manga-del-mar-menor.html&#8221;][vc_single_image image=&#8221;3407&#8243; img_size=&#8221;800&#215;300&#8243; alignment=&#8221;center&#8221; onclick=&#8221;custom_link&#8221; image_hovers=&#8221;false&#8221; link=&#8221;https:\/\/marinalia.es\/deporte-y-aventura\/excursiones-en-el-mar\/excursiones-moto-agua\/1117-2671-ruta-motos-agua-tabarca-desde-santa-pola.html#\/755-duracion-2_horas&#8221;]<div id=\"ultimate-heading-288569de30d88bb37\" class=\"uvc-heading ult-adjust-bottom-margin ultimate-heading-288569de30d88bb37 uvc-6014 \" data-hspacer=\"no_spacer\"  data-halign=\"left\" style=\"text-align:left\"><div class=\"uvc-heading-spacer no_spacer\" style=\"top\"><\/div><div class=\"uvc-main-heading ult-responsive\"  data-ultimate-target='.uvc-heading.ultimate-heading-288569de30d88bb37 h2'  data-responsive-json-new='{\"font-size\":\"\",\"line-height\":\"\"}' ><h2 style=\"font-weight:normal;\"><span class=\"ez-toc-section\" id=\"Hai_la_patente_nautica_per_guidare_una_moto_dacqua_a_Tabarca\"><\/span>Hai la patente nautica per guidare una moto d&#039;acqua a Tabarca?<span class=\"ez-toc-section-end\"><\/span><\/h2><\/div><div class=\"uvc-sub-heading ult-responsive\"  data-ultimate-target='.uvc-heading.ultimate-heading-288569de30d88bb37 .uvc-sub-heading '  data-responsive-json-new='{\"font-size\":\"\",\"line-height\":\"\"}'  style=\"font-weight:normal;\"><\/p>\n<p style=\"text-align: justify;\"><span style=\"font-weight: 400;\">Se possiedi la patente nautica richiesta per guidare una moto d&#8217;acqua, potrai accedere a Tabarca senza problemi. Se hai la patente ma non possiedi una moto d&#8217;acqua nella zona di Tabarca, Alicante o Santa Pola, contattaci e ti forniremo i recapiti di alcune societ\u00e0 di noleggio moto d&#8217;acqua a Tabarca. <\/span><\/p>\n<p><\/div><\/div>[vc_video link=&#8221;https:\/\/www.youtube.com\/watch?v=Leg95s7tHPE&#8221; align=&#8221;center&#8221;][\/vc_column][\/vc_row][vc_row][vc_column]<div id=\"ultimate-heading-771169de30d88bbc1\" class=\"uvc-heading ult-adjust-bottom-margin ultimate-heading-771169de30d88bbc1 uvc-3145 \" data-hspacer=\"no_spacer\"  data-halign=\"left\" style=\"text-align:left\"><div class=\"uvc-heading-spacer no_spacer\" style=\"top\"><\/div><div class=\"uvc-main-heading ult-responsive\"  data-ultimate-target='.uvc-heading.ultimate-heading-771169de30d88bbc1 h2'  data-responsive-json-new='{\"font-size\":\"\",\"line-height\":\"\"}' ><h2 style=\"font-weight:normal;\"><span class=\"ez-toc-section\" id=\"E_possibile_andare_a_Tabarca_in_moto_dacqua\"><\/span>\u00c8 possibile andare a Tabarca in moto d&#039;acqua?<span class=\"ez-toc-section-end\"><\/span><\/h2><\/div><div class=\"uvc-sub-heading ult-responsive\"  data-ultimate-target='.uvc-heading.ultimate-heading-771169de30d88bbc1 .uvc-sub-heading '  data-responsive-json-new='{\"font-size\":\"\",\"line-height\":\"\"}'  style=\"font-weight:normal;\"><\/p>\n<p style=\"text-align: justify;\"><span style=\"font-weight: 400;\">S\u00ec, puoi raggiungere Tabarca in moto d&#8217;acqua senza problemi. Infatti, se hai la patente nautica, puoi andare da solo, mentre se non ce l&#8217;hai, puoi farlo con l&#8217;escursione in moto d&#8217;acqua di Tabarca. Puoi anche partire da diversi punti lungo la costa mediterranea, come Santa Pola, Alicante o Torrevieja.   <\/span><\/p>\n<p><\/div><\/div>[vc_empty_space height=&#8221;50px&#8221;]<div id=\"ultimate-heading-395969de30d88bc1b\" class=\"uvc-heading ult-adjust-bottom-margin ultimate-heading-395969de30d88bc1b uvc-944 \" data-hspacer=\"no_spacer\"  data-halign=\"left\" style=\"text-align:left\"><div class=\"uvc-heading-spacer no_spacer\" style=\"top\"><\/div><div class=\"uvc-main-heading ult-responsive\"  data-ultimate-target='.uvc-heading.ultimate-heading-395969de30d88bc1b h2'  data-responsive-json-new='{\"font-size\":\"\",\"line-height\":\"\"}' ><h2 style=\"font-weight:normal;\"><span class=\"ez-toc-section\" id=\"Andare_a_Tabarca_in_barca_senza_patente\"><\/span>Andare a Tabarca in barca senza patente<span class=\"ez-toc-section-end\"><\/span><\/h2><\/div><div class=\"uvc-sub-heading ult-responsive\"  data-ultimate-target='.uvc-heading.ultimate-heading-395969de30d88bc1b .uvc-sub-heading '  data-responsive-json-new='{\"font-size\":\"\",\"line-height\":\"\"}'  style=\"font-weight:normal;\"><\/p>\n<p style=\"text-align: justify;\"><span style=\"font-weight: 400;\">Vi consigliamo anche un altro dei modi pi\u00f9 emozionanti per raggiungere Tabarca: noleggiare una barca senza patente (non \u00e8 richiesta la patente) e raggiungere l&#8217;isola di Tabarca.<\/span><\/p>\n<p><\/div><\/div>[vc_single_image image=&#8221;3408&#8243; img_size=&#8221;800&#215;300&#8243; alignment=&#8221;center&#8221; onclick=&#8221;custom_link&#8221; image_hovers=&#8221;false&#8221; link=&#8221;https:\/\/www.yumping.com\/ofertas\/alquiler-de-barcos\/alicante\/alquiler-de-barco-compass-sin-carnet-2h-santa-pola&#8211;o64683#64688?id_partner=157c21faa68927a9c1418be25f1c0d81&amp;placement=content-end&amp;cmp=IT_url_motos de agua&#8221;][\/vc_column][\/vc_row][vc_row][vc_column][vc_empty_space height=&#8221;50px&#8221;][\/vc_column][\/vc_row]<\/p>\n<\/div>","protected":false},"excerpt":{"rendered":"<p>[vc_row][vc_column][vc_empty_space height=&#8221;50px&#8221;][\/vc_column][\/vc_row][vc_row][vc_column][vc_empty_space][vc_single_image image=&#8221;3409&#8243; img_size=&#8221;full&#8221; alignment=&#8221;center&#8221; onclick=&#8221;custom_link&#8221; img_link_target=&#8221;_blank&#8221; image_hovers=&#8221;false&#8221; link=&#8221;https:\/\/marinalia.es\/deporte-y-aventura\/excursiones-en-el-mar\/excursiones-moto-agua\/745-excursion-en-moto-de-agua-a-tabarca-y-la-manga-del-mar-menor.html?utm_source=google&amp;utm_medium=Trafico&amp;utm_campaign=IT_url_moto_agua&amp;utm_id=IT_url_moto_agua&#8221;][vc_single_image image=&#8221;3401&#8243; img_size=&#8221;800&#215;300&#8243; alignment=&#8221;center&#8221; onclick=&#8221;custom_link&#8221; image_hovers=&#8221;false&#8221; link=&#8221;https:\/\/marinalia.es\/deporte-y-aventura\/excursiones-en-el-mar\/excursiones-moto-agua\/1117-2670-ruta-motos-agua-tabarca-desde-santa-pola.html#\/duracion-1_hora_y_30_minutos&#8221;][vc_single_image image=&#8221;3406&#8243; img_size=&#8221;800&#215;300&#8243; alignment=&#8221;center&#8221; onclick=&#8221;custom_link&#8221; image_hovers=&#8221;false&#8221; link=&#8221;https:\/\/marinalia.es\/deporte-y-aventura\/excursiones-en-el-mar\/excursiones-moto-agua\/745-excursion-en-moto-de-agua-a-tabarca-y-la-manga-del-mar-menor.html&#8221;][vc_single_image image=&#8221;3407&#8243; img_size=&#8221;800&#215;300&#8243; alignment=&#8221;center&#8221; onclick=&#8221;custom_link&#8221; image_hovers=&#8221;false&#8221; link=&#8221;https:\/\/marinalia.es\/deporte-y-aventura\/excursiones-en-el-mar\/excursiones-moto-agua\/1117-2671-ruta-motos-agua-tabarca-desde-santa-pola.html#\/755-duracion-2_horas&#8221;][vc_video link=&#8221;https:\/\/www.youtube.com\/watch?v=Leg95s7tHPE&#8221; align=&#8221;center&#8221;][\/vc_column][\/vc_row][vc_row][vc_column][vc_empty_space height=&#8221;50px&#8221;][vc_single_image image=&#8221;3408&#8243; img_size=&#8221;800&#215;300&#8243; alignment=&#8221;center&#8221; onclick=&#8221;custom_link&#8221; image_hovers=&#8221;false&#8221; link=&#8221;https:\/\/www.yumping.com\/ofertas\/alquiler-de-barcos\/alicante\/alquiler-de-barco-compass-sin-carnet-2h-santa-pola&#8211;o64683#64688?id_partner=157c21faa68927a9c1418be25f1c0d81&amp;placement=content-end&amp;cmp=IT_url_motos de agua&#8221;][\/vc_column][\/vc_row][vc_row][vc_column][vc_empty_space height=&#8221;50px&#8221;][\/vc_column][\/vc_row]<\/p>\n","protected":false},"author":1,"featured_media":0,"parent":3385,"menu_order":0,"comment_status":"closed","ping_status":"closed","template":"","meta":{"_joinchat":[],"footnotes":""},"class_list":["post-3399","page","type-page","status-publish","hentry","description-off"],"_links":{"self":[{"href":"https:\/\/laisladetabarca.com\/it\/wp-json\/wp\/v2\/pages\/3399","targetHints":{"allow":["GET"]}}],"collection":[{"href":"https:\/\/laisladetabarca.com\/it\/wp-json\/wp\/v2\/pages"}],"about":[{"href":"https:\/\/laisladetabarca.com\/it\/wp-json\/wp\/v2\/types\/page"}],"author":[{"embeddable":true,"href":"https:\/\/laisladetabarca.com\/it\/wp-json\/wp\/v2\/users\/1"}],"replies":[{"embeddable":true,"href":"https:\/\/laisladetabarca.com\/it\/wp-json\/wp\/v2\/comments?post=3399"}],"version-history":[{"count":0,"href":"https:\/\/laisladetabarca.com\/it\/wp-json\/wp\/v2\/pages\/3399\/revisions"}],"up":[{"embeddable":true,"href":"https:\/\/laisladetabarca.com\/it\/wp-json\/wp\/v2\/pages\/3385"}],"wp:attachment":[{"href":"https:\/\/laisladetabarca.com\/it\/wp-json\/wp\/v2\/media?parent=3399"}],"curies":[{"name":"wp","href":"https:\/\/api.w.org\/{rel}","templated":true}]}}