{"id":3387,"date":"2022-07-28T12:06:55","date_gmt":"2022-07-28T11:06:55","guid":{"rendered":"https:\/\/laisladetabarca.com\/attivita-sullisola-di-tabarca\/tuffo\/"},"modified":"2025-08-27T22:51:54","modified_gmt":"2025-08-27T22:51:54","slug":"tuffo","status":"publish","type":"page","link":"https:\/\/laisladetabarca.com\/it\/attivita-sullisola-di-tabarca\/tuffo\/","title":{"rendered":"Tuffo"},"content":{"rendered":"<div class=\"wpb-content-wrapper\"><p>[vc_row][vc_column]<div id=\"ultimate-heading-217169de3514bbeda\" class=\"uvc-heading ult-adjust-bottom-margin ultimate-heading-217169de3514bbeda uvc-5489 \" data-hspacer=\"no_spacer\"  data-halign=\"left\" style=\"text-align:left\"><div class=\"uvc-heading-spacer no_spacer\" style=\"top\"><\/div><div class=\"uvc-sub-heading ult-responsive\"  data-ultimate-target='.uvc-heading.ultimate-heading-217169de3514bbeda .uvc-sub-heading '  data-responsive-json-new='{\"font-size\":\"\",\"line-height\":\"\"}'  style=\"font-weight:normal;\"><\/p>\n<p style=\"text-align: justify;\"><span style=\"font-weight: 400;\">L&#8217;isola di Tabarca \u00e8 una riserva marina dal 1986; \u00e8 stata infatti la prima area dichiarata tale. Questo rende i dintorni dell&#8217;isola senza dubbio uno dei migliori punti di immersione del Mediterraneo. Il fatto che sia una riserva marina rende Tabarca un paradiso anche per i subacquei pi\u00f9 esperti.  <\/span><\/p>\n<p style=\"text-align: justify;\"><span style=\"font-weight: 400;\">Si tratta di una zona in cui la pesca controllata e la riserva marina ben tenuta la rendono un luogo in cui si possono trovare innumerevoli specie marine. Inoltre, caratteristica della zona, \u00e8 la presenza di Posidonia oceanica. La Posidonia \u00e8 una pianta marina che forma vere e proprie foreste che ossigenano il nostro pianeta e trasformano la Riserva Marina di Tabarca in un acquario di acque cristalline.  <\/span><\/p>\n<p><\/div><\/div>[vc_empty_space height=&#8221;50px&#8221;][vc_single_image image=&#8221;3391&#8243; img_size=&#8221;full&#8221; onclick=&#8221;custom_link&#8221; img_link_target=&#8221;_blank&#8221; link=&#8221;https:\/\/marinalia.es\/124-buceo-y-snorkel?comunidad-valenciana=actividades-tabarca&#8221;][\/vc_column][\/vc_row][vc_row][vc_column]<div id=\"ultimate-heading-747869de3514bbf43\" class=\"uvc-heading ult-adjust-bottom-margin ultimate-heading-747869de3514bbf43 uvc-604 \" data-hspacer=\"no_spacer\"  data-halign=\"left\" style=\"text-align:left\"><div class=\"uvc-heading-spacer no_spacer\" style=\"top\"><\/div><div class=\"uvc-main-heading ult-responsive\"  data-ultimate-target='.uvc-heading.ultimate-heading-747869de3514bbf43 h2'  data-responsive-json-new='{\"font-size\":\"\",\"line-height\":\"\"}' ><div id=\"ez-toc-container\" class=\"ez-toc-v2_0_80 counter-hierarchy ez-toc-counter ez-toc-grey ez-toc-container-direction\">\n<div class=\"ez-toc-title-container\">\n<p class=\"ez-toc-title\" style=\"cursor:inherit\">Table of Contents<\/p>\n<span class=\"ez-toc-title-toggle\"><a href=\"#\" class=\"ez-toc-pull-right ez-toc-btn ez-toc-btn-xs ez-toc-btn-default ez-toc-toggle\" aria-label=\"Toggle Table of Content\"><span class=\"ez-toc-js-icon-con\"><span class=\"\"><span class=\"eztoc-hide\" style=\"display:none;\">Toggle<\/span><span class=\"ez-toc-icon-toggle-span\"><svg style=\"fill: #999;color:#999\" xmlns=\"http:\/\/www.w3.org\/2000\/svg\" class=\"list-377408\" width=\"20px\" height=\"20px\" viewBox=\"0 0 24 24\" fill=\"none\"><path d=\"M6 6H4v2h2V6zm14 0H8v2h12V6zM4 11h2v2H4v-2zm16 0H8v2h12v-2zM4 16h2v2H4v-2zm16 0H8v2h12v-2z\" fill=\"currentColor\"><\/path><\/svg><svg style=\"fill: #999;color:#999\" class=\"arrow-unsorted-368013\" xmlns=\"http:\/\/www.w3.org\/2000\/svg\" width=\"10px\" height=\"10px\" viewBox=\"0 0 24 24\" version=\"1.2\" baseProfile=\"tiny\"><path d=\"M18.2 9.3l-6.2-6.3-6.2 6.3c-.2.2-.3.4-.3.7s.1.5.3.7c.2.2.4.3.7.3h11c.3 0 .5-.1.7-.3.2-.2.3-.5.3-.7s-.1-.5-.3-.7zM5.8 14.7l6.2 6.3 6.2-6.3c.2-.2.3-.5.3-.7s-.1-.5-.3-.7c-.2-.2-.4-.3-.7-.3h-11c-.3 0-.5.1-.7.3-.2.2-.3.5-.3.7s.1.5.3.7z\"\/><\/svg><\/span><\/span><\/span><\/a><\/span><\/div>\n<nav><ul class='ez-toc-list ez-toc-list-level-1 ' ><li class='ez-toc-page-1 ez-toc-heading-level-2'><a class=\"ez-toc-link ez-toc-heading-1\" href=\"https:\/\/laisladetabarca.com\/it\/attivita-sullisola-di-tabarca\/tuffo\/#Hai_una_licenza_subacquea_a_Tabarca\" >Hai una licenza subacquea a Tabarca?<\/a><\/li><li class='ez-toc-page-1 ez-toc-heading-level-2'><a class=\"ez-toc-link ez-toc-heading-2\" href=\"https:\/\/laisladetabarca.com\/it\/attivita-sullisola-di-tabarca\/tuffo\/#Cose_un_battesimo_subacqueo_a_Tabarca\" >Cos&#039;\u00e8 un battesimo subacqueo a Tabarca?<\/a><\/li><li class='ez-toc-page-1 ez-toc-heading-level-2'><a class=\"ez-toc-link ez-toc-heading-3\" href=\"https:\/\/laisladetabarca.com\/it\/attivita-sullisola-di-tabarca\/tuffo\/#Siti_di_immersione_a_Tabarca\" >Siti di immersione a Tabarca<\/a><ul class='ez-toc-list-level-3' ><li class='ez-toc-heading-level-3'><a class=\"ez-toc-link ez-toc-heading-4\" href=\"https:\/\/laisladetabarca.com\/it\/attivita-sullisola-di-tabarca\/tuffo\/#E_possibile_immergersi_tutto_lanno\" >\u00c8 possibile immergersi tutto l&#039;anno?<\/a><\/li><li class='ez-toc-page-1 ez-toc-heading-level-3'><a class=\"ez-toc-link ez-toc-heading-5\" href=\"https:\/\/laisladetabarca.com\/it\/attivita-sullisola-di-tabarca\/tuffo\/#Video_sulle_immersioni_a_Tabarca\" >Video sulle immersioni a Tabarca<\/a><\/li><\/ul><\/li><\/ul><\/nav><\/div>\n<h2 style=\"font-weight:normal;\"><span class=\"ez-toc-section\" id=\"Hai_una_licenza_subacquea_a_Tabarca\"><\/span>Hai una licenza subacquea a Tabarca?<span class=\"ez-toc-section-end\"><\/span><\/h2><\/div><div class=\"uvc-sub-heading ult-responsive\"  data-ultimate-target='.uvc-heading.ultimate-heading-747869de3514bbf43 .uvc-sub-heading '  data-responsive-json-new='{\"font-size\":\"\",\"line-height\":\"\"}'  style=\"font-weight:normal;\"><\/p>\n<p style=\"text-align: justify;\"><span style=\"font-weight: 400;\">Se siete in possesso di un brevetto subacqueo, a Tabarca troverete diversi centri immersioni autorizzati. Ne troverete diversi a Santa Pola e persino ad Alicante. Ricordatevi di prenotare presso un centro autorizzato. <\/span><\/p>\n<p style=\"text-align: justify;\"><span style=\"font-weight: 400;\">Se invece non si possiede una certificazione, si consiglia di fare un&#8217;esperienza di immersione guidata da un istruttore, poich\u00e9 \u00e8 senza dubbio una delle migliori attivit\u00e0 che si possano fare a Tabarca. <\/span><\/p>\n<p><\/div><\/div>[vc_single_image image=&#8221;3390&#8243; img_size=&#8221;full&#8221;]<div id=\"ultimate-heading-641469de3514bbfcc\" class=\"uvc-heading ult-adjust-bottom-margin ultimate-heading-641469de3514bbfcc uvc-637 \" data-hspacer=\"no_spacer\"  data-halign=\"left\" style=\"text-align:left\"><div class=\"uvc-heading-spacer no_spacer\" style=\"top\"><\/div><div class=\"uvc-main-heading ult-responsive\"  data-ultimate-target='.uvc-heading.ultimate-heading-641469de3514bbfcc h2'  data-responsive-json-new='{\"font-size\":\"\",\"line-height\":\"\"}' ><h2 style=\"font-weight:normal;\"><span class=\"ez-toc-section\" id=\"Cose_un_battesimo_subacqueo_a_Tabarca\"><\/span>Cos&#039;\u00e8 un battesimo subacqueo a Tabarca?<span class=\"ez-toc-section-end\"><\/span><\/h2><\/div><div class=\"uvc-sub-heading ult-responsive\"  data-ultimate-target='.uvc-heading.ultimate-heading-641469de3514bbfcc .uvc-sub-heading '  data-responsive-json-new='{\"font-size\":\"\",\"line-height\":\"\"}'  style=\"font-weight:normal;\"><span style=\"font-weight: 400;\">Il Try Diving \u00e8 un tipo di immersione subacquea che si pu\u00f2 fare anche senza un brevetto. Pertanto, se volete provare l&#8217;esperienza spettacolare delle immersioni subacquee, Tabarca \u00e8 senza dubbio il posto migliore per farlo. <\/span><\/div><\/div>[vc_single_image image=&#8221;3391&#8243; img_size=&#8221;full&#8221; onclick=&#8221;custom_link&#8221; img_link_target=&#8221;_blank&#8221; link=&#8221;https:\/\/marinalia.es\/124-buceo-y-snorkel?comunidad-valenciana=actividades-tabarca&#8221;][vc_empty_space height=&#8221;50px&#8221;]<div id=\"ultimate-heading-506569de3514bc038\" class=\"uvc-heading ult-adjust-bottom-margin ultimate-heading-506569de3514bc038 uvc-3518 \" data-hspacer=\"no_spacer\"  data-halign=\"left\" style=\"text-align:left\"><div class=\"uvc-heading-spacer no_spacer\" style=\"top\"><\/div><div class=\"uvc-main-heading ult-responsive\"  data-ultimate-target='.uvc-heading.ultimate-heading-506569de3514bc038 h2'  data-responsive-json-new='{\"font-size\":\"\",\"line-height\":\"\"}' ><h2 style=\"font-weight:normal;\"><span class=\"ez-toc-section\" id=\"Siti_di_immersione_a_Tabarca\"><\/span>Siti di immersione a Tabarca<span class=\"ez-toc-section-end\"><\/span><\/h2><\/div><div class=\"uvc-sub-heading ult-responsive\"  data-ultimate-target='.uvc-heading.ultimate-heading-506569de3514bc038 .uvc-sub-heading '  data-responsive-json-new='{\"font-size\":\"\",\"line-height\":\"\"}'  style=\"font-weight:normal;\"><\/p>\n<p style=\"text-align: justify;\"><span style=\"font-weight: 400;\">Sull&#8217;isola di Tabarca ci sono diverse zone di immersione a seconda che si trovino in acque interne o esterne.<\/span><\/p>\n<p>&nbsp;<\/p>\n<ul>\n<li style=\"text-align: justify;\"><b>Acque interne di Tabarca<\/b><\/li>\n<\/ul>\n<p style=\"text-align: justify;\"><span style=\"font-weight: 400;\">La riserva marina interna \u00e8 l&#8217;area pi\u00f9 vicina all&#8217;isola di Tabarca. Queste acque ospitano diverse aree di immersione, tra cui: Escull Negre, Artificial Reefs, La Galera, Escull Roig e Aguas Libres. <\/span><\/p>\n<p style=\"text-align: justify;\"><span style=\"font-weight: 400;\">Questa zona \u00e8 composta da 5 zone di immersione: Escull Roig (-8 m.), Islote de la Galera (-6 m.), Escull Negre (-10 m.), Barriera artificiale (-20 m.) o Zona di acque libere.<\/span><\/p>\n<p style=\"text-align: justify;\"><span style=\"font-weight: 400;\">Per questa zona \u00e8 necessaria l&#8217;autorizzazione del Dipartimento della Pesca di Alicante, insieme alla documentazione necessaria (<\/span><span style=\"font-weight: 400;\">brevetto subacqueo, documento d&#8217;identit\u00e0, certificato medico in caso di problemi di salute e assicurazione subacquea<\/span><span style=\"font-weight: 400;\">, con almeno 7 giorni di anticipo).<\/span><\/p>\n<p>&nbsp;<\/p>\n<div class=\"uvc-main-heading ult-responsive\" data-ultimate-target=\".uvc-heading.ultimate-heading-839962e26ca15d8a6 h3\" data-responsive-json-new=\"{\"font-size\":\"\",\"line-height\":\"\"}\">\n<ul>\n<li><strong>Acque esterne a Tabarca<\/strong><\/li>\n<\/ul>\n<\/div>\n<div class=\"uvc-sub-heading ult-responsive\" data-ultimate-target=\".uvc-heading.ultimate-heading-839962e26ca15d8a6 .uvc-sub-heading  \" data-responsive-json-new=\"{\"font-size\":\"\",\"line-height\":\"\"}\">La riserva marina in acque esterne nella zona dell&#8217;isolotto di La Nao e Bajo de la Nao o de la Llosa<\/div>\n<p><\/div><\/div>[\/vc_column][\/vc_row][vc_row][vc_column][vc_single_image image=&#8221;3388&#8243; img_size=&#8221;full&#8221; alignment=&#8221;center&#8221;][vc_empty_space height=&#8221;50px&#8221;][\/vc_column][\/vc_row][vc_row][vc_column]<div id=\"ultimate-heading-310469de3514bc085\" class=\"uvc-heading ult-adjust-bottom-margin ultimate-heading-310469de3514bc085 uvc-1841 \" data-hspacer=\"no_spacer\"  data-halign=\"left\" style=\"text-align:left\"><div class=\"uvc-heading-spacer no_spacer\" style=\"top\"><\/div><div class=\"uvc-main-heading ult-responsive\"  data-ultimate-target='.uvc-heading.ultimate-heading-310469de3514bc085 h3'  data-responsive-json-new='{\"font-size\":\"\",\"line-height\":\"\"}' ><h3 style=\"font-weight:normal;\"><span class=\"ez-toc-section\" id=\"E_possibile_immergersi_tutto_lanno\"><\/span>\u00c8 possibile immergersi tutto l&#039;anno?<span class=\"ez-toc-section-end\"><\/span><\/h3><\/div><div class=\"uvc-sub-heading ult-responsive\"  data-ultimate-target='.uvc-heading.ultimate-heading-310469de3514bc085 .uvc-sub-heading '  data-responsive-json-new='{\"font-size\":\"\",\"line-height\":\"\"}'  style=\"font-weight:normal;\"><\/p>\n<p style=\"text-align: justify;\"><span style=\"font-weight: 400;\">S\u00ec, le immersioni a Tabarca sono possibili tutto l&#8217;anno. Tuttavia, tieni presente che da ottobre a marzo le immersioni sono consentite solo il venerd\u00ec, il sabato e la domenica. Nel resto dell&#8217;anno, le immersioni sono consentite solo il marted\u00ec, il venerd\u00ec, il sabato, la domenica e nei giorni festivi (in acque interne) e tutti i giorni (in acque libere).<\/span><\/p>\n<p><\/div><\/div>[vc_empty_space height=&#8221;50px&#8221;][\/vc_column][\/vc_row][vc_row][vc_column][vc_single_image image=&#8221;3391&#8243; img_size=&#8221;full&#8221; onclick=&#8221;custom_link&#8221; img_link_target=&#8221;_blank&#8221; link=&#8221;https:\/\/marinalia.es\/124-buceo-y-snorkel?comunidad-valenciana=actividades-tabarca&#8221;]<div id=\"ultimate-heading-912669de3514bc0c9\" class=\"uvc-heading ult-adjust-bottom-margin ultimate-heading-912669de3514bc0c9 uvc-7022 \" data-hspacer=\"no_spacer\"  data-halign=\"left\" style=\"text-align:left\"><div class=\"uvc-heading-spacer no_spacer\" style=\"top\"><\/div><div class=\"uvc-main-heading ult-responsive\"  data-ultimate-target='.uvc-heading.ultimate-heading-912669de3514bc0c9 h3'  data-responsive-json-new='{\"font-size\":\"\",\"line-height\":\"\"}' ><h3 style=\"font-weight:normal;\"><span class=\"ez-toc-section\" id=\"Video_sulle_immersioni_a_Tabarca\"><\/span>Video sulle immersioni a Tabarca<span class=\"ez-toc-section-end\"><\/span><\/h3><\/div><\/div>[vc_video link=&#8221;https:\/\/www.youtube.com\/watch?v=cx0Ox6P6SJQ&#8221; align=&#8221;center&#8221;][vc_empty_space height=&#8221;50px&#8221;][\/vc_column][\/vc_row]<\/p>\n<\/div>","protected":false},"excerpt":{"rendered":"<p>[vc_row][vc_column][vc_empty_space height=&#8221;50px&#8221;][vc_single_image image=&#8221;3391&#8243; img_size=&#8221;full&#8221; onclick=&#8221;custom_link&#8221; img_link_target=&#8221;_blank&#8221; link=&#8221;https:\/\/marinalia.es\/124-buceo-y-snorkel?comunidad-valenciana=actividades-tabarca&#8221;][\/vc_column][\/vc_row][vc_row][vc_column][vc_single_image image=&#8221;3390&#8243; img_size=&#8221;full&#8221;][vc_single_image image=&#8221;3391&#8243; img_size=&#8221;full&#8221; onclick=&#8221;custom_link&#8221; img_link_target=&#8221;_blank&#8221; link=&#8221;https:\/\/marinalia.es\/124-buceo-y-snorkel?comunidad-valenciana=actividades-tabarca&#8221;][vc_empty_space height=&#8221;50px&#8221;][\/vc_column][\/vc_row][vc_row][vc_column][vc_single_image image=&#8221;3388&#8243; img_size=&#8221;full&#8221; alignment=&#8221;center&#8221;][vc_empty_space height=&#8221;50px&#8221;][\/vc_column][\/vc_row][vc_row][vc_column][vc_empty_space height=&#8221;50px&#8221;][\/vc_column][\/vc_row][vc_row][vc_column][vc_single_image image=&#8221;3391&#8243; img_size=&#8221;full&#8221; onclick=&#8221;custom_link&#8221; img_link_target=&#8221;_blank&#8221; link=&#8221;https:\/\/marinalia.es\/124-buceo-y-snorkel?comunidad-valenciana=actividades-tabarca&#8221;][vc_video link=&#8221;https:\/\/www.youtube.com\/watch?v=cx0Ox6P6SJQ&#8221; align=&#8221;center&#8221;][vc_empty_space height=&#8221;50px&#8221;][\/vc_column][\/vc_row]<\/p>\n","protected":false},"author":1,"featured_media":0,"parent":3385,"menu_order":0,"comment_status":"closed","ping_status":"closed","template":"","meta":{"_joinchat":[],"footnotes":""},"class_list":["post-3387","page","type-page","status-publish","hentry","description-off"],"_links":{"self":[{"href":"https:\/\/laisladetabarca.com\/it\/wp-json\/wp\/v2\/pages\/3387","targetHints":{"allow":["GET"]}}],"collection":[{"href":"https:\/\/laisladetabarca.com\/it\/wp-json\/wp\/v2\/pages"}],"about":[{"href":"https:\/\/laisladetabarca.com\/it\/wp-json\/wp\/v2\/types\/page"}],"author":[{"embeddable":true,"href":"https:\/\/laisladetabarca.com\/it\/wp-json\/wp\/v2\/users\/1"}],"replies":[{"embeddable":true,"href":"https:\/\/laisladetabarca.com\/it\/wp-json\/wp\/v2\/comments?post=3387"}],"version-history":[{"count":0,"href":"https:\/\/laisladetabarca.com\/it\/wp-json\/wp\/v2\/pages\/3387\/revisions"}],"up":[{"embeddable":true,"href":"https:\/\/laisladetabarca.com\/it\/wp-json\/wp\/v2\/pages\/3385"}],"wp:attachment":[{"href":"https:\/\/laisladetabarca.com\/it\/wp-json\/wp\/v2\/media?parent=3387"}],"curies":[{"name":"wp","href":"https:\/\/api.w.org\/{rel}","templated":true}]}}