{"id":3904,"date":"2022-07-15T07:48:59","date_gmt":"2022-07-15T06:48:59","guid":{"rendered":"https:\/\/laisladetabarca.com\/politique-en-matiere-de-cookies\/"},"modified":"2025-08-04T22:19:03","modified_gmt":"2025-08-04T22:19:03","slug":"politique-en-matiere-de-cookies","status":"publish","type":"page","link":"https:\/\/laisladetabarca.com\/fr\/politique-en-matiere-de-cookies\/","title":{"rendered":"Politique en mati\u00e8re de cookies"},"content":{"rendered":"\n<p>Sur le site web <a href=\"https:\/\/laisladetabarca.com\/fr\/\">laisladetabarca.com<\/a>, nous utilisons des cookies pour faciliter la relation des visiteurs avec notre contenu et pour permettre l&rsquo;\u00e9laboration de statistiques sur les visiteurs que nous recevons.<br\/>Conform\u00e9ment \u00e0 la directive 2009\/136\/CE, transpos\u00e9e dans notre l\u00e9gislation par le paragraphe 2 de l&rsquo;article 22 de la loi sur les services de la soci\u00e9t\u00e9 de l&rsquo;information, et suivant les directives de l&rsquo;Agence espagnole de protection des donn\u00e9es, nous vous informons en d\u00e9tail de l&rsquo;utilisation qui est faite de notre site web.<br\/>Les cookies sont de petits fichiers enregistr\u00e9s dans le navigateur utilis\u00e9 par chaque visiteur de notre site web afin que le serveur puisse se souvenir de la visite de cet utilisateur lorsqu&rsquo;il acc\u00e8de \u00e0 nouveau \u00e0 notre contenu. Ces informations ne r\u00e9v\u00e8lent pas votre identit\u00e9, ni aucune donn\u00e9e personnelle, et ne permettent pas d&rsquo;acc\u00e9der au contenu stock\u00e9 sur votre ordinateur, mais elles permettent \u00e0 notre syst\u00e8me de vous identifier en tant qu&rsquo;utilisateur ayant d\u00e9j\u00e0 visit\u00e9 le site web, consult\u00e9 certaines pages, etc. Elles permettent \u00e9galement d&rsquo;enregistrer vos pr\u00e9f\u00e9rences personnelles et des informations techniques telles que les visites effectu\u00e9es ou les pages sp\u00e9cifiques que vous consultez. <br\/>Les cookies ont pour but de faciliter \u00e0 l&rsquo;utilisateur un acc\u00e8s plus rapide aux services s\u00e9lectionn\u00e9s.<br\/>Si vous ne souhaitez pas que des cookies soient enregistr\u00e9s dans votre navigateur ou si vous pr\u00e9f\u00e9rez recevoir une notification chaque fois qu&rsquo;un cookie demande \u00e0 \u00eatre install\u00e9, vous pouvez configurer vos options de navigation pour qu&rsquo;il en soit ainsi. La plupart des navigateurs permettent de g\u00e9rer les cookies de trois mani\u00e8res diff\u00e9rentes : <\/p>\n\n<ul class=\"wp-block-list\"><li>Les cookies sont toujours refus\u00e9s ;<\/li><li>Le navigateur demande \u00e0 l&rsquo;utilisateur s&rsquo;il souhaite installer chaque cookie ;<\/li><li>Les cookies sont toujours accept\u00e9s ;<\/li><\/ul>\n\n<p>Votre navigateur peut \u00e9galement vous permettre de s\u00e9lectionner en d\u00e9tail les cookies que vous souhaitez installer sur votre ordinateur. Plus pr\u00e9cis\u00e9ment, l&rsquo;utilisateur peut g\u00e9n\u00e9ralement accepter l&rsquo;une des options suivantes : <\/p>\n\n<ul class=\"wp-block-list\"><li>refuser les cookies provenant de certains domaines ;<\/li><li>refuser les cookies tiers ;<\/li><li>accepter les cookies non persistants (ils sont supprim\u00e9s lorsque le navigateur est ferm\u00e9) ;<\/li><li>autoriser le serveur \u00e0 cr\u00e9er des cookies pour un domaine diff\u00e9rent.<\/li><\/ul>\n\n<p><strong>Pour autoriser, conna\u00eetre, bloquer ou supprimer les cookies install\u00e9s sur votre ordinateur, vous pouvez le faire en configurant les options du navigateur install\u00e9 sur votre ordinateur.<\/strong><br\/>Vous trouverez des informations sur la configuration des navigateurs les plus utilis\u00e9s aux emplacements suivants :<\/p>\n\n<ul class=\"wp-block-list\"><li><strong>Internet Explorer<\/strong> : Outils -&gt; Options Internet -&gt; Confidentialit\u00e9 -&gt; Param\u00e8tres. Pour plus d&rsquo;informations, vous pouvez consulter le <a href=\"http:\/\/windows.microsoft.com\/es-ES\/windows\/support\" rel=\"nofollow noopener\" target=\"_blank\">support Microsoft<\/a> ou l&rsquo;aide du navigateur. <\/li><li><strong>Firefox<\/strong> : Outils -&gt; Options -&gt; Confidentialit\u00e9 -&gt; Historique -&gt; Param\u00e8tres personnalis\u00e9s. Pour plus d&rsquo;informations, vous pouvez consulter l&rsquo;<a href=\"http:\/\/support.mozilla.org\/es\/home\" rel=\"nofollow noopener\" target=\"_blank\">assistance Mozilla<\/a> ou l&rsquo;aide du navigateur. <\/li><li><strong>Chrome<\/strong> : Param\u00e8tres -&gt; Afficher les options avanc\u00e9es -&gt; Confidentialit\u00e9 -&gt; Param\u00e8tres de contenu. Pour plus d&rsquo;informations, vous pouvez consulter l&rsquo;<a href=\"http:\/\/support.google.com\/chrome\/?hl=es\" rel=\"nofollow noopener\" target=\"_blank\">assistance Google<\/a> ou l&rsquo;aide du navigateur. <\/li><li><strong>Safari<\/strong> : Pr\u00e9f\u00e9rences -&gt; S\u00e9curit\u00e9. Pour plus d&rsquo;informations, vous pouvez consulter l&rsquo;<a href=\"http:\/\/www.apple.com\/es\/support\/safari\/\" rel=\"nofollow noopener\" target=\"_blank\">assistance Apple<\/a> ou l&rsquo;aide du navigateur. <\/li><\/ul>\n\n<p>En ce qui concerne les cookies tiers, c&rsquo;est-\u00e0-dire ceux qui ne proviennent pas de notre site web, nous ne pouvons \u00eatre tenus responsables du contenu et de la v\u00e9racit\u00e9 des politiques de confidentialit\u00e9 qu&rsquo;ils incluent. Par cons\u00e9quent, les informations que nous vous fournissons font toujours r\u00e9f\u00e9rence \u00e0 la source.<br\/>Vous trouverez ci-dessous des informations d\u00e9taill\u00e9es sur les cookies qui peuvent \u00eatre install\u00e9s \u00e0 partir de notre site web. En fonction de votre navigation, tous ou seulement certains d&rsquo;entre eux peuvent \u00eatre install\u00e9s. <\/p>\n\n<p>Cookie : <strong>__utma<\/strong><br\/><strong>Description : <\/strong>Identification des visiteurs uniques : utilis\u00e9 pour enregistrer les visiteurs uniques \u00e0 des fins statistiques et analytiques.<br\/><strong>Dur\u00e9e : <\/strong>2 ans<br\/><strong>Source :<\/strong> Google (Analytics)<\/p>\n\n<p>Cookie : <strong>__utmb<\/strong><br\/>Description : utilis\u00e9 pour d\u00e9terminer les nouvelles sessions ou visites.<br\/>Dur\u00e9e : 30 minutes.<br\/>Source : Google (Analytics).<\/p>\n\n<p>Cookie : <strong>__utmc<\/strong><br\/><strong>Description :<\/strong> Non utilis\u00e9 dans ga.js. Configur\u00e9 pour interagir avec urchin.js. Auparavant, ce cookie fonctionnait conjointement avec le cookie __utmb pour d\u00e9terminer si l&rsquo;utilisateur \u00e9tait dans une nouvelle session ou visite.  <br\/><strong>Dur\u00e9e :<\/strong> utilis\u00e9e pour limiter le pourcentage de demandes.<br\/><strong>Source :<\/strong> Google (Analytics)<\/p>\n\n<p>Cookie : <strong>__utmt<\/strong><br\/><strong>Description : <\/strong>utilis\u00e9 pour limiter le pourcentage de requ\u00eates.<br\/><strong>Dur\u00e9e : <\/strong>10 minutes.<br\/><strong>Source : <\/strong>Google (Analytics).<\/p>\n\n<p>Cookie : <strong>__utmv<\/strong><br\/><strong>Description : <\/strong>Enregistrement des sources de trafic et de navigation : utilis\u00e9 pour enregistrer comment vous \u00eates arriv\u00e9 sur notre site Web (via une recherche Google, une publicit\u00e9, etc.) et les chemins que vous empruntez lorsque vous naviguez sur notre site. Nous utilisons ces informations pour am\u00e9liorer l&rsquo;exp\u00e9rience utilisateur lors des futures mises \u00e0 jour. <br\/><strong>Dur\u00e9e : <\/strong>6 mois<br\/><strong>Source : <\/strong>Google (Analytics)<\/p>\n\n<p>Cookie : <strong>__ga<\/strong><br\/><strong>Description : <\/strong>utilis\u00e9 pour distinguer les utilisateurs.<br\/><strong>Dur\u00e9e : <\/strong>2 ans.<br\/><strong>Source : <\/strong>Google (Analytics).<\/p>\n\n<p>Cookie : <strong>__gat<\/strong><br\/><strong>Description : <\/strong>utilis\u00e9 pour limiter le pourcentage de requ\u00eates.<br\/><strong>Dur\u00e9e : <\/strong>10 minutes.<br\/><strong>Source : <\/strong>Google (Analytics).<\/p>\n\n<p>Cookie : <strong>__gid<\/strong><br\/><strong>Description : <\/strong>utilis\u00e9 pour distinguer les utilisateurs.<br\/><strong>Dur\u00e9e : <\/strong>1 jour.<br\/><strong>Source : <\/strong>Google (Analytics).<\/p>\n\n<p>Cookie : <strong>_fbp<\/strong><br\/><strong>Description :<\/strong> utilis\u00e9 pour distinguer les utilisateurs.<br\/><strong>Dur\u00e9e :<\/strong> 3 mois.<br\/><strong>Source : <\/strong>Facebook.<\/p>\n\n<p>Cookie : <strong>moove_gdpr_popup<\/strong><br\/><strong>Description :<\/strong> Session d&rsquo;enregistrement du visiteur : utilis\u00e9 pour enregistrer votre session et vos choix en mati\u00e8re de politique de cookies et les m\u00e9moriser pour vos prochaines visites.<br\/><strong>Dur\u00e9e : <\/strong>1 an<br\/><strong>Source : <\/strong>laisladetabarca.com<\/p>\n\n<p>La pr\u00e9sente politique en mati\u00e8re de cookies peut \u00eatre modifi\u00e9e en fonction des exigences l\u00e9gislatives ou r\u00e9glementaires, ou dans le but de l&rsquo;adapter aux instructions donn\u00e9es par l&rsquo;Agence espagnole de protection des donn\u00e9es. Il est donc conseill\u00e9 aux utilisateurs de la consulter r\u00e9guli\u00e8rement.<br\/>Lorsque des modifications importantes sont apport\u00e9es \u00e0 la pr\u00e9sente politique en mati\u00e8re de cookies, elles sont communiqu\u00e9es aux utilisateurs soit via le site web, soit par courrier \u00e9lectronique aux utilisateurs enregistr\u00e9s.<\/p>\n","protected":false},"excerpt":{"rendered":"<p>Sur le site web laisladetabarca.com, nous utilisons des cookies pour faciliter la relation des visiteurs avec notre contenu et pour permettre l&rsquo;\u00e9laboration de statistiques sur les visiteurs que nous recevons.Conform\u00e9ment \u00e0 la directive 2009\/136\/CE, transpos\u00e9e dans notre l\u00e9gislation par le paragraphe 2 de l&rsquo;article 22 de la loi sur les services de la soci\u00e9t\u00e9 de&hellip;<\/p>\n","protected":false},"author":1,"featured_media":0,"parent":0,"menu_order":0,"comment_status":"closed","ping_status":"closed","template":"","meta":{"_joinchat":[],"footnotes":""},"class_list":["post-3904","page","type-page","status-publish","hentry","description-off"],"_links":{"self":[{"href":"https:\/\/laisladetabarca.com\/fr\/wp-json\/wp\/v2\/pages\/3904","targetHints":{"allow":["GET"]}}],"collection":[{"href":"https:\/\/laisladetabarca.com\/fr\/wp-json\/wp\/v2\/pages"}],"about":[{"href":"https:\/\/laisladetabarca.com\/fr\/wp-json\/wp\/v2\/types\/page"}],"author":[{"embeddable":true,"href":"https:\/\/laisladetabarca.com\/fr\/wp-json\/wp\/v2\/users\/1"}],"replies":[{"embeddable":true,"href":"https:\/\/laisladetabarca.com\/fr\/wp-json\/wp\/v2\/comments?post=3904"}],"version-history":[{"count":0,"href":"https:\/\/laisladetabarca.com\/fr\/wp-json\/wp\/v2\/pages\/3904\/revisions"}],"wp:attachment":[{"href":"https:\/\/laisladetabarca.com\/fr\/wp-json\/wp\/v2\/media?parent=3904"}],"curies":[{"name":"wp","href":"https:\/\/api.w.org\/{rel}","templated":true}]}}