{"id":3867,"date":"2022-07-15T07:45:53","date_gmt":"2022-07-15T06:45:53","guid":{"rendered":"https:\/\/laisladetabarca.com\/mentions-legales\/"},"modified":"2025-07-27T19:17:21","modified_gmt":"2025-07-27T19:17:21","slug":"mentions-legales","status":"publish","type":"page","link":"https:\/\/laisladetabarca.com\/fr\/mentions-legales\/","title":{"rendered":"Mentions l\u00e9gales"},"content":{"rendered":"\n<p>Conform\u00e9ment \u00e0 l&rsquo;article 10 de la loi 34\/2002, du 11 juillet, sur les services de la soci\u00e9t\u00e9 de l&rsquo;information et du commerce \u00e9lectronique (LSSICE), les donn\u00e9es d&rsquo;identification de la soci\u00e9t\u00e9 sont fournies ci-dessous.<\/p>\n\n<div id=\"ez-toc-container\" class=\"ez-toc-v2_0_80 counter-hierarchy ez-toc-counter ez-toc-grey ez-toc-container-direction\">\n<div class=\"ez-toc-title-container\">\n<p class=\"ez-toc-title\" style=\"cursor:inherit\">Table of Contents<\/p>\n<span class=\"ez-toc-title-toggle\"><a href=\"#\" class=\"ez-toc-pull-right ez-toc-btn ez-toc-btn-xs ez-toc-btn-default ez-toc-toggle\" aria-label=\"Toggle Table of Content\"><span class=\"ez-toc-js-icon-con\"><span class=\"\"><span class=\"eztoc-hide\" style=\"display:none;\">Toggle<\/span><span class=\"ez-toc-icon-toggle-span\"><svg style=\"fill: #999;color:#999\" xmlns=\"http:\/\/www.w3.org\/2000\/svg\" class=\"list-377408\" width=\"20px\" height=\"20px\" viewBox=\"0 0 24 24\" fill=\"none\"><path d=\"M6 6H4v2h2V6zm14 0H8v2h12V6zM4 11h2v2H4v-2zm16 0H8v2h12v-2zM4 16h2v2H4v-2zm16 0H8v2h12v-2z\" fill=\"currentColor\"><\/path><\/svg><svg style=\"fill: #999;color:#999\" class=\"arrow-unsorted-368013\" xmlns=\"http:\/\/www.w3.org\/2000\/svg\" width=\"10px\" height=\"10px\" viewBox=\"0 0 24 24\" version=\"1.2\" baseProfile=\"tiny\"><path d=\"M18.2 9.3l-6.2-6.3-6.2 6.3c-.2.2-.3.4-.3.7s.1.5.3.7c.2.2.4.3.7.3h11c.3 0 .5-.1.7-.3.2-.2.3-.5.3-.7s-.1-.5-.3-.7zM5.8 14.7l6.2 6.3 6.2-6.3c.2-.2.3-.5.3-.7s-.1-.5-.3-.7c-.2-.2-.4-.3-.7-.3h-11c-.3 0-.5.1-.7.3-.2.2-.3.5-.3.7s.1.5.3.7z\"\/><\/svg><\/span><\/span><\/span><\/a><\/span><\/div>\n<nav><ul class='ez-toc-list ez-toc-list-level-1 ' ><li class='ez-toc-page-1 ez-toc-heading-level-5'><a class=\"ez-toc-link ez-toc-heading-1\" href=\"https:\/\/laisladetabarca.com\/fr\/mentions-legales\/#1_DONNEES_DIDENTIFICATION\" >1. DONN\u00c9ES D&rsquo;IDENTIFICATION<\/a><\/li><li class='ez-toc-page-1 ez-toc-heading-level-5'><a class=\"ez-toc-link ez-toc-heading-2\" href=\"https:\/\/laisladetabarca.com\/fr\/mentions-legales\/#2_UTILISATEURS\" >2. UTILISATEURS<\/a><\/li><li class='ez-toc-page-1 ez-toc-heading-level-5'><a class=\"ez-toc-link ez-toc-heading-3\" href=\"https:\/\/laisladetabarca.com\/fr\/mentions-legales\/#3_UTILISATION_DU_PORTAIL\" >3. UTILISATION DU PORTAIL<\/a><\/li><li class='ez-toc-page-1 ez-toc-heading-level-5'><a class=\"ez-toc-link ez-toc-heading-4\" href=\"https:\/\/laisladetabarca.com\/fr\/mentions-legales\/#4_PROTECTION_DES_DONNEES\" >4. PROTECTION DES DONN\u00c9ES<\/a><\/li><li class='ez-toc-page-1 ez-toc-heading-level-5'><a class=\"ez-toc-link ez-toc-heading-5\" href=\"https:\/\/laisladetabarca.com\/fr\/mentions-legales\/#5_PROPRIETE_INTELLECTUELLE_ET_INDUSTRIELLE\" >5. PROPRI\u00c9T\u00c9 INTELLECTUELLE ET INDUSTRIELLE<\/a><\/li><li class='ez-toc-page-1 ez-toc-heading-level-5'><a class=\"ez-toc-link ez-toc-heading-6\" href=\"https:\/\/laisladetabarca.com\/fr\/mentions-legales\/#6_EXCLUSION_DE_GARANTIES_ET_DE_RESPONSABILITE\" >6. EXCLUSION DE GARANTIES ET DE RESPONSABILIT\u00c9<\/a><\/li><li class='ez-toc-page-1 ez-toc-heading-level-5'><a class=\"ez-toc-link ez-toc-heading-7\" href=\"https:\/\/laisladetabarca.com\/fr\/mentions-legales\/#7_MODIFICATIONS\" >7. MODIFICATIONS<\/a><\/li><li class='ez-toc-page-1 ez-toc-heading-level-5'><a class=\"ez-toc-link ez-toc-heading-8\" href=\"https:\/\/laisladetabarca.com\/fr\/mentions-legales\/#8_LIENS\" >8. LIENS<\/a><\/li><li class='ez-toc-page-1 ez-toc-heading-level-5'><a class=\"ez-toc-link ez-toc-heading-9\" href=\"https:\/\/laisladetabarca.com\/fr\/mentions-legales\/#9_DROIT_DEXCLUSION\" >9. DROIT D&rsquo;EXCLUSION<\/a><\/li><li class='ez-toc-page-1 ez-toc-heading-level-5'><a class=\"ez-toc-link ez-toc-heading-10\" href=\"https:\/\/laisladetabarca.com\/fr\/mentions-legales\/#10_GENERALITES\" >10. G\u00c9N\u00c9RALIT\u00c9S<\/a><\/li><li class='ez-toc-page-1 ez-toc-heading-level-5'><a class=\"ez-toc-link ez-toc-heading-11\" href=\"https:\/\/laisladetabarca.com\/fr\/mentions-legales\/#11_MODIFICATION_DES_PRESENTES_CONDITIONS_ET_DUREE\" >11. MODIFICATION DES PR\u00c9SENTES CONDITIONS ET DUR\u00c9E<\/a><\/li><li class='ez-toc-page-1 ez-toc-heading-level-5'><a class=\"ez-toc-link ez-toc-heading-12\" href=\"https:\/\/laisladetabarca.com\/fr\/mentions-legales\/#12_LEGISLATION_APPLICABLE_ET_JURIDICTION\" >12. L\u00c9GISLATION APPLICABLE ET JURIDICTION<\/a><\/li><\/ul><\/nav><\/div>\n<h5 class=\"wp-block-heading\"><span class=\"ez-toc-section\" id=\"1_DONNEES_DIDENTIFICATION\"><\/span>1. DONN\u00c9ES D&rsquo;IDENTIFICATION<span class=\"ez-toc-section-end\"><\/span><\/h5>\n\n<p>Conform\u00e9ment au devoir d&rsquo;information contenu dans l&rsquo;article 10 de la loi 34\/2002, du 11 juillet, sur les services de la soci\u00e9t\u00e9 de l&rsquo;information et du commerce \u00e9lectronique, il est inform\u00e9 que ce site Web, laisladetabarca.com, est la propri\u00e9t\u00e9 de Marketing e innovaci\u00f3n online, CC, S.L. (ci-apr\u00e8s site Web La Isa de Tabarca) avec <strong>CIF\/NIF<\/strong> : B42624429 et dont le <strong>si\u00e8ge social<\/strong> est situ\u00e9 Avenida de l&rsquo;Alc\u00fadia, 33, 03720 Benissa, Alicante.<\/p>\n\n<p>Courriel : <a href=\"mailto:info@laisladetabarca.com\">info@laisladetabarca.com<\/a><\/p>\n\n<h5 class=\"wp-block-heading\"><span class=\"ez-toc-section\" id=\"2_UTILISATEURS\"><\/span>2. UTILISATEURS<span class=\"ez-toc-section-end\"><\/span><\/h5>\n\n<p>L&rsquo;acc\u00e8s et\/ou l&rsquo;utilisation de ce site web, La Isa de Tabarca, par son cr\u00e9ateur, vous conf\u00e8re le statut d&rsquo;UTILISATEUR, qui, par cet acc\u00e8s et\/ou cette utilisation, accepte les pr\u00e9sentes Conditions G\u00e9n\u00e9rales d&rsquo;Utilisation. Ces Conditions s&rsquo;appliquent ind\u00e9pendamment de toute condition g\u00e9n\u00e9rale contractuelle imp\u00e9rative. <\/p>\n\n<h5 class=\"wp-block-heading\"><span class=\"ez-toc-section\" id=\"3_UTILISATION_DU_PORTAIL\"><\/span>3. UTILISATION DU PORTAIL<span class=\"ez-toc-section-end\"><\/span><\/h5>\n\n<p>Le site web de La Isa de Tabarca donne acc\u00e8s \u00e0 un large \u00e9ventail d&rsquo;informations, de services, de programmes ou de donn\u00e9es (ci-apr\u00e8s \u00ab le contenu \u00bb) sur Internet, appartenant au site web de La Isa de Tabarca, \u00e0 son cr\u00e9ateur ou \u00e0 ses conc\u00e9dants de licence, auxquels l&rsquo;UTILISATEUR peut avoir acc\u00e8s. L&rsquo;UTILISATEUR assume la responsabilit\u00e9 de l&rsquo;utilisation du portail. Cette responsabilit\u00e9 s&rsquo;\u00e9tend \u00e0 toute inscription requise pour acc\u00e9der \u00e0 certains services ou contenus.<br\/>Lors de cette inscription, l&rsquo;UTILISATEUR s&rsquo;engage \u00e0 fournir des informations v\u00e9ridiques et licites. Suite \u00e0 cette inscription, l&rsquo;UTILISATEUR pourra se voir attribuer un mot de passe dont il sera responsable, et il s&rsquo;engage \u00e0 l&rsquo;utiliser avec diligence et confidentialit\u00e9. L&rsquo;UTILISATEUR s&rsquo;engage \u00e0 faire un usage appropri\u00e9 du contenu et des services (tels que les services de chat, les forums de discussion ou les groupes de discussion) propos\u00e9s par le site web de La Isa de Tabarca via son portail et, \u00e0 titre d&rsquo;exemple, mais sans s&rsquo;y limiter, \u00e0 ne pas les utiliser pour (i) se livrer \u00e0 des activit\u00e9s illicites, ill\u00e9gales ou contraires \u00e0 la bonne foi et \u00e0 l&rsquo;ordre public ; (ii) diffuser des contenus ou de la propagande \u00e0 caract\u00e8re raciste, x\u00e9nophobe, pornographique ou ill\u00e9gal, soutenant le terrorisme ou portant atteinte aux droits de l\u2019homme ; (iii) endommager les syst\u00e8mes physiques et logiques du site web de La Isa de Tabarca, de ses fournisseurs ou de tiers, introduire ou propager des virus informatiques ou tout autre syst\u00e8me physique ou logique susceptible de causer les dommages susmentionn\u00e9s ; (iv) tenter d&rsquo;acc\u00e9der et, le cas \u00e9ch\u00e9ant, d&rsquo;utiliser les comptes de messagerie d&rsquo;autres utilisateurs et de modifier ou manipuler leurs messages. Le site web de La Isa de Tabarca se r\u00e9serve le droit de supprimer tout commentaire ou contribution portant atteinte au respect de la dignit\u00e9 humaine, discriminatoire, x\u00e9nophobe, raciste, pornographique, mena\u00e7ant la jeunesse ou l&rsquo;enfance, l&rsquo;ordre public ou la s\u00e9curit\u00e9, ou qui, \u00e0 son avis, ne se pr\u00eate pas \u00e0 la publication. En tout \u00e9tat de cause, le site web de La Isa de Tabarca ne sera pas responsable des opinions exprim\u00e9es par les utilisateurs via les forums, chats ou autres outils de participation.          <\/p>\n\n<h5 class=\"wp-block-heading\"><span class=\"ez-toc-section\" id=\"4_PROTECTION_DES_DONNEES\"><\/span>4. PROTECTION DES DONN\u00c9ES<span class=\"ez-toc-section-end\"><\/span><\/h5>\n\n<p>Le site web de La Isa de Tabarca respecte les directives de la loi organique 15\/1999 du 13 d\u00e9cembre relative \u00e0 la protection des donn\u00e9es personnelles, du d\u00e9cret royal 1720\/2007 du 21 d\u00e9cembre, portant approbation du r\u00e8glement d&rsquo;application de cette loi, ainsi que d&rsquo;autres r\u00e9glementations en vigueur, et garantit l&rsquo;utilisation et le traitement corrects des donn\u00e9es personnelles de l&rsquo;utilisateur. \u00c0 cet effet, chaque formulaire de collecte de donn\u00e9es personnelles, ainsi que les services demand\u00e9s sur le site web de La Isa de Tabarca, informeront l&rsquo;utilisateur de l&rsquo;existence et de l&rsquo;acceptation des conditions sp\u00e9cifiques de traitement de ses donn\u00e9es, l&rsquo;informant du responsable du fichier cr\u00e9\u00e9, de l&rsquo;adresse du responsable, de la possibilit\u00e9 d&rsquo;exercer ses droits d&rsquo;acc\u00e8s, de rectification, d&rsquo;annulation ou d&rsquo;opposition, de la finalit\u00e9 du traitement et de la communication des donn\u00e9es \u00e0 des tiers, le cas \u00e9ch\u00e9ant. De m\u00eame, le site Web La Isa de Tabarca vous informe qu&rsquo;il se conforme \u00e0 la loi 34\/2002 du 11 juillet, sur les services de la soci\u00e9t\u00e9 de l&rsquo;information et du commerce \u00e9lectronique, et demandera votre consentement pour traiter votre adresse e-mail \u00e0 des fins commerciales \u00e0 tout moment.  <\/p>\n\n<h5 class=\"wp-block-heading\"><span class=\"ez-toc-section\" id=\"5_PROPRIETE_INTELLECTUELLE_ET_INDUSTRIELLE\"><\/span>5. PROPRI\u00c9T\u00c9 INTELLECTUELLE ET INDUSTRIELLE<span class=\"ez-toc-section-end\"><\/span><\/h5>\n\n<p>Le site web de La Isa de Tabarca, lui-m\u00eame ou en tant que cessionnaire, est titulaire de tous les droits de propri\u00e9t\u00e9 intellectuelle et industrielle sur son site web, ainsi que sur les \u00e9l\u00e9ments qui y sont contenus (y compris, mais sans s&rsquo;y limiter, les images, le son, l&rsquo;audio, la vid\u00e9o, les logiciels ou les textes ; les marques ou logos, les combinaisons de couleurs, la structure et le design, le choix des mat\u00e9riaux utilis\u00e9s, les programmes informatiques n\u00e9cessaires \u00e0 son fonctionnement, son acc\u00e8s et son utilisation, etc.), propri\u00e9t\u00e9 du site web de La Isa de Tabarca ou de ses conc\u00e9dants. Tous droits r\u00e9serv\u00e9s. Conform\u00e9ment aux dispositions des articles 8 et 32.1, deuxi\u00e8me alin\u00e9a, de la loi sur la propri\u00e9t\u00e9 intellectuelle, la reproduction, la distribution et la communication publique, y compris la mise \u00e0 disposition, de tout ou partie du contenu de ce site web, \u00e0 des fins commerciales, sur tout support et par tout moyen technique, sans l&rsquo;autorisation du site web de La Isa de Tabarca, sont express\u00e9ment interdites. L&rsquo;UTILISATEUR s&rsquo;engage \u00e0 respecter les droits de propri\u00e9t\u00e9 intellectuelle et industrielle d\u00e9tenus par le site web de La Isa de Tabarca. Il peut consulter les \u00e9l\u00e9ments du portail, les imprimer, les copier et les stocker sur le disque dur de son ordinateur ou sur tout autre support physique, \u00e0 condition que ce soit uniquement pour son usage personnel et priv\u00e9. Il doit s&rsquo;abstenir de supprimer, alt\u00e9rer, contourner ou manipuler tout dispositif de protection ou syst\u00e8me de s\u00e9curit\u00e9 install\u00e9 sur les pages du site web de La Isa de Tabarca.     <\/p>\n\n<h5 class=\"wp-block-heading\"><span class=\"ez-toc-section\" id=\"6_EXCLUSION_DE_GARANTIES_ET_DE_RESPONSABILITE\"><\/span>6. EXCLUSION DE GARANTIES ET DE RESPONSABILIT\u00c9<span class=\"ez-toc-section-end\"><\/span><\/h5>\n\n<p>Le site Web de La Isa de Tabarca n&rsquo;est en aucun cas responsable des dommages de toute nature qui pourraient \u00eatre caus\u00e9s, mais sans s&rsquo;y limiter, par des erreurs ou des omissions dans le contenu, le manque de disponibilit\u00e9 du portail ou la transmission de virus ou de programmes malveillants ou nuisibles dans le contenu, malgr\u00e9 l&rsquo;adoption de toutes les mesures technologiques n\u00e9cessaires pour \u00e9viter de tels dommages. <\/p>\n\n<h5 class=\"wp-block-heading\"><span class=\"ez-toc-section\" id=\"7_MODIFICATIONS\"><\/span>7. MODIFICATIONS<span class=\"ez-toc-section-end\"><\/span><\/h5>\n\n<p>Le site web de La Isa de Tabarca se r\u00e9serve le droit d&rsquo;apporter sans pr\u00e9avis les modifications qu&rsquo;il juge appropri\u00e9es \u00e0 son portail. Il peut modifier, supprimer ou ajouter des contenus et services propos\u00e9s sur le site, ainsi que leur pr\u00e9sentation ou leur emplacement.<\/p>\n\n<h5 class=\"wp-block-heading\"><span class=\"ez-toc-section\" id=\"8_LIENS\"><\/span>8. LIENS<span class=\"ez-toc-section-end\"><\/span><\/h5>\n\n<p>Si le nom de domaine contient des liens ou des hyperliens vers d&rsquo;autres sites Internet, le site web de La Isa de Tabarca n&rsquo;exerce aucun contr\u00f4le sur ces sites et leur contenu. En aucun cas, le site web de La Isa de Tabarca n&rsquo;assume la responsabilit\u00e9 du contenu d&rsquo;un lien appartenant \u00e0 un site tiers, ni ne garantit la disponibilit\u00e9 technique, la qualit\u00e9, la fiabilit\u00e9, l&rsquo;exactitude, l&rsquo;exhaustivit\u00e9, la v\u00e9racit\u00e9, la validit\u00e9 ou la constitutionnalit\u00e9 de tout contenu ou information contenu dans ces liens ou autres sites Internet. De m\u00eame, l&rsquo;inclusion de ces liens externes n&rsquo;implique aucune association, fusion ou participation avec les entit\u00e9s connect\u00e9es.  <\/p>\n\n<h5 class=\"wp-block-heading\"><span class=\"ez-toc-section\" id=\"9_DROIT_DEXCLUSION\"><\/span>9. DROIT D&rsquo;EXCLUSION<span class=\"ez-toc-section-end\"><\/span><\/h5>\n\n<p>Le site Web La Isa de Tabarca se r\u00e9serve le droit de refuser ou de retirer l&rsquo;acc\u00e8s au portail et\/ou aux services offerts sans pr\u00e9avis, \u00e0 sa propre demande ou \u00e0 celle d&rsquo;un tiers, aux utilisateurs qui ne respectent pas les pr\u00e9sentes Conditions G\u00e9n\u00e9rales d&rsquo;Utilisation.<\/p>\n\n<h5 class=\"wp-block-heading\"><span class=\"ez-toc-section\" id=\"10_GENERALITES\"><\/span>10. G\u00c9N\u00c9RALIT\u00c9S<span class=\"ez-toc-section-end\"><\/span><\/h5>\n\n<p>Le site Web La Isa de Tabarca poursuivra tout manquement aux pr\u00e9sentes conditions g\u00e9n\u00e9rales, ainsi que toute utilisation abusive de son portail, en exer\u00e7ant toutes les actions civiles et p\u00e9nales qui pourraient lui \u00eatre accessibles en vertu de la loi.<\/p>\n\n<h5 class=\"wp-block-heading\"><span class=\"ez-toc-section\" id=\"11_MODIFICATION_DES_PRESENTES_CONDITIONS_ET_DUREE\"><\/span>11. MODIFICATION DES PR\u00c9SENTES CONDITIONS ET DUR\u00c9E<span class=\"ez-toc-section-end\"><\/span><\/h5>\n\n<p>Le site web de La Isa de Tabarca peut modifier les pr\u00e9sentes conditions \u00e0 tout moment. Ces modifications seront d\u00fbment publi\u00e9es d\u00e8s leur publication. La validit\u00e9 des pr\u00e9sentes conditions d\u00e9pend de leur publication et restera en vigueur jusqu&rsquo;\u00e0 leur modification par d&rsquo;autres conditions d\u00fbment publi\u00e9es. <\/p>\n\n<h5 class=\"wp-block-heading\"><span class=\"ez-toc-section\" id=\"12_LEGISLATION_APPLICABLE_ET_JURIDICTION\"><\/span>12. L\u00c9GISLATION APPLICABLE ET JURIDICTION<span class=\"ez-toc-section-end\"><\/span><\/h5>\n\n<p>La relation entre le site Web La Isa de Tabarca et l&rsquo;UTILISATEUR sera r\u00e9gie par la l\u00e9gislation espagnole en vigueur, et tout litige sera soumis aux Tribunaux de la ville de Valence.<\/p>\n","protected":false},"excerpt":{"rendered":"<p>Conform\u00e9ment \u00e0 l&rsquo;article 10 de la loi 34\/2002, du 11 juillet, sur les services de la soci\u00e9t\u00e9 de l&rsquo;information et du commerce \u00e9lectronique (LSSICE), les donn\u00e9es d&rsquo;identification de la soci\u00e9t\u00e9 sont fournies ci-dessous. 1. DONN\u00c9ES D&rsquo;IDENTIFICATION Conform\u00e9ment au devoir d&rsquo;information contenu dans l&rsquo;article 10 de la loi 34\/2002, du 11 juillet, sur les services de&hellip;<\/p>\n","protected":false},"author":1,"featured_media":0,"parent":0,"menu_order":0,"comment_status":"closed","ping_status":"closed","template":"","meta":{"_joinchat":[],"footnotes":""},"class_list":["post-3867","page","type-page","status-publish","hentry","description-off"],"_links":{"self":[{"href":"https:\/\/laisladetabarca.com\/fr\/wp-json\/wp\/v2\/pages\/3867","targetHints":{"allow":["GET"]}}],"collection":[{"href":"https:\/\/laisladetabarca.com\/fr\/wp-json\/wp\/v2\/pages"}],"about":[{"href":"https:\/\/laisladetabarca.com\/fr\/wp-json\/wp\/v2\/types\/page"}],"author":[{"embeddable":true,"href":"https:\/\/laisladetabarca.com\/fr\/wp-json\/wp\/v2\/users\/1"}],"replies":[{"embeddable":true,"href":"https:\/\/laisladetabarca.com\/fr\/wp-json\/wp\/v2\/comments?post=3867"}],"version-history":[{"count":0,"href":"https:\/\/laisladetabarca.com\/fr\/wp-json\/wp\/v2\/pages\/3867\/revisions"}],"wp:attachment":[{"href":"https:\/\/laisladetabarca.com\/fr\/wp-json\/wp\/v2\/media?parent=3867"}],"curies":[{"name":"wp","href":"https:\/\/api.w.org\/{rel}","templated":true}]}}