{"id":1945,"date":"2022-08-31T13:22:43","date_gmt":"2022-08-31T12:22:43","guid":{"rendered":"https:\/\/laisladetabarca.com\/hotels-a-tabarca\/"},"modified":"2025-10-08T09:16:58","modified_gmt":"2025-10-08T09:16:58","slug":"hotels-a-tabarca","status":"publish","type":"page","link":"https:\/\/laisladetabarca.com\/fr\/hotels-a-tabarca\/","title":{"rendered":"H\u00f4tels \u00e0 Tabarca"},"content":{"rendered":"<div class=\"wpb-content-wrapper\"><p>[vc_row][vc_column]<div id=\"ultimate-heading-882569de5dbe2fc1a\" class=\"uvc-heading ult-adjust-bottom-margin ultimate-heading-882569de5dbe2fc1a uvc-3455 \" data-hspacer=\"no_spacer\"  data-halign=\"left\" style=\"text-align:left\"><div class=\"uvc-heading-spacer no_spacer\" style=\"top\"><\/div><div class=\"uvc-sub-heading ult-responsive\"  data-ultimate-target='.uvc-heading.ultimate-heading-882569de5dbe2fc1a .uvc-sub-heading '  data-responsive-json-new='{\"font-size\":\"\",\"line-height\":\"\"}'  style=\"font-weight:normal;\"><\/p>\n<p style=\"text-align: justify;\"><span style=\"font-weight: 400;\">Si vous avez atteint cette partie du site, c&rsquo;est certainement parce que vous avez d\u00e9j\u00e0 d\u00e9cid\u00e9 de venir \u00e0 Tabarca et, en v\u00e9rit\u00e9, je dois vous f\u00e9liciter, c&rsquo;est la meilleure chose que vous puissiez faire. Venir \u00e0 Tabarca, c&rsquo;est acc\u00e9der \u00e0 un mode de vie insulaire, au c\u0153ur de la M\u00e9diterran\u00e9e et \u00e0 une gastronomie sublime. <\/span><\/p>\n<p style=\"text-align: justify;\"><span style=\"font-weight: 400;\">Si vous cherchez un logement, voici un moteur de recherche qui vous aidera \u00e0 trouver un logement. Comme il s&rsquo;agit d&rsquo;une petite \u00eele, nous n&rsquo;avons pas beaucoup de logements, mais ce que nous avons est tr\u00e8s agr\u00e9able. <\/span><\/p>\n<p><\/div><\/div>[vc_empty_space height=\u00a0\u00bb50px\u00a0\u00bb][vc_raw_html]PGRpdiBkYXRhLXNreXNjYW5uZXItd2lkZ2V0PSJIb3RlbFNlYXJjaFdpZGdldCIgZGF0YS1sb2NhbGU9ImVzLUVTIiBkYXRhLW1hcmtldD0iLmVzIiBkYXRhLWN1cnJlbmN5PSJFVSIgZGF0YS1jYW1wYWlnbi1pZD0iMTM0MTYiIGRhdGEtbWVkaWEtcGFydG5lci1pZD0iMzU5NjUwMCIgZGF0YS1hZC1pZD0iMTEwMzI2MSIgZGF0YS1idXR0b24tY29sb3VyPSIjOTgxMzViIiBkYXRhLWRlc3RpbmF0aW9uLW5hbWU9IlRhYmFyY2EiIGRhdGEtcmVzcG9uc2l2ZT0idHJ1ZSIgZGF0YS1mb250LWNvbG91cj0iIzk4MTM1YiIgZGF0YS1wb3dlcmVkLWJ5LWxvZ28tY29sb3VyPSJkYXJrIiBkYXRhLWlmcmFtZT0idHJ1ZSI+PC9kaXY+CjxzY3JpcHQgc3JjPSJodHRwczovL3dpZGdldHMuc2t5c2Nhbm5lci5uZXQvd2lkZ2V0LXNlcnZlci9qcy9sb2FkZXIuanMiIGFzeW5jPSIiPjwvc2NyaXB0Pg==[\/vc_raw_html][vc_empty_space height=\u00a0\u00bb50px\u00a0\u00bb][\/vc_column][\/vc_row][vc_row][vc_column]<div id=\"ultimate-heading-443369de5dbe2fca1\" class=\"uvc-heading ult-adjust-bottom-margin ultimate-heading-443369de5dbe2fca1 uvc-1028 \" data-hspacer=\"no_spacer\"  data-halign=\"left\" style=\"text-align:left\"><div class=\"uvc-heading-spacer no_spacer\" style=\"top\"><\/div><div class=\"uvc-main-heading ult-responsive\"  data-ultimate-target='.uvc-heading.ultimate-heading-443369de5dbe2fca1 h2'  data-responsive-json-new='{\"font-size\":\"\",\"line-height\":\"\"}' ><div id=\"ez-toc-container\" class=\"ez-toc-v2_0_80 counter-hierarchy ez-toc-counter ez-toc-grey ez-toc-container-direction\">\n<div class=\"ez-toc-title-container\">\n<p class=\"ez-toc-title\" style=\"cursor:inherit\">Table of Contents<\/p>\n<span class=\"ez-toc-title-toggle\"><a href=\"#\" class=\"ez-toc-pull-right ez-toc-btn ez-toc-btn-xs ez-toc-btn-default ez-toc-toggle\" aria-label=\"Toggle Table of Content\"><span class=\"ez-toc-js-icon-con\"><span class=\"\"><span class=\"eztoc-hide\" style=\"display:none;\">Toggle<\/span><span class=\"ez-toc-icon-toggle-span\"><svg style=\"fill: #999;color:#999\" xmlns=\"http:\/\/www.w3.org\/2000\/svg\" class=\"list-377408\" width=\"20px\" height=\"20px\" viewBox=\"0 0 24 24\" fill=\"none\"><path d=\"M6 6H4v2h2V6zm14 0H8v2h12V6zM4 11h2v2H4v-2zm16 0H8v2h12v-2zM4 16h2v2H4v-2zm16 0H8v2h12v-2z\" fill=\"currentColor\"><\/path><\/svg><svg style=\"fill: #999;color:#999\" class=\"arrow-unsorted-368013\" xmlns=\"http:\/\/www.w3.org\/2000\/svg\" width=\"10px\" height=\"10px\" viewBox=\"0 0 24 24\" version=\"1.2\" baseProfile=\"tiny\"><path d=\"M18.2 9.3l-6.2-6.3-6.2 6.3c-.2.2-.3.4-.3.7s.1.5.3.7c.2.2.4.3.7.3h11c.3 0 .5-.1.7-.3.2-.2.3-.5.3-.7s-.1-.5-.3-.7zM5.8 14.7l6.2 6.3 6.2-6.3c.2-.2.3-.5.3-.7s-.1-.5-.3-.7c-.2-.2-.4-.3-.7-.3h-11c-.3 0-.5.1-.7.3-.2.2-.3.5-.3.7s.1.5.3.7z\"\/><\/svg><\/span><\/span><\/span><\/a><\/span><\/div>\n<nav><ul class='ez-toc-list ez-toc-list-level-1 ' ><li class='ez-toc-page-1 ez-toc-heading-level-2'><a class=\"ez-toc-link ez-toc-heading-1\" href=\"https:\/\/laisladetabarca.com\/fr\/hotels-a-tabarca\/#Hotels_a_tabarca_pas_cher\" >H\u00f4tels \u00e0 tabarca pas cher<\/a><\/li><li class='ez-toc-page-1 ez-toc-heading-level-2'><a class=\"ez-toc-link ez-toc-heading-2\" href=\"https:\/\/laisladetabarca.com\/fr\/hotels-a-tabarca\/#Hotels_pour_animaux_de_compagnie_a_Tabarca\" >H\u00f4tels pour animaux de compagnie \u00e0 Tabarca<\/a><\/li><\/ul><\/nav><\/div>\n<h2 style=\"font-weight:normal;\"><span class=\"ez-toc-section\" id=\"Hotels_a_tabarca_pas_cher\"><\/span>H\u00f4tels \u00e0 tabarca pas cher<span class=\"ez-toc-section-end\"><\/span><\/h2><\/div><div class=\"uvc-sub-heading ult-responsive\"  data-ultimate-target='.uvc-heading.ultimate-heading-443369de5dbe2fca1 .uvc-sub-heading '  data-responsive-json-new='{\"font-size\":\"\",\"line-height\":\"\"}'  style=\"font-weight:normal;\"><\/p>\n<p style=\"text-align: justify;\"><span style=\"font-weight: 400;\">Comme je l&rsquo;ai dit dans le paragraphe pr\u00e9c\u00e9dent, Tabarca est une si petite \u00eele qu&rsquo;il n&rsquo;y a pas de grands h\u00f4tels ou centres de vill\u00e9giature. Il y a peu d&rsquo;options sur l&rsquo;\u00eele elle-m\u00eame. Par cons\u00e9quent, si vous cherchez des h\u00f4tels bon march\u00e9 \u00e0 Tabarca, la meilleure option est de chercher un logement \u00e0 Santa Pola, o\u00f9 il y a une grande vari\u00e9t\u00e9 d&rsquo;h\u00f4tels et de logements et donc des prix plus bas. Cependant, une fois de plus, je vous ai fourni le moteur de recherche d&rsquo;h\u00f4tels pour que vous puissiez chercher vous-m\u00eame le logement que vous recherchez.   <\/span><\/p>\n<p><\/div><\/div>[vc_raw_html]PGRpdiBkYXRhLXNreXNjYW5uZXItd2lkZ2V0PSJIb3RlbFNlYXJjaFdpZGdldCIgZGF0YS1sb2NhbGU9ImVzLUVTIiBkYXRhLW1hcmtldD0iLmVzIiBkYXRhLWN1cnJlbmN5PSJFVSIgZGF0YS1jYW1wYWlnbi1pZD0iMTM0MTYiIGRhdGEtbWVkaWEtcGFydG5lci1pZD0iMzU5NjUwMCIgZGF0YS1hZC1pZD0iMTEwMzI2MSIgZGF0YS1idXR0b24tY29sb3VyPSIjOTgxMzViIiBkYXRhLWRlc3RpbmF0aW9uLW5hbWU9IlRhYmFyY2EiIGRhdGEtcmVzcG9uc2l2ZT0idHJ1ZSIgZGF0YS1mb250LWNvbG91cj0iIzk4MTM1YiIgZGF0YS1wb3dlcmVkLWJ5LWxvZ28tY29sb3VyPSJkYXJrIiBkYXRhLWlmcmFtZT0idHJ1ZSI+PC9kaXY+CjxzY3JpcHQgc3JjPSJodHRwczovL3dpZGdldHMuc2t5c2Nhbm5lci5uZXQvd2lkZ2V0LXNlcnZlci9qcy9sb2FkZXIuanMiIGFzeW5jPSIiPjwvc2NyaXB0Pg==[\/vc_raw_html][vc_empty_space height=\u00a0\u00bb50px\u00a0\u00bb]<div id=\"ultimate-heading-683069de5dbe2fd51\" class=\"uvc-heading ult-adjust-bottom-margin ultimate-heading-683069de5dbe2fd51 uvc-2804 \" data-hspacer=\"no_spacer\"  data-halign=\"left\" style=\"text-align:left\"><div class=\"uvc-heading-spacer no_spacer\" style=\"top\"><\/div><div class=\"uvc-main-heading ult-responsive\"  data-ultimate-target='.uvc-heading.ultimate-heading-683069de5dbe2fd51 h2'  data-responsive-json-new='{\"font-size\":\"\",\"line-height\":\"\"}' ><h2 style=\"font-weight:normal;\"><span class=\"ez-toc-section\" id=\"Hotels_pour_animaux_de_compagnie_a_Tabarca\"><\/span>H\u00f4tels pour animaux de compagnie \u00e0 Tabarca<span class=\"ez-toc-section-end\"><\/span><\/h2><\/div><div class=\"uvc-sub-heading ult-responsive\"  data-ultimate-target='.uvc-heading.ultimate-heading-683069de5dbe2fd51 .uvc-sub-heading '  data-responsive-json-new='{\"font-size\":\"\",\"line-height\":\"\"}'  style=\"font-weight:normal;\"><\/p>\n<p style=\"text-align: justify;\"><span style=\"font-weight: 400;\">Il y a de plus en plus d&rsquo;h\u00e9bergements qui acceptent les animaux de compagnie dans leurs installations, qu&rsquo;il s&rsquo;agisse d&rsquo;auberges ou de maisons rurales. Cependant, quel que soit le type d&rsquo;h\u00e9bergement que vous choisissez, il est important de v\u00e9rifier au cas par cas si les animaux sont accept\u00e9s. <\/span><\/p>\n<p><\/div><\/div>[vc_raw_html]PGRpdiBkYXRhLXNreXNjYW5uZXItd2lkZ2V0PSJIb3RlbFNlYXJjaFdpZGdldCIgZGF0YS1sb2NhbGU9ImVzLUVTIiBkYXRhLW1hcmtldD0iLmVzIiBkYXRhLWN1cnJlbmN5PSJFVSIgZGF0YS1jYW1wYWlnbi1pZD0iMTM0MTYiIGRhdGEtbWVkaWEtcGFydG5lci1pZD0iMzU5NjUwMCIgZGF0YS1hZC1pZD0iMTEwMzI2MSIgZGF0YS1idXR0b24tY29sb3VyPSIjOTgxMzViIiBkYXRhLWRlc3RpbmF0aW9uLW5hbWU9IlRhYmFyY2EiIGRhdGEtcmVzcG9uc2l2ZT0idHJ1ZSIgZGF0YS1mb250LWNvbG91cj0iIzk4MTM1YiIgZGF0YS1wb3dlcmVkLWJ5LWxvZ28tY29sb3VyPSJkYXJrIiBkYXRhLWlmcmFtZT0idHJ1ZSI+PC9kaXY+CjxzY3JpcHQgc3JjPSJodHRwczovL3dpZGdldHMuc2t5c2Nhbm5lci5uZXQvd2lkZ2V0LXNlcnZlci9qcy9sb2FkZXIuanMiIGFzeW5jPSIiPjwvc2NyaXB0Pg==[\/vc_raw_html][vc_empty_space height=\u00a0\u00bb50px\u00a0\u00bb][\/vc_column][\/vc_row]<\/p>\n<\/div>","protected":false},"excerpt":{"rendered":"<p>[vc_row][vc_column][vc_empty_space height=\u00a0\u00bb50px\u00a0\u00bb][vc_raw_html]PGRpdiBkYXRhLXNreXNjYW5uZXItd2lkZ2V0PSJIb3RlbFNlYXJjaFdpZGdldCIgZGF0YS1sb2NhbGU9ImVzLUVTIiBkYXRhLW1hcmtldD0iLmVzIiBkYXRhLWN1cnJlbmN5PSJFVSIgZGF0YS1jYW1wYWlnbi1pZD0iMTM0MTYiIGRhdGEtbWVkaWEtcGFydG5lci1pZD0iMzU5NjUwMCIgZGF0YS1hZC1pZD0iMTEwMzI2MSIgZGF0YS1idXR0b24tY29sb3VyPSIjOTgxMzViIiBkYXRhLWRlc3RpbmF0aW9uLW5hbWU9IlRhYmFyY2EiIGRhdGEtcmVzcG9uc2l2ZT0idHJ1ZSIgZGF0YS1mb250LWNvbG91cj0iIzk4MTM1YiIgZGF0YS1wb3dlcmVkLWJ5LWxvZ28tY29sb3VyPSJkYXJrIiBkYXRhLWlmcmFtZT0idHJ1ZSI+PC9kaXY+CjxzY3JpcHQgc3JjPSJodHRwczovL3dpZGdldHMuc2t5c2Nhbm5lci5uZXQvd2lkZ2V0LXNlcnZlci9qcy9sb2FkZXIuanMiIGFzeW5jPSIiPjwvc2NyaXB0Pg==[\/vc_raw_html][vc_empty_space height=\u00a0\u00bb50px\u00a0\u00bb][\/vc_column][\/vc_row][vc_row][vc_column][vc_raw_html]PGRpdiBkYXRhLXNreXNjYW5uZXItd2lkZ2V0PSJIb3RlbFNlYXJjaFdpZGdldCIgZGF0YS1sb2NhbGU9ImVzLUVTIiBkYXRhLW1hcmtldD0iLmVzIiBkYXRhLWN1cnJlbmN5PSJFVSIgZGF0YS1jYW1wYWlnbi1pZD0iMTM0MTYiIGRhdGEtbWVkaWEtcGFydG5lci1pZD0iMzU5NjUwMCIgZGF0YS1hZC1pZD0iMTEwMzI2MSIgZGF0YS1idXR0b24tY29sb3VyPSIjOTgxMzViIiBkYXRhLWRlc3RpbmF0aW9uLW5hbWU9IlRhYmFyY2EiIGRhdGEtcmVzcG9uc2l2ZT0idHJ1ZSIgZGF0YS1mb250LWNvbG91cj0iIzk4MTM1YiIgZGF0YS1wb3dlcmVkLWJ5LWxvZ28tY29sb3VyPSJkYXJrIiBkYXRhLWlmcmFtZT0idHJ1ZSI+PC9kaXY+CjxzY3JpcHQgc3JjPSJodHRwczovL3dpZGdldHMuc2t5c2Nhbm5lci5uZXQvd2lkZ2V0LXNlcnZlci9qcy9sb2FkZXIuanMiIGFzeW5jPSIiPjwvc2NyaXB0Pg==[\/vc_raw_html][vc_empty_space height=\u00a0\u00bb50px\u00a0\u00bb][vc_raw_html]PGRpdiBkYXRhLXNreXNjYW5uZXItd2lkZ2V0PSJIb3RlbFNlYXJjaFdpZGdldCIgZGF0YS1sb2NhbGU9ImVzLUVTIiBkYXRhLW1hcmtldD0iLmVzIiBkYXRhLWN1cnJlbmN5PSJFVSIgZGF0YS1jYW1wYWlnbi1pZD0iMTM0MTYiIGRhdGEtbWVkaWEtcGFydG5lci1pZD0iMzU5NjUwMCIgZGF0YS1hZC1pZD0iMTEwMzI2MSIgZGF0YS1idXR0b24tY29sb3VyPSIjOTgxMzViIiBkYXRhLWRlc3RpbmF0aW9uLW5hbWU9IlRhYmFyY2EiIGRhdGEtcmVzcG9uc2l2ZT0idHJ1ZSIgZGF0YS1mb250LWNvbG91cj0iIzk4MTM1YiIgZGF0YS1wb3dlcmVkLWJ5LWxvZ28tY29sb3VyPSJkYXJrIiBkYXRhLWlmcmFtZT0idHJ1ZSI+PC9kaXY+CjxzY3JpcHQgc3JjPSJodHRwczovL3dpZGdldHMuc2t5c2Nhbm5lci5uZXQvd2lkZ2V0LXNlcnZlci9qcy9sb2FkZXIuanMiIGFzeW5jPSIiPjwvc2NyaXB0Pg==[\/vc_raw_html][vc_empty_space height=\u00a0\u00bb50px\u00a0\u00bb][\/vc_column][\/vc_row]<\/p>\n","protected":false},"author":1,"featured_media":0,"parent":0,"menu_order":0,"comment_status":"closed","ping_status":"closed","template":"","meta":{"_joinchat":[],"footnotes":""},"class_list":["post-1945","page","type-page","status-publish","hentry","description-off"],"_links":{"self":[{"href":"https:\/\/laisladetabarca.com\/fr\/wp-json\/wp\/v2\/pages\/1945","targetHints":{"allow":["GET"]}}],"collection":[{"href":"https:\/\/laisladetabarca.com\/fr\/wp-json\/wp\/v2\/pages"}],"about":[{"href":"https:\/\/laisladetabarca.com\/fr\/wp-json\/wp\/v2\/types\/page"}],"author":[{"embeddable":true,"href":"https:\/\/laisladetabarca.com\/fr\/wp-json\/wp\/v2\/users\/1"}],"replies":[{"embeddable":true,"href":"https:\/\/laisladetabarca.com\/fr\/wp-json\/wp\/v2\/comments?post=1945"}],"version-history":[{"count":0,"href":"https:\/\/laisladetabarca.com\/fr\/wp-json\/wp\/v2\/pages\/1945\/revisions"}],"wp:attachment":[{"href":"https:\/\/laisladetabarca.com\/fr\/wp-json\/wp\/v2\/media?parent=1945"}],"curies":[{"name":"wp","href":"https:\/\/api.w.org\/{rel}","templated":true}]}}