{"id":1928,"date":"2023-10-20T10:29:47","date_gmt":"2023-10-20T09:29:47","guid":{"rendered":"https:\/\/laisladetabarca.com\/tabarca-en-1-jour\/"},"modified":"2025-11-11T23:23:59","modified_gmt":"2025-11-11T23:23:59","slug":"tabarca-en-1-jour","status":"publish","type":"page","link":"https:\/\/laisladetabarca.com\/fr\/tabarca-en-1-jour\/","title":{"rendered":"tabarca en 1 jour"},"content":{"rendered":"<div class=\"wpb-content-wrapper\"><p>[vc_row][vc_column]<div id=\"ultimate-heading-632769f3c33f5b828\" class=\"uvc-heading ult-adjust-bottom-margin ultimate-heading-632769f3c33f5b828 uvc-5885 \" data-hspacer=\"no_spacer\"  data-halign=\"left\" style=\"text-align:left\"><div class=\"uvc-heading-spacer no_spacer\" style=\"top\"><\/div><div class=\"uvc-sub-heading ult-responsive\"  data-ultimate-target='.uvc-heading.ultimate-heading-632769f3c33f5b828 .uvc-sub-heading '  data-responsive-json-new='{\"font-size\":\"\",\"line-height\":\"\"}'  style=\"font-weight:normal;\"><\/p>\n<p style=\"text-align: justify;\">Avez-vous d\u00e9j\u00e0 r\u00eav\u00e9 d&rsquo;explorer une \u00eele qui a \u00e9t\u00e9 un refuge pour les pirates, une terre d&rsquo;accueil pour les expatri\u00e9s et une prison pendant la guerre civile espagnole ? <a href=\"https:\/\/laisladetabarca.com\/fr\/\">Tabarca<\/a> est une telle destination ! Situ\u00e9e au large de la c\u00f4te levantine, cette \u00eele promet non seulement une histoire riche, mais aussi une exp\u00e9rience naturelle incomparable. Dans cet article, je vous guiderai dans une aventure d&rsquo;une journ\u00e9e \u00e0 Tabarca, afin que vous profitiez au maximum de votre s\u00e9jour dans ce paradis.   <\/p>\n<p><\/div><\/div>[vc_empty_space height=\u00a0\u00bb35px\u00a0\u00bb][\/vc_column][\/vc_row][vc_row][vc_column]<div id=\"ultimate-heading-221069f3c33f5b8a1\" class=\"uvc-heading ult-adjust-bottom-margin ultimate-heading-221069f3c33f5b8a1 uvc-1575 \" data-hspacer=\"no_spacer\"  data-halign=\"left\" style=\"text-align:left\"><div class=\"uvc-heading-spacer no_spacer\" style=\"top\"><\/div><div class=\"uvc-main-heading ult-responsive\"  data-ultimate-target='.uvc-heading.ultimate-heading-221069f3c33f5b8a1 h2'  data-responsive-json-new='{\"font-size\":\"\",\"line-height\":\"\"}' ><div id=\"ez-toc-container\" class=\"ez-toc-v2_0_80 counter-hierarchy ez-toc-counter ez-toc-grey ez-toc-container-direction\">\n<div class=\"ez-toc-title-container\">\n<p class=\"ez-toc-title\" style=\"cursor:inherit\">Table of Contents<\/p>\n<span class=\"ez-toc-title-toggle\"><a href=\"#\" class=\"ez-toc-pull-right ez-toc-btn ez-toc-btn-xs ez-toc-btn-default ez-toc-toggle\" aria-label=\"Toggle Table of Content\"><span class=\"ez-toc-js-icon-con\"><span class=\"\"><span class=\"eztoc-hide\" style=\"display:none;\">Toggle<\/span><span class=\"ez-toc-icon-toggle-span\"><svg style=\"fill: #999;color:#999\" xmlns=\"http:\/\/www.w3.org\/2000\/svg\" class=\"list-377408\" width=\"20px\" height=\"20px\" viewBox=\"0 0 24 24\" fill=\"none\"><path d=\"M6 6H4v2h2V6zm14 0H8v2h12V6zM4 11h2v2H4v-2zm16 0H8v2h12v-2zM4 16h2v2H4v-2zm16 0H8v2h12v-2z\" fill=\"currentColor\"><\/path><\/svg><svg style=\"fill: #999;color:#999\" class=\"arrow-unsorted-368013\" xmlns=\"http:\/\/www.w3.org\/2000\/svg\" width=\"10px\" height=\"10px\" viewBox=\"0 0 24 24\" version=\"1.2\" baseProfile=\"tiny\"><path d=\"M18.2 9.3l-6.2-6.3-6.2 6.3c-.2.2-.3.4-.3.7s.1.5.3.7c.2.2.4.3.7.3h11c.3 0 .5-.1.7-.3.2-.2.3-.5.3-.7s-.1-.5-.3-.7zM5.8 14.7l6.2 6.3 6.2-6.3c.2-.2.3-.5.3-.7s-.1-.5-.3-.7c-.2-.2-.4-.3-.7-.3h-11c-.3 0-.5.1-.7.3-.2.2-.3.5-.3.7s.1.5.3.7z\"\/><\/svg><\/span><\/span><\/span><\/a><\/span><\/div>\n<nav><ul class='ez-toc-list ez-toc-list-level-1 ' ><li class='ez-toc-page-1 ez-toc-heading-level-2'><a class=\"ez-toc-link ez-toc-heading-1\" href=\"https:\/\/laisladetabarca.com\/fr\/tabarca-en-1-jour\/#Comment_se_rendre_a_Tabarca\" >Comment se rendre \u00e0 Tabarca<\/a><\/li><li class='ez-toc-page-1 ez-toc-heading-level-2'><a class=\"ez-toc-link ez-toc-heading-2\" href=\"https:\/\/laisladetabarca.com\/fr\/tabarca-en-1-jour\/#Un_apercu_de_lhistoire_de_Tabarca\" >Un aper\u00e7u de l&#039;histoire de Tabarca<\/a><ul class='ez-toc-list-level-3' ><li class='ez-toc-heading-level-3'><a class=\"ez-toc-link ez-toc-heading-3\" href=\"https:\/\/laisladetabarca.com\/fr\/tabarca-en-1-jour\/#Reserve_marine_et_paradis_naturel\" >R\u00e9serve marine et paradis naturel<\/a><\/li><\/ul><\/li><li class='ez-toc-page-1 ez-toc-heading-level-2'><a class=\"ez-toc-link ez-toc-heading-4\" href=\"https:\/\/laisladetabarca.com\/fr\/tabarca-en-1-jour\/#Activites_a_Tabarca\" >Activit\u00e9s \u00e0 Tabarca :<\/a><ul class='ez-toc-list-level-3' ><li class='ez-toc-heading-level-3'><a class=\"ez-toc-link ez-toc-heading-5\" href=\"https:\/\/laisladetabarca.com\/fr\/tabarca-en-1-jour\/#Detente_sur_la_plage\" >D\u00e9tente sur la plage<\/a><\/li><li class='ez-toc-page-1 ez-toc-heading-level-3'><a class=\"ez-toc-link ez-toc-heading-6\" href=\"https:\/\/laisladetabarca.com\/fr\/tabarca-en-1-jour\/#Explorer_le_patrimoine_historique\" >Explorer le patrimoine historique<\/a><\/li><li class='ez-toc-page-1 ez-toc-heading-level-3'><a class=\"ez-toc-link ez-toc-heading-7\" href=\"https:\/\/laisladetabarca.com\/fr\/tabarca-en-1-jour\/#Plongee_avec_masque_et_tuba\" >Plong\u00e9e avec masque et tuba<\/a><\/li><\/ul><\/li><li class='ez-toc-page-1 ez-toc-heading-level-2'><a class=\"ez-toc-link ez-toc-heading-8\" href=\"https:\/\/laisladetabarca.com\/fr\/tabarca-en-1-jour\/#La_gastronomie_de_Tabarca\" >La gastronomie de Tabarca<\/a><\/li><\/ul><\/nav><\/div>\n<h2 style=\"font-weight:normal;\"><span class=\"ez-toc-section\" id=\"Comment_se_rendre_a_Tabarca\"><\/span>Comment se rendre \u00e0 Tabarca<span class=\"ez-toc-section-end\"><\/span><\/h2><\/div><div class=\"uvc-sub-heading ult-responsive\"  data-ultimate-target='.uvc-heading.ultimate-heading-221069f3c33f5b8a1 .uvc-sub-heading '  data-responsive-json-new='{\"font-size\":\"\",\"line-height\":\"\"}'  style=\"font-weight:normal;\"><\/p>\n<p style=\"text-align: justify;\">Pour vous rendre \u00e0 Tabarca, vous pouvez emprunter l&rsquo;une des c\u00e9l\u00e8bres <a href=\"https:\/\/laisladetabarca.com\/fr\/comment-se-rendre-a-tabarca-depuis\/aller-a-tabarca-depuis-alicante\/\">tabarkeras ou bateaux-taxis<\/a> au d\u00e9part d&rsquo;Alicante, de Santa Pola ou de Benidorm. Le trajet depuis Alicante dure environ une heure et co\u00fbte une vingtaine d&rsquo;euros aller-retour. L&rsquo;exp\u00e9rience de la navigation en M\u00e9diterran\u00e9e est, en soi, un agr\u00e9able pr\u00e9lude \u00e0 ce que Tabarca a \u00e0 offrir.  <\/p>\n<p><\/div><\/div>[vc_empty_space][vc_video link=\u00a0\u00bbhttps:\/\/www.youtube.com\/watch?v=GefYnigwZSA\u00a0\u00bb]<div id=\"ultimate-heading-402969f3c33f5b936\" class=\"uvc-heading ult-adjust-bottom-margin ultimate-heading-402969f3c33f5b936 uvc-8200 \" data-hspacer=\"no_spacer\"  data-halign=\"left\" style=\"text-align:left\"><div class=\"uvc-heading-spacer no_spacer\" style=\"top\"><\/div><div class=\"uvc-main-heading ult-responsive\"  data-ultimate-target='.uvc-heading.ultimate-heading-402969f3c33f5b936 h2'  data-responsive-json-new='{\"font-size\":\"\",\"line-height\":\"\"}' ><h2 style=\"font-weight:normal;\"><span class=\"ez-toc-section\" id=\"Un_apercu_de_lhistoire_de_Tabarca\"><\/span>Un aper\u00e7u de l&#039;histoire de Tabarca <span class=\"ez-toc-section-end\"><\/span><\/h2><\/div><div class=\"uvc-sub-heading ult-responsive\"  data-ultimate-target='.uvc-heading.ultimate-heading-402969f3c33f5b936 .uvc-sub-heading '  data-responsive-json-new='{\"font-size\":\"\",\"line-height\":\"\"}'  style=\"font-weight:normal;\"><\/p>\n<p style=\"text-align: justify;\">Tabarca a une histoire fascinante. Elle a \u00e9t\u00e9 colonis\u00e9e par le roi Charles III au XVIIIe si\u00e8cle, qui a sauv\u00e9 des familles de p\u00eacheurs g\u00e9nois et les a install\u00e9es dans ce qui s&rsquo;appelait alors Nueva Tabarca. Aujourd&rsquo;hui, l&rsquo;\u00eele est un t\u00e9moignage vivant de son pass\u00e9, avec moins de 60 r\u00e9sidents permanents.  <\/p>\n<p><\/div><\/div>[vc_empty_space height=\u00a0\u00bb35px\u00a0\u00bb]<div id=\"ultimate-heading-570869f3c33f5b9b5\" class=\"uvc-heading ult-adjust-bottom-margin ultimate-heading-570869f3c33f5b9b5 uvc-5371 \" data-hspacer=\"no_spacer\"  data-halign=\"left\" style=\"text-align:left\"><div class=\"uvc-heading-spacer no_spacer\" style=\"top\"><\/div><div class=\"uvc-main-heading ult-responsive\"  data-ultimate-target='.uvc-heading.ultimate-heading-570869f3c33f5b9b5 h3'  data-responsive-json-new='{\"font-size\":\"\",\"line-height\":\"\"}' ><h3 style=\"font-weight:normal;\"><span class=\"ez-toc-section\" id=\"Reserve_marine_et_paradis_naturel\"><\/span>R\u00e9serve marine et paradis naturel<span class=\"ez-toc-section-end\"><\/span><\/h3><\/div><div class=\"uvc-sub-heading ult-responsive\"  data-ultimate-target='.uvc-heading.ultimate-heading-570869f3c33f5b9b5 .uvc-sub-heading '  data-responsive-json-new='{\"font-size\":\"\",\"line-height\":\"\"}'  style=\"font-weight:normal;\"><\/p>\n<p style=\"text-align: justify;\">Tabarca a \u00e9t\u00e9 la premi\u00e8re r\u00e9serve marine d\u00e9clar\u00e9e en Espagne, reconnue pour la qualit\u00e9 de ses eaux transparentes et sa riche biodiversit\u00e9 marine. C&rsquo;est un endroit id\u00e9al pour les amoureux de la nature et de la photographie sous-marine. <\/p>\n<p> L&rsquo;\u00eele est \u00e9galement une zone prot\u00e9g\u00e9e sp\u00e9ciale pour les oiseaux, d\u00e9sign\u00e9e par l&rsquo;Union europ\u00e9enne. Vous pouvez y observer et \u00e9couter les oiseaux marins dans leur habitat naturel, un vrai plaisir pour les ornithologues.<\/div><\/div>[vc_single_image image=\u00a0\u00bb322&Prime; img_size=\u00a0\u00bbfull\u00a0\u00bb alignment=\u00a0\u00bbcenter\u00a0\u00bb][\/vc_column][\/vc_row][vc_row][vc_column][vc_empty_space height=\u00a0\u00bb50px\u00a0\u00bb]<div id=\"ultimate-heading-656369f3c33f5ba3e\" class=\"uvc-heading ult-adjust-bottom-margin ultimate-heading-656369f3c33f5ba3e uvc-920 \" data-hspacer=\"no_spacer\"  data-halign=\"left\" style=\"text-align:left\"><div class=\"uvc-heading-spacer no_spacer\" style=\"top\"><\/div><div class=\"uvc-main-heading ult-responsive\"  data-ultimate-target='.uvc-heading.ultimate-heading-656369f3c33f5ba3e h2'  data-responsive-json-new='{\"font-size\":\"\",\"line-height\":\"\"}' ><h2 style=\"font-weight:normal;\"><span class=\"ez-toc-section\" id=\"Activites_a_Tabarca\"><\/span>Activit\u00e9s \u00e0 Tabarca :<span class=\"ez-toc-section-end\"><\/span><\/h2><\/div><div class=\"uvc-sub-heading ult-responsive\"  data-ultimate-target='.uvc-heading.ultimate-heading-656369f3c33f5ba3e .uvc-sub-heading '  data-responsive-json-new='{\"font-size\":\"\",\"line-height\":\"\"}'  style=\"font-weight:normal;\"><\/p>\n<h3 style=\"text-align: justify;\"><span class=\"ez-toc-section\" id=\"Detente_sur_la_plage\"><\/span><em>D\u00e9tente sur la plage<\/em><span class=\"ez-toc-section-end\"><\/span><\/h3>\n<p> Si vous cherchez un endroit pour vous d\u00e9tendre, les plages de Tabarca sont parfaites. Vous pouvez bronzer sur la plage principale ou explorer les criques tranquilles qui entourent l&rsquo;\u00eele.  &nbsp;<\/p>\n<h3><span class=\"ez-toc-section\" id=\"Explorer_le_patrimoine_historique\"><\/span><em>Explorer le patrimoine historique <\/em><span class=\"ez-toc-section-end\"><\/span><\/h3>\n<p> Ne manquez pas de vous promener dans la ville et d&rsquo;admirer les murs et les b\u00e2timents historiques. Tabarca a \u00e9t\u00e9 d\u00e9clar\u00e9e site historico-artistique en 1964, et chaque coin de l&rsquo;\u00eele raconte une histoire.  &nbsp;<\/p>\n<h3><span class=\"ez-toc-section\" id=\"Plongee_avec_masque_et_tuba\"><\/span><em>Plong\u00e9e avec masque et tuba <\/em><span class=\"ez-toc-section-end\"><\/span><\/h3>\n<p> Pour les aventuriers, la plong\u00e9e avec <a href=\"https:\/\/laisladetabarca.com\/fr\/activites-sur-lile-de-tabarca\/tuba\/\">masque et tuba<\/a> et la <a href=\"https:\/\/laisladetabarca.com\/fr\/activites-sur-lile-de-tabarca\/plongee\/\">plong\u00e9e sous-marine <\/a>sont des activit\u00e9s incontournables \u00e0 Tabarca. Les meilleurs endroits sont la paroi nord, la crique de Cala del Franc\u00e9s et la grotte de Llop Mari.<\/div><\/div>[vc_empty_space height=\u00a0\u00bb50px\u00a0\u00bb]<div id=\"ultimate-heading-511969f3c33f5bab0\" class=\"uvc-heading ult-adjust-bottom-margin ultimate-heading-511969f3c33f5bab0 uvc-2556 \" data-hspacer=\"no_spacer\"  data-halign=\"left\" style=\"text-align:left\"><div class=\"uvc-heading-spacer no_spacer\" style=\"top\"><\/div><div class=\"uvc-main-heading ult-responsive\"  data-ultimate-target='.uvc-heading.ultimate-heading-511969f3c33f5bab0 h2'  data-responsive-json-new='{\"font-size\":\"\",\"line-height\":\"\"}' ><h2 style=\"font-weight:normal;\"><span class=\"ez-toc-section\" id=\"La_gastronomie_de_Tabarca\"><\/span>La gastronomie de Tabarca <span class=\"ez-toc-section-end\"><\/span><\/h2><\/div><div class=\"uvc-sub-heading ult-responsive\"  data-ultimate-target='.uvc-heading.ultimate-heading-511969f3c33f5bab0 .uvc-sub-heading '  data-responsive-json-new='{\"font-size\":\"\",\"line-height\":\"\"}'  style=\"font-weight:normal;\">Vous ne pouvez pas quitter Tabarca sans avoir go\u00fbt\u00e9 au c\u00e9l\u00e8bre caldero tabarquino, un plat traditionnel que les p\u00eacheurs pr\u00e9paraient \u00e0 bord de leurs bateaux. Et pour le dessert, d\u00e9gustez une d\u00e9licieuse glace au nougat de Xixona.<\/div><\/div>[vc_empty_space height=\u00a0\u00bb30px\u00a0\u00bb][vc_column_text]Tabarca est une destination qui allie histoire, nature et gastronomie. Que vous recherchiez la d\u00e9tente, l&rsquo;aventure ou un voyage culturel, Tabarca a tout pour vous plaire. N&rsquo;oubliez pas de v\u00e9rifier les horaires des bateaux pour \u00e9viter de rester bloqu\u00e9 dans ce magnifique paradis. Explorez Tabarca le temps d&rsquo;une journ\u00e9e et emportez avec vous des souvenirs inoubliables ![\/vc_column_text][\/vc_column][\/vc_row]<\/p>\n<\/div>","protected":false},"excerpt":{"rendered":"<p>[vc_row][vc_column][vc_empty_space height=\u00a0\u00bb35px\u00a0\u00bb][\/vc_column][\/vc_row][vc_row][vc_column][vc_empty_space][vc_video link=\u00a0\u00bbhttps:\/\/www.youtube.com\/watch?v=GefYnigwZSA\u00a0\u00bb][vc_empty_space height=\u00a0\u00bb35px\u00a0\u00bb][vc_single_image image=\u00a0\u00bb322&Prime; img_size=\u00a0\u00bbfull\u00a0\u00bb alignment=\u00a0\u00bbcenter\u00a0\u00bb][\/vc_column][\/vc_row][vc_row][vc_column][vc_empty_space height=\u00a0\u00bb50px\u00a0\u00bb][vc_empty_space height=\u00a0\u00bb50px\u00a0\u00bb][vc_empty_space height=\u00a0\u00bb30px\u00a0\u00bb][vc_column_text]Tabarca est une destination qui allie histoire, nature et gastronomie. Que vous recherchiez la d\u00e9tente, l&rsquo;aventure ou un voyage culturel, Tabarca a tout pour vous plaire. N&rsquo;oubliez pas de v\u00e9rifier les horaires des bateaux pour \u00e9viter de rester bloqu\u00e9 dans ce magnifique paradis. Explorez Tabarca le&hellip;<\/p>\n","protected":false},"author":1,"featured_media":0,"parent":0,"menu_order":0,"comment_status":"closed","ping_status":"closed","template":"","meta":{"_joinchat":[],"footnotes":""},"class_list":["post-1928","page","type-page","status-publish","hentry","description-off"],"_links":{"self":[{"href":"https:\/\/laisladetabarca.com\/fr\/wp-json\/wp\/v2\/pages\/1928","targetHints":{"allow":["GET"]}}],"collection":[{"href":"https:\/\/laisladetabarca.com\/fr\/wp-json\/wp\/v2\/pages"}],"about":[{"href":"https:\/\/laisladetabarca.com\/fr\/wp-json\/wp\/v2\/types\/page"}],"author":[{"embeddable":true,"href":"https:\/\/laisladetabarca.com\/fr\/wp-json\/wp\/v2\/users\/1"}],"replies":[{"embeddable":true,"href":"https:\/\/laisladetabarca.com\/fr\/wp-json\/wp\/v2\/comments?post=1928"}],"version-history":[{"count":0,"href":"https:\/\/laisladetabarca.com\/fr\/wp-json\/wp\/v2\/pages\/1928\/revisions"}],"wp:attachment":[{"href":"https:\/\/laisladetabarca.com\/fr\/wp-json\/wp\/v2\/media?parent=1928"}],"curies":[{"name":"wp","href":"https:\/\/api.w.org\/{rel}","templated":true}]}}