{"id":1925,"date":"2024-02-26T13:21:57","date_gmt":"2024-02-26T12:21:57","guid":{"rendered":"https:\/\/laisladetabarca.com\/dossier-de-presse-pour-lile-de-tabarca\/"},"modified":"2025-12-28T12:45:53","modified_gmt":"2025-12-28T12:45:53","slug":"dossier-de-presse-pour-lile-de-tabarca","status":"publish","type":"page","link":"https:\/\/laisladetabarca.com\/fr\/dossier-de-presse-pour-lile-de-tabarca\/","title":{"rendered":"Dossier de presse pour l&rsquo;\u00eele de Tabarca"},"content":{"rendered":"<div class=\"wpb-content-wrapper\"><p>[vc_row][vc_column]<div id=\"ultimate-heading-939369de5bc334342\" class=\"uvc-heading ult-adjust-bottom-margin ultimate-heading-939369de5bc334342 uvc-9664 \" data-hspacer=\"no_spacer\"  data-halign=\"center\" style=\"text-align:center\"><div class=\"uvc-heading-spacer no_spacer\" style=\"top\"><\/div><\/div>[vc_column_text]Le site \u00ab laisladetabarca.com \u00bb re\u00e7oit tout au long de l&rsquo;ann\u00e9e des milliers de visites. En fait, nous occupons la premi\u00e8re page pour la recherche de \u00ab La Isla de <a href=\"https:\/\/laisladetabarca.com\/fr\/\">Tabarca<\/a> \u00bb et les premi\u00e8res positions pour les activit\u00e9s qui se d\u00e9roulent \u00e0 Tabarca, avec un volume de recherche de 15 000 en basse saison et jusqu&rsquo;\u00e0 32 000 en haute saison.<\/p>\n<p>C&rsquo;est pourquoi nous voulons que vous profitiez de nos chiffres et de nos graphiques et nous vous offrons, \u00e0 vous et \u00e0 votre entreprise, des emplacements dans les parties les plus significatives du web. Voulez-vous appara\u00eetre dans l&rsquo;une de nos banni\u00e8res ? Voulez-vous offrir l&rsquo;un de vos services touristiques en rapport avec l&rsquo;\u00eele de Tabarca ? Si ce que vous recherchez, c&rsquo;est qu&rsquo;ils atteignent votre site web, depuis le blog nous pouvons obtenir plus d&rsquo;utilisateurs avec l&rsquo;aide de liens. Contactez-nous ?[\/vc_column_text][\/vc_column][\/vc_row][vc_row][vc_column][vc_empty_space height=\u00a0\u00bb100px\u00a0\u00bb][\/vc_column][\/vc_row][vc_row][vc_column width=\u00a0\u00bb1\/4&Prime;][\/vc_column][vc_column width=\u00a0\u00bb1\/2&Prime; css=\u00a0\u00bb.vc_custom_1708950089708{background-color: #98135b !important;}\u00a0\u00bb]<div id=\"ultimate-heading-100169de5bc3343c5\" class=\"uvc-heading ult-adjust-bottom-margin ultimate-heading-100169de5bc3343c5 uvc-1040 \" data-hspacer=\"no_spacer\"  data-halign=\"center\" style=\"text-align:center\"><div class=\"uvc-heading-spacer no_spacer\" style=\"top\"><\/div><div class=\"uvc-main-heading ult-responsive\"  data-ultimate-target='.uvc-heading.ultimate-heading-100169de5bc3343c5 h3'  data-responsive-json-new='{\"font-size\":\"\",\"line-height\":\"\"}' ><h3 style=\"font-weight:normal;color:#ffffff;\">Formulaire de contact<\/h3><\/div><\/div>\n<div class=\"wpcf7 no-js\" id=\"wpcf7-f968-o1\" lang=\"es-ES\" dir=\"ltr\" data-wpcf7-id=\"968\">\n<div class=\"screen-reader-response\"><p role=\"status\" aria-live=\"polite\" aria-atomic=\"true\"><\/p> <ul><\/ul><\/div>\n<form action=\"\/fr\/wp-json\/wp\/v2\/pages\/1925#wpcf7-f968-o1\" method=\"post\" class=\"wpcf7-form init\" aria-label=\"Formulario de contacto\" novalidate=\"novalidate\" data-status=\"init\">\n<fieldset class=\"hidden-fields-container\"><input type=\"hidden\" name=\"_wpcf7\" value=\"968\" \/><input type=\"hidden\" name=\"_wpcf7_version\" value=\"6.1.5\" \/><input type=\"hidden\" name=\"_wpcf7_locale\" value=\"es_ES\" \/><input type=\"hidden\" name=\"_wpcf7_unit_tag\" value=\"wpcf7-f968-o1\" \/><input type=\"hidden\" name=\"_wpcf7_container_post\" value=\"0\" \/><input type=\"hidden\" name=\"_wpcf7_posted_data_hash\" value=\"\" \/>\n<\/fieldset>\n<font color=#ffffff>\n\t<p> Tu nombre<br \/>\n<span class=\"wpcf7-form-control-wrap\" data-name=\"your-name\"><input size=\"40\" maxlength=\"400\" class=\"wpcf7-form-control wpcf7-text wpcf7-validates-as-required\" aria-required=\"true\" aria-invalid=\"false\" value=\"\" type=\"text\" name=\"your-name\" \/><\/span>\n\t<\/p>\n\t<p> Tu correo electr\u00f3nico<br \/>\n<span class=\"wpcf7-form-control-wrap\" data-name=\"your-email\"><input size=\"40\" maxlength=\"400\" class=\"wpcf7-form-control wpcf7-email wpcf7-validates-as-required wpcf7-text wpcf7-validates-as-email\" aria-required=\"true\" aria-invalid=\"false\" value=\"\" type=\"email\" name=\"your-email\" \/><\/span>\n\t<\/p>\n\t<p> Nombre empresa<br \/>\n<span class=\"wpcf7-form-control-wrap\" data-name=\"your-company\"><input size=\"40\" maxlength=\"400\" class=\"wpcf7-form-control wpcf7-text wpcf7-validates-as-required\" aria-required=\"true\" aria-invalid=\"false\" value=\"\" type=\"text\" name=\"your-company\" \/><\/span>\n\t<\/p>\n\t<p><span class=\"wpcf7-form-control-wrap\" data-name=\"radio-258\"><span class=\"wpcf7-form-control wpcf7-radio\"><span class=\"wpcf7-list-item first\"><label><input type=\"radio\" name=\"radio-258\" value=\"Enlace\" checked=\"checked\" \/><span class=\"wpcf7-list-item-label\">Enlace<\/span><\/label><\/span><span class=\"wpcf7-list-item\"><label><input type=\"radio\" name=\"radio-258\" value=\"Banner\" \/><span class=\"wpcf7-list-item-label\">Banner<\/span><\/label><\/span><span class=\"wpcf7-list-item\"><label><input type=\"radio\" name=\"radio-258\" value=\"Vender actividades\" \/><span class=\"wpcf7-list-item-label\">Vender actividades<\/span><\/label><\/span><span class=\"wpcf7-list-item last\"><label><input type=\"radio\" name=\"radio-258\" value=\"Otros\" \/><span class=\"wpcf7-list-item-label\">Otros<\/span><\/label><\/span><\/span><\/span>\n\t<\/p>\n\t<p> Tu mensaje (opcional)<br \/>\n<span class=\"wpcf7-form-control-wrap\" data-name=\"your-message\"><textarea cols=\"40\" rows=\"10\" maxlength=\"2000\" class=\"wpcf7-form-control wpcf7-textarea\" aria-invalid=\"false\" name=\"your-message\"><\/textarea><\/span>\n\t<\/p>\n<\/font>\n<body style=\"background-color:#FFFFFF\";>\n\t<p><input class=\"wpcf7-form-control wpcf7-submit has-spinner\" type=\"submit\" value=\"Enviar\" \/>\n\t<\/p>\n<\/body><div class=\"wpcf7-response-output\" aria-hidden=\"true\"><\/div>\n<\/form>\n<\/div>\n[\/vc_column][vc_column width=\u00a0\u00bb1\/4&Prime;][\/vc_column][\/vc_row][vc_row][vc_column][vc_empty_space height=\u00a0\u00bb50px\u00a0\u00bb][\/vc_column][\/vc_row]<\/p>\n<\/div>","protected":false},"excerpt":{"rendered":"<p>[vc_row][vc_column][vc_column_text]Le site \u00ab laisladetabarca.com \u00bb re\u00e7oit tout au long de l&rsquo;ann\u00e9e des milliers de visites. En fait, nous occupons la premi\u00e8re page pour la recherche de \u00ab La Isla de Tabarca \u00bb et les premi\u00e8res positions pour les activit\u00e9s qui se d\u00e9roulent \u00e0 Tabarca, avec un volume de recherche de 15 000 en basse saison&hellip;<\/p>\n","protected":false},"author":1,"featured_media":0,"parent":0,"menu_order":0,"comment_status":"closed","ping_status":"closed","template":"","meta":{"_joinchat":[],"footnotes":""},"class_list":["post-1925","page","type-page","status-publish","hentry","description-off"],"_links":{"self":[{"href":"https:\/\/laisladetabarca.com\/fr\/wp-json\/wp\/v2\/pages\/1925","targetHints":{"allow":["GET"]}}],"collection":[{"href":"https:\/\/laisladetabarca.com\/fr\/wp-json\/wp\/v2\/pages"}],"about":[{"href":"https:\/\/laisladetabarca.com\/fr\/wp-json\/wp\/v2\/types\/page"}],"author":[{"embeddable":true,"href":"https:\/\/laisladetabarca.com\/fr\/wp-json\/wp\/v2\/users\/1"}],"replies":[{"embeddable":true,"href":"https:\/\/laisladetabarca.com\/fr\/wp-json\/wp\/v2\/comments?post=1925"}],"version-history":[{"count":0,"href":"https:\/\/laisladetabarca.com\/fr\/wp-json\/wp\/v2\/pages\/1925\/revisions"}],"wp:attachment":[{"href":"https:\/\/laisladetabarca.com\/fr\/wp-json\/wp\/v2\/media?parent=1925"}],"curies":[{"name":"wp","href":"https:\/\/api.w.org\/{rel}","templated":true}]}}