{"id":1883,"date":"2022-08-19T10:38:19","date_gmt":"2022-08-19T09:38:19","guid":{"rendered":"https:\/\/laisladetabarca.com\/comment-se-rendre-a-tabarca-depuis\/aller-a-tabarca-depuis-alicante\/"},"modified":"2026-01-29T18:20:25","modified_gmt":"2026-01-29T17:20:25","slug":"aller-a-tabarca-depuis-alicante","status":"publish","type":"page","link":"https:\/\/laisladetabarca.com\/fr\/comment-se-rendre-a-tabarca-depuis\/aller-a-tabarca-depuis-alicante\/","title":{"rendered":"Aller \u00e0 Tabarca depuis Alicante"},"content":{"rendered":"<div class=\"wpb-content-wrapper\"><p>[vc_row][vc_column]<div id=\"ultimate-heading-78369de5e8e43915\" class=\"uvc-heading ult-adjust-bottom-margin ultimate-heading-78369de5e8e43915 uvc-391 \" data-hspacer=\"no_spacer\"  data-halign=\"left\" style=\"text-align:left\"><div class=\"uvc-heading-spacer no_spacer\" style=\"top\"><\/div><div class=\"uvc-sub-heading ult-responsive\"  data-ultimate-target='.uvc-heading.ultimate-heading-78369de5e8e43915 .uvc-sub-heading '  data-responsive-json-new='{\"font-size\":\"\",\"line-height\":\"\"}'  style=\"font-weight:normal;\"><\/p>\n<p style=\"text-align: justify;\"><span style=\"font-weight: 400;\">Plusieurs options s&rsquo;offrent \u00e0 vous pour vous rendre \u00e0 Tabarca et l&rsquo;une des plus connues est de vous rendre \u00e0 Tabarca depuis la ville d&rsquo;Alicante. Il faut savoir que Tabarca est une \u00eele et qu&rsquo;on ne peut donc y acc\u00e9der que par la mer. Par cons\u00e9quent, la seule option est de prendre le ferry d&rsquo;Alicante \u00e0 Tabarca.   <\/span><\/p>\n<p><\/div><\/div>[vc_empty_space height=\u00a0\u00bb35px\u00a0\u00bb][\/vc_column][\/vc_row][vc_row][vc_column]<div id=\"ultimate-heading-864769de5e8e43984\" class=\"uvc-heading ult-adjust-bottom-margin ultimate-heading-864769de5e8e43984 uvc-908 \" data-hspacer=\"no_spacer\"  data-halign=\"left\" style=\"text-align:left\"><div class=\"uvc-heading-spacer no_spacer\" style=\"top\"><\/div><div class=\"uvc-main-heading ult-responsive\"  data-ultimate-target='.uvc-heading.ultimate-heading-864769de5e8e43984 h2'  data-responsive-json-new='{\"font-size\":\"\",\"line-height\":\"\"}' ><div id=\"ez-toc-container\" class=\"ez-toc-v2_0_80 counter-hierarchy ez-toc-counter ez-toc-grey ez-toc-container-direction\">\n<div class=\"ez-toc-title-container\">\n<p class=\"ez-toc-title\" style=\"cursor:inherit\">Table of Contents<\/p>\n<span class=\"ez-toc-title-toggle\"><a href=\"#\" class=\"ez-toc-pull-right ez-toc-btn ez-toc-btn-xs ez-toc-btn-default ez-toc-toggle\" aria-label=\"Toggle Table of Content\"><span class=\"ez-toc-js-icon-con\"><span class=\"\"><span class=\"eztoc-hide\" style=\"display:none;\">Toggle<\/span><span class=\"ez-toc-icon-toggle-span\"><svg style=\"fill: #999;color:#999\" xmlns=\"http:\/\/www.w3.org\/2000\/svg\" class=\"list-377408\" width=\"20px\" height=\"20px\" viewBox=\"0 0 24 24\" fill=\"none\"><path d=\"M6 6H4v2h2V6zm14 0H8v2h12V6zM4 11h2v2H4v-2zm16 0H8v2h12v-2zM4 16h2v2H4v-2zm16 0H8v2h12v-2z\" fill=\"currentColor\"><\/path><\/svg><svg style=\"fill: #999;color:#999\" class=\"arrow-unsorted-368013\" xmlns=\"http:\/\/www.w3.org\/2000\/svg\" width=\"10px\" height=\"10px\" viewBox=\"0 0 24 24\" version=\"1.2\" baseProfile=\"tiny\"><path d=\"M18.2 9.3l-6.2-6.3-6.2 6.3c-.2.2-.3.4-.3.7s.1.5.3.7c.2.2.4.3.7.3h11c.3 0 .5-.1.7-.3.2-.2.3-.5.3-.7s-.1-.5-.3-.7zM5.8 14.7l6.2 6.3 6.2-6.3c.2-.2.3-.5.3-.7s-.1-.5-.3-.7c-.2-.2-.4-.3-.7-.3h-11c-.3 0-.5.1-.7.3-.2.2-.3.5-.3.7s.1.5.3.7z\"\/><\/svg><\/span><\/span><\/span><\/a><\/span><\/div>\n<nav><ul class='ez-toc-list ez-toc-list-level-1 ' ><li class='ez-toc-page-1 ez-toc-heading-level-2'><a class=\"ez-toc-link ez-toc-heading-1\" href=\"https:\/\/laisladetabarca.com\/fr\/comment-se-rendre-a-tabarca-depuis\/aller-a-tabarca-depuis-alicante\/#Se_rendre_a_Tabarca_en_voiture_depuis_Alicante\" >Se rendre \u00e0 Tabarca en voiture depuis Alicante.<\/a><\/li><li class='ez-toc-page-1 ez-toc-heading-level-2'><a class=\"ez-toc-link ez-toc-heading-2\" href=\"https:\/\/laisladetabarca.com\/fr\/comment-se-rendre-a-tabarca-depuis\/aller-a-tabarca-depuis-alicante\/#Se_rendre_a_Tabarca_en_bateau_depuis_Alicante\" >Se rendre \u00e0 Tabarca en bateau depuis Alicante<\/a><\/li><li class='ez-toc-page-1 ez-toc-heading-level-2'><a class=\"ez-toc-link ez-toc-heading-3\" href=\"https:\/\/laisladetabarca.com\/fr\/comment-se-rendre-a-tabarca-depuis\/aller-a-tabarca-depuis-alicante\/#Se_rendre_a_Tabarca_par_les_transports_publics\" >Se rendre \u00e0 Tabarca par les transports publics<\/a><ul class='ez-toc-list-level-3' ><li class='ez-toc-heading-level-3'><a class=\"ez-toc-link ez-toc-heading-4\" href=\"https:\/\/laisladetabarca.com\/fr\/comment-se-rendre-a-tabarca-depuis\/aller-a-tabarca-depuis-alicante\/#Tabarca_depuis_dautres_destinations\" >Tabarca depuis d&#039;autres destinations :<\/a><\/li><\/ul><\/li><\/ul><\/nav><\/div>\n<h2 style=\"font-weight:normal;\"><span class=\"ez-toc-section\" id=\"Se_rendre_a_Tabarca_en_voiture_depuis_Alicante\"><\/span>Se rendre \u00e0 Tabarca en voiture depuis Alicante.<span class=\"ez-toc-section-end\"><\/span><\/h2><\/div><div class=\"uvc-sub-heading ult-responsive\"  data-ultimate-target='.uvc-heading.ultimate-heading-864769de5e8e43984 .uvc-sub-heading '  data-responsive-json-new='{\"font-size\":\"\",\"line-height\":\"\"}'  style=\"font-weight:normal;\"><span style=\"font-weight: 400;\">Si vous vous demandez si vous pouvez vous rendre \u00e0 Tabarca en voiture depuis Alicante, je dois vous dire que non, car Tabarca est une petite \u00eele qui n&rsquo;accepte ni les voitures ni les motos, et il n&rsquo;y a donc pas de bateau o\u00f9 vous pouvez embarquer votre voiture. La seule option est d&rsquo;aller au port d&rsquo;Alicante et de prendre le ferry qui vous emm\u00e8ne directement \u00e0 Tabarca depuis Alicante. <\/span><\/p>\n<p><span style=\"font-weight: 400;\">De plus, si vous voulez profiter \u00e0 100% de Tabarca, l&rsquo;excursion que je vous recommande ci-dessous est la meilleure option, car elle vous d\u00e9voilera tous les secrets qui entourent la c\u00e9l\u00e8bre \u00eele de Tabarca.<\/span><\/div><\/div>[vc_empty_space][vc_raw_html]PGRpdiBzdHlsZT0idGV4dC1hbGlnbjpjZW50ZXI7Ij48c2NyaXB0PmZ1bmN0aW9uIGxvYWRTY3JpcHQodXJsLCBjYWxsYmFjayl7dmFyIHNjcmlwdD1kb2N1bWVudC5jcmVhdGVFbGVtZW50KCdzY3JpcHQnKTsgc2NyaXB0LnR5cGU9J3RleHQvamF2YXNjcmlwdCc7IGlmIChzY3JpcHQucmVhZHlTdGF0ZSl7c2NyaXB0Lm9ucmVhZHlzdGF0ZWNoYW5nZT1mdW5jdGlvbigpe2lmIChzY3JpcHQucmVhZHlTdGF0ZT09J2xvYWRlZCcgfHwgc2NyaXB0LnJlYWR5U3RhdGU9PSdjb21wbGV0ZScpe3NjcmlwdC5vbnJlYWR5c3RhdGVjaGFuZ2U9bnVsbDsgY2FsbGJhY2soKTt9fTt9ZWxzZXtzY3JpcHQub25sb2FkPWZ1bmN0aW9uKCl7Y2FsbGJhY2soKTt9O31zY3JpcHQuc3JjPXVybDsgZG9jdW1lbnQuZ2V0RWxlbWVudHNCeVRhZ05hbWUoJ2hlYWQnKVswXS5hcHBlbmRDaGlsZChzY3JpcHQpO31sb2FkU2NyaXB0KCdodHRwczovL3d3dy5jaXZpdGF0aXMuY29tL2YvanMvdmVuZG9yL2lmcmFtZVJlc2l6ZXIubWluLmpzJywgZnVuY3Rpb24oKXtpRnJhbWVSZXNpemUoe2NoZWNrT3JpZ2luOmZhbHNlLGluaXRDYWxsYmFjazpmdW5jdGlvbihpZnJhbWUpe3NldFRpbWVvdXQoZnVuY3Rpb24oKXt2YXIgcmVzaXplRXZlbnQgPSB3aW5kb3cuZG9jdW1lbnQuY3JlYXRlRXZlbnQoJ1VJRXZlbnRzJyk7IHJlc2l6ZUV2ZW50LmluaXRVSUV2ZW50KCdyZXNpemUnLCB0cnVlLCBmYWxzZSwgd2luZG93LCAwKTsgaWZyYW1lLmRpc3BhdGNoRXZlbnQocmVzaXplRXZlbnQpO30pO319KX0pPC9zY3JpcHQ+PGlmcmFtZSBjbGFzcz0iY2l2aXRhdGlzLWlmcmFtZSIgc3JjPSJodHRwczovL3d3dy5jaXZpdGF0aXMuY29tL3dpZGdldC1hY3Rpdml0aWVzLz9hZmZpbGlhdGVkPTEyNDk0JmFtcDtkaXNwbGF5PWNvbWZvcnQmYW1wO2NhbnQ9MSZhbXA7bGFuZz1lcyZhbXA7Y3VycmVuY3k9RVVSJmFtcDtkZXN0aW5hdGlvbj05NSZhbXA7YWN0aXZpdGllcz0xMTEwMjcmYW1wO3RyYW5zZmVyPTAmYW1wO2NtcD1JVF91cmxfZGVzZGVfYWxpY2FudGUmYW1wO3dpZHRoPTEwMCUmYW1wO2hpZGVCdXR0b249MSZhbXA7Y2VudGVyQ29udGVudD0xJmFtcDt0eXBlU2VsZWN0aW9uPW1hbnVhbCZhbXA7Y29sb3I9ZjcwNzU5JmFtcDt0eXBvZ3JhcGh5PU1vbnRzZXJyYXQmYW1wO3JlbW92ZUJhY2tncm91bmQ9MSZhbXA7c2hvd1NoYWRvdz0xJmFtcDtyb3VuZGVkQnV0dG9ucz0xIiB3aWR0aD0iMTAwJSIgZnJhbWVib3JkZXI9IjAiIGRhdGEtbWF4d2lkdGg9IjEwMCUiIHN0eWxlPSJtYXgtd2lkdGg6IDEwMCUiPjwvaWZyYW1lPjwvZGl2Pgo=[\/vc_raw_html]<div id=\"ultimate-heading-954569de5e8e43a02\" class=\"uvc-heading ult-adjust-bottom-margin ultimate-heading-954569de5e8e43a02 uvc-945 \" data-hspacer=\"no_spacer\"  data-halign=\"left\" style=\"text-align:left\"><div class=\"uvc-heading-spacer no_spacer\" style=\"top\"><\/div><div class=\"uvc-main-heading ult-responsive\"  data-ultimate-target='.uvc-heading.ultimate-heading-954569de5e8e43a02 h2'  data-responsive-json-new='{\"font-size\":\"\",\"line-height\":\"\"}' ><h2 style=\"font-weight:normal;\"><span class=\"ez-toc-section\" id=\"Se_rendre_a_Tabarca_en_bateau_depuis_Alicante\"><\/span>Se rendre \u00e0 Tabarca en bateau depuis Alicante<span class=\"ez-toc-section-end\"><\/span><\/h2><\/div><div class=\"uvc-sub-heading ult-responsive\"  data-ultimate-target='.uvc-heading.ultimate-heading-954569de5e8e43a02 .uvc-sub-heading '  data-responsive-json-new='{\"font-size\":\"\",\"line-height\":\"\"}'  style=\"font-weight:normal;\"><\/p>\n<p style=\"text-align: justify;\"><span style=\"font-weight: 400;\">La seule et meilleure option pour se rendre \u00e0 Tabarca depuis Alicante est le bateau. Vous avez la possibilit\u00e9 de louer ou de poss\u00e9der un bateau et donc de vous rendre sur l&rsquo;\u00eele de Tabarca avec le bateau ou, option la moins co\u00fbteuse, de prendre le ferry public. Le trajet en ferry dure environ 50 minutes. Il part du port d&rsquo;Alicante et il y a plusieurs d\u00e9parts quotidiens. Ils offrent \u00e9galement une vue sous-marine spectaculaire.    <\/span><\/p>\n<p style=\"text-align: justify;\"><span style=\"font-weight: 400;\">Voici les plus couramment utilis\u00e9s et les plus confortables \u00e0 cette fin.<\/span><\/p>\n<p><\/div><\/div>[vc_raw_html]PGRpdiBzdHlsZT0idGV4dC1hbGlnbjpjZW50ZXI7Ij48c2NyaXB0PmZ1bmN0aW9uIGxvYWRTY3JpcHQodXJsLCBjYWxsYmFjayl7dmFyIHNjcmlwdD1kb2N1bWVudC5jcmVhdGVFbGVtZW50KCdzY3JpcHQnKTsgc2NyaXB0LnR5cGU9J3RleHQvamF2YXNjcmlwdCc7IGlmIChzY3JpcHQucmVhZHlTdGF0ZSl7c2NyaXB0Lm9ucmVhZHlzdGF0ZWNoYW5nZT1mdW5jdGlvbigpe2lmIChzY3JpcHQucmVhZHlTdGF0ZT09J2xvYWRlZCcgfHwgc2NyaXB0LnJlYWR5U3RhdGU9PSdjb21wbGV0ZScpe3NjcmlwdC5vbnJlYWR5c3RhdGVjaGFuZ2U9bnVsbDsgY2FsbGJhY2soKTt9fTt9ZWxzZXtzY3JpcHQub25sb2FkPWZ1bmN0aW9uKCl7Y2FsbGJhY2soKTt9O31zY3JpcHQuc3JjPXVybDsgZG9jdW1lbnQuZ2V0RWxlbWVudHNCeVRhZ05hbWUoJ2hlYWQnKVswXS5hcHBlbmRDaGlsZChzY3JpcHQpO31sb2FkU2NyaXB0KCdodHRwczovL3d3dy5jaXZpdGF0aXMuY29tL2YvanMvdmVuZG9yL2lmcmFtZVJlc2l6ZXIubWluLmpzJywgZnVuY3Rpb24oKXtpRnJhbWVSZXNpemUoe2NoZWNrT3JpZ2luOmZhbHNlLGluaXRDYWxsYmFjazpmdW5jdGlvbihpZnJhbWUpe3NldFRpbWVvdXQoZnVuY3Rpb24oKXt2YXIgcmVzaXplRXZlbnQgPSB3aW5kb3cuZG9jdW1lbnQuY3JlYXRlRXZlbnQoJ1VJRXZlbnRzJyk7IHJlc2l6ZUV2ZW50LmluaXRVSUV2ZW50KCdyZXNpemUnLCB0cnVlLCBmYWxzZSwgd2luZG93LCAwKTsgaWZyYW1lLmRpc3BhdGNoRXZlbnQocmVzaXplRXZlbnQpO30pO319KX0pPC9zY3JpcHQ+PGlmcmFtZSBjbGFzcz0iY2l2aXRhdGlzLWlmcmFtZSIgc3JjPSJodHRwczovL3d3dy5jaXZpdGF0aXMuY29tL3dpZGdldC1hY3Rpdml0aWVzLz9hZmZpbGlhdGVkPTEyNDk0JmFtcDtkaXNwbGF5PWNvbWZvcnQmYW1wO2NhbnQ9MSZhbXA7bGFuZz1lcyZhbXA7Y3VycmVuY3k9RVVSJmFtcDtkZXN0aW5hdGlvbj05NSZhbXA7YWN0aXZpdGllcz0xNDg5OTYmYW1wO3RyYW5zZmVyPTAmYW1wO2NtcD1JVF91cmxfZGVzZGVfYWxpY2FudGUmYW1wO3dpZHRoPTEwMCUmYW1wO2hpZGVCdXR0b249MSZhbXA7Y2VudGVyQ29udGVudD0xJmFtcDt0eXBlU2VsZWN0aW9uPW1hbnVhbCZhbXA7Y29sb3I9ZjcwNzU5JmFtcDt0eXBvZ3JhcGh5PU1vbnRzZXJyYXQmYW1wO3JlbW92ZUJhY2tncm91bmQ9MSZhbXA7c2hvd1NoYWRvdz0xJmFtcDtyb3VuZGVkQnV0dG9ucz0xIiB3aWR0aD0iMTAwJSIgZnJhbWVib3JkZXI9IjAiIGRhdGEtbWF4d2lkdGg9IjEwMCUiIHN0eWxlPSJtYXgtd2lkdGg6IDEwMCUiPjwvaWZyYW1lPjwvZGl2Pg==[\/vc_raw_html][vc_empty_space height=\u00a0\u00bb35px\u00a0\u00bb][vc_video link=\u00a0\u00bbhttps:\/\/www.youtube.com\/watch?v=CGN0RiUN28w\u00a0\u00bb align=\u00a0\u00bbcenter\u00a0\u00bb]<div id=\"ultimate-heading-256369de5e8e43a5b\" class=\"uvc-heading ult-adjust-bottom-margin ultimate-heading-256369de5e8e43a5b uvc-3457 \" data-hspacer=\"no_spacer\"  data-halign=\"left\" style=\"text-align:left\"><div class=\"uvc-heading-spacer no_spacer\" style=\"top\"><\/div><div class=\"uvc-main-heading ult-responsive\"  data-ultimate-target='.uvc-heading.ultimate-heading-256369de5e8e43a5b h2'  data-responsive-json-new='{\"font-size\":\"\",\"line-height\":\"\"}' ><h2 style=\"font-weight:normal;\"><span class=\"ez-toc-section\" id=\"Se_rendre_a_Tabarca_par_les_transports_publics\"><\/span>Se rendre \u00e0 Tabarca par les transports publics<span class=\"ez-toc-section-end\"><\/span><\/h2><\/div><div class=\"uvc-sub-heading ult-responsive\"  data-ultimate-target='.uvc-heading.ultimate-heading-256369de5e8e43a5b .uvc-sub-heading '  data-responsive-json-new='{\"font-size\":\"\",\"line-height\":\"\"}'  style=\"font-weight:normal;\"><\/p>\n<p style=\"text-align: justify;\"><span style=\"font-weight: 400;\">Si vous pensiez vous rendre \u00e0 Tabarca par les transports publics, sachez que le seul transport public disponible pour se rendre \u00e0 Tabarca est le ferry quotidien. C&rsquo;est le seul moyen de se rendre \u00e0 Tabarca par les transports publics. <\/span><\/p>\n<p><\/div><\/div>[vc_raw_html]PGRpdiBzdHlsZT0idGV4dC1hbGlnbjpjZW50ZXI7Ij48c2NyaXB0PmZ1bmN0aW9uIGxvYWRTY3JpcHQodXJsLCBjYWxsYmFjayl7dmFyIHNjcmlwdD1kb2N1bWVudC5jcmVhdGVFbGVtZW50KCdzY3JpcHQnKTsgc2NyaXB0LnR5cGU9J3RleHQvamF2YXNjcmlwdCc7IGlmIChzY3JpcHQucmVhZHlTdGF0ZSl7c2NyaXB0Lm9ucmVhZHlzdGF0ZWNoYW5nZT1mdW5jdGlvbigpe2lmIChzY3JpcHQucmVhZHlTdGF0ZT09J2xvYWRlZCcgfHwgc2NyaXB0LnJlYWR5U3RhdGU9PSdjb21wbGV0ZScpe3NjcmlwdC5vbnJlYWR5c3RhdGVjaGFuZ2U9bnVsbDsgY2FsbGJhY2soKTt9fTt9ZWxzZXtzY3JpcHQub25sb2FkPWZ1bmN0aW9uKCl7Y2FsbGJhY2soKTt9O31zY3JpcHQuc3JjPXVybDsgZG9jdW1lbnQuZ2V0RWxlbWVudHNCeVRhZ05hbWUoJ2hlYWQnKVswXS5hcHBlbmRDaGlsZChzY3JpcHQpO31sb2FkU2NyaXB0KCdodHRwczovL3d3dy5jaXZpdGF0aXMuY29tL2YvanMvdmVuZG9yL2lmcmFtZVJlc2l6ZXIubWluLmpzJywgZnVuY3Rpb24oKXtpRnJhbWVSZXNpemUoe2NoZWNrT3JpZ2luOmZhbHNlLGluaXRDYWxsYmFjazpmdW5jdGlvbihpZnJhbWUpe3NldFRpbWVvdXQoZnVuY3Rpb24oKXt2YXIgcmVzaXplRXZlbnQgPSB3aW5kb3cuZG9jdW1lbnQuY3JlYXRlRXZlbnQoJ1VJRXZlbnRzJyk7IHJlc2l6ZUV2ZW50LmluaXRVSUV2ZW50KCdyZXNpemUnLCB0cnVlLCBmYWxzZSwgd2luZG93LCAwKTsgaWZyYW1lLmRpc3BhdGNoRXZlbnQocmVzaXplRXZlbnQpO30pO319KX0pPC9zY3JpcHQ+PGlmcmFtZSBjbGFzcz0iY2l2aXRhdGlzLWlmcmFtZSIgc3JjPSJodHRwczovL3d3dy5jaXZpdGF0aXMuY29tL3dpZGdldC1hY3Rpdml0aWVzLz9hZmZpbGlhdGVkPTEyNDk0JmFtcDtkaXNwbGF5PWNvbWZvcnQmYW1wO2NhbnQ9MSZhbXA7bGFuZz1lcyZhbXA7Y3VycmVuY3k9RVVSJmFtcDtkZXN0aW5hdGlvbj05NSZhbXA7YWN0aXZpdGllcz0xMDE5NTgmYW1wO3RyYW5zZmVyPTAmYW1wO2NtcD1JVF91cmxfZGVzZGVfYWxpY2FudGUmYW1wO3dpZHRoPTEwMCUmYW1wO2hpZGVCdXR0b249MSZhbXA7Y2VudGVyQ29udGVudD0xJmFtcDt0eXBlU2VsZWN0aW9uPW1hbnVhbCZhbXA7Y29sb3I9ZjcwNzU5JmFtcDt0eXBvZ3JhcGh5PU1vbnRzZXJyYXQmYW1wO3JlbW92ZUJhY2tncm91bmQ9MSZhbXA7c2hvd1NoYWRvdz0xJmFtcDtyb3VuZGVkQnV0dG9ucz0xIiB3aWR0aD0iMTAwJSIgZnJhbWVib3JkZXI9IjAiIGRhdGEtbWF4d2lkdGg9IjEwMCUiIHN0eWxlPSJtYXgtd2lkdGg6IDEwMCUiPjwvaWZyYW1lPjwvZGl2Pg==[\/vc_raw_html][\/vc_column][\/vc_row][vc_row][vc_column][vc_empty_space height=\u00a0\u00bb50px\u00a0\u00bb]<div id=\"ultimate-heading-259569de5e8e43ab0\" class=\"uvc-heading ult-adjust-bottom-margin ultimate-heading-259569de5e8e43ab0 uvc-5890 \" data-hspacer=\"no_spacer\"  data-halign=\"center\" style=\"text-align:center\"><div class=\"uvc-heading-spacer no_spacer\" style=\"top\"><\/div><div class=\"uvc-main-heading ult-responsive\"  data-ultimate-target='.uvc-heading.ultimate-heading-259569de5e8e43ab0 h3'  data-responsive-json-new='{\"font-size\":\"\",\"line-height\":\"\"}' ><h3 style=\"font-weight:normal;\"><span class=\"ez-toc-section\" id=\"Tabarca_depuis_dautres_destinations\"><\/span>Tabarca depuis d&#039;autres destinations :<span class=\"ez-toc-section-end\"><\/span><\/h3><\/div><\/div>[vc_empty_space height=\u00a0\u00bb30px\u00a0\u00bb][\/vc_column][\/vc_row][vc_row][vc_column width=\u00a0\u00bb1\/3&Prime;]<div class=\"shortcode-banner shortcode-banner-link\" style=\"min-height: 150px;background-image: url(https:\/\/laisladetabarca.com\/wp-content\/uploads\/2022\/07\/benidorm.jpg)\" onclick=\"window.location.href='https:\/\/laisladetabarca.com\/como-ir\/desde-benidorm\/';\"><div class=\"shortcode-banner-bg wf-table\" style=\"padding: 10px;min-height: 150px\"><div class=\"shortcode-banner-inside wf-table text-big\" style=\"background-color: rgb(0,0,0);background-color: rgba(0,0,0,0.4);border: solid 10px transparent;outline: solid 3px;outline-color: #ffffff;height: 140px\"><div><p style=\"text-align: center;\"><span style=\"color: #ffffff;\">BENIDORM<\/span><\/p>\n<\/div><\/div><\/div><\/div>[\/vc_column][vc_column width=\u00a0\u00bb1\/3&Prime;]<div class=\"shortcode-banner shortcode-banner-link\" style=\"min-height: 150px;background-image: url(https:\/\/laisladetabarca.com\/wp-content\/uploads\/2022\/07\/santa-pola.jpg)\" onclick=\"window.location.href='http:\/\/laisladetabarca.com\/como-ir\/desde-santa-pola\/';\"><div class=\"shortcode-banner-bg wf-table\" style=\"padding: 10px;min-height: 150px\"><div class=\"shortcode-banner-inside wf-table text-big\" style=\"background-color: rgb(0,0,0);background-color: rgba(0,0,0,0.4);border: solid 10px transparent;outline: solid 3px;outline-color: #ffffff;height: 140px\"><div><p style=\"text-align: center;\"><span style=\"color: #ffffff;\">SANTA POLA<\/span><\/p>\n<\/div><\/div><\/div><\/div>[\/vc_column][vc_column width=\u00a0\u00bb1\/3&Prime;]<div class=\"shortcode-banner shortcode-banner-link\" style=\"min-height: 150px;background-image: url(https:\/\/laisladetabarca.com\/wp-content\/uploads\/2022\/07\/torreiveja.jpg)\" onclick=\"window.location.href='http:\/\/laisladetabarca.com\/como-ir\/desde-torrevieja\/';\"><div class=\"shortcode-banner-bg wf-table\" style=\"padding: 10px;min-height: 150px\"><div class=\"shortcode-banner-inside wf-table text-big\" style=\"background-color: rgb(0,0,0);background-color: rgba(0,0,0,0.4);border: solid 10px transparent;outline: solid 3px;outline-color: #ffffff;height: 140px\"><div><p style=\"text-align: center;\"><span style=\"color: #ffffff;\">TORREVIEJA<\/span><\/p>\n<\/div><\/div><\/div><\/div>[\/vc_column][\/vc_row]<\/p>\n<\/div>","protected":false},"excerpt":{"rendered":"<p>[vc_row][vc_column][vc_empty_space height=\u00a0\u00bb35px\u00a0\u00bb][\/vc_column][\/vc_row][vc_row][vc_column][vc_empty_space][vc_raw_html]PGRpdiBzdHlsZT0idGV4dC1hbGlnbjpjZW50ZXI7Ij48c2NyaXB0PmZ1bmN0aW9uIGxvYWRTY3JpcHQodXJsLCBjYWxsYmFjayl7dmFyIHNjcmlwdD1kb2N1bWVudC5jcmVhdGVFbGVtZW50KCdzY3JpcHQnKTsgc2NyaXB0LnR5cGU9J3RleHQvamF2YXNjcmlwdCc7IGlmIChzY3JpcHQucmVhZHlTdGF0ZSl7c2NyaXB0Lm9ucmVhZHlzdGF0ZWNoYW5nZT1mdW5jdGlvbigpe2lmIChzY3JpcHQucmVhZHlTdGF0ZT09J2xvYWRlZCcgfHwgc2NyaXB0LnJlYWR5U3RhdGU9PSdjb21wbGV0ZScpe3NjcmlwdC5vbnJlYWR5c3RhdGVjaGFuZ2U9bnVsbDsgY2FsbGJhY2soKTt9fTt9ZWxzZXtzY3JpcHQub25sb2FkPWZ1bmN0aW9uKCl7Y2FsbGJhY2soKTt9O31zY3JpcHQuc3JjPXVybDsgZG9jdW1lbnQuZ2V0RWxlbWVudHNCeVRhZ05hbWUoJ2hlYWQnKVswXS5hcHBlbmRDaGlsZChzY3JpcHQpO31sb2FkU2NyaXB0KCdodHRwczovL3d3dy5jaXZpdGF0aXMuY29tL2YvanMvdmVuZG9yL2lmcmFtZVJlc2l6ZXIubWluLmpzJywgZnVuY3Rpb24oKXtpRnJhbWVSZXNpemUoe2NoZWNrT3JpZ2luOmZhbHNlLGluaXRDYWxsYmFjazpmdW5jdGlvbihpZnJhbWUpe3NldFRpbWVvdXQoZnVuY3Rpb24oKXt2YXIgcmVzaXplRXZlbnQgPSB3aW5kb3cuZG9jdW1lbnQuY3JlYXRlRXZlbnQoJ1VJRXZlbnRzJyk7IHJlc2l6ZUV2ZW50LmluaXRVSUV2ZW50KCdyZXNpemUnLCB0cnVlLCBmYWxzZSwgd2luZG93LCAwKTsgaWZyYW1lLmRpc3BhdGNoRXZlbnQocmVzaXplRXZlbnQpO30pO319KX0pPC9zY3JpcHQ+PGlmcmFtZSBjbGFzcz0iY2l2aXRhdGlzLWlmcmFtZSIgc3JjPSJodHRwczovL3d3dy5jaXZpdGF0aXMuY29tL3dpZGdldC1hY3Rpdml0aWVzLz9hZmZpbGlhdGVkPTEyNDk0JmFtcDtkaXNwbGF5PWNvbWZvcnQmYW1wO2NhbnQ9MSZhbXA7bGFuZz1lcyZhbXA7Y3VycmVuY3k9RVVSJmFtcDtkZXN0aW5hdGlvbj05NSZhbXA7YWN0aXZpdGllcz0xMTEwMjcmYW1wO3RyYW5zZmVyPTAmYW1wO2NtcD1JVF91cmxfZGVzZGVfYWxpY2FudGUmYW1wO3dpZHRoPTEwMCUmYW1wO2hpZGVCdXR0b249MSZhbXA7Y2VudGVyQ29udGVudD0xJmFtcDt0eXBlU2VsZWN0aW9uPW1hbnVhbCZhbXA7Y29sb3I9ZjcwNzU5JmFtcDt0eXBvZ3JhcGh5PU1vbnRzZXJyYXQmYW1wO3JlbW92ZUJhY2tncm91bmQ9MSZhbXA7c2hvd1NoYWRvdz0xJmFtcDtyb3VuZGVkQnV0dG9ucz0xIiB3aWR0aD0iMTAwJSIgZnJhbWVib3JkZXI9IjAiIGRhdGEtbWF4d2lkdGg9IjEwMCUiIHN0eWxlPSJtYXgtd2lkdGg6IDEwMCUiPjwvaWZyYW1lPjwvZGl2Pgo=[\/vc_raw_html][vc_raw_html]PGRpdiBzdHlsZT0idGV4dC1hbGlnbjpjZW50ZXI7Ij48c2NyaXB0PmZ1bmN0aW9uIGxvYWRTY3JpcHQodXJsLCBjYWxsYmFjayl7dmFyIHNjcmlwdD1kb2N1bWVudC5jcmVhdGVFbGVtZW50KCdzY3JpcHQnKTsgc2NyaXB0LnR5cGU9J3RleHQvamF2YXNjcmlwdCc7IGlmIChzY3JpcHQucmVhZHlTdGF0ZSl7c2NyaXB0Lm9ucmVhZHlzdGF0ZWNoYW5nZT1mdW5jdGlvbigpe2lmIChzY3JpcHQucmVhZHlTdGF0ZT09J2xvYWRlZCcgfHwgc2NyaXB0LnJlYWR5U3RhdGU9PSdjb21wbGV0ZScpe3NjcmlwdC5vbnJlYWR5c3RhdGVjaGFuZ2U9bnVsbDsgY2FsbGJhY2soKTt9fTt9ZWxzZXtzY3JpcHQub25sb2FkPWZ1bmN0aW9uKCl7Y2FsbGJhY2soKTt9O31zY3JpcHQuc3JjPXVybDsgZG9jdW1lbnQuZ2V0RWxlbWVudHNCeVRhZ05hbWUoJ2hlYWQnKVswXS5hcHBlbmRDaGlsZChzY3JpcHQpO31sb2FkU2NyaXB0KCdodHRwczovL3d3dy5jaXZpdGF0aXMuY29tL2YvanMvdmVuZG9yL2lmcmFtZVJlc2l6ZXIubWluLmpzJywgZnVuY3Rpb24oKXtpRnJhbWVSZXNpemUoe2NoZWNrT3JpZ2luOmZhbHNlLGluaXRDYWxsYmFjazpmdW5jdGlvbihpZnJhbWUpe3NldFRpbWVvdXQoZnVuY3Rpb24oKXt2YXIgcmVzaXplRXZlbnQgPSB3aW5kb3cuZG9jdW1lbnQuY3JlYXRlRXZlbnQoJ1VJRXZlbnRzJyk7IHJlc2l6ZUV2ZW50LmluaXRVSUV2ZW50KCdyZXNpemUnLCB0cnVlLCBmYWxzZSwgd2luZG93LCAwKTsgaWZyYW1lLmRpc3BhdGNoRXZlbnQocmVzaXplRXZlbnQpO30pO319KX0pPC9zY3JpcHQ+PGlmcmFtZSBjbGFzcz0iY2l2aXRhdGlzLWlmcmFtZSIgc3JjPSJodHRwczovL3d3dy5jaXZpdGF0aXMuY29tL3dpZGdldC1hY3Rpdml0aWVzLz9hZmZpbGlhdGVkPTEyNDk0JmFtcDtkaXNwbGF5PWNvbWZvcnQmYW1wO2NhbnQ9MSZhbXA7bGFuZz1lcyZhbXA7Y3VycmVuY3k9RVVSJmFtcDtkZXN0aW5hdGlvbj05NSZhbXA7YWN0aXZpdGllcz0xNDg5OTYmYW1wO3RyYW5zZmVyPTAmYW1wO2NtcD1JVF91cmxfZGVzZGVfYWxpY2FudGUmYW1wO3dpZHRoPTEwMCUmYW1wO2hpZGVCdXR0b249MSZhbXA7Y2VudGVyQ29udGVudD0xJmFtcDt0eXBlU2VsZWN0aW9uPW1hbnVhbCZhbXA7Y29sb3I9ZjcwNzU5JmFtcDt0eXBvZ3JhcGh5PU1vbnRzZXJyYXQmYW1wO3JlbW92ZUJhY2tncm91bmQ9MSZhbXA7c2hvd1NoYWRvdz0xJmFtcDtyb3VuZGVkQnV0dG9ucz0xIiB3aWR0aD0iMTAwJSIgZnJhbWVib3JkZXI9IjAiIGRhdGEtbWF4d2lkdGg9IjEwMCUiIHN0eWxlPSJtYXgtd2lkdGg6IDEwMCUiPjwvaWZyYW1lPjwvZGl2Pg==[\/vc_raw_html][vc_empty_space height=\u00a0\u00bb35px\u00a0\u00bb][vc_video link=\u00a0\u00bbhttps:\/\/www.youtube.com\/watch?v=CGN0RiUN28w\u00a0\u00bb align=\u00a0\u00bbcenter\u00a0\u00bb][vc_raw_html]PGRpdiBzdHlsZT0idGV4dC1hbGlnbjpjZW50ZXI7Ij48c2NyaXB0PmZ1bmN0aW9uIGxvYWRTY3JpcHQodXJsLCBjYWxsYmFjayl7dmFyIHNjcmlwdD1kb2N1bWVudC5jcmVhdGVFbGVtZW50KCdzY3JpcHQnKTsgc2NyaXB0LnR5cGU9J3RleHQvamF2YXNjcmlwdCc7IGlmIChzY3JpcHQucmVhZHlTdGF0ZSl7c2NyaXB0Lm9ucmVhZHlzdGF0ZWNoYW5nZT1mdW5jdGlvbigpe2lmIChzY3JpcHQucmVhZHlTdGF0ZT09J2xvYWRlZCcgfHwgc2NyaXB0LnJlYWR5U3RhdGU9PSdjb21wbGV0ZScpe3NjcmlwdC5vbnJlYWR5c3RhdGVjaGFuZ2U9bnVsbDsgY2FsbGJhY2soKTt9fTt9ZWxzZXtzY3JpcHQub25sb2FkPWZ1bmN0aW9uKCl7Y2FsbGJhY2soKTt9O31zY3JpcHQuc3JjPXVybDsgZG9jdW1lbnQuZ2V0RWxlbWVudHNCeVRhZ05hbWUoJ2hlYWQnKVswXS5hcHBlbmRDaGlsZChzY3JpcHQpO31sb2FkU2NyaXB0KCdodHRwczovL3d3dy5jaXZpdGF0aXMuY29tL2YvanMvdmVuZG9yL2lmcmFtZVJlc2l6ZXIubWluLmpzJywgZnVuY3Rpb24oKXtpRnJhbWVSZXNpemUoe2NoZWNrT3JpZ2luOmZhbHNlLGluaXRDYWxsYmFjazpmdW5jdGlvbihpZnJhbWUpe3NldFRpbWVvdXQoZnVuY3Rpb24oKXt2YXIgcmVzaXplRXZlbnQgPSB3aW5kb3cuZG9jdW1lbnQuY3JlYXRlRXZlbnQoJ1VJRXZlbnRzJyk7IHJlc2l6ZUV2ZW50LmluaXRVSUV2ZW50KCdyZXNpemUnLCB0cnVlLCBmYWxzZSwgd2luZG93LCAwKTsgaWZyYW1lLmRpc3BhdGNoRXZlbnQocmVzaXplRXZlbnQpO30pO319KX0pPC9zY3JpcHQ+PGlmcmFtZSBjbGFzcz0iY2l2aXRhdGlzLWlmcmFtZSIgc3JjPSJodHRwczovL3d3dy5jaXZpdGF0aXMuY29tL3dpZGdldC1hY3Rpdml0aWVzLz9hZmZpbGlhdGVkPTEyNDk0JmFtcDtkaXNwbGF5PWNvbWZvcnQmYW1wO2NhbnQ9MSZhbXA7bGFuZz1lcyZhbXA7Y3VycmVuY3k9RVVSJmFtcDtkZXN0aW5hdGlvbj05NSZhbXA7YWN0aXZpdGllcz0xMDE5NTgmYW1wO3RyYW5zZmVyPTAmYW1wO2NtcD1JVF91cmxfZGVzZGVfYWxpY2FudGUmYW1wO3dpZHRoPTEwMCUmYW1wO2hpZGVCdXR0b249MSZhbXA7Y2VudGVyQ29udGVudD0xJmFtcDt0eXBlU2VsZWN0aW9uPW1hbnVhbCZhbXA7Y29sb3I9ZjcwNzU5JmFtcDt0eXBvZ3JhcGh5PU1vbnRzZXJyYXQmYW1wO3JlbW92ZUJhY2tncm91bmQ9MSZhbXA7c2hvd1NoYWRvdz0xJmFtcDtyb3VuZGVkQnV0dG9ucz0xIiB3aWR0aD0iMTAwJSIgZnJhbWVib3JkZXI9IjAiIGRhdGEtbWF4d2lkdGg9IjEwMCUiIHN0eWxlPSJtYXgtd2lkdGg6IDEwMCUiPjwvaWZyYW1lPjwvZGl2Pg==[\/vc_raw_html][\/vc_column][\/vc_row][vc_row][vc_column][vc_empty_space height=\u00a0\u00bb50px\u00a0\u00bb][vc_empty_space height=\u00a0\u00bb30px\u00a0\u00bb][\/vc_column][\/vc_row][vc_row][vc_column width=\u00a0\u00bb1\/3&Prime;][\/vc_column][vc_column width=\u00a0\u00bb1\/3&Prime;][\/vc_column][vc_column width=\u00a0\u00bb1\/3&Prime;][\/vc_column][\/vc_row]<\/p>\n","protected":false},"author":1,"featured_media":0,"parent":1881,"menu_order":0,"comment_status":"closed","ping_status":"closed","template":"","meta":{"_joinchat":[],"footnotes":""},"class_list":["post-1883","page","type-page","status-publish","hentry","description-off"],"_links":{"self":[{"href":"https:\/\/laisladetabarca.com\/fr\/wp-json\/wp\/v2\/pages\/1883","targetHints":{"allow":["GET"]}}],"collection":[{"href":"https:\/\/laisladetabarca.com\/fr\/wp-json\/wp\/v2\/pages"}],"about":[{"href":"https:\/\/laisladetabarca.com\/fr\/wp-json\/wp\/v2\/types\/page"}],"author":[{"embeddable":true,"href":"https:\/\/laisladetabarca.com\/fr\/wp-json\/wp\/v2\/users\/1"}],"replies":[{"embeddable":true,"href":"https:\/\/laisladetabarca.com\/fr\/wp-json\/wp\/v2\/comments?post=1883"}],"version-history":[{"count":0,"href":"https:\/\/laisladetabarca.com\/fr\/wp-json\/wp\/v2\/pages\/1883\/revisions"}],"up":[{"embeddable":true,"href":"https:\/\/laisladetabarca.com\/fr\/wp-json\/wp\/v2\/pages\/1881"}],"wp:attachment":[{"href":"https:\/\/laisladetabarca.com\/fr\/wp-json\/wp\/v2\/media?parent=1883"}],"curies":[{"name":"wp","href":"https:\/\/api.w.org\/{rel}","templated":true}]}}