{"id":1876,"date":"2023-04-05T13:34:41","date_gmt":"2023-04-05T12:34:41","guid":{"rendered":"https:\/\/laisladetabarca.com\/navire\/"},"modified":"2026-01-29T18:10:56","modified_gmt":"2026-01-29T17:10:56","slug":"navire","status":"publish","type":"page","link":"https:\/\/laisladetabarca.com\/fr\/navire\/","title":{"rendered":"Navire"},"content":{"rendered":"<div class=\"wpb-content-wrapper\"><p>[vc_row][vc_column][vc_column_text]<\/p>\n<p style=\"text-align: center;\">Si vous \u00eates \u00e0 la recherche d&rsquo;une aventure m\u00e9diterran\u00e9enne unique, rien de tel qu&rsquo;une excursion en bateau \u00e0 Tabarca. Cette petite \u00eele situ\u00e9e au large d&rsquo;Alicante est un paradis pour les amoureux du soleil, de la mer et de la nature. Si vous voulez passer des vacances inoubliables, ne manquez pas de visiter Tabarca en bateau.  <\/p>\n<p>[\/vc_column_text][\/vc_column][\/vc_row][vc_row][vc_column width=\u00a0\u00bb1\/2&Prime;]<div id=\"ultimate-heading-336869de59cc05a77\" class=\"uvc-heading ult-adjust-bottom-margin ultimate-heading-336869de59cc05a77 uvc-3004 \" data-hspacer=\"no_spacer\"  data-halign=\"center\" style=\"text-align:center\"><div class=\"uvc-heading-spacer no_spacer\" style=\"top\"><\/div><div class=\"uvc-main-heading ult-responsive\"  data-ultimate-target='.uvc-heading.ultimate-heading-336869de59cc05a77 h2'  data-responsive-json-new='{\"font-size\":\"\",\"line-height\":\"\"}' ><div id=\"ez-toc-container\" class=\"ez-toc-v2_0_80 counter-hierarchy ez-toc-counter ez-toc-grey ez-toc-container-direction\">\n<div class=\"ez-toc-title-container\">\n<p class=\"ez-toc-title\" style=\"cursor:inherit\">Table of Contents<\/p>\n<span class=\"ez-toc-title-toggle\"><a href=\"#\" class=\"ez-toc-pull-right ez-toc-btn ez-toc-btn-xs ez-toc-btn-default ez-toc-toggle\" aria-label=\"Toggle Table of Content\"><span class=\"ez-toc-js-icon-con\"><span class=\"\"><span class=\"eztoc-hide\" style=\"display:none;\">Toggle<\/span><span class=\"ez-toc-icon-toggle-span\"><svg style=\"fill: #999;color:#999\" xmlns=\"http:\/\/www.w3.org\/2000\/svg\" class=\"list-377408\" width=\"20px\" height=\"20px\" viewBox=\"0 0 24 24\" fill=\"none\"><path d=\"M6 6H4v2h2V6zm14 0H8v2h12V6zM4 11h2v2H4v-2zm16 0H8v2h12v-2zM4 16h2v2H4v-2zm16 0H8v2h12v-2z\" fill=\"currentColor\"><\/path><\/svg><svg style=\"fill: #999;color:#999\" class=\"arrow-unsorted-368013\" xmlns=\"http:\/\/www.w3.org\/2000\/svg\" width=\"10px\" height=\"10px\" viewBox=\"0 0 24 24\" version=\"1.2\" baseProfile=\"tiny\"><path d=\"M18.2 9.3l-6.2-6.3-6.2 6.3c-.2.2-.3.4-.3.7s.1.5.3.7c.2.2.4.3.7.3h11c.3 0 .5-.1.7-.3.2-.2.3-.5.3-.7s-.1-.5-.3-.7zM5.8 14.7l6.2 6.3 6.2-6.3c.2-.2.3-.5.3-.7s-.1-.5-.3-.7c-.2-.2-.4-.3-.7-.3h-11c-.3 0-.5.1-.7.3-.2.2-.3.5-.3.7s.1.5.3.7z\"\/><\/svg><\/span><\/span><\/span><\/a><\/span><\/div>\n<nav><ul class='ez-toc-list ez-toc-list-level-1 ' ><li class='ez-toc-page-1 ez-toc-heading-level-2'><a class=\"ez-toc-link ez-toc-heading-1\" href=\"https:\/\/laisladetabarca.com\/fr\/navire\/#Bateau_dAlicante_a_Tabarca\" >Bateau d&#039;Alicante \u00e0 Tabarca<\/a><\/li><li class='ez-toc-page-1 ez-toc-heading-level-2'><a class=\"ez-toc-link ez-toc-heading-2\" href=\"https:\/\/laisladetabarca.com\/fr\/navire\/#Bateau_de_Santa_Pola_a_Tabarca\" >Bateau de Santa Pola \u00e0 Tabarca<\/a><\/li><li class='ez-toc-page-1 ez-toc-heading-level-2'><a class=\"ez-toc-link ez-toc-heading-3\" href=\"https:\/\/laisladetabarca.com\/fr\/navire\/#Les_raisons_de_prendre_un_bateau_pour_Tabarca\" >Les raisons de prendre un bateau pour Tabarca<\/a><\/li><\/ul><\/nav><\/div>\n<h2 style=\"font-weight:normal;\"><span class=\"ez-toc-section\" id=\"Bateau_dAlicante_a_Tabarca\"><\/span>Bateau d&#039;Alicante \u00e0 Tabarca<span class=\"ez-toc-section-end\"><\/span><\/h2><\/div><\/div>[vc_raw_html]PGRpdiBkYXRhLWd5Zy1ocmVmPSJodHRwczovL3dpZGdldC5nZXR5b3VyZ3VpZGUuY29tL2RlZmF1bHQvYWN0aXZpdGllcy5mcmFtZSIgZGF0YS1neWctbG9jYWxlLWNvZGU9ImVzLUVTIiBkYXRhLWd5Zy13aWRnZXQ9ImFjdGl2aXRpZXMiIGRhdGEtZ3lnLW51bWJlci1vZi1pdGVtcz0iMSIgZGF0YS1neWctY21wPSJJVF91cmxfYmFyY28iIGRhdGEtZ3lnLXBhcnRuZXItaWQ9IlcxUUxHOUsiIGRhdGEtZ3lnLXRvdXItaWRzPSI0NDk2ODUiPjwvZGl2Pg==[\/vc_raw_html][\/vc_column][vc_column width=\u00a0\u00bb1\/2&Prime;]<div id=\"ultimate-heading-306269de59cc05b47\" class=\"uvc-heading ult-adjust-bottom-margin ultimate-heading-306269de59cc05b47 uvc-6024 \" data-hspacer=\"no_spacer\"  data-halign=\"center\" style=\"text-align:center\"><div class=\"uvc-heading-spacer no_spacer\" style=\"top\"><\/div><div class=\"uvc-main-heading ult-responsive\"  data-ultimate-target='.uvc-heading.ultimate-heading-306269de59cc05b47 h2'  data-responsive-json-new='{\"font-size\":\"\",\"line-height\":\"\"}' ><h2 style=\"font-weight:normal;\"><span class=\"ez-toc-section\" id=\"Bateau_de_Santa_Pola_a_Tabarca\"><\/span>Bateau de Santa Pola \u00e0 Tabarca<span class=\"ez-toc-section-end\"><\/span><\/h2><\/div><\/div>[vc_raw_html]PGRpdiBkYXRhLWd5Zy1ocmVmPSJodHRwczovL3dpZGdldC5nZXR5b3VyZ3VpZGUuY29tL2RlZmF1bHQvYWN0aXZpdGllcy5mcmFtZSIgZGF0YS1neWctbG9jYWxlLWNvZGU9ImVzLUVTIiBkYXRhLWd5Zy13aWRnZXQ9ImFjdGl2aXRpZXMiIGRhdGEtZ3lnLW51bWJlci1vZi1pdGVtcz0iMSIgZGF0YS1neWctY21wPSJJVF91cmxfYmFyY28iIGRhdGEtZ3lnLXBhcnRuZXItaWQ9IlcxUUxHOUsiIGRhdGEtZ3lnLXRvdXItaWRzPSIzNjY2NDAiPjwvZGl2Pg==[\/vc_raw_html][\/vc_column][\/vc_row][vc_row][vc_column]<div id=\"ultimate-heading-238369de59cc05bc7\" class=\"uvc-heading ult-adjust-bottom-margin ultimate-heading-238369de59cc05bc7 uvc-9909 \" data-hspacer=\"no_spacer\"  data-halign=\"center\" style=\"text-align:center\"><div class=\"uvc-heading-spacer no_spacer\" style=\"top\"><\/div><div class=\"uvc-main-heading ult-responsive\"  data-ultimate-target='.uvc-heading.ultimate-heading-238369de59cc05bc7 h2'  data-responsive-json-new='{\"font-size\":\"\",\"line-height\":\"\"}' ><h2 style=\"font-weight:normal;\"><span class=\"ez-toc-section\" id=\"Les_raisons_de_prendre_un_bateau_pour_Tabarca\"><\/span>Les raisons de prendre un bateau pour Tabarca<span class=\"ez-toc-section-end\"><\/span><\/h2><\/div><div class=\"uvc-sub-heading ult-responsive\"  data-ultimate-target='.uvc-heading.ultimate-heading-238369de59cc05bc7 .uvc-sub-heading '  data-responsive-json-new='{\"font-size\":\"\",\"line-height\":\"\"}'  style=\"font-weight:normal;\"><\/p>\n<ul>\n<li style=\"text-align: justify;\">Exp\u00e9rience unique : l&rsquo;excursion en bateau \u00e0 Tabarca est une exp\u00e9rience unique et inoubliable. Vous pourrez profiter de la mer M\u00e9diterran\u00e9e et contempler la beaut\u00e9 de la c\u00f4te d&rsquo;Alicante d&rsquo;un point de vue diff\u00e9rent. <\/li>\n<li style=\"text-align: justify;\">Nature : Tabarca est un paradis naturel avec une grande vari\u00e9t\u00e9 de flore et de faune. Vous pourrez profiter de plages de sable blanc, d&rsquo;eaux cristallines et de falaises impressionnantes. L&rsquo;\u00eele poss\u00e8de \u00e9galement une r\u00e9serve marine prot\u00e9g\u00e9e o\u00f9 vous pourrez plonger et d\u00e9couvrir la vie marine.  <\/li>\n<li style=\"text-align: justify;\">Histoire et culture : Tabarca poss\u00e8de une histoire et une culture riches que vous pourrez d\u00e9couvrir lors de votre visite. L&rsquo;\u00eele poss\u00e8de un mur du 18e si\u00e8cle et une \u00e9glise du 19e si\u00e8cle, ainsi que plusieurs maisons et b\u00e2timents historiques. Vous pouvez \u00e9galement go\u00fbter \u00e0 la cuisine locale dans les restaurants de l&rsquo;\u00eele.  <\/li>\n<li style=\"text-align: justify;\">Accessibilit\u00e9 : L&rsquo;\u00eele de Tabarca n&rsquo;est accessible que par bateau, ce qui signifie qu&rsquo;il n&rsquo;y a pas de voitures ni de motos sur l&rsquo;\u00eele, ce qui en fait un endroit calme et d\u00e9tendu. En outre, il existe plusieurs ports sur la c\u00f4te d&rsquo;Alicante d&rsquo;o\u00f9 l&rsquo;on peut prendre un bateau pour Tabarca, ce qui la rend facilement accessible. <\/li>\n<li style=\"text-align: justify;\">Activit\u00e9s : En plus de profiter de la nature et de la culture de Tabarca, l&rsquo;\u00eele offre une grande vari\u00e9t\u00e9 d&rsquo;activit\u00e9s. Des sports nautiques tels que la plong\u00e9e et la voile aux randonn\u00e9es p\u00e9destres et cyclistes, il y en a pour tous les go\u00fbts et tous les \u00e2ges. <\/li>\n<\/ul>\n<p><\/div><\/div>[\/vc_column][\/vc_row][vc_row][vc_column]<div id=\"ultimate-heading-231169de59cc05c44\" class=\"uvc-heading ult-adjust-bottom-margin ultimate-heading-231169de59cc05c44 uvc-3363 \" data-hspacer=\"no_spacer\"  data-halign=\"center\" style=\"text-align:center\"><div class=\"uvc-heading-spacer no_spacer\" style=\"top\"><\/div><\/div>[\/vc_column][\/vc_row]<\/p>\n<\/div>","protected":false},"excerpt":{"rendered":"<p>[vc_row][vc_column][vc_column_text] Si vous \u00eates \u00e0 la recherche d&rsquo;une aventure m\u00e9diterran\u00e9enne unique, rien de tel qu&rsquo;une excursion en bateau \u00e0 Tabarca. Cette petite \u00eele situ\u00e9e au large d&rsquo;Alicante est un paradis pour les amoureux du soleil, de la mer et de la nature. Si vous voulez passer des vacances inoubliables, ne manquez pas de visiter Tabarca&hellip;<\/p>\n","protected":false},"author":1,"featured_media":1368,"parent":0,"menu_order":0,"comment_status":"closed","ping_status":"closed","template":"","meta":{"_joinchat":[],"footnotes":""},"class_list":["post-1876","page","type-page","status-publish","has-post-thumbnail","hentry","description-off"],"_links":{"self":[{"href":"https:\/\/laisladetabarca.com\/fr\/wp-json\/wp\/v2\/pages\/1876","targetHints":{"allow":["GET"]}}],"collection":[{"href":"https:\/\/laisladetabarca.com\/fr\/wp-json\/wp\/v2\/pages"}],"about":[{"href":"https:\/\/laisladetabarca.com\/fr\/wp-json\/wp\/v2\/types\/page"}],"author":[{"embeddable":true,"href":"https:\/\/laisladetabarca.com\/fr\/wp-json\/wp\/v2\/users\/1"}],"replies":[{"embeddable":true,"href":"https:\/\/laisladetabarca.com\/fr\/wp-json\/wp\/v2\/comments?post=1876"}],"version-history":[{"count":0,"href":"https:\/\/laisladetabarca.com\/fr\/wp-json\/wp\/v2\/pages\/1876\/revisions"}],"wp:featuredmedia":[{"embeddable":true,"href":"https:\/\/laisladetabarca.com\/fr\/wp-json\/wp\/v2\/media\/1368"}],"wp:attachment":[{"href":"https:\/\/laisladetabarca.com\/fr\/wp-json\/wp\/v2\/media?parent=1876"}],"curies":[{"name":"wp","href":"https:\/\/api.w.org\/{rel}","templated":true}]}}