{"id":2742,"date":"2026-04-22T12:18:43","date_gmt":"2026-04-22T10:18:43","guid":{"rendered":"https:\/\/laisladetabarca.com\/how-to-get-there\/"},"modified":"2026-05-04T13:55:33","modified_gmt":"2026-05-04T11:55:33","slug":"how-to-get-to-tabarca-from","status":"publish","type":"page","link":"https:\/\/laisladetabarca.com\/en\/how-to-get-to-tabarca-from\/","title":{"rendered":"How to get there"},"content":{"rendered":"\t\t<div data-elementor-type=\"wp-page\" data-elementor-id=\"2742\" class=\"elementor elementor-2742 elementor-969\" data-elementor-post-type=\"page\">\n\t\t\t\t<div class=\"elementor-element elementor-element-1543420 e-con-full e-flex e-con e-parent\" data-id=\"1543420\" data-element_type=\"container\" data-e-type=\"container\">\n\t\t\t\t<div class=\"elementor-element elementor-element-4f6af41 elementor-widget elementor-widget-html\" data-id=\"4f6af41\" data-element_type=\"widget\" data-e-type=\"widget\" data-widget_type=\"html.default\">\n\t\t\t\t\t<script type=\"application\/ld+json\">{\r\n  \"@context\": \"https:\/\/schema.org\",\r\n  \"@graph\": [\r\n    {\r\n      \"@type\": \"Article\",\r\n      \"@id\": \"https:\/\/laisladetabarca.com\/como-ir\/#article\",\r\n      \"headline\": \"C\u00f3mo llegar a Tabarca: barcos desde 9 puertos de la Costa Blanca\",\r\n      \"description\": \"Gu\u00eda completa para llegar a la Isla de Tabarca. Horarios, precios, duraci\u00f3n y temporada de los barcos desde Santa Pola, Alicante, Altea, Benidorm, Denia, J\u00e1vea, Moraira, Murcia y Valencia.\",\r\n      \"url\": \"https:\/\/laisladetabarca.com\/como-ir\/\",\r\n      \"inLanguage\": \"es-ES\",\r\n      \"author\": {\r\n        \"@type\": \"Organization\",\r\n        \"name\": \"La Isla de Tabarca\",\r\n        \"url\": \"https:\/\/laisladetabarca.com\/\",\r\n        \"logo\": {\r\n          \"@type\": \"ImageObject\",\r\n          \"url\": \"https:\/\/laisladetabarca.com\/wp-content\/uploads\/2026\/04\/logo-islatabarca.com_-1.webp\"\r\n        }\r\n      },\r\n      \"publisher\": {\r\n        \"@type\": \"Organization\",\r\n        \"name\": \"La Isla de Tabarca\",\r\n        \"url\": \"https:\/\/laisladetabarca.com\/\",\r\n        \"logo\": {\r\n          \"@type\": \"ImageObject\",\r\n          \"url\": \"https:\/\/laisladetabarca.com\/wp-content\/uploads\/2026\/04\/logo-islatabarca.com_-1.webp\"\r\n        }\r\n      },\r\n      \"about\": {\r\n        \"@type\": \"TouristAttraction\",\r\n        \"name\": \"Isla de Tabarca\"\r\n      }\r\n    },\r\n    {\r\n      \"@type\": \"ItemList\",\r\n      \"@id\": \"https:\/\/laisladetabarca.com\/como-ir\/#puertos\",\r\n      \"name\": \"Puertos con barco a Tabarca\",\r\n      \"numberOfItems\": 9,\r\n      \"itemListElement\": [\r\n        {\r\n          \"@type\": \"ListItem\",\r\n          \"position\": 1,\r\n          \"name\": \"Desde Santa Pola\",\r\n          \"url\": \"https:\/\/laisladetabarca.com\/como-ir\/desde-santa-pola\/\"\r\n        },\r\n        {\r\n          \"@type\": \"ListItem\",\r\n          \"position\": 2,\r\n          \"name\": \"Desde Alicante\",\r\n          \"url\": \"https:\/\/laisladetabarca.com\/como-ir\/desde-alicante\/\"\r\n        },\r\n        {\r\n          \"@type\": \"ListItem\",\r\n          \"position\": 3,\r\n          \"name\": \"Desde Altea\",\r\n          \"url\": \"https:\/\/laisladetabarca.com\/como-ir\/desde-altea\/\"\r\n        },\r\n        {\r\n          \"@type\": \"ListItem\",\r\n          \"position\": 4,\r\n          \"name\": \"Desde Benidorm\",\r\n          \"url\": \"https:\/\/laisladetabarca.com\/como-ir\/desde-benidorm\/\"\r\n        },\r\n        {\r\n          \"@type\": \"ListItem\",\r\n          \"position\": 5,\r\n          \"name\": \"Desde Denia\",\r\n          \"url\": \"https:\/\/laisladetabarca.com\/como-ir\/desde-denia\/\"\r\n        },\r\n        {\r\n          \"@type\": \"ListItem\",\r\n          \"position\": 6,\r\n          \"name\": \"Desde J\u00e1vea\",\r\n          \"url\": \"https:\/\/laisladetabarca.com\/como-ir\/desde-javea\/\"\r\n        },\r\n        {\r\n          \"@type\": \"ListItem\",\r\n          \"position\": 7,\r\n          \"name\": \"Desde Moraira\",\r\n          \"url\": \"https:\/\/laisladetabarca.com\/como-ir\/desde-moraira\/\"\r\n        },\r\n        {\r\n          \"@type\": \"ListItem\",\r\n          \"position\": 8,\r\n          \"name\": \"Desde Murcia\",\r\n          \"url\": \"https:\/\/laisladetabarca.com\/como-ir\/desde-murcia\/\"\r\n        },\r\n        {\r\n          \"@type\": \"ListItem\",\r\n          \"position\": 9,\r\n          \"name\": \"Desde Valencia\",\r\n          \"url\": \"https:\/\/laisladetabarca.com\/como-ir\/desde-valencia\/\"\r\n        }\r\n      ]\r\n    },\r\n    {\r\n      \"@type\": \"BreadcrumbList\",\r\n      \"@id\": \"https:\/\/laisladetabarca.com\/como-ir\/#breadcrumb\",\r\n      \"itemListElement\": [\r\n        {\r\n          \"@type\": \"ListItem\",\r\n          \"position\": 1,\r\n          \"name\": \"Inicio\",\r\n          \"item\": \"https:\/\/laisladetabarca.com\/\"\r\n        },\r\n        {\r\n          \"@type\": \"ListItem\",\r\n          \"position\": 2,\r\n          \"name\": \"C\u00f3mo ir a Tabarca\"\r\n        }\r\n      ]\r\n    }\r\n  ]\r\n}\r\n<\/script>\t\t\t\t<\/div>\n\t\t\t\t<\/div>\n\t\t<div class=\"elementor-element elementor-element-a21cb06 e-con-full e-flex e-con e-parent\" data-id=\"a21cb06\" data-element_type=\"container\" data-e-type=\"container\">\n\t\t\t\t<div class=\"elementor-element elementor-element-a4f7f6f elementor-widget elementor-widget-html\" data-id=\"a4f7f6f\" data-element_type=\"widget\" data-e-type=\"widget\" data-widget_type=\"html.default\">\n\t\t\t\t\t<section class=\"mrl-features\">\r\n  <div class=\"mrl-features__inner\">\r\n    <div class=\"mrl-features__header\">\r\n      <div class=\"mrl-features__heading\">\r\n        <p class=\"mrl-features__eyebrow\">What you need to know before travelling<\/p>\r\n        <h2 class=\"mrl-features__title\">\r\n Everything you need to know about getting to\r\nTabarca\r\n        <\/h2>\r\n      <\/div>\r\n      <p class=\"mrl-features__intro\">\r\n Tabarca is a small island, 1,800 metres in length, situated off the coast of Santa Pola (Alicante). Solo se puede acceder por mar. Estos son los puntos clave que deber\u00edas tener en cuenta al planificar tu visita. \r\n      <\/p>\r\n    <\/div>\r\n\r\n    <div class=\"mrl-features__grid\">\r\n      <div class=\"mrl-features__item\">\r\n        <div class=\"mrl-features__icon\" aria-hidden=\"true\">\r\n          <svg viewbox=\"0 0 64 64\" fill=\"none\" stroke=\"currentColor\" stroke-width=\"2.5\" stroke-linecap=\"round\" stroke-linejoin=\"round\">\r\n            <path d=\"M12 54 L12 28 L32 14 L52 28 L52 54 Z\"\/>\r\n            <circle cx=\"32\" cy=\"30\" r=\"3\"\/>\r\n            <path d=\"M32 33 L32 46\"\/>\r\n            <path d=\"M26 42 Q32 50 38 42\"\/>\r\n            <path d=\"M28 38 L36 38\"\/>\r\n          <\/svg>\r\n        <\/div>\r\n        <h3 class=\"mrl-features__item-title\">Santa Pola, the key port<\/h3>\r\n        <p class=\"mrl-features__item-text\">95% of ferries to Tabarca depart from the port of Santa Pola. It is the quickest (20 mins), cheapest (from \u20ac19) and offers the most departures per day. <\/p>\r\n      <\/div>\r\n\r\n      <div class=\"mrl-features__item\">\r\n        <div class=\"mrl-features__icon\" aria-hidden=\"true\">\r\n          <svg viewbox=\"0 0 64 64\" fill=\"none\" stroke=\"currentColor\" stroke-width=\"2.5\" stroke-linecap=\"round\" stroke-linejoin=\"round\">\r\n            <circle cx=\"32\" cy=\"32\" r=\"24\"\/>\r\n            <path d=\"M32 8 L32 32 L46 42\"\/>\r\n          <\/svg>\r\n        <\/div>\r\n        <h3 class=\"mrl-features__item-title\">Season determines timetables<\/h3>\r\n        <p class=\"mrl-features__item-text\">In summer (June\u2013September), there are departures every 30 minutes. In the low season, services are reduced to 2\u20133 a day. It is advisable to check before setting off.  <\/p>\r\n      <\/div>\r\n\r\n      <div class=\"mrl-features__item\">\r\n        <div class=\"mrl-features__icon\" aria-hidden=\"true\">\r\n          <svg viewbox=\"0 0 64 64\" fill=\"none\" stroke=\"currentColor\" stroke-width=\"2.5\" stroke-linecap=\"round\" stroke-linejoin=\"round\">\r\n            <path d=\"M8 22 L12 22 L12 42 L8 42 Z\"\/>\r\n            <path d=\"M20 16 L48 16 L48 48 L20 48 Z\"\/>\r\n            <path d=\"M26 24 L42 24\"\/>\r\n            <path d=\"M26 32 L42 32\"\/>\r\n            <path d=\"M26 40 L36 40\"\/>\r\n            <path d=\"M52 22 L56 22 L56 42 L52 42 Z\"\/>\r\n          <\/svg>\r\n        <\/div>\r\n        <h3 class=\"mrl-features__item-title\">Return journey<\/h3>\r\n        <p class=\"mrl-features__item-text\">Most ferry companies allow you to buy a return ticket for the same day or the following day. Booking online is usually cheaper than buying at the ticket office. <\/p>\r\n      <\/div>\r\n\r\n      <div class=\"mrl-features__item\">\r\n        <div class=\"mrl-features__icon\" aria-hidden=\"true\">\r\n          <svg viewbox=\"0 0 64 64\" fill=\"none\" stroke=\"currentColor\" stroke-width=\"2.5\" stroke-linecap=\"round\" stroke-linejoin=\"round\">\r\n            <path d=\"M32 54 Q20 42 20 30 Q20 20 32 20 Q44 20 44 30 Q44 42 32 54 Z\"\/>\r\n            <circle cx=\"32\" cy=\"30\" r=\"5\"\/>\r\n          <\/svg>\r\n        <\/div>\r\n        <h3 class=\"mrl-features__item-title\">Options by city<\/h3>\r\n        <p class=\"mrl-features__item-text\">Alicante, Benidorm and Torrevieja also have direct services in the summer, although less frequently. The other towns can be reached via Santa Pola by car or public transport. <\/p>\r\n      <\/div>\r\n    <\/div>\r\n  <\/div>\r\n<\/section>\r\n\r\n<style>\r\n.mrl-features{background:#fff;padding:80px 24px;font-family:'Inter',-apple-system,BlinkMacSystemFont,sans-serif;color:#0b1e3f;}\r\n.mrl-features__inner{max-width:1240px;margin:0 auto;}\r\n.mrl-features__header{display:grid;grid-template-columns:1.4fr 1fr;gap:60px;align-items:start;margin-bottom:70px;}\r\n.mrl-features__eyebrow{font-family:'Caveat','Patrick Hand',cursive;color:#a01a5a;font-size:28px;line-height:1.2;margin:0 0 14px;font-weight:500;}\r\n.mrl-features__title{font-size:46px;line-height:1.1;font-weight:800;color:#0b1e3f;margin:0;letter-spacing:-.5px;}\r\n.mrl-features__highlight{display:inline-block;background:#0b1e3f;color:#fff;padding:2px 18px;border-radius:6px;}\r\n.mrl-features__intro{font-size:15px;line-height:1.75;color:#3a4a6b;margin:0;padding-top:12px;}\r\n\r\n.mrl-features__grid{display:grid;grid-template-columns:repeat(4,1fr);gap:40px;}\r\n.mrl-features__item{display:flex;flex-direction:column;}\r\n.mrl-features__icon{width:54px;height:54px;color:#a01a5a;margin-bottom:22px;}\r\n.mrl-features__icon svg{width:100%;height:100%;}\r\n.mrl-features__item-title{font-size:18px;font-weight:700;color:#0b1e3f;margin:0 0 14px;}\r\n.mrl-features__item-text{font-size:14.5px;line-height:1.75;color:#3a4a6b;margin:0;}\r\n\r\n@media (max-width:1024px){\r\n  .mrl-features__grid{grid-template-columns:repeat(2,1fr);gap:48px 40px;}\r\n  .mrl-features__header{grid-template-columns:1fr;gap:20px;}\r\n  .mrl-features__title{font-size:38px;}\r\n}\r\n@media (max-width:560px){\r\n  .mrl-features{padding:60px 20px;}\r\n  .mrl-features__grid{grid-template-columns:1fr;gap:40px;}\r\n  .mrl-features__title{font-size:30px;}\r\n  .mrl-features__eyebrow{font-size:22px;}\r\n}\r\n<\/style>\t\t\t\t<\/div>\n\t\t\t\t<\/div>\n\t\t<div class=\"elementor-element elementor-element-0180d1b e-flex e-con-boxed e-con e-parent\" data-id=\"0180d1b\" data-element_type=\"container\" data-e-type=\"container\">\n\t\t\t\t\t<div class=\"e-con-inner\">\n\t\t\t\t<div class=\"elementor-element elementor-element-29acaf2 elementor-widget elementor-widget-spacer\" data-id=\"29acaf2\" data-element_type=\"widget\" data-e-type=\"widget\" data-widget_type=\"spacer.default\">\n\t\t\t\t\t\t\t<div class=\"elementor-spacer\">\n\t\t\t<div class=\"elementor-spacer-inner\"><\/div>\n\t\t<\/div>\n\t\t\t\t\t\t<\/div>\n\t\t\t\t\t<\/div>\n\t\t\t\t<\/div>\n\t\t<div class=\"elementor-element elementor-element-b90d83f e-con-full e-flex e-con e-parent\" data-id=\"b90d83f\" data-element_type=\"container\" data-e-type=\"container\">\n\t\t\t\t<div class=\"elementor-element elementor-element-1d9c63d elementor-widget elementor-widget-html\" data-id=\"1d9c63d\" data-element_type=\"widget\" data-e-type=\"widget\" data-widget_type=\"html.default\">\n\t\t\t\t\t<section class=\"mrl-post-finalcta\"><div class=\"mrl-post-finalcta__inner\"><div class=\"mrl-post-finalcta__content\"><p class=\"mrl-post-finalcta__eyebrow\">Aprovecha tu visita al m\u00e1ximo<\/p><h2 class=\"mrl-post-finalcta__title\">Reserva tu experiencia en Tabarca<\/h2><p class=\"mrl-post-finalcta__desc\">No te limites a visitar la isla: vive Tabarca con una experiencia inolvidable. Snorkel en la Reserva Marina, buceo entre praderas de posidonia, una ruta en moto de agua o un paseo en barco privado. Reserva online con las mejores condiciones.\r\n      <\/p><a href=\"https:\/\/laisladetabarca.com\/en\/activities-on-tabarca-island\/\" class=\"mrl-post-finalcta__btn\">VER TODAS LAS ACTIVIDADES \u2192<\/a><\/div><div class=\"mrl-post-finalcta__img\"><img decoding=\"async\" src=\"https:\/\/laisladetabarca.com\/wp-content\/uploads\/2026\/04\/playa_tabarca.png\" alt=\"Experiencias n\u00e1uticas en la isla de Tabarca\" onerror=\"this.style.display='none'\"><\/div><\/div><\/section><style>.mrl-post-finalcta{\r\n  padding:60px 24px;\r\n  font-family:'Inter',-apple-system,BlinkMacSystemFont,sans-serif;\r\n  background:#0b1e3f;\r\n  color:#fff;\r\n}\r\n.mrl-post-finalcta__inner{\r\n  max-width:1100px;\r\n  margin:0 auto;\r\n  display:grid;\r\n  grid-template-columns:1.3fr 1fr;\r\n  gap:48px;\r\n  align-items:center;\r\n}\r\n.mrl-post-finalcta__eyebrow{\r\n  font-family:'Caveat','Patrick Hand',cursive;\r\n  color:#ffb4d8;\r\n  font-size:26px;\r\n  margin:0 0 6px;\r\n  font-weight:500;\r\n}\r\n.mrl-post-finalcta h2.mrl-post-finalcta__title,\r\n.mrl-post-finalcta__title{\r\n  font-size:38px !important;\r\n  font-weight:800 !important;\r\n  margin:0 0 16px !important;\r\n  line-height:1.15 !important;\r\n  letter-spacing:-.5px !important;\r\n  color:#fff !important;\r\n}\r\n}\r\n.mrl-post-finalcta__desc{\r\n  font-size:16px;\r\n  line-height:1.7;\r\n  color:rgba(255,255,255,.75);\r\n  margin:0 0 28px;\r\n  max-width:480px;\r\n}\r\n.mrl-post-finalcta__btn{\r\n  display:inline-block;\r\n  background:#a01a5a;\r\n  color:#fff !important;\r\n  text-decoration:none !important;\r\n  font-weight:700;\r\n  font-size:13px;\r\n  letter-spacing:1px;\r\n  padding:16px 28px;\r\n  border-radius:4px;\r\n  transition:background .25s ease, transform .25s ease;\r\n}\r\n.mrl-post-finalcta__btn:hover{\r\n  background:#7f1448;\r\n  transform:translateY(-2px);\r\n}\r\n.mrl-post-finalcta__img{\r\n  width:100%;\r\n  aspect-ratio:4\/3;\r\n  border-radius:10px;\r\n  overflow:hidden;\r\n  background:rgba(255,255,255,.05);\r\n}\r\n.mrl-post-finalcta__img img{\r\n  width:100% !important;\r\n  height:100% !important;\r\n  object-fit:cover !important;\r\n  display:block !important;\r\n  max-width:none !important;\r\n}\r\n\r\n@media (max-width:768px){\r\n  .mrl-post-finalcta__inner{\r\n    grid-template-columns:1fr;\r\n    gap:32px;\r\n  }\r\n  .mrl-post-finalcta__title{font-size:28px;}\r\n  .mrl-post-finalcta__img{aspect-ratio:16\/9;}\r\n}\r\n<\/style>\t\t\t\t<\/div>\n\t\t\t\t<\/div>\n\t\t\t\t<\/div>\n\t\t","protected":false},"excerpt":{"rendered":"<p>What you need to know before travelling Everything you need to know about getting to Tabarca Tabarca is a small island, 1,800 metres in length, situated off the coast of Santa Pola (Alicante). Solo se puede acceder por mar. Estos son los puntos clave que deber\u00edas tener en cuenta al planificar tu visita. Santa Pola, [&hellip;]<\/p>\n","protected":false},"author":1,"featured_media":0,"parent":0,"menu_order":0,"comment_status":"closed","ping_status":"closed","template":"","meta":{"footnotes":""},"class_list":["post-2742","page","type-page","status-publish","hentry"],"_links":{"self":[{"href":"https:\/\/laisladetabarca.com\/en\/wp-json\/wp\/v2\/pages\/2742","targetHints":{"allow":["GET"]}}],"collection":[{"href":"https:\/\/laisladetabarca.com\/en\/wp-json\/wp\/v2\/pages"}],"about":[{"href":"https:\/\/laisladetabarca.com\/en\/wp-json\/wp\/v2\/types\/page"}],"author":[{"embeddable":true,"href":"https:\/\/laisladetabarca.com\/en\/wp-json\/wp\/v2\/users\/1"}],"replies":[{"embeddable":true,"href":"https:\/\/laisladetabarca.com\/en\/wp-json\/wp\/v2\/comments?post=2742"}],"version-history":[{"count":4,"href":"https:\/\/laisladetabarca.com\/en\/wp-json\/wp\/v2\/pages\/2742\/revisions"}],"predecessor-version":[{"id":3872,"href":"https:\/\/laisladetabarca.com\/en\/wp-json\/wp\/v2\/pages\/2742\/revisions\/3872"}],"wp:attachment":[{"href":"https:\/\/laisladetabarca.com\/en\/wp-json\/wp\/v2\/media?parent=2742"}],"curies":[{"name":"wp","href":"https:\/\/api.w.org\/{rel}","templated":true}]}}