{"id":3906,"date":"2022-07-15T07:48:59","date_gmt":"2022-07-15T06:48:59","guid":{"rendered":"https:\/\/laisladetabarca.com\/cookie-richtlinie\/"},"modified":"2025-08-06T21:43:45","modified_gmt":"2025-08-06T21:43:45","slug":"cookie-richtlinie","status":"publish","type":"page","link":"https:\/\/laisladetabarca.com\/de\/cookie-richtlinie\/","title":{"rendered":"Cookie-Richtlinie"},"content":{"rendered":"\n<p>Auf der Website <a href=\"https:\/\/laisladetabarca.com\/de\/\">laisladetabarca.com<\/a> verwenden wir Cookies, um den Besuchern den Umgang mit unseren Inhalten zu erleichtern und um Statistiken \u00fcber die Besucher unserer Website zu erstellen.<br\/>In \u00dcbereinstimmung mit der Richtlinie 2009\/136\/EG, die in unserer Rechtsordnung durch Artikel 22 Absatz 2 des Gesetzes \u00fcber Dienste der Informationsgesellschaft umgesetzt wurde, und gem\u00e4\u00df den Richtlinien der spanischen Datenschutzbeh\u00f6rde informieren wir Sie hiermit ausf\u00fchrlich \u00fcber die Nutzung unserer Website.<br\/>Cookies sind kleine Dateien, die im Browser jedes Besuchers unserer Website gespeichert werden, damit sich der Server den Besuch dieses Benutzers merken kann, wenn er sp\u00e4ter erneut auf unsere Inhalte zugreift. Diese Informationen geben weder Ihre Identit\u00e4t noch pers\u00f6nliche Daten preis und greifen auch nicht auf die auf Ihrem PC gespeicherten Inhalte zu, aber sie erm\u00f6glichen es unserem System, Sie als einen bestimmten Nutzer zu identifizieren, der die Website bereits zuvor besucht, bestimmte Seiten angesehen hat usw. Au\u00dferdem k\u00f6nnen so Ihre pers\u00f6nlichen Pr\u00e4ferenzen und technische Informationen wie beispielsweise die Anzahl Ihrer Besuche oder die von Ihnen besuchten Seiten gespeichert werden. <br\/>Der Zweck von Cookies besteht darin, dem Nutzer einen schnelleren Zugang zu den ausgew\u00e4hlten Diensten zu erm\u00f6glichen.<br\/>Wenn Sie nicht m\u00f6chten, dass Cookies in Ihrem Browser gespeichert werden, oder wenn Sie jedes Mal benachrichtigt werden m\u00f6chten, wenn ein Cookie installiert werden soll, k\u00f6nnen Sie Ihre Browser-Einstellungen entsprechend anpassen. Die meisten Browser bieten drei verschiedene M\u00f6glichkeiten zur Verwaltung von Cookies: <\/p>\n\n<ul class=\"wp-block-list\"><li>Cookies werden immer abgelehnt;<\/li><li>Der Browser fragt den Benutzer, ob er jedes Cookie installieren m\u00f6chte.<\/li><li>Cookies werden immer akzeptiert.<\/li><\/ul>\n\n<p>Ihr Browser bietet Ihnen m\u00f6glicherweise auch die M\u00f6glichkeit, detailliert auszuw\u00e4hlen, welche Cookies auf Ihrem Computer installiert werden sollen. Konkret kann der Nutzer in der Regel eine der folgenden Optionen akzeptieren: <\/p>\n\n<ul class=\"wp-block-list\"><li>Cookies von bestimmten Domains ablehnen;<\/li><li>Cookies von Drittanbietern ablehnen;<\/li><li>Cookies als nicht dauerhaft akzeptieren (sie werden gel\u00f6scht, wenn der Browser geschlossen wird);<\/li><li>dem Server erlauben, Cookies f\u00fcr eine andere Domain zu erstellen.<\/li><\/ul>\n\n<p><strong>Um die auf Ihrem Computer installierten Cookies zuzulassen, anzuzeigen, zu blockieren oder zu l\u00f6schen, k\u00f6nnen Sie die Einstellungen Ihres Browsers entsprechend anpassen.<\/strong><br\/>Informationen zur Konfiguration der g\u00e4ngigsten Browser finden Sie unter folgenden Links:<\/p>\n\n<ul class=\"wp-block-list\"><li><strong>Internet Explorer<\/strong>: Extras \u2013&gt; Internetoptionen \u2013&gt; Datenschutz \u2013&gt; Einstellungen. Weitere Informationen finden Sie im <a href=\"http:\/\/windows.microsoft.com\/es-ES\/windows\/support\" rel=\"nofollow noopener\" target=\"_blank\">Microsoft-Support<\/a> oder in der Hilfe Ihres Browsers. <\/li><li><strong>Firefox<\/strong>: Extras \u2013&gt; Einstellungen \u2013&gt; Datenschutz \u2013&gt; Chronik \u2013&gt; Benutzerdefinierte Einstellungen. Weitere Informationen finden Sie im <a href=\"http:\/\/support.mozilla.org\/es\/home\" rel=\"nofollow noopener\" target=\"_blank\">Mozilla-Support<\/a> oder in der Hilfe Ihres Browsers. <\/li><li><strong>Chrome<\/strong>: Einstellungen -&gt; Erweiterte Optionen anzeigen -&gt; Datenschutz -&gt; Inhaltseinstellungen. Weitere Informationen finden Sie im <a href=\"http:\/\/support.google.com\/chrome\/?hl=es\" rel=\"nofollow noopener\" target=\"_blank\">Google-Support<\/a> oder in der Hilfe Ihres Browsers. <\/li><li><strong>Safari<\/strong>: Einstellungen \u2013 &gt; Sicherheit. Weitere Informationen finden Sie im <a href=\"http:\/\/www.apple.com\/es\/support\/safari\/\" rel=\"nofollow noopener\" target=\"_blank\">Apple-Support<\/a> oder in der Hilfe Ihres Browsers. <\/li><\/ul>\n\n<p>In Bezug auf Cookies von Dritten, d. h. solche, die nicht zu unserer Website geh\u00f6ren, k\u00f6nnen wir keine Verantwortung f\u00fcr den Inhalt und die Richtigkeit der darin enthaltenen Datenschutzrichtlinien \u00fcbernehmen, sodass die von uns angebotenen Informationen immer mit Verweis auf die Quelle erfolgen.<br\/>Im Folgenden informieren wir Sie ausf\u00fchrlich \u00fcber die Cookies, die von unserer Website installiert werden k\u00f6nnen. Je nach Ihrem Surfverhalten k\u00f6nnen alle oder nur einige davon installiert werden. <\/p>\n\n<p>Cookie: <strong>__utma<\/strong><br\/><strong>Beschreibung: <\/strong>Identifizierung einzelner Besucher: Wird verwendet, um einzelne Besucher zu statistischen und analytischen Zwecken zu registrieren.<br\/><strong>Dauer:<\/strong> 2 Jahre<br\/><strong>Quelle:<\/strong> Google (Analytics)<\/p>\n\n<p>Cookie: <strong>__utmb<\/strong><br\/>Beschreibung: Wird verwendet, um neue Sitzungen oder Besuche zu ermitteln.<br\/>Dauer: 30 Minuten<br\/>Quelle: Google (Analytics)<\/p>\n\n<p>Cookie: <strong>__utmc<\/strong><br\/><strong>Beschreibung:<\/strong> Wird in ga.js nicht verwendet. Es ist f\u00fcr die Interaktion mit urchin.js konfiguriert. Fr\u00fcher wurde dieses Cookie zusammen mit dem Cookie __utmb verwendet, um festzustellen, ob sich der Nutzer in einer neuen Sitzung oder einem neuen Besuch befand.  <br\/><strong>Dauer:<\/strong> Wird verwendet, um den Prozentsatz der Anfragen zu begrenzen.<br\/><strong>Quelle: <\/strong>Google (Analytics)<\/p>\n\n<p>Cookie: <strong>__utmt<\/strong><br\/><strong>Beschreibung: <\/strong>Wird verwendet, um den Prozentsatz der Anfragen zu begrenzen.<br\/><strong>Dauer: <\/strong>10 Minuten<br\/><strong>Quelle: <\/strong>Google (Analytics)<\/p>\n\n<p>Cookie: <strong>__utmv<\/strong><br\/><strong>Beschreibung: <\/strong>Erfassung von Traffic- und Navigationsquellen: Wird verwendet, um zu erfassen, wie Sie auf unsere Website gelangt sind (\u00fcber eine Google-Suche, eine Anzeige usw.) und welche Wege Sie beim Surfen auf unserer Website nehmen. Wir verwenden diese Informationen, um die Benutzererfahrung bei zuk\u00fcnftigen Aktualisierungen zu verbessern. <br\/><strong>Dauer: <\/strong>6 Monate<br\/><strong>Quelle: <\/strong>Google (Analytics)<\/p>\n\n<p>Cookie: <strong>__ga<\/strong><br\/><strong>Beschreibung: <\/strong>Wird verwendet, um Nutzer zu unterscheiden.<br\/><strong>Dauer: <\/strong>2 Jahre<br\/><strong>Quelle: <\/strong>Google (Analytics)<\/p>\n\n<p>Cookie: <strong>__gat<\/strong><br\/><strong>Beschreibung: <\/strong>Wird verwendet, um den Prozentsatz der Anfragen zu begrenzen.<br\/><strong>Dauer: <\/strong>10 Minuten<br\/><strong>Quelle: <\/strong>Google (Analytics)<\/p>\n\n<p>Cookie: <strong>__gid<\/strong><br\/><strong>Beschreibung: <\/strong>Wird verwendet, um Nutzer zu unterscheiden.<br\/><strong>Dauer: <\/strong>1 Tag<br\/><strong>Quelle: <\/strong>Google (Analytics)<\/p>\n\n<p>Cookie: <strong>_fbp<\/strong><br\/><strong>Beschreibung: <\/strong>Wird verwendet, um Nutzer zu unterscheiden.<br\/><strong>Dauer: <\/strong>3 Monate<br\/><strong>Quelle: <\/strong>Facebook<\/p>\n\n<p>Cookie: <strong>moove_gdpr_popup<\/strong><br\/><strong>Beschreibung: <\/strong>Besucher-Registrierungssitzung: Wird verwendet, um Ihre Sitzung und Ihre Auswahl hinsichtlich der Cookie-Richtlinie zu registrieren und bei zuk\u00fcnftigen Besuchen zu speichern.<br\/><strong>Dauer: <\/strong>1 Jahr<br\/><strong>Quelle: <\/strong>laisladetabarca.com<\/p>\n\n<p>Diese Cookie-Richtlinie kann aufgrund gesetzlicher oder beh\u00f6rdlicher Anforderungen oder zur Anpassung dieser Richtlinie an die Anweisungen der spanischen Datenschutzbeh\u00f6rde ge\u00e4ndert werden. Daher wird den Benutzern empfohlen, sie regelm\u00e4\u00dfig zu besuchen.<br\/>Bei wesentlichen \u00c4nderungen dieser Cookie-Richtlinie werden die Benutzer entweder \u00fcber die Website oder per E-Mail an die registrierten Benutzer informiert.<\/p>\n","protected":false},"excerpt":{"rendered":"<p>Auf der Website laisladetabarca.com verwenden wir Cookies, um den Besuchern den Umgang mit unseren Inhalten zu erleichtern und um Statistiken \u00fcber die Besucher unserer Website zu erstellen.In \u00dcbereinstimmung mit der Richtlinie 2009\/136\/EG, die in unserer Rechtsordnung durch Artikel 22 Absatz 2 des Gesetzes \u00fcber Dienste der Informationsgesellschaft umgesetzt wurde, und gem\u00e4\u00df den Richtlinien der spanischen&hellip;<\/p>\n","protected":false},"author":1,"featured_media":0,"parent":0,"menu_order":0,"comment_status":"closed","ping_status":"closed","template":"","meta":{"_joinchat":[],"footnotes":""},"class_list":["post-3906","page","type-page","status-publish","hentry","description-off"],"_links":{"self":[{"href":"https:\/\/laisladetabarca.com\/de\/wp-json\/wp\/v2\/pages\/3906","targetHints":{"allow":["GET"]}}],"collection":[{"href":"https:\/\/laisladetabarca.com\/de\/wp-json\/wp\/v2\/pages"}],"about":[{"href":"https:\/\/laisladetabarca.com\/de\/wp-json\/wp\/v2\/types\/page"}],"author":[{"embeddable":true,"href":"https:\/\/laisladetabarca.com\/de\/wp-json\/wp\/v2\/users\/1"}],"replies":[{"embeddable":true,"href":"https:\/\/laisladetabarca.com\/de\/wp-json\/wp\/v2\/comments?post=3906"}],"version-history":[{"count":0,"href":"https:\/\/laisladetabarca.com\/de\/wp-json\/wp\/v2\/pages\/3906\/revisions"}],"wp:attachment":[{"href":"https:\/\/laisladetabarca.com\/de\/wp-json\/wp\/v2\/media?parent=3906"}],"curies":[{"name":"wp","href":"https:\/\/api.w.org\/{rel}","templated":true}]}}