{"id":3869,"date":"2022-07-15T07:45:53","date_gmt":"2022-07-15T06:45:53","guid":{"rendered":"https:\/\/laisladetabarca.com\/rechtlicher-hinweis\/"},"modified":"2025-07-30T14:11:47","modified_gmt":"2025-07-30T14:11:47","slug":"rechtlicher-hinweis","status":"publish","type":"page","link":"https:\/\/laisladetabarca.com\/de\/rechtlicher-hinweis\/","title":{"rendered":"Rechtlicher Hinweis"},"content":{"rendered":"\n<p>Gem\u00e4\u00df Artikel 10 des Gesetzes 34\/2002 vom 11. Juli \u00fcber Dienste der Informationsgesellschaft und elektronischen Handel (LSSICE) werden nachstehend die Identifikationsdaten des Unternehmens angegeben.<\/p>\n\n<div id=\"ez-toc-container\" class=\"ez-toc-v2_0_80 counter-hierarchy ez-toc-counter ez-toc-grey ez-toc-container-direction\">\n<div class=\"ez-toc-title-container\">\n<p class=\"ez-toc-title\" style=\"cursor:inherit\">Table of Contents<\/p>\n<span class=\"ez-toc-title-toggle\"><a href=\"#\" class=\"ez-toc-pull-right ez-toc-btn ez-toc-btn-xs ez-toc-btn-default ez-toc-toggle\" aria-label=\"Toggle Table of Content\"><span class=\"ez-toc-js-icon-con\"><span class=\"\"><span class=\"eztoc-hide\" style=\"display:none;\">Toggle<\/span><span class=\"ez-toc-icon-toggle-span\"><svg style=\"fill: #999;color:#999\" xmlns=\"http:\/\/www.w3.org\/2000\/svg\" class=\"list-377408\" width=\"20px\" height=\"20px\" viewBox=\"0 0 24 24\" fill=\"none\"><path d=\"M6 6H4v2h2V6zm14 0H8v2h12V6zM4 11h2v2H4v-2zm16 0H8v2h12v-2zM4 16h2v2H4v-2zm16 0H8v2h12v-2z\" fill=\"currentColor\"><\/path><\/svg><svg style=\"fill: #999;color:#999\" class=\"arrow-unsorted-368013\" xmlns=\"http:\/\/www.w3.org\/2000\/svg\" width=\"10px\" height=\"10px\" viewBox=\"0 0 24 24\" version=\"1.2\" baseProfile=\"tiny\"><path d=\"M18.2 9.3l-6.2-6.3-6.2 6.3c-.2.2-.3.4-.3.7s.1.5.3.7c.2.2.4.3.7.3h11c.3 0 .5-.1.7-.3.2-.2.3-.5.3-.7s-.1-.5-.3-.7zM5.8 14.7l6.2 6.3 6.2-6.3c.2-.2.3-.5.3-.7s-.1-.5-.3-.7c-.2-.2-.4-.3-.7-.3h-11c-.3 0-.5.1-.7.3-.2.2-.3.5-.3.7s.1.5.3.7z\"\/><\/svg><\/span><\/span><\/span><\/a><\/span><\/div>\n<nav><ul class='ez-toc-list ez-toc-list-level-1 ' ><li class='ez-toc-page-1 ez-toc-heading-level-5'><a class=\"ez-toc-link ez-toc-heading-1\" href=\"https:\/\/laisladetabarca.com\/de\/rechtlicher-hinweis\/#1_IDENTIFIZIERUNGSDATEN\" >1. IDENTIFIZIERUNGSDATEN<\/a><\/li><li class='ez-toc-page-1 ez-toc-heading-level-5'><a class=\"ez-toc-link ez-toc-heading-2\" href=\"https:\/\/laisladetabarca.com\/de\/rechtlicher-hinweis\/#2_BENUTZER\" >2. BENUTZER<\/a><\/li><li class='ez-toc-page-1 ez-toc-heading-level-5'><a class=\"ez-toc-link ez-toc-heading-3\" href=\"https:\/\/laisladetabarca.com\/de\/rechtlicher-hinweis\/#3_NUTZUNG_DES_PORTALS\" >3. NUTZUNG DES PORTALS<\/a><\/li><li class='ez-toc-page-1 ez-toc-heading-level-5'><a class=\"ez-toc-link ez-toc-heading-4\" href=\"https:\/\/laisladetabarca.com\/de\/rechtlicher-hinweis\/#4_DATENSCHUTZ\" >4. DATENSCHUTZ<\/a><\/li><li class='ez-toc-page-1 ez-toc-heading-level-5'><a class=\"ez-toc-link ez-toc-heading-5\" href=\"https:\/\/laisladetabarca.com\/de\/rechtlicher-hinweis\/#5_GEISTIGES_UND_GEWERBLICHES_EIGENTUM\" >5. GEISTIGES UND GEWERBLICHES EIGENTUM<\/a><\/li><li class='ez-toc-page-1 ez-toc-heading-level-5'><a class=\"ez-toc-link ez-toc-heading-6\" href=\"https:\/\/laisladetabarca.com\/de\/rechtlicher-hinweis\/#6_AUSSCHLUSS_VON_GARANTIEN_UND_HAFTUNG\" >6. AUSSCHLUSS VON GARANTIEN UND HAFTUNG<\/a><\/li><li class='ez-toc-page-1 ez-toc-heading-level-5'><a class=\"ez-toc-link ez-toc-heading-7\" href=\"https:\/\/laisladetabarca.com\/de\/rechtlicher-hinweis\/#7_AeNDERUNGEN\" >7. \u00c4NDERUNGEN<\/a><\/li><li class='ez-toc-page-1 ez-toc-heading-level-5'><a class=\"ez-toc-link ez-toc-heading-8\" href=\"https:\/\/laisladetabarca.com\/de\/rechtlicher-hinweis\/#8_LINKS\" >8. LINKS<\/a><\/li><li class='ez-toc-page-1 ez-toc-heading-level-5'><a class=\"ez-toc-link ez-toc-heading-9\" href=\"https:\/\/laisladetabarca.com\/de\/rechtlicher-hinweis\/#9_AUSSCHLUSSRECHT\" >9. AUSSCHLUSSRECHT<\/a><\/li><li class='ez-toc-page-1 ez-toc-heading-level-5'><a class=\"ez-toc-link ez-toc-heading-10\" href=\"https:\/\/laisladetabarca.com\/de\/rechtlicher-hinweis\/#10_ALLGEMEINES\" >10. ALLGEMEINES<\/a><\/li><li class='ez-toc-page-1 ez-toc-heading-level-5'><a class=\"ez-toc-link ez-toc-heading-11\" href=\"https:\/\/laisladetabarca.com\/de\/rechtlicher-hinweis\/#11_AeNDERUNG_DIESER_BEDINGUNGEN_UND_DAUER\" >11. \u00c4NDERUNG DIESER BEDINGUNGEN UND DAUER<\/a><\/li><li class='ez-toc-page-1 ez-toc-heading-level-5'><a class=\"ez-toc-link ez-toc-heading-12\" href=\"https:\/\/laisladetabarca.com\/de\/rechtlicher-hinweis\/#12_ANWENDBARES_RECHT_UND_GERICHTSSTAND\" >12. ANWENDBARES RECHT UND GERICHTSSTAND<\/a><\/li><\/ul><\/nav><\/div>\n<h5 class=\"wp-block-heading\"><span class=\"ez-toc-section\" id=\"1_IDENTIFIZIERUNGSDATEN\"><\/span>1. IDENTIFIZIERUNGSDATEN<span class=\"ez-toc-section-end\"><\/span><\/h5>\n\n<p>In Erf\u00fcllung der Informationspflicht gem\u00e4\u00df Artikel 10 des Gesetzes 34\/2002 vom 11. Juli \u00fcber Dienste der Informationsgesellschaft und elektronischen Handel wird darauf hingewiesen, dass diese Website, laisladetabarca.com, Eigentum von Marketing e innovaci\u00f3n online, CC, S.L. (im Folgenden Website La Isa de Tabarca) mit <strong>CIF\/NIF<\/strong>: B42624429 <strong>und Sitz<\/strong> in der Avenida de l&#8217;Alc\u00fadia, 33, 03720 Benissa, Alicante ist.<\/p>\n\n<p>Kontakt-E-Mail:<br\/><a href=\"mailto:info@laisladetabarca.com\">info@laisladetabarca.com<\/a><\/p>\n\n<h5 class=\"wp-block-heading\"><span class=\"ez-toc-section\" id=\"2_BENUTZER\"><\/span>2. BENUTZER<span class=\"ez-toc-section-end\"><\/span><\/h5>\n\n<p>Durch den Zugriff auf und\/oder die Nutzung dieser Website, der Website La Isa de Tabarca, dem Ersteller dieser Website, werden Sie zum BENUTZER und akzeptieren mit dem Zugriff und\/oder der Nutzung die hier dargelegten Allgemeinen Nutzungsbedingungen. Diese Bedingungen gelten unabh\u00e4ngig von etwaigen zwingenden Allgemeinen Vertragsbedingungen. <\/p>\n\n<h5 class=\"wp-block-heading\"><span class=\"ez-toc-section\" id=\"3_NUTZUNG_DES_PORTALS\"><\/span>3. NUTZUNG DES PORTALS<span class=\"ez-toc-section-end\"><\/span><\/h5>\n\n<p>Die Website La Isa de Tabarca bietet Zugang zu einer breiten Palette von Informationen, Diensten, Programmen oder Daten (nachfolgend \u201eInhalte\u201c) im Internet, die der Website La Isa de Tabarca, dem Ersteller der Website oder seinen Lizenzgebern geh\u00f6ren und auf die der NUTZER Zugriff haben kann. Der NUTZER \u00fcbernimmt die Verantwortung f\u00fcr die Nutzung des Portals. Diese Verantwortung erstreckt sich auch auf die f\u00fcr den Zugriff auf bestimmte Dienste oder Inhalte erforderliche Registrierung.<br\/>Bei einer solchen Registrierung ist der NUTZER f\u00fcr die Angabe wahrheitsgem\u00e4\u00dfer und rechtm\u00e4\u00dfiger Informationen verantwortlich. Im Rahmen dieser Registrierung kann dem NUTZER ein Passwort zugewiesen werden, f\u00fcr das er verantwortlich ist, und er verpflichtet sich, dieses sorgf\u00e4ltig und vertraulich zu verwenden. Der NUTZER verpflichtet sich, die Inhalte und Dienste (wie Chat-Dienste, Diskussionsforen oder Newsgroups), die die Website La Isa de Tabarca \u00fcber ihr Portal anbietet, angemessen zu nutzen und sie beispielsweise, aber nicht beschr\u00e4nkt auf, nicht zu verwenden, um (i) unerlaubte, illegale oder gegen Treu und Glauben und die \u00f6ffentliche Ordnung versto\u00dfende Aktivit\u00e4ten durchzuf\u00fchren; (ii) Inhalte oder Propaganda rassistischer, fremdenfeindlicher, pornografischer oder illegaler Art, die den Terrorismus unterst\u00fctzen oder die Menschenrechte verletzen, zu verbreiten; (iii) Sch\u00e4den an den physischen und logischen Systemen der Website La Isa de Tabarca, ihrer Lieferanten oder Dritter verursachen, Computerviren oder andere physische oder logische Systeme einf\u00fchren oder verbreiten, die die oben genannten Sch\u00e4den verursachen k\u00f6nnen; (iv) versuchen, auf die E-Mail-Konten anderer Benutzer zuzugreifen und diese gegebenenfalls zu verwenden und deren Nachrichten zu \u00e4ndern oder zu manipulieren. Die Website La Isa de Tabarca beh\u00e4lt sich das Recht vor, Kommentare und Beitr\u00e4ge zu entfernen, die die Menschenw\u00fcrde verletzen, diskriminierend, fremdenfeindlich, rassistisch oder pornografisch sind, die Jugend oder Kindheit, die \u00f6ffentliche Ordnung oder Sicherheit bedrohen oder die ihrer Meinung nach nicht zur Ver\u00f6ffentlichung geeignet sind. In jedem Fall ist die Website La Isa de Tabarca nicht f\u00fcr die Meinungen verantwortlich, die von Benutzern in Foren, Chats oder anderen Beteiligungstools ge\u00e4u\u00dfert werden.          <\/p>\n\n<h5 class=\"wp-block-heading\"><span class=\"ez-toc-section\" id=\"4_DATENSCHUTZ\"><\/span>4. DATENSCHUTZ<span class=\"ez-toc-section-end\"><\/span><\/h5>\n\n<p>Die Website La Isa de Tabarca entspricht den Richtlinien des spanischen Organgesetzes 15\/1999 vom 13. Dezember zum Schutz personenbezogener Daten, dem K\u00f6niglichen Dekret 1720\/2007 vom 21. Dezember zur Genehmigung der Durchf\u00fchrungsbestimmungen zum spanischen Organgesetz sowie anderen jederzeit geltenden Vorschriften und gew\u00e4hrleistet die korrekte Verwendung und Verarbeitung der personenbezogenen Daten des Benutzers. Zu diesem Zweck wird der Benutzer zusammen mit jedem Formular zur Erfassung personenbezogener Daten bei den Diensten, die der Benutzer auf der Website La Isa de Tabarca anfordern kann, \u00fcber das Vorhandensein und die Akzeptanz der jeweiligen besonderen Bedingungen f\u00fcr die Verarbeitung seiner Daten informiert. Er wird au\u00dferdem \u00fcber die Verantwortung f\u00fcr die erstellte Datei, die Anschrift des Verantwortlichen, die M\u00f6glichkeit zur Aus\u00fcbung des Rechts auf Zugriff, Berichtigung, L\u00f6schung oder Widerspruch, den Zweck der Verarbeitung und gegebenenfalls die Weitergabe der Daten an Dritte informiert. Ebenso informiert Sie die Website La Isa de Tabarca dar\u00fcber, dass sie dem Gesetz 34\/2002 vom 11. Juli \u00fcber Dienste der Informationsgesellschaft und elektronischen Handel entspricht und Sie jederzeit um Ihre Zustimmung zur Verarbeitung Ihrer E-Mail-Adresse f\u00fcr kommerzielle Zwecke bittet.  <\/p>\n\n<h5 class=\"wp-block-heading\"><span class=\"ez-toc-section\" id=\"5_GEISTIGES_UND_GEWERBLICHES_EIGENTUM\"><\/span>5. GEISTIGES UND GEWERBLICHES EIGENTUM<span class=\"ez-toc-section-end\"><\/span><\/h5>\n\n<p>Die Website La Isa de Tabarca ist, entweder selbst oder als Rechtsnachfolger, Inhaberin aller geistigen und gewerblichen Eigentumsrechte an ihrer Website sowie den darin enthaltenen Elementen (einschlie\u00dflich, aber nicht beschr\u00e4nkt auf Bilder, Ton, Audio, Video, Software oder Text; Marken oder Logos, Farbkombinationen, Struktur und Design, Auswahl der verwendeten Materialien, f\u00fcr Betrieb, Zugriff und Nutzung erforderliche Computerprogramme usw.), die Eigentum der Website La Isa de Tabarca oder ihrer Lizenzgeber sind. Alle Rechte vorbehalten. Gem\u00e4\u00df den Bestimmungen in Artikel 8 und 32.1, zweiter Absatz, des Gesetzes \u00fcber geistiges Eigentum ist die Vervielf\u00e4ltigung, Verbreitung und \u00f6ffentliche Wiedergabe, einschlie\u00dflich der Bereitstellung, des gesamten oder eines Teils des Inhalts dieser Website zu kommerziellen Zwecken auf jeglichem Medium und mit jeglichen technischen Mitteln ohne die Genehmigung der Website La Isa de Tabarca ausdr\u00fccklich untersagt. Der NUTZER verpflichtet sich, die geistigen und gewerblichen Eigentumsrechte der Website \u201eLa Isa de Tabarca\u201c zu respektieren. Der Nutzer darf die Elemente des Portals ansehen und sie ausdrucken, kopieren und auf der Festplatte seines Computers oder einem anderen physischen Datentr\u00e4ger speichern, sofern dies ausschlie\u00dflich f\u00fcr den pers\u00f6nlichen und privaten Gebrauch geschieht. Der Nutzer darf keine Schutzvorrichtungen oder Sicherheitssysteme auf den Seiten der Website \u201eLa Isa de Tabarca\u201c l\u00f6schen, ver\u00e4ndern, umgehen oder manipulieren.     <\/p>\n\n<h5 class=\"wp-block-heading\"><span class=\"ez-toc-section\" id=\"6_AUSSCHLUSS_VON_GARANTIEN_UND_HAFTUNG\"><\/span>6. AUSSCHLUSS VON GARANTIEN UND HAFTUNG<span class=\"ez-toc-section-end\"><\/span><\/h5>\n\n<p>Die Website La Isa de Tabarca haftet unter keinen Umst\u00e4nden f\u00fcr Sch\u00e4den jeglicher Art, die durch Fehler oder Auslassungen im Inhalt, mangelnde Verf\u00fcgbarkeit des Portals oder die \u00dcbertragung von Viren oder b\u00f6sartigen oder sch\u00e4dlichen Programmen im Inhalt verursacht werden, obwohl alle notwendigen technischen Ma\u00dfnahmen zur Verhinderung solcher Sch\u00e4den ergriffen wurden. <\/p>\n\n<h5 class=\"wp-block-heading\"><span class=\"ez-toc-section\" id=\"7_AeNDERUNGEN\"><\/span>7. \u00c4NDERUNGEN<span class=\"ez-toc-section-end\"><\/span><\/h5>\n\n<p>Die Website La Isa de Tabarca beh\u00e4lt sich das Recht vor, ohne vorherige Ank\u00fcndigung alle \u00c4nderungen an ihrem Portal vorzunehmen, die sie f\u00fcr angemessen h\u00e4lt. Sie kann die \u00fcber die Website bereitgestellten Inhalte und Dienste sowie deren Darstellung oder Platzierung auf der Website \u00e4ndern, l\u00f6schen oder hinzuf\u00fcgen.<\/p>\n\n<h5 class=\"wp-block-heading\"><span class=\"ez-toc-section\" id=\"8_LINKS\"><\/span>8. LINKS<span class=\"ez-toc-section-end\"><\/span><\/h5>\n\n<p>Wenn der Dom\u00e4nenname Links oder Hyperlinks zu anderen Websites enth\u00e4lt, hat die Website La Isa de Tabarca keinerlei Kontrolle \u00fcber diese Websites und deren Inhalte. Unter keinen Umst\u00e4nden \u00fcbernimmt die Website La Isa de Tabarca die Verantwortung f\u00fcr den Inhalt von Links zu Websites Dritter und \u00fcbernimmt keine Garantie f\u00fcr die technische Verf\u00fcgbarkeit, Qualit\u00e4t, Zuverl\u00e4ssigkeit, Genauigkeit, Vollst\u00e4ndigkeit, Wahrhaftigkeit, G\u00fcltigkeit oder Verfassungsm\u00e4\u00dfigkeit von Materialien oder Informationen, die in diesen Hyperlinks oder auf anderen Websites enthalten sind. Ebenso wenig stellt die Aufnahme dieser externen Links eine Verbindung, Fusion oder Beteiligung mit den verbundenen Unternehmen dar.  <\/p>\n\n<h5 class=\"wp-block-heading\"><span class=\"ez-toc-section\" id=\"9_AUSSCHLUSSRECHT\"><\/span>9. AUSSCHLUSSRECHT<span class=\"ez-toc-section-end\"><\/span><\/h5>\n\n<p>Die Website \u201eLa Isa de Tabarca\u201c beh\u00e4lt sich das Recht vor, Benutzern, die diese Allgemeinen Nutzungsbedingungen nicht einhalten, auf eigenen Wunsch oder auf Wunsch Dritter den Zugriff auf das Portal und\/oder die angebotenen Dienste ohne vorherige Ank\u00fcndigung zu verweigern oder zu entziehen.<\/p>\n\n<h5 class=\"wp-block-heading\"><span class=\"ez-toc-section\" id=\"10_ALLGEMEINES\"><\/span>10. ALLGEMEINES<span class=\"ez-toc-section-end\"><\/span><\/h5>\n\n<p>Die Website \u201eLa Isa de Tabarca\u201c wird jeden Versto\u00df gegen diese Bedingungen sowie jeden Missbrauch ihres Portals mit allen ihr gesetzlich zustehenden zivil- und strafrechtlichen Schritten verfolgen.<\/p>\n\n<h5 class=\"wp-block-heading\"><span class=\"ez-toc-section\" id=\"11_AeNDERUNG_DIESER_BEDINGUNGEN_UND_DAUER\"><\/span>11. \u00c4NDERUNG DIESER BEDINGUNGEN UND DAUER<span class=\"ez-toc-section-end\"><\/span><\/h5>\n\n<p>Die Website von La Isa de Tabarca kann die hier dargelegten Bedingungen jederzeit \u00e4ndern. Solche \u00c4nderungen werden ordnungsgem\u00e4\u00df ver\u00f6ffentlicht, sobald sie hier erscheinen. Die G\u00fcltigkeit dieser Bedingungen h\u00e4ngt von ihrer Ver\u00f6ffentlichung ab und bleibt in Kraft, bis sie durch andere ordnungsgem\u00e4\u00df ver\u00f6ffentlichte Bedingungen ge\u00e4ndert werden. <\/p>\n\n<h5 class=\"wp-block-heading\"><span class=\"ez-toc-section\" id=\"12_ANWENDBARES_RECHT_UND_GERICHTSSTAND\"><\/span>12. ANWENDBARES RECHT UND GERICHTSSTAND<span class=\"ez-toc-section-end\"><\/span><\/h5>\n\n<p>Die Beziehung zwischen der Website La Isa de Tabarca und dem BENUTZER unterliegt der geltenden spanischen Gesetzgebung. Alle Streitigkeiten werden den Gerichten der Stadt Valencia vorgelegt.<\/p>\n","protected":false},"excerpt":{"rendered":"<p>Gem\u00e4\u00df Artikel 10 des Gesetzes 34\/2002 vom 11. Juli \u00fcber Dienste der Informationsgesellschaft und elektronischen Handel (LSSICE) werden nachstehend die Identifikationsdaten des Unternehmens angegeben. 1. IDENTIFIZIERUNGSDATEN In Erf\u00fcllung der Informationspflicht gem\u00e4\u00df Artikel 10 des Gesetzes 34\/2002 vom 11. Juli \u00fcber Dienste der Informationsgesellschaft und elektronischen Handel wird darauf hingewiesen, dass diese Website, laisladetabarca.com, Eigentum von&hellip;<\/p>\n","protected":false},"author":1,"featured_media":0,"parent":0,"menu_order":0,"comment_status":"closed","ping_status":"closed","template":"","meta":{"_joinchat":[],"footnotes":""},"class_list":["post-3869","page","type-page","status-publish","hentry","description-off"],"_links":{"self":[{"href":"https:\/\/laisladetabarca.com\/de\/wp-json\/wp\/v2\/pages\/3869","targetHints":{"allow":["GET"]}}],"collection":[{"href":"https:\/\/laisladetabarca.com\/de\/wp-json\/wp\/v2\/pages"}],"about":[{"href":"https:\/\/laisladetabarca.com\/de\/wp-json\/wp\/v2\/types\/page"}],"author":[{"embeddable":true,"href":"https:\/\/laisladetabarca.com\/de\/wp-json\/wp\/v2\/users\/1"}],"replies":[{"embeddable":true,"href":"https:\/\/laisladetabarca.com\/de\/wp-json\/wp\/v2\/comments?post=3869"}],"version-history":[{"count":0,"href":"https:\/\/laisladetabarca.com\/de\/wp-json\/wp\/v2\/pages\/3869\/revisions"}],"wp:attachment":[{"href":"https:\/\/laisladetabarca.com\/de\/wp-json\/wp\/v2\/media?parent=3869"}],"curies":[{"name":"wp","href":"https:\/\/api.w.org\/{rel}","templated":true}]}}