{"id":2111,"date":"2023-10-20T10:29:47","date_gmt":"2023-10-20T09:29:47","guid":{"rendered":"https:\/\/laisladetabarca.com\/tabarca-in-1-tag\/"},"modified":"2025-11-17T04:56:38","modified_gmt":"2025-11-17T04:56:38","slug":"tabarca-in-1-tag","status":"publish","type":"page","link":"https:\/\/laisladetabarca.com\/de\/tabarca-in-1-tag\/","title":{"rendered":"tabarca in 1 Tag"},"content":{"rendered":"<div class=\"wpb-content-wrapper\"><p>[vc_row][vc_column]<div id=\"ultimate-heading-256469f3c4f12983f\" class=\"uvc-heading ult-adjust-bottom-margin ultimate-heading-256469f3c4f12983f uvc-7399 \" data-hspacer=\"no_spacer\"  data-halign=\"left\" style=\"text-align:left\"><div class=\"uvc-heading-spacer no_spacer\" style=\"top\"><\/div><div class=\"uvc-sub-heading ult-responsive\"  data-ultimate-target='.uvc-heading.ultimate-heading-256469f3c4f12983f .uvc-sub-heading '  data-responsive-json-new='{\"font-size\":\"\",\"line-height\":\"\"}'  style=\"font-weight:normal;\"><\/p>\n<p style=\"text-align: justify;\">Haben Sie schon einmal davon getr\u00e4umt, eine Insel zu erkunden, die ein Zufluchtsort f\u00fcr Piraten, Heimat f\u00fcr Auswanderer und ein Gef\u00e4ngnis w\u00e4hrend des Spanischen B\u00fcrgerkriegs war? Tabarca ist genau so ein Ziel! Diese Insel vor der levantinischen K\u00fcste verspricht nicht nur eine reiche Geschichte, sondern auch ein unvergleichliches Naturerlebnis. In diesem Artikel f\u00fchre ich Sie durch ein eint\u00e4giges Abenteuer in Tabarca und stelle sicher, dass Sie das Beste aus Ihrer Zeit in diesem Paradies machen.   <\/p>\n<p><\/div><\/div>[vc_empty_space height=&#8220;35px&#8220;][\/vc_column][\/vc_row][vc_row][vc_column]<div id=\"ultimate-heading-972069f3c4f1298b2\" class=\"uvc-heading ult-adjust-bottom-margin ultimate-heading-972069f3c4f1298b2 uvc-2974 \" data-hspacer=\"no_spacer\"  data-halign=\"left\" style=\"text-align:left\"><div class=\"uvc-heading-spacer no_spacer\" style=\"top\"><\/div><div class=\"uvc-main-heading ult-responsive\"  data-ultimate-target='.uvc-heading.ultimate-heading-972069f3c4f1298b2 h2'  data-responsive-json-new='{\"font-size\":\"\",\"line-height\":\"\"}' ><div id=\"ez-toc-container\" class=\"ez-toc-v2_0_80 counter-hierarchy ez-toc-counter ez-toc-grey ez-toc-container-direction\">\n<div class=\"ez-toc-title-container\">\n<p class=\"ez-toc-title\" style=\"cursor:inherit\">Table of Contents<\/p>\n<span class=\"ez-toc-title-toggle\"><a href=\"#\" class=\"ez-toc-pull-right ez-toc-btn ez-toc-btn-xs ez-toc-btn-default ez-toc-toggle\" aria-label=\"Toggle Table of Content\"><span class=\"ez-toc-js-icon-con\"><span class=\"\"><span class=\"eztoc-hide\" style=\"display:none;\">Toggle<\/span><span class=\"ez-toc-icon-toggle-span\"><svg style=\"fill: #999;color:#999\" xmlns=\"http:\/\/www.w3.org\/2000\/svg\" class=\"list-377408\" width=\"20px\" height=\"20px\" viewBox=\"0 0 24 24\" fill=\"none\"><path d=\"M6 6H4v2h2V6zm14 0H8v2h12V6zM4 11h2v2H4v-2zm16 0H8v2h12v-2zM4 16h2v2H4v-2zm16 0H8v2h12v-2z\" fill=\"currentColor\"><\/path><\/svg><svg style=\"fill: #999;color:#999\" class=\"arrow-unsorted-368013\" xmlns=\"http:\/\/www.w3.org\/2000\/svg\" width=\"10px\" height=\"10px\" viewBox=\"0 0 24 24\" version=\"1.2\" baseProfile=\"tiny\"><path d=\"M18.2 9.3l-6.2-6.3-6.2 6.3c-.2.2-.3.4-.3.7s.1.5.3.7c.2.2.4.3.7.3h11c.3 0 .5-.1.7-.3.2-.2.3-.5.3-.7s-.1-.5-.3-.7zM5.8 14.7l6.2 6.3 6.2-6.3c.2-.2.3-.5.3-.7s-.1-.5-.3-.7c-.2-.2-.4-.3-.7-.3h-11c-.3 0-.5.1-.7.3-.2.2-.3.5-.3.7s.1.5.3.7z\"\/><\/svg><\/span><\/span><\/span><\/a><\/span><\/div>\n<nav><ul class='ez-toc-list ez-toc-list-level-1 ' ><li class='ez-toc-page-1 ez-toc-heading-level-2'><a class=\"ez-toc-link ez-toc-heading-1\" href=\"https:\/\/laisladetabarca.com\/de\/tabarca-in-1-tag\/#Wie_man_nach_Tabarca_kommt\" >Wie man nach Tabarca kommt<\/a><\/li><li class='ez-toc-page-1 ez-toc-heading-level-2'><a class=\"ez-toc-link ez-toc-heading-2\" href=\"https:\/\/laisladetabarca.com\/de\/tabarca-in-1-tag\/#Ein_Blick_auf_die_Geschichte_von_Tabarca\" >Ein Blick auf die Geschichte von Tabarca<\/a><ul class='ez-toc-list-level-3' ><li class='ez-toc-heading-level-3'><a class=\"ez-toc-link ez-toc-heading-3\" href=\"https:\/\/laisladetabarca.com\/de\/tabarca-in-1-tag\/#Meeresschutzgebiet_und_Naturparadies\" >Meeresschutzgebiet und Naturparadies<\/a><\/li><\/ul><\/li><li class='ez-toc-page-1 ez-toc-heading-level-2'><a class=\"ez-toc-link ez-toc-heading-4\" href=\"https:\/\/laisladetabarca.com\/de\/tabarca-in-1-tag\/#Aktivitaeten_in_Tabarca\" >Aktivit\u00e4ten in Tabarca:<\/a><ul class='ez-toc-list-level-3' ><li class='ez-toc-heading-level-3'><a class=\"ez-toc-link ez-toc-heading-5\" href=\"https:\/\/laisladetabarca.com\/de\/tabarca-in-1-tag\/#Entspannung_am_Strand\" >Entspannung am Strand<\/a><\/li><li class='ez-toc-page-1 ez-toc-heading-level-3'><a class=\"ez-toc-link ez-toc-heading-6\" href=\"https:\/\/laisladetabarca.com\/de\/tabarca-in-1-tag\/#Erforschung_des_historischen_Erbes\" >Erforschung des historischen Erbes<\/a><\/li><li class='ez-toc-page-1 ez-toc-heading-level-3'><a class=\"ez-toc-link ez-toc-heading-7\" href=\"https:\/\/laisladetabarca.com\/de\/tabarca-in-1-tag\/#Schnorcheln_und_Tauchen\" >Schnorcheln und Tauchen<\/a><\/li><\/ul><\/li><li class='ez-toc-page-1 ez-toc-heading-level-2'><a class=\"ez-toc-link ez-toc-heading-8\" href=\"https:\/\/laisladetabarca.com\/de\/tabarca-in-1-tag\/#Die_Gastronomie_von_Tabarca\" >Die Gastronomie von Tabarca<\/a><\/li><\/ul><\/nav><\/div>\n<h2 style=\"font-weight:normal;\"><span class=\"ez-toc-section\" id=\"Wie_man_nach_Tabarca_kommt\"><\/span>Wie man nach Tabarca kommt<span class=\"ez-toc-section-end\"><\/span><\/h2><\/div><div class=\"uvc-sub-heading ult-responsive\"  data-ultimate-target='.uvc-heading.ultimate-heading-972069f3c4f1298b2 .uvc-sub-heading '  data-responsive-json-new='{\"font-size\":\"\",\"line-height\":\"\"}'  style=\"font-weight:normal;\"><\/p>\n<p style=\"text-align: justify;\">Um nach Tabarca zu gelangen, k\u00f6nnen Sie eine der ber\u00fchmten<a href=\"https:\/\/laisladetabarca.com\/de\/wie-man-nach-tabarca-kommt-von\/von-alicante-nach-tabarca-fahren\/\"> Tabarkeras oder Bootstaxis<\/a> von Alicante, Santa Pola oder Benidorm aus nehmen. Die Fahrt von Alicante aus dauert etwa eine Stunde und kostet etwa zwanzig Euro hin und zur\u00fcck. Die Erfahrung, auf dem Mittelmeer zu segeln, ist an sich schon ein angenehmer Vorgeschmack auf das, was Tabarca zu bieten hat.  <\/p>\n<p><\/div><\/div>[vc_empty_space][vc_video link=&#8220;https:\/\/www.youtube.com\/watch?v=GefYnigwZSA&#8220;]<div id=\"ultimate-heading-326669f3c4f129963\" class=\"uvc-heading ult-adjust-bottom-margin ultimate-heading-326669f3c4f129963 uvc-3545 \" data-hspacer=\"no_spacer\"  data-halign=\"left\" style=\"text-align:left\"><div class=\"uvc-heading-spacer no_spacer\" style=\"top\"><\/div><div class=\"uvc-main-heading ult-responsive\"  data-ultimate-target='.uvc-heading.ultimate-heading-326669f3c4f129963 h2'  data-responsive-json-new='{\"font-size\":\"\",\"line-height\":\"\"}' ><h2 style=\"font-weight:normal;\"><span class=\"ez-toc-section\" id=\"Ein_Blick_auf_die_Geschichte_von_Tabarca\"><\/span>Ein Blick auf die Geschichte von Tabarca <span class=\"ez-toc-section-end\"><\/span><\/h2><\/div><div class=\"uvc-sub-heading ult-responsive\"  data-ultimate-target='.uvc-heading.ultimate-heading-326669f3c4f129963 .uvc-sub-heading '  data-responsive-json-new='{\"font-size\":\"\",\"line-height\":\"\"}'  style=\"font-weight:normal;\"><\/p>\n<p style=\"text-align: justify;\">Um nach Tabarca zu gelangen, k\u00f6nnen Sie eine der ber\u00fchmten Tabarkeras oder Bootstaxis von Alicante, Santa Pola oder Benidorm aus nehmen. Die Fahrt von Alicante aus dauert etwa eine Stunde und kostet etwa zwanzig Euro hin und zur\u00fcck. Die Erfahrung, auf dem Mittelmeer zu segeln, ist an sich schon ein angenehmer Vorgeschmack auf das, was Tabarca zu bieten hat.  <\/p>\n<p><\/div><\/div>[vc_empty_space height=&#8220;35px&#8220;]<div id=\"ultimate-heading-116969f3c4f1299da\" class=\"uvc-heading ult-adjust-bottom-margin ultimate-heading-116969f3c4f1299da uvc-1476 \" data-hspacer=\"no_spacer\"  data-halign=\"left\" style=\"text-align:left\"><div class=\"uvc-heading-spacer no_spacer\" style=\"top\"><\/div><div class=\"uvc-main-heading ult-responsive\"  data-ultimate-target='.uvc-heading.ultimate-heading-116969f3c4f1299da h3'  data-responsive-json-new='{\"font-size\":\"\",\"line-height\":\"\"}' ><h3 style=\"font-weight:normal;\"><span class=\"ez-toc-section\" id=\"Meeresschutzgebiet_und_Naturparadies\"><\/span>Meeresschutzgebiet und Naturparadies<span class=\"ez-toc-section-end\"><\/span><\/h3><\/div><div class=\"uvc-sub-heading ult-responsive\"  data-ultimate-target='.uvc-heading.ultimate-heading-116969f3c4f1299da .uvc-sub-heading '  data-responsive-json-new='{\"font-size\":\"\",\"line-height\":\"\"}'  style=\"font-weight:normal;\"><\/p>\n<p style=\"text-align: justify;\">Tabarca war das erste Meeresschutzgebiet Spaniens, das f\u00fcr die Qualit\u00e4t seiner transparenten Gew\u00e4sser und seine reiche Artenvielfalt anerkannt wurde. Es ist ein idealer Ort f\u00fcr Naturliebhaber und Unterwasserfotografen. <\/p>\n<p> Die Insel ist auch ein besonderes Schutzgebiet f\u00fcr V\u00f6gel, das von der Europ\u00e4ischen Union ausgewiesen wurde. Hier k\u00f6nnen Sie Seev\u00f6gel in ihrem nat\u00fcrlichen Lebensraum beobachten und h\u00f6ren &#8211; ein wahres Vergn\u00fcgen f\u00fcr Vogelbeobachter.<\/div><\/div>[vc_single_image image=&#8220;322&#8243; img_size=&#8220;full&#8220; alignment=&#8220;center&#8220;][\/vc_column][\/vc_row][vc_row][vc_column][vc_empty_space height=&#8220;50px&#8220;]<div id=\"ultimate-heading-466669f3c4f129a4c\" class=\"uvc-heading ult-adjust-bottom-margin ultimate-heading-466669f3c4f129a4c uvc-8449 \" data-hspacer=\"no_spacer\"  data-halign=\"left\" style=\"text-align:left\"><div class=\"uvc-heading-spacer no_spacer\" style=\"top\"><\/div><div class=\"uvc-main-heading ult-responsive\"  data-ultimate-target='.uvc-heading.ultimate-heading-466669f3c4f129a4c h2'  data-responsive-json-new='{\"font-size\":\"\",\"line-height\":\"\"}' ><h2 style=\"font-weight:normal;\"><span class=\"ez-toc-section\" id=\"Aktivitaeten_in_Tabarca\"><\/span>Aktivit\u00e4ten in Tabarca:<span class=\"ez-toc-section-end\"><\/span><\/h2><\/div><div class=\"uvc-sub-heading ult-responsive\"  data-ultimate-target='.uvc-heading.ultimate-heading-466669f3c4f129a4c .uvc-sub-heading '  data-responsive-json-new='{\"font-size\":\"\",\"line-height\":\"\"}'  style=\"font-weight:normal;\"><\/p>\n<h3 style=\"text-align: justify;\"><span class=\"ez-toc-section\" id=\"Entspannung_am_Strand\"><\/span><em>Entspannung am Strand<\/em><span class=\"ez-toc-section-end\"><\/span><\/h3>\n<p> Wenn Sie auf der Suche nach einem Ort zum Entspannen sind, sind die Str\u00e4nde von Tabarca ideal. Sie k\u00f6nnen am Hauptstrand ein Sonnenbad nehmen oder die ruhigen Buchten erkunden, die die Insel umgeben.  &nbsp;<\/p>\n<h3><span class=\"ez-toc-section\" id=\"Erforschung_des_historischen_Erbes\"><\/span><em>Erforschung des historischen Erbes <\/em><span class=\"ez-toc-section-end\"><\/span><\/h3>\n<p> Verpassen Sie nicht die Gelegenheit, durch die Stadt zu spazieren und die Mauern und historischen Geb\u00e4ude zu bewundern. Tabarca wurde 1964 zur kunsthistorischen St\u00e4tte erkl\u00e4rt, und jeder Winkel der Insel erz\u00e4hlt eine Geschichte.  &nbsp;<\/p>\n<h3><span class=\"ez-toc-section\" id=\"Schnorcheln_und_Tauchen\"><\/span><em>Schnorcheln und Tauchen <\/em><span class=\"ez-toc-section-end\"><\/span><\/h3>\n<p> Abenteuerlustige <a href=\"https:\/\/laisladetabarca.com\/de\/aktivitaeten-auf-der-insel-tabarca\/schnorchel\/\">sollten sich <\/a>das <a href=\"https:\/\/laisladetabarca.com\/de\/aktivitaeten-auf-der-insel-tabarca\/tauchen\/\">Schnorcheln<\/a> und Tauchen in Tabarca nicht entgehen lassen. Zu den besten Gebieten geh\u00f6ren die Nordwand, die Bucht Cala del Franc\u00e9s und die H\u00f6hle Llop Mari.<\/div><\/div>[vc_empty_space height=&#8220;50px&#8220;]<div id=\"ultimate-heading-602069f3c4f129ab2\" class=\"uvc-heading ult-adjust-bottom-margin ultimate-heading-602069f3c4f129ab2 uvc-5241 \" data-hspacer=\"no_spacer\"  data-halign=\"left\" style=\"text-align:left\"><div class=\"uvc-heading-spacer no_spacer\" style=\"top\"><\/div><div class=\"uvc-main-heading ult-responsive\"  data-ultimate-target='.uvc-heading.ultimate-heading-602069f3c4f129ab2 h2'  data-responsive-json-new='{\"font-size\":\"\",\"line-height\":\"\"}' ><h2 style=\"font-weight:normal;\"><span class=\"ez-toc-section\" id=\"Die_Gastronomie_von_Tabarca\"><\/span>Die Gastronomie von Tabarca <span class=\"ez-toc-section-end\"><\/span><\/h2><\/div><div class=\"uvc-sub-heading ult-responsive\"  data-ultimate-target='.uvc-heading.ultimate-heading-602069f3c4f129ab2 .uvc-sub-heading '  data-responsive-json-new='{\"font-size\":\"\",\"line-height\":\"\"}'  style=\"font-weight:normal;\">Sie k\u00f6nnen Tabarca nicht verlassen, ohne den ber\u00fchmten caldero tabarquino zu probieren, ein traditionelles Gericht, das die Fischer fr\u00fcher an Bord ihrer Boote zubereiteten. Und zum Nachtisch k\u00f6nnen Sie ein k\u00f6stliches Nougat-Eis von Xixona genie\u00dfen.<\/div><\/div>[vc_empty_space height=&#8220;30px&#8220;][vc_column_text]Tabarca ist ein Reiseziel, das Geschichte, Natur und Gastronomie miteinander verbindet. Egal, ob Sie auf der Suche nach Entspannung, Abenteuer oder einer kulturellen Reise sind, Tabarca hat alles zu bieten. Denken Sie daran, die Fahrpl\u00e4ne der Schiffe zu \u00fcberpr\u00fcfen, damit Sie nicht in diesem wundersch\u00f6nen Paradies festsitzen &#8211; erkunden Sie Tabarca f\u00fcr einen Tag und nehmen Sie Erinnerungen mit, die ein Leben lang halten![\/vc_column_text][\/vc_column][\/vc_row]<\/p>\n<\/div>","protected":false},"excerpt":{"rendered":"<p>[vc_row][vc_column][vc_empty_space height=&#8220;35px&#8220;][\/vc_column][\/vc_row][vc_row][vc_column][vc_empty_space][vc_video link=&#8220;https:\/\/www.youtube.com\/watch?v=GefYnigwZSA&#8220;][vc_empty_space height=&#8220;35px&#8220;][vc_single_image image=&#8220;322&#8243; img_size=&#8220;full&#8220; alignment=&#8220;center&#8220;][\/vc_column][\/vc_row][vc_row][vc_column][vc_empty_space height=&#8220;50px&#8220;][vc_empty_space height=&#8220;50px&#8220;][vc_empty_space height=&#8220;30px&#8220;][vc_column_text]Tabarca ist ein Reiseziel, das Geschichte, Natur und Gastronomie miteinander verbindet. Egal, ob Sie auf der Suche nach Entspannung, Abenteuer oder einer kulturellen Reise sind, Tabarca hat alles zu bieten. Denken Sie daran, die Fahrpl\u00e4ne der Schiffe zu \u00fcberpr\u00fcfen, damit Sie nicht in diesem wundersch\u00f6nen Paradies&hellip;<\/p>\n","protected":false},"author":1,"featured_media":0,"parent":0,"menu_order":0,"comment_status":"closed","ping_status":"closed","template":"","meta":{"_joinchat":[],"footnotes":""},"class_list":["post-2111","page","type-page","status-publish","hentry","description-off"],"_links":{"self":[{"href":"https:\/\/laisladetabarca.com\/de\/wp-json\/wp\/v2\/pages\/2111","targetHints":{"allow":["GET"]}}],"collection":[{"href":"https:\/\/laisladetabarca.com\/de\/wp-json\/wp\/v2\/pages"}],"about":[{"href":"https:\/\/laisladetabarca.com\/de\/wp-json\/wp\/v2\/types\/page"}],"author":[{"embeddable":true,"href":"https:\/\/laisladetabarca.com\/de\/wp-json\/wp\/v2\/users\/1"}],"replies":[{"embeddable":true,"href":"https:\/\/laisladetabarca.com\/de\/wp-json\/wp\/v2\/comments?post=2111"}],"version-history":[{"count":0,"href":"https:\/\/laisladetabarca.com\/de\/wp-json\/wp\/v2\/pages\/2111\/revisions"}],"wp:attachment":[{"href":"https:\/\/laisladetabarca.com\/de\/wp-json\/wp\/v2\/media?parent=2111"}],"curies":[{"name":"wp","href":"https:\/\/api.w.org\/{rel}","templated":true}]}}