{"id":2108,"date":"2023-01-10T13:08:15","date_gmt":"2023-01-10T12:08:15","guid":{"rendered":"https:\/\/laisladetabarca.com\/haeufig-gestellte-fragen\/"},"modified":"2025-10-27T04:51:07","modified_gmt":"2025-10-27T04:51:07","slug":"haeufig-gestellte-fragen","status":"publish","type":"page","link":"https:\/\/laisladetabarca.com\/de\/haeufig-gestellte-fragen\/","title":{"rendered":"H\u00e4ufig gestellte Fragen"},"content":{"rendered":"<div class=\"wpb-content-wrapper\"><p>[vc_row][vc_column][vc_empty_space height=&#8220;60px&#8220;]<div id=\"ultimate-heading-841869de322daebc9\" class=\"uvc-heading ult-adjust-bottom-margin ultimate-heading-841869de322daebc9 uvc-8484 \" data-hspacer=\"no_spacer\"  data-halign=\"center\" style=\"text-align:center\"><div class=\"uvc-heading-spacer no_spacer\" style=\"top\"><\/div><div class=\"uvc-main-heading ult-responsive\"  data-ultimate-target='.uvc-heading.ultimate-heading-841869de322daebc9 h1'  data-responsive-json-new='{\"font-size\":\"\",\"line-height\":\"\"}' ><h1 style=\"font-weight:normal;\">H\u00e4ufig gestellte Fragen zu Tabarca<\/h1><\/div><\/div>[vc_empty_space height=&#8220;60px&#8220;][vc_toggle title=&#8220;Wo liegt die Insel Tabarca?&#8220; css=&#8220;&#8220;]Die Insel Tabarca liegt im Mittelmeer vor der K\u00fcste von Alicante, etwa 8 km vom Kap Santa Pola und etwa 22 km von der Stadt Alicante entfernt.[\/vc_toggle][vc_toggle title=&#8220;Wie gelangt man von der Halbinsel nach Tabarca?&#8220; css=&#8220;&#8220;]Sie k\u00f6nnen mit dem Boot von mehreren nahegelegenen H\u00e4fen dorthin gelangen, haupts\u00e4chlich von Alicante, Santa Pola, Guardamar del Segura, Torrevieja und Benidorm. Die k\u00fcrzeste Route startet in Santa Pola.[\/vc_toggle][vc_toggle title=&#8220;Wie lange dauert die Bootsfahrt nach Tabarca?&#8220; css=&#8220;&#8220;]Die Bootsfahrt variiert je nach Abfahrtshafen. Von Santa Pola dauert sie etwa 25 Minuten, von Alicante oder Torrevieja aus kann sie zwischen 45 und 75 Minuten dauern.[\/vc_toggle][vc_toggle title=&#8220;Ist es notwendig, die Bootstickets im Voraus zu buchen?&#8220; css=&#8220;&#8220;]Dies ist nicht immer obligatorisch, aber w\u00e4hrend der Hochsaison (Sommer, Wochenenden und Feiertage) wird empfohlen, im Voraus zu buchen, um sich einen Platz zu sichern.[\/vc_toggle][vc_toggle title=&#8220;Wie sind die Bootsfahrpl\u00e4ne nach Tabarca?&#8220; css=&#8220;&#8220;]Die Fahrpl\u00e4ne h\u00e4ngen vom Hafen und der Jahreszeit ab. Im Allgemeinen fahren die Schiffe morgens ab und kehren nachmittags zur\u00fcck, im Sommer h\u00e4ufiger.[\/vc_toggle][vc_toggle title=&#8220;Wie viel kostet das Bootsticket nach Tabarca?&#8220; css=&#8220;&#8220;]Der Preis f\u00fcr ein Hin- und R\u00fcckfahrticket liegt in der Regel zwischen 10 und 25 Euro pro Person, abh\u00e4ngig vom Abfahrtshafen und der Reederei.[\/vc_toggle][vc_toggle title=&#8220;Kann man auf der Insel Tabarca \u00fcbernachten?&#8220; css=&#8220;&#8220;]Ja, allerdings ist das Angebot begrenzt. Auf der Insel gibt es kleine Hotels, Hostels und Apartments sowie einige Restaurants, die \u00dcbernachtungsm\u00f6glichkeiten anbieten.[\/vc_toggle][vc_toggle title=&#8220;Welche touristischen Aktivit\u00e4ten k\u00f6nnen in Tabarca unternommen werden?&#8220; css=&#8220;&#8220;]In Tabarca k\u00f6nnen Sie Aktivit\u00e4ten wie Tauchen, Schnorcheln, Bootsfahrten und Wandern nachgehen, die ummauerte Altstadt besichtigen oder einfach die Buchten und Str\u00e4nde genie\u00dfen.[\/vc_toggle][vc_toggle title=&#8220;Wo kann man auf der Insel Tabarca essen?&#8220; css=&#8220;&#8220;]Es gibt mehrere Restaurants und Strandbars, die typisch mediterrane K\u00fcche anbieten, viele davon sind auf Reisbr\u00fche mit Meeresfr\u00fcchten und frischem Fisch spezialisiert.[\/vc_toggle][vc_toggle title=&#8220;Was ist die kulinarische Spezialit\u00e4t von Tabarca?&#8220; css=&#8220;&#8220;]Das typischste Gericht ist <strong data-start=\"2279\" data-end=\"2301\">Caldero Tabarquino<\/strong>, ein cremiges Reisgericht, das mit lokalem Fisch zubereitet wird. Beliebt sind auch Paellas, Reisgerichte mit Meeresfr\u00fcchten und frischer Fisch.[\/vc_toggle][vc_toggle title=&#8220;Kann man Tabarca das ganze Jahr \u00fcber besuchen?&#8220; css=&#8220;&#8220;]Ja, die Insel kann das ganze Jahr \u00fcber besucht werden, allerdings sind die meisten touristischen Dienste haupts\u00e4chlich im Fr\u00fchling und Sommer verf\u00fcgbar. Im Winter ist das Angebot eingeschr\u00e4nkter.[\/vc_toggle][vc_toggle title=&#8220;Was sollte man f\u00fcr einen Tagesausflug nach Tabarca mitbringen?&#8220; css=&#8220;&#8220;]Es wird empfohlen, einen Badeanzug, ein Handtuch, einen Schnorchel, Sonnencreme, bequeme Wanderschuhe und Wasser mitzubringen. Wenn Sie au\u00dferhalb der Saison kommen, bringen Sie einen Mantel mit.[\/vc_toggle][vc_toggle title=&#8220;Sind Haustiere in Tabarca erlaubt?&#8220; css=&#8220;&#8220;]Ja, Haustiere sind auf den Booten nach Tabarca und auf der Insel erlaubt, an einigen Str\u00e4nden sind sie w\u00e4hrend der Badesaison jedoch nicht erlaubt.[\/vc_toggle][vc_toggle title=&#8220;Wof\u00fcr ist die Insel Tabarca ber\u00fchmt?&#8220; css=&#8220;&#8220;]Tabarca ist ber\u00fchmt daf\u00fcr, die einzige bewohnte Insel der Valencianischen Gemeinschaft zu sein, f\u00fcr ihr gesch\u00fctztes Meeresreservat, ihr kristallklares Wasser, das sich ideal zum Tauchen eignet, und ihren historischen Charme mit ihren Mauern und traditionellen H\u00e4usern.[\/vc_toggle][\/vc_column][\/vc_row]<\/p>\n<\/div>","protected":false},"excerpt":{"rendered":"<p>[vc_row][vc_column][vc_empty_space height=&#8220;60px&#8220;][vc_empty_space height=&#8220;60px&#8220;][vc_toggle title=&#8220;Wo liegt die Insel Tabarca?&#8220; css=&#8220;&#8220;]Die Insel Tabarca liegt im Mittelmeer vor der K\u00fcste von Alicante, etwa 8 km vom Kap Santa Pola und etwa 22 km von der Stadt Alicante entfernt.[\/vc_toggle][vc_toggle title=&#8220;Wie gelangt man von der Halbinsel nach Tabarca?&#8220; css=&#8220;&#8220;]Sie k\u00f6nnen mit dem Boot von mehreren nahegelegenen H\u00e4fen dorthin gelangen, haupts\u00e4chlich&hellip;<\/p>\n","protected":false},"author":1,"featured_media":0,"parent":0,"menu_order":0,"comment_status":"closed","ping_status":"closed","template":"","meta":{"_joinchat":[],"footnotes":""},"class_list":["post-2108","page","type-page","status-publish","hentry","description-off"],"_links":{"self":[{"href":"https:\/\/laisladetabarca.com\/de\/wp-json\/wp\/v2\/pages\/2108","targetHints":{"allow":["GET"]}}],"collection":[{"href":"https:\/\/laisladetabarca.com\/de\/wp-json\/wp\/v2\/pages"}],"about":[{"href":"https:\/\/laisladetabarca.com\/de\/wp-json\/wp\/v2\/types\/page"}],"author":[{"embeddable":true,"href":"https:\/\/laisladetabarca.com\/de\/wp-json\/wp\/v2\/users\/1"}],"replies":[{"embeddable":true,"href":"https:\/\/laisladetabarca.com\/de\/wp-json\/wp\/v2\/comments?post=2108"}],"version-history":[{"count":0,"href":"https:\/\/laisladetabarca.com\/de\/wp-json\/wp\/v2\/pages\/2108\/revisions"}],"wp:attachment":[{"href":"https:\/\/laisladetabarca.com\/de\/wp-json\/wp\/v2\/media?parent=2108"}],"curies":[{"name":"wp","href":"https:\/\/api.w.org\/{rel}","templated":true}]}}