{"id":2105,"date":"2022-08-31T13:22:43","date_gmt":"2022-08-31T12:22:43","guid":{"rendered":"https:\/\/laisladetabarca.com\/hotels-in-tabarca\/"},"modified":"2025-10-10T17:37:13","modified_gmt":"2025-10-10T17:37:13","slug":"hotels-in-tabarca","status":"publish","type":"page","link":"https:\/\/laisladetabarca.com\/de\/hotels-in-tabarca\/","title":{"rendered":"Hotels in Tabarca"},"content":{"rendered":"<div class=\"wpb-content-wrapper\"><p>[vc_row][vc_column]<div id=\"ultimate-heading-63469de325229a1d\" class=\"uvc-heading ult-adjust-bottom-margin ultimate-heading-63469de325229a1d uvc-5706 \" data-hspacer=\"no_spacer\"  data-halign=\"left\" style=\"text-align:left\"><div class=\"uvc-heading-spacer no_spacer\" style=\"top\"><\/div><div class=\"uvc-sub-heading ult-responsive\"  data-ultimate-target='.uvc-heading.ultimate-heading-63469de325229a1d .uvc-sub-heading '  data-responsive-json-new='{\"font-size\":\"\",\"line-height\":\"\"}'  style=\"font-weight:normal;\"><\/p>\n<p style=\"text-align: justify;\"><span style=\"font-weight: 400;\">Wenn Sie diesen Teil der Website erreicht haben, liegt das sicher daran, dass Sie sich bereits entschieden haben, nach Tabarca zu kommen, und die Wahrheit ist, ich muss Ihnen gratulieren, es ist das Beste, was Sie tun k\u00f6nnen. Nach Tabarca zu kommen bedeutet, einen Lebensstil auf einer Insel zu erleben, umgeben vom Mittelmeer und mit einer ausgezeichneten Gastronomie. <\/span><\/p>\n<p style=\"text-align: justify;\"><span style=\"font-weight: 400;\">Wenn Sie auf der Suche nach einer Unterkunft sind, finden Sie hier eine Suchmaschine, die Ihnen hilft, eine Unterkunft zu finden. Da wir eine kleine Insel sind, haben wir nicht viele Unterk\u00fcnfte, aber was wir haben, ist sehr sch\u00f6n. <\/span><\/p>\n<p><\/div><\/div>[vc_empty_space height=&#8220;50px&#8220;][vc_raw_html]PGRpdiBkYXRhLXNreXNjYW5uZXItd2lkZ2V0PSJIb3RlbFNlYXJjaFdpZGdldCIgZGF0YS1sb2NhbGU9ImVzLUVTIiBkYXRhLW1hcmtldD0iLmVzIiBkYXRhLWN1cnJlbmN5PSJFVSIgZGF0YS1jYW1wYWlnbi1pZD0iMTM0MTYiIGRhdGEtbWVkaWEtcGFydG5lci1pZD0iMzU5NjUwMCIgZGF0YS1hZC1pZD0iMTEwMzI2MSIgZGF0YS1idXR0b24tY29sb3VyPSIjOTgxMzViIiBkYXRhLWRlc3RpbmF0aW9uLW5hbWU9IlRhYmFyY2EiIGRhdGEtcmVzcG9uc2l2ZT0idHJ1ZSIgZGF0YS1mb250LWNvbG91cj0iIzk4MTM1YiIgZGF0YS1wb3dlcmVkLWJ5LWxvZ28tY29sb3VyPSJkYXJrIiBkYXRhLWlmcmFtZT0idHJ1ZSI+PC9kaXY+CjxzY3JpcHQgc3JjPSJodHRwczovL3dpZGdldHMuc2t5c2Nhbm5lci5uZXQvd2lkZ2V0LXNlcnZlci9qcy9sb2FkZXIuanMiIGFzeW5jPSIiPjwvc2NyaXB0Pg==[\/vc_raw_html][vc_empty_space height=&#8220;50px&#8220;][\/vc_column][\/vc_row][vc_row][vc_column]<div id=\"ultimate-heading-890269de325229a7e\" class=\"uvc-heading ult-adjust-bottom-margin ultimate-heading-890269de325229a7e uvc-525 \" data-hspacer=\"no_spacer\"  data-halign=\"left\" style=\"text-align:left\"><div class=\"uvc-heading-spacer no_spacer\" style=\"top\"><\/div><div class=\"uvc-main-heading ult-responsive\"  data-ultimate-target='.uvc-heading.ultimate-heading-890269de325229a7e h2'  data-responsive-json-new='{\"font-size\":\"\",\"line-height\":\"\"}' ><div id=\"ez-toc-container\" class=\"ez-toc-v2_0_80 counter-hierarchy ez-toc-counter ez-toc-grey ez-toc-container-direction\">\n<div class=\"ez-toc-title-container\">\n<p class=\"ez-toc-title\" style=\"cursor:inherit\">Table of Contents<\/p>\n<span class=\"ez-toc-title-toggle\"><a href=\"#\" class=\"ez-toc-pull-right ez-toc-btn ez-toc-btn-xs ez-toc-btn-default ez-toc-toggle\" aria-label=\"Toggle Table of Content\"><span class=\"ez-toc-js-icon-con\"><span class=\"\"><span class=\"eztoc-hide\" style=\"display:none;\">Toggle<\/span><span class=\"ez-toc-icon-toggle-span\"><svg style=\"fill: #999;color:#999\" xmlns=\"http:\/\/www.w3.org\/2000\/svg\" class=\"list-377408\" width=\"20px\" height=\"20px\" viewBox=\"0 0 24 24\" fill=\"none\"><path d=\"M6 6H4v2h2V6zm14 0H8v2h12V6zM4 11h2v2H4v-2zm16 0H8v2h12v-2zM4 16h2v2H4v-2zm16 0H8v2h12v-2z\" fill=\"currentColor\"><\/path><\/svg><svg style=\"fill: #999;color:#999\" class=\"arrow-unsorted-368013\" xmlns=\"http:\/\/www.w3.org\/2000\/svg\" width=\"10px\" height=\"10px\" viewBox=\"0 0 24 24\" version=\"1.2\" baseProfile=\"tiny\"><path d=\"M18.2 9.3l-6.2-6.3-6.2 6.3c-.2.2-.3.4-.3.7s.1.5.3.7c.2.2.4.3.7.3h11c.3 0 .5-.1.7-.3.2-.2.3-.5.3-.7s-.1-.5-.3-.7zM5.8 14.7l6.2 6.3 6.2-6.3c.2-.2.3-.5.3-.7s-.1-.5-.3-.7c-.2-.2-.4-.3-.7-.3h-11c-.3 0-.5.1-.7.3-.2.2-.3.5-.3.7s.1.5.3.7z\"\/><\/svg><\/span><\/span><\/span><\/a><\/span><\/div>\n<nav><ul class='ez-toc-list ez-toc-list-level-1 ' ><li class='ez-toc-page-1 ez-toc-heading-level-2'><a class=\"ez-toc-link ez-toc-heading-1\" href=\"https:\/\/laisladetabarca.com\/de\/hotels-in-tabarca\/#Hotels_in_Tabarca_guenstig\" >Hotels in Tabarca g\u00fcnstig<\/a><\/li><li class='ez-toc-page-1 ez-toc-heading-level-2'><a class=\"ez-toc-link ez-toc-heading-2\" href=\"https:\/\/laisladetabarca.com\/de\/hotels-in-tabarca\/#Haustierfreundliche_Hotels_in_Tabarca\" >Haustierfreundliche Hotels in Tabarca<\/a><\/li><\/ul><\/nav><\/div>\n<h2 style=\"font-weight:normal;\"><span class=\"ez-toc-section\" id=\"Hotels_in_Tabarca_guenstig\"><\/span>Hotels in Tabarca g\u00fcnstig<span class=\"ez-toc-section-end\"><\/span><\/h2><\/div><div class=\"uvc-sub-heading ult-responsive\"  data-ultimate-target='.uvc-heading.ultimate-heading-890269de325229a7e .uvc-sub-heading '  data-responsive-json-new='{\"font-size\":\"\",\"line-height\":\"\"}'  style=\"font-weight:normal;\"><\/p>\n<p style=\"text-align: justify;\"><span style=\"font-weight: 400;\">Wie ich bereits im vorigen Absatz erw\u00e4hnt habe, gibt es auf Tabarca keine gro\u00dfen Hotels oder Ferienanlagen, da die Insel so klein ist. Es gibt nur wenige M\u00f6glichkeiten auf der Insel selbst. Wenn Sie also auf der Suche nach g\u00fcnstigen Hotels in Tabarca sind, sollten Sie sich am besten nach einer Unterkunft in Santa Pola umsehen, wo es eine gro\u00dfe Auswahl an Hotels und Unterk\u00fcnften gibt und die Preise daher niedriger sind. Aber auch hier habe ich Ihnen die Hotelsuchmaschine zur Verf\u00fcgung gestellt, damit Sie selbst nach der gew\u00fcnschten Unterkunft suchen k\u00f6nnen.   <\/span><\/p>\n<p><\/div><\/div>[vc_raw_html]PGRpdiBkYXRhLXNreXNjYW5uZXItd2lkZ2V0PSJIb3RlbFNlYXJjaFdpZGdldCIgZGF0YS1sb2NhbGU9ImVzLUVTIiBkYXRhLW1hcmtldD0iLmVzIiBkYXRhLWN1cnJlbmN5PSJFVSIgZGF0YS1jYW1wYWlnbi1pZD0iMTM0MTYiIGRhdGEtbWVkaWEtcGFydG5lci1pZD0iMzU5NjUwMCIgZGF0YS1hZC1pZD0iMTEwMzI2MSIgZGF0YS1idXR0b24tY29sb3VyPSIjOTgxMzViIiBkYXRhLWRlc3RpbmF0aW9uLW5hbWU9IlRhYmFyY2EiIGRhdGEtcmVzcG9uc2l2ZT0idHJ1ZSIgZGF0YS1mb250LWNvbG91cj0iIzk4MTM1YiIgZGF0YS1wb3dlcmVkLWJ5LWxvZ28tY29sb3VyPSJkYXJrIiBkYXRhLWlmcmFtZT0idHJ1ZSI+PC9kaXY+CjxzY3JpcHQgc3JjPSJodHRwczovL3dpZGdldHMuc2t5c2Nhbm5lci5uZXQvd2lkZ2V0LXNlcnZlci9qcy9sb2FkZXIuanMiIGFzeW5jPSIiPjwvc2NyaXB0Pg==[\/vc_raw_html][vc_empty_space height=&#8220;50px&#8220;]<div id=\"ultimate-heading-253169de325229af2\" class=\"uvc-heading ult-adjust-bottom-margin ultimate-heading-253169de325229af2 uvc-9753 \" data-hspacer=\"no_spacer\"  data-halign=\"left\" style=\"text-align:left\"><div class=\"uvc-heading-spacer no_spacer\" style=\"top\"><\/div><div class=\"uvc-main-heading ult-responsive\"  data-ultimate-target='.uvc-heading.ultimate-heading-253169de325229af2 h2'  data-responsive-json-new='{\"font-size\":\"\",\"line-height\":\"\"}' ><h2 style=\"font-weight:normal;\"><span class=\"ez-toc-section\" id=\"Haustierfreundliche_Hotels_in_Tabarca\"><\/span>Haustierfreundliche Hotels in Tabarca<span class=\"ez-toc-section-end\"><\/span><\/h2><\/div><div class=\"uvc-sub-heading ult-responsive\"  data-ultimate-target='.uvc-heading.ultimate-heading-253169de325229af2 .uvc-sub-heading '  data-responsive-json-new='{\"font-size\":\"\",\"line-height\":\"\"}'  style=\"font-weight:normal;\"><\/p>\n<p style=\"text-align: justify;\"><span style=\"font-weight: 400;\">Es gibt immer mehr Unterk\u00fcnfte, die Haustiere in ihren Einrichtungen zulassen, egal ob es sich um Herbergen oder Landh\u00e4user handelt. Unabh\u00e4ngig davon, f\u00fcr welche Art von Unterkunft Sie sich entscheiden, ist es wichtig, im Einzelfall zu pr\u00fcfen, wer Haustiere erlaubt. <\/span><\/p>\n<p><\/div><\/div>[vc_raw_html]PGRpdiBkYXRhLXNreXNjYW5uZXItd2lkZ2V0PSJIb3RlbFNlYXJjaFdpZGdldCIgZGF0YS1sb2NhbGU9ImVzLUVTIiBkYXRhLW1hcmtldD0iLmVzIiBkYXRhLWN1cnJlbmN5PSJFVSIgZGF0YS1jYW1wYWlnbi1pZD0iMTM0MTYiIGRhdGEtbWVkaWEtcGFydG5lci1pZD0iMzU5NjUwMCIgZGF0YS1hZC1pZD0iMTEwMzI2MSIgZGF0YS1idXR0b24tY29sb3VyPSIjOTgxMzViIiBkYXRhLWRlc3RpbmF0aW9uLW5hbWU9IlRhYmFyY2EiIGRhdGEtcmVzcG9uc2l2ZT0idHJ1ZSIgZGF0YS1mb250LWNvbG91cj0iIzk4MTM1YiIgZGF0YS1wb3dlcmVkLWJ5LWxvZ28tY29sb3VyPSJkYXJrIiBkYXRhLWlmcmFtZT0idHJ1ZSI+PC9kaXY+CjxzY3JpcHQgc3JjPSJodHRwczovL3dpZGdldHMuc2t5c2Nhbm5lci5uZXQvd2lkZ2V0LXNlcnZlci9qcy9sb2FkZXIuanMiIGFzeW5jPSIiPjwvc2NyaXB0Pg==[\/vc_raw_html][vc_empty_space height=&#8220;50px&#8220;][\/vc_column][\/vc_row]<\/p>\n<\/div>","protected":false},"excerpt":{"rendered":"<p>[vc_row][vc_column][vc_empty_space height=&#8220;50px&#8220;][vc_raw_html]PGRpdiBkYXRhLXNreXNjYW5uZXItd2lkZ2V0PSJIb3RlbFNlYXJjaFdpZGdldCIgZGF0YS1sb2NhbGU9ImVzLUVTIiBkYXRhLW1hcmtldD0iLmVzIiBkYXRhLWN1cnJlbmN5PSJFVSIgZGF0YS1jYW1wYWlnbi1pZD0iMTM0MTYiIGRhdGEtbWVkaWEtcGFydG5lci1pZD0iMzU5NjUwMCIgZGF0YS1hZC1pZD0iMTEwMzI2MSIgZGF0YS1idXR0b24tY29sb3VyPSIjOTgxMzViIiBkYXRhLWRlc3RpbmF0aW9uLW5hbWU9IlRhYmFyY2EiIGRhdGEtcmVzcG9uc2l2ZT0idHJ1ZSIgZGF0YS1mb250LWNvbG91cj0iIzk4MTM1YiIgZGF0YS1wb3dlcmVkLWJ5LWxvZ28tY29sb3VyPSJkYXJrIiBkYXRhLWlmcmFtZT0idHJ1ZSI+PC9kaXY+CjxzY3JpcHQgc3JjPSJodHRwczovL3dpZGdldHMuc2t5c2Nhbm5lci5uZXQvd2lkZ2V0LXNlcnZlci9qcy9sb2FkZXIuanMiIGFzeW5jPSIiPjwvc2NyaXB0Pg==[\/vc_raw_html][vc_empty_space height=&#8220;50px&#8220;][\/vc_column][\/vc_row][vc_row][vc_column][vc_raw_html]PGRpdiBkYXRhLXNreXNjYW5uZXItd2lkZ2V0PSJIb3RlbFNlYXJjaFdpZGdldCIgZGF0YS1sb2NhbGU9ImVzLUVTIiBkYXRhLW1hcmtldD0iLmVzIiBkYXRhLWN1cnJlbmN5PSJFVSIgZGF0YS1jYW1wYWlnbi1pZD0iMTM0MTYiIGRhdGEtbWVkaWEtcGFydG5lci1pZD0iMzU5NjUwMCIgZGF0YS1hZC1pZD0iMTEwMzI2MSIgZGF0YS1idXR0b24tY29sb3VyPSIjOTgxMzViIiBkYXRhLWRlc3RpbmF0aW9uLW5hbWU9IlRhYmFyY2EiIGRhdGEtcmVzcG9uc2l2ZT0idHJ1ZSIgZGF0YS1mb250LWNvbG91cj0iIzk4MTM1YiIgZGF0YS1wb3dlcmVkLWJ5LWxvZ28tY29sb3VyPSJkYXJrIiBkYXRhLWlmcmFtZT0idHJ1ZSI+PC9kaXY+CjxzY3JpcHQgc3JjPSJodHRwczovL3dpZGdldHMuc2t5c2Nhbm5lci5uZXQvd2lkZ2V0LXNlcnZlci9qcy9sb2FkZXIuanMiIGFzeW5jPSIiPjwvc2NyaXB0Pg==[\/vc_raw_html][vc_empty_space height=&#8220;50px&#8220;][vc_raw_html]PGRpdiBkYXRhLXNreXNjYW5uZXItd2lkZ2V0PSJIb3RlbFNlYXJjaFdpZGdldCIgZGF0YS1sb2NhbGU9ImVzLUVTIiBkYXRhLW1hcmtldD0iLmVzIiBkYXRhLWN1cnJlbmN5PSJFVSIgZGF0YS1jYW1wYWlnbi1pZD0iMTM0MTYiIGRhdGEtbWVkaWEtcGFydG5lci1pZD0iMzU5NjUwMCIgZGF0YS1hZC1pZD0iMTEwMzI2MSIgZGF0YS1idXR0b24tY29sb3VyPSIjOTgxMzViIiBkYXRhLWRlc3RpbmF0aW9uLW5hbWU9IlRhYmFyY2EiIGRhdGEtcmVzcG9uc2l2ZT0idHJ1ZSIgZGF0YS1mb250LWNvbG91cj0iIzk4MTM1YiIgZGF0YS1wb3dlcmVkLWJ5LWxvZ28tY29sb3VyPSJkYXJrIiBkYXRhLWlmcmFtZT0idHJ1ZSI+PC9kaXY+CjxzY3JpcHQgc3JjPSJodHRwczovL3dpZGdldHMuc2t5c2Nhbm5lci5uZXQvd2lkZ2V0LXNlcnZlci9qcy9sb2FkZXIuanMiIGFzeW5jPSIiPjwvc2NyaXB0Pg==[\/vc_raw_html][vc_empty_space height=&#8220;50px&#8220;][\/vc_column][\/vc_row]<\/p>\n","protected":false},"author":1,"featured_media":0,"parent":0,"menu_order":0,"comment_status":"closed","ping_status":"closed","template":"","meta":{"_joinchat":[],"footnotes":""},"class_list":["post-2105","page","type-page","status-publish","hentry","description-off"],"_links":{"self":[{"href":"https:\/\/laisladetabarca.com\/de\/wp-json\/wp\/v2\/pages\/2105","targetHints":{"allow":["GET"]}}],"collection":[{"href":"https:\/\/laisladetabarca.com\/de\/wp-json\/wp\/v2\/pages"}],"about":[{"href":"https:\/\/laisladetabarca.com\/de\/wp-json\/wp\/v2\/types\/page"}],"author":[{"embeddable":true,"href":"https:\/\/laisladetabarca.com\/de\/wp-json\/wp\/v2\/users\/1"}],"replies":[{"embeddable":true,"href":"https:\/\/laisladetabarca.com\/de\/wp-json\/wp\/v2\/comments?post=2105"}],"version-history":[{"count":0,"href":"https:\/\/laisladetabarca.com\/de\/wp-json\/wp\/v2\/pages\/2105\/revisions"}],"wp:attachment":[{"href":"https:\/\/laisladetabarca.com\/de\/wp-json\/wp\/v2\/media?parent=2105"}],"curies":[{"name":"wp","href":"https:\/\/api.w.org\/{rel}","templated":true}]}}